{"id":9969,"date":"2023-10-11T13:08:12","date_gmt":"2023-10-11T13:08:12","guid":{"rendered":"https:\/\/insulation.trocellen.com\/durabilite\/trocellens-lca-epd-certification\/"},"modified":"2024-07-30T08:00:07","modified_gmt":"2024-07-30T08:00:07","slug":"trocellens-lca-epd-certification","status":"publish","type":"page","link":"https:\/\/insulation.trocellen.com\/fr\/durabilite\/trocellens-lca-epd-certification\/","title":{"rendered":"La certification ACV\/DEP de Trocellen"},"content":{"rendered":"\n<p><em><em>La certification <strong>DEP <\/strong>(<strong>D<\/strong>\u00e9claration <strong>e<\/strong>nvironnementale de <strong>p<\/strong>roduit) est une d\u00e9claration standardis\u00e9e et volontaire qui d\u00e9crit l&rsquo;impact environnemental d&rsquo;un produit ou d&rsquo;un processus sur la base d&rsquo;une <strong>Analyse du cycle de vie (ACV)<\/strong> et certifi\u00e9e par une partie tierce. L&rsquo;\u00e9tude ACV est <strong>\u00e0 la base de nombreuses d\u00e9clarations environnementales<\/strong> et de durabilit\u00e9 utilis\u00e9es dans l&rsquo;industrie de la construction. (Pour un aper\u00e7u complet du syst\u00e8me, veuillez lire la suite).<\/em><\/em><\/p>\n\n\n\n<div class=\"wp-block-columns is-layout-flex wp-container-core-columns-is-layout-9d6595d7 wp-block-columns-is-layout-flex\">\n<div class=\"wp-block-column is-layout-flow wp-block-column-is-layout-flow\" style=\"flex-basis:66.66%\">\n<p style=\"font-size:19px\"><strong>Trocellen est le premier fabricant de mousse PE(*) \u00e0 obtenir la certification DEP pour ses produits<\/strong>, ce qui prouve l&rsquo;importance que la soci\u00e9t\u00e9 accorde aux aspects environnementaux. Le certificat rend non seulement l&#8217;empreinte \u00e9cologique de l&rsquo;entreprise explicite sur le march\u00e9, mais permet \u00e9galement aux produits de Trocellen d&rsquo;\u00eatre utilis\u00e9s dans les <strong>protocoles de construction \u00e9cologique dans toute l&rsquo;Europe<\/strong>.<\/p>\n\n\n\n<p style=\"font-size:12px\">(*) produisant de la mousse de poly\u00e9thyl\u00e8ne \u00e0 cellules ferm\u00e9es, dilat\u00e9e et r\u00e9ticul\u00e9e<\/p>\n<\/div>\n\n\n\n<div class=\"wp-block-column is-layout-flow wp-block-column-is-layout-flow\" style=\"flex-basis:33.33%\"><div class=\"wp-block-image\">\n<figure class=\"aligncenter size-full\"><img loading=\"lazy\" decoding=\"async\" width=\"245\" height=\"59\" src=\"https:\/\/insulation.trocellen.com\/wp-content\/uploads\/sites\/6\/2023\/10\/EPD-logo.png\" alt=\"\" class=\"wp-image-9895\" \/><\/figure>\n<\/div><\/div>\n<\/div>\n\n\n\n<p><strong>Trocellen <\/strong>a fait de la r\u00e9duction de son empreinte environnementale l&rsquo;un de ses objectifs strat\u00e9giques pour les ann\u00e9es \u00e0 venir. La premi\u00e8re \u00e9tape dans cette direction a \u00e9t\u00e9 l&rsquo;obtention de la <strong>certification DEP<\/strong> pour les cat\u00e9gories de produits suivantes :<\/p>\n\n\n\n<div class=\"wp-block-columns are-vertically-aligned-center is-layout-flex wp-container-core-columns-is-layout-9d6595d7 wp-block-columns-is-layout-flex\">\n<div class=\"wp-block-column is-vertically-aligned-center is-layout-flow wp-block-column-is-layout-flow\">\n<p class=\"nomargin\"><strong>Trocellen N <\/strong>(mousse fossile PE)<\/p>\n<\/div>\n\n\n\n<div class=\"wp-block-column is-vertically-aligned-center is-layout-flow wp-block-column-is-layout-flow\">\n<div class=\"wp-block-buttons large is-layout-flex wp-block-buttons-is-layout-flex\">\n<div class=\"wp-block-button large\"><a class=\"wp-block-button__link wp-element-button\" href=\"https:\/\/www.environdec.com\/library\/epd4713\" target=\"_blank\" rel=\"noreferrer noopener\">T\u00e9l\u00e9charger le rapport<\/a><\/div>\n<\/div>\n<\/div>\n<\/div>\n\n\n\n<div class=\"wp-block-columns are-vertically-aligned-center is-layout-flex wp-container-core-columns-is-layout-9d6595d7 wp-block-columns-is-layout-flex\">\n<div class=\"wp-block-column is-vertically-aligned-center is-layout-flow wp-block-column-is-layout-flow\">\n<p class=\"nomargin\"><strong>TROCELLEN TR-EECell\u00a0<\/strong>(Bio-mousse)<\/p>\n<\/div>\n\n\n\n<div class=\"wp-block-column is-vertically-aligned-center is-layout-flow wp-block-column-is-layout-flow\">\n<div class=\"wp-block-buttons large is-layout-flex wp-block-buttons-is-layout-flex\">\n<div class=\"wp-block-button large\"><a class=\"wp-block-button__link wp-element-button\" href=\"https:\/\/www.environdec.com\/library\/epd4715\" target=\"_blank\" rel=\"noreferrer noopener\">T\u00e9l\u00e9charger le rapport<\/a><\/div>\n<\/div>\n<\/div>\n<\/div>\n\n\n\n<div class=\"wp-block-columns are-vertically-aligned-center is-layout-flex wp-container-core-columns-is-layout-9d6595d7 wp-block-columns-is-layout-flex\">\n<div class=\"wp-block-column is-vertically-aligned-center is-layout-flow wp-block-column-is-layout-flow\">\n<p class=\"nomargin\"><strong>Trocellen Trosil\u00a0<\/strong>(mousse utilis\u00e9e pour l&rsquo;isolation acoustique dans les sous-couches de sols et de chapes)<\/p>\n<\/div>\n\n\n\n<div class=\"wp-block-column is-vertically-aligned-center is-layout-flow wp-block-column-is-layout-flow\">\n<div class=\"wp-block-buttons large is-layout-flex wp-block-buttons-is-layout-flex\">\n<div class=\"wp-block-button large\"><a class=\"wp-block-button__link wp-element-button\" href=\"https:\/\/www.environdec.com\/library\/epd4714\" target=\"_blank\" rel=\"noreferrer noopener\">T\u00e9l\u00e9charger le rapport<\/a><\/div>\n<\/div>\n<\/div>\n<\/div>\n\n\n\n<div class=\"wp-block-columns are-vertically-aligned-center is-layout-flex wp-container-core-columns-is-layout-9d6595d7 wp-block-columns-is-layout-flex\">\n<div class=\"wp-block-column is-vertically-aligned-center is-layout-flow wp-block-column-is-layout-flow\">\n<p class=\"nomargin\"><strong>Trocellen Class<\/strong> (mousse pour l&rsquo;isolation thermique des syst\u00e8mes HVAC)<\/p>\n<\/div>\n\n\n\n<div class=\"wp-block-column is-vertically-aligned-center is-layout-flow wp-block-column-is-layout-flow\">\n<div class=\"wp-block-buttons large is-layout-flex wp-container-core-buttons-is-layout-c07eda73 wp-block-buttons-is-layout-flex\">\n<div class=\"wp-block-button large\"><a class=\"wp-block-button__link wp-element-button\" href=\"https:\/\/www.environdec.com\/library\/epd4708\" target=\"_blank\" rel=\"noreferrer noopener\">T\u00e9l\u00e9charger le rapport<\/a><\/div>\n<\/div>\n<\/div>\n<\/div>\n\n\n\n<p>Les DEP sont \u00e9galement publi\u00e9s sur le portail international <em>Environdec <\/em>(<a href=\"https:\/\/www.environdec.com\/library\" target=\"_blank\" rel=\"noreferrer noopener\">https:\/\/www.environdec.com\/library<\/a>).<\/p>\n\n\n\n<p><em><em>Veuillez noter que les donn\u00e9es de la DEP sont exprim\u00e9es <strong>par m<sup>2<\/sup><\/strong> de produit.<\/em><\/em><\/p>\n\n\n\n<h2 class=\"wp-block-heading\"><strong>Que signifient les acronymes LCT, ACV et PCR ?<\/strong><\/h2>\n\n\n\n<p>Le secteur de la construction est responsable de plus de 30 % des \u00e9missions mondiales de CO<sub>2<\/sub>. Il est donc tout \u00e0 fait compr\u00e9hensible que les aspects de la durabilit\u00e9 doivent \u00eatre de plus en plus appliqu\u00e9s dans ce domaine \u00e9galement. L&rsquo;une des m\u00e9thodes utilis\u00e9es \u00e0 cet effet est ce que l&rsquo;on appelle la <strong>r\u00e9flexion sur le cycle de vie (Life Cycle Thinking &#8211; LCT &#8211; ou l\u2019\u00e9coconception)<\/strong>, c&rsquo;est-\u00e0-dire l&rsquo;approche que nous utilisons pour \u00e9valuer la durabilit\u00e9 environnementale, \u00e9conomique et sociale d&rsquo;un produit (et\/ou d&rsquo;un service), et qui a donn\u00e9 naissance au concept d&rsquo;<strong>Analyse du cycle de vie (Life Cycle Assessment &#8211; ACV)<\/strong>.<\/p>\n\n\n\n<div class=\"wp-block-columns is-layout-flex wp-container-core-columns-is-layout-9d6595d7 wp-block-columns-is-layout-flex\">\n<div class=\"wp-block-column is-layout-flow wp-block-column-is-layout-flow\" style=\"flex-basis:66.66%\">\n<p><span lang=\"EN-US\"><\/span>L&rsquo;ACV est une m\u00e9thode analytique et syst\u00e9matique qui utilise des indicateurs sp\u00e9cifiques pour \u00e9valuer l&#8217;empreinte environnementale d&rsquo;un processus (et\/ou d&rsquo;un service) tout au long de son cycle de vie. Ces indicateurs permettent une \u00e9valuation \u00e0 360\u00b0 de l&rsquo;impact environnemental.<\/p>\n\n\n\n<p>Ces indicateurs sont divis\u00e9s en 3 groupes principaux :<\/p>\n\n\n\n<ul class=\"wp-block-list\">\n<li><strong>Atmosph\u00e9rique<\/strong>, incluant la contribution \u00e0 la formation du trou d&rsquo;ozone ou l&rsquo;\u00e9mission de CO<sub>2<\/sub>.<\/li>\n\n\n\n<li><strong>Terrestre<\/strong>, identifiant l&rsquo;impact sur l&rsquo;utilisation des mati\u00e8res premi\u00e8res fossiles et non fossiles.<\/li>\n\n\n\n<li><strong>Aquatique<\/strong>, concernant la consommation ou la pollution des milieux aquatiques.<\/li>\n<\/ul>\n<\/div>\n\n\n\n<div class=\"wp-block-column is-layout-flow wp-block-column-is-layout-flow\" style=\"flex-basis:33.33%\">\n<figure class=\"wp-block-image size-full without-mask\"><img loading=\"lazy\" decoding=\"async\" width=\"250\" height=\"228\" src=\"https:\/\/insulation.trocellen.com\/wp-content\/uploads\/sites\/6\/2023\/10\/life-cycle-assessment.jpg\" alt=\"\" class=\"wp-image-9917\" \/><\/figure>\n<\/div>\n<\/div>\n\n\n\n<p>Les phases \u00e9valu\u00e9es dans l&rsquo;\u00e9tude ACV sont pr\u00e9sent\u00e9es ci-dessous de mani\u00e8re plus d\u00e9taill\u00e9e :<\/p>\n\n\n\n<figure class=\"wp-block-image size-full without-mask\"><img loading=\"lazy\" decoding=\"async\" width=\"770\" height=\"186\" src=\"https:\/\/insulation.trocellen.com\/wp-content\/uploads\/sites\/6\/2023\/10\/lca-study.jpg\" alt=\"\" class=\"wp-image-9909\" srcset=\"https:\/\/insulation.trocellen.com\/wp-content\/uploads\/sites\/6\/2023\/10\/lca-study.jpg 770w, https:\/\/insulation.trocellen.com\/wp-content\/uploads\/sites\/6\/2023\/10\/lca-study-300x72.jpg 300w, https:\/\/insulation.trocellen.com\/wp-content\/uploads\/sites\/6\/2023\/10\/lca-study-768x186.jpg 768w, https:\/\/insulation.trocellen.com\/wp-content\/uploads\/sites\/6\/2023\/10\/lca-study-570x138.jpg 570w, https:\/\/insulation.trocellen.com\/wp-content\/uploads\/sites\/6\/2023\/10\/lca-study-270x65.jpg 270w\" sizes=\"auto, (max-width: 770px) 100vw, 770px\" \/><\/figure>\n\n\n\n<p>Certaines de ces phases (ou toutes) sont \u00e9valu\u00e9es en fonction des R\u00e8gles relatives aux cat\u00e9gories de produits (ou <strong>PCR<\/strong> en anglais &#8211; <strong>P<\/strong>roduct <strong>C<\/strong>ategory <strong>R<\/strong>ules) auxquelles appartient l&rsquo;objet de l&rsquo;Analyse de cycle de vie (ACV). Dans le cas des produits Trocellen, les phases <em>A1-A2-A3-C2-C4<\/em> ont \u00e9t\u00e9 \u00e9tudi\u00e9es.<\/p>\n","protected":false},"excerpt":{"rendered":"<p>La certification DEP (D\u00e9claration environnementale de produit) est une d\u00e9claration standardis\u00e9e et volontaire qui d\u00e9crit l&rsquo;impact environnemental d&rsquo;un produit ou d&rsquo;un processus sur la base d&rsquo;une Analyse du cycle de vie (ACV) et certifi\u00e9e par une partie tierce. L&rsquo;\u00e9tude ACV est \u00e0 la base de nombreuses d\u00e9clarations environnementales et de durabilit\u00e9 utilis\u00e9es dans l&rsquo;industrie de [&hellip;]<\/p>\n","protected":false},"author":1,"featured_media":0,"parent":5716,"menu_order":150,"comment_status":"closed","ping_status":"closed","template":"","meta":{"_acf_changed":false,"footnotes":""},"class_list":["post-9969","page","type-page","status-publish","hentry"],"acf":[],"yoast_head":"<!-- This site is optimized with the Yoast SEO plugin v23.5 - https:\/\/yoast.com\/wordpress\/plugins\/seo\/ -->\n<title>La certification ACV\/DEP de Trocellen - Trocellen Insulation<\/title>\n<meta name=\"robots\" content=\"index, follow, max-snippet:-1, max-image-preview:large, max-video-preview:-1\" \/>\n<link rel=\"canonical\" href=\"https:\/\/insulation.trocellen.com\/fr\/durabilite\/trocellens-lca-epd-certification\/\" \/>\n<meta property=\"og:locale\" content=\"fr_FR\" \/>\n<meta property=\"og:type\" content=\"article\" \/>\n<meta property=\"og:title\" content=\"La certification ACV\/DEP de Trocellen - Trocellen Insulation\" \/>\n<meta property=\"og:description\" content=\"La certification DEP (D\u00e9claration environnementale de produit) est une d\u00e9claration standardis\u00e9e et volontaire qui d\u00e9crit l&rsquo;impact environnemental d&rsquo;un produit ou d&rsquo;un processus sur la base d&rsquo;une Analyse du cycle de vie (ACV) et certifi\u00e9e par une partie tierce. L&rsquo;\u00e9tude ACV est \u00e0 la base de nombreuses d\u00e9clarations environnementales et de durabilit\u00e9 utilis\u00e9es dans l&rsquo;industrie de [&hellip;]\" \/>\n<meta property=\"og:url\" content=\"https:\/\/insulation.trocellen.com\/fr\/durabilite\/trocellens-lca-epd-certification\/\" \/>\n<meta property=\"og:site_name\" content=\"Trocellen Insulation\" \/>\n<meta property=\"article:modified_time\" content=\"2024-07-30T08:00:07+00:00\" \/>\n<meta property=\"og:image\" content=\"https:\/\/insulation.trocellen.com\/wp-content\/uploads\/sites\/6\/2023\/10\/EPD-logo.png\" \/>\n<meta name=\"twitter:card\" content=\"summary_large_image\" \/>\n<meta name=\"twitter:label1\" content=\"Dur\u00e9e de lecture estim\u00e9e\" \/>\n\t<meta name=\"twitter:data1\" content=\"3 minutes\" \/>\n<script type=\"application\/ld+json\" class=\"yoast-schema-graph\">{\"@context\":\"https:\/\/schema.org\",\"@graph\":[{\"@type\":\"WebPage\",\"@id\":\"https:\/\/insulation.trocellen.com\/fr\/durabilite\/trocellens-lca-epd-certification\/\",\"url\":\"https:\/\/insulation.trocellen.com\/fr\/durabilite\/trocellens-lca-epd-certification\/\",\"name\":\"La certification ACV\/DEP de Trocellen - Trocellen Insulation\",\"isPartOf\":{\"@id\":\"https:\/\/insulation.trocellen.com\/fr\/#website\"},\"primaryImageOfPage\":{\"@id\":\"https:\/\/insulation.trocellen.com\/fr\/durabilite\/trocellens-lca-epd-certification\/#primaryimage\"},\"image\":{\"@id\":\"https:\/\/insulation.trocellen.com\/fr\/durabilite\/trocellens-lca-epd-certification\/#primaryimage\"},\"thumbnailUrl\":\"https:\/\/insulation.trocellen.com\/wp-content\/uploads\/sites\/6\/2023\/10\/EPD-logo.png\",\"datePublished\":\"2023-10-11T13:08:12+00:00\",\"dateModified\":\"2024-07-30T08:00:07+00:00\",\"breadcrumb\":{\"@id\":\"https:\/\/insulation.trocellen.com\/fr\/durabilite\/trocellens-lca-epd-certification\/#breadcrumb\"},\"inLanguage\":\"fr-FR\",\"potentialAction\":[{\"@type\":\"ReadAction\",\"target\":[\"https:\/\/insulation.trocellen.com\/fr\/durabilite\/trocellens-lca-epd-certification\/\"]}]},{\"@type\":\"ImageObject\",\"inLanguage\":\"fr-FR\",\"@id\":\"https:\/\/insulation.trocellen.com\/fr\/durabilite\/trocellens-lca-epd-certification\/#primaryimage\",\"url\":\"https:\/\/insulation.trocellen.com\/wp-content\/uploads\/sites\/6\/2023\/10\/EPD-logo.png\",\"contentUrl\":\"https:\/\/insulation.trocellen.com\/wp-content\/uploads\/sites\/6\/2023\/10\/EPD-logo.png\"},{\"@type\":\"BreadcrumbList\",\"@id\":\"https:\/\/insulation.trocellen.com\/fr\/durabilite\/trocellens-lca-epd-certification\/#breadcrumb\",\"itemListElement\":[{\"@type\":\"ListItem\",\"position\":1,\"name\":\"Home\",\"item\":\"https:\/\/insulation.trocellen.com\/fr\/\"},{\"@type\":\"ListItem\",\"position\":2,\"name\":\"Durabilit\u00e9\",\"item\":\"https:\/\/insulation.trocellen.com\/fr\/durabilite\/\"},{\"@type\":\"ListItem\",\"position\":3,\"name\":\"La certification ACV\/DEP de Trocellen\"}]},{\"@type\":\"WebSite\",\"@id\":\"https:\/\/insulation.trocellen.com\/fr\/#website\",\"url\":\"https:\/\/insulation.trocellen.com\/fr\/\",\"name\":\"Trocellen Insulation\",\"description\":\"\",\"potentialAction\":[{\"@type\":\"SearchAction\",\"target\":{\"@type\":\"EntryPoint\",\"urlTemplate\":\"https:\/\/insulation.trocellen.com\/fr\/?s={search_term_string}\"},\"query-input\":{\"@type\":\"PropertyValueSpecification\",\"valueRequired\":true,\"valueName\":\"search_term_string\"}}],\"inLanguage\":\"fr-FR\"}]}<\/script>\n<!-- \/ Yoast SEO plugin. -->","yoast_head_json":{"title":"La certification ACV\/DEP de Trocellen - Trocellen Insulation","robots":{"index":"index","follow":"follow","max-snippet":"max-snippet:-1","max-image-preview":"max-image-preview:large","max-video-preview":"max-video-preview:-1"},"canonical":"https:\/\/insulation.trocellen.com\/fr\/durabilite\/trocellens-lca-epd-certification\/","og_locale":"fr_FR","og_type":"article","og_title":"La certification ACV\/DEP de Trocellen - Trocellen Insulation","og_description":"La certification DEP (D\u00e9claration environnementale de produit) est une d\u00e9claration standardis\u00e9e et volontaire qui d\u00e9crit l&rsquo;impact environnemental d&rsquo;un produit ou d&rsquo;un processus sur la base d&rsquo;une Analyse du cycle de vie (ACV) et certifi\u00e9e par une partie tierce. L&rsquo;\u00e9tude ACV est \u00e0 la base de nombreuses d\u00e9clarations environnementales et de durabilit\u00e9 utilis\u00e9es dans l&rsquo;industrie de [&hellip;]","og_url":"https:\/\/insulation.trocellen.com\/fr\/durabilite\/trocellens-lca-epd-certification\/","og_site_name":"Trocellen Insulation","article_modified_time":"2024-07-30T08:00:07+00:00","og_image":[{"url":"https:\/\/insulation.trocellen.com\/wp-content\/uploads\/sites\/6\/2023\/10\/EPD-logo.png"}],"twitter_card":"summary_large_image","twitter_misc":{"Dur\u00e9e de lecture estim\u00e9e":"3 minutes"},"schema":{"@context":"https:\/\/schema.org","@graph":[{"@type":"WebPage","@id":"https:\/\/insulation.trocellen.com\/fr\/durabilite\/trocellens-lca-epd-certification\/","url":"https:\/\/insulation.trocellen.com\/fr\/durabilite\/trocellens-lca-epd-certification\/","name":"La certification ACV\/DEP de Trocellen - Trocellen Insulation","isPartOf":{"@id":"https:\/\/insulation.trocellen.com\/fr\/#website"},"primaryImageOfPage":{"@id":"https:\/\/insulation.trocellen.com\/fr\/durabilite\/trocellens-lca-epd-certification\/#primaryimage"},"image":{"@id":"https:\/\/insulation.trocellen.com\/fr\/durabilite\/trocellens-lca-epd-certification\/#primaryimage"},"thumbnailUrl":"https:\/\/insulation.trocellen.com\/wp-content\/uploads\/sites\/6\/2023\/10\/EPD-logo.png","datePublished":"2023-10-11T13:08:12+00:00","dateModified":"2024-07-30T08:00:07+00:00","breadcrumb":{"@id":"https:\/\/insulation.trocellen.com\/fr\/durabilite\/trocellens-lca-epd-certification\/#breadcrumb"},"inLanguage":"fr-FR","potentialAction":[{"@type":"ReadAction","target":["https:\/\/insulation.trocellen.com\/fr\/durabilite\/trocellens-lca-epd-certification\/"]}]},{"@type":"ImageObject","inLanguage":"fr-FR","@id":"https:\/\/insulation.trocellen.com\/fr\/durabilite\/trocellens-lca-epd-certification\/#primaryimage","url":"https:\/\/insulation.trocellen.com\/wp-content\/uploads\/sites\/6\/2023\/10\/EPD-logo.png","contentUrl":"https:\/\/insulation.trocellen.com\/wp-content\/uploads\/sites\/6\/2023\/10\/EPD-logo.png"},{"@type":"BreadcrumbList","@id":"https:\/\/insulation.trocellen.com\/fr\/durabilite\/trocellens-lca-epd-certification\/#breadcrumb","itemListElement":[{"@type":"ListItem","position":1,"name":"Home","item":"https:\/\/insulation.trocellen.com\/fr\/"},{"@type":"ListItem","position":2,"name":"Durabilit\u00e9","item":"https:\/\/insulation.trocellen.com\/fr\/durabilite\/"},{"@type":"ListItem","position":3,"name":"La certification ACV\/DEP de Trocellen"}]},{"@type":"WebSite","@id":"https:\/\/insulation.trocellen.com\/fr\/#website","url":"https:\/\/insulation.trocellen.com\/fr\/","name":"Trocellen Insulation","description":"","potentialAction":[{"@type":"SearchAction","target":{"@type":"EntryPoint","urlTemplate":"https:\/\/insulation.trocellen.com\/fr\/?s={search_term_string}"},"query-input":{"@type":"PropertyValueSpecification","valueRequired":true,"valueName":"search_term_string"}}],"inLanguage":"fr-FR"}]}},"_links":{"self":[{"href":"https:\/\/insulation.trocellen.com\/fr\/wp-json\/wp\/v2\/pages\/9969","targetHints":{"allow":["GET"]}}],"collection":[{"href":"https:\/\/insulation.trocellen.com\/fr\/wp-json\/wp\/v2\/pages"}],"about":[{"href":"https:\/\/insulation.trocellen.com\/fr\/wp-json\/wp\/v2\/types\/page"}],"author":[{"embeddable":true,"href":"https:\/\/insulation.trocellen.com\/fr\/wp-json\/wp\/v2\/users\/1"}],"replies":[{"embeddable":true,"href":"https:\/\/insulation.trocellen.com\/fr\/wp-json\/wp\/v2\/comments?post=9969"}],"version-history":[{"count":6,"href":"https:\/\/insulation.trocellen.com\/fr\/wp-json\/wp\/v2\/pages\/9969\/revisions"}],"predecessor-version":[{"id":10901,"href":"https:\/\/insulation.trocellen.com\/fr\/wp-json\/wp\/v2\/pages\/9969\/revisions\/10901"}],"up":[{"embeddable":true,"href":"https:\/\/insulation.trocellen.com\/fr\/wp-json\/wp\/v2\/pages\/5716"}],"wp:attachment":[{"href":"https:\/\/insulation.trocellen.com\/fr\/wp-json\/wp\/v2\/media?parent=9969"}],"curies":[{"name":"wp","href":"https:\/\/api.w.org\/{rel}","templated":true}]}}