{"id":5716,"date":"2023-01-30T14:57:00","date_gmt":"2023-01-30T14:57:00","guid":{"rendered":"https:\/\/insulation-new.trocellen.com\/sustainability\/"},"modified":"2023-11-20T12:40:16","modified_gmt":"2023-11-20T12:40:16","slug":"durabilite","status":"publish","type":"page","link":"https:\/\/insulation.trocellen.com\/fr\/durabilite\/","title":{"rendered":"Durabilit\u00e9"},"content":{"rendered":"\n<h2 class=\"wp-block-heading\">Qu\u2019est-ce qu\u2019on entend par durabilit\u00e9 \u00e0 la division Trocellen Insulation&nbsp;?<\/h2>\n\n\n\n<p>Trocellen se conforme aux tendances de l\u2019industrie et de la gouvernance en optimisant sa performance environnementale et son empreinte carbone prenant en compte l\u2019ensemble du cycle de vie et les d\u00e9fis sp\u00e9cifiques relatifs aux produits en plastique. Non seulement le contenu recycl\u00e9 et la recyclabilit\u00e9 sont en am\u00e9lioration continue, mais nous allons plus loin en d\u00e9finissant des principes d\u2019\u00e9coconception suppl\u00e9mentaires pour d\u00e9velopper nos produits de la meilleure qualit\u00e9 environnementale.<\/p>\n\n\n\n<p>Nous avons la responsabilit\u00e9 de reconna\u00eetre l\u2019importance de la durabilit\u00e9 des produits&nbsp;: nous sommes pleinement conscients de notre impact environnemental ainsi nous sommes \u00e9quip\u00e9s pour identifier les meilleures options pour r\u00e9duire notre empreinte sans transf\u00e9rer les charges environnementales entre les phases du cycle de vie et les compartiments de l\u2019environnement.<\/p>\n\n\n\n<p>Le cycle de vie du produit est optimis\u00e9 depuis l\u2019extraction des mati\u00e8res premi\u00e8res jusqu\u2019\u00e0 la fabrication, y compris la conception, la s\u00e9lection des mati\u00e8res premi\u00e8res, la fabrication, l\u2019emballage et souvent m\u00eame le transport.<\/p>\n\n\n\n<p>La division Trocellen Insulation fait preuve de son engagement envers la durabilit\u00e9 de plusieurs fa\u00e7ons. Les syst\u00e8mes, les produits et les mati\u00e8res premi\u00e8res sont support\u00e9s par uneconformit\u00e9 aux syst\u00e8mes d\u2019\u00e9valuation \u00e9cologiques externes avec une port\u00e9e \u00e9lev\u00e9e de l\u2019\u00e9conomie d\u2019\u00e9nergie durable pour le secteur du b\u00e2timent et de la construction.<\/p>\n\n\n\n<h2 class=\"wp-block-heading\">Les produits Trocellen: <\/h2>\n\n\n\n<ul class=\"wp-block-list\">\n<li>sont \u00e0 cellules ferm\u00e9es ainsi ils sont r\u00e9sistants \u00e0 la condensation<\/li>\n\n\n\n<li>promeuvent la r\u00e9duction des \u00e9missions de CO<sub>2<\/sub> par la longue dur\u00e9e de vie des produits et que l\u2019isolement permet d\u2019\u00e9conomiser de l\u2019\u00e9nergie pendant la phase d\u2019utilisation<\/li>\n\n\n\n<li>contribuent \u00e0 la protection de la sant\u00e9 humaine en \u00e9tant exempts de fibres, r\u00e9sistants aux champignons et aux bact\u00e9ries et d\u00e9gageant des fum\u00e9es d\u2019une faible toxicit\u00e9 sans \u00e9missions de COV<\/li>\n<\/ul>\n\n\n\n<h2 class=\"wp-block-heading\">Solutions durables sp\u00e9ciales:<\/h2>\n\n\n\n<p><\/p>\n\n\n\n<div class=\"wp-block-columns is-layout-flex wp-container-core-columns-is-layout-9d6595d7 wp-block-columns-is-layout-flex\">\n<div class=\"wp-block-column is-layout-flow wp-block-column-is-layout-flow\">\n<p class=\"has-text-align-center\"><img loading=\"lazy\" decoding=\"async\" width=\"78\" height=\"86\" class=\"wp-image-9110\" style=\"width: 78px;\" src=\"https:\/\/insulation.trocellen.com\/wp-content\/uploads\/sites\/6\/2023\/06\/treecell.jpg\" alt=\"\"><\/p>\n<\/div>\n\n\n\n<div class=\"wp-block-column is-layout-flow wp-block-column-is-layout-flow\">\n<p><a href=\"https:\/\/trocellen.com\/fr\/materiaux-technologies\/solutions-durables-signees-trocellen\/tr-eecell-pe-reticule-avec-granules-dorigine-bio\/\" target=\"_blank\" rel=\"noreferrer noopener\">TR-EECELL mousse XL-PE \u00c0 BASE BIOLOGIQUE<\/a><\/p>\n<\/div>\n\n\n\n<div class=\"wp-block-column is-layout-flow wp-block-column-is-layout-flow\">\n<p>Mousse en poly\u00e9thyl\u00e8ne r\u00e9ticul\u00e9, \u00e0 base biologique reconnue par certification DIN&nbsp;CERTCO<\/p>\n<\/div>\n<\/div>\n\n\n\n<div class=\"wp-block-columns is-layout-flex wp-container-core-columns-is-layout-9d6595d7 wp-block-columns-is-layout-flex\">\n<div class=\"wp-block-column is-layout-flow wp-block-column-is-layout-flow\">\n<p class=\"has-text-align-center\"><img loading=\"lazy\" decoding=\"async\" width=\"136\" height=\"80\" class=\"wp-image-9116\" style=\"width: 136px;\" src=\"https:\/\/insulation.trocellen.com\/wp-content\/uploads\/sites\/6\/2023\/06\/trochips.jpg\" alt=\"\"><\/p>\n<\/div>\n\n\n\n<div class=\"wp-block-column is-layout-flow wp-block-column-is-layout-flow\">\n<p><a href=\"https:\/\/trocellen.com\/fr\/materiaux-technologies\/solutions-durables-signees-trocellen\/tro-chips\/\" target=\"_blank\" rel=\"noreferrer noopener\">MOUSSE R\u00c9UTILIS\u00c9E\u00a0: TRO-CHIPS<\/a><\/p>\n<\/div>\n\n\n\n<div class=\"wp-block-column is-layout-flow wp-block-column-is-layout-flow\">\n<p>Les m\u00e9langes de mousses PE broy\u00e9es multifonctionnels de Trocellen sont constitu\u00e9s de pi\u00e8ces de mousse de qualit\u00e9 \u2013 fabriqu\u00e9s pour diverses applications.<\/p>\n<\/div>\n<\/div>\n\n\n\n<div class=\"wp-block-columns is-layout-flex wp-container-core-columns-is-layout-9d6595d7 wp-block-columns-is-layout-flex\">\n<div class=\"wp-block-column is-layout-flow wp-block-column-is-layout-flow\">\n<p class=\"has-text-align-center\"><img loading=\"lazy\" decoding=\"async\" width=\"143\" height=\"84\" class=\"wp-image-9104\" style=\"width: 143px;\" src=\"https:\/\/insulation.trocellen.com\/wp-content\/uploads\/sites\/6\/2023\/06\/recycled.jpg\" alt=\"\"><\/p>\n<\/div>\n\n\n\n<div class=\"wp-block-column is-layout-flow wp-block-column-is-layout-flow\">\n<p>Poly\u00e9thyl\u00e8ne recycl\u00e9<\/p>\n<\/div>\n\n\n\n<div class=\"wp-block-column is-layout-flow wp-block-column-is-layout-flow\">\n<p>Contenu en PE recycl\u00e9 provenant de sources autoris\u00e9es<\/p>\n<\/div>\n<\/div>\n\n\n\n<div class=\"wp-block-columns is-layout-flex wp-container-core-columns-is-layout-9d6595d7 wp-block-columns-is-layout-flex\">\n<div class=\"wp-block-column is-layout-flow wp-block-column-is-layout-flow\">\n<p class=\"has-text-align-center\"><img loading=\"lazy\" decoding=\"async\" width=\"141\" height=\"82\" class=\"wp-image-9098\" style=\"width: 141px;\" src=\"https:\/\/insulation.trocellen.com\/wp-content\/uploads\/sites\/6\/2023\/06\/mass-balance.jpg\" alt=\"\"><\/p>\n<\/div>\n\n\n\n<div class=\"wp-block-column is-layout-flow wp-block-column-is-layout-flow\">\n<p>% \u00e0 base biologique selon l\u2019approche du bilan massique<\/p>\n<\/div>\n\n\n\n<div class=\"wp-block-column is-layout-flow wp-block-column-is-layout-flow\">\n<p>Contenu \u00e0 base biologique du PE certifi\u00e9 par les d\u00e9clarations ISCC du bilan massique.<\/p>\n<\/div>\n<\/div>\n\n\n\n<h2 class=\"wp-block-heading\">Conformit\u00e9 de Trocellen aux syst\u00e8mes de gestion \u00e9cologiques<\/h2>\n\n\n\n<div style=\"height:50px\" aria-hidden=\"true\" class=\"wp-block-spacer\"><\/div>\n\n\n\n<div class=\"wp-block-columns is-layout-flex wp-container-core-columns-is-layout-9d6595d7 wp-block-columns-is-layout-flex\">\n<div class=\"wp-block-column is-layout-flow wp-block-column-is-layout-flow\">\n<p class=\"has-text-align-center\"><img loading=\"lazy\" decoding=\"async\" width=\"84\" height=\"84\" class=\"wp-image-9180\" style=\"width: 84px;\" src=\"https:\/\/insulation.trocellen.com\/wp-content\/uploads\/sites\/6\/2023\/06\/leed-and-well.jpg\" alt=\"\"><\/p>\n<\/div>\n\n\n\n<div class=\"wp-block-column is-layout-flow wp-block-column-is-layout-flow\">\n<p><a href=\"\/fr\/durabilite\/leed-well\/\">LEED et WELL<\/a><\/p>\n<\/div>\n\n\n\n<div class=\"wp-block-column is-layout-flow wp-block-column-is-layout-flow\">\n<p>Les produits de Trocellen Insulation sont reconnus par les certifications LEED et WELL avec des cr\u00e9dits\/points.<\/p>\n<\/div>\n<\/div>\n\n\n\n<div class=\"wp-block-columns is-layout-flex wp-container-core-columns-is-layout-9d6595d7 wp-block-columns-is-layout-flex\">\n<div class=\"wp-block-column is-layout-flow wp-block-column-is-layout-flow\">\n<p class=\"has-text-align-center\"><img loading=\"lazy\" decoding=\"async\" width=\"150\" height=\"37\" class=\"wp-image-9168\" style=\"width: 150px;\" src=\"https:\/\/insulation.trocellen.com\/wp-content\/uploads\/sites\/6\/2023\/06\/epd.jpg\" alt=\"\"><\/p>\n<\/div>\n\n\n\n<div class=\"wp-block-column is-layout-flow wp-block-column-is-layout-flow\">\n<p>ACV \/ DEP<\/p>\n<\/div>\n\n\n\n<div class=\"wp-block-column is-layout-flow wp-block-column-is-layout-flow\">\n<p>Les produits d\u2019isolation thermique et acoustique de Trocellen sont reconnus par la certification DEP sur la base de l\u2019\u00e9tude ACV men\u00e9e conform\u00e9ment \u00e0 ISO:14025<\/p>\n<\/div>\n<\/div>\n\n\n\n<div class=\"wp-block-columns is-layout-flex wp-container-core-columns-is-layout-9d6595d7 wp-block-columns-is-layout-flex\">\n<div class=\"wp-block-column is-layout-flow wp-block-column-is-layout-flow\">\n<p class=\"has-text-align-center\"><img loading=\"lazy\" decoding=\"async\" width=\"131\" height=\"77\" class=\"wp-image-9156\" style=\"width: 131px;\" src=\"https:\/\/insulation.trocellen.com\/wp-content\/uploads\/sites\/6\/2023\/06\/cam.jpg\" alt=\"\"><\/p>\n<\/div>\n\n\n\n<div class=\"wp-block-column is-layout-flow wp-block-column-is-layout-flow\">\n<p><a href=\"\/fr\/durabilite\/cam\/\">CAM<\/a><\/p>\n<\/div>\n\n\n\n<div class=\"wp-block-column is-layout-flow wp-block-column-is-layout-flow\">\n<p>Les produits d\u2019isolation thermique et acoustique de TROCELLEN sont conformes \u00e0 la norme \u00e9cologique italienne CAM relative aux constructions de b\u00e2timents publics et priv\u00e9s.<\/p>\n<\/div>\n<\/div>\n\n\n\n<div class=\"wp-block-columns is-layout-flex wp-container-core-columns-is-layout-9d6595d7 wp-block-columns-is-layout-flex\">\n<div class=\"wp-block-column is-layout-flow wp-block-column-is-layout-flow\">\n<p class=\"has-text-align-center\"><img loading=\"lazy\" decoding=\"async\" width=\"99\" height=\"111\" class=\"wp-image-9162\" style=\"width: 99px;\" src=\"https:\/\/insulation.trocellen.com\/wp-content\/uploads\/sites\/6\/2023\/06\/din.jpg\" alt=\"\"><\/p>\n<\/div>\n\n\n\n<div class=\"wp-block-column is-layout-flow wp-block-column-is-layout-flow\">\n<p>DIN CERTCO<\/p>\n<\/div>\n\n\n\n<div class=\"wp-block-column is-layout-flow wp-block-column-is-layout-flow\">\n<p>PE contenant du carbone non fossile dans les produits TR-EECell.<\/p>\n<\/div>\n<\/div>\n\n\n\n<div class=\"wp-block-columns is-layout-flex wp-container-core-columns-is-layout-9d6595d7 wp-block-columns-is-layout-flex\">\n<div class=\"wp-block-column is-layout-flow wp-block-column-is-layout-flow\">\n<p class=\"has-text-align-center\"><img loading=\"lazy\" decoding=\"async\" width=\"107\" height=\"107\" class=\"wp-image-9174\" style=\"width: 107px;\" src=\"https:\/\/insulation.trocellen.com\/wp-content\/uploads\/sites\/6\/2023\/06\/iscc.jpg\" alt=\"\"><\/p>\n<\/div>\n\n\n\n<div class=\"wp-block-column is-layout-flow wp-block-column-is-layout-flow\">\n<p>ISCC<\/p>\n<\/div>\n\n\n\n<div class=\"wp-block-column is-layout-flow wp-block-column-is-layout-flow\">\n<p>Certification de bilan massique du contenu de PE \u00e0 base biologique \u2013 usines Trocellen Italia SPA Caponago.<\/p>\n<\/div>\n<\/div>\n\n\n\n<div class=\"wp-block-buttons is-content-justification-center is-layout-flex wp-container-core-buttons-is-layout-16018d1d wp-block-buttons-is-layout-flex\">\n<div class=\"wp-block-button large\"><a class=\"wp-block-button__link wp-element-button\" href=\"\/fr\/formulaire-de-contact\/\">Pour en savoir plus, contactez-nous<\/a><\/div>\n<\/div>\n\n\n\n<h2 class=\"wp-block-heading\">Trocellen \u2013 grand groupe avec une strat\u00e9gie solide<\/h2>\n\n\n\n<p>La responsabilit\u00e9 sociale des entreprises, la d\u00e9carbonisation et les produits respectueux de l\u2019environnement constituent des \u00e9l\u00e9ments cl\u00e9s de la strat\u00e9gie du groupe Trocellen. Trocellen est une grande entreprise qui produit des mousses polym\u00e8res pour plusieurs secteurs y compris l\u2019isolation, l\u2019automobile, l\u2019emballage, le sport, les chaussures, les gazons synth\u00e9tiques, etc. Ainsi le d\u00e9veloppement et l\u2019\u00e9coconception de la division Isolation sont r\u00e9alis\u00e9s en concertation continue avec d\u2019autres experts et divisions du groupe. L\u2019environnement international, dou\u00e9 et cr\u00e9atif de l\u2019entreprise permet d\u2019assurer des bases solides et engag\u00e9es vu que l\u2019ensemble du groupe est fort d\u00e9vou\u00e9 pour apporter des solutions durables. Trocellen s\u2019est fix\u00e9 entre autres les objectifs suivants&nbsp;:<\/p>\n\n\n\n<ul class=\"wp-block-list\">\n<li>100&nbsp;% d\u2019\u00e9lectricit\u00e9 renouvelable en 2025<\/li>\n\n\n\n<li>100&nbsp;% des nouveaux produits provenant d\u2019un processus de conception \u00e0 base \u00e9cologique en 2030<\/li>\n\n\n\n<li>Z\u00e9ro d\u00e9chet de production en 2030<\/li>\n\n\n\n<li>Neutralit\u00e9 carbone en 2050<\/li>\n<\/ul>\n\n\n\n<p><a href=\"https:\/\/trocellen.com\/fr\/durabilite\/ceo-message\/\" target=\"_blank\" rel=\"noreferrer noopener\">Plus d\u2019informations sur la Strat\u00e9gie de durabilit\u00e9 compl\u00e8te de TROCELLEN<\/a><\/p>\n","protected":false},"excerpt":{"rendered":"<p>Qu\u2019est-ce qu\u2019on entend par durabilit\u00e9 \u00e0 la division Trocellen Insulation&nbsp;? Trocellen se conforme aux tendances de l\u2019industrie et de la gouvernance en optimisant sa performance environnementale et son empreinte carbone prenant en compte l\u2019ensemble du cycle de vie et les d\u00e9fis sp\u00e9cifiques relatifs aux produits en plastique. Non seulement le contenu recycl\u00e9 et la recyclabilit\u00e9 [&hellip;]<\/p>\n","protected":false},"author":1,"featured_media":0,"parent":0,"menu_order":500,"comment_status":"closed","ping_status":"closed","template":"","meta":{"_acf_changed":false,"footnotes":""},"class_list":["post-5716","page","type-page","status-publish","hentry"],"acf":[],"yoast_head":"<!-- This site is optimized with the Yoast SEO plugin v23.5 - https:\/\/yoast.com\/wordpress\/plugins\/seo\/ -->\n<title>Engagement de Trocellen Insulation envers la durabilit\u00e9.<\/title>\n<meta name=\"description\" content=\"Nos produits sont conformes aux syst\u00e8mes d\u2019\u00e9valuation \u00e9cologiques pour des \u00e9conomies d\u2019\u00e9nergie durables dans le secteur du b\u00e2timent et de la construction.\" \/>\n<meta name=\"robots\" content=\"index, follow, max-snippet:-1, max-image-preview:large, max-video-preview:-1\" \/>\n<link rel=\"canonical\" href=\"https:\/\/insulation.trocellen.com\/fr\/durabilite\/\" \/>\n<meta property=\"og:locale\" content=\"fr_FR\" \/>\n<meta property=\"og:type\" content=\"article\" \/>\n<meta property=\"og:title\" content=\"Engagement de Trocellen Insulation envers la durabilit\u00e9.\" \/>\n<meta property=\"og:description\" content=\"Nos produits sont conformes aux syst\u00e8mes d\u2019\u00e9valuation \u00e9cologiques pour des \u00e9conomies d\u2019\u00e9nergie durables dans le secteur du b\u00e2timent et de la construction.\" \/>\n<meta property=\"og:url\" content=\"https:\/\/insulation.trocellen.com\/fr\/durabilite\/\" \/>\n<meta property=\"og:site_name\" content=\"Trocellen Insulation\" \/>\n<meta property=\"article:modified_time\" content=\"2023-11-20T12:40:16+00:00\" \/>\n<meta property=\"og:image\" content=\"https:\/\/insulation.trocellen.com\/wp-content\/uploads\/sites\/6\/2023\/06\/treecell.jpg\" \/>\n<meta name=\"twitter:card\" content=\"summary_large_image\" \/>\n<meta name=\"twitter:label1\" content=\"Dur\u00e9e de lecture estim\u00e9e\" \/>\n\t<meta name=\"twitter:data1\" content=\"5 minutes\" \/>\n<script type=\"application\/ld+json\" class=\"yoast-schema-graph\">{\"@context\":\"https:\/\/schema.org\",\"@graph\":[{\"@type\":\"WebPage\",\"@id\":\"https:\/\/insulation.trocellen.com\/fr\/durabilite\/\",\"url\":\"https:\/\/insulation.trocellen.com\/fr\/durabilite\/\",\"name\":\"Engagement de Trocellen Insulation envers la durabilit\u00e9.\",\"isPartOf\":{\"@id\":\"https:\/\/insulation.trocellen.com\/fr\/#website\"},\"primaryImageOfPage\":{\"@id\":\"https:\/\/insulation.trocellen.com\/fr\/durabilite\/#primaryimage\"},\"image\":{\"@id\":\"https:\/\/insulation.trocellen.com\/fr\/durabilite\/#primaryimage\"},\"thumbnailUrl\":\"https:\/\/insulation.trocellen.com\/wp-content\/uploads\/sites\/6\/2023\/06\/treecell.jpg\",\"datePublished\":\"2023-01-30T14:57:00+00:00\",\"dateModified\":\"2023-11-20T12:40:16+00:00\",\"description\":\"Nos produits sont conformes aux syst\u00e8mes d\u2019\u00e9valuation \u00e9cologiques pour des \u00e9conomies d\u2019\u00e9nergie durables dans le secteur du b\u00e2timent et de la construction.\",\"breadcrumb\":{\"@id\":\"https:\/\/insulation.trocellen.com\/fr\/durabilite\/#breadcrumb\"},\"inLanguage\":\"fr-FR\",\"potentialAction\":[{\"@type\":\"ReadAction\",\"target\":[\"https:\/\/insulation.trocellen.com\/fr\/durabilite\/\"]}]},{\"@type\":\"ImageObject\",\"inLanguage\":\"fr-FR\",\"@id\":\"https:\/\/insulation.trocellen.com\/fr\/durabilite\/#primaryimage\",\"url\":\"https:\/\/insulation.trocellen.com\/wp-content\/uploads\/sites\/6\/2023\/06\/treecell.jpg\",\"contentUrl\":\"https:\/\/insulation.trocellen.com\/wp-content\/uploads\/sites\/6\/2023\/06\/treecell.jpg\"},{\"@type\":\"BreadcrumbList\",\"@id\":\"https:\/\/insulation.trocellen.com\/fr\/durabilite\/#breadcrumb\",\"itemListElement\":[{\"@type\":\"ListItem\",\"position\":1,\"name\":\"Home\",\"item\":\"https:\/\/insulation.trocellen.com\/fr\/\"},{\"@type\":\"ListItem\",\"position\":2,\"name\":\"Durabilit\u00e9\"}]},{\"@type\":\"WebSite\",\"@id\":\"https:\/\/insulation.trocellen.com\/fr\/#website\",\"url\":\"https:\/\/insulation.trocellen.com\/fr\/\",\"name\":\"Trocellen Insulation\",\"description\":\"\",\"potentialAction\":[{\"@type\":\"SearchAction\",\"target\":{\"@type\":\"EntryPoint\",\"urlTemplate\":\"https:\/\/insulation.trocellen.com\/fr\/?s={search_term_string}\"},\"query-input\":{\"@type\":\"PropertyValueSpecification\",\"valueRequired\":true,\"valueName\":\"search_term_string\"}}],\"inLanguage\":\"fr-FR\"}]}<\/script>\n<!-- \/ Yoast SEO plugin. -->","yoast_head_json":{"title":"Engagement de Trocellen Insulation envers la durabilit\u00e9.","description":"Nos produits sont conformes aux syst\u00e8mes d\u2019\u00e9valuation \u00e9cologiques pour des \u00e9conomies d\u2019\u00e9nergie durables dans le secteur du b\u00e2timent et de la construction.","robots":{"index":"index","follow":"follow","max-snippet":"max-snippet:-1","max-image-preview":"max-image-preview:large","max-video-preview":"max-video-preview:-1"},"canonical":"https:\/\/insulation.trocellen.com\/fr\/durabilite\/","og_locale":"fr_FR","og_type":"article","og_title":"Engagement de Trocellen Insulation envers la durabilit\u00e9.","og_description":"Nos produits sont conformes aux syst\u00e8mes d\u2019\u00e9valuation \u00e9cologiques pour des \u00e9conomies d\u2019\u00e9nergie durables dans le secteur du b\u00e2timent et de la construction.","og_url":"https:\/\/insulation.trocellen.com\/fr\/durabilite\/","og_site_name":"Trocellen Insulation","article_modified_time":"2023-11-20T12:40:16+00:00","og_image":[{"url":"https:\/\/insulation.trocellen.com\/wp-content\/uploads\/sites\/6\/2023\/06\/treecell.jpg"}],"twitter_card":"summary_large_image","twitter_misc":{"Dur\u00e9e de lecture estim\u00e9e":"5 minutes"},"schema":{"@context":"https:\/\/schema.org","@graph":[{"@type":"WebPage","@id":"https:\/\/insulation.trocellen.com\/fr\/durabilite\/","url":"https:\/\/insulation.trocellen.com\/fr\/durabilite\/","name":"Engagement de Trocellen Insulation envers la durabilit\u00e9.","isPartOf":{"@id":"https:\/\/insulation.trocellen.com\/fr\/#website"},"primaryImageOfPage":{"@id":"https:\/\/insulation.trocellen.com\/fr\/durabilite\/#primaryimage"},"image":{"@id":"https:\/\/insulation.trocellen.com\/fr\/durabilite\/#primaryimage"},"thumbnailUrl":"https:\/\/insulation.trocellen.com\/wp-content\/uploads\/sites\/6\/2023\/06\/treecell.jpg","datePublished":"2023-01-30T14:57:00+00:00","dateModified":"2023-11-20T12:40:16+00:00","description":"Nos produits sont conformes aux syst\u00e8mes d\u2019\u00e9valuation \u00e9cologiques pour des \u00e9conomies d\u2019\u00e9nergie durables dans le secteur du b\u00e2timent et de la construction.","breadcrumb":{"@id":"https:\/\/insulation.trocellen.com\/fr\/durabilite\/#breadcrumb"},"inLanguage":"fr-FR","potentialAction":[{"@type":"ReadAction","target":["https:\/\/insulation.trocellen.com\/fr\/durabilite\/"]}]},{"@type":"ImageObject","inLanguage":"fr-FR","@id":"https:\/\/insulation.trocellen.com\/fr\/durabilite\/#primaryimage","url":"https:\/\/insulation.trocellen.com\/wp-content\/uploads\/sites\/6\/2023\/06\/treecell.jpg","contentUrl":"https:\/\/insulation.trocellen.com\/wp-content\/uploads\/sites\/6\/2023\/06\/treecell.jpg"},{"@type":"BreadcrumbList","@id":"https:\/\/insulation.trocellen.com\/fr\/durabilite\/#breadcrumb","itemListElement":[{"@type":"ListItem","position":1,"name":"Home","item":"https:\/\/insulation.trocellen.com\/fr\/"},{"@type":"ListItem","position":2,"name":"Durabilit\u00e9"}]},{"@type":"WebSite","@id":"https:\/\/insulation.trocellen.com\/fr\/#website","url":"https:\/\/insulation.trocellen.com\/fr\/","name":"Trocellen Insulation","description":"","potentialAction":[{"@type":"SearchAction","target":{"@type":"EntryPoint","urlTemplate":"https:\/\/insulation.trocellen.com\/fr\/?s={search_term_string}"},"query-input":{"@type":"PropertyValueSpecification","valueRequired":true,"valueName":"search_term_string"}}],"inLanguage":"fr-FR"}]}},"_links":{"self":[{"href":"https:\/\/insulation.trocellen.com\/fr\/wp-json\/wp\/v2\/pages\/5716","targetHints":{"allow":["GET"]}}],"collection":[{"href":"https:\/\/insulation.trocellen.com\/fr\/wp-json\/wp\/v2\/pages"}],"about":[{"href":"https:\/\/insulation.trocellen.com\/fr\/wp-json\/wp\/v2\/types\/page"}],"author":[{"embeddable":true,"href":"https:\/\/insulation.trocellen.com\/fr\/wp-json\/wp\/v2\/users\/1"}],"replies":[{"embeddable":true,"href":"https:\/\/insulation.trocellen.com\/fr\/wp-json\/wp\/v2\/comments?post=5716"}],"version-history":[{"count":11,"href":"https:\/\/insulation.trocellen.com\/fr\/wp-json\/wp\/v2\/pages\/5716\/revisions"}],"predecessor-version":[{"id":10183,"href":"https:\/\/insulation.trocellen.com\/fr\/wp-json\/wp\/v2\/pages\/5716\/revisions\/10183"}],"wp:attachment":[{"href":"https:\/\/insulation.trocellen.com\/fr\/wp-json\/wp\/v2\/media?parent=5716"}],"curies":[{"name":"wp","href":"https:\/\/api.w.org\/{rel}","templated":true}]}}