{"id":5192,"date":"2021-04-23T11:30:49","date_gmt":"2021-04-23T11:30:49","guid":{"rendered":"https:\/\/insulation-new.trocellen.com\/cam\/"},"modified":"2025-03-13T14:09:11","modified_gmt":"2025-03-13T14:09:11","slug":"cam","status":"publish","type":"page","link":"https:\/\/insulation.trocellen.com\/fr\/durabilite\/cam\/","title":{"rendered":"CAM"},"content":{"rendered":"\n<h1 class=\"wp-block-heading has-text-align-center has-text-color\" style=\"color:#4ea346\">CAM<\/h1>\n\n\n\n<h3 class=\"wp-block-heading has-text-align-center has-text-color\" style=\"color:#216c83\"><strong>Crit\u00e8res environnementaux minimaux en Italie<\/strong><\/h3>\n\n\n\n<ul class=\"wp-block-list\">\n<li>Les <strong>CAM<\/strong> (crit\u00e8res environnementaux minimaux) des b\u00e2timents consistent d\u2019un ensemble de crit\u00e8res visant \u00e0 am\u00e9liorer la durabilit\u00e9 environnementale conform\u00e9ment \u00e0 l\u2019arr\u00eat\u00e9 minist\u00e9riel publi\u00e9 par le gouvernement italien le 11&nbsp;octobre&nbsp;2017.<\/li>\n\n\n\n<li>Les <strong>CAM<\/strong> font partie du plan europ\u00e9en des march\u00e9s publics \u00e9cologiques (MPE) visant \u00e0 r\u00e9duire la consommation des administrations publiques. Ainsi, ils sont principalement destin\u00e9s aux march\u00e9s publics.<\/li>\n\n\n\n<li>Les <strong>CAM<\/strong> sont \u00e9galement appliqu\u00e9s dans le secteur de la construction priv\u00e9e conform\u00e9ment au d\u00e9cret l\u00e9gislatif DL&nbsp;34\/2020 (\u00ab&nbsp;Decreto rilancio&nbsp;\u00bb) comprenant le \u00ab&nbsp;Superbonus&nbsp;110&nbsp;%&nbsp;\u00bb.<\/li>\n<\/ul>\n\n\n\n<p>Les produits de Trocellen se conformant aux CAM peuvent \u00eatre utilis\u00e9s et install\u00e9s dans des projets de construction publics et priv\u00e9s faisant l\u2019objet d\u2019une demande du Superbonus&nbsp;110&nbsp;%.<\/p>\n\n\n\n<div class=\"wp-block-buttons is-content-justification-center is-layout-flex wp-container-core-buttons-is-layout-16018d1d wp-block-buttons-is-layout-flex\">\n<div class=\"wp-block-button large scroll-item\"><a class=\"wp-block-button__link wp-element-button\" href=\"#news\">Pour en savoir plus<\/a><\/div>\n<\/div>\n\n\n\n<div style=\"height:60px\" aria-hidden=\"true\" class=\"wp-block-spacer\"><\/div>\n\n\n\n<h2 class=\"wp-block-heading\">CRIT\u00c8RES ENVIRONNEMENTAUX MINIMAUX POUR LA CONSTRUCTION&nbsp;: CAM<\/h2>\n\n\n\n<h3 class=\"wp-block-heading\"><strong>CAM \u2013 ORGANISMES PUBLICS<\/strong><\/h3>\n\n\n\n<p>Les crit\u00e8res environnementaux minimaux des b\u00e2timents (selon l\u2019arr\u00eat\u00e9 minist\u00e9riel publi\u00e9 par le gouvernement italien le 11&nbsp;octobre&nbsp;2017) font partie int\u00e9grante du plan europ\u00e9en des march\u00e9s publics \u00e9cologiques (MPE) visant \u00e0 am\u00e9liorer constamment la durabilit\u00e9 environnementale et \u00e0 r\u00e9duire la consommation des administrations publiques.<\/p>\n\n\n\n<p>Les CAM doivent \u00eatre inclus par l\u2019adjudicateur public comme crit\u00e8res suppl\u00e9mentaires pour r\u00e9duire l\u2019impact des b\u00e2timents sur l\u2019environnement dans les cahiers des charges.<\/p>\n\n\n\n<p>La conformit\u00e9 \u00e0 ces crit\u00e8res est ainsi contr\u00f4l\u00e9e pour chaque projet de construction public.<\/p>\n\n\n\n<h3 class=\"wp-block-heading\">CAM \u2013 SUPERBONUS 110%<\/h3>\n\n\n\n<p>Les crit\u00e8res environnementaux minimaux ont \u00e9galement \u00e9t\u00e9 \u00e9tendus au secteur de la construction priv\u00e9e par le \u00ab&nbsp;Decreto Rilancio&nbsp;2020&nbsp;\u00bb. Une exigence sp\u00e9cifique relative \u00e0 la conformit\u00e9 des mat\u00e9riaux d\u2019isolation aux CAM a \u00e9t\u00e9 pr\u00e9vue dans l\u2019article&nbsp;119 du d\u00e9cret l\u00e9gislatif DL&nbsp;34\/2020 (\u00ab&nbsp;Decreto Rilancio&nbsp;\u00bb) converti plus tard en l\u00e9gislation formelle par la loi&nbsp;77\/2020.<\/p>\n\n\n\n<p>Les crit\u00e8res environnementaux minimaux s\u2019appliquent aux isolants utilis\u00e9s pour assurer l\u2019isolation thermique des surfaces opaques (faisant partie des \u00ab&nbsp;mesures primaires&nbsp;\u00bb). Les mat\u00e9riaux d\u2019isolation ne sont pas requis de se conformer aux CAM pour d\u2019autres mesures couvertes par le Superbonus&nbsp;110&nbsp;% comme les mesures primaires pour am\u00e9liorer l\u2019efficacit\u00e9 des usines et les mesures secondaires pour accro\u00eetre l\u2019efficacit\u00e9 \u00e9nerg\u00e9tique.<\/p>\n\n\n\n<h3 class=\"wp-block-heading\">CONFORMIT\u00c9 DES PRODUITS TROCELLEN AUX CAM<\/h3>\n\n\n\n<p>La conformit\u00e9 aux CAM comprend diff\u00e9rents crit\u00e8res en fonction de la cat\u00e9gorie de produit. Trocellen Isolation propose des solutions et des produits pour l\u2019isolation thermique et sonore. Il existe des crit\u00e8res sp\u00e9cifiques pour ce type de mat\u00e9riaux (vis\u00e9s \u00e0 l\u2019article&nbsp;2.4.2.9) qui s\u2019ajoutent aux crit\u00e8res g\u00e9n\u00e9raux communs \u00e0 tous les mat\u00e9riaux utilis\u00e9s (relatifs aux \u00ab&nbsp;substances dangereuses&nbsp;\u00bb par exemple). L\u2019analyse men\u00e9e par Trocellen pouvant \u00eatre t\u00e9l\u00e9charg\u00e9e ci-contre fait preuve de la conformit\u00e9 de la gamme de produits mentionn\u00e9e.<\/p>\n\n\n\n<p>Veuillez noter que cela correspond \u00e0 la conformit\u00e9 aux crit\u00e8res environnementaux minimaux en g\u00e9n\u00e9ral sans pour autant attester la conformit\u00e9 \u00e0 un certificat sp\u00e9cifique ou \u00e0 la certification aux CAM. Il n\u2019existe aucun certificat concret attestant la conformit\u00e9 des produits aux CAM.<\/p>\n\n\n\n<p>En fait, chaque cat\u00e9gorie de produits doit r\u00e9pondre \u00e0 des crit\u00e8res sp\u00e9cifiques et une \u00e9valuation pr\u00e9cise de ceux-ci doit \u00eatre effectu\u00e9e.<\/p>\n\n\n\n<p><strong>Cette approche int\u00e9gr\u00e9e a \u00e9t\u00e9 suivie par le document CAM de Trocellen ce qui signifie que les produits de Trocellen se conformant aux CAM peuvent \u00eatre utilis\u00e9s et install\u00e9s dans des projets de construction publics auxquels ces crit\u00e8res sont appliqu\u00e9s.<\/strong><strong><\/strong><\/p>\n\n\n\n<div class=\"wp-block-columns is-layout-flex wp-container-core-columns-is-layout-9d6595d7 wp-block-columns-is-layout-flex\">\n<div class=\"wp-block-column is-layout-flow wp-block-column-is-layout-flow\" style=\"flex-basis:66.66%\">\n<div class=\"wp-block-buttons is-content-justification-center is-layout-flex wp-container-core-buttons-is-layout-16018d1d wp-block-buttons-is-layout-flex\">\n<div class=\"wp-block-button full\"><a class=\"wp-block-button__link wp-element-button\" href=\"https:\/\/insulation.trocellen.com\/wp-content\/uploads\/sites\/6\/2025\/03\/Dichiarazione-CAM_TC-I_2023.pdf\" target=\"_blank\" rel=\"noreferrer noopener\"><strong>T\u00e9l\u00e9charger le document CAM de Trocellen<\/strong><\/a><\/div>\n<\/div>\n<\/div>\n\n\n\n<div class=\"wp-block-column is-layout-flow wp-block-column-is-layout-flow\" style=\"flex-basis:33.33%\">\n<div class=\"wp-block-buttons is-content-justification-center is-layout-flex wp-container-core-buttons-is-layout-16018d1d wp-block-buttons-is-layout-flex\">\n<div class=\"wp-block-button full scroll-item\"><a class=\"wp-block-button__link wp-element-button\" href=\"#contact-form-container\"><strong>Contactez-nous<\/strong><\/a><\/div>\n<\/div>\n<\/div>\n<\/div>\n","protected":false},"excerpt":{"rendered":"<p>CAM Crit\u00e8res environnementaux minimaux en Italie Les produits de Trocellen se conformant aux CAM peuvent \u00eatre utilis\u00e9s et install\u00e9s dans des projets de construction publics et priv\u00e9s faisant l\u2019objet d\u2019une demande du Superbonus&nbsp;110&nbsp;%. CRIT\u00c8RES ENVIRONNEMENTAUX MINIMAUX POUR LA CONSTRUCTION&nbsp;: CAM CAM \u2013 ORGANISMES PUBLICS Les crit\u00e8res environnementaux minimaux des b\u00e2timents (selon l\u2019arr\u00eat\u00e9 minist\u00e9riel publi\u00e9 par [&hellip;]<\/p>\n","protected":false},"author":1,"featured_media":8777,"parent":5716,"menu_order":200,"comment_status":"closed","ping_status":"closed","template":"templates\/cam.php","meta":{"_acf_changed":false,"footnotes":""},"class_list":["post-5192","page","type-page","status-publish","has-post-thumbnail","hentry"],"acf":[],"yoast_head":"<!-- This site is optimized with the Yoast SEO plugin v23.5 - https:\/\/yoast.com\/wordpress\/plugins\/seo\/ -->\n<title>Les CAM\u00a0italiens sont un ensemble de crit\u00e8res pour b\u00e2timents<\/title>\n<meta name=\"description\" content=\"Les produits Trocellen conformes aux CAM peuvent \u00eatre utilis\u00e9s dans des projets de construction faisant l\u2019objet d\u2019une demande du Superbonus 110\u00a0% en Italie\" \/>\n<meta name=\"robots\" content=\"index, follow, max-snippet:-1, max-image-preview:large, max-video-preview:-1\" \/>\n<link rel=\"canonical\" href=\"https:\/\/insulation.trocellen.com\/fr\/durabilite\/cam\/\" \/>\n<meta property=\"og:locale\" content=\"fr_FR\" \/>\n<meta property=\"og:type\" content=\"article\" \/>\n<meta property=\"og:title\" content=\"Les CAM\u00a0italiens sont un ensemble de crit\u00e8res pour b\u00e2timents\" \/>\n<meta property=\"og:description\" content=\"Les produits Trocellen conformes aux CAM peuvent \u00eatre utilis\u00e9s dans des projets de construction faisant l\u2019objet d\u2019une demande du Superbonus 110\u00a0% en Italie\" \/>\n<meta property=\"og:url\" content=\"https:\/\/insulation.trocellen.com\/fr\/durabilite\/cam\/\" \/>\n<meta property=\"og:site_name\" content=\"Trocellen Insulation\" \/>\n<meta property=\"article:modified_time\" content=\"2025-03-13T14:09:11+00:00\" \/>\n<meta property=\"og:image\" content=\"https:\/\/insulation.trocellen.com\/wp-content\/uploads\/sites\/6\/2023\/05\/CAM-fejlec.jpg\" \/>\n\t<meta property=\"og:image:width\" content=\"1920\" \/>\n\t<meta property=\"og:image:height\" content=\"300\" \/>\n\t<meta property=\"og:image:type\" content=\"image\/jpeg\" \/>\n<meta name=\"twitter:card\" content=\"summary_large_image\" \/>\n<meta name=\"twitter:label1\" content=\"Dur\u00e9e de lecture estim\u00e9e\" \/>\n\t<meta name=\"twitter:data1\" content=\"3 minutes\" \/>\n<script type=\"application\/ld+json\" class=\"yoast-schema-graph\">{\"@context\":\"https:\/\/schema.org\",\"@graph\":[{\"@type\":\"WebPage\",\"@id\":\"https:\/\/insulation.trocellen.com\/fr\/durabilite\/cam\/\",\"url\":\"https:\/\/insulation.trocellen.com\/fr\/durabilite\/cam\/\",\"name\":\"Les CAM\u00a0italiens sont un ensemble de crit\u00e8res pour b\u00e2timents\",\"isPartOf\":{\"@id\":\"https:\/\/insulation.trocellen.com\/fr\/#website\"},\"primaryImageOfPage\":{\"@id\":\"https:\/\/insulation.trocellen.com\/fr\/durabilite\/cam\/#primaryimage\"},\"image\":{\"@id\":\"https:\/\/insulation.trocellen.com\/fr\/durabilite\/cam\/#primaryimage\"},\"thumbnailUrl\":\"https:\/\/insulation.trocellen.com\/wp-content\/uploads\/sites\/6\/2023\/05\/CAM-fejlec.jpg\",\"datePublished\":\"2021-04-23T11:30:49+00:00\",\"dateModified\":\"2025-03-13T14:09:11+00:00\",\"description\":\"Les produits Trocellen conformes aux CAM peuvent \u00eatre utilis\u00e9s dans des projets de construction faisant l\u2019objet d\u2019une demande du Superbonus 110\u00a0% en Italie\",\"breadcrumb\":{\"@id\":\"https:\/\/insulation.trocellen.com\/fr\/durabilite\/cam\/#breadcrumb\"},\"inLanguage\":\"fr-FR\",\"potentialAction\":[{\"@type\":\"ReadAction\",\"target\":[\"https:\/\/insulation.trocellen.com\/fr\/durabilite\/cam\/\"]}]},{\"@type\":\"ImageObject\",\"inLanguage\":\"fr-FR\",\"@id\":\"https:\/\/insulation.trocellen.com\/fr\/durabilite\/cam\/#primaryimage\",\"url\":\"https:\/\/insulation.trocellen.com\/wp-content\/uploads\/sites\/6\/2023\/05\/CAM-fejlec.jpg\",\"contentUrl\":\"https:\/\/insulation.trocellen.com\/wp-content\/uploads\/sites\/6\/2023\/05\/CAM-fejlec.jpg\",\"width\":1920,\"height\":300},{\"@type\":\"BreadcrumbList\",\"@id\":\"https:\/\/insulation.trocellen.com\/fr\/durabilite\/cam\/#breadcrumb\",\"itemListElement\":[{\"@type\":\"ListItem\",\"position\":1,\"name\":\"Home\",\"item\":\"https:\/\/insulation.trocellen.com\/fr\/\"},{\"@type\":\"ListItem\",\"position\":2,\"name\":\"Durabilit\u00e9\",\"item\":\"https:\/\/insulation.trocellen.com\/fr\/durabilite\/\"},{\"@type\":\"ListItem\",\"position\":3,\"name\":\"CAM\"}]},{\"@type\":\"WebSite\",\"@id\":\"https:\/\/insulation.trocellen.com\/fr\/#website\",\"url\":\"https:\/\/insulation.trocellen.com\/fr\/\",\"name\":\"Trocellen Insulation\",\"description\":\"\",\"potentialAction\":[{\"@type\":\"SearchAction\",\"target\":{\"@type\":\"EntryPoint\",\"urlTemplate\":\"https:\/\/insulation.trocellen.com\/fr\/?s={search_term_string}\"},\"query-input\":{\"@type\":\"PropertyValueSpecification\",\"valueRequired\":true,\"valueName\":\"search_term_string\"}}],\"inLanguage\":\"fr-FR\"}]}<\/script>\n<!-- \/ Yoast SEO plugin. -->","yoast_head_json":{"title":"Les CAM\u00a0italiens sont un ensemble de crit\u00e8res pour b\u00e2timents","description":"Les produits Trocellen conformes aux CAM peuvent \u00eatre utilis\u00e9s dans des projets de construction faisant l\u2019objet d\u2019une demande du Superbonus 110\u00a0% en Italie","robots":{"index":"index","follow":"follow","max-snippet":"max-snippet:-1","max-image-preview":"max-image-preview:large","max-video-preview":"max-video-preview:-1"},"canonical":"https:\/\/insulation.trocellen.com\/fr\/durabilite\/cam\/","og_locale":"fr_FR","og_type":"article","og_title":"Les CAM\u00a0italiens sont un ensemble de crit\u00e8res pour b\u00e2timents","og_description":"Les produits Trocellen conformes aux CAM peuvent \u00eatre utilis\u00e9s dans des projets de construction faisant l\u2019objet d\u2019une demande du Superbonus 110\u00a0% en Italie","og_url":"https:\/\/insulation.trocellen.com\/fr\/durabilite\/cam\/","og_site_name":"Trocellen Insulation","article_modified_time":"2025-03-13T14:09:11+00:00","og_image":[{"width":1920,"height":300,"url":"https:\/\/insulation.trocellen.com\/wp-content\/uploads\/sites\/6\/2023\/05\/CAM-fejlec.jpg","type":"image\/jpeg"}],"twitter_card":"summary_large_image","twitter_misc":{"Dur\u00e9e de lecture estim\u00e9e":"3 minutes"},"schema":{"@context":"https:\/\/schema.org","@graph":[{"@type":"WebPage","@id":"https:\/\/insulation.trocellen.com\/fr\/durabilite\/cam\/","url":"https:\/\/insulation.trocellen.com\/fr\/durabilite\/cam\/","name":"Les CAM\u00a0italiens sont un ensemble de crit\u00e8res pour b\u00e2timents","isPartOf":{"@id":"https:\/\/insulation.trocellen.com\/fr\/#website"},"primaryImageOfPage":{"@id":"https:\/\/insulation.trocellen.com\/fr\/durabilite\/cam\/#primaryimage"},"image":{"@id":"https:\/\/insulation.trocellen.com\/fr\/durabilite\/cam\/#primaryimage"},"thumbnailUrl":"https:\/\/insulation.trocellen.com\/wp-content\/uploads\/sites\/6\/2023\/05\/CAM-fejlec.jpg","datePublished":"2021-04-23T11:30:49+00:00","dateModified":"2025-03-13T14:09:11+00:00","description":"Les produits Trocellen conformes aux CAM peuvent \u00eatre utilis\u00e9s dans des projets de construction faisant l\u2019objet d\u2019une demande du Superbonus 110\u00a0% en Italie","breadcrumb":{"@id":"https:\/\/insulation.trocellen.com\/fr\/durabilite\/cam\/#breadcrumb"},"inLanguage":"fr-FR","potentialAction":[{"@type":"ReadAction","target":["https:\/\/insulation.trocellen.com\/fr\/durabilite\/cam\/"]}]},{"@type":"ImageObject","inLanguage":"fr-FR","@id":"https:\/\/insulation.trocellen.com\/fr\/durabilite\/cam\/#primaryimage","url":"https:\/\/insulation.trocellen.com\/wp-content\/uploads\/sites\/6\/2023\/05\/CAM-fejlec.jpg","contentUrl":"https:\/\/insulation.trocellen.com\/wp-content\/uploads\/sites\/6\/2023\/05\/CAM-fejlec.jpg","width":1920,"height":300},{"@type":"BreadcrumbList","@id":"https:\/\/insulation.trocellen.com\/fr\/durabilite\/cam\/#breadcrumb","itemListElement":[{"@type":"ListItem","position":1,"name":"Home","item":"https:\/\/insulation.trocellen.com\/fr\/"},{"@type":"ListItem","position":2,"name":"Durabilit\u00e9","item":"https:\/\/insulation.trocellen.com\/fr\/durabilite\/"},{"@type":"ListItem","position":3,"name":"CAM"}]},{"@type":"WebSite","@id":"https:\/\/insulation.trocellen.com\/fr\/#website","url":"https:\/\/insulation.trocellen.com\/fr\/","name":"Trocellen Insulation","description":"","potentialAction":[{"@type":"SearchAction","target":{"@type":"EntryPoint","urlTemplate":"https:\/\/insulation.trocellen.com\/fr\/?s={search_term_string}"},"query-input":{"@type":"PropertyValueSpecification","valueRequired":true,"valueName":"search_term_string"}}],"inLanguage":"fr-FR"}]}},"_links":{"self":[{"href":"https:\/\/insulation.trocellen.com\/fr\/wp-json\/wp\/v2\/pages\/5192","targetHints":{"allow":["GET"]}}],"collection":[{"href":"https:\/\/insulation.trocellen.com\/fr\/wp-json\/wp\/v2\/pages"}],"about":[{"href":"https:\/\/insulation.trocellen.com\/fr\/wp-json\/wp\/v2\/types\/page"}],"author":[{"embeddable":true,"href":"https:\/\/insulation.trocellen.com\/fr\/wp-json\/wp\/v2\/users\/1"}],"replies":[{"embeddable":true,"href":"https:\/\/insulation.trocellen.com\/fr\/wp-json\/wp\/v2\/comments?post=5192"}],"version-history":[{"count":8,"href":"https:\/\/insulation.trocellen.com\/fr\/wp-json\/wp\/v2\/pages\/5192\/revisions"}],"predecessor-version":[{"id":11123,"href":"https:\/\/insulation.trocellen.com\/fr\/wp-json\/wp\/v2\/pages\/5192\/revisions\/11123"}],"up":[{"embeddable":true,"href":"https:\/\/insulation.trocellen.com\/fr\/wp-json\/wp\/v2\/pages\/5716"}],"wp:featuredmedia":[{"embeddable":true,"href":"https:\/\/insulation.trocellen.com\/fr\/wp-json\/wp\/v2\/media\/8777"}],"wp:attachment":[{"href":"https:\/\/insulation.trocellen.com\/fr\/wp-json\/wp\/v2\/media?parent=5192"}],"curies":[{"name":"wp","href":"https:\/\/api.w.org\/{rel}","templated":true}]}}