{"id":4940,"date":"2023-01-27T10:07:50","date_gmt":"2023-01-27T10:07:50","guid":{"rendered":"https:\/\/insulation-new.trocellen.com\/applications\/trocellen-class-train\/"},"modified":"2024-04-09T12:08:16","modified_gmt":"2024-04-09T12:08:16","slug":"chemin-de-fer","status":"publish","type":"page","link":"https:\/\/insulation.trocellen.com\/fr\/applications\/chemin-de-fer\/","title":{"rendered":"Chemin de fer"},"content":{"rendered":"\n<p>TROCELLEN CLASS TRAIN est la gamme de produits certifi\u00e9e destin\u00e9e \u00e0 l\u2019industrie ferroviaire. Le produit est fabriqu\u00e9 en mousse poly\u00e9thyl\u00e8ne chimiquement r\u00e9ticul\u00e9e \u00e0 cellules ferm\u00e9es, stratifi\u00e9 d\u2019un c\u00f4t\u00e9 sur une feuille en aluminium. Le produit est disponible en rouleaux adh\u00e9sifs d\u2019une \u00e9paisseur de 3&nbsp;\u00e0 40&nbsp;mm.<\/p>\n\n\n\n<p>TROCELLEN CLASS TRAIN est certifi\u00e9 en cat\u00e9gorie R1 HL3, selon la norme EN 45545-2&nbsp;\u00ab&nbsp;Protection contre les incendies dans les v\u00e9hicules ferroviaires Partie 2&nbsp;: Exigences du comportement au feu des mat\u00e9riaux et des composants&nbsp;\u00bb. La norme EN&nbsp;45545 d\u00e9finit les exigences des mat\u00e9riaux et des composants \u00e0 installer dans des v\u00e9hicules ferroviaires dans le but d\u2019assurer la protection des passagers et du personnel en cas d\u2019incendie \u00e0 bord. Les normes susmentionn\u00e9es introduisent le concept du niveau de risque d\u2019un v\u00e9hicule (HL1, HL2 et HL3 en fonction de l\u2019accroissement du risque), compos\u00e9 de deux \u00e9l\u00e9ments&nbsp;: la cat\u00e9gorie d\u2019exploitation (OC) et la cat\u00e9gorie de conception, associ\u00e9e au type de mat\u00e9riel roulant.<\/p>\n\n\n\n<h3 class=\"wp-block-heading\">NIVEAU DE RISQUE<\/h3>\n\n\n<table class=\"green-table\" cellspacing=\"0\" cellpadding=\"0\" border=\"0\">\n<tbody>\n<tr>\n<th>&nbsp;<\/th>\n<th style=\"text-align: center\" colspan=\"4\"><strong> CAT\u00c9GORIES DE CONCEPTION<\/strong><\/th>\n<\/tr>\n<tr>\n<th>CAT\u00c9GORIE D\u2019EXPLOITATION (OC)<\/th>\n<th style=\"text-align: center\" valign=\"top\"><strong>N<\/strong><br \/>V\u00e9hicules standards<\/th>\n<th style=\"text-align: center\" valign=\"top\"><strong>A<\/strong><br \/>V\u00e9hicule constituant<br \/>un train automatique sans personnel de bord form\u00e9 pour les proc\u00e9dures d\u2019urgence<\/th>\n<th style=\"text-align: center\" valign=\"top\"><strong>D<\/strong><br \/>V\u00e9hicules \u00e0 deux niveaux<\/th>\n<th style=\"text-align: center\" valign=\"top\"><strong>S<\/strong><br \/>V\u00e9hicules \u00e0 places<br \/>couch\u00e9es<\/th>\n<\/tr>\n<tr>\n<td><strong>OC 1<\/strong> <br \/>Des infrastructures o\u00f9 les v\u00e9hicules ferroviaires peuvent \u00eatre arr\u00eat\u00e9s dans un d\u00e9lai minimum et o\u00f9 une zone de s\u00e9curit\u00e9 est toujours imm\u00e9diatement accessible<\/td>\n<td style=\"text-align: center\">HL1<\/td>\n<td style=\"text-align: center\">HL1<\/td>\n<td style=\"text-align: center\">HL1<\/td>\n<td style=\"text-align: center\">HL2<\/td>\n<\/tr>\n<tr>\n<td><strong>OC 2<\/strong> <br \/>Des sections souterraines, dans des tunnels et\/ou des structures sur\u00e9lev\u00e9es, avec une \u00e9vacuation lat\u00e9rale possible et o\u00f9 il y a une gare ou une station de secours, accessible apr\u00e8s un court temps de circulation et qui offrent une zone de s\u00e9curit\u00e9 aux passagers<\/td>\n<td style=\"text-align: center\">HL2<\/td>\n<td style=\"text-align: center\">HL2<\/td>\n<td style=\"text-align: center\">HL2<\/td>\n<td style=\"text-align: center\">HL2<\/td>\n<\/tr>\n<tr>\n<td><strong>OC 3<\/strong> <br \/>Des sections souterraines, dans des tunnels et\/ou des structures sur\u00e9lev\u00e9es, avec une \u00e9vacuation lat\u00e9rale possible et o\u00f9 il y a une gare ou une station de secours, accessible apr\u00e8s un long temps de circulation et qui offrent une zone de s\u00e9curit\u00e9 aux passagers<\/td>\n<td style=\"text-align: center\">HL2<\/td>\n<td style=\"text-align: center\">HL2<\/td>\n<td style=\"text-align: center\">HL2<\/td>\n<td style=\"text-align: center\">HL3<\/td>\n<\/tr>\n<tr>\n<td><strong>OC 4<\/strong> <br \/>Des sections souterraines, dans des tunnels et\/ou des structures sur\u00e9lev\u00e9es, sans \u00e9vacuation lat\u00e9rale possible et o\u00f9 il y a une gare ou une station de secours, accessible apr\u00e8s un court temps de circulation et qui offrent une zone de s\u00e9curit\u00e9 aux passagers<\/td>\n<td style=\"text-align: center\">HL3<\/td>\n<td style=\"text-align: center\">HL3<\/td>\n<td style=\"text-align: center\">HL3<\/td>\n<td style=\"text-align: center\">HL3<\/td>\n<\/tr>\n<\/tbody>\n<\/table>\n\n\n<p>En fonction du type de produit \u00e0 installer et de sa position \u00e0 l\u2019int\u00e9rieur du v\u00e9hicule ferroviaire, la norme EN&nbsp;45545-2 d\u00e9finit 26&nbsp;exigences \u00e0 respecter&nbsp;: R1 est l\u2019exigence sp\u00e9cifique relative aux mat\u00e9riaux isolants.<\/p>\n\n\n\n<p>Les essais \u00e0 r\u00e9aliser, les param\u00e8tres d\u2019\u00e9valuation et les valeurs \u00e0 respecter sont d\u00e9finis pour chaque exigence conform\u00e9ment aux niveaux de risque correspondants (de HL1 \u00e0 HL3).<\/p>\n\n\n\n<h3 class=\"wp-block-heading\">EXIGENCES RELATIVES AUX MAT\u00c9RIAUX D\u00c9FINIES POUR R1<\/h3>\n\n\n<table class=\"green-table\" cellspacing=\"0\" cellpadding=\"0\" border=\"0\">\n<tbody>\n<tr>\n<th style=\"text-align: center\"><strong>R1: <\/strong><\/th>\n<th style=\"text-align: center\">R\u00e9f\u00e9rence de la m\u00e9thode d\u2019essai<\/th>\n<th style=\"text-align: center\">Param\u00e8tre et unit\u00e9<\/th>\n<th style=\"text-align: center\">Maximum ou minimum<\/th>\n<th style=\"text-align: center\"><strong>HL1<\/strong><\/th>\n<th style=\"text-align: center\"><strong>HL2<\/strong><\/th>\n<th style=\"text-align: center\"><strong>HL3<\/strong><\/th>\n<\/tr>\n<tr>\n<td rowspan=\"5\"><strong>IN11<\/strong> \u2013 Surfaces verticales int\u00e9rieures (parois, cloisons, portes, fen\u00eatres, mat\u00e9riaux isolants, surfaces int\u00e9rieures de cuisines\u2026)<br \/><strong>IN1B<\/strong> \u2013 Surfaces horizontales int\u00e9rieures orient\u00e9es vers le bas (panneaux de plafonds, mat\u00e9riaux isolants\u2026)<br \/><strong>IN1D<\/strong> \u2013 Surfaces int\u00e9rieures dans des cavit\u00e9s (horizontales ou verticales) <br \/><strong>IN1E<\/strong> \u2013 Surfaces ext\u00e9rieures des enceintes contenant des \u00e9quipements techniques (\u00e0 l\u2019int\u00e9rieur de la structure de caisse)<br \/><strong>IN4<\/strong> \u2013 Zones de stockage des bagages<br \/><strong>IN5<\/strong> \u2013 \u2013 Pupitre de conduite (panneaux et surfaces du pupitre de conduite)<br \/><strong>IN6A<\/strong> \u2013 Surfaces int\u00e9rieures des intercirculations (c\u00f4t\u00e9 int\u00e9rieur de la membrane d\u2019intercirculation, rev\u00eatement int\u00e9rieur d\u2019intercirculation)<br \/><strong>IN7 <\/strong>\u2013 Cadres de fen\u00eatre (y compris les enduits et les joints d\u2019\u00e9tanch\u00e9it\u00e9)<br \/><strong>IN8 <\/strong>\u2013 Rideaux et stores dans l\u2019espace voyageur et dans l\u2019espace du personnel de bord, compartiments du personnel de bord<br \/><strong>IN9B<\/strong> \u2013&nbsp;Tables, dessous des tables rabattables <br \/><strong>IN11<\/strong> \u2013 Poubelles et cendriers <br \/><strong>IN12A<\/strong> \u2013&nbsp;Gaines d\u2019air \u2013 Surfaces int\u00e9rieures <br \/><strong>IN12B<\/strong> \u2013&nbsp;Gaines d\u2019air \u2013 Surfaces ext\u00e9rieures <br \/><strong>IN14 <\/strong>\u2013 \u00c9quipements d\u2019information voyageurs (\u00e9crans d\u2019informations situ\u00e9s dans les espaces voyageurs)<br \/><strong>F5 <\/strong>\u2013 Surface inf\u00e9rieure des couchettes et lits<\/td>\n<td style=\"text-align: center\">T02 <br \/>ISO 5658-2<\/td>\n<td style=\"text-align: center\">CFE <br \/>kW\/m\u00b2<\/td>\n<td style=\"text-align: center\">Minimum<\/td>\n<td style=\"text-align: center\">20*<\/td>\n<td style=\"text-align: center\">20*<\/td>\n<td style=\"text-align: center\">20*<\/td>\n<\/tr>\n<tr>\n<td style=\"text-align: center\">T03.01 <br \/>ISO 5660-1: 50 kW\/m\u00b2<\/td>\n<td style=\"text-align: center\">MARHE <br \/>kW\/m\u00b2<\/td>\n<td style=\"text-align: center\">Maximum<\/td>\n<td style=\"text-align: center\">\u2013 *<\/td>\n<td style=\"text-align: center\">90<\/td>\n<td style=\"text-align: center\">60<\/td>\n<\/tr>\n<tr>\n<td style=\"text-align: center\">T10.01 <br \/>EN ISO 5659-2: <br \/>50 kW\/m\u00b2<\/td>\n<td style=\"text-align: center\">Ds(4) <br \/>adimensional<\/td>\n<td style=\"text-align: center\">Maximum<\/td>\n<td style=\"text-align: center\">600<\/td>\n<td style=\"text-align: center\">300<\/td>\n<td style=\"text-align: center\">150<\/td>\n<\/tr>\n<tr>\n<td style=\"text-align: center\">T10.02 <br \/>EN ISO 5659-2: <br \/>50 kW\/m\u00b2<\/td>\n<td style=\"text-align: center\">VOF4 min<\/td>\n<td style=\"text-align: center\">Maximum<\/td>\n<td style=\"text-align: center\">1.200<\/td>\n<td style=\"text-align: center\">600<\/td>\n<td style=\"text-align: center\">300<\/td>\n<\/tr>\n<tr>\n<td style=\"text-align: center\">T11.01 <br \/>EN ISO 5659-2: <br \/>50 kW\/m\u00b2<\/td>\n<td style=\"text-align: center\">CITG <br \/>adimensional<\/td>\n<td style=\"text-align: center\">Maximum<\/td>\n<td style=\"text-align: center\">1,2<\/td>\n<td style=\"text-align: center\">0,9<\/td>\n<td style=\"text-align: center\">0,75<\/td>\n<\/tr>\n<\/tbody>\n<\/table>\n\n\n<h3 class=\"wp-block-heading\">CARACT\u00c9RISTIQUES<\/h3>\n\n\n\n<p>TROCELLEN CLASS TRAIN constitue la solution id\u00e9ale pour l\u2019isolation thermique des v\u00e9hicules ferroviaires.<\/p>\n\n\n\n<p>Caract\u00e9ristiques et avantages:<\/p>\n\n\n\n<ul class=\"wp-block-list\">\n<li>fabriqu\u00e9 en mousse d\u2019isolation poly\u00e9thyl\u00e8ne \u00e0 cellules ferm\u00e9es durable&nbsp;;<\/li>\n\n\n\n<li>tr\u00e8s bonne r\u00e9action au feu&nbsp;;<\/li>\n\n\n\n<li>classification R1 HL3, selon la norme EN&nbsp;45545-2, le niveau maximal<\/li>\n\n\n\n<li>adapt\u00e9 pour \u00eatre install\u00e9 dans toutes les cat\u00e9gories de mat\u00e9riels roulants, m\u00eame dans des v\u00e9hicules \u00e0 places couch\u00e9es&nbsp;;<\/li>\n\n\n\n<li>bonne conductivit\u00e9 thermique (\u03bb \u00e0 0&nbsp;\u00b0C&nbsp;: 0,038&nbsp;W\/mK)&nbsp;;<\/li>\n\n\n\n<li>valeur d\u2019isolation constante*&nbsp;;<\/li>\n\n\n\n<li>cellules ferm\u00e9es pour inhiber l\u2019absorption de l\u2019eau&nbsp;;<\/li>\n\n\n\n<li>propre, non toxique, r\u00e9sistant aux moisissures et aux bact\u00e9ries, inodore&nbsp;;<\/li>\n\n\n\n<li>suffisamment flexible pour suivre les angles serr\u00e9s et suffisamment solide pour r\u00e9sister \u00e0 une manipulation intense&nbsp;;<\/li>\n\n\n\n<li>\u00e9conomiquement viable.<\/li>\n<\/ul>\n\n\n\n<p>*Les produits <code>TROCELLEN<\/code> test\u00e9s apr\u00e8s 23&nbsp;ans d\u2019utilisation poss\u00e8dent les m\u00eames valeurs d\u2019isolation. Des rapports d\u2019essai sont disponibles sur demande.<\/p>\n\n\n<table class=\"green-table\" cellspacing=\"0\" cellpadding=\"0\" border=\"0\">\n<tbody>\n<tr>\n<th style=\"text-align: center\" colspan=\"4\">DONN\u00c9ES TECHNIQUES<\/th>\n<\/tr>\n<tr>\n<th style=\"text-align: center\">Caract\u00e9ristiques techniques<\/th>\n<th style=\"text-align: center\"><strong>Norme<\/strong><\/th>\n<th style=\"text-align: center\"><strong>Unite<\/strong><\/th>\n<th style=\"text-align: center\"><strong>&nbsp;Trocellen Class Train ALU adhesive<\/strong><\/th>\n<\/tr>\n<tr>\n<td>R\u00e9action au feu<\/td>\n<td style=\"text-align: center\">EN 45545-2<\/td>\n<td style=\"text-align: center\">\u2013<\/td>\n<td style=\"text-align: center\">R1 HL3<\/td>\n<\/tr>\n<tr>\n<td>Coefficient de conductivit\u00e9 thermique \u00e0 0&nbsp;\u00b0C (valeur l)<\/td>\n<td style=\"text-align: center\">EN 12667<\/td>\n<td style=\"text-align: center\">W\/mK <br \/>kcal\/mh\u00b0C<\/td>\n<td style=\"text-align: center\">0,038<br \/>0,032<\/td>\n<\/tr>\n<tr>\n<td>Coefficient de conductivit\u00e9 thermique \u00e0 23&nbsp;\u00b0C (valeur l)<\/td>\n<td style=\"text-align: center\">EN 12667<\/td>\n<td style=\"text-align: center\">W\/mK <br \/>kcal\/mh\u00b0C<\/td>\n<td style=\"text-align: center\">0,040 <br \/>0,034<\/td>\n<\/tr>\n<tr>\n<td>Coefficient de conductivit\u00e9 thermique \u00e0 40&nbsp;\u00b0C (valeur l)<\/td>\n<td style=\"text-align: center\">EN 12667<\/td>\n<td style=\"text-align: center\">W\/mK <br \/>kcal\/mh\u00b0C<\/td>\n<td style=\"text-align: center\">0,042 <br \/>0,036<\/td>\n<\/tr>\n<tr>\n<td>Perm\u00e9abilit\u00e9 \u00e0 la vapeur d\u2019eau (valeur \u00b5)<\/td>\n<td style=\"text-align: center\">EN 10456<\/td>\n<td style=\"text-align: center\">\u2013<\/td>\n<td style=\"text-align: center\">\u2265 15000<\/td>\n<\/tr>\n<tr>\n<td>Densit\u00e9 (PE)<\/td>\n<td style=\"text-align: center\">EN ISO 845<\/td>\n<td style=\"text-align: center\">kg\/m\u00b3<\/td>\n<td style=\"text-align: center\">30<\/td>\n<\/tr>\n<tr>\n<td>\u00c9paisseur<\/td>\n<td style=\"text-align: center\">EN ISO 1923<\/td>\n<td style=\"text-align: center\">mm<\/td>\n<td style=\"text-align: center\">de 3 \u00e0 40 (voir les sp\u00e9cifications de base)<\/td>\n<\/tr>\n<tr>\n<td>Couleur<\/td>\n<td style=\"text-align: center\">Sp\u00e9c. BASE<\/td>\n<td style=\"text-align: center\">\u2013<\/td>\n<td style=\"text-align: center\">bleu claire + feuille en aluminium &nbsp;<\/td>\n<\/tr>\n<tr>\n<td>Contrainte de compression \u00e0 25&nbsp;%<\/td>\n<td style=\"text-align: center\">EN ISO 3386\/1<\/td>\n<td style=\"text-align: center\">kPa<\/td>\n<td style=\"text-align: center\">35<\/td>\n<\/tr>\n<tr>\n<td>Contrainte de compression \u00e0 50&nbsp;%<\/td>\n<td style=\"text-align: center\">EN ISO 3386\/1<\/td>\n<td style=\"text-align: center\">kPa<\/td>\n<td style=\"text-align: center\">95<\/td>\n<\/tr>\n<tr>\n<td>Absorption d\u2019eau apr\u00e8s 28&nbsp;jours<\/td>\n<td style=\"text-align: center\">ISO 2896<\/td>\n<td style=\"text-align: center\">Vol.%<\/td>\n<td style=\"text-align: center\">&lt;3<\/td>\n<\/tr>\n<tr>\n<td>Stabilit\u00e9 dimensionnelle (&lt;&nbsp;5&nbsp;%)<\/td>\n<td style=\"text-align: center\">ISO 2796<\/td>\n<td style=\"text-align: center\">\u00b0C<\/td>\n<td style=\"text-align: center\">100<\/td>\n<\/tr>\n<tr>\n<td>Plage de temp\u00e9rature de fonctionnement maximale<\/td>\n<td style=\"text-align: center\">&nbsp;<\/td>\n<td style=\"text-align: center\">\u00b0C<\/td>\n<td style=\"text-align: center\">-80\u00f7 +100<\/td>\n<\/tr>\n<tr>\n<td>Plage de temp\u00e9rature de fonctionnement maximale avec des contraintes m\u00e9caniques<\/td>\n<td style=\"text-align: center\">&nbsp;<\/td>\n<td style=\"text-align: center\">\u00b0C<\/td>\n<td style=\"text-align: center\">-40\u00f7 +100<\/td>\n<\/tr>\n<\/tbody>\n<\/table>\n\n\n<h2 class=\"wp-block-heading\">SP\u00c9CIFICATION DE L\u2019ARTICLE<\/h2>\n\n\n\n<h3 class=\"wp-block-heading has-text-color\" style=\"color:#4ea346;font-size:26px\"><strong>TROCELLEN CLASS TRAIN ALU ADHESIVE<\/strong><\/h3>\n\n\n\n<p>Mousse chimiquement r\u00e9ticul\u00e9e en poly\u00e9thyl\u00e8ne \u00e0 cellules ferm\u00e9es d\u2019une densit\u00e9 de 30 kg\/m<sup>3<\/sup>, en couleur bleue claire, de propri\u00e9t\u00e9s adh\u00e9sives sur un c\u00f4t\u00e9 et stratifi\u00e9e de l\u2019autre c\u00f4t\u00e9 avec une feuille en aluminium lisse.<\/p>\n\n\n\n<p>Utilisable pour l\u2019isolation thermique des v\u00e9hicules ferroviaires avec un classement de r\u00e9sistance au feu excellent.<\/p>\n\n\n\n<ul class=\"wp-block-list\">\n<li>R\u00e9action au feu&nbsp;: classification R1 HL3, selon la norme EN&nbsp;45545-2<\/li>\n\n\n\n<li>Coefficient de conductivit\u00e9 thermique \u00e0 0&nbsp;\u00b0C (valeur&nbsp;\u03bb) = 0,038&nbsp;W\/mK<\/li>\n\n\n\n<li>Perm\u00e9abilit\u00e9 \u00e0 la vapeur d\u2019eau (valeur \u00b5)&nbsp;: \u2265 15&nbsp;000<\/li>\n<\/ul>\n","protected":false},"excerpt":{"rendered":"<p>TROCELLEN CLASS TRAIN est la gamme de produits certifi\u00e9e destin\u00e9e \u00e0 l\u2019industrie ferroviaire. Le produit est fabriqu\u00e9 en mousse poly\u00e9thyl\u00e8ne chimiquement r\u00e9ticul\u00e9e \u00e0 cellules ferm\u00e9es, stratifi\u00e9 d\u2019un c\u00f4t\u00e9 sur une feuille en aluminium. Le produit est disponible en rouleaux adh\u00e9sifs d\u2019une \u00e9paisseur de 3&nbsp;\u00e0 40&nbsp;mm. TROCELLEN CLASS TRAIN est certifi\u00e9 en cat\u00e9gorie R1 HL3, selon [&hellip;]<\/p>\n","protected":false},"author":1,"featured_media":8874,"parent":4835,"menu_order":670,"comment_status":"closed","ping_status":"closed","template":"templates\/marine-train-application.php","meta":{"_acf_changed":false,"footnotes":""},"class_list":["post-4940","page","type-page","status-publish","has-post-thumbnail","hentry"],"acf":[],"yoast_head":"<!-- This site is optimized with the Yoast SEO plugin v23.5 - https:\/\/yoast.com\/wordpress\/plugins\/seo\/ -->\n<title>TROCELLEN CLASS TRAIN \u2013 gamme destin\u00e9e \u00e0 l\u2019usage ferroviaire<\/title>\n<meta name=\"description\" content=\"TROCELLEN CLASS TRAIN est la solution id\u00e9ale pour l\u2019isolation thermique des v\u00e9hicules ferroviaires avec un classement de r\u00e9sistance au feu R1 HL3 excellent\" \/>\n<meta name=\"robots\" content=\"index, follow, max-snippet:-1, max-image-preview:large, max-video-preview:-1\" \/>\n<link rel=\"canonical\" href=\"https:\/\/insulation.trocellen.com\/fr\/applications\/chemin-de-fer\/\" \/>\n<meta property=\"og:locale\" content=\"fr_FR\" \/>\n<meta property=\"og:type\" content=\"article\" \/>\n<meta property=\"og:title\" content=\"TROCELLEN CLASS TRAIN \u2013 gamme destin\u00e9e \u00e0 l\u2019usage ferroviaire\" \/>\n<meta property=\"og:description\" content=\"TROCELLEN CLASS TRAIN est la solution id\u00e9ale pour l\u2019isolation thermique des v\u00e9hicules ferroviaires avec un classement de r\u00e9sistance au feu R1 HL3 excellent\" \/>\n<meta property=\"og:url\" content=\"https:\/\/insulation.trocellen.com\/fr\/applications\/chemin-de-fer\/\" \/>\n<meta property=\"og:site_name\" content=\"Trocellen Insulation\" \/>\n<meta property=\"article:modified_time\" content=\"2024-04-09T12:08:16+00:00\" \/>\n<meta property=\"og:image\" content=\"https:\/\/insulation.trocellen.com\/wp-content\/uploads\/sites\/6\/2023\/05\/train-fejlec.jpg\" \/>\n\t<meta property=\"og:image:width\" content=\"1920\" \/>\n\t<meta property=\"og:image:height\" content=\"300\" \/>\n\t<meta property=\"og:image:type\" content=\"image\/jpeg\" \/>\n<meta name=\"twitter:card\" content=\"summary_large_image\" \/>\n<meta name=\"twitter:label1\" content=\"Dur\u00e9e de lecture estim\u00e9e\" \/>\n\t<meta name=\"twitter:data1\" content=\"5 minutes\" \/>\n<script type=\"application\/ld+json\" class=\"yoast-schema-graph\">{\"@context\":\"https:\/\/schema.org\",\"@graph\":[{\"@type\":\"WebPage\",\"@id\":\"https:\/\/insulation.trocellen.com\/fr\/applications\/chemin-de-fer\/\",\"url\":\"https:\/\/insulation.trocellen.com\/fr\/applications\/chemin-de-fer\/\",\"name\":\"TROCELLEN CLASS TRAIN \u2013 gamme destin\u00e9e \u00e0 l\u2019usage ferroviaire\",\"isPartOf\":{\"@id\":\"https:\/\/insulation.trocellen.com\/fr\/#website\"},\"primaryImageOfPage\":{\"@id\":\"https:\/\/insulation.trocellen.com\/fr\/applications\/chemin-de-fer\/#primaryimage\"},\"image\":{\"@id\":\"https:\/\/insulation.trocellen.com\/fr\/applications\/chemin-de-fer\/#primaryimage\"},\"thumbnailUrl\":\"https:\/\/insulation.trocellen.com\/wp-content\/uploads\/sites\/6\/2023\/05\/train-fejlec.jpg\",\"datePublished\":\"2023-01-27T10:07:50+00:00\",\"dateModified\":\"2024-04-09T12:08:16+00:00\",\"description\":\"TROCELLEN CLASS TRAIN est la solution id\u00e9ale pour l\u2019isolation thermique des v\u00e9hicules ferroviaires avec un classement de r\u00e9sistance au feu R1 HL3 excellent\",\"breadcrumb\":{\"@id\":\"https:\/\/insulation.trocellen.com\/fr\/applications\/chemin-de-fer\/#breadcrumb\"},\"inLanguage\":\"fr-FR\",\"potentialAction\":[{\"@type\":\"ReadAction\",\"target\":[\"https:\/\/insulation.trocellen.com\/fr\/applications\/chemin-de-fer\/\"]}]},{\"@type\":\"ImageObject\",\"inLanguage\":\"fr-FR\",\"@id\":\"https:\/\/insulation.trocellen.com\/fr\/applications\/chemin-de-fer\/#primaryimage\",\"url\":\"https:\/\/insulation.trocellen.com\/wp-content\/uploads\/sites\/6\/2023\/05\/train-fejlec.jpg\",\"contentUrl\":\"https:\/\/insulation.trocellen.com\/wp-content\/uploads\/sites\/6\/2023\/05\/train-fejlec.jpg\",\"width\":1920,\"height\":300},{\"@type\":\"BreadcrumbList\",\"@id\":\"https:\/\/insulation.trocellen.com\/fr\/applications\/chemin-de-fer\/#breadcrumb\",\"itemListElement\":[{\"@type\":\"ListItem\",\"position\":1,\"name\":\"Home\",\"item\":\"https:\/\/insulation.trocellen.com\/fr\/\"},{\"@type\":\"ListItem\",\"position\":2,\"name\":\"Applications\",\"item\":\"https:\/\/insulation.trocellen.com\/fr\/applications\/\"},{\"@type\":\"ListItem\",\"position\":3,\"name\":\"Chemin de fer\"}]},{\"@type\":\"WebSite\",\"@id\":\"https:\/\/insulation.trocellen.com\/fr\/#website\",\"url\":\"https:\/\/insulation.trocellen.com\/fr\/\",\"name\":\"Trocellen Insulation\",\"description\":\"\",\"potentialAction\":[{\"@type\":\"SearchAction\",\"target\":{\"@type\":\"EntryPoint\",\"urlTemplate\":\"https:\/\/insulation.trocellen.com\/fr\/?s={search_term_string}\"},\"query-input\":{\"@type\":\"PropertyValueSpecification\",\"valueRequired\":true,\"valueName\":\"search_term_string\"}}],\"inLanguage\":\"fr-FR\"}]}<\/script>\n<!-- \/ Yoast SEO plugin. -->","yoast_head_json":{"title":"TROCELLEN CLASS TRAIN \u2013 gamme destin\u00e9e \u00e0 l\u2019usage ferroviaire","description":"TROCELLEN CLASS TRAIN est la solution id\u00e9ale pour l\u2019isolation thermique des v\u00e9hicules ferroviaires avec un classement de r\u00e9sistance au feu R1 HL3 excellent","robots":{"index":"index","follow":"follow","max-snippet":"max-snippet:-1","max-image-preview":"max-image-preview:large","max-video-preview":"max-video-preview:-1"},"canonical":"https:\/\/insulation.trocellen.com\/fr\/applications\/chemin-de-fer\/","og_locale":"fr_FR","og_type":"article","og_title":"TROCELLEN CLASS TRAIN \u2013 gamme destin\u00e9e \u00e0 l\u2019usage ferroviaire","og_description":"TROCELLEN CLASS TRAIN est la solution id\u00e9ale pour l\u2019isolation thermique des v\u00e9hicules ferroviaires avec un classement de r\u00e9sistance au feu R1 HL3 excellent","og_url":"https:\/\/insulation.trocellen.com\/fr\/applications\/chemin-de-fer\/","og_site_name":"Trocellen Insulation","article_modified_time":"2024-04-09T12:08:16+00:00","og_image":[{"width":1920,"height":300,"url":"https:\/\/insulation.trocellen.com\/wp-content\/uploads\/sites\/6\/2023\/05\/train-fejlec.jpg","type":"image\/jpeg"}],"twitter_card":"summary_large_image","twitter_misc":{"Dur\u00e9e de lecture estim\u00e9e":"5 minutes"},"schema":{"@context":"https:\/\/schema.org","@graph":[{"@type":"WebPage","@id":"https:\/\/insulation.trocellen.com\/fr\/applications\/chemin-de-fer\/","url":"https:\/\/insulation.trocellen.com\/fr\/applications\/chemin-de-fer\/","name":"TROCELLEN CLASS TRAIN \u2013 gamme destin\u00e9e \u00e0 l\u2019usage ferroviaire","isPartOf":{"@id":"https:\/\/insulation.trocellen.com\/fr\/#website"},"primaryImageOfPage":{"@id":"https:\/\/insulation.trocellen.com\/fr\/applications\/chemin-de-fer\/#primaryimage"},"image":{"@id":"https:\/\/insulation.trocellen.com\/fr\/applications\/chemin-de-fer\/#primaryimage"},"thumbnailUrl":"https:\/\/insulation.trocellen.com\/wp-content\/uploads\/sites\/6\/2023\/05\/train-fejlec.jpg","datePublished":"2023-01-27T10:07:50+00:00","dateModified":"2024-04-09T12:08:16+00:00","description":"TROCELLEN CLASS TRAIN est la solution id\u00e9ale pour l\u2019isolation thermique des v\u00e9hicules ferroviaires avec un classement de r\u00e9sistance au feu R1 HL3 excellent","breadcrumb":{"@id":"https:\/\/insulation.trocellen.com\/fr\/applications\/chemin-de-fer\/#breadcrumb"},"inLanguage":"fr-FR","potentialAction":[{"@type":"ReadAction","target":["https:\/\/insulation.trocellen.com\/fr\/applications\/chemin-de-fer\/"]}]},{"@type":"ImageObject","inLanguage":"fr-FR","@id":"https:\/\/insulation.trocellen.com\/fr\/applications\/chemin-de-fer\/#primaryimage","url":"https:\/\/insulation.trocellen.com\/wp-content\/uploads\/sites\/6\/2023\/05\/train-fejlec.jpg","contentUrl":"https:\/\/insulation.trocellen.com\/wp-content\/uploads\/sites\/6\/2023\/05\/train-fejlec.jpg","width":1920,"height":300},{"@type":"BreadcrumbList","@id":"https:\/\/insulation.trocellen.com\/fr\/applications\/chemin-de-fer\/#breadcrumb","itemListElement":[{"@type":"ListItem","position":1,"name":"Home","item":"https:\/\/insulation.trocellen.com\/fr\/"},{"@type":"ListItem","position":2,"name":"Applications","item":"https:\/\/insulation.trocellen.com\/fr\/applications\/"},{"@type":"ListItem","position":3,"name":"Chemin de fer"}]},{"@type":"WebSite","@id":"https:\/\/insulation.trocellen.com\/fr\/#website","url":"https:\/\/insulation.trocellen.com\/fr\/","name":"Trocellen Insulation","description":"","potentialAction":[{"@type":"SearchAction","target":{"@type":"EntryPoint","urlTemplate":"https:\/\/insulation.trocellen.com\/fr\/?s={search_term_string}"},"query-input":{"@type":"PropertyValueSpecification","valueRequired":true,"valueName":"search_term_string"}}],"inLanguage":"fr-FR"}]}},"_links":{"self":[{"href":"https:\/\/insulation.trocellen.com\/fr\/wp-json\/wp\/v2\/pages\/4940","targetHints":{"allow":["GET"]}}],"collection":[{"href":"https:\/\/insulation.trocellen.com\/fr\/wp-json\/wp\/v2\/pages"}],"about":[{"href":"https:\/\/insulation.trocellen.com\/fr\/wp-json\/wp\/v2\/types\/page"}],"author":[{"embeddable":true,"href":"https:\/\/insulation.trocellen.com\/fr\/wp-json\/wp\/v2\/users\/1"}],"replies":[{"embeddable":true,"href":"https:\/\/insulation.trocellen.com\/fr\/wp-json\/wp\/v2\/comments?post=4940"}],"version-history":[{"count":8,"href":"https:\/\/insulation.trocellen.com\/fr\/wp-json\/wp\/v2\/pages\/4940\/revisions"}],"predecessor-version":[{"id":10784,"href":"https:\/\/insulation.trocellen.com\/fr\/wp-json\/wp\/v2\/pages\/4940\/revisions\/10784"}],"up":[{"embeddable":true,"href":"https:\/\/insulation.trocellen.com\/fr\/wp-json\/wp\/v2\/pages\/4835"}],"wp:featuredmedia":[{"embeddable":true,"href":"https:\/\/insulation.trocellen.com\/fr\/wp-json\/wp\/v2\/media\/8874"}],"wp:attachment":[{"href":"https:\/\/insulation.trocellen.com\/fr\/wp-json\/wp\/v2\/media?parent=4940"}],"curies":[{"name":"wp","href":"https:\/\/api.w.org\/{rel}","templated":true}]}}