{"id":4914,"date":"2023-01-27T10:01:24","date_gmt":"2023-01-27T10:01:24","guid":{"rendered":"https:\/\/insulation-new.trocellen.com\/applications\/marine\/"},"modified":"2024-04-08T09:21:17","modified_gmt":"2024-04-08T09:21:17","slug":"marine","status":"publish","type":"page","link":"https:\/\/insulation.trocellen.com\/fr\/applications\/marine\/","title":{"rendered":"Marine"},"content":{"rendered":"\n<h3 class=\"wp-block-heading has-text-align-center has-text-color\" style=\"color:#216c83\">Navycell\u00ae<\/h3>\n\n\n\n<p>Navycell\u00ae est un produit d\u2019isolation bleu clair, consistant de mousse poly\u00e9thyl\u00e8ne chimiquement r\u00e9ticul\u00e9e, \u00e0 cellule ferm\u00e9e, stratifi\u00e9e avec une feuille en aluminium lisse de 20&nbsp;\u03bcm sur un c\u00f4t\u00e9 et une couche autocollante sur l\u2019autre.<\/p>\n\n\n\n<p>Con\u00e7u et d\u00e9velopp\u00e9 sp\u00e9cifiquement pour des applications n\u00e9cessitant des mesures de s\u00e9curit\u00e9 sp\u00e9cifiques, en particulier dans le secteur maritime, navycell\u00ae satisfait les exigences d\u00e9finies par la derni\u00e8re directive europ\u00e9enne 2014\/90\/UE du Conseil sur les \u00e9quipements marins et par le r\u00e8glement europ\u00e9en 2018\/773. Par cons\u00e9quent, le mat\u00e9riau a obtenu le certificat 0987\/MED-B\/836 et porte le marquage barre \u00e0 roue.<\/p>\n\n\n\n<p>Le marquage des \u00e9quipements marins constitue une garantie \u00e0 la qualit\u00e9 et \u00e0 la s\u00e9curit\u00e9 du produit de deux points de vue&nbsp;:<\/p>\n\n\n\n<ul class=\"wp-block-list\">\n<li>le produit est certifi\u00e9 selon les r\u00e8glements relatifs \u00e0 la r\u00e9action au feu (Module B \u2013 certificat d\u2019examen de type CE).<\/li>\n\n\n\n<li>la qualit\u00e9 de production du fabricant est v\u00e9rifi\u00e9e et approuv\u00e9e par un<\/li>\n<\/ul>\n\n\n<table class=\"green-table\" cellspacing=\"0\" cellpadding=\"0\" border=\"0\">\n<tbody>\n<tr>\n<th style=\"text-align: center\" colspan=\"4\">DONN\u00c9ES TECHNIQUES<\/th>\n<\/tr>\n<tr>\n<th style=\"text-align: center\">CARACT\u00c9RISTIQUES TECHNIQUES<\/th>\n<th style=\"text-align: center\">NORME<\/th>\n<th style=\"text-align: center\">UNIT\u00c9<\/th>\n<th style=\"text-align: center\"><strong>NAVYCELL\u00ae<\/strong><\/th>\n<\/tr>\n<tr>\n<td>Marquage des \u00e9quipements marins<\/td>\n<td>Dir. 2014\/90\/EU<\/td>\n<td>\u2013<\/td>\n<td>MED\/3.18d<\/td>\n<\/tr>\n<tr>\n<td>Conductivit\u00e9 thermique \u00e0 0 \u00b0C (valeur&nbsp; l)<\/td>\n<td>EN 12667<\/td>\n<td>W\/mK<br \/>Kcal\/mh\u00b0C<\/td>\n<td>0,037<br \/>0,032<\/td>\n<\/tr>\n<tr>\n<td>Conductivit\u00e9 thermique \u00e0 23 \u00b0C (valeur&nbsp; l)<\/td>\n<td>EN 12667<\/td>\n<td>W\/mK<br \/>Kcal\/mh\u00b0C<\/td>\n<td>0,040<br \/>0,034<\/td>\n<\/tr>\n<tr>\n<td>Conductivit\u00e9 thermique \u00e0 40 \u00b0C (valeur&nbsp; l)<\/td>\n<td>EN 12667<\/td>\n<td>W\/mK<br \/>Kcal\/mh\u00b0C<\/td>\n<td>0,042<br \/>0,036<\/td>\n<\/tr>\n<tr>\n<td>Coefficient de perm\u00e9abilit\u00e9 \u00e0 la vapeur d\u2019eau<\/td>\n<td>EN 10546<\/td>\n<td>\u2013<\/td>\n<td>\u226515000<\/td>\n<\/tr>\n<tr>\n<td>Densit\u00e9<\/td>\n<td>EN ISO 845<\/td>\n<td>Kg\/m3<\/td>\n<td>30<\/td>\n<\/tr>\n<tr>\n<td>\u00c9paisseur<\/td>\n<td>EN ISO 1923<\/td>\n<td>mm<\/td>\n<td>De 3 \u00e0 32 (voir les sp\u00e9cifications de base)<\/td>\n<\/tr>\n<tr>\n<td>Couleur<\/td>\n<td>Sp\u00e9c. BASE<\/td>\n<td>\u2013<\/td>\n<td>Bleu claire + feuille en aluminium<\/td>\n<\/tr>\n<tr>\n<td>Contrainte de compression \u00e0 25 %<\/td>\n<td>EN ISO 3386\/1<\/td>\n<td>kPa<\/td>\n<td>35<\/td>\n<\/tr>\n<tr>\n<td>Contrainte de compression \u00e0 50 %<\/td>\n<td>EN ISO 3386\/1<\/td>\n<td>kPa<\/td>\n<td>95<\/td>\n<\/tr>\n<tr>\n<td>Absorption d\u2019eau apr\u00e8s 28 jours<\/td>\n<td>ISO 2896<\/td>\n<td>Vol%<\/td>\n<td>&lt;3<\/td>\n<\/tr>\n<tr>\n<td>Stabilit\u00e9 thermique (&lt; 5 %)<\/td>\n<td>ISO 2796<\/td>\n<td>\u00b0C<\/td>\n<td>95<\/td>\n<\/tr>\n<tr>\n<td>Plage de temp\u00e9rature de fonctionnement maximale<\/td>\n<td>&nbsp;<\/td>\n<td>\u00b0C<\/td>\n<td>-80 \u00f7 +95<\/td>\n<\/tr>\n<tr>\n<td>Plage de temp\u00e9rature de fonctionnement maximale avec des contraintes m\u00e9caniques<\/td>\n<td>&nbsp;<\/td>\n<td>\u00b0C<\/td>\n<td>-40 \u00f7 +95<\/td>\n<\/tr>\n<\/tbody>\n<\/table>\n\n\n<h3 class=\"wp-block-heading\">UTILISATION \u00c0 BORD<\/h3>\n\n\n\n<ul class=\"wp-block-list\">\n<li>Isolation des gaines d\u2019air<\/li>\n\n\n\n<li>Tuyauterie de refroidissement<\/li>\n\n\n\n<li>Syst\u00e8mes de r\u00e9frig\u00e9ration \u00e0 bord<\/li>\n\n\n\n<li>Compartiments de r\u00e9frig\u00e9ration<\/li>\n<\/ul>\n","protected":false},"excerpt":{"rendered":"<p>Navycell\u00ae Navycell\u00ae est un produit d\u2019isolation bleu clair, consistant de mousse poly\u00e9thyl\u00e8ne chimiquement r\u00e9ticul\u00e9e, \u00e0 cellule ferm\u00e9e, stratifi\u00e9e avec une feuille en aluminium lisse de 20&nbsp;\u03bcm sur un c\u00f4t\u00e9 et une couche autocollante sur l\u2019autre. Con\u00e7u et d\u00e9velopp\u00e9 sp\u00e9cifiquement pour des applications n\u00e9cessitant des mesures de s\u00e9curit\u00e9 sp\u00e9cifiques, en particulier dans le secteur maritime, navycell\u00ae [&hellip;]<\/p>\n","protected":false},"author":1,"featured_media":8868,"parent":4835,"menu_order":650,"comment_status":"closed","ping_status":"closed","template":"templates\/marine-train-application.php","meta":{"_acf_changed":false,"footnotes":""},"class_list":["post-4914","page","type-page","status-publish","has-post-thumbnail","hentry"],"acf":[],"yoast_head":"<!-- This site is optimized with the Yoast SEO plugin v23.5 - https:\/\/yoast.com\/wordpress\/plugins\/seo\/ -->\n<title>Navycell\u00ae est un isolant bleu clair pour le secteur naval.<\/title>\n<meta name=\"description\" content=\"Navycell est con\u00e7u pour satisfaire les demandes sp\u00e9cifiques du secteur naval. La solution \u00e0 3\u00a0couches remplit tous les crit\u00e8res de la directive europ\u00e9enne.\" \/>\n<meta name=\"robots\" content=\"index, follow, max-snippet:-1, max-image-preview:large, max-video-preview:-1\" \/>\n<link rel=\"canonical\" href=\"https:\/\/insulation.trocellen.com\/fr\/applications\/marine\/\" \/>\n<meta property=\"og:locale\" content=\"fr_FR\" \/>\n<meta property=\"og:type\" content=\"article\" \/>\n<meta property=\"og:title\" content=\"Navycell\u00ae est un isolant bleu clair pour le secteur naval.\" \/>\n<meta property=\"og:description\" content=\"Navycell est con\u00e7u pour satisfaire les demandes sp\u00e9cifiques du secteur naval. La solution \u00e0 3\u00a0couches remplit tous les crit\u00e8res de la directive europ\u00e9enne.\" \/>\n<meta property=\"og:url\" content=\"https:\/\/insulation.trocellen.com\/fr\/applications\/marine\/\" \/>\n<meta property=\"og:site_name\" content=\"Trocellen Insulation\" \/>\n<meta property=\"article:modified_time\" content=\"2024-04-08T09:21:17+00:00\" \/>\n<meta property=\"og:image\" content=\"https:\/\/insulation.trocellen.com\/wp-content\/uploads\/sites\/6\/2023\/05\/Marine-fejlec.jpg\" \/>\n\t<meta property=\"og:image:width\" content=\"1920\" \/>\n\t<meta property=\"og:image:height\" content=\"300\" \/>\n\t<meta property=\"og:image:type\" content=\"image\/jpeg\" \/>\n<meta name=\"twitter:card\" content=\"summary_large_image\" \/>\n<meta name=\"twitter:label1\" content=\"Dur\u00e9e de lecture estim\u00e9e\" \/>\n\t<meta name=\"twitter:data1\" content=\"2 minutes\" \/>\n<script type=\"application\/ld+json\" class=\"yoast-schema-graph\">{\"@context\":\"https:\/\/schema.org\",\"@graph\":[{\"@type\":\"WebPage\",\"@id\":\"https:\/\/insulation.trocellen.com\/fr\/applications\/marine\/\",\"url\":\"https:\/\/insulation.trocellen.com\/fr\/applications\/marine\/\",\"name\":\"Navycell\u00ae est un isolant bleu clair pour le secteur naval.\",\"isPartOf\":{\"@id\":\"https:\/\/insulation.trocellen.com\/fr\/#website\"},\"primaryImageOfPage\":{\"@id\":\"https:\/\/insulation.trocellen.com\/fr\/applications\/marine\/#primaryimage\"},\"image\":{\"@id\":\"https:\/\/insulation.trocellen.com\/fr\/applications\/marine\/#primaryimage\"},\"thumbnailUrl\":\"https:\/\/insulation.trocellen.com\/wp-content\/uploads\/sites\/6\/2023\/05\/Marine-fejlec.jpg\",\"datePublished\":\"2023-01-27T10:01:24+00:00\",\"dateModified\":\"2024-04-08T09:21:17+00:00\",\"description\":\"Navycell est con\u00e7u pour satisfaire les demandes sp\u00e9cifiques du secteur naval. La solution \u00e0 3\u00a0couches remplit tous les crit\u00e8res de la directive europ\u00e9enne.\",\"breadcrumb\":{\"@id\":\"https:\/\/insulation.trocellen.com\/fr\/applications\/marine\/#breadcrumb\"},\"inLanguage\":\"fr-FR\",\"potentialAction\":[{\"@type\":\"ReadAction\",\"target\":[\"https:\/\/insulation.trocellen.com\/fr\/applications\/marine\/\"]}]},{\"@type\":\"ImageObject\",\"inLanguage\":\"fr-FR\",\"@id\":\"https:\/\/insulation.trocellen.com\/fr\/applications\/marine\/#primaryimage\",\"url\":\"https:\/\/insulation.trocellen.com\/wp-content\/uploads\/sites\/6\/2023\/05\/Marine-fejlec.jpg\",\"contentUrl\":\"https:\/\/insulation.trocellen.com\/wp-content\/uploads\/sites\/6\/2023\/05\/Marine-fejlec.jpg\",\"width\":1920,\"height\":300},{\"@type\":\"BreadcrumbList\",\"@id\":\"https:\/\/insulation.trocellen.com\/fr\/applications\/marine\/#breadcrumb\",\"itemListElement\":[{\"@type\":\"ListItem\",\"position\":1,\"name\":\"Home\",\"item\":\"https:\/\/insulation.trocellen.com\/fr\/\"},{\"@type\":\"ListItem\",\"position\":2,\"name\":\"Applications\",\"item\":\"https:\/\/insulation.trocellen.com\/fr\/applications\/\"},{\"@type\":\"ListItem\",\"position\":3,\"name\":\"Marine\"}]},{\"@type\":\"WebSite\",\"@id\":\"https:\/\/insulation.trocellen.com\/fr\/#website\",\"url\":\"https:\/\/insulation.trocellen.com\/fr\/\",\"name\":\"Trocellen Insulation\",\"description\":\"\",\"potentialAction\":[{\"@type\":\"SearchAction\",\"target\":{\"@type\":\"EntryPoint\",\"urlTemplate\":\"https:\/\/insulation.trocellen.com\/fr\/?s={search_term_string}\"},\"query-input\":{\"@type\":\"PropertyValueSpecification\",\"valueRequired\":true,\"valueName\":\"search_term_string\"}}],\"inLanguage\":\"fr-FR\"}]}<\/script>\n<!-- \/ Yoast SEO plugin. -->","yoast_head_json":{"title":"Navycell\u00ae est un isolant bleu clair pour le secteur naval.","description":"Navycell est con\u00e7u pour satisfaire les demandes sp\u00e9cifiques du secteur naval. La solution \u00e0 3\u00a0couches remplit tous les crit\u00e8res de la directive europ\u00e9enne.","robots":{"index":"index","follow":"follow","max-snippet":"max-snippet:-1","max-image-preview":"max-image-preview:large","max-video-preview":"max-video-preview:-1"},"canonical":"https:\/\/insulation.trocellen.com\/fr\/applications\/marine\/","og_locale":"fr_FR","og_type":"article","og_title":"Navycell\u00ae est un isolant bleu clair pour le secteur naval.","og_description":"Navycell est con\u00e7u pour satisfaire les demandes sp\u00e9cifiques du secteur naval. La solution \u00e0 3\u00a0couches remplit tous les crit\u00e8res de la directive europ\u00e9enne.","og_url":"https:\/\/insulation.trocellen.com\/fr\/applications\/marine\/","og_site_name":"Trocellen Insulation","article_modified_time":"2024-04-08T09:21:17+00:00","og_image":[{"width":1920,"height":300,"url":"https:\/\/insulation.trocellen.com\/wp-content\/uploads\/sites\/6\/2023\/05\/Marine-fejlec.jpg","type":"image\/jpeg"}],"twitter_card":"summary_large_image","twitter_misc":{"Dur\u00e9e de lecture estim\u00e9e":"2 minutes"},"schema":{"@context":"https:\/\/schema.org","@graph":[{"@type":"WebPage","@id":"https:\/\/insulation.trocellen.com\/fr\/applications\/marine\/","url":"https:\/\/insulation.trocellen.com\/fr\/applications\/marine\/","name":"Navycell\u00ae est un isolant bleu clair pour le secteur naval.","isPartOf":{"@id":"https:\/\/insulation.trocellen.com\/fr\/#website"},"primaryImageOfPage":{"@id":"https:\/\/insulation.trocellen.com\/fr\/applications\/marine\/#primaryimage"},"image":{"@id":"https:\/\/insulation.trocellen.com\/fr\/applications\/marine\/#primaryimage"},"thumbnailUrl":"https:\/\/insulation.trocellen.com\/wp-content\/uploads\/sites\/6\/2023\/05\/Marine-fejlec.jpg","datePublished":"2023-01-27T10:01:24+00:00","dateModified":"2024-04-08T09:21:17+00:00","description":"Navycell est con\u00e7u pour satisfaire les demandes sp\u00e9cifiques du secteur naval. La solution \u00e0 3\u00a0couches remplit tous les crit\u00e8res de la directive europ\u00e9enne.","breadcrumb":{"@id":"https:\/\/insulation.trocellen.com\/fr\/applications\/marine\/#breadcrumb"},"inLanguage":"fr-FR","potentialAction":[{"@type":"ReadAction","target":["https:\/\/insulation.trocellen.com\/fr\/applications\/marine\/"]}]},{"@type":"ImageObject","inLanguage":"fr-FR","@id":"https:\/\/insulation.trocellen.com\/fr\/applications\/marine\/#primaryimage","url":"https:\/\/insulation.trocellen.com\/wp-content\/uploads\/sites\/6\/2023\/05\/Marine-fejlec.jpg","contentUrl":"https:\/\/insulation.trocellen.com\/wp-content\/uploads\/sites\/6\/2023\/05\/Marine-fejlec.jpg","width":1920,"height":300},{"@type":"BreadcrumbList","@id":"https:\/\/insulation.trocellen.com\/fr\/applications\/marine\/#breadcrumb","itemListElement":[{"@type":"ListItem","position":1,"name":"Home","item":"https:\/\/insulation.trocellen.com\/fr\/"},{"@type":"ListItem","position":2,"name":"Applications","item":"https:\/\/insulation.trocellen.com\/fr\/applications\/"},{"@type":"ListItem","position":3,"name":"Marine"}]},{"@type":"WebSite","@id":"https:\/\/insulation.trocellen.com\/fr\/#website","url":"https:\/\/insulation.trocellen.com\/fr\/","name":"Trocellen Insulation","description":"","potentialAction":[{"@type":"SearchAction","target":{"@type":"EntryPoint","urlTemplate":"https:\/\/insulation.trocellen.com\/fr\/?s={search_term_string}"},"query-input":{"@type":"PropertyValueSpecification","valueRequired":true,"valueName":"search_term_string"}}],"inLanguage":"fr-FR"}]}},"_links":{"self":[{"href":"https:\/\/insulation.trocellen.com\/fr\/wp-json\/wp\/v2\/pages\/4914","targetHints":{"allow":["GET"]}}],"collection":[{"href":"https:\/\/insulation.trocellen.com\/fr\/wp-json\/wp\/v2\/pages"}],"about":[{"href":"https:\/\/insulation.trocellen.com\/fr\/wp-json\/wp\/v2\/types\/page"}],"author":[{"embeddable":true,"href":"https:\/\/insulation.trocellen.com\/fr\/wp-json\/wp\/v2\/users\/1"}],"replies":[{"embeddable":true,"href":"https:\/\/insulation.trocellen.com\/fr\/wp-json\/wp\/v2\/comments?post=4914"}],"version-history":[{"count":10,"href":"https:\/\/insulation.trocellen.com\/fr\/wp-json\/wp\/v2\/pages\/4914\/revisions"}],"predecessor-version":[{"id":10716,"href":"https:\/\/insulation.trocellen.com\/fr\/wp-json\/wp\/v2\/pages\/4914\/revisions\/10716"}],"up":[{"embeddable":true,"href":"https:\/\/insulation.trocellen.com\/fr\/wp-json\/wp\/v2\/pages\/4835"}],"wp:featuredmedia":[{"embeddable":true,"href":"https:\/\/insulation.trocellen.com\/fr\/wp-json\/wp\/v2\/media\/8868"}],"wp:attachment":[{"href":"https:\/\/insulation.trocellen.com\/fr\/wp-json\/wp\/v2\/media?parent=4914"}],"curies":[{"name":"wp","href":"https:\/\/api.w.org\/{rel}","templated":true}]}}