{"id":4529,"date":"2022-02-03T08:05:43","date_gmt":"2022-02-03T08:05:43","guid":{"rendered":"https:\/\/insulation-new.trocellen.com\/coussin-trocellen-pour-chauffage-urbain\/"},"modified":"2023-07-10T09:24:22","modified_gmt":"2023-07-10T09:24:22","slug":"coussin-trocellen-pour-chauffage-urbain","status":"publish","type":"page","link":"https:\/\/insulation.trocellen.com\/fr\/applications\/chauffage-urbain\/coussin-trocellen-pour-chauffage-urbain\/","title":{"rendered":"Coussin trocellen pour chauffage urbain"},"content":{"rendered":"\n<figure class=\"wp-block-image\"><img decoding=\"async\" src=\"https:\/\/insulation.trocellen.com\/wp-content\/uploads\/sites\/6\/2022\/02\/DHP-pipes.jpg\" alt=\"\" class=\"wp-image-3174\"\/><\/figure>\n\n\n\n<p>Le coussin pour chauffage urbain est le meilleur moyen pour compenser le d\u00e9placement des conduites d\u00fb \u00e0 la dilatation thermique, surtout aux coudes, aux joints en T, etc.<\/p>\n\n\n\n<h2 class=\"wp-block-heading\">Application: <\/h2>\n\n\n\n<p>Installer le coussin pour chauffage urbain aux courbes ext\u00e9rieures et int\u00e9rieures des coudes de conduite. Pour la finition de l\u2019application, prot\u00e9ger le coussin isolant du chauffage urbain par des bandes lamin\u00e9es d\u2019une \u00e9paisseur de 5 mm.<\/p>\n\n\n<div class=\"wp-block-image\">\n<figure class=\"alignright\"><a href=\"https:\/\/insulation.trocellen.com\/wp-content\/uploads\/sites\/6\/2022\/02\/characteristics-large.jpg\"><img decoding=\"async\" src=\"https:\/\/insulation.trocellen.com\/wp-content\/uploads\/sites\/6\/2022\/02\/characteristics.jpg\" alt=\"\" class=\"wp-image-3158\"\/><\/a><\/figure>\n<\/div>\n\n\n<h2 class=\"wp-block-heading\">Caract\u00e9ristiques et avantages:<\/h2>\n\n\n\n<ul class=\"wp-block-list\">\n<li>fabriqu\u00e9 en mousse PE chimiquement r\u00e9ticul\u00e9e<\/li>\n\n\n\n<li>grande plage de tol\u00e9rance thermique de \u201340 \u00e0 95 \u00b0C<\/li>\n\n\n\n<li>respectueux de l\u2019environnement vu qu\u2019il ne contient ni halog\u00e8nes ni substances hydrosolubles nuisibles comme des fr\u00e9ons ni chlorures ou m\u00e9taux lourds (Pb, Cd, Cr)<\/li>\n\n\n\n<li>L\u2019association AGFW : bloc de rigidit\u00e9 moyenne conform\u00e9ment \u00e0 la norme AGFW ; 10 % \u00e0 0,01 Nmm2 et 50 % \u00e0 0,062 Nmm2<\/li>\n\n\n\n<li>Certification conform\u00e9ment \u00e0 la nouvelle norme EN 13941-1:2019, classification de type 2, version moyenne.<\/li>\n\n\n\n<li>Marquage de la face arri\u00e8re du produit conform\u00e9ment \u00e0 la norme EN 13941.<\/li>\n<\/ul>\n\n\n\n<figure class=\"wp-block-image without-mask\"><a href=\"https:\/\/insulation.trocellen.com\/wp-content\/uploads\/sites\/6\/2022\/02\/prop.jpg\"><img decoding=\"async\" src=\"https:\/\/insulation.trocellen.com\/wp-content\/uploads\/sites\/6\/2022\/02\/prop.jpg\" alt=\"\" class=\"wp-image-3171\"\/><\/a><\/figure>\n\n\n\n<figure class=\"wp-block-table\"><table><tbody><tr><td><img loading=\"lazy\" decoding=\"async\" class=\"size-full wp-image-3182 alignleft\" src=\"https:\/\/insulation.trocellen.com\/wp-content\/uploads\/sites\/6\/2022\/02\/DSC06666_ok.jpg\" alt=\"\" width=\"285\" height=\"231\"><\/td><td><img loading=\"lazy\" decoding=\"async\" class=\"size-full wp-image-3181 alignleft\" src=\"https:\/\/insulation.trocellen.com\/wp-content\/uploads\/sites\/6\/2022\/02\/DSC06662_ok.jpg\" alt=\"\" width=\"282\" height=\"265\"><\/td><\/tr><\/tbody><\/table><\/figure>\n","protected":false},"excerpt":{"rendered":"<p>Le coussin pour chauffage urbain est le meilleur moyen pour compenser le d\u00e9placement des conduites d\u00fb \u00e0 la dilatation thermique, surtout aux coudes, aux joints en T, etc. Application: Installer le coussin pour chauffage urbain aux courbes ext\u00e9rieures et int\u00e9rieures des coudes de conduite. Pour la finition de l\u2019application, prot\u00e9ger le coussin isolant du chauffage [&hellip;]<\/p>\n","protected":false},"author":1,"featured_media":8920,"parent":4535,"menu_order":100,"comment_status":"closed","ping_status":"closed","template":"templates\/applications.php","meta":{"_acf_changed":false,"footnotes":""},"class_list":["post-4529","page","type-page","status-publish","has-post-thumbnail","hentry"],"acf":[],"yoast_head":"<!-- This site is optimized with the Yoast SEO plugin v23.5 - https:\/\/yoast.com\/wordpress\/plugins\/seo\/ -->\n<title>Solution Trocellen pour les probl\u00e8mes du chauffage urbain<\/title>\n<meta name=\"description\" content=\"Le protecteur de chauffage urbain Trocellen est id\u00e9al pour compenser le d\u00e9placement des tuyaux issu des expansions, surtout aux courbes\/raccords en T, etc.\" \/>\n<meta name=\"robots\" content=\"index, follow, max-snippet:-1, max-image-preview:large, max-video-preview:-1\" \/>\n<link rel=\"canonical\" href=\"https:\/\/insulation.trocellen.com\/fr\/applications\/chauffage-urbain\/coussin-trocellen-pour-chauffage-urbain\/\" \/>\n<meta property=\"og:locale\" content=\"fr_FR\" \/>\n<meta property=\"og:type\" content=\"article\" \/>\n<meta property=\"og:title\" content=\"Solution Trocellen pour les probl\u00e8mes du chauffage urbain\" \/>\n<meta property=\"og:description\" content=\"Le protecteur de chauffage urbain Trocellen est id\u00e9al pour compenser le d\u00e9placement des tuyaux issu des expansions, surtout aux courbes\/raccords en T, etc.\" \/>\n<meta property=\"og:url\" content=\"https:\/\/insulation.trocellen.com\/fr\/applications\/chauffage-urbain\/coussin-trocellen-pour-chauffage-urbain\/\" \/>\n<meta property=\"og:site_name\" content=\"Trocellen Insulation\" \/>\n<meta property=\"article:modified_time\" content=\"2023-07-10T09:24:22+00:00\" \/>\n<meta property=\"og:image\" content=\"https:\/\/insulation.trocellen.com\/wp-content\/uploads\/sites\/6\/2023\/05\/DHP-fejlec.jpg\" \/>\n\t<meta property=\"og:image:width\" content=\"1920\" \/>\n\t<meta property=\"og:image:height\" content=\"300\" \/>\n\t<meta property=\"og:image:type\" content=\"image\/jpeg\" \/>\n<meta name=\"twitter:card\" content=\"summary_large_image\" \/>\n<meta name=\"twitter:label1\" content=\"Dur\u00e9e de lecture estim\u00e9e\" \/>\n\t<meta name=\"twitter:data1\" content=\"2 minutes\" \/>\n<script type=\"application\/ld+json\" class=\"yoast-schema-graph\">{\"@context\":\"https:\/\/schema.org\",\"@graph\":[{\"@type\":\"WebPage\",\"@id\":\"https:\/\/insulation.trocellen.com\/fr\/applications\/chauffage-urbain\/coussin-trocellen-pour-chauffage-urbain\/\",\"url\":\"https:\/\/insulation.trocellen.com\/fr\/applications\/chauffage-urbain\/coussin-trocellen-pour-chauffage-urbain\/\",\"name\":\"Solution Trocellen pour les probl\u00e8mes du chauffage urbain\",\"isPartOf\":{\"@id\":\"https:\/\/insulation.trocellen.com\/fr\/#website\"},\"primaryImageOfPage\":{\"@id\":\"https:\/\/insulation.trocellen.com\/fr\/applications\/chauffage-urbain\/coussin-trocellen-pour-chauffage-urbain\/#primaryimage\"},\"image\":{\"@id\":\"https:\/\/insulation.trocellen.com\/fr\/applications\/chauffage-urbain\/coussin-trocellen-pour-chauffage-urbain\/#primaryimage\"},\"thumbnailUrl\":\"https:\/\/insulation.trocellen.com\/wp-content\/uploads\/sites\/6\/2023\/05\/DHP-fejlec.jpg\",\"datePublished\":\"2022-02-03T08:05:43+00:00\",\"dateModified\":\"2023-07-10T09:24:22+00:00\",\"description\":\"Le protecteur de chauffage urbain Trocellen est id\u00e9al pour compenser le d\u00e9placement des tuyaux issu des expansions, surtout aux courbes\/raccords en T, etc.\",\"breadcrumb\":{\"@id\":\"https:\/\/insulation.trocellen.com\/fr\/applications\/chauffage-urbain\/coussin-trocellen-pour-chauffage-urbain\/#breadcrumb\"},\"inLanguage\":\"fr-FR\",\"potentialAction\":[{\"@type\":\"ReadAction\",\"target\":[\"https:\/\/insulation.trocellen.com\/fr\/applications\/chauffage-urbain\/coussin-trocellen-pour-chauffage-urbain\/\"]}]},{\"@type\":\"ImageObject\",\"inLanguage\":\"fr-FR\",\"@id\":\"https:\/\/insulation.trocellen.com\/fr\/applications\/chauffage-urbain\/coussin-trocellen-pour-chauffage-urbain\/#primaryimage\",\"url\":\"https:\/\/insulation.trocellen.com\/wp-content\/uploads\/sites\/6\/2023\/05\/DHP-fejlec.jpg\",\"contentUrl\":\"https:\/\/insulation.trocellen.com\/wp-content\/uploads\/sites\/6\/2023\/05\/DHP-fejlec.jpg\",\"width\":1920,\"height\":300},{\"@type\":\"BreadcrumbList\",\"@id\":\"https:\/\/insulation.trocellen.com\/fr\/applications\/chauffage-urbain\/coussin-trocellen-pour-chauffage-urbain\/#breadcrumb\",\"itemListElement\":[{\"@type\":\"ListItem\",\"position\":1,\"name\":\"Home\",\"item\":\"https:\/\/insulation.trocellen.com\/fr\/\"},{\"@type\":\"ListItem\",\"position\":2,\"name\":\"Applications\",\"item\":\"https:\/\/insulation.trocellen.com\/fr\/applications\/\"},{\"@type\":\"ListItem\",\"position\":3,\"name\":\"Chauffage urbain\",\"item\":\"https:\/\/insulation.trocellen.com\/fr\/applications\/chauffage-urbain\/\"},{\"@type\":\"ListItem\",\"position\":4,\"name\":\"Coussin trocellen pour chauffage urbain\"}]},{\"@type\":\"WebSite\",\"@id\":\"https:\/\/insulation.trocellen.com\/fr\/#website\",\"url\":\"https:\/\/insulation.trocellen.com\/fr\/\",\"name\":\"Trocellen Insulation\",\"description\":\"\",\"potentialAction\":[{\"@type\":\"SearchAction\",\"target\":{\"@type\":\"EntryPoint\",\"urlTemplate\":\"https:\/\/insulation.trocellen.com\/fr\/?s={search_term_string}\"},\"query-input\":{\"@type\":\"PropertyValueSpecification\",\"valueRequired\":true,\"valueName\":\"search_term_string\"}}],\"inLanguage\":\"fr-FR\"}]}<\/script>\n<!-- \/ Yoast SEO plugin. -->","yoast_head_json":{"title":"Solution Trocellen pour les probl\u00e8mes du chauffage urbain","description":"Le protecteur de chauffage urbain Trocellen est id\u00e9al pour compenser le d\u00e9placement des tuyaux issu des expansions, surtout aux courbes\/raccords en T, etc.","robots":{"index":"index","follow":"follow","max-snippet":"max-snippet:-1","max-image-preview":"max-image-preview:large","max-video-preview":"max-video-preview:-1"},"canonical":"https:\/\/insulation.trocellen.com\/fr\/applications\/chauffage-urbain\/coussin-trocellen-pour-chauffage-urbain\/","og_locale":"fr_FR","og_type":"article","og_title":"Solution Trocellen pour les probl\u00e8mes du chauffage urbain","og_description":"Le protecteur de chauffage urbain Trocellen est id\u00e9al pour compenser le d\u00e9placement des tuyaux issu des expansions, surtout aux courbes\/raccords en T, etc.","og_url":"https:\/\/insulation.trocellen.com\/fr\/applications\/chauffage-urbain\/coussin-trocellen-pour-chauffage-urbain\/","og_site_name":"Trocellen Insulation","article_modified_time":"2023-07-10T09:24:22+00:00","og_image":[{"width":1920,"height":300,"url":"https:\/\/insulation.trocellen.com\/wp-content\/uploads\/sites\/6\/2023\/05\/DHP-fejlec.jpg","type":"image\/jpeg"}],"twitter_card":"summary_large_image","twitter_misc":{"Dur\u00e9e de lecture estim\u00e9e":"2 minutes"},"schema":{"@context":"https:\/\/schema.org","@graph":[{"@type":"WebPage","@id":"https:\/\/insulation.trocellen.com\/fr\/applications\/chauffage-urbain\/coussin-trocellen-pour-chauffage-urbain\/","url":"https:\/\/insulation.trocellen.com\/fr\/applications\/chauffage-urbain\/coussin-trocellen-pour-chauffage-urbain\/","name":"Solution Trocellen pour les probl\u00e8mes du chauffage urbain","isPartOf":{"@id":"https:\/\/insulation.trocellen.com\/fr\/#website"},"primaryImageOfPage":{"@id":"https:\/\/insulation.trocellen.com\/fr\/applications\/chauffage-urbain\/coussin-trocellen-pour-chauffage-urbain\/#primaryimage"},"image":{"@id":"https:\/\/insulation.trocellen.com\/fr\/applications\/chauffage-urbain\/coussin-trocellen-pour-chauffage-urbain\/#primaryimage"},"thumbnailUrl":"https:\/\/insulation.trocellen.com\/wp-content\/uploads\/sites\/6\/2023\/05\/DHP-fejlec.jpg","datePublished":"2022-02-03T08:05:43+00:00","dateModified":"2023-07-10T09:24:22+00:00","description":"Le protecteur de chauffage urbain Trocellen est id\u00e9al pour compenser le d\u00e9placement des tuyaux issu des expansions, surtout aux courbes\/raccords en T, etc.","breadcrumb":{"@id":"https:\/\/insulation.trocellen.com\/fr\/applications\/chauffage-urbain\/coussin-trocellen-pour-chauffage-urbain\/#breadcrumb"},"inLanguage":"fr-FR","potentialAction":[{"@type":"ReadAction","target":["https:\/\/insulation.trocellen.com\/fr\/applications\/chauffage-urbain\/coussin-trocellen-pour-chauffage-urbain\/"]}]},{"@type":"ImageObject","inLanguage":"fr-FR","@id":"https:\/\/insulation.trocellen.com\/fr\/applications\/chauffage-urbain\/coussin-trocellen-pour-chauffage-urbain\/#primaryimage","url":"https:\/\/insulation.trocellen.com\/wp-content\/uploads\/sites\/6\/2023\/05\/DHP-fejlec.jpg","contentUrl":"https:\/\/insulation.trocellen.com\/wp-content\/uploads\/sites\/6\/2023\/05\/DHP-fejlec.jpg","width":1920,"height":300},{"@type":"BreadcrumbList","@id":"https:\/\/insulation.trocellen.com\/fr\/applications\/chauffage-urbain\/coussin-trocellen-pour-chauffage-urbain\/#breadcrumb","itemListElement":[{"@type":"ListItem","position":1,"name":"Home","item":"https:\/\/insulation.trocellen.com\/fr\/"},{"@type":"ListItem","position":2,"name":"Applications","item":"https:\/\/insulation.trocellen.com\/fr\/applications\/"},{"@type":"ListItem","position":3,"name":"Chauffage urbain","item":"https:\/\/insulation.trocellen.com\/fr\/applications\/chauffage-urbain\/"},{"@type":"ListItem","position":4,"name":"Coussin trocellen pour chauffage urbain"}]},{"@type":"WebSite","@id":"https:\/\/insulation.trocellen.com\/fr\/#website","url":"https:\/\/insulation.trocellen.com\/fr\/","name":"Trocellen Insulation","description":"","potentialAction":[{"@type":"SearchAction","target":{"@type":"EntryPoint","urlTemplate":"https:\/\/insulation.trocellen.com\/fr\/?s={search_term_string}"},"query-input":{"@type":"PropertyValueSpecification","valueRequired":true,"valueName":"search_term_string"}}],"inLanguage":"fr-FR"}]}},"_links":{"self":[{"href":"https:\/\/insulation.trocellen.com\/fr\/wp-json\/wp\/v2\/pages\/4529","targetHints":{"allow":["GET"]}}],"collection":[{"href":"https:\/\/insulation.trocellen.com\/fr\/wp-json\/wp\/v2\/pages"}],"about":[{"href":"https:\/\/insulation.trocellen.com\/fr\/wp-json\/wp\/v2\/types\/page"}],"author":[{"embeddable":true,"href":"https:\/\/insulation.trocellen.com\/fr\/wp-json\/wp\/v2\/users\/1"}],"replies":[{"embeddable":true,"href":"https:\/\/insulation.trocellen.com\/fr\/wp-json\/wp\/v2\/comments?post=4529"}],"version-history":[{"count":4,"href":"https:\/\/insulation.trocellen.com\/fr\/wp-json\/wp\/v2\/pages\/4529\/revisions"}],"predecessor-version":[{"id":9723,"href":"https:\/\/insulation.trocellen.com\/fr\/wp-json\/wp\/v2\/pages\/4529\/revisions\/9723"}],"up":[{"embeddable":true,"href":"https:\/\/insulation.trocellen.com\/fr\/wp-json\/wp\/v2\/pages\/4535"}],"wp:featuredmedia":[{"embeddable":true,"href":"https:\/\/insulation.trocellen.com\/fr\/wp-json\/wp\/v2\/media\/8920"}],"wp:attachment":[{"href":"https:\/\/insulation.trocellen.com\/fr\/wp-json\/wp\/v2\/media?parent=4529"}],"curies":[{"name":"wp","href":"https:\/\/api.w.org\/{rel}","templated":true}]}}