{"id":4503,"date":"2021-03-08T12:16:36","date_gmt":"2021-03-08T12:16:36","guid":{"rendered":"https:\/\/insulation-new.trocellen.com\/onepagers-de-bricolage\/"},"modified":"2025-02-03T08:59:00","modified_gmt":"2025-02-03T08:59:00","slug":"onepagers-de-bricolage","status":"publish","type":"page","link":"https:\/\/insulation.trocellen.com\/fr\/outils\/onepagers-de-bricolage\/","title":{"rendered":"Onepagers de bricolage"},"content":{"rendered":"\n<p><strong>TROCELLEN TAPES<\/strong><\/p>\n\n\n\n<ul class=\"wp-block-list\">\n<li><a href=\"https:\/\/go.insulation.trocellen.com\/TROCELLEN-ALU-DUPLEX-45-mm_pdf\" target=\"_blank\" rel=\"noreferrer noopener\">TROCELLEN ALU DUPLEX 45 mm<\/a><\/li>\n<\/ul>\n\n\n\n<p><strong>TROCELLEN GASKET<\/strong><\/p>\n\n\n\n<ul class=\"wp-block-list\">\n<li><a href=\"https:\/\/go.insulation.trocellen.com\/TROCELLEN-GASKET-N-5mm_pdf\" target=\"_blank\" rel=\"noreferrer noopener\">TROCELLEN GASKET N 5mm<\/a><\/li>\n\n\n\n<li><a href=\"https:\/\/go.insulation.trocellen.com\/TROCELLEN-GASKET-N-5mm-HR_pdf\" target=\"_blank\" rel=\"noreferrer noopener\">TROCELLEN GASKET N 5mm HR<\/a><\/li>\n\n\n\n<li><a href=\"https:\/\/go.insulation.trocellen.com\/TROCELLEN-GASKET-N-3mm_pdf\" target=\"_blank\" rel=\"noreferrer noopener\">TROCELLEN GASKET N 3mm<\/a><\/li>\n\n\n\n<li><a href=\"https:\/\/go.insulation.trocellen.com\/TROCELLEN-GASKET-N-3mm-HR_pdf\" target=\"_blank\" rel=\"noreferrer noopener\">TROCELLEN GASKET N 3mm HR<\/a><\/li>\n\n\n\n<li><a href=\"https:\/\/go.insulation.trocellen.com\/TROCELLEN-GASKET-AL-CL1-3mm-HR_pdf\" target=\"_blank\" rel=\"noreferrer noopener\">TROCELLEN GASKET AL-CL1 3mm HR<\/a><\/li>\n<\/ul>\n\n\n\n<p><strong>TROCELLEN ROLLS<\/strong><\/p>\n\n\n\n<ul class=\"wp-block-list\">\n<li><a href=\"https:\/\/go.insulation.trocellen.com\/TROCELLEN-ROLLER-SHUTTER-6mm_pdf\" target=\"_blank\" rel=\"noreferrer noopener\">TROCELLEN ROLLER SHUTTER 6mm<\/a><\/li>\n\n\n\n<li><a href=\"https:\/\/insulation.trocellen.com\/wp-content\/uploads\/sites\/6\/2022\/02\/TROCELLEN-ROLLER-SHUTTER-3mm.pdf\" target=\"_blank\" rel=\"noreferrer noopener\">TROCELLEN ROLLER SHUTTER 3mm<\/a><\/li>\n\n\n\n<li><a href=\"https:\/\/go.insulation.trocellen.com\/TROCELLEN-HEAT-MIRROR_pdf\" target=\"_blank\" rel=\"noreferrer noopener\">TROCELLEN HEAT MIRROR<\/a><\/li>\n\n\n\n<li><a href=\"https:\/\/go.insulation.trocellen.com\/TROCELLEN-ROLLER-SHUTTER-8mm_IT_EN_DE_FR_pdf\" target=\"_blank\" rel=\"noreferrer noopener\">TROCELLEN ROLLER SHUTTER 8mm<\/a><\/li>\n<\/ul>\n\n\n\n<p><strong>INFORMATIONS SUR LES MISES EN GARDE ET LA S\u00c9CURIT\u00c9<\/strong><\/p>\n\n\n\n<p><a href=\"https:\/\/go.insulation.trocellen.com\/l\/922423\/2025-02-03\/2yq5nf\">Informations sur les mises en garde et la s\u00e9curit\u00e9<\/a><\/p>\n","protected":false},"excerpt":{"rendered":"<p>TROCELLEN TAPES TROCELLEN GASKET TROCELLEN ROLLS INFORMATIONS SUR LES MISES EN GARDE ET LA S\u00c9CURIT\u00c9 Informations sur les mises en garde et la s\u00e9curit\u00e9<\/p>\n","protected":false},"author":1,"featured_media":8771,"parent":4427,"menu_order":700,"comment_status":"closed","ping_status":"closed","template":"","meta":{"_acf_changed":false,"footnotes":""},"class_list":["post-4503","page","type-page","status-publish","has-post-thumbnail","hentry"],"acf":[],"yoast_head":"<!-- This site is optimized with the Yoast SEO plugin v23.5 - https:\/\/yoast.com\/wordpress\/plugins\/seo\/ -->\n<title>T\u00e9l\u00e9charger les fiches des produits de bricolage Trocellen\u00a0!<\/title>\n<meta name=\"description\" content=\"Comment choisir et \u00e0 quoi servent-ils\u00a0? Pour en savoir plus, consulter les fiches d\u2019information des produits d\u2019isolation de Trocellen\" \/>\n<meta name=\"robots\" content=\"index, follow, max-snippet:-1, max-image-preview:large, max-video-preview:-1\" \/>\n<link rel=\"canonical\" href=\"https:\/\/insulation.trocellen.com\/fr\/outils\/onepagers-de-bricolage\/\" \/>\n<meta property=\"og:locale\" content=\"fr_FR\" \/>\n<meta property=\"og:type\" content=\"article\" \/>\n<meta property=\"og:title\" content=\"T\u00e9l\u00e9charger les fiches des produits de bricolage Trocellen\u00a0!\" \/>\n<meta property=\"og:description\" content=\"Comment choisir et \u00e0 quoi servent-ils\u00a0? Pour en savoir plus, consulter les fiches d\u2019information des produits d\u2019isolation de Trocellen\" \/>\n<meta property=\"og:url\" content=\"https:\/\/insulation.trocellen.com\/fr\/outils\/onepagers-de-bricolage\/\" \/>\n<meta property=\"og:site_name\" content=\"Trocellen Insulation\" \/>\n<meta property=\"article:modified_time\" content=\"2025-02-03T08:59:00+00:00\" \/>\n<meta property=\"og:image\" content=\"https:\/\/insulation.trocellen.com\/wp-content\/uploads\/sites\/6\/2023\/05\/Declarations-fejlec.jpg\" \/>\n\t<meta property=\"og:image:width\" content=\"1920\" \/>\n\t<meta property=\"og:image:height\" content=\"300\" \/>\n\t<meta property=\"og:image:type\" content=\"image\/jpeg\" \/>\n<meta name=\"twitter:card\" content=\"summary_large_image\" \/>\n<meta name=\"twitter:label1\" content=\"Dur\u00e9e de lecture estim\u00e9e\" \/>\n\t<meta name=\"twitter:data1\" content=\"1 minute\" \/>\n<script type=\"application\/ld+json\" class=\"yoast-schema-graph\">{\"@context\":\"https:\/\/schema.org\",\"@graph\":[{\"@type\":\"WebPage\",\"@id\":\"https:\/\/insulation.trocellen.com\/fr\/outils\/onepagers-de-bricolage\/\",\"url\":\"https:\/\/insulation.trocellen.com\/fr\/outils\/onepagers-de-bricolage\/\",\"name\":\"T\u00e9l\u00e9charger les fiches des produits de bricolage Trocellen\u00a0!\",\"isPartOf\":{\"@id\":\"https:\/\/insulation.trocellen.com\/fr\/#website\"},\"primaryImageOfPage\":{\"@id\":\"https:\/\/insulation.trocellen.com\/fr\/outils\/onepagers-de-bricolage\/#primaryimage\"},\"image\":{\"@id\":\"https:\/\/insulation.trocellen.com\/fr\/outils\/onepagers-de-bricolage\/#primaryimage\"},\"thumbnailUrl\":\"https:\/\/insulation.trocellen.com\/wp-content\/uploads\/sites\/6\/2023\/05\/Declarations-fejlec.jpg\",\"datePublished\":\"2021-03-08T12:16:36+00:00\",\"dateModified\":\"2025-02-03T08:59:00+00:00\",\"description\":\"Comment choisir et \u00e0 quoi servent-ils\u00a0? Pour en savoir plus, consulter les fiches d\u2019information des produits d\u2019isolation de Trocellen\",\"breadcrumb\":{\"@id\":\"https:\/\/insulation.trocellen.com\/fr\/outils\/onepagers-de-bricolage\/#breadcrumb\"},\"inLanguage\":\"fr-FR\",\"potentialAction\":[{\"@type\":\"ReadAction\",\"target\":[\"https:\/\/insulation.trocellen.com\/fr\/outils\/onepagers-de-bricolage\/\"]}]},{\"@type\":\"ImageObject\",\"inLanguage\":\"fr-FR\",\"@id\":\"https:\/\/insulation.trocellen.com\/fr\/outils\/onepagers-de-bricolage\/#primaryimage\",\"url\":\"https:\/\/insulation.trocellen.com\/wp-content\/uploads\/sites\/6\/2023\/05\/Declarations-fejlec.jpg\",\"contentUrl\":\"https:\/\/insulation.trocellen.com\/wp-content\/uploads\/sites\/6\/2023\/05\/Declarations-fejlec.jpg\",\"width\":1920,\"height\":300},{\"@type\":\"BreadcrumbList\",\"@id\":\"https:\/\/insulation.trocellen.com\/fr\/outils\/onepagers-de-bricolage\/#breadcrumb\",\"itemListElement\":[{\"@type\":\"ListItem\",\"position\":1,\"name\":\"Home\",\"item\":\"https:\/\/insulation.trocellen.com\/fr\/\"},{\"@type\":\"ListItem\",\"position\":2,\"name\":\"Outils\",\"item\":\"https:\/\/insulation.trocellen.com\/fr\/outils\/\"},{\"@type\":\"ListItem\",\"position\":3,\"name\":\"Onepagers de bricolage\"}]},{\"@type\":\"WebSite\",\"@id\":\"https:\/\/insulation.trocellen.com\/fr\/#website\",\"url\":\"https:\/\/insulation.trocellen.com\/fr\/\",\"name\":\"Trocellen Insulation\",\"description\":\"\",\"potentialAction\":[{\"@type\":\"SearchAction\",\"target\":{\"@type\":\"EntryPoint\",\"urlTemplate\":\"https:\/\/insulation.trocellen.com\/fr\/?s={search_term_string}\"},\"query-input\":{\"@type\":\"PropertyValueSpecification\",\"valueRequired\":true,\"valueName\":\"search_term_string\"}}],\"inLanguage\":\"fr-FR\"}]}<\/script>\n<!-- \/ Yoast SEO plugin. -->","yoast_head_json":{"title":"T\u00e9l\u00e9charger les fiches des produits de bricolage Trocellen\u00a0!","description":"Comment choisir et \u00e0 quoi servent-ils\u00a0? Pour en savoir plus, consulter les fiches d\u2019information des produits d\u2019isolation de Trocellen","robots":{"index":"index","follow":"follow","max-snippet":"max-snippet:-1","max-image-preview":"max-image-preview:large","max-video-preview":"max-video-preview:-1"},"canonical":"https:\/\/insulation.trocellen.com\/fr\/outils\/onepagers-de-bricolage\/","og_locale":"fr_FR","og_type":"article","og_title":"T\u00e9l\u00e9charger les fiches des produits de bricolage Trocellen\u00a0!","og_description":"Comment choisir et \u00e0 quoi servent-ils\u00a0? Pour en savoir plus, consulter les fiches d\u2019information des produits d\u2019isolation de Trocellen","og_url":"https:\/\/insulation.trocellen.com\/fr\/outils\/onepagers-de-bricolage\/","og_site_name":"Trocellen Insulation","article_modified_time":"2025-02-03T08:59:00+00:00","og_image":[{"width":1920,"height":300,"url":"https:\/\/insulation.trocellen.com\/wp-content\/uploads\/sites\/6\/2023\/05\/Declarations-fejlec.jpg","type":"image\/jpeg"}],"twitter_card":"summary_large_image","twitter_misc":{"Dur\u00e9e de lecture estim\u00e9e":"1 minute"},"schema":{"@context":"https:\/\/schema.org","@graph":[{"@type":"WebPage","@id":"https:\/\/insulation.trocellen.com\/fr\/outils\/onepagers-de-bricolage\/","url":"https:\/\/insulation.trocellen.com\/fr\/outils\/onepagers-de-bricolage\/","name":"T\u00e9l\u00e9charger les fiches des produits de bricolage Trocellen\u00a0!","isPartOf":{"@id":"https:\/\/insulation.trocellen.com\/fr\/#website"},"primaryImageOfPage":{"@id":"https:\/\/insulation.trocellen.com\/fr\/outils\/onepagers-de-bricolage\/#primaryimage"},"image":{"@id":"https:\/\/insulation.trocellen.com\/fr\/outils\/onepagers-de-bricolage\/#primaryimage"},"thumbnailUrl":"https:\/\/insulation.trocellen.com\/wp-content\/uploads\/sites\/6\/2023\/05\/Declarations-fejlec.jpg","datePublished":"2021-03-08T12:16:36+00:00","dateModified":"2025-02-03T08:59:00+00:00","description":"Comment choisir et \u00e0 quoi servent-ils\u00a0? Pour en savoir plus, consulter les fiches d\u2019information des produits d\u2019isolation de Trocellen","breadcrumb":{"@id":"https:\/\/insulation.trocellen.com\/fr\/outils\/onepagers-de-bricolage\/#breadcrumb"},"inLanguage":"fr-FR","potentialAction":[{"@type":"ReadAction","target":["https:\/\/insulation.trocellen.com\/fr\/outils\/onepagers-de-bricolage\/"]}]},{"@type":"ImageObject","inLanguage":"fr-FR","@id":"https:\/\/insulation.trocellen.com\/fr\/outils\/onepagers-de-bricolage\/#primaryimage","url":"https:\/\/insulation.trocellen.com\/wp-content\/uploads\/sites\/6\/2023\/05\/Declarations-fejlec.jpg","contentUrl":"https:\/\/insulation.trocellen.com\/wp-content\/uploads\/sites\/6\/2023\/05\/Declarations-fejlec.jpg","width":1920,"height":300},{"@type":"BreadcrumbList","@id":"https:\/\/insulation.trocellen.com\/fr\/outils\/onepagers-de-bricolage\/#breadcrumb","itemListElement":[{"@type":"ListItem","position":1,"name":"Home","item":"https:\/\/insulation.trocellen.com\/fr\/"},{"@type":"ListItem","position":2,"name":"Outils","item":"https:\/\/insulation.trocellen.com\/fr\/outils\/"},{"@type":"ListItem","position":3,"name":"Onepagers de bricolage"}]},{"@type":"WebSite","@id":"https:\/\/insulation.trocellen.com\/fr\/#website","url":"https:\/\/insulation.trocellen.com\/fr\/","name":"Trocellen Insulation","description":"","potentialAction":[{"@type":"SearchAction","target":{"@type":"EntryPoint","urlTemplate":"https:\/\/insulation.trocellen.com\/fr\/?s={search_term_string}"},"query-input":{"@type":"PropertyValueSpecification","valueRequired":true,"valueName":"search_term_string"}}],"inLanguage":"fr-FR"}]}},"_links":{"self":[{"href":"https:\/\/insulation.trocellen.com\/fr\/wp-json\/wp\/v2\/pages\/4503","targetHints":{"allow":["GET"]}}],"collection":[{"href":"https:\/\/insulation.trocellen.com\/fr\/wp-json\/wp\/v2\/pages"}],"about":[{"href":"https:\/\/insulation.trocellen.com\/fr\/wp-json\/wp\/v2\/types\/page"}],"author":[{"embeddable":true,"href":"https:\/\/insulation.trocellen.com\/fr\/wp-json\/wp\/v2\/users\/1"}],"replies":[{"embeddable":true,"href":"https:\/\/insulation.trocellen.com\/fr\/wp-json\/wp\/v2\/comments?post=4503"}],"version-history":[{"count":5,"href":"https:\/\/insulation.trocellen.com\/fr\/wp-json\/wp\/v2\/pages\/4503\/revisions"}],"predecessor-version":[{"id":11093,"href":"https:\/\/insulation.trocellen.com\/fr\/wp-json\/wp\/v2\/pages\/4503\/revisions\/11093"}],"up":[{"embeddable":true,"href":"https:\/\/insulation.trocellen.com\/fr\/wp-json\/wp\/v2\/pages\/4427"}],"wp:featuredmedia":[{"embeddable":true,"href":"https:\/\/insulation.trocellen.com\/fr\/wp-json\/wp\/v2\/media\/8771"}],"wp:attachment":[{"href":"https:\/\/insulation.trocellen.com\/fr\/wp-json\/wp\/v2\/media?parent=4503"}],"curies":[{"name":"wp","href":"https:\/\/api.w.org\/{rel}","templated":true}]}}