{"id":4469,"date":"2020-07-09T13:22:39","date_gmt":"2020-07-09T13:22:39","guid":{"rendered":"https:\/\/insulation-new.trocellen.com\/isolmass-3-tech-fr\/"},"modified":"2023-10-20T12:42:43","modified_gmt":"2023-10-20T12:42:43","slug":"isolmass-3-tech-fr","status":"publish","type":"page","link":"https:\/\/insulation.trocellen.com\/fr\/applications\/isolation-sonore-pour-tuyauterie-devacuation\/isolmass-3-tech-fr\/","title":{"rendered":"ISOLMASS 3 TECH FR"},"content":{"rendered":"<h3>PRODUIT AVEC MASSE LOURDE&nbsp;: L\u2019ALTERNATIVE AU PLOMB<\/h3>\n<p>Sous l\u2019enseigne APLOMB, TROCELLEN commercialise un produit \u00e0 couches multiples depuis plusieurs ann\u00e9es, avec une ou plusieurs feuilles de plomb, lamin\u00e9 avec des mat\u00e9riaux d\u2019isolation flexibles. Le plomb n\u2019est pas toujours facilement accept\u00e9 par les installateurs et les concepteurs&nbsp;; c\u2019est pourquoi nous avons d\u00e9velopp\u00e9 un alternatif avec une masse lourde en polyol\u00e9fine.<\/p>\n<h3>AVANTAGES<\/h3>\n<table class=\"with-border\">\n<tbody>\n<tr>\n<td>FINITION<\/td>\n<td>Produits \u00e0 couches multiples \u00e0 base de polyol\u00e9fine<\/td>\n<\/tr>\n<tr>\n<td>CONFORT<\/td>\n<td>R\u00e9duction des bruits<\/td>\n<\/tr>\n<tr>\n<td>S\u00c9CURIT\u00c9<\/td>\n<td>Sans plomb<\/td>\n<\/tr>\n<tr>\n<td>BON RAPPORT QUALIT\u00c9-PRIX<\/td>\n<td>Haute performance et faible \u00e9paisseur<\/td>\n<\/tr>\n<tr>\n<td>APPLICATIONS<\/td>\n<td>Adapt\u00e9 aux murs, aux tuyaux et aux \u00e9quipements techniques<\/td>\n<\/tr>\n<\/tbody>\n<\/table>\n<h3>LIGNE DE PRODUITS ISOLMASS<\/h3>\n<p>Une gamme de produits \u00e0 couches multiples, avec une masse lourde, lamin\u00e9e avec des mat\u00e9riaux flexibles, r\u00e9sistants, absorbant les sons.<\/p>\n<h2>Isolmass 3 Tech FR<\/h2>\n<p><strong>Composition:<\/strong><\/p>\n<ul>\n<li>(en option) ALUNET.&nbsp;: film aluminium renforc\u00e9<\/li>\n<li>masse lourde pesant 3 kg\/m., \u00e9paisseur de 1,5 mm<\/li>\n<li>couche de fibres polyester (PET), \u00e9paisseur&nbsp;: 12&nbsp;mm,&nbsp;avec 85% de mati\u00e8re issue du recyclage de produits pr\u00e9-existants &nbsp;selon ISO 14021<\/li>\n<li>Dimensions&nbsp;: feuilles de 1,00 m x 2,00 m<\/li>\n<\/ul>\n<p><strong>Applications:<\/strong><\/p>\n<p>Isolation sonore de la tuyauterie d\u2019\u00e9vacuation. Le produit doit \u00eatre install\u00e9 avec les fibres polyesters en contact avec les tuyaux. Enroulez-le autour des tuyaux, appliquez des rubans adh\u00e9sifs aux jonctions, et finalement fixez-le m\u00e9caniquement avec des sangles ou des colliers en plastique\/en m\u00e9tal.<\/p>\n<p><strong>Propri\u00e9t\u00e9s acoustiques:<\/strong><\/p>\n<p>Isolation sonore des bruits a\u00e9riens et de structure sur les installations de tuyauterie d\u2019\u00e9vacuation \u2013 R\u00e9duction du niveau de pression acoustique normalis\u00e9 Lan (EN 14366), selon les diff\u00e9rents d\u00e9bits d\u2019eau&nbsp;:<\/p>\n<table class=\"with-border\">\n<tbody>\n<tr style=\"height: 59.125px;\">\n<td style=\"height: 115.125px;\" rowspan=\"2\" width=\"321\">ISOLMASS 3 TECH FR \u2013 INSTALLATION SUR TUYAUX<\/td>\n<td style=\"height: 59.125px;\" colspan=\"4\" width=\"321\">DEBIT D\u2019EAU<\/td>\n<\/tr>\n<tr style=\"height: 56px;\">\n<td style=\"height: 56px;\" width=\"76\">0,5 l\/s<\/td>\n<td style=\"height: 56px;\" width=\"85\">1 l\/s<\/td>\n<td style=\"height: 56px;\" width=\"76\">2 l\/s<\/td>\n<td style=\"height: 56px;\" width=\"85\">4 l\/s<\/td>\n<\/tr>\n<tr style=\"height: 80px;\">\n<td style=\"height: 80px;\" width=\"321\">\u2206Lan \u2013 Affaiblissement d\u2019insertion des bruits a\u00e9riens [dB(A)]<\/td>\n<td style=\"height: 80px;\" width=\"76\">12,8<\/td>\n<td style=\"height: 80px;\" width=\"85\">11,3<\/td>\n<td style=\"height: 80px;\" width=\"76\">10,6<\/td>\n<td style=\"height: 80px;\" width=\"85\">10,2<\/td>\n<\/tr>\n<\/tbody>\n<\/table>\n<p><strong>R\u00e9action au feu:<\/strong><\/p>\n<ul>\n<li>EN 13501-1 Euroclasse : B-s2,d0 \/ BL-s1,d0<\/li>\n<li>ISO 3575 100 mm\/min : Conforme<\/li>\n<li>DIN 4102 Classe B2&nbsp;: Conforme<\/li>\n<\/ul>\n","protected":false},"excerpt":{"rendered":"<p>PRODUIT AVEC MASSE LOURDE&nbsp;: L\u2019ALTERNATIVE AU PLOMB Sous l\u2019enseigne APLOMB, TROCELLEN commercialise un produit \u00e0 couches multiples depuis plusieurs ann\u00e9es, avec une ou plusieurs feuilles de plomb, lamin\u00e9 avec des mat\u00e9riaux d\u2019isolation flexibles. Le plomb n\u2019est pas toujours facilement accept\u00e9 par les installateurs et les concepteurs&nbsp;; c\u2019est pourquoi nous avons d\u00e9velopp\u00e9 un alternatif avec une [&hellip;]<\/p>\n","protected":false},"author":1,"featured_media":8840,"parent":4123,"menu_order":100,"comment_status":"closed","ping_status":"closed","template":"templates\/applications.php","meta":{"_acf_changed":false,"footnotes":""},"class_list":["post-4469","page","type-page","status-publish","has-post-thumbnail","hentry"],"acf":[],"yoast_head":"<!-- This site is optimized with the Yoast SEO plugin v23.5 - https:\/\/yoast.com\/wordpress\/plugins\/seo\/ -->\n<title>Isolmass 3Tech FR \u2013 insonorisation ignifuge pour tuyaux<\/title>\n<meta name=\"description\" content=\"Isolmass 3Tech FR \u2013 isolation sonore des bruits de structure et a\u00e9riens sur les installations de tuyauterie d\u2019\u00e9vacuation. Euroclass\u00a0: B-s2,d0 \/ BL-s1,d0\" \/>\n<meta name=\"robots\" content=\"index, follow, max-snippet:-1, max-image-preview:large, max-video-preview:-1\" \/>\n<link rel=\"canonical\" href=\"https:\/\/insulation.trocellen.com\/fr\/applications\/isolation-sonore-pour-tuyauterie-devacuation\/isolmass-3-tech-fr\/\" \/>\n<meta property=\"og:locale\" content=\"fr_FR\" \/>\n<meta property=\"og:type\" content=\"article\" \/>\n<meta property=\"og:title\" content=\"Isolmass 3Tech FR \u2013 insonorisation ignifuge pour tuyaux\" \/>\n<meta property=\"og:description\" content=\"Isolmass 3Tech FR \u2013 isolation sonore des bruits de structure et a\u00e9riens sur les installations de tuyauterie d\u2019\u00e9vacuation. Euroclass\u00a0: B-s2,d0 \/ BL-s1,d0\" \/>\n<meta property=\"og:url\" content=\"https:\/\/insulation.trocellen.com\/fr\/applications\/isolation-sonore-pour-tuyauterie-devacuation\/isolmass-3-tech-fr\/\" \/>\n<meta property=\"og:site_name\" content=\"Trocellen Insulation\" \/>\n<meta property=\"article:modified_time\" content=\"2023-10-20T12:42:43+00:00\" \/>\n<meta property=\"og:image\" content=\"https:\/\/insulation.trocellen.com\/wp-content\/uploads\/sites\/6\/2023\/05\/Pipes-1.jpg\" \/>\n\t<meta property=\"og:image:width\" content=\"1920\" \/>\n\t<meta property=\"og:image:height\" content=\"300\" \/>\n\t<meta property=\"og:image:type\" content=\"image\/jpeg\" \/>\n<meta name=\"twitter:card\" content=\"summary_large_image\" \/>\n<meta name=\"twitter:label1\" content=\"Dur\u00e9e de lecture estim\u00e9e\" \/>\n\t<meta name=\"twitter:data1\" content=\"2 minutes\" \/>\n<script type=\"application\/ld+json\" class=\"yoast-schema-graph\">{\"@context\":\"https:\/\/schema.org\",\"@graph\":[{\"@type\":\"WebPage\",\"@id\":\"https:\/\/insulation.trocellen.com\/fr\/applications\/isolation-sonore-pour-tuyauterie-devacuation\/isolmass-3-tech-fr\/\",\"url\":\"https:\/\/insulation.trocellen.com\/fr\/applications\/isolation-sonore-pour-tuyauterie-devacuation\/isolmass-3-tech-fr\/\",\"name\":\"Isolmass 3Tech FR \u2013 insonorisation ignifuge pour tuyaux\",\"isPartOf\":{\"@id\":\"https:\/\/insulation.trocellen.com\/fr\/#website\"},\"primaryImageOfPage\":{\"@id\":\"https:\/\/insulation.trocellen.com\/fr\/applications\/isolation-sonore-pour-tuyauterie-devacuation\/isolmass-3-tech-fr\/#primaryimage\"},\"image\":{\"@id\":\"https:\/\/insulation.trocellen.com\/fr\/applications\/isolation-sonore-pour-tuyauterie-devacuation\/isolmass-3-tech-fr\/#primaryimage\"},\"thumbnailUrl\":\"https:\/\/insulation.trocellen.com\/wp-content\/uploads\/sites\/6\/2023\/05\/Pipes-1.jpg\",\"datePublished\":\"2020-07-09T13:22:39+00:00\",\"dateModified\":\"2023-10-20T12:42:43+00:00\",\"description\":\"Isolmass 3Tech FR \u2013 isolation sonore des bruits de structure et a\u00e9riens sur les installations de tuyauterie d\u2019\u00e9vacuation. Euroclass\u00a0: B-s2,d0 \/ BL-s1,d0\",\"breadcrumb\":{\"@id\":\"https:\/\/insulation.trocellen.com\/fr\/applications\/isolation-sonore-pour-tuyauterie-devacuation\/isolmass-3-tech-fr\/#breadcrumb\"},\"inLanguage\":\"fr-FR\",\"potentialAction\":[{\"@type\":\"ReadAction\",\"target\":[\"https:\/\/insulation.trocellen.com\/fr\/applications\/isolation-sonore-pour-tuyauterie-devacuation\/isolmass-3-tech-fr\/\"]}]},{\"@type\":\"ImageObject\",\"inLanguage\":\"fr-FR\",\"@id\":\"https:\/\/insulation.trocellen.com\/fr\/applications\/isolation-sonore-pour-tuyauterie-devacuation\/isolmass-3-tech-fr\/#primaryimage\",\"url\":\"https:\/\/insulation.trocellen.com\/wp-content\/uploads\/sites\/6\/2023\/05\/Pipes-1.jpg\",\"contentUrl\":\"https:\/\/insulation.trocellen.com\/wp-content\/uploads\/sites\/6\/2023\/05\/Pipes-1.jpg\",\"width\":1920,\"height\":300},{\"@type\":\"BreadcrumbList\",\"@id\":\"https:\/\/insulation.trocellen.com\/fr\/applications\/isolation-sonore-pour-tuyauterie-devacuation\/isolmass-3-tech-fr\/#breadcrumb\",\"itemListElement\":[{\"@type\":\"ListItem\",\"position\":1,\"name\":\"Home\",\"item\":\"https:\/\/insulation.trocellen.com\/fr\/\"},{\"@type\":\"ListItem\",\"position\":2,\"name\":\"Applications\",\"item\":\"https:\/\/insulation.trocellen.com\/fr\/applications\/\"},{\"@type\":\"ListItem\",\"position\":3,\"name\":\"Isolation sonore pour tuyauterie d\u2019\u00e9vacuation\",\"item\":\"https:\/\/insulation.trocellen.com\/fr\/applications\/isolation-sonore-pour-tuyauterie-devacuation\/\"},{\"@type\":\"ListItem\",\"position\":4,\"name\":\"ISOLMASS 3 TECH FR\"}]},{\"@type\":\"WebSite\",\"@id\":\"https:\/\/insulation.trocellen.com\/fr\/#website\",\"url\":\"https:\/\/insulation.trocellen.com\/fr\/\",\"name\":\"Trocellen Insulation\",\"description\":\"\",\"potentialAction\":[{\"@type\":\"SearchAction\",\"target\":{\"@type\":\"EntryPoint\",\"urlTemplate\":\"https:\/\/insulation.trocellen.com\/fr\/?s={search_term_string}\"},\"query-input\":{\"@type\":\"PropertyValueSpecification\",\"valueRequired\":true,\"valueName\":\"search_term_string\"}}],\"inLanguage\":\"fr-FR\"}]}<\/script>\n<!-- \/ Yoast SEO plugin. -->","yoast_head_json":{"title":"Isolmass 3Tech FR \u2013 insonorisation ignifuge pour tuyaux","description":"Isolmass 3Tech FR \u2013 isolation sonore des bruits de structure et a\u00e9riens sur les installations de tuyauterie d\u2019\u00e9vacuation. Euroclass\u00a0: B-s2,d0 \/ BL-s1,d0","robots":{"index":"index","follow":"follow","max-snippet":"max-snippet:-1","max-image-preview":"max-image-preview:large","max-video-preview":"max-video-preview:-1"},"canonical":"https:\/\/insulation.trocellen.com\/fr\/applications\/isolation-sonore-pour-tuyauterie-devacuation\/isolmass-3-tech-fr\/","og_locale":"fr_FR","og_type":"article","og_title":"Isolmass 3Tech FR \u2013 insonorisation ignifuge pour tuyaux","og_description":"Isolmass 3Tech FR \u2013 isolation sonore des bruits de structure et a\u00e9riens sur les installations de tuyauterie d\u2019\u00e9vacuation. Euroclass\u00a0: B-s2,d0 \/ BL-s1,d0","og_url":"https:\/\/insulation.trocellen.com\/fr\/applications\/isolation-sonore-pour-tuyauterie-devacuation\/isolmass-3-tech-fr\/","og_site_name":"Trocellen Insulation","article_modified_time":"2023-10-20T12:42:43+00:00","og_image":[{"width":1920,"height":300,"url":"https:\/\/insulation.trocellen.com\/wp-content\/uploads\/sites\/6\/2023\/05\/Pipes-1.jpg","type":"image\/jpeg"}],"twitter_card":"summary_large_image","twitter_misc":{"Dur\u00e9e de lecture estim\u00e9e":"2 minutes"},"schema":{"@context":"https:\/\/schema.org","@graph":[{"@type":"WebPage","@id":"https:\/\/insulation.trocellen.com\/fr\/applications\/isolation-sonore-pour-tuyauterie-devacuation\/isolmass-3-tech-fr\/","url":"https:\/\/insulation.trocellen.com\/fr\/applications\/isolation-sonore-pour-tuyauterie-devacuation\/isolmass-3-tech-fr\/","name":"Isolmass 3Tech FR \u2013 insonorisation ignifuge pour tuyaux","isPartOf":{"@id":"https:\/\/insulation.trocellen.com\/fr\/#website"},"primaryImageOfPage":{"@id":"https:\/\/insulation.trocellen.com\/fr\/applications\/isolation-sonore-pour-tuyauterie-devacuation\/isolmass-3-tech-fr\/#primaryimage"},"image":{"@id":"https:\/\/insulation.trocellen.com\/fr\/applications\/isolation-sonore-pour-tuyauterie-devacuation\/isolmass-3-tech-fr\/#primaryimage"},"thumbnailUrl":"https:\/\/insulation.trocellen.com\/wp-content\/uploads\/sites\/6\/2023\/05\/Pipes-1.jpg","datePublished":"2020-07-09T13:22:39+00:00","dateModified":"2023-10-20T12:42:43+00:00","description":"Isolmass 3Tech FR \u2013 isolation sonore des bruits de structure et a\u00e9riens sur les installations de tuyauterie d\u2019\u00e9vacuation. Euroclass\u00a0: B-s2,d0 \/ BL-s1,d0","breadcrumb":{"@id":"https:\/\/insulation.trocellen.com\/fr\/applications\/isolation-sonore-pour-tuyauterie-devacuation\/isolmass-3-tech-fr\/#breadcrumb"},"inLanguage":"fr-FR","potentialAction":[{"@type":"ReadAction","target":["https:\/\/insulation.trocellen.com\/fr\/applications\/isolation-sonore-pour-tuyauterie-devacuation\/isolmass-3-tech-fr\/"]}]},{"@type":"ImageObject","inLanguage":"fr-FR","@id":"https:\/\/insulation.trocellen.com\/fr\/applications\/isolation-sonore-pour-tuyauterie-devacuation\/isolmass-3-tech-fr\/#primaryimage","url":"https:\/\/insulation.trocellen.com\/wp-content\/uploads\/sites\/6\/2023\/05\/Pipes-1.jpg","contentUrl":"https:\/\/insulation.trocellen.com\/wp-content\/uploads\/sites\/6\/2023\/05\/Pipes-1.jpg","width":1920,"height":300},{"@type":"BreadcrumbList","@id":"https:\/\/insulation.trocellen.com\/fr\/applications\/isolation-sonore-pour-tuyauterie-devacuation\/isolmass-3-tech-fr\/#breadcrumb","itemListElement":[{"@type":"ListItem","position":1,"name":"Home","item":"https:\/\/insulation.trocellen.com\/fr\/"},{"@type":"ListItem","position":2,"name":"Applications","item":"https:\/\/insulation.trocellen.com\/fr\/applications\/"},{"@type":"ListItem","position":3,"name":"Isolation sonore pour tuyauterie d\u2019\u00e9vacuation","item":"https:\/\/insulation.trocellen.com\/fr\/applications\/isolation-sonore-pour-tuyauterie-devacuation\/"},{"@type":"ListItem","position":4,"name":"ISOLMASS 3 TECH FR"}]},{"@type":"WebSite","@id":"https:\/\/insulation.trocellen.com\/fr\/#website","url":"https:\/\/insulation.trocellen.com\/fr\/","name":"Trocellen Insulation","description":"","potentialAction":[{"@type":"SearchAction","target":{"@type":"EntryPoint","urlTemplate":"https:\/\/insulation.trocellen.com\/fr\/?s={search_term_string}"},"query-input":{"@type":"PropertyValueSpecification","valueRequired":true,"valueName":"search_term_string"}}],"inLanguage":"fr-FR"}]}},"_links":{"self":[{"href":"https:\/\/insulation.trocellen.com\/fr\/wp-json\/wp\/v2\/pages\/4469","targetHints":{"allow":["GET"]}}],"collection":[{"href":"https:\/\/insulation.trocellen.com\/fr\/wp-json\/wp\/v2\/pages"}],"about":[{"href":"https:\/\/insulation.trocellen.com\/fr\/wp-json\/wp\/v2\/types\/page"}],"author":[{"embeddable":true,"href":"https:\/\/insulation.trocellen.com\/fr\/wp-json\/wp\/v2\/users\/1"}],"replies":[{"embeddable":true,"href":"https:\/\/insulation.trocellen.com\/fr\/wp-json\/wp\/v2\/comments?post=4469"}],"version-history":[{"count":5,"href":"https:\/\/insulation.trocellen.com\/fr\/wp-json\/wp\/v2\/pages\/4469\/revisions"}],"predecessor-version":[{"id":10143,"href":"https:\/\/insulation.trocellen.com\/fr\/wp-json\/wp\/v2\/pages\/4469\/revisions\/10143"}],"up":[{"embeddable":true,"href":"https:\/\/insulation.trocellen.com\/fr\/wp-json\/wp\/v2\/pages\/4123"}],"wp:featuredmedia":[{"embeddable":true,"href":"https:\/\/insulation.trocellen.com\/fr\/wp-json\/wp\/v2\/media\/8840"}],"wp:attachment":[{"href":"https:\/\/insulation.trocellen.com\/fr\/wp-json\/wp\/v2\/media?parent=4469"}],"curies":[{"name":"wp","href":"https:\/\/api.w.org\/{rel}","templated":true}]}}