{"id":4451,"date":"2018-08-01T12:41:10","date_gmt":"2018-08-01T12:41:10","guid":{"rendered":"https:\/\/insulation-new.trocellen.com\/bim-objets\/"},"modified":"2023-07-10T09:54:09","modified_gmt":"2023-07-10T09:54:09","slug":"bim-objects","status":"publish","type":"page","link":"https:\/\/insulation.trocellen.com\/fr\/outils\/bim-objects\/","title":{"rendered":"BIM Objects"},"content":{"rendered":"<p>Le BIM (sigle pour Mod\u00e9lisation d\u2019informations de construction) repr\u00e9sente une m\u00e9thode pour l\u2019optimisation du planning, de la cr\u00e9ation, du d\u00e9veloppement et de la gestion des constructions tout au long du cycle de vie des projets. Le processus BIM simplifie et acc\u00e9l\u00e8re vos projets, et Trocellen est maintenant pr\u00eat \u00e0 vous fournir de l\u2019assistance.<\/p>\n<p>En effet, Trocellen a d\u00e9velopp\u00e9 des objets BIM pour ses produits pour faciliter leur utilisation dans des logiciels sp\u00e9cifiques (comme Revit ou ArchiCAD) dans le cadre de la r\u00e9alisation du projet. Gr\u00e2ce aux objets BIM num\u00e9riques, fournissant des dessins CAD et des propri\u00e9t\u00e9s techniques \u00e0 la fois, vous pouvez utiliser nos mat\u00e9riaux d\u2019isolation dans les projets.<\/p>\n<p>Lancez le t\u00e9l\u00e9chargement des objets BIM de Trocellen et profitez bien de vos projets!<\/p>\n","protected":false},"excerpt":{"rendered":"<p>Le BIM (sigle pour Mod\u00e9lisation d\u2019informations de construction) repr\u00e9sente une m\u00e9thode pour l\u2019optimisation du planning, de la cr\u00e9ation, du d\u00e9veloppement et de la gestion des constructions tout au long du cycle de vie des projets. Le processus BIM simplifie et acc\u00e9l\u00e8re vos projets, et Trocellen est maintenant pr\u00eat \u00e0 vous fournir de l\u2019assistance. En effet, [&hellip;]<\/p>\n","protected":false},"author":1,"featured_media":0,"parent":4427,"menu_order":400,"comment_status":"closed","ping_status":"closed","template":"templates\/bim.php","meta":{"_acf_changed":false,"footnotes":""},"class_list":["post-4451","page","type-page","status-publish","hentry"],"acf":[],"yoast_head":"<!-- This site is optimized with the Yoast SEO plugin v23.5 - https:\/\/yoast.com\/wordpress\/plugins\/seo\/ -->\n<title>T\u00e9l\u00e9charger des objets BIM de Trocellen pour votre projet<\/title>\n<meta name=\"description\" content=\"Trocellen a d\u00e9velopp\u00e9 des objets BIM pour ses produits pour faciliter leur utilisation dans les logiciels Revit ou ArchiCAD. \u00c0 t\u00e9l\u00e9charger maintenant\u00a0!\" \/>\n<meta name=\"robots\" content=\"index, follow, max-snippet:-1, max-image-preview:large, max-video-preview:-1\" \/>\n<link rel=\"canonical\" href=\"https:\/\/insulation.trocellen.com\/fr\/outils\/bim-objects\/\" \/>\n<meta property=\"og:locale\" content=\"fr_FR\" \/>\n<meta property=\"og:type\" content=\"article\" \/>\n<meta property=\"og:title\" content=\"T\u00e9l\u00e9charger des objets BIM de Trocellen pour votre projet\" \/>\n<meta property=\"og:description\" content=\"Trocellen a d\u00e9velopp\u00e9 des objets BIM pour ses produits pour faciliter leur utilisation dans les logiciels Revit ou ArchiCAD. \u00c0 t\u00e9l\u00e9charger maintenant\u00a0!\" \/>\n<meta property=\"og:url\" content=\"https:\/\/insulation.trocellen.com\/fr\/outils\/bim-objects\/\" \/>\n<meta property=\"og:site_name\" content=\"Trocellen Insulation\" \/>\n<meta property=\"article:modified_time\" content=\"2023-07-10T09:54:09+00:00\" \/>\n<meta name=\"twitter:card\" content=\"summary_large_image\" \/>\n<meta name=\"twitter:label1\" content=\"Dur\u00e9e de lecture estim\u00e9e\" \/>\n\t<meta name=\"twitter:data1\" content=\"1 minute\" \/>\n<script type=\"application\/ld+json\" class=\"yoast-schema-graph\">{\"@context\":\"https:\/\/schema.org\",\"@graph\":[{\"@type\":\"WebPage\",\"@id\":\"https:\/\/insulation.trocellen.com\/fr\/outils\/bim-objects\/\",\"url\":\"https:\/\/insulation.trocellen.com\/fr\/outils\/bim-objects\/\",\"name\":\"T\u00e9l\u00e9charger des objets BIM de Trocellen pour votre projet\",\"isPartOf\":{\"@id\":\"https:\/\/insulation.trocellen.com\/fr\/#website\"},\"datePublished\":\"2018-08-01T12:41:10+00:00\",\"dateModified\":\"2023-07-10T09:54:09+00:00\",\"description\":\"Trocellen a d\u00e9velopp\u00e9 des objets BIM pour ses produits pour faciliter leur utilisation dans les logiciels Revit ou ArchiCAD. \u00c0 t\u00e9l\u00e9charger maintenant\u00a0!\",\"breadcrumb\":{\"@id\":\"https:\/\/insulation.trocellen.com\/fr\/outils\/bim-objects\/#breadcrumb\"},\"inLanguage\":\"fr-FR\",\"potentialAction\":[{\"@type\":\"ReadAction\",\"target\":[\"https:\/\/insulation.trocellen.com\/fr\/outils\/bim-objects\/\"]}]},{\"@type\":\"BreadcrumbList\",\"@id\":\"https:\/\/insulation.trocellen.com\/fr\/outils\/bim-objects\/#breadcrumb\",\"itemListElement\":[{\"@type\":\"ListItem\",\"position\":1,\"name\":\"Home\",\"item\":\"https:\/\/insulation.trocellen.com\/fr\/\"},{\"@type\":\"ListItem\",\"position\":2,\"name\":\"Outils\",\"item\":\"https:\/\/insulation.trocellen.com\/fr\/outils\/\"},{\"@type\":\"ListItem\",\"position\":3,\"name\":\"BIM Objects\"}]},{\"@type\":\"WebSite\",\"@id\":\"https:\/\/insulation.trocellen.com\/fr\/#website\",\"url\":\"https:\/\/insulation.trocellen.com\/fr\/\",\"name\":\"Trocellen Insulation\",\"description\":\"\",\"potentialAction\":[{\"@type\":\"SearchAction\",\"target\":{\"@type\":\"EntryPoint\",\"urlTemplate\":\"https:\/\/insulation.trocellen.com\/fr\/?s={search_term_string}\"},\"query-input\":{\"@type\":\"PropertyValueSpecification\",\"valueRequired\":true,\"valueName\":\"search_term_string\"}}],\"inLanguage\":\"fr-FR\"}]}<\/script>\n<!-- \/ Yoast SEO plugin. -->","yoast_head_json":{"title":"T\u00e9l\u00e9charger des objets BIM de Trocellen pour votre projet","description":"Trocellen a d\u00e9velopp\u00e9 des objets BIM pour ses produits pour faciliter leur utilisation dans les logiciels Revit ou ArchiCAD. \u00c0 t\u00e9l\u00e9charger maintenant\u00a0!","robots":{"index":"index","follow":"follow","max-snippet":"max-snippet:-1","max-image-preview":"max-image-preview:large","max-video-preview":"max-video-preview:-1"},"canonical":"https:\/\/insulation.trocellen.com\/fr\/outils\/bim-objects\/","og_locale":"fr_FR","og_type":"article","og_title":"T\u00e9l\u00e9charger des objets BIM de Trocellen pour votre projet","og_description":"Trocellen a d\u00e9velopp\u00e9 des objets BIM pour ses produits pour faciliter leur utilisation dans les logiciels Revit ou ArchiCAD. \u00c0 t\u00e9l\u00e9charger maintenant\u00a0!","og_url":"https:\/\/insulation.trocellen.com\/fr\/outils\/bim-objects\/","og_site_name":"Trocellen Insulation","article_modified_time":"2023-07-10T09:54:09+00:00","twitter_card":"summary_large_image","twitter_misc":{"Dur\u00e9e de lecture estim\u00e9e":"1 minute"},"schema":{"@context":"https:\/\/schema.org","@graph":[{"@type":"WebPage","@id":"https:\/\/insulation.trocellen.com\/fr\/outils\/bim-objects\/","url":"https:\/\/insulation.trocellen.com\/fr\/outils\/bim-objects\/","name":"T\u00e9l\u00e9charger des objets BIM de Trocellen pour votre projet","isPartOf":{"@id":"https:\/\/insulation.trocellen.com\/fr\/#website"},"datePublished":"2018-08-01T12:41:10+00:00","dateModified":"2023-07-10T09:54:09+00:00","description":"Trocellen a d\u00e9velopp\u00e9 des objets BIM pour ses produits pour faciliter leur utilisation dans les logiciels Revit ou ArchiCAD. \u00c0 t\u00e9l\u00e9charger maintenant\u00a0!","breadcrumb":{"@id":"https:\/\/insulation.trocellen.com\/fr\/outils\/bim-objects\/#breadcrumb"},"inLanguage":"fr-FR","potentialAction":[{"@type":"ReadAction","target":["https:\/\/insulation.trocellen.com\/fr\/outils\/bim-objects\/"]}]},{"@type":"BreadcrumbList","@id":"https:\/\/insulation.trocellen.com\/fr\/outils\/bim-objects\/#breadcrumb","itemListElement":[{"@type":"ListItem","position":1,"name":"Home","item":"https:\/\/insulation.trocellen.com\/fr\/"},{"@type":"ListItem","position":2,"name":"Outils","item":"https:\/\/insulation.trocellen.com\/fr\/outils\/"},{"@type":"ListItem","position":3,"name":"BIM Objects"}]},{"@type":"WebSite","@id":"https:\/\/insulation.trocellen.com\/fr\/#website","url":"https:\/\/insulation.trocellen.com\/fr\/","name":"Trocellen Insulation","description":"","potentialAction":[{"@type":"SearchAction","target":{"@type":"EntryPoint","urlTemplate":"https:\/\/insulation.trocellen.com\/fr\/?s={search_term_string}"},"query-input":{"@type":"PropertyValueSpecification","valueRequired":true,"valueName":"search_term_string"}}],"inLanguage":"fr-FR"}]}},"_links":{"self":[{"href":"https:\/\/insulation.trocellen.com\/fr\/wp-json\/wp\/v2\/pages\/4451","targetHints":{"allow":["GET"]}}],"collection":[{"href":"https:\/\/insulation.trocellen.com\/fr\/wp-json\/wp\/v2\/pages"}],"about":[{"href":"https:\/\/insulation.trocellen.com\/fr\/wp-json\/wp\/v2\/types\/page"}],"author":[{"embeddable":true,"href":"https:\/\/insulation.trocellen.com\/fr\/wp-json\/wp\/v2\/users\/1"}],"replies":[{"embeddable":true,"href":"https:\/\/insulation.trocellen.com\/fr\/wp-json\/wp\/v2\/comments?post=4451"}],"version-history":[{"count":3,"href":"https:\/\/insulation.trocellen.com\/fr\/wp-json\/wp\/v2\/pages\/4451\/revisions"}],"predecessor-version":[{"id":5029,"href":"https:\/\/insulation.trocellen.com\/fr\/wp-json\/wp\/v2\/pages\/4451\/revisions\/5029"}],"up":[{"embeddable":true,"href":"https:\/\/insulation.trocellen.com\/fr\/wp-json\/wp\/v2\/pages\/4427"}],"wp:attachment":[{"href":"https:\/\/insulation.trocellen.com\/fr\/wp-json\/wp\/v2\/media?parent=4451"}],"curies":[{"name":"wp","href":"https:\/\/api.w.org\/{rel}","templated":true}]}}