{"id":4445,"date":"2018-05-03T10:56:01","date_gmt":"2018-05-03T10:56:01","guid":{"rendered":"https:\/\/insulation-new.trocellen.com\/declarations\/"},"modified":"2026-02-09T13:57:30","modified_gmt":"2026-02-09T13:57:30","slug":"declarations","status":"publish","type":"page","link":"https:\/\/insulation.trocellen.com\/fr\/outils\/declarations\/","title":{"rendered":"Declarations"},"content":{"rendered":"\n<p>Conform\u00e9ment au R\u00e8glement (UE) N\u00b0 305\/2011\/UE sur les Produits de Construction, chaque produit soumis \u00e0 une norme europ\u00e9enne harmonis\u00e9e, \u00e0 une \u00e9valuation technique europ\u00e9enne (ETA) ou \u00e0 une \u00e9valuation technique nationale (NTA) doit \u00eatre accompagn\u00e9 d\u2019une d\u00e9claration de performance (DoP). La DoP est \u00e9tablie par le fabricant et fournit des informations sur les caract\u00e9ristiques essentielles du produit ainsi que sur la proc\u00e9dure et les m\u00e9thodes utilis\u00e9es pour l\u2019\u00e9valuation de la performance d\u00e9clar\u00e9e, conform\u00e9ment \u00e0 la sp\u00e9cification technique pertinente.<\/p>\n\n\n\n<p>Afin d\u2019offrir une plus grande transparence et facilit\u00e9 de consultation, nous avons publi\u00e9 ici les D\u00e9clarations de performance des produits Trocellen.<\/p>\n\n\n\n<ul class=\"wp-block-list\">\n<li><a href=\"https:\/\/go.insulation.trocellen.com\/MOD-DOP-50710-1-Rev-1.1-TROCELLEN-CLASS-ALU-adhesive-14\u00f725-mm-EN_FR-1_pdf\">MOD-DOP 50710-1 Rev 1.1 &#8211; TROCELLEN CLASS ALU adhesive 14\u00f725 mm EN_FR<\/a><\/li>\n\n\n\n<li><a href=\"https:\/\/go.insulation.trocellen.com\/MOD-DOP-50710-3-Rev-1.1-TROCELLEN-CLASS-ALU.S-adhesive-3\u00f716-mm-EN_FR_pdf\">MOD-DOP 50710-3 Rev 1.1 &#8211; TROCELLEN CLASS ALU.S adhesive 3\u00f716 mm EN_FR<\/a><\/li>\n\n\n\n<li><a href=\"https:\/\/go.insulation.trocellen.com\/MOD-DOP-50710-4-Rev-1.1-TROCELLEN-CLASS-adhesive-3\u00f712-mm-EN_FR_pdf\">MOD-DOP 50710-4 Rev 1.1 &#8211; TROCELLEN CLASS adhesive 3\u00f712 mm EN_FR<\/a><\/li>\n\n\n\n<li><a href=\"https:\/\/go.insulation.trocellen.com\/MOD-DOP-50710-6-Rev-1.1-TROCELLEN-CLASS-ALU-adhesive-3\u00f714-mm-EN_FR_pdf\">MOD-DOP 50710-6 Rev 1.1 &#8211; TROCELLEN CLASS ALU adhesive 3\u00f714 mm EN_FR<\/a><\/li>\n\n\n\n<li><a href=\"https:\/\/go.insulation.trocellen.com\/MOD-DOP-50710-7-Rev-1.1-TROCELLEN-CLASS-AL-SLEEVE-6\u00f720-mm-EN_FR_pdf\">MOD-DOP 50710-7 Rev 1.1 &#8211; TROCELLEN CLASS AL SLEEVE 6\u00f720 mm EN_FR<\/a><\/li>\n\n\n\n<li><a href=\"https:\/\/go.insulation.trocellen.com\/MOD-DOP-50710-8-Rev-1.1-TROCELLEN-CLASS-AL-6\u00f720-mm-EN_FR_pdf\">MOD-DOP 50710-8 Rev 1.1 &#8211; TROCELLEN CLASS AL 6\u00f720 mm EN_FR<\/a><\/li>\n\n\n\n<li><a href=\"https:\/\/go.insulation.trocellen.com\/MOD-DOP-50710-9-Rev-1.1-TROCELLEN-CLASS-AL-AL-ISOCOMPACT-20\u00f760-mm-EN_FR_pdf\">MOD-DOP 50710-9 Rev 1.1 &#8211; TROCELLEN CLASS AL &amp; AL ISOCOMPACT 20\u00f760 mm EN_FR<\/a><\/li>\n\n\n\n<li><a href=\"https:\/\/go.insulation.trocellen.com\/l\/922423\/2025-01-30\/2ypvpq\">MOD-DOP-50710-10-TROCELLEN-CLASS-G-PRO-adhesive-3_40-mm-2-EN-FR<\/a><\/li>\n\n\n\n<li><a href=\"https:\/\/go.insulation.trocellen.com\/l\/922423\/2026-02-09\/2zrhyx\">noDOP-EN<\/a><\/li>\n\n\n\n<li><a href=\"https:\/\/go.insulation.trocellen.com\/l\/922423\/2026-02-09\/2zrhyx\">noDOP-IT<\/a><\/li>\n\n\n\n<li><a href=\"https:\/\/insulation.trocellen.com\/wp-content\/uploads\/sites\/6\/2022\/11\/MOD-DOP-Rev-1.1-Polifoam-Insul-01-EN_HU-20221011.pdf\">MOD-DOP Rev 1.1 \u2013 POLIFOAM INSUL 01 EN HU<\/a><\/li>\n<\/ul>\n","protected":false},"excerpt":{"rendered":"<p>Conform\u00e9ment au R\u00e8glement (UE) N\u00b0 305\/2011\/UE sur les Produits de Construction, chaque produit soumis \u00e0 une norme europ\u00e9enne harmonis\u00e9e, \u00e0 une \u00e9valuation technique europ\u00e9enne (ETA) ou \u00e0 une \u00e9valuation technique nationale (NTA) doit \u00eatre accompagn\u00e9 d\u2019une d\u00e9claration de performance (DoP). La DoP est \u00e9tablie par le fabricant et fournit des informations sur les caract\u00e9ristiques essentielles [&hellip;]<\/p>\n","protected":false},"author":1,"featured_media":8771,"parent":4427,"menu_order":500,"comment_status":"closed","ping_status":"closed","template":"","meta":{"_acf_changed":false,"footnotes":""},"class_list":["post-4445","page","type-page","status-publish","has-post-thumbnail","hentry"],"acf":[],"yoast_head":"<!-- This site is optimized with the Yoast SEO plugin v23.5 - https:\/\/yoast.com\/wordpress\/plugins\/seo\/ -->\n<title>T\u00e9l\u00e9charger la d\u00e9claration de performance de Trocellen<\/title>\n<meta name=\"description\" content=\"La DoP \u00e9tablie par le fabricant met \u00e0 disposition des informations sur les attributs essentiels du produit et sur les proc\u00e9dures et m\u00e9thodes utilis\u00e9es\" \/>\n<meta name=\"robots\" content=\"index, follow, max-snippet:-1, max-image-preview:large, max-video-preview:-1\" \/>\n<link rel=\"canonical\" href=\"https:\/\/insulation.trocellen.com\/fr\/outils\/declarations\/\" \/>\n<meta property=\"og:locale\" content=\"fr_FR\" \/>\n<meta property=\"og:type\" content=\"article\" \/>\n<meta property=\"og:title\" content=\"T\u00e9l\u00e9charger la d\u00e9claration de performance de Trocellen\" \/>\n<meta property=\"og:description\" content=\"La DoP \u00e9tablie par le fabricant met \u00e0 disposition des informations sur les attributs essentiels du produit et sur les proc\u00e9dures et m\u00e9thodes utilis\u00e9es\" \/>\n<meta property=\"og:url\" content=\"https:\/\/insulation.trocellen.com\/fr\/outils\/declarations\/\" \/>\n<meta property=\"og:site_name\" content=\"Trocellen Insulation\" \/>\n<meta property=\"article:modified_time\" content=\"2026-02-09T13:57:30+00:00\" \/>\n<meta property=\"og:image\" content=\"https:\/\/insulation.trocellen.com\/wp-content\/uploads\/sites\/6\/2023\/05\/Declarations-fejlec.jpg\" \/>\n\t<meta property=\"og:image:width\" content=\"1920\" \/>\n\t<meta property=\"og:image:height\" content=\"300\" \/>\n\t<meta property=\"og:image:type\" content=\"image\/jpeg\" \/>\n<meta name=\"twitter:card\" content=\"summary_large_image\" \/>\n<meta name=\"twitter:label1\" content=\"Dur\u00e9e de lecture estim\u00e9e\" \/>\n\t<meta name=\"twitter:data1\" content=\"2 minutes\" \/>\n<script type=\"application\/ld+json\" class=\"yoast-schema-graph\">{\"@context\":\"https:\/\/schema.org\",\"@graph\":[{\"@type\":\"WebPage\",\"@id\":\"https:\/\/insulation.trocellen.com\/fr\/outils\/declarations\/\",\"url\":\"https:\/\/insulation.trocellen.com\/fr\/outils\/declarations\/\",\"name\":\"T\u00e9l\u00e9charger la d\u00e9claration de performance de Trocellen\",\"isPartOf\":{\"@id\":\"https:\/\/insulation.trocellen.com\/fr\/#website\"},\"primaryImageOfPage\":{\"@id\":\"https:\/\/insulation.trocellen.com\/fr\/outils\/declarations\/#primaryimage\"},\"image\":{\"@id\":\"https:\/\/insulation.trocellen.com\/fr\/outils\/declarations\/#primaryimage\"},\"thumbnailUrl\":\"https:\/\/insulation.trocellen.com\/wp-content\/uploads\/sites\/6\/2023\/05\/Declarations-fejlec.jpg\",\"datePublished\":\"2018-05-03T10:56:01+00:00\",\"dateModified\":\"2026-02-09T13:57:30+00:00\",\"description\":\"La DoP \u00e9tablie par le fabricant met \u00e0 disposition des informations sur les attributs essentiels du produit et sur les proc\u00e9dures et m\u00e9thodes utilis\u00e9es\",\"breadcrumb\":{\"@id\":\"https:\/\/insulation.trocellen.com\/fr\/outils\/declarations\/#breadcrumb\"},\"inLanguage\":\"fr-FR\",\"potentialAction\":[{\"@type\":\"ReadAction\",\"target\":[\"https:\/\/insulation.trocellen.com\/fr\/outils\/declarations\/\"]}]},{\"@type\":\"ImageObject\",\"inLanguage\":\"fr-FR\",\"@id\":\"https:\/\/insulation.trocellen.com\/fr\/outils\/declarations\/#primaryimage\",\"url\":\"https:\/\/insulation.trocellen.com\/wp-content\/uploads\/sites\/6\/2023\/05\/Declarations-fejlec.jpg\",\"contentUrl\":\"https:\/\/insulation.trocellen.com\/wp-content\/uploads\/sites\/6\/2023\/05\/Declarations-fejlec.jpg\",\"width\":1920,\"height\":300},{\"@type\":\"BreadcrumbList\",\"@id\":\"https:\/\/insulation.trocellen.com\/fr\/outils\/declarations\/#breadcrumb\",\"itemListElement\":[{\"@type\":\"ListItem\",\"position\":1,\"name\":\"Home\",\"item\":\"https:\/\/insulation.trocellen.com\/fr\/\"},{\"@type\":\"ListItem\",\"position\":2,\"name\":\"Outils\",\"item\":\"https:\/\/insulation.trocellen.com\/fr\/outils\/\"},{\"@type\":\"ListItem\",\"position\":3,\"name\":\"Declarations\"}]},{\"@type\":\"WebSite\",\"@id\":\"https:\/\/insulation.trocellen.com\/fr\/#website\",\"url\":\"https:\/\/insulation.trocellen.com\/fr\/\",\"name\":\"Trocellen Insulation\",\"description\":\"\",\"potentialAction\":[{\"@type\":\"SearchAction\",\"target\":{\"@type\":\"EntryPoint\",\"urlTemplate\":\"https:\/\/insulation.trocellen.com\/fr\/?s={search_term_string}\"},\"query-input\":{\"@type\":\"PropertyValueSpecification\",\"valueRequired\":true,\"valueName\":\"search_term_string\"}}],\"inLanguage\":\"fr-FR\"}]}<\/script>\n<!-- \/ Yoast SEO plugin. -->","yoast_head_json":{"title":"T\u00e9l\u00e9charger la d\u00e9claration de performance de Trocellen","description":"La DoP \u00e9tablie par le fabricant met \u00e0 disposition des informations sur les attributs essentiels du produit et sur les proc\u00e9dures et m\u00e9thodes utilis\u00e9es","robots":{"index":"index","follow":"follow","max-snippet":"max-snippet:-1","max-image-preview":"max-image-preview:large","max-video-preview":"max-video-preview:-1"},"canonical":"https:\/\/insulation.trocellen.com\/fr\/outils\/declarations\/","og_locale":"fr_FR","og_type":"article","og_title":"T\u00e9l\u00e9charger la d\u00e9claration de performance de Trocellen","og_description":"La DoP \u00e9tablie par le fabricant met \u00e0 disposition des informations sur les attributs essentiels du produit et sur les proc\u00e9dures et m\u00e9thodes utilis\u00e9es","og_url":"https:\/\/insulation.trocellen.com\/fr\/outils\/declarations\/","og_site_name":"Trocellen Insulation","article_modified_time":"2026-02-09T13:57:30+00:00","og_image":[{"width":1920,"height":300,"url":"https:\/\/insulation.trocellen.com\/wp-content\/uploads\/sites\/6\/2023\/05\/Declarations-fejlec.jpg","type":"image\/jpeg"}],"twitter_card":"summary_large_image","twitter_misc":{"Dur\u00e9e de lecture estim\u00e9e":"2 minutes"},"schema":{"@context":"https:\/\/schema.org","@graph":[{"@type":"WebPage","@id":"https:\/\/insulation.trocellen.com\/fr\/outils\/declarations\/","url":"https:\/\/insulation.trocellen.com\/fr\/outils\/declarations\/","name":"T\u00e9l\u00e9charger la d\u00e9claration de performance de Trocellen","isPartOf":{"@id":"https:\/\/insulation.trocellen.com\/fr\/#website"},"primaryImageOfPage":{"@id":"https:\/\/insulation.trocellen.com\/fr\/outils\/declarations\/#primaryimage"},"image":{"@id":"https:\/\/insulation.trocellen.com\/fr\/outils\/declarations\/#primaryimage"},"thumbnailUrl":"https:\/\/insulation.trocellen.com\/wp-content\/uploads\/sites\/6\/2023\/05\/Declarations-fejlec.jpg","datePublished":"2018-05-03T10:56:01+00:00","dateModified":"2026-02-09T13:57:30+00:00","description":"La DoP \u00e9tablie par le fabricant met \u00e0 disposition des informations sur les attributs essentiels du produit et sur les proc\u00e9dures et m\u00e9thodes utilis\u00e9es","breadcrumb":{"@id":"https:\/\/insulation.trocellen.com\/fr\/outils\/declarations\/#breadcrumb"},"inLanguage":"fr-FR","potentialAction":[{"@type":"ReadAction","target":["https:\/\/insulation.trocellen.com\/fr\/outils\/declarations\/"]}]},{"@type":"ImageObject","inLanguage":"fr-FR","@id":"https:\/\/insulation.trocellen.com\/fr\/outils\/declarations\/#primaryimage","url":"https:\/\/insulation.trocellen.com\/wp-content\/uploads\/sites\/6\/2023\/05\/Declarations-fejlec.jpg","contentUrl":"https:\/\/insulation.trocellen.com\/wp-content\/uploads\/sites\/6\/2023\/05\/Declarations-fejlec.jpg","width":1920,"height":300},{"@type":"BreadcrumbList","@id":"https:\/\/insulation.trocellen.com\/fr\/outils\/declarations\/#breadcrumb","itemListElement":[{"@type":"ListItem","position":1,"name":"Home","item":"https:\/\/insulation.trocellen.com\/fr\/"},{"@type":"ListItem","position":2,"name":"Outils","item":"https:\/\/insulation.trocellen.com\/fr\/outils\/"},{"@type":"ListItem","position":3,"name":"Declarations"}]},{"@type":"WebSite","@id":"https:\/\/insulation.trocellen.com\/fr\/#website","url":"https:\/\/insulation.trocellen.com\/fr\/","name":"Trocellen Insulation","description":"","potentialAction":[{"@type":"SearchAction","target":{"@type":"EntryPoint","urlTemplate":"https:\/\/insulation.trocellen.com\/fr\/?s={search_term_string}"},"query-input":{"@type":"PropertyValueSpecification","valueRequired":true,"valueName":"search_term_string"}}],"inLanguage":"fr-FR"}]}},"_links":{"self":[{"href":"https:\/\/insulation.trocellen.com\/fr\/wp-json\/wp\/v2\/pages\/4445","targetHints":{"allow":["GET"]}}],"collection":[{"href":"https:\/\/insulation.trocellen.com\/fr\/wp-json\/wp\/v2\/pages"}],"about":[{"href":"https:\/\/insulation.trocellen.com\/fr\/wp-json\/wp\/v2\/types\/page"}],"author":[{"embeddable":true,"href":"https:\/\/insulation.trocellen.com\/fr\/wp-json\/wp\/v2\/users\/1"}],"replies":[{"embeddable":true,"href":"https:\/\/insulation.trocellen.com\/fr\/wp-json\/wp\/v2\/comments?post=4445"}],"version-history":[{"count":5,"href":"https:\/\/insulation.trocellen.com\/fr\/wp-json\/wp\/v2\/pages\/4445\/revisions"}],"predecessor-version":[{"id":11278,"href":"https:\/\/insulation.trocellen.com\/fr\/wp-json\/wp\/v2\/pages\/4445\/revisions\/11278"}],"up":[{"embeddable":true,"href":"https:\/\/insulation.trocellen.com\/fr\/wp-json\/wp\/v2\/pages\/4427"}],"wp:featuredmedia":[{"embeddable":true,"href":"https:\/\/insulation.trocellen.com\/fr\/wp-json\/wp\/v2\/media\/8771"}],"wp:attachment":[{"href":"https:\/\/insulation.trocellen.com\/fr\/wp-json\/wp\/v2\/media?parent=4445"}],"curies":[{"name":"wp","href":"https:\/\/api.w.org\/{rel}","templated":true}]}}