{"id":4397,"date":"2017-11-22T09:21:39","date_gmt":"2017-11-22T09:21:39","guid":{"rendered":"https:\/\/insulation-new.trocellen.com\/impermeabilisation-des-tunnels-2\/"},"modified":"2023-07-10T09:45:08","modified_gmt":"2023-07-10T09:45:08","slug":"impermeabilisation-des-tunnels","status":"publish","type":"page","link":"https:\/\/insulation.trocellen.com\/fr\/applications\/impermeabilisation-des-tunnels\/impermeabilisation-des-tunnels\/","title":{"rendered":"Imperm\u00e9abilisation des tunnels"},"content":{"rendered":"<h2><strong>TUNNEL COUPE-FEU TROCELLEN<\/strong><\/h2>\n<p>Dans l\u2019imperm\u00e9abilisation du tunnel couvrant sa surface ext\u00e9rieure, les mat\u00e9riaux utilis\u00e9s doivent disposer d\u2019une classification \u00e9lev\u00e9e selon les classes de r\u00e9action au feu et des caract\u00e9ristiques m\u00e9caniques sup\u00e9rieures, et le bon fonctionnement du conduit\u2013acheminement des fuites d\u2019eau du tunnel est \u00e9galement requis de la vo\u00fbte jusqu\u2019au pignon d\u2019extr\u00e9mit\u00e9. TROCELLEN TUNEL CLASIFICADO FUEGO est une feuille composite et l\u00e9g\u00e8re en plastique, offrant les fonctionnalit\u00e9s d\u00e9finies.<\/p>\n<p><a href=\"https:\/\/insulation.trocellen.com\/wp-content\/uploads\/sites\/6\/2015\/09\/trocellen_duct_1.jpg\"><img loading=\"lazy\" decoding=\"async\" class=\"size-full wp-image-1555 alignnone\" src=\"https:\/\/insulation.trocellen.com\/wp-content\/uploads\/sites\/6\/2015\/09\/trocellen_duct_1.jpg\" alt=\"\" width=\"266\" height=\"193\"><\/a><a href=\"https:\/\/insulation.trocellen.com\/wp-content\/uploads\/sites\/6\/2015\/09\/trocellen_duct_2.jpg\"><img loading=\"lazy\" decoding=\"async\" class=\"alignnone size-full wp-image-1556\" src=\"https:\/\/insulation.trocellen.com\/wp-content\/uploads\/sites\/6\/2015\/09\/trocellen_duct_2.jpg\" alt=\"\" width=\"269\" height=\"194\"><\/a><\/p>\n<p>Image: Imperm\u00e9abilisation d\u2019un tunnel, vue de face<\/p>\n<ul>\n<li>Rocher<\/li>\n<li>B\u00e9ton projet\u00e9<\/li>\n<li>Tunnel Trocellen<\/li>\n<\/ul>\n<h2>TUNNEL COUPE-FEU&nbsp;TROCELLEN:<\/h2>\n<h3>Plaque d\u2019imperm\u00e9abilisation compos\u00e9e de&nbsp;:<\/h3>\n<ul>\n<li>Tissu de renfort technique conf\u00e9rant \u00e0 la plaque une grande r\u00e9sistance \u00e0 la rupture et un bon comportement \u00e0 la traction.<\/li>\n<li>Mousse de poly\u00e9thyl\u00e8ne chimiquement r\u00e9ticul\u00e9e, \u00e0 faible absorption d&rsquo;eau et faible coefficient de conductivit\u00e9 thermique conf\u00e9rant \u00e0 la plaque des propri\u00e9t\u00e9s d&rsquo;isolation pr\u00e9venant les fuites thermiques.<\/li>\n<li>Film poly\u00e9thyl\u00e8ne qui facilite l\u2019installation en favorisant le collage \/ thermosoudage des plaques entre elles.<\/li>\n<\/ul>\n<h3>Propri\u00e9t\u00e9s et valeurs (*)<\/h3>\n<table class=\"green-table\" border=\"0\">\n<thead>\n<tr>\n<th class=\"green-table-first-cell\" scope=\"col\"><\/th>\n<th><strong>Norme<\/strong><\/th>\n<th><strong>Unit\u00e9 de mesure<\/strong><\/th>\n<th><strong>TROCELLEN CLASIFICADO FUEGO<\/strong><\/th>\n<\/tr>\n<\/thead>\n<tbody>\n<tr>\n<th style=\"text-align: center;\"><strong>\u00c9paisseur<\/strong><\/th>\n<td style=\"text-align: center;\">EN ISO 1923<\/td>\n<td style=\"text-align: center;\">mm<\/td>\n<td style=\"text-align: center;\">5,5<\/td>\n<\/tr>\n<tr>\n<th style=\"text-align: center;\"><strong>Poids\/Surface<\/strong><\/th>\n<td style=\"text-align: center;\">EN ISO 845<\/td>\n<td style=\"text-align: center;\">gr\/m<sup>2<\/sup><\/td>\n<td style=\"text-align: center;\">440<\/td>\n<\/tr>\n<tr>\n<th style=\"text-align: center;\"><strong>R\u00e9sistance \u00e0 la traction (longitudinale \/ transversale)<\/strong><\/th>\n<td style=\"text-align: center;\">EN 12310-1<\/td>\n<td style=\"text-align: center;\">N<\/td>\n<td style=\"text-align: center;\"><span lang=\"EN-US\">314\/246<\/span><\/td>\n<\/tr>\n<tr>\n<th style=\"text-align: center;\"><strong>Classification de la r\u00e9action au feu<\/strong><\/th>\n<td style=\"text-align: center;\">EN 13501-1<\/td>\n<td style=\"text-align: center;\">\u2013<\/td>\n<td style=\"text-align: center;\">B, s1 \u2013 d0<\/td>\n<\/tr>\n<\/tbody>\n<\/table>\n<p>(*) Les caract\u00e9ristiques et valeurs donn\u00e9es ne peuvent pas \u00eatre consid\u00e9r\u00e9es comme des sp\u00e9cifications de produit. Les valeurs donn\u00e9es proviennent d\u2019un \u00e9chantillon singulier s\u00e9lectionn\u00e9 par hasard et mesur\u00e9 dans un laboratoire externe et ind\u00e9pendant. Elles ne repr\u00e9sentent pas de garantie pour les propri\u00e9t\u00e9s du restant du mat\u00e9riau produit ou install\u00e9 plus tard.<\/p>\n<h3>Avantages<\/h3>\n<ul>\n<li>Syst\u00e8me l\u00e9ger<\/li>\n<li>Forte r\u00e9sistance \u00e0 la traction<\/li>\n<li>Mat\u00e9riau imperm\u00e9able \u00e0 l&rsquo;eau<\/li>\n<li>Sans chlore ni CFC<\/li>\n<li>Excellent comportement au feu<\/li>\n<\/ul>\n","protected":false},"excerpt":{"rendered":"<p>TUNNEL COUPE-FEU TROCELLEN Dans l\u2019imperm\u00e9abilisation du tunnel couvrant sa surface ext\u00e9rieure, les mat\u00e9riaux utilis\u00e9s doivent disposer d\u2019une classification \u00e9lev\u00e9e selon les classes de r\u00e9action au feu et des caract\u00e9ristiques m\u00e9caniques sup\u00e9rieures, et le bon fonctionnement du conduit\u2013acheminement des fuites d\u2019eau du tunnel est \u00e9galement requis de la vo\u00fbte jusqu\u2019au pignon d\u2019extr\u00e9mit\u00e9. TROCELLEN TUNEL CLASIFICADO FUEGO [&hellip;]<\/p>\n","protected":false},"author":1,"featured_media":8913,"parent":4391,"menu_order":100,"comment_status":"closed","ping_status":"closed","template":"templates\/applications.php","meta":{"_acf_changed":false,"footnotes":""},"class_list":["post-4397","page","type-page","status-publish","has-post-thumbnail","hentry"],"acf":[],"yoast_head":"<!-- This site is optimized with the Yoast SEO plugin v23.5 - https:\/\/yoast.com\/wordpress\/plugins\/seo\/ -->\n<title>Trocellen Tunnel est une feuille imperm\u00e9able et l\u00e9g\u00e8re<\/title>\n<meta name=\"description\" content=\"Mat\u00e9riau compos\u00e9 d\u2019une classe \u00e9lev\u00e9e selon le classement de r\u00e9action au feu, acheminant les fuites d\u2019eau du tunnel de la vo\u00fbte au pignon d\u2019extr\u00e9mit\u00e9.\" \/>\n<meta name=\"robots\" content=\"index, follow, max-snippet:-1, max-image-preview:large, max-video-preview:-1\" \/>\n<link rel=\"canonical\" href=\"https:\/\/insulation.trocellen.com\/fr\/applications\/impermeabilisation-des-tunnels\/impermeabilisation-des-tunnels\/\" \/>\n<meta property=\"og:locale\" content=\"fr_FR\" \/>\n<meta property=\"og:type\" content=\"article\" \/>\n<meta property=\"og:title\" content=\"Trocellen Tunnel est une feuille imperm\u00e9able et l\u00e9g\u00e8re\" \/>\n<meta property=\"og:description\" content=\"Mat\u00e9riau compos\u00e9 d\u2019une classe \u00e9lev\u00e9e selon le classement de r\u00e9action au feu, acheminant les fuites d\u2019eau du tunnel de la vo\u00fbte au pignon d\u2019extr\u00e9mit\u00e9.\" \/>\n<meta property=\"og:url\" content=\"https:\/\/insulation.trocellen.com\/fr\/applications\/impermeabilisation-des-tunnels\/impermeabilisation-des-tunnels\/\" \/>\n<meta property=\"og:site_name\" content=\"Trocellen Insulation\" \/>\n<meta property=\"article:modified_time\" content=\"2023-07-10T09:45:08+00:00\" \/>\n<meta property=\"og:image\" content=\"https:\/\/insulation.trocellen.com\/wp-content\/uploads\/sites\/6\/2023\/05\/tunnel-fejlec.jpg\" \/>\n\t<meta property=\"og:image:width\" content=\"1920\" \/>\n\t<meta property=\"og:image:height\" content=\"300\" \/>\n\t<meta property=\"og:image:type\" content=\"image\/jpeg\" \/>\n<meta name=\"twitter:card\" content=\"summary_large_image\" \/>\n<meta name=\"twitter:label1\" content=\"Dur\u00e9e de lecture estim\u00e9e\" \/>\n\t<meta name=\"twitter:data1\" content=\"2 minutes\" \/>\n<script type=\"application\/ld+json\" class=\"yoast-schema-graph\">{\"@context\":\"https:\/\/schema.org\",\"@graph\":[{\"@type\":\"WebPage\",\"@id\":\"https:\/\/insulation.trocellen.com\/fr\/applications\/impermeabilisation-des-tunnels\/impermeabilisation-des-tunnels\/\",\"url\":\"https:\/\/insulation.trocellen.com\/fr\/applications\/impermeabilisation-des-tunnels\/impermeabilisation-des-tunnels\/\",\"name\":\"Trocellen Tunnel est une feuille imperm\u00e9able et l\u00e9g\u00e8re\",\"isPartOf\":{\"@id\":\"https:\/\/insulation.trocellen.com\/fr\/#website\"},\"primaryImageOfPage\":{\"@id\":\"https:\/\/insulation.trocellen.com\/fr\/applications\/impermeabilisation-des-tunnels\/impermeabilisation-des-tunnels\/#primaryimage\"},\"image\":{\"@id\":\"https:\/\/insulation.trocellen.com\/fr\/applications\/impermeabilisation-des-tunnels\/impermeabilisation-des-tunnels\/#primaryimage\"},\"thumbnailUrl\":\"https:\/\/insulation.trocellen.com\/wp-content\/uploads\/sites\/6\/2023\/05\/tunnel-fejlec.jpg\",\"datePublished\":\"2017-11-22T09:21:39+00:00\",\"dateModified\":\"2023-07-10T09:45:08+00:00\",\"description\":\"Mat\u00e9riau compos\u00e9 d\u2019une classe \u00e9lev\u00e9e selon le classement de r\u00e9action au feu, acheminant les fuites d\u2019eau du tunnel de la vo\u00fbte au pignon d\u2019extr\u00e9mit\u00e9.\",\"breadcrumb\":{\"@id\":\"https:\/\/insulation.trocellen.com\/fr\/applications\/impermeabilisation-des-tunnels\/impermeabilisation-des-tunnels\/#breadcrumb\"},\"inLanguage\":\"fr-FR\",\"potentialAction\":[{\"@type\":\"ReadAction\",\"target\":[\"https:\/\/insulation.trocellen.com\/fr\/applications\/impermeabilisation-des-tunnels\/impermeabilisation-des-tunnels\/\"]}]},{\"@type\":\"ImageObject\",\"inLanguage\":\"fr-FR\",\"@id\":\"https:\/\/insulation.trocellen.com\/fr\/applications\/impermeabilisation-des-tunnels\/impermeabilisation-des-tunnels\/#primaryimage\",\"url\":\"https:\/\/insulation.trocellen.com\/wp-content\/uploads\/sites\/6\/2023\/05\/tunnel-fejlec.jpg\",\"contentUrl\":\"https:\/\/insulation.trocellen.com\/wp-content\/uploads\/sites\/6\/2023\/05\/tunnel-fejlec.jpg\",\"width\":1920,\"height\":300},{\"@type\":\"BreadcrumbList\",\"@id\":\"https:\/\/insulation.trocellen.com\/fr\/applications\/impermeabilisation-des-tunnels\/impermeabilisation-des-tunnels\/#breadcrumb\",\"itemListElement\":[{\"@type\":\"ListItem\",\"position\":1,\"name\":\"Home\",\"item\":\"https:\/\/insulation.trocellen.com\/fr\/\"},{\"@type\":\"ListItem\",\"position\":2,\"name\":\"Applications\",\"item\":\"https:\/\/insulation.trocellen.com\/fr\/applications\/\"},{\"@type\":\"ListItem\",\"position\":3,\"name\":\"Imperm\u00e9abilisation des tunnels\",\"item\":\"https:\/\/insulation.trocellen.com\/fr\/applications\/impermeabilisation-des-tunnels\/\"},{\"@type\":\"ListItem\",\"position\":4,\"name\":\"Imperm\u00e9abilisation des tunnels\"}]},{\"@type\":\"WebSite\",\"@id\":\"https:\/\/insulation.trocellen.com\/fr\/#website\",\"url\":\"https:\/\/insulation.trocellen.com\/fr\/\",\"name\":\"Trocellen Insulation\",\"description\":\"\",\"potentialAction\":[{\"@type\":\"SearchAction\",\"target\":{\"@type\":\"EntryPoint\",\"urlTemplate\":\"https:\/\/insulation.trocellen.com\/fr\/?s={search_term_string}\"},\"query-input\":{\"@type\":\"PropertyValueSpecification\",\"valueRequired\":true,\"valueName\":\"search_term_string\"}}],\"inLanguage\":\"fr-FR\"}]}<\/script>\n<!-- \/ Yoast SEO plugin. -->","yoast_head_json":{"title":"Trocellen Tunnel est une feuille imperm\u00e9able et l\u00e9g\u00e8re","description":"Mat\u00e9riau compos\u00e9 d\u2019une classe \u00e9lev\u00e9e selon le classement de r\u00e9action au feu, acheminant les fuites d\u2019eau du tunnel de la vo\u00fbte au pignon d\u2019extr\u00e9mit\u00e9.","robots":{"index":"index","follow":"follow","max-snippet":"max-snippet:-1","max-image-preview":"max-image-preview:large","max-video-preview":"max-video-preview:-1"},"canonical":"https:\/\/insulation.trocellen.com\/fr\/applications\/impermeabilisation-des-tunnels\/impermeabilisation-des-tunnels\/","og_locale":"fr_FR","og_type":"article","og_title":"Trocellen Tunnel est une feuille imperm\u00e9able et l\u00e9g\u00e8re","og_description":"Mat\u00e9riau compos\u00e9 d\u2019une classe \u00e9lev\u00e9e selon le classement de r\u00e9action au feu, acheminant les fuites d\u2019eau du tunnel de la vo\u00fbte au pignon d\u2019extr\u00e9mit\u00e9.","og_url":"https:\/\/insulation.trocellen.com\/fr\/applications\/impermeabilisation-des-tunnels\/impermeabilisation-des-tunnels\/","og_site_name":"Trocellen Insulation","article_modified_time":"2023-07-10T09:45:08+00:00","og_image":[{"width":1920,"height":300,"url":"https:\/\/insulation.trocellen.com\/wp-content\/uploads\/sites\/6\/2023\/05\/tunnel-fejlec.jpg","type":"image\/jpeg"}],"twitter_card":"summary_large_image","twitter_misc":{"Dur\u00e9e de lecture estim\u00e9e":"2 minutes"},"schema":{"@context":"https:\/\/schema.org","@graph":[{"@type":"WebPage","@id":"https:\/\/insulation.trocellen.com\/fr\/applications\/impermeabilisation-des-tunnels\/impermeabilisation-des-tunnels\/","url":"https:\/\/insulation.trocellen.com\/fr\/applications\/impermeabilisation-des-tunnels\/impermeabilisation-des-tunnels\/","name":"Trocellen Tunnel est une feuille imperm\u00e9able et l\u00e9g\u00e8re","isPartOf":{"@id":"https:\/\/insulation.trocellen.com\/fr\/#website"},"primaryImageOfPage":{"@id":"https:\/\/insulation.trocellen.com\/fr\/applications\/impermeabilisation-des-tunnels\/impermeabilisation-des-tunnels\/#primaryimage"},"image":{"@id":"https:\/\/insulation.trocellen.com\/fr\/applications\/impermeabilisation-des-tunnels\/impermeabilisation-des-tunnels\/#primaryimage"},"thumbnailUrl":"https:\/\/insulation.trocellen.com\/wp-content\/uploads\/sites\/6\/2023\/05\/tunnel-fejlec.jpg","datePublished":"2017-11-22T09:21:39+00:00","dateModified":"2023-07-10T09:45:08+00:00","description":"Mat\u00e9riau compos\u00e9 d\u2019une classe \u00e9lev\u00e9e selon le classement de r\u00e9action au feu, acheminant les fuites d\u2019eau du tunnel de la vo\u00fbte au pignon d\u2019extr\u00e9mit\u00e9.","breadcrumb":{"@id":"https:\/\/insulation.trocellen.com\/fr\/applications\/impermeabilisation-des-tunnels\/impermeabilisation-des-tunnels\/#breadcrumb"},"inLanguage":"fr-FR","potentialAction":[{"@type":"ReadAction","target":["https:\/\/insulation.trocellen.com\/fr\/applications\/impermeabilisation-des-tunnels\/impermeabilisation-des-tunnels\/"]}]},{"@type":"ImageObject","inLanguage":"fr-FR","@id":"https:\/\/insulation.trocellen.com\/fr\/applications\/impermeabilisation-des-tunnels\/impermeabilisation-des-tunnels\/#primaryimage","url":"https:\/\/insulation.trocellen.com\/wp-content\/uploads\/sites\/6\/2023\/05\/tunnel-fejlec.jpg","contentUrl":"https:\/\/insulation.trocellen.com\/wp-content\/uploads\/sites\/6\/2023\/05\/tunnel-fejlec.jpg","width":1920,"height":300},{"@type":"BreadcrumbList","@id":"https:\/\/insulation.trocellen.com\/fr\/applications\/impermeabilisation-des-tunnels\/impermeabilisation-des-tunnels\/#breadcrumb","itemListElement":[{"@type":"ListItem","position":1,"name":"Home","item":"https:\/\/insulation.trocellen.com\/fr\/"},{"@type":"ListItem","position":2,"name":"Applications","item":"https:\/\/insulation.trocellen.com\/fr\/applications\/"},{"@type":"ListItem","position":3,"name":"Imperm\u00e9abilisation des tunnels","item":"https:\/\/insulation.trocellen.com\/fr\/applications\/impermeabilisation-des-tunnels\/"},{"@type":"ListItem","position":4,"name":"Imperm\u00e9abilisation des tunnels"}]},{"@type":"WebSite","@id":"https:\/\/insulation.trocellen.com\/fr\/#website","url":"https:\/\/insulation.trocellen.com\/fr\/","name":"Trocellen Insulation","description":"","potentialAction":[{"@type":"SearchAction","target":{"@type":"EntryPoint","urlTemplate":"https:\/\/insulation.trocellen.com\/fr\/?s={search_term_string}"},"query-input":{"@type":"PropertyValueSpecification","valueRequired":true,"valueName":"search_term_string"}}],"inLanguage":"fr-FR"}]}},"_links":{"self":[{"href":"https:\/\/insulation.trocellen.com\/fr\/wp-json\/wp\/v2\/pages\/4397","targetHints":{"allow":["GET"]}}],"collection":[{"href":"https:\/\/insulation.trocellen.com\/fr\/wp-json\/wp\/v2\/pages"}],"about":[{"href":"https:\/\/insulation.trocellen.com\/fr\/wp-json\/wp\/v2\/types\/page"}],"author":[{"embeddable":true,"href":"https:\/\/insulation.trocellen.com\/fr\/wp-json\/wp\/v2\/users\/1"}],"replies":[{"embeddable":true,"href":"https:\/\/insulation.trocellen.com\/fr\/wp-json\/wp\/v2\/comments?post=4397"}],"version-history":[{"count":3,"href":"https:\/\/insulation.trocellen.com\/fr\/wp-json\/wp\/v2\/pages\/4397\/revisions"}],"predecessor-version":[{"id":9742,"href":"https:\/\/insulation.trocellen.com\/fr\/wp-json\/wp\/v2\/pages\/4397\/revisions\/9742"}],"up":[{"embeddable":true,"href":"https:\/\/insulation.trocellen.com\/fr\/wp-json\/wp\/v2\/pages\/4391"}],"wp:featuredmedia":[{"embeddable":true,"href":"https:\/\/insulation.trocellen.com\/fr\/wp-json\/wp\/v2\/media\/8913"}],"wp:attachment":[{"href":"https:\/\/insulation.trocellen.com\/fr\/wp-json\/wp\/v2\/media?parent=4397"}],"curies":[{"name":"wp","href":"https:\/\/api.w.org\/{rel}","templated":true}]}}