{"id":4355,"date":"2015-09-30T07:58:14","date_gmt":"2015-09-30T07:58:14","guid":{"rendered":"https:\/\/insulation-new.trocellen.com\/systeme-de-reflexion-pour-les-toitures\/"},"modified":"2023-07-10T09:44:26","modified_gmt":"2023-07-10T09:44:26","slug":"systeme-de-reflexion-pour-les-toitures","status":"publish","type":"page","link":"https:\/\/insulation.trocellen.com\/fr\/applications\/wall-roof-insulation\/systeme-de-reflexion-pour-les-toitures\/","title":{"rendered":"Syst\u00e8me de r\u00e9flexion pour les toitures"},"content":{"rendered":"\n<h2 class=\"wp-block-heading\">Isolation des toitures &#8211; <mark style=\"background-color:rgba(0, 0, 0, 0);color:#4ea346\" class=\"has-inline-color\">Trocellen AL<\/mark><\/h2>\n\n\n\n<p>Une mousse de poly\u00e9thyl\u00e8ne r\u00e9ticul\u00e9e chimiquement et stratifi\u00e9e avec un film en aluminium, garantit la stabilit\u00e9 des caract\u00e9ristiques m\u00e9caniques et thermiques, et peut \u00eatre utilis\u00e9 en tant que protection contre la vapeur et pour r\u00e9fl\u00e9chir la chaleur.<\/p>\n\n\n\n<h2 class=\"wp-block-heading\">Joints pour tuiles de toiture &#8211; <mark style=\"background-color:rgba(0, 0, 0, 0);color:#4ea346\" class=\"has-inline-color\">Trocellen ALU<\/mark><\/h2>\n\n\n\n<p>Avec une excellente protection contre la vapeur et une grande capacit\u00e9 de r\u00e9flexion de la chaleur rayonn\u00e9e, Trocellen ALU convient aux joints pour tuiles de toiture. La surface de l\u2019aluminium \u00e9vite le d\u00e9veloppement de s\u00e9diments, de moisissures ou de parasites.<\/p>\n\n\n\n<h2 class=\"wp-block-heading\">Isolation de lofts &#8211; <mark style=\"background-color:rgba(0, 0, 0, 0);color:#4ea346\" class=\"has-inline-color\">Trocellen N<\/mark><\/h2>\n\n\n\n<p>Une mousse de poly\u00e9thyl\u00e8ne r\u00e9ticul\u00e9e, ne rouille pas et pr\u00e9serve les caract\u00e9ristiques m\u00e9caniques et acoustiques au fil du temps. Gr\u00e2ce \u00e0 leurs propri\u00e9t\u00e9s, nos mousses garantissent une excellente isolation thermique.<\/p>\n\n\n\n<h3 class=\"wp-block-heading\">Fiche technique<\/h3>\n\n\n\n<figure class=\"wp-block-table\"><table><thead><tr><th scope=\"col\">&nbsp;<\/th><th scope=\"col\">Norme<\/th><th scope=\"col\">Unit\u00e9<\/th><th scope=\"col\">Trocellen AL<\/th><th scope=\"col\">Trocellen ALU<\/th><th scope=\"col\">Trocellen N<\/th><\/tr><\/thead><tbody><tr><th scope=\"row\">Densit\u00e9<\/th><td>EN ISO 845<\/td><td>kg\/m<sup>3<\/sup><\/td><td>30<\/td><td>30<\/td><td>30<\/td><\/tr><tr><th scope=\"row\">\u00c9paisseur<\/th><td>EN ISO 1923<\/td><td>mm<\/td><td>3-5-10<\/td><td>3-5-10<\/td><td>3-5-10<\/td><\/tr><tr><th scope=\"row\">Coefficient de diffusion de vapeur d\u2019eau<\/th><td>EN 12086 EN ISO 12572<\/td><td>\u03bc<\/td><td>12.918<\/td><td>&gt;65.000<\/td><td>2.192<\/td><\/tr><tr><th scope=\"row\">Stabilit\u00e9 dimensionnelle (ISO 2976\u00b0C100100100<\/th><\/tr><tr><th scope=\"row\">Conductivit\u00e9 thermique \u00e0 10\u00b0C (\u03bb)<\/th><td>EN 12667<\/td><td>W\/mK<br>kcal\/mh\u00b0C<\/td><td>0,0367<br>0,0317<\/td><td>0,0367<br>0,0317<\/td><td>0,0367<br>0,0317<\/td><\/tr><\/tbody><\/table><\/figure>\n\n\n\n<p class=\"has-text-align-center\">Nos mat\u00e9riaux ne contiennent pas de CFC<\/p>\n","protected":false},"excerpt":{"rendered":"<p>Isolation des toitures &#8211; Trocellen AL Une mousse de poly\u00e9thyl\u00e8ne r\u00e9ticul\u00e9e chimiquement et stratifi\u00e9e avec un film en aluminium, garantit la stabilit\u00e9 des caract\u00e9ristiques m\u00e9caniques et thermiques, et peut \u00eatre utilis\u00e9 en tant que protection contre la vapeur et pour r\u00e9fl\u00e9chir la chaleur. Joints pour tuiles de toiture &#8211; Trocellen ALU Avec une excellente protection [&hellip;]<\/p>\n","protected":false},"author":1,"featured_media":8900,"parent":4301,"menu_order":200,"comment_status":"open","ping_status":"closed","template":"templates\/applications.php","meta":{"_acf_changed":false,"footnotes":""},"class_list":["post-4355","page","type-page","status-publish","has-post-thumbnail","hentry"],"acf":[],"yoast_head":"<!-- This site is optimized with the Yoast SEO plugin v23.5 - https:\/\/yoast.com\/wordpress\/plugins\/seo\/ -->\n<title>Isolation toiture, joints pour tuiles, isolation des lofts<\/title>\n<meta name=\"description\" content=\"Ils sont utilis\u00e9s comme pare-vapeur et r\u00e9flecteur de chaleur. Ils ne pourrissent pas et ils garantissent une stabilit\u00e9 m\u00e9canique et thermique.\" \/>\n<meta name=\"robots\" content=\"index, follow, max-snippet:-1, max-image-preview:large, max-video-preview:-1\" \/>\n<link rel=\"canonical\" href=\"https:\/\/insulation.trocellen.com\/fr\/applications\/wall-roof-insulation\/systeme-de-reflexion-pour-les-toitures\/\" \/>\n<meta property=\"og:locale\" content=\"fr_FR\" \/>\n<meta property=\"og:type\" content=\"article\" \/>\n<meta property=\"og:title\" content=\"Isolation toiture, joints pour tuiles, isolation des lofts\" \/>\n<meta property=\"og:description\" content=\"Ils sont utilis\u00e9s comme pare-vapeur et r\u00e9flecteur de chaleur. Ils ne pourrissent pas et ils garantissent une stabilit\u00e9 m\u00e9canique et thermique.\" \/>\n<meta property=\"og:url\" content=\"https:\/\/insulation.trocellen.com\/fr\/applications\/wall-roof-insulation\/systeme-de-reflexion-pour-les-toitures\/\" \/>\n<meta property=\"og:site_name\" content=\"Trocellen Insulation\" \/>\n<meta property=\"article:modified_time\" content=\"2023-07-10T09:44:26+00:00\" \/>\n<meta property=\"og:image\" content=\"https:\/\/insulation.trocellen.com\/wp-content\/uploads\/sites\/6\/2023\/05\/roof-fejlec.jpg\" \/>\n\t<meta property=\"og:image:width\" content=\"1920\" \/>\n\t<meta property=\"og:image:height\" content=\"300\" \/>\n\t<meta property=\"og:image:type\" content=\"image\/jpeg\" \/>\n<meta name=\"twitter:card\" content=\"summary_large_image\" \/>\n<meta name=\"twitter:label1\" content=\"Dur\u00e9e de lecture estim\u00e9e\" \/>\n\t<meta name=\"twitter:data1\" content=\"1 minute\" \/>\n<script type=\"application\/ld+json\" class=\"yoast-schema-graph\">{\"@context\":\"https:\/\/schema.org\",\"@graph\":[{\"@type\":\"WebPage\",\"@id\":\"https:\/\/insulation.trocellen.com\/fr\/applications\/wall-roof-insulation\/systeme-de-reflexion-pour-les-toitures\/\",\"url\":\"https:\/\/insulation.trocellen.com\/fr\/applications\/wall-roof-insulation\/systeme-de-reflexion-pour-les-toitures\/\",\"name\":\"Isolation toiture, joints pour tuiles, isolation des lofts\",\"isPartOf\":{\"@id\":\"https:\/\/insulation.trocellen.com\/fr\/#website\"},\"primaryImageOfPage\":{\"@id\":\"https:\/\/insulation.trocellen.com\/fr\/applications\/wall-roof-insulation\/systeme-de-reflexion-pour-les-toitures\/#primaryimage\"},\"image\":{\"@id\":\"https:\/\/insulation.trocellen.com\/fr\/applications\/wall-roof-insulation\/systeme-de-reflexion-pour-les-toitures\/#primaryimage\"},\"thumbnailUrl\":\"https:\/\/insulation.trocellen.com\/wp-content\/uploads\/sites\/6\/2023\/05\/roof-fejlec.jpg\",\"datePublished\":\"2015-09-30T07:58:14+00:00\",\"dateModified\":\"2023-07-10T09:44:26+00:00\",\"description\":\"Ils sont utilis\u00e9s comme pare-vapeur et r\u00e9flecteur de chaleur. Ils ne pourrissent pas et ils garantissent une stabilit\u00e9 m\u00e9canique et thermique.\",\"breadcrumb\":{\"@id\":\"https:\/\/insulation.trocellen.com\/fr\/applications\/wall-roof-insulation\/systeme-de-reflexion-pour-les-toitures\/#breadcrumb\"},\"inLanguage\":\"fr-FR\",\"potentialAction\":[{\"@type\":\"ReadAction\",\"target\":[\"https:\/\/insulation.trocellen.com\/fr\/applications\/wall-roof-insulation\/systeme-de-reflexion-pour-les-toitures\/\"]}]},{\"@type\":\"ImageObject\",\"inLanguage\":\"fr-FR\",\"@id\":\"https:\/\/insulation.trocellen.com\/fr\/applications\/wall-roof-insulation\/systeme-de-reflexion-pour-les-toitures\/#primaryimage\",\"url\":\"https:\/\/insulation.trocellen.com\/wp-content\/uploads\/sites\/6\/2023\/05\/roof-fejlec.jpg\",\"contentUrl\":\"https:\/\/insulation.trocellen.com\/wp-content\/uploads\/sites\/6\/2023\/05\/roof-fejlec.jpg\",\"width\":1920,\"height\":300},{\"@type\":\"BreadcrumbList\",\"@id\":\"https:\/\/insulation.trocellen.com\/fr\/applications\/wall-roof-insulation\/systeme-de-reflexion-pour-les-toitures\/#breadcrumb\",\"itemListElement\":[{\"@type\":\"ListItem\",\"position\":1,\"name\":\"Home\",\"item\":\"https:\/\/insulation.trocellen.com\/fr\/\"},{\"@type\":\"ListItem\",\"position\":2,\"name\":\"Applications\",\"item\":\"https:\/\/insulation.trocellen.com\/fr\/applications\/\"},{\"@type\":\"ListItem\",\"position\":3,\"name\":\"Wall &amp; Roof insulation\",\"item\":\"https:\/\/insulation.trocellen.com\/fr\/applications\/wall-roof-insulation\/\"},{\"@type\":\"ListItem\",\"position\":4,\"name\":\"Syst\u00e8me de r\u00e9flexion pour les toitures\"}]},{\"@type\":\"WebSite\",\"@id\":\"https:\/\/insulation.trocellen.com\/fr\/#website\",\"url\":\"https:\/\/insulation.trocellen.com\/fr\/\",\"name\":\"Trocellen Insulation\",\"description\":\"\",\"potentialAction\":[{\"@type\":\"SearchAction\",\"target\":{\"@type\":\"EntryPoint\",\"urlTemplate\":\"https:\/\/insulation.trocellen.com\/fr\/?s={search_term_string}\"},\"query-input\":{\"@type\":\"PropertyValueSpecification\",\"valueRequired\":true,\"valueName\":\"search_term_string\"}}],\"inLanguage\":\"fr-FR\"}]}<\/script>\n<!-- \/ Yoast SEO plugin. -->","yoast_head_json":{"title":"Isolation toiture, joints pour tuiles, isolation des lofts","description":"Ils sont utilis\u00e9s comme pare-vapeur et r\u00e9flecteur de chaleur. Ils ne pourrissent pas et ils garantissent une stabilit\u00e9 m\u00e9canique et thermique.","robots":{"index":"index","follow":"follow","max-snippet":"max-snippet:-1","max-image-preview":"max-image-preview:large","max-video-preview":"max-video-preview:-1"},"canonical":"https:\/\/insulation.trocellen.com\/fr\/applications\/wall-roof-insulation\/systeme-de-reflexion-pour-les-toitures\/","og_locale":"fr_FR","og_type":"article","og_title":"Isolation toiture, joints pour tuiles, isolation des lofts","og_description":"Ils sont utilis\u00e9s comme pare-vapeur et r\u00e9flecteur de chaleur. Ils ne pourrissent pas et ils garantissent une stabilit\u00e9 m\u00e9canique et thermique.","og_url":"https:\/\/insulation.trocellen.com\/fr\/applications\/wall-roof-insulation\/systeme-de-reflexion-pour-les-toitures\/","og_site_name":"Trocellen Insulation","article_modified_time":"2023-07-10T09:44:26+00:00","og_image":[{"width":1920,"height":300,"url":"https:\/\/insulation.trocellen.com\/wp-content\/uploads\/sites\/6\/2023\/05\/roof-fejlec.jpg","type":"image\/jpeg"}],"twitter_card":"summary_large_image","twitter_misc":{"Dur\u00e9e de lecture estim\u00e9e":"1 minute"},"schema":{"@context":"https:\/\/schema.org","@graph":[{"@type":"WebPage","@id":"https:\/\/insulation.trocellen.com\/fr\/applications\/wall-roof-insulation\/systeme-de-reflexion-pour-les-toitures\/","url":"https:\/\/insulation.trocellen.com\/fr\/applications\/wall-roof-insulation\/systeme-de-reflexion-pour-les-toitures\/","name":"Isolation toiture, joints pour tuiles, isolation des lofts","isPartOf":{"@id":"https:\/\/insulation.trocellen.com\/fr\/#website"},"primaryImageOfPage":{"@id":"https:\/\/insulation.trocellen.com\/fr\/applications\/wall-roof-insulation\/systeme-de-reflexion-pour-les-toitures\/#primaryimage"},"image":{"@id":"https:\/\/insulation.trocellen.com\/fr\/applications\/wall-roof-insulation\/systeme-de-reflexion-pour-les-toitures\/#primaryimage"},"thumbnailUrl":"https:\/\/insulation.trocellen.com\/wp-content\/uploads\/sites\/6\/2023\/05\/roof-fejlec.jpg","datePublished":"2015-09-30T07:58:14+00:00","dateModified":"2023-07-10T09:44:26+00:00","description":"Ils sont utilis\u00e9s comme pare-vapeur et r\u00e9flecteur de chaleur. Ils ne pourrissent pas et ils garantissent une stabilit\u00e9 m\u00e9canique et thermique.","breadcrumb":{"@id":"https:\/\/insulation.trocellen.com\/fr\/applications\/wall-roof-insulation\/systeme-de-reflexion-pour-les-toitures\/#breadcrumb"},"inLanguage":"fr-FR","potentialAction":[{"@type":"ReadAction","target":["https:\/\/insulation.trocellen.com\/fr\/applications\/wall-roof-insulation\/systeme-de-reflexion-pour-les-toitures\/"]}]},{"@type":"ImageObject","inLanguage":"fr-FR","@id":"https:\/\/insulation.trocellen.com\/fr\/applications\/wall-roof-insulation\/systeme-de-reflexion-pour-les-toitures\/#primaryimage","url":"https:\/\/insulation.trocellen.com\/wp-content\/uploads\/sites\/6\/2023\/05\/roof-fejlec.jpg","contentUrl":"https:\/\/insulation.trocellen.com\/wp-content\/uploads\/sites\/6\/2023\/05\/roof-fejlec.jpg","width":1920,"height":300},{"@type":"BreadcrumbList","@id":"https:\/\/insulation.trocellen.com\/fr\/applications\/wall-roof-insulation\/systeme-de-reflexion-pour-les-toitures\/#breadcrumb","itemListElement":[{"@type":"ListItem","position":1,"name":"Home","item":"https:\/\/insulation.trocellen.com\/fr\/"},{"@type":"ListItem","position":2,"name":"Applications","item":"https:\/\/insulation.trocellen.com\/fr\/applications\/"},{"@type":"ListItem","position":3,"name":"Wall &amp; Roof insulation","item":"https:\/\/insulation.trocellen.com\/fr\/applications\/wall-roof-insulation\/"},{"@type":"ListItem","position":4,"name":"Syst\u00e8me de r\u00e9flexion pour les toitures"}]},{"@type":"WebSite","@id":"https:\/\/insulation.trocellen.com\/fr\/#website","url":"https:\/\/insulation.trocellen.com\/fr\/","name":"Trocellen Insulation","description":"","potentialAction":[{"@type":"SearchAction","target":{"@type":"EntryPoint","urlTemplate":"https:\/\/insulation.trocellen.com\/fr\/?s={search_term_string}"},"query-input":{"@type":"PropertyValueSpecification","valueRequired":true,"valueName":"search_term_string"}}],"inLanguage":"fr-FR"}]}},"_links":{"self":[{"href":"https:\/\/insulation.trocellen.com\/fr\/wp-json\/wp\/v2\/pages\/4355","targetHints":{"allow":["GET"]}}],"collection":[{"href":"https:\/\/insulation.trocellen.com\/fr\/wp-json\/wp\/v2\/pages"}],"about":[{"href":"https:\/\/insulation.trocellen.com\/fr\/wp-json\/wp\/v2\/types\/page"}],"author":[{"embeddable":true,"href":"https:\/\/insulation.trocellen.com\/fr\/wp-json\/wp\/v2\/users\/1"}],"replies":[{"embeddable":true,"href":"https:\/\/insulation.trocellen.com\/fr\/wp-json\/wp\/v2\/comments?post=4355"}],"version-history":[{"count":4,"href":"https:\/\/insulation.trocellen.com\/fr\/wp-json\/wp\/v2\/pages\/4355\/revisions"}],"predecessor-version":[{"id":9741,"href":"https:\/\/insulation.trocellen.com\/fr\/wp-json\/wp\/v2\/pages\/4355\/revisions\/9741"}],"up":[{"embeddable":true,"href":"https:\/\/insulation.trocellen.com\/fr\/wp-json\/wp\/v2\/pages\/4301"}],"wp:featuredmedia":[{"embeddable":true,"href":"https:\/\/insulation.trocellen.com\/fr\/wp-json\/wp\/v2\/media\/8900"}],"wp:attachment":[{"href":"https:\/\/insulation.trocellen.com\/fr\/wp-json\/wp\/v2\/media?parent=4355"}],"curies":[{"name":"wp","href":"https:\/\/api.w.org\/{rel}","templated":true}]}}