{"id":4343,"date":"2015-09-30T07:54:31","date_gmt":"2015-09-30T07:54:31","guid":{"rendered":"https:\/\/insulation-new.trocellen.com\/profils-de-toitures\/"},"modified":"2023-07-10T09:43:49","modified_gmt":"2023-07-10T09:43:49","slug":"profils-de-toitures","status":"publish","type":"page","link":"https:\/\/insulation.trocellen.com\/fr\/applications\/wall-roof-insulation\/profils-de-toitures\/","title":{"rendered":"Profils de toitures"},"content":{"rendered":"<p>La r\u00e9sistance m\u00e9canique et la durabilit\u00e9 sont des exigences tr\u00e8s importantes pour les profils de toitures. Trocellen r\u00e9pond \u00e0 ces exigences gr\u00e2ce \u00e0 des solutions flexibles de grande qualit\u00e9, qui offrent probablement les mat\u00e9riaux d&rsquo;isolation les plus durables.<\/p>\n<h2>Le produit<\/h2>\n<ul>\n<li>Mat\u00e9riau : Mousse de poly\u00e9thyl\u00e8ne r\u00e9ticul\u00e9e chimiquement<\/li>\n<li>Densit\u00e9 : 30 kg\/m\u00b3<\/li>\n<li>\u00c9paisseur : de 25 \u00e0 35 mm<\/li>\n<li>Bicolore<\/li>\n<li>Les pi\u00e8ces livr\u00e9es sont pr\u00eats \u00e0 l\u2019emploi avec une d\u00e9coupe g\u00e9om\u00e9trique pr\u00e9cise<\/li>\n<\/ul>\n<h3>Propri\u00e9t\u00e9s<\/h3>\n<ul>\n<li>R\u00e9sistant aux substances \u2013 pas de condensation et de bact\u00e9ries<\/li>\n<li>\u00c9tanche<\/li>\n<li>R\u00e9sistance m\u00e9canique \u2013 grande r\u00e9sistance au d\u00e9chirement\/\u00e0 la rupture<\/li>\n<li>Grande isolation thermique \u2013 r\u00e9duction de la perte d\u2019\u00e9nergie<\/li>\n<li>Mat\u00e9riau sans odeur \u2013 pas d\u2019odeurs, pas de fogging<\/li>\n<li>Solutions sur-mesure \u2013 a\u00e9ration, fixation<\/li>\n<li>Facilit\u00e9 d\u2019installation \u2013 grande flexibilit\u00e9 et retrouve sa forme<\/li>\n<\/ul>\n<h3>Avantages<\/h3>\n<ul>\n<li>S\u2019adapte \u00e0 la toiture en termes de couleur et de g\u00e9om\u00e9trie<\/li>\n<li>Travail efficace sur site, grand gain de temps et d&rsquo;argent<\/li>\n<li>Simple \u00e0 manipuler et \u00e0 transformer<\/li>\n<li>Simple \u00e0 utiliser et \u00e0 stocker<\/li>\n<li>Peut r\u00e9pondre aux attentes sp\u00e9cifiques des clients<\/li>\n<li>Supporte la grande dur\u00e9e de vie du syst\u00e8me<\/li>\n<\/ul>\n","protected":false},"excerpt":{"rendered":"<p>La r\u00e9sistance m\u00e9canique et la durabilit\u00e9 sont des exigences tr\u00e8s importantes pour les profils de toitures. Trocellen r\u00e9pond \u00e0 ces exigences gr\u00e2ce \u00e0 des solutions flexibles de grande qualit\u00e9, qui offrent probablement les mat\u00e9riaux d&rsquo;isolation les plus durables. Le produit Mat\u00e9riau : Mousse de poly\u00e9thyl\u00e8ne r\u00e9ticul\u00e9e chimiquement Densit\u00e9 : 30 kg\/m\u00b3 \u00c9paisseur : de 25 [&hellip;]<\/p>\n","protected":false},"author":1,"featured_media":8900,"parent":4301,"menu_order":300,"comment_status":"open","ping_status":"closed","template":"templates\/applications.php","meta":{"_acf_changed":false,"footnotes":""},"class_list":["post-4343","page","type-page","status-publish","has-post-thumbnail","hentry"],"acf":[],"yoast_head":"<!-- This site is optimized with the Yoast SEO plugin v23.5 - https:\/\/yoast.com\/wordpress\/plugins\/seo\/ -->\n<title>Profils de toiture de couleur et g\u00e9om\u00e9trie adapt\u00e9es au toit<\/title>\n<meta name=\"description\" content=\"Les profils de toiture Trocellen durables et faciles \u00e0 installer peuvent \u00eatre fabriqu\u00e9s sur mesure, pr\u00eats \u00e0 l\u2019emploi avec une d\u00e9coupe g\u00e9om\u00e9trique pr\u00e9cise.\" \/>\n<meta name=\"robots\" content=\"index, follow, max-snippet:-1, max-image-preview:large, max-video-preview:-1\" \/>\n<link rel=\"canonical\" href=\"https:\/\/insulation.trocellen.com\/fr\/applications\/wall-roof-insulation\/profils-de-toitures\/\" \/>\n<meta property=\"og:locale\" content=\"fr_FR\" \/>\n<meta property=\"og:type\" content=\"article\" \/>\n<meta property=\"og:title\" content=\"Profils de toiture de couleur et g\u00e9om\u00e9trie adapt\u00e9es au toit\" \/>\n<meta property=\"og:description\" content=\"Les profils de toiture Trocellen durables et faciles \u00e0 installer peuvent \u00eatre fabriqu\u00e9s sur mesure, pr\u00eats \u00e0 l\u2019emploi avec une d\u00e9coupe g\u00e9om\u00e9trique pr\u00e9cise.\" \/>\n<meta property=\"og:url\" content=\"https:\/\/insulation.trocellen.com\/fr\/applications\/wall-roof-insulation\/profils-de-toitures\/\" \/>\n<meta property=\"og:site_name\" content=\"Trocellen Insulation\" \/>\n<meta property=\"article:modified_time\" content=\"2023-07-10T09:43:49+00:00\" \/>\n<meta property=\"og:image\" content=\"https:\/\/insulation.trocellen.com\/wp-content\/uploads\/sites\/6\/2023\/05\/roof-fejlec.jpg\" \/>\n\t<meta property=\"og:image:width\" content=\"1920\" \/>\n\t<meta property=\"og:image:height\" content=\"300\" \/>\n\t<meta property=\"og:image:type\" content=\"image\/jpeg\" \/>\n<meta name=\"twitter:card\" content=\"summary_large_image\" \/>\n<meta name=\"twitter:label1\" content=\"Dur\u00e9e de lecture estim\u00e9e\" \/>\n\t<meta name=\"twitter:data1\" content=\"1 minute\" \/>\n<script type=\"application\/ld+json\" class=\"yoast-schema-graph\">{\"@context\":\"https:\/\/schema.org\",\"@graph\":[{\"@type\":\"WebPage\",\"@id\":\"https:\/\/insulation.trocellen.com\/fr\/applications\/wall-roof-insulation\/profils-de-toitures\/\",\"url\":\"https:\/\/insulation.trocellen.com\/fr\/applications\/wall-roof-insulation\/profils-de-toitures\/\",\"name\":\"Profils de toiture de couleur et g\u00e9om\u00e9trie adapt\u00e9es au toit\",\"isPartOf\":{\"@id\":\"https:\/\/insulation.trocellen.com\/fr\/#website\"},\"primaryImageOfPage\":{\"@id\":\"https:\/\/insulation.trocellen.com\/fr\/applications\/wall-roof-insulation\/profils-de-toitures\/#primaryimage\"},\"image\":{\"@id\":\"https:\/\/insulation.trocellen.com\/fr\/applications\/wall-roof-insulation\/profils-de-toitures\/#primaryimage\"},\"thumbnailUrl\":\"https:\/\/insulation.trocellen.com\/wp-content\/uploads\/sites\/6\/2023\/05\/roof-fejlec.jpg\",\"datePublished\":\"2015-09-30T07:54:31+00:00\",\"dateModified\":\"2023-07-10T09:43:49+00:00\",\"description\":\"Les profils de toiture Trocellen durables et faciles \u00e0 installer peuvent \u00eatre fabriqu\u00e9s sur mesure, pr\u00eats \u00e0 l\u2019emploi avec une d\u00e9coupe g\u00e9om\u00e9trique pr\u00e9cise.\",\"breadcrumb\":{\"@id\":\"https:\/\/insulation.trocellen.com\/fr\/applications\/wall-roof-insulation\/profils-de-toitures\/#breadcrumb\"},\"inLanguage\":\"fr-FR\",\"potentialAction\":[{\"@type\":\"ReadAction\",\"target\":[\"https:\/\/insulation.trocellen.com\/fr\/applications\/wall-roof-insulation\/profils-de-toitures\/\"]}]},{\"@type\":\"ImageObject\",\"inLanguage\":\"fr-FR\",\"@id\":\"https:\/\/insulation.trocellen.com\/fr\/applications\/wall-roof-insulation\/profils-de-toitures\/#primaryimage\",\"url\":\"https:\/\/insulation.trocellen.com\/wp-content\/uploads\/sites\/6\/2023\/05\/roof-fejlec.jpg\",\"contentUrl\":\"https:\/\/insulation.trocellen.com\/wp-content\/uploads\/sites\/6\/2023\/05\/roof-fejlec.jpg\",\"width\":1920,\"height\":300},{\"@type\":\"BreadcrumbList\",\"@id\":\"https:\/\/insulation.trocellen.com\/fr\/applications\/wall-roof-insulation\/profils-de-toitures\/#breadcrumb\",\"itemListElement\":[{\"@type\":\"ListItem\",\"position\":1,\"name\":\"Home\",\"item\":\"https:\/\/insulation.trocellen.com\/fr\/\"},{\"@type\":\"ListItem\",\"position\":2,\"name\":\"Applications\",\"item\":\"https:\/\/insulation.trocellen.com\/fr\/applications\/\"},{\"@type\":\"ListItem\",\"position\":3,\"name\":\"Wall &amp; Roof insulation\",\"item\":\"https:\/\/insulation.trocellen.com\/fr\/applications\/wall-roof-insulation\/\"},{\"@type\":\"ListItem\",\"position\":4,\"name\":\"Profils de toitures\"}]},{\"@type\":\"WebSite\",\"@id\":\"https:\/\/insulation.trocellen.com\/fr\/#website\",\"url\":\"https:\/\/insulation.trocellen.com\/fr\/\",\"name\":\"Trocellen Insulation\",\"description\":\"\",\"potentialAction\":[{\"@type\":\"SearchAction\",\"target\":{\"@type\":\"EntryPoint\",\"urlTemplate\":\"https:\/\/insulation.trocellen.com\/fr\/?s={search_term_string}\"},\"query-input\":{\"@type\":\"PropertyValueSpecification\",\"valueRequired\":true,\"valueName\":\"search_term_string\"}}],\"inLanguage\":\"fr-FR\"}]}<\/script>\n<!-- \/ Yoast SEO plugin. -->","yoast_head_json":{"title":"Profils de toiture de couleur et g\u00e9om\u00e9trie adapt\u00e9es au toit","description":"Les profils de toiture Trocellen durables et faciles \u00e0 installer peuvent \u00eatre fabriqu\u00e9s sur mesure, pr\u00eats \u00e0 l\u2019emploi avec une d\u00e9coupe g\u00e9om\u00e9trique pr\u00e9cise.","robots":{"index":"index","follow":"follow","max-snippet":"max-snippet:-1","max-image-preview":"max-image-preview:large","max-video-preview":"max-video-preview:-1"},"canonical":"https:\/\/insulation.trocellen.com\/fr\/applications\/wall-roof-insulation\/profils-de-toitures\/","og_locale":"fr_FR","og_type":"article","og_title":"Profils de toiture de couleur et g\u00e9om\u00e9trie adapt\u00e9es au toit","og_description":"Les profils de toiture Trocellen durables et faciles \u00e0 installer peuvent \u00eatre fabriqu\u00e9s sur mesure, pr\u00eats \u00e0 l\u2019emploi avec une d\u00e9coupe g\u00e9om\u00e9trique pr\u00e9cise.","og_url":"https:\/\/insulation.trocellen.com\/fr\/applications\/wall-roof-insulation\/profils-de-toitures\/","og_site_name":"Trocellen Insulation","article_modified_time":"2023-07-10T09:43:49+00:00","og_image":[{"width":1920,"height":300,"url":"https:\/\/insulation.trocellen.com\/wp-content\/uploads\/sites\/6\/2023\/05\/roof-fejlec.jpg","type":"image\/jpeg"}],"twitter_card":"summary_large_image","twitter_misc":{"Dur\u00e9e de lecture estim\u00e9e":"1 minute"},"schema":{"@context":"https:\/\/schema.org","@graph":[{"@type":"WebPage","@id":"https:\/\/insulation.trocellen.com\/fr\/applications\/wall-roof-insulation\/profils-de-toitures\/","url":"https:\/\/insulation.trocellen.com\/fr\/applications\/wall-roof-insulation\/profils-de-toitures\/","name":"Profils de toiture de couleur et g\u00e9om\u00e9trie adapt\u00e9es au toit","isPartOf":{"@id":"https:\/\/insulation.trocellen.com\/fr\/#website"},"primaryImageOfPage":{"@id":"https:\/\/insulation.trocellen.com\/fr\/applications\/wall-roof-insulation\/profils-de-toitures\/#primaryimage"},"image":{"@id":"https:\/\/insulation.trocellen.com\/fr\/applications\/wall-roof-insulation\/profils-de-toitures\/#primaryimage"},"thumbnailUrl":"https:\/\/insulation.trocellen.com\/wp-content\/uploads\/sites\/6\/2023\/05\/roof-fejlec.jpg","datePublished":"2015-09-30T07:54:31+00:00","dateModified":"2023-07-10T09:43:49+00:00","description":"Les profils de toiture Trocellen durables et faciles \u00e0 installer peuvent \u00eatre fabriqu\u00e9s sur mesure, pr\u00eats \u00e0 l\u2019emploi avec une d\u00e9coupe g\u00e9om\u00e9trique pr\u00e9cise.","breadcrumb":{"@id":"https:\/\/insulation.trocellen.com\/fr\/applications\/wall-roof-insulation\/profils-de-toitures\/#breadcrumb"},"inLanguage":"fr-FR","potentialAction":[{"@type":"ReadAction","target":["https:\/\/insulation.trocellen.com\/fr\/applications\/wall-roof-insulation\/profils-de-toitures\/"]}]},{"@type":"ImageObject","inLanguage":"fr-FR","@id":"https:\/\/insulation.trocellen.com\/fr\/applications\/wall-roof-insulation\/profils-de-toitures\/#primaryimage","url":"https:\/\/insulation.trocellen.com\/wp-content\/uploads\/sites\/6\/2023\/05\/roof-fejlec.jpg","contentUrl":"https:\/\/insulation.trocellen.com\/wp-content\/uploads\/sites\/6\/2023\/05\/roof-fejlec.jpg","width":1920,"height":300},{"@type":"BreadcrumbList","@id":"https:\/\/insulation.trocellen.com\/fr\/applications\/wall-roof-insulation\/profils-de-toitures\/#breadcrumb","itemListElement":[{"@type":"ListItem","position":1,"name":"Home","item":"https:\/\/insulation.trocellen.com\/fr\/"},{"@type":"ListItem","position":2,"name":"Applications","item":"https:\/\/insulation.trocellen.com\/fr\/applications\/"},{"@type":"ListItem","position":3,"name":"Wall &amp; Roof insulation","item":"https:\/\/insulation.trocellen.com\/fr\/applications\/wall-roof-insulation\/"},{"@type":"ListItem","position":4,"name":"Profils de toitures"}]},{"@type":"WebSite","@id":"https:\/\/insulation.trocellen.com\/fr\/#website","url":"https:\/\/insulation.trocellen.com\/fr\/","name":"Trocellen Insulation","description":"","potentialAction":[{"@type":"SearchAction","target":{"@type":"EntryPoint","urlTemplate":"https:\/\/insulation.trocellen.com\/fr\/?s={search_term_string}"},"query-input":{"@type":"PropertyValueSpecification","valueRequired":true,"valueName":"search_term_string"}}],"inLanguage":"fr-FR"}]}},"_links":{"self":[{"href":"https:\/\/insulation.trocellen.com\/fr\/wp-json\/wp\/v2\/pages\/4343","targetHints":{"allow":["GET"]}}],"collection":[{"href":"https:\/\/insulation.trocellen.com\/fr\/wp-json\/wp\/v2\/pages"}],"about":[{"href":"https:\/\/insulation.trocellen.com\/fr\/wp-json\/wp\/v2\/types\/page"}],"author":[{"embeddable":true,"href":"https:\/\/insulation.trocellen.com\/fr\/wp-json\/wp\/v2\/users\/1"}],"replies":[{"embeddable":true,"href":"https:\/\/insulation.trocellen.com\/fr\/wp-json\/wp\/v2\/comments?post=4343"}],"version-history":[{"count":1,"href":"https:\/\/insulation.trocellen.com\/fr\/wp-json\/wp\/v2\/pages\/4343\/revisions"}],"predecessor-version":[{"id":4827,"href":"https:\/\/insulation.trocellen.com\/fr\/wp-json\/wp\/v2\/pages\/4343\/revisions\/4827"}],"up":[{"embeddable":true,"href":"https:\/\/insulation.trocellen.com\/fr\/wp-json\/wp\/v2\/pages\/4301"}],"wp:featuredmedia":[{"embeddable":true,"href":"https:\/\/insulation.trocellen.com\/fr\/wp-json\/wp\/v2\/media\/8900"}],"wp:attachment":[{"href":"https:\/\/insulation.trocellen.com\/fr\/wp-json\/wp\/v2\/media?parent=4343"}],"curies":[{"name":"wp","href":"https:\/\/api.w.org\/{rel}","templated":true}]}}