{"id":4337,"date":"2015-09-30T07:52:53","date_gmt":"2015-09-30T07:52:53","guid":{"rendered":"https:\/\/insulation-new.trocellen.com\/trocellen-high-temp\/"},"modified":"2023-12-15T12:57:29","modified_gmt":"2023-12-15T12:57:29","slug":"trocellen-high-temp","status":"publish","type":"page","link":"https:\/\/insulation.trocellen.com\/fr\/applications\/isolation-thermique\/trocellen-high-temp\/","title":{"rendered":"Trocellen HIGH TEMP"},"content":{"rendered":"<h2>Isolation des conduites Trocellen HIGH TEMP<\/h2>\n<p><img loading=\"lazy\" decoding=\"async\" class=\"alignnone size-full wp-image-1269\" src=\"https:\/\/insulation.trocellen.com\/wp-content\/uploads\/sites\/6\/2015\/09\/hightemp1.jpg\" alt=\"hightemp1\" width=\"300\" height=\"209\"><\/p>\n<h3>Avantages<\/h3>\n<ul>\n<li>Fabriqu\u00e9 en mousse d\u2019isolation en poly\u00e9thyl\u00e8ne \u00e0 cellules ferm\u00e9es durable.<\/li>\n<li>Valeur d\u2019isolation constante pendant au moins 23 ans, et probablement plus.*<\/li>\n<li>Propre, non toxique, r\u00e9sistant aux moisissures et aux bact\u00e9ries, sans odeurs.<\/li>\n<li>S\u00e9curit\u00e9 feu.<\/li>\n<li>N\u2019absorbe pas l\u2019eau.<\/li>\n<li>Suffisamment flexible pour rentrer dans des angles fins, et suffisamment r\u00e9sistant pour supporter une mauvaise manipulation.<\/li>\n<li>Peut \u00eatre utilis\u00e9 \u00e0 l\u2019int\u00e9rieur et \u00e0 l&rsquo;ext\u00e9rieur.<\/li>\n<li>Tr\u00e8s \u00e9conomique.<\/li>\n<\/ul>\n<h3>Propri\u00e9t\u00e9s<\/h3>\n<table class=\"green-table\" border=\"0\">\n<thead>\n<tr>\n<th class=\"green-table-first-cell\" colspan=\"2\" scope=\"col\">Propri\u00e9t\u00e9s<\/th>\n<\/tr>\n<\/thead>\n<tbody>\n<tr>\n<th scope=\"row\">Applications<\/th>\n<td>Con\u00e7u pour emp\u00eacher les pertes de chaleur du syst\u00e8me<\/td>\n<\/tr>\n<tr>\n<th scope=\"row\">R\u00e9sistance \u00e0 la temp\u00e9rature<\/th>\n<td>180\u00b0C (cr\u00eate); 150\u00b0C (en fonctionnement)<\/td>\n<\/tr>\n<tr>\n<th scope=\"row\">Mat\u00e9riau<\/th>\n<td>Poly\u00e9thyl\u00e8ne r\u00e9ticul\u00e9 \u00e0 cellules ferm\u00e9es et polyester non tiss\u00e9<\/td>\n<\/tr>\n<tr>\n<th scope=\"row\">Propri\u00e9t\u00e9s d\u2019isolation<\/th>\n<td>valeur lambda: 0.0359 W\/mK \u00e0 10\u00b0C (combin\u00e9)<\/td>\n<\/tr>\n<tr>\n<th scope=\"row\">Perm\u00e9abilit\u00e9 \u00e0 l\u2019eau<\/th>\n<td>valeur \u00b5: &gt;7,000<\/td>\n<\/tr>\n<tr>\n<th scope=\"row\">R\u00e9sistance aux UV<\/th>\n<td>1,5 an au moins (EN ISO 4892-2\/06)<\/td>\n<\/tr>\n<tr>\n<th scope=\"row\">Classe d\u2019incendie<\/th>\n<td>CL1 (D.M. 26\/06\/84);<br \/>\nB2 (DIN 4102\/B2)<\/td>\n<\/tr>\n<\/tbody>\n<\/table>\n<h3>Gamme de produits<\/h3>\n<table class=\"green-table\" border=\"0\">\n<thead>\n<tr>\n<th class=\"green-table-first-cell\" colspan=\"6\" scope=\"col\">Trocellen High Temp Pipe Insulation Product Range<\/th>\n<\/tr>\n<\/thead>\n<tbody>\n<tr>\n<td style=\"text-align: center;\">Thickness (mm)<\/td>\n<td style=\"text-align: center;\" colspan=\"5\">Internal Diameter (mm)<\/td>\n<\/tr>\n<tr>\n<td style=\"text-align: center;\">13<\/td>\n<td style=\"text-align: center;\">18,0<\/td>\n<td style=\"text-align: center;\">22,0<\/td>\n<td style=\"text-align: center;\">28,0<\/td>\n<td style=\"text-align: center;\"><\/td>\n<td style=\"text-align: center;\"><\/td>\n<\/tr>\n<tr>\n<td style=\"text-align: center;\">20<\/td>\n<td style=\"text-align: center;\">18,0<\/td>\n<td style=\"text-align: center;\">22,0<\/td>\n<td style=\"text-align: center;\">28,0<\/td>\n<td style=\"text-align: center;\">35,0<\/td>\n<td style=\"text-align: center;\">42,0<\/td>\n<\/tr>\n<tr>\n<td style=\"text-align: center;\" colspan=\"6\">net standard length 2.0 m &#8211; carton box packaging<\/td>\n<\/tr>\n<\/tbody>\n<\/table>\n<p><small>*Test\u00e9 par Trocellen au bout de 23 ans de fonctionnement avec les m\u00eames valeurs d&rsquo;isolation. R\u00e9sultats de test disponibles en cas de demande. <\/small><\/p>\n","protected":false},"excerpt":{"rendered":"<p>Isolation des conduites Trocellen HIGH TEMP Avantages Fabriqu\u00e9 en mousse d\u2019isolation en poly\u00e9thyl\u00e8ne \u00e0 cellules ferm\u00e9es durable. Valeur d\u2019isolation constante pendant au moins 23 ans, et probablement plus.* Propre, non toxique, r\u00e9sistant aux moisissures et aux bact\u00e9ries, sans odeurs. S\u00e9curit\u00e9 feu. N\u2019absorbe pas l\u2019eau. Suffisamment flexible pour rentrer dans des angles fins, et suffisamment r\u00e9sistant [&hellip;]<\/p>\n","protected":false},"author":1,"featured_media":8801,"parent":4295,"menu_order":100,"comment_status":"open","ping_status":"closed","template":"templates\/applications.php","meta":{"_acf_changed":false,"footnotes":""},"class_list":["post-4337","page","type-page","status-publish","has-post-thumbnail","hentry"],"acf":[],"yoast_head":"<!-- This site is optimized with the Yoast SEO plugin v23.5 - https:\/\/yoast.com\/wordpress\/plugins\/seo\/ -->\n<title>High-Temp est une solution d\u2019isolation pour tuyaux en cuivre<\/title>\n<meta name=\"description\" content=\"High-Temp est fabriqu\u00e9 \u00e0 base de mousse PE isolant suffisamment flexible et r\u00e9sistant pour rentrer dans des angles et supporter les chocs de manipulation\" \/>\n<meta name=\"robots\" content=\"index, follow, max-snippet:-1, max-image-preview:large, max-video-preview:-1\" \/>\n<link rel=\"canonical\" href=\"https:\/\/insulation.trocellen.com\/fr\/applications\/isolation-thermique\/trocellen-high-temp\/\" \/>\n<meta property=\"og:locale\" content=\"fr_FR\" \/>\n<meta property=\"og:type\" content=\"article\" \/>\n<meta property=\"og:title\" content=\"High-Temp est une solution d\u2019isolation pour tuyaux en cuivre\" \/>\n<meta property=\"og:description\" content=\"High-Temp est fabriqu\u00e9 \u00e0 base de mousse PE isolant suffisamment flexible et r\u00e9sistant pour rentrer dans des angles et supporter les chocs de manipulation\" \/>\n<meta property=\"og:url\" content=\"https:\/\/insulation.trocellen.com\/fr\/applications\/isolation-thermique\/trocellen-high-temp\/\" \/>\n<meta property=\"og:site_name\" content=\"Trocellen Insulation\" \/>\n<meta property=\"article:modified_time\" content=\"2023-12-15T12:57:29+00:00\" \/>\n<meta property=\"og:image\" content=\"https:\/\/insulation.trocellen.com\/wp-content\/uploads\/sites\/6\/2023\/05\/high-temp-fejlec.jpg\" \/>\n\t<meta property=\"og:image:width\" content=\"1920\" \/>\n\t<meta property=\"og:image:height\" content=\"300\" \/>\n\t<meta property=\"og:image:type\" content=\"image\/jpeg\" \/>\n<meta name=\"twitter:card\" content=\"summary_large_image\" \/>\n<meta name=\"twitter:label1\" content=\"Dur\u00e9e de lecture estim\u00e9e\" \/>\n\t<meta name=\"twitter:data1\" content=\"2 minutes\" \/>\n<script type=\"application\/ld+json\" class=\"yoast-schema-graph\">{\"@context\":\"https:\/\/schema.org\",\"@graph\":[{\"@type\":\"WebPage\",\"@id\":\"https:\/\/insulation.trocellen.com\/fr\/applications\/isolation-thermique\/trocellen-high-temp\/\",\"url\":\"https:\/\/insulation.trocellen.com\/fr\/applications\/isolation-thermique\/trocellen-high-temp\/\",\"name\":\"High-Temp est une solution d\u2019isolation pour tuyaux en cuivre\",\"isPartOf\":{\"@id\":\"https:\/\/insulation.trocellen.com\/fr\/#website\"},\"primaryImageOfPage\":{\"@id\":\"https:\/\/insulation.trocellen.com\/fr\/applications\/isolation-thermique\/trocellen-high-temp\/#primaryimage\"},\"image\":{\"@id\":\"https:\/\/insulation.trocellen.com\/fr\/applications\/isolation-thermique\/trocellen-high-temp\/#primaryimage\"},\"thumbnailUrl\":\"https:\/\/insulation.trocellen.com\/wp-content\/uploads\/sites\/6\/2023\/05\/high-temp-fejlec.jpg\",\"datePublished\":\"2015-09-30T07:52:53+00:00\",\"dateModified\":\"2023-12-15T12:57:29+00:00\",\"description\":\"High-Temp est fabriqu\u00e9 \u00e0 base de mousse PE isolant suffisamment flexible et r\u00e9sistant pour rentrer dans des angles et supporter les chocs de manipulation\",\"breadcrumb\":{\"@id\":\"https:\/\/insulation.trocellen.com\/fr\/applications\/isolation-thermique\/trocellen-high-temp\/#breadcrumb\"},\"inLanguage\":\"fr-FR\",\"potentialAction\":[{\"@type\":\"ReadAction\",\"target\":[\"https:\/\/insulation.trocellen.com\/fr\/applications\/isolation-thermique\/trocellen-high-temp\/\"]}]},{\"@type\":\"ImageObject\",\"inLanguage\":\"fr-FR\",\"@id\":\"https:\/\/insulation.trocellen.com\/fr\/applications\/isolation-thermique\/trocellen-high-temp\/#primaryimage\",\"url\":\"https:\/\/insulation.trocellen.com\/wp-content\/uploads\/sites\/6\/2023\/05\/high-temp-fejlec.jpg\",\"contentUrl\":\"https:\/\/insulation.trocellen.com\/wp-content\/uploads\/sites\/6\/2023\/05\/high-temp-fejlec.jpg\",\"width\":1920,\"height\":300},{\"@type\":\"BreadcrumbList\",\"@id\":\"https:\/\/insulation.trocellen.com\/fr\/applications\/isolation-thermique\/trocellen-high-temp\/#breadcrumb\",\"itemListElement\":[{\"@type\":\"ListItem\",\"position\":1,\"name\":\"Home\",\"item\":\"https:\/\/insulation.trocellen.com\/fr\/\"},{\"@type\":\"ListItem\",\"position\":2,\"name\":\"Applications\",\"item\":\"https:\/\/insulation.trocellen.com\/fr\/applications\/\"},{\"@type\":\"ListItem\",\"position\":3,\"name\":\"Isolation thermique\",\"item\":\"https:\/\/insulation.trocellen.com\/fr\/applications\/isolation-thermique\/\"},{\"@type\":\"ListItem\",\"position\":4,\"name\":\"Trocellen HIGH TEMP\"}]},{\"@type\":\"WebSite\",\"@id\":\"https:\/\/insulation.trocellen.com\/fr\/#website\",\"url\":\"https:\/\/insulation.trocellen.com\/fr\/\",\"name\":\"Trocellen Insulation\",\"description\":\"\",\"potentialAction\":[{\"@type\":\"SearchAction\",\"target\":{\"@type\":\"EntryPoint\",\"urlTemplate\":\"https:\/\/insulation.trocellen.com\/fr\/?s={search_term_string}\"},\"query-input\":{\"@type\":\"PropertyValueSpecification\",\"valueRequired\":true,\"valueName\":\"search_term_string\"}}],\"inLanguage\":\"fr-FR\"}]}<\/script>\n<!-- \/ Yoast SEO plugin. -->","yoast_head_json":{"title":"High-Temp est une solution d\u2019isolation pour tuyaux en cuivre","description":"High-Temp est fabriqu\u00e9 \u00e0 base de mousse PE isolant suffisamment flexible et r\u00e9sistant pour rentrer dans des angles et supporter les chocs de manipulation","robots":{"index":"index","follow":"follow","max-snippet":"max-snippet:-1","max-image-preview":"max-image-preview:large","max-video-preview":"max-video-preview:-1"},"canonical":"https:\/\/insulation.trocellen.com\/fr\/applications\/isolation-thermique\/trocellen-high-temp\/","og_locale":"fr_FR","og_type":"article","og_title":"High-Temp est une solution d\u2019isolation pour tuyaux en cuivre","og_description":"High-Temp est fabriqu\u00e9 \u00e0 base de mousse PE isolant suffisamment flexible et r\u00e9sistant pour rentrer dans des angles et supporter les chocs de manipulation","og_url":"https:\/\/insulation.trocellen.com\/fr\/applications\/isolation-thermique\/trocellen-high-temp\/","og_site_name":"Trocellen Insulation","article_modified_time":"2023-12-15T12:57:29+00:00","og_image":[{"width":1920,"height":300,"url":"https:\/\/insulation.trocellen.com\/wp-content\/uploads\/sites\/6\/2023\/05\/high-temp-fejlec.jpg","type":"image\/jpeg"}],"twitter_card":"summary_large_image","twitter_misc":{"Dur\u00e9e de lecture estim\u00e9e":"2 minutes"},"schema":{"@context":"https:\/\/schema.org","@graph":[{"@type":"WebPage","@id":"https:\/\/insulation.trocellen.com\/fr\/applications\/isolation-thermique\/trocellen-high-temp\/","url":"https:\/\/insulation.trocellen.com\/fr\/applications\/isolation-thermique\/trocellen-high-temp\/","name":"High-Temp est une solution d\u2019isolation pour tuyaux en cuivre","isPartOf":{"@id":"https:\/\/insulation.trocellen.com\/fr\/#website"},"primaryImageOfPage":{"@id":"https:\/\/insulation.trocellen.com\/fr\/applications\/isolation-thermique\/trocellen-high-temp\/#primaryimage"},"image":{"@id":"https:\/\/insulation.trocellen.com\/fr\/applications\/isolation-thermique\/trocellen-high-temp\/#primaryimage"},"thumbnailUrl":"https:\/\/insulation.trocellen.com\/wp-content\/uploads\/sites\/6\/2023\/05\/high-temp-fejlec.jpg","datePublished":"2015-09-30T07:52:53+00:00","dateModified":"2023-12-15T12:57:29+00:00","description":"High-Temp est fabriqu\u00e9 \u00e0 base de mousse PE isolant suffisamment flexible et r\u00e9sistant pour rentrer dans des angles et supporter les chocs de manipulation","breadcrumb":{"@id":"https:\/\/insulation.trocellen.com\/fr\/applications\/isolation-thermique\/trocellen-high-temp\/#breadcrumb"},"inLanguage":"fr-FR","potentialAction":[{"@type":"ReadAction","target":["https:\/\/insulation.trocellen.com\/fr\/applications\/isolation-thermique\/trocellen-high-temp\/"]}]},{"@type":"ImageObject","inLanguage":"fr-FR","@id":"https:\/\/insulation.trocellen.com\/fr\/applications\/isolation-thermique\/trocellen-high-temp\/#primaryimage","url":"https:\/\/insulation.trocellen.com\/wp-content\/uploads\/sites\/6\/2023\/05\/high-temp-fejlec.jpg","contentUrl":"https:\/\/insulation.trocellen.com\/wp-content\/uploads\/sites\/6\/2023\/05\/high-temp-fejlec.jpg","width":1920,"height":300},{"@type":"BreadcrumbList","@id":"https:\/\/insulation.trocellen.com\/fr\/applications\/isolation-thermique\/trocellen-high-temp\/#breadcrumb","itemListElement":[{"@type":"ListItem","position":1,"name":"Home","item":"https:\/\/insulation.trocellen.com\/fr\/"},{"@type":"ListItem","position":2,"name":"Applications","item":"https:\/\/insulation.trocellen.com\/fr\/applications\/"},{"@type":"ListItem","position":3,"name":"Isolation thermique","item":"https:\/\/insulation.trocellen.com\/fr\/applications\/isolation-thermique\/"},{"@type":"ListItem","position":4,"name":"Trocellen HIGH TEMP"}]},{"@type":"WebSite","@id":"https:\/\/insulation.trocellen.com\/fr\/#website","url":"https:\/\/insulation.trocellen.com\/fr\/","name":"Trocellen Insulation","description":"","potentialAction":[{"@type":"SearchAction","target":{"@type":"EntryPoint","urlTemplate":"https:\/\/insulation.trocellen.com\/fr\/?s={search_term_string}"},"query-input":{"@type":"PropertyValueSpecification","valueRequired":true,"valueName":"search_term_string"}}],"inLanguage":"fr-FR"}]}},"_links":{"self":[{"href":"https:\/\/insulation.trocellen.com\/fr\/wp-json\/wp\/v2\/pages\/4337","targetHints":{"allow":["GET"]}}],"collection":[{"href":"https:\/\/insulation.trocellen.com\/fr\/wp-json\/wp\/v2\/pages"}],"about":[{"href":"https:\/\/insulation.trocellen.com\/fr\/wp-json\/wp\/v2\/types\/page"}],"author":[{"embeddable":true,"href":"https:\/\/insulation.trocellen.com\/fr\/wp-json\/wp\/v2\/users\/1"}],"replies":[{"embeddable":true,"href":"https:\/\/insulation.trocellen.com\/fr\/wp-json\/wp\/v2\/comments?post=4337"}],"version-history":[{"count":5,"href":"https:\/\/insulation.trocellen.com\/fr\/wp-json\/wp\/v2\/pages\/4337\/revisions"}],"predecessor-version":[{"id":10324,"href":"https:\/\/insulation.trocellen.com\/fr\/wp-json\/wp\/v2\/pages\/4337\/revisions\/10324"}],"up":[{"embeddable":true,"href":"https:\/\/insulation.trocellen.com\/fr\/wp-json\/wp\/v2\/pages\/4295"}],"wp:featuredmedia":[{"embeddable":true,"href":"https:\/\/insulation.trocellen.com\/fr\/wp-json\/wp\/v2\/media\/8801"}],"wp:attachment":[{"href":"https:\/\/insulation.trocellen.com\/fr\/wp-json\/wp\/v2\/media?parent=4337"}],"curies":[{"name":"wp","href":"https:\/\/api.w.org\/{rel}","templated":true}]}}