{"id":4331,"date":"2015-09-30T07:50:12","date_gmt":"2015-09-30T07:50:12","guid":{"rendered":"https:\/\/insulation-new.trocellen.com\/manchons-rouleaux-et-feuilles-trocellen-pour-lisolation-des-tuyaux\/"},"modified":"2025-06-26T07:32:46","modified_gmt":"2025-06-26T07:32:46","slug":"manchons-rouleaux-et-feuilles-trocellen-pour-lisolation-des-tuyaux","status":"publish","type":"page","link":"https:\/\/insulation.trocellen.com\/fr\/applications\/isolation-thermique\/manchons-rouleaux-et-feuilles-trocellen-pour-lisolation-des-tuyaux\/","title":{"rendered":"Manchons, rouleaux et feuilles Trocellen pour l&rsquo;isolation des tuyaux"},"content":{"rendered":"\n<p>D\u2019apr\u00e8s les r\u00e9glementations en vigueur, les syst\u00e8mes de chauffage et les tuyauteries de distribution de liquides chauds doivent \u00eatre correctement isol\u00e9s afin de r\u00e9aliser des \u00e9conomies d\u2019\u00e9nergie optimales et d\u2019accro\u00eetre la s\u00e9curit\u00e9 des employ\u00e9s, tout en offrant un environnement plus confortable.<\/p>\n\n\n\n<h3 class=\"wp-block-heading\">Isolation thermique pour syst\u00e8mes de chauffage<\/h3>\n\n\n\n<p>Trocellen propose une large gamme de solutions pour l\u2019isolation thermique des syst\u00e8mes de chauffage, conformes aux exigences locales des diff\u00e9rents pays.<\/p>\n\n\n\n<p>Trocellen propose les mat\u00e9riaux d\u2019isolation probablement les plus r\u00e9sistants.<\/p>\n\n\n\n<h2 class=\"wp-block-heading has-text-color\" style=\"color:#4ea346\">Manchons, rouleaux et feuilles<\/h2>\n\n\n\n<p>Nos manchons, rouleaux et feuilles offrent une performance durable, une excellente conductivit\u00e9 thermique, une tr\u00e8s bonne resistance de la vapeur et sont tr\u00e8s faciles \u00e0 installer, que vous ayez besoin d&rsquo;isoler un seul tuyau, un joint \u00e0 angle droit, des sections courbes, des joints en T, des brides, etc.<\/p>\n\n\n\n<h3 class=\"wp-block-heading\">Gamme de produits<\/h3>\n\n\n\n<ul class=\"wp-block-list\">\n<li>Trocellen Isocompact: AL\/CL1, CL1\/ALU-NET, Class AL (marquage CE)<\/li>\n\n\n\n<li>Manchons Trocellen : AL, AL\/CL1, Class AL (marquage CE)<\/li>\n\n\n\n<li>Rouleaux Trocellen : AL, AL\/CL1, CL1\/ALU-NET, Class AL (marquage CE)<\/li>\n\n\n\n<li>Feuilles Trocellen<\/li>\n<\/ul>\n\n\n\n<h3 class=\"wp-block-heading\">Propri\u00e9t\u00e9s:<\/h3>\n\n\n\n<ul class=\"wp-block-list\">\n<li>Mousse PE r\u00e9ticul\u00e9e chimiquement<\/li>\n\n\n\n<li>Complex\u00e9 avec une couche protectrice de film m\u00e9tallis\u00e9 gaufr\u00e9<\/li>\n<\/ul>\n","protected":false},"excerpt":{"rendered":"<p>D\u2019apr\u00e8s les r\u00e9glementations en vigueur, les syst\u00e8mes de chauffage et les tuyauteries de distribution de liquides chauds doivent \u00eatre correctement isol\u00e9s afin de r\u00e9aliser des \u00e9conomies d\u2019\u00e9nergie optimales et d\u2019accro\u00eetre la s\u00e9curit\u00e9 des employ\u00e9s, tout en offrant un environnement plus confortable. Isolation thermique pour syst\u00e8mes de chauffage Trocellen propose une large gamme de solutions pour [&hellip;]<\/p>\n","protected":false},"author":1,"featured_media":8820,"parent":4295,"menu_order":400,"comment_status":"open","ping_status":"closed","template":"templates\/applications.php","meta":{"_acf_changed":false,"footnotes":""},"class_list":["post-4331","page","type-page","status-publish","has-post-thumbnail","hentry"],"acf":[],"yoast_head":"<!-- This site is optimized with the Yoast SEO plugin v23.5 - https:\/\/yoast.com\/wordpress\/plugins\/seo\/ -->\n<title>Solutions d\u2019isolation thermique des syst\u00e8mes de chauffage<\/title>\n<meta name=\"description\" content=\"Les manchons, rouleaux et feuilles Trocellen sont durables, r\u00e9sistants \u00e0 la vapeur, faciles \u00e0 installer et disposent d\u2019une bonne conductivit\u00e9 thermique.\" \/>\n<meta name=\"robots\" content=\"index, follow, max-snippet:-1, max-image-preview:large, max-video-preview:-1\" \/>\n<link rel=\"canonical\" href=\"https:\/\/insulation.trocellen.com\/fr\/applications\/isolation-thermique\/manchons-rouleaux-et-feuilles-trocellen-pour-lisolation-des-tuyaux\/\" \/>\n<meta property=\"og:locale\" content=\"fr_FR\" \/>\n<meta property=\"og:type\" content=\"article\" \/>\n<meta property=\"og:title\" content=\"Solutions d\u2019isolation thermique des syst\u00e8mes de chauffage\" \/>\n<meta property=\"og:description\" content=\"Les manchons, rouleaux et feuilles Trocellen sont durables, r\u00e9sistants \u00e0 la vapeur, faciles \u00e0 installer et disposent d\u2019une bonne conductivit\u00e9 thermique.\" \/>\n<meta property=\"og:url\" content=\"https:\/\/insulation.trocellen.com\/fr\/applications\/isolation-thermique\/manchons-rouleaux-et-feuilles-trocellen-pour-lisolation-des-tuyaux\/\" \/>\n<meta property=\"og:site_name\" content=\"Trocellen Insulation\" \/>\n<meta property=\"article:modified_time\" content=\"2025-06-26T07:32:46+00:00\" \/>\n<meta property=\"og:image\" content=\"https:\/\/insulation.trocellen.com\/wp-content\/uploads\/sites\/6\/2023\/05\/foam-imit-fejlec.jpg\" \/>\n\t<meta property=\"og:image:width\" content=\"1920\" \/>\n\t<meta property=\"og:image:height\" content=\"300\" \/>\n\t<meta property=\"og:image:type\" content=\"image\/jpeg\" \/>\n<meta name=\"twitter:card\" content=\"summary_large_image\" \/>\n<meta name=\"twitter:label1\" content=\"Dur\u00e9e de lecture estim\u00e9e\" \/>\n\t<meta name=\"twitter:data1\" content=\"1 minute\" \/>\n<script type=\"application\/ld+json\" class=\"yoast-schema-graph\">{\"@context\":\"https:\/\/schema.org\",\"@graph\":[{\"@type\":\"WebPage\",\"@id\":\"https:\/\/insulation.trocellen.com\/fr\/applications\/isolation-thermique\/manchons-rouleaux-et-feuilles-trocellen-pour-lisolation-des-tuyaux\/\",\"url\":\"https:\/\/insulation.trocellen.com\/fr\/applications\/isolation-thermique\/manchons-rouleaux-et-feuilles-trocellen-pour-lisolation-des-tuyaux\/\",\"name\":\"Solutions d\u2019isolation thermique des syst\u00e8mes de chauffage\",\"isPartOf\":{\"@id\":\"https:\/\/insulation.trocellen.com\/fr\/#website\"},\"primaryImageOfPage\":{\"@id\":\"https:\/\/insulation.trocellen.com\/fr\/applications\/isolation-thermique\/manchons-rouleaux-et-feuilles-trocellen-pour-lisolation-des-tuyaux\/#primaryimage\"},\"image\":{\"@id\":\"https:\/\/insulation.trocellen.com\/fr\/applications\/isolation-thermique\/manchons-rouleaux-et-feuilles-trocellen-pour-lisolation-des-tuyaux\/#primaryimage\"},\"thumbnailUrl\":\"https:\/\/insulation.trocellen.com\/wp-content\/uploads\/sites\/6\/2023\/05\/foam-imit-fejlec.jpg\",\"datePublished\":\"2015-09-30T07:50:12+00:00\",\"dateModified\":\"2025-06-26T07:32:46+00:00\",\"description\":\"Les manchons, rouleaux et feuilles Trocellen sont durables, r\u00e9sistants \u00e0 la vapeur, faciles \u00e0 installer et disposent d\u2019une bonne conductivit\u00e9 thermique.\",\"breadcrumb\":{\"@id\":\"https:\/\/insulation.trocellen.com\/fr\/applications\/isolation-thermique\/manchons-rouleaux-et-feuilles-trocellen-pour-lisolation-des-tuyaux\/#breadcrumb\"},\"inLanguage\":\"fr-FR\",\"potentialAction\":[{\"@type\":\"ReadAction\",\"target\":[\"https:\/\/insulation.trocellen.com\/fr\/applications\/isolation-thermique\/manchons-rouleaux-et-feuilles-trocellen-pour-lisolation-des-tuyaux\/\"]}]},{\"@type\":\"ImageObject\",\"inLanguage\":\"fr-FR\",\"@id\":\"https:\/\/insulation.trocellen.com\/fr\/applications\/isolation-thermique\/manchons-rouleaux-et-feuilles-trocellen-pour-lisolation-des-tuyaux\/#primaryimage\",\"url\":\"https:\/\/insulation.trocellen.com\/wp-content\/uploads\/sites\/6\/2023\/05\/foam-imit-fejlec.jpg\",\"contentUrl\":\"https:\/\/insulation.trocellen.com\/wp-content\/uploads\/sites\/6\/2023\/05\/foam-imit-fejlec.jpg\",\"width\":1920,\"height\":300},{\"@type\":\"BreadcrumbList\",\"@id\":\"https:\/\/insulation.trocellen.com\/fr\/applications\/isolation-thermique\/manchons-rouleaux-et-feuilles-trocellen-pour-lisolation-des-tuyaux\/#breadcrumb\",\"itemListElement\":[{\"@type\":\"ListItem\",\"position\":1,\"name\":\"Home\",\"item\":\"https:\/\/insulation.trocellen.com\/fr\/\"},{\"@type\":\"ListItem\",\"position\":2,\"name\":\"Applications\",\"item\":\"https:\/\/insulation.trocellen.com\/fr\/applications\/\"},{\"@type\":\"ListItem\",\"position\":3,\"name\":\"Isolation thermique\",\"item\":\"https:\/\/insulation.trocellen.com\/fr\/applications\/isolation-thermique\/\"},{\"@type\":\"ListItem\",\"position\":4,\"name\":\"Manchons, rouleaux et feuilles Trocellen pour l&#8217;isolation des tuyaux\"}]},{\"@type\":\"WebSite\",\"@id\":\"https:\/\/insulation.trocellen.com\/fr\/#website\",\"url\":\"https:\/\/insulation.trocellen.com\/fr\/\",\"name\":\"Trocellen Insulation\",\"description\":\"\",\"potentialAction\":[{\"@type\":\"SearchAction\",\"target\":{\"@type\":\"EntryPoint\",\"urlTemplate\":\"https:\/\/insulation.trocellen.com\/fr\/?s={search_term_string}\"},\"query-input\":{\"@type\":\"PropertyValueSpecification\",\"valueRequired\":true,\"valueName\":\"search_term_string\"}}],\"inLanguage\":\"fr-FR\"}]}<\/script>\n<!-- \/ Yoast SEO plugin. -->","yoast_head_json":{"title":"Solutions d\u2019isolation thermique des syst\u00e8mes de chauffage","description":"Les manchons, rouleaux et feuilles Trocellen sont durables, r\u00e9sistants \u00e0 la vapeur, faciles \u00e0 installer et disposent d\u2019une bonne conductivit\u00e9 thermique.","robots":{"index":"index","follow":"follow","max-snippet":"max-snippet:-1","max-image-preview":"max-image-preview:large","max-video-preview":"max-video-preview:-1"},"canonical":"https:\/\/insulation.trocellen.com\/fr\/applications\/isolation-thermique\/manchons-rouleaux-et-feuilles-trocellen-pour-lisolation-des-tuyaux\/","og_locale":"fr_FR","og_type":"article","og_title":"Solutions d\u2019isolation thermique des syst\u00e8mes de chauffage","og_description":"Les manchons, rouleaux et feuilles Trocellen sont durables, r\u00e9sistants \u00e0 la vapeur, faciles \u00e0 installer et disposent d\u2019une bonne conductivit\u00e9 thermique.","og_url":"https:\/\/insulation.trocellen.com\/fr\/applications\/isolation-thermique\/manchons-rouleaux-et-feuilles-trocellen-pour-lisolation-des-tuyaux\/","og_site_name":"Trocellen Insulation","article_modified_time":"2025-06-26T07:32:46+00:00","og_image":[{"width":1920,"height":300,"url":"https:\/\/insulation.trocellen.com\/wp-content\/uploads\/sites\/6\/2023\/05\/foam-imit-fejlec.jpg","type":"image\/jpeg"}],"twitter_card":"summary_large_image","twitter_misc":{"Dur\u00e9e de lecture estim\u00e9e":"1 minute"},"schema":{"@context":"https:\/\/schema.org","@graph":[{"@type":"WebPage","@id":"https:\/\/insulation.trocellen.com\/fr\/applications\/isolation-thermique\/manchons-rouleaux-et-feuilles-trocellen-pour-lisolation-des-tuyaux\/","url":"https:\/\/insulation.trocellen.com\/fr\/applications\/isolation-thermique\/manchons-rouleaux-et-feuilles-trocellen-pour-lisolation-des-tuyaux\/","name":"Solutions d\u2019isolation thermique des syst\u00e8mes de chauffage","isPartOf":{"@id":"https:\/\/insulation.trocellen.com\/fr\/#website"},"primaryImageOfPage":{"@id":"https:\/\/insulation.trocellen.com\/fr\/applications\/isolation-thermique\/manchons-rouleaux-et-feuilles-trocellen-pour-lisolation-des-tuyaux\/#primaryimage"},"image":{"@id":"https:\/\/insulation.trocellen.com\/fr\/applications\/isolation-thermique\/manchons-rouleaux-et-feuilles-trocellen-pour-lisolation-des-tuyaux\/#primaryimage"},"thumbnailUrl":"https:\/\/insulation.trocellen.com\/wp-content\/uploads\/sites\/6\/2023\/05\/foam-imit-fejlec.jpg","datePublished":"2015-09-30T07:50:12+00:00","dateModified":"2025-06-26T07:32:46+00:00","description":"Les manchons, rouleaux et feuilles Trocellen sont durables, r\u00e9sistants \u00e0 la vapeur, faciles \u00e0 installer et disposent d\u2019une bonne conductivit\u00e9 thermique.","breadcrumb":{"@id":"https:\/\/insulation.trocellen.com\/fr\/applications\/isolation-thermique\/manchons-rouleaux-et-feuilles-trocellen-pour-lisolation-des-tuyaux\/#breadcrumb"},"inLanguage":"fr-FR","potentialAction":[{"@type":"ReadAction","target":["https:\/\/insulation.trocellen.com\/fr\/applications\/isolation-thermique\/manchons-rouleaux-et-feuilles-trocellen-pour-lisolation-des-tuyaux\/"]}]},{"@type":"ImageObject","inLanguage":"fr-FR","@id":"https:\/\/insulation.trocellen.com\/fr\/applications\/isolation-thermique\/manchons-rouleaux-et-feuilles-trocellen-pour-lisolation-des-tuyaux\/#primaryimage","url":"https:\/\/insulation.trocellen.com\/wp-content\/uploads\/sites\/6\/2023\/05\/foam-imit-fejlec.jpg","contentUrl":"https:\/\/insulation.trocellen.com\/wp-content\/uploads\/sites\/6\/2023\/05\/foam-imit-fejlec.jpg","width":1920,"height":300},{"@type":"BreadcrumbList","@id":"https:\/\/insulation.trocellen.com\/fr\/applications\/isolation-thermique\/manchons-rouleaux-et-feuilles-trocellen-pour-lisolation-des-tuyaux\/#breadcrumb","itemListElement":[{"@type":"ListItem","position":1,"name":"Home","item":"https:\/\/insulation.trocellen.com\/fr\/"},{"@type":"ListItem","position":2,"name":"Applications","item":"https:\/\/insulation.trocellen.com\/fr\/applications\/"},{"@type":"ListItem","position":3,"name":"Isolation thermique","item":"https:\/\/insulation.trocellen.com\/fr\/applications\/isolation-thermique\/"},{"@type":"ListItem","position":4,"name":"Manchons, rouleaux et feuilles Trocellen pour l&#8217;isolation des tuyaux"}]},{"@type":"WebSite","@id":"https:\/\/insulation.trocellen.com\/fr\/#website","url":"https:\/\/insulation.trocellen.com\/fr\/","name":"Trocellen Insulation","description":"","potentialAction":[{"@type":"SearchAction","target":{"@type":"EntryPoint","urlTemplate":"https:\/\/insulation.trocellen.com\/fr\/?s={search_term_string}"},"query-input":{"@type":"PropertyValueSpecification","valueRequired":true,"valueName":"search_term_string"}}],"inLanguage":"fr-FR"}]}},"_links":{"self":[{"href":"https:\/\/insulation.trocellen.com\/fr\/wp-json\/wp\/v2\/pages\/4331","targetHints":{"allow":["GET"]}}],"collection":[{"href":"https:\/\/insulation.trocellen.com\/fr\/wp-json\/wp\/v2\/pages"}],"about":[{"href":"https:\/\/insulation.trocellen.com\/fr\/wp-json\/wp\/v2\/types\/page"}],"author":[{"embeddable":true,"href":"https:\/\/insulation.trocellen.com\/fr\/wp-json\/wp\/v2\/users\/1"}],"replies":[{"embeddable":true,"href":"https:\/\/insulation.trocellen.com\/fr\/wp-json\/wp\/v2\/comments?post=4331"}],"version-history":[{"count":8,"href":"https:\/\/insulation.trocellen.com\/fr\/wp-json\/wp\/v2\/pages\/4331\/revisions"}],"predecessor-version":[{"id":11154,"href":"https:\/\/insulation.trocellen.com\/fr\/wp-json\/wp\/v2\/pages\/4331\/revisions\/11154"}],"up":[{"embeddable":true,"href":"https:\/\/insulation.trocellen.com\/fr\/wp-json\/wp\/v2\/pages\/4295"}],"wp:featuredmedia":[{"embeddable":true,"href":"https:\/\/insulation.trocellen.com\/fr\/wp-json\/wp\/v2\/media\/8820"}],"wp:attachment":[{"href":"https:\/\/insulation.trocellen.com\/fr\/wp-json\/wp\/v2\/media?parent=4331"}],"curies":[{"name":"wp","href":"https:\/\/api.w.org\/{rel}","templated":true}]}}