{"id":4325,"date":"2015-09-30T07:47:58","date_gmt":"2015-09-30T07:47:58","guid":{"rendered":"https:\/\/insulation-new.trocellen.com\/trocellen-isocompact-pour-lisolation-des-tuyaux\/"},"modified":"2023-07-10T09:39:02","modified_gmt":"2023-07-10T09:39:02","slug":"trocellen-isocompact-pour-lisolation-des-tuyaux","status":"publish","type":"page","link":"https:\/\/insulation.trocellen.com\/fr\/applications\/isolation-thermique\/trocellen-isocompact-pour-lisolation-des-tuyaux\/","title":{"rendered":"Trocellen Isocompact pour l&rsquo;isolation des tuyaux"},"content":{"rendered":"\n<p>D\u2019apr\u00e8s les r\u00e9glementations en vigueur, les syst\u00e8mes de chauffage et les tuyauteries de distribution de liquides chauds ou de vapeur d\u2019eau doivent \u00eatre correctement isol\u00e9s afin de r\u00e9aliser des \u00e9conomies d\u2019\u00e9nergie optimales et d\u2019accro\u00eetre la s\u00e9curit\u00e9 des employ\u00e9s, tout en offrant un environnement plus confortable.<\/p>\n\n\n\n<figure class=\"wp-block-image\"><a href=\"https:\/\/insulation.trocellen.com\/wp-content\/uploads\/sites\/6\/2015\/09\/isocompact2.jpg\" rel=\"attachment wp-att-1332\"><img decoding=\"async\" src=\"https:\/\/insulation.trocellen.com\/wp-content\/uploads\/sites\/6\/2015\/09\/isocompact2-1024x632.jpg\" alt=\"isocompact2\" class=\"wp-image-1332\"\/><\/a><\/figure>\n\n\n\n<h2 class=\"wp-block-heading\">Isolation thermique pour syst\u00e8mes de chauffage<\/h2>\n\n\n\n<p>Trocellen propose une large gamme de solutions pour l\u2019isolation thermique des syst\u00e8mes de chauffage, conformes aux exigences locales des diff\u00e9rents pays.<\/p>\n\n\n\n<h3 class=\"wp-block-heading\">Isocompact<\/h3>\n\n\n\n<p>Isocompact a \u00e9t\u00e9 mis au point pour r\u00e9pondre \u00e0 de hautes exigences techniques et \u00e0 des besoins d\u2019isolation thermique tr\u00e8s importants. Trocellen Isocompact est recommand\u00e9 pour isoler les tuyaux dans des zones non chauff\u00e9es ou \u00e0 l\u2019ext\u00e9rieur.<\/p>\n\n\n\n<figure class=\"wp-block-image\"><a href=\"https:\/\/insulation.trocellen.com\/wp-content\/uploads\/sites\/6\/2015\/09\/isocompact1.jpg\" rel=\"attachment wp-att-1331\"><img decoding=\"async\" src=\"https:\/\/insulation.trocellen.com\/wp-content\/uploads\/sites\/6\/2015\/09\/isocompact1-1024x631.jpg\" alt=\"isocompact1\" class=\"wp-image-1331\"\/><\/a><\/figure>\n\n\n\n<h2 class=\"wp-block-heading\">Propri\u00e9t\u00e9s<\/h2>\n\n\n\n<ul class=\"wp-block-list\">\n<li>Mousse PE r\u00e9ticul\u00e9e chimiquement<\/li>\n\n\n\n<li>Manchons multicouches de diff\u00e9rentes \u00e9paisseurs<\/li>\n\n\n\n<li>Finition ext\u00e9rieure avec un rev\u00eatement gaufr\u00e9 m\u00e9tallis\u00e9 r\u00e9sistant aux \u00e9gratignures ou une couche d\u2019aluminium renforc\u00e9e<\/li>\n\n\n\n<li>Certification Classe 1, Italie<\/li>\n\n\n\n<li>Marquage CE Euroclass E<\/li>\n\n\n\n<li>Disponible en manchons, rouleaux et feuilles.<\/li>\n<\/ul>\n","protected":false},"excerpt":{"rendered":"<p>D\u2019apr\u00e8s les r\u00e9glementations en vigueur, les syst\u00e8mes de chauffage et les tuyauteries de distribution de liquides chauds ou de vapeur d\u2019eau doivent \u00eatre correctement isol\u00e9s afin de r\u00e9aliser des \u00e9conomies d\u2019\u00e9nergie optimales et d\u2019accro\u00eetre la s\u00e9curit\u00e9 des employ\u00e9s, tout en offrant un environnement plus confortable. Isolation thermique pour syst\u00e8mes de chauffage Trocellen propose une large [&hellip;]<\/p>\n","protected":false},"author":1,"featured_media":8814,"parent":4295,"menu_order":300,"comment_status":"open","ping_status":"closed","template":"templates\/applications.php","meta":{"_acf_changed":false,"footnotes":""},"class_list":["post-4325","page","type-page","status-publish","has-post-thumbnail","hentry"],"acf":[],"yoast_head":"<!-- This site is optimized with the Yoast SEO plugin v23.5 - https:\/\/yoast.com\/wordpress\/plugins\/seo\/ -->\n<title>Isocompact est un isolant thermique pour tuyaux<\/title>\n<meta name=\"description\" content=\"Isocompact est utilis\u00e9 aux zones non chauff\u00e9es du fait de son fort pouvoir isolant thermique. Facile \u00e0 installer, couvert de film m\u00e9tallis\u00e9 ou d\u2019aluminium\" \/>\n<meta name=\"robots\" content=\"index, follow, max-snippet:-1, max-image-preview:large, max-video-preview:-1\" \/>\n<link rel=\"canonical\" href=\"https:\/\/insulation.trocellen.com\/fr\/applications\/isolation-thermique\/trocellen-isocompact-pour-lisolation-des-tuyaux\/\" \/>\n<meta property=\"og:locale\" content=\"fr_FR\" \/>\n<meta property=\"og:type\" content=\"article\" \/>\n<meta property=\"og:title\" content=\"Isocompact est un isolant thermique pour tuyaux\" \/>\n<meta property=\"og:description\" content=\"Isocompact est utilis\u00e9 aux zones non chauff\u00e9es du fait de son fort pouvoir isolant thermique. Facile \u00e0 installer, couvert de film m\u00e9tallis\u00e9 ou d\u2019aluminium\" \/>\n<meta property=\"og:url\" content=\"https:\/\/insulation.trocellen.com\/fr\/applications\/isolation-thermique\/trocellen-isocompact-pour-lisolation-des-tuyaux\/\" \/>\n<meta property=\"og:site_name\" content=\"Trocellen Insulation\" \/>\n<meta property=\"article:modified_time\" content=\"2023-07-10T09:39:02+00:00\" \/>\n<meta property=\"og:image\" content=\"https:\/\/insulation.trocellen.com\/wp-content\/uploads\/sites\/6\/2023\/05\/Isocompact-fejlec.jpg\" \/>\n\t<meta property=\"og:image:width\" content=\"1920\" \/>\n\t<meta property=\"og:image:height\" content=\"300\" \/>\n\t<meta property=\"og:image:type\" content=\"image\/jpeg\" \/>\n<meta name=\"twitter:card\" content=\"summary_large_image\" \/>\n<meta name=\"twitter:label1\" content=\"Dur\u00e9e de lecture estim\u00e9e\" \/>\n\t<meta name=\"twitter:data1\" content=\"2 minutes\" \/>\n<script type=\"application\/ld+json\" class=\"yoast-schema-graph\">{\"@context\":\"https:\/\/schema.org\",\"@graph\":[{\"@type\":\"WebPage\",\"@id\":\"https:\/\/insulation.trocellen.com\/fr\/applications\/isolation-thermique\/trocellen-isocompact-pour-lisolation-des-tuyaux\/\",\"url\":\"https:\/\/insulation.trocellen.com\/fr\/applications\/isolation-thermique\/trocellen-isocompact-pour-lisolation-des-tuyaux\/\",\"name\":\"Isocompact est un isolant thermique pour tuyaux\",\"isPartOf\":{\"@id\":\"https:\/\/insulation.trocellen.com\/fr\/#website\"},\"primaryImageOfPage\":{\"@id\":\"https:\/\/insulation.trocellen.com\/fr\/applications\/isolation-thermique\/trocellen-isocompact-pour-lisolation-des-tuyaux\/#primaryimage\"},\"image\":{\"@id\":\"https:\/\/insulation.trocellen.com\/fr\/applications\/isolation-thermique\/trocellen-isocompact-pour-lisolation-des-tuyaux\/#primaryimage\"},\"thumbnailUrl\":\"https:\/\/insulation.trocellen.com\/wp-content\/uploads\/sites\/6\/2023\/05\/Isocompact-fejlec.jpg\",\"datePublished\":\"2015-09-30T07:47:58+00:00\",\"dateModified\":\"2023-07-10T09:39:02+00:00\",\"description\":\"Isocompact est utilis\u00e9 aux zones non chauff\u00e9es du fait de son fort pouvoir isolant thermique. Facile \u00e0 installer, couvert de film m\u00e9tallis\u00e9 ou d\u2019aluminium\",\"breadcrumb\":{\"@id\":\"https:\/\/insulation.trocellen.com\/fr\/applications\/isolation-thermique\/trocellen-isocompact-pour-lisolation-des-tuyaux\/#breadcrumb\"},\"inLanguage\":\"fr-FR\",\"potentialAction\":[{\"@type\":\"ReadAction\",\"target\":[\"https:\/\/insulation.trocellen.com\/fr\/applications\/isolation-thermique\/trocellen-isocompact-pour-lisolation-des-tuyaux\/\"]}]},{\"@type\":\"ImageObject\",\"inLanguage\":\"fr-FR\",\"@id\":\"https:\/\/insulation.trocellen.com\/fr\/applications\/isolation-thermique\/trocellen-isocompact-pour-lisolation-des-tuyaux\/#primaryimage\",\"url\":\"https:\/\/insulation.trocellen.com\/wp-content\/uploads\/sites\/6\/2023\/05\/Isocompact-fejlec.jpg\",\"contentUrl\":\"https:\/\/insulation.trocellen.com\/wp-content\/uploads\/sites\/6\/2023\/05\/Isocompact-fejlec.jpg\",\"width\":1920,\"height\":300},{\"@type\":\"BreadcrumbList\",\"@id\":\"https:\/\/insulation.trocellen.com\/fr\/applications\/isolation-thermique\/trocellen-isocompact-pour-lisolation-des-tuyaux\/#breadcrumb\",\"itemListElement\":[{\"@type\":\"ListItem\",\"position\":1,\"name\":\"Home\",\"item\":\"https:\/\/insulation.trocellen.com\/fr\/\"},{\"@type\":\"ListItem\",\"position\":2,\"name\":\"Applications\",\"item\":\"https:\/\/insulation.trocellen.com\/fr\/applications\/\"},{\"@type\":\"ListItem\",\"position\":3,\"name\":\"Isolation thermique\",\"item\":\"https:\/\/insulation.trocellen.com\/fr\/applications\/isolation-thermique\/\"},{\"@type\":\"ListItem\",\"position\":4,\"name\":\"Trocellen Isocompact pour l&#8217;isolation des tuyaux\"}]},{\"@type\":\"WebSite\",\"@id\":\"https:\/\/insulation.trocellen.com\/fr\/#website\",\"url\":\"https:\/\/insulation.trocellen.com\/fr\/\",\"name\":\"Trocellen Insulation\",\"description\":\"\",\"potentialAction\":[{\"@type\":\"SearchAction\",\"target\":{\"@type\":\"EntryPoint\",\"urlTemplate\":\"https:\/\/insulation.trocellen.com\/fr\/?s={search_term_string}\"},\"query-input\":{\"@type\":\"PropertyValueSpecification\",\"valueRequired\":true,\"valueName\":\"search_term_string\"}}],\"inLanguage\":\"fr-FR\"}]}<\/script>\n<!-- \/ Yoast SEO plugin. -->","yoast_head_json":{"title":"Isocompact est un isolant thermique pour tuyaux","description":"Isocompact est utilis\u00e9 aux zones non chauff\u00e9es du fait de son fort pouvoir isolant thermique. Facile \u00e0 installer, couvert de film m\u00e9tallis\u00e9 ou d\u2019aluminium","robots":{"index":"index","follow":"follow","max-snippet":"max-snippet:-1","max-image-preview":"max-image-preview:large","max-video-preview":"max-video-preview:-1"},"canonical":"https:\/\/insulation.trocellen.com\/fr\/applications\/isolation-thermique\/trocellen-isocompact-pour-lisolation-des-tuyaux\/","og_locale":"fr_FR","og_type":"article","og_title":"Isocompact est un isolant thermique pour tuyaux","og_description":"Isocompact est utilis\u00e9 aux zones non chauff\u00e9es du fait de son fort pouvoir isolant thermique. Facile \u00e0 installer, couvert de film m\u00e9tallis\u00e9 ou d\u2019aluminium","og_url":"https:\/\/insulation.trocellen.com\/fr\/applications\/isolation-thermique\/trocellen-isocompact-pour-lisolation-des-tuyaux\/","og_site_name":"Trocellen Insulation","article_modified_time":"2023-07-10T09:39:02+00:00","og_image":[{"width":1920,"height":300,"url":"https:\/\/insulation.trocellen.com\/wp-content\/uploads\/sites\/6\/2023\/05\/Isocompact-fejlec.jpg","type":"image\/jpeg"}],"twitter_card":"summary_large_image","twitter_misc":{"Dur\u00e9e de lecture estim\u00e9e":"2 minutes"},"schema":{"@context":"https:\/\/schema.org","@graph":[{"@type":"WebPage","@id":"https:\/\/insulation.trocellen.com\/fr\/applications\/isolation-thermique\/trocellen-isocompact-pour-lisolation-des-tuyaux\/","url":"https:\/\/insulation.trocellen.com\/fr\/applications\/isolation-thermique\/trocellen-isocompact-pour-lisolation-des-tuyaux\/","name":"Isocompact est un isolant thermique pour tuyaux","isPartOf":{"@id":"https:\/\/insulation.trocellen.com\/fr\/#website"},"primaryImageOfPage":{"@id":"https:\/\/insulation.trocellen.com\/fr\/applications\/isolation-thermique\/trocellen-isocompact-pour-lisolation-des-tuyaux\/#primaryimage"},"image":{"@id":"https:\/\/insulation.trocellen.com\/fr\/applications\/isolation-thermique\/trocellen-isocompact-pour-lisolation-des-tuyaux\/#primaryimage"},"thumbnailUrl":"https:\/\/insulation.trocellen.com\/wp-content\/uploads\/sites\/6\/2023\/05\/Isocompact-fejlec.jpg","datePublished":"2015-09-30T07:47:58+00:00","dateModified":"2023-07-10T09:39:02+00:00","description":"Isocompact est utilis\u00e9 aux zones non chauff\u00e9es du fait de son fort pouvoir isolant thermique. Facile \u00e0 installer, couvert de film m\u00e9tallis\u00e9 ou d\u2019aluminium","breadcrumb":{"@id":"https:\/\/insulation.trocellen.com\/fr\/applications\/isolation-thermique\/trocellen-isocompact-pour-lisolation-des-tuyaux\/#breadcrumb"},"inLanguage":"fr-FR","potentialAction":[{"@type":"ReadAction","target":["https:\/\/insulation.trocellen.com\/fr\/applications\/isolation-thermique\/trocellen-isocompact-pour-lisolation-des-tuyaux\/"]}]},{"@type":"ImageObject","inLanguage":"fr-FR","@id":"https:\/\/insulation.trocellen.com\/fr\/applications\/isolation-thermique\/trocellen-isocompact-pour-lisolation-des-tuyaux\/#primaryimage","url":"https:\/\/insulation.trocellen.com\/wp-content\/uploads\/sites\/6\/2023\/05\/Isocompact-fejlec.jpg","contentUrl":"https:\/\/insulation.trocellen.com\/wp-content\/uploads\/sites\/6\/2023\/05\/Isocompact-fejlec.jpg","width":1920,"height":300},{"@type":"BreadcrumbList","@id":"https:\/\/insulation.trocellen.com\/fr\/applications\/isolation-thermique\/trocellen-isocompact-pour-lisolation-des-tuyaux\/#breadcrumb","itemListElement":[{"@type":"ListItem","position":1,"name":"Home","item":"https:\/\/insulation.trocellen.com\/fr\/"},{"@type":"ListItem","position":2,"name":"Applications","item":"https:\/\/insulation.trocellen.com\/fr\/applications\/"},{"@type":"ListItem","position":3,"name":"Isolation thermique","item":"https:\/\/insulation.trocellen.com\/fr\/applications\/isolation-thermique\/"},{"@type":"ListItem","position":4,"name":"Trocellen Isocompact pour l&#8217;isolation des tuyaux"}]},{"@type":"WebSite","@id":"https:\/\/insulation.trocellen.com\/fr\/#website","url":"https:\/\/insulation.trocellen.com\/fr\/","name":"Trocellen Insulation","description":"","potentialAction":[{"@type":"SearchAction","target":{"@type":"EntryPoint","urlTemplate":"https:\/\/insulation.trocellen.com\/fr\/?s={search_term_string}"},"query-input":{"@type":"PropertyValueSpecification","valueRequired":true,"valueName":"search_term_string"}}],"inLanguage":"fr-FR"}]}},"_links":{"self":[{"href":"https:\/\/insulation.trocellen.com\/fr\/wp-json\/wp\/v2\/pages\/4325","targetHints":{"allow":["GET"]}}],"collection":[{"href":"https:\/\/insulation.trocellen.com\/fr\/wp-json\/wp\/v2\/pages"}],"about":[{"href":"https:\/\/insulation.trocellen.com\/fr\/wp-json\/wp\/v2\/types\/page"}],"author":[{"embeddable":true,"href":"https:\/\/insulation.trocellen.com\/fr\/wp-json\/wp\/v2\/users\/1"}],"replies":[{"embeddable":true,"href":"https:\/\/insulation.trocellen.com\/fr\/wp-json\/wp\/v2\/comments?post=4325"}],"version-history":[{"count":2,"href":"https:\/\/insulation.trocellen.com\/fr\/wp-json\/wp\/v2\/pages\/4325\/revisions"}],"predecessor-version":[{"id":9734,"href":"https:\/\/insulation.trocellen.com\/fr\/wp-json\/wp\/v2\/pages\/4325\/revisions\/9734"}],"up":[{"embeddable":true,"href":"https:\/\/insulation.trocellen.com\/fr\/wp-json\/wp\/v2\/pages\/4295"}],"wp:featuredmedia":[{"embeddable":true,"href":"https:\/\/insulation.trocellen.com\/fr\/wp-json\/wp\/v2\/media\/8814"}],"wp:attachment":[{"href":"https:\/\/insulation.trocellen.com\/fr\/wp-json\/wp\/v2\/media?parent=4325"}],"curies":[{"name":"wp","href":"https:\/\/api.w.org\/{rel}","templated":true}]}}