{"id":4319,"date":"2015-09-30T07:45:58","date_gmt":"2015-09-30T07:45:58","guid":{"rendered":"https:\/\/insulation-new.trocellen.com\/accessoires-trocellen-joints-bandes-colle\/"},"modified":"2025-06-26T07:29:33","modified_gmt":"2025-06-26T07:29:33","slug":"accessoires-trocellen-joints-bandes-colle","status":"publish","type":"page","link":"https:\/\/insulation.trocellen.com\/fr\/applications\/isolation-thermique\/accessoires-trocellen-joints-bandes-colle\/","title":{"rendered":"Accessoires Trocellen &#8211; joints, bandes, colle"},"content":{"rendered":"\n<h2 class=\"wp-block-heading\">Faciles \u00e0 installer<\/h2>\n\n\n\n<p>En plus de proposer les mat\u00e9riaux d&rsquo;isolation sans doute les plus performants et les plus r\u00e9sistants, nous vous fournissons \u00e9galement les accessoires n\u00e9cessaires pour une installation simple, s\u00fbre et durable.<\/p>\n\n\n\n<h2 class=\"wp-block-heading has-text-color\" style=\"color:#4ea346\">Matiblock<\/h2>\n\n\n\n<p>Colle sp\u00e9ciale pour fixer les joints, les rouleaux et les feuilles Trocellen.<\/p>\n\n\n\n<h3 class=\"wp-block-heading\">Caract\u00e9ristiques:<\/h3>\n\n\n\n<ul class=\"wp-block-list\">\n<li>La colle \u00e0 base de polym\u00e8re synth\u00e9tique est conforme au : D\u00e9cret du Pr\u00e9sident (Italie) No. 303 du 19 mars 1956<\/li>\n\n\n\n<li>Contient des solvants pour les groupes 30-41-39-33<\/li>\n\n\n\n<li>Ne contient pas de benz\u00e8ne ou de xyl\u00e8ne<\/li>\n\n\n\n<li>Moins de 5 % de tolu\u00e8ne<\/li>\n<\/ul>\n\n\n\n<h2 class=\"wp-block-heading has-text-color\" style=\"color:#4ea346\">Rubans et bandes adh\u00e9sifs<\/h2>\n\n\n\n<p>Con\u00e7us pour la conception technique et esth\u00e9tique de l\u2019isolation. Ils peuvent \u00eatre utilis\u00e9s pour:<\/p>\n\n\n\n<ul class=\"wp-block-list\">\n<li>Les sections de tuyauterie o\u00f9 il est difficile d&rsquo;appliquer des manchons isolants.<\/li>\n\n\n\n<li>Les joints entre les manchons isolants et les feuilles qui doivent d&rsquo;abord \u00eatre coll\u00e9es avec de la colle Matiblock.<\/li>\n<\/ul>\n\n\n\n<h3 class=\"wp-block-heading\">Gamme de produits:<\/h3>\n\n\n\n<ul class=\"wp-block-list\">\n<li>Bandes AL Trocellen: Bandes en poly\u00e9thyl\u00e8ne gaufr\u00e9s avec du film m\u00e9tallique.<\/li>\n\n\n\n<li>Bandes AL\/CL1 Trocellen: Bandes en poly\u00e9thyl\u00e8ne de classe 1 gaufr\u00e9s avec du film m\u00e9tallique.<\/li>\n\n\n\n<li>Bandes Trocellen en caoutchouc: Avec du caoutchouc synth\u00e9tique.<\/li>\n\n\n\n<li>Bandes adh\u00e9sives Trocellen: Pour les finitions ext\u00e9rieures des joints d&rsquo;isolation.<\/li>\n\n\n\n<li>Rubans adh\u00e9sifs AL\/CL1 Trocellen:<\/li>\n\n\n\n<li>Rubans adh\u00e9sifs en aluminium<\/li>\n<\/ul>\n\n\n\n<h2 class=\"wp-block-heading has-text-color\" style=\"color:#4ea346\">Joints adh\u00e9sifs Trocellen<\/h2>\n\n\n\n<p>La mousse de poly\u00e9thyl\u00e8ne r\u00e9ticul\u00e9e de Trocellen est utilis\u00e9e pour \u00e9tanch\u00e9iser l&rsquo;isolation des conduites d\u2019air, des unit\u00e9s de r\u00e9frig\u00e9ration, des unit\u00e9s de climatisation, etc.<\/p>\n\n\n\n<h3 class=\"wp-block-heading\">Dimensions:<\/h3>\n\n\n\n<ul class=\"wp-block-list\">\n<li>Largeur: 15 mm<\/li>\n\n\n\n<li>\u00c9paisseur: 3 \u00e0 6 mm<\/li>\n\n\n\n<li>Longueur: 10 m<\/li>\n<\/ul>\n\n\n\n<p>D&rsquo;autres grandeurs peuvent \u00eatre fabriqu\u00e9es sur demande, en fonction de la quantit\u00e9 minimale).<\/p>\n\n\n\n<h2 class=\"wp-block-heading has-text-color\" style=\"color:#4ea346\">Joints EPDM Trocellen:<\/h2>\n\n\n\n<ul class=\"wp-block-list\">\n<li>Largeur: 10-20-30-40 mm<\/li>\n\n\n\n<li>\u00c9paisseur: 3-4-5-10 mm<\/li>\n\n\n\n<li>Longueur: 10 m (\u00e9paisseurs de 3 \u00e0 4 mm)<\/li>\n\n\n\n<li>4 m (\u00e9paisseur de 5 mm)<\/li>\n<\/ul>\n","protected":false},"excerpt":{"rendered":"<p>Faciles \u00e0 installer En plus de proposer les mat\u00e9riaux d&rsquo;isolation sans doute les plus performants et les plus r\u00e9sistants, nous vous fournissons \u00e9galement les accessoires n\u00e9cessaires pour une installation simple, s\u00fbre et durable. Matiblock Colle sp\u00e9ciale pour fixer les joints, les rouleaux et les feuilles Trocellen. Caract\u00e9ristiques: Rubans et bandes adh\u00e9sifs Con\u00e7us pour la conception [&hellip;]<\/p>\n","protected":false},"author":1,"featured_media":8808,"parent":4295,"menu_order":200,"comment_status":"open","ping_status":"closed","template":"templates\/applications.php","meta":{"_acf_changed":false,"footnotes":""},"class_list":["post-4319","page","type-page","status-publish","has-post-thumbnail","hentry"],"acf":[],"yoast_head":"<!-- This site is optimized with the Yoast SEO plugin v23.5 - https:\/\/yoast.com\/wordpress\/plugins\/seo\/ -->\n<title>Accessoires Trocellen\u00a0: joints, bandes, colles<\/title>\n<meta name=\"description\" content=\"En plus des mat\u00e9riaux d\u2019isolation les plus r\u00e9sistants, nous proposons \u00e9galement des accessoires n\u00e9cessaires pour une installation simple, s\u00fbre et durable.\" \/>\n<meta name=\"robots\" content=\"index, follow, max-snippet:-1, max-image-preview:large, max-video-preview:-1\" \/>\n<link rel=\"canonical\" href=\"https:\/\/insulation.trocellen.com\/fr\/applications\/isolation-thermique\/accessoires-trocellen-joints-bandes-colle\/\" \/>\n<meta property=\"og:locale\" content=\"fr_FR\" \/>\n<meta property=\"og:type\" content=\"article\" \/>\n<meta property=\"og:title\" content=\"Accessoires Trocellen\u00a0: joints, bandes, colles\" \/>\n<meta property=\"og:description\" content=\"En plus des mat\u00e9riaux d\u2019isolation les plus r\u00e9sistants, nous proposons \u00e9galement des accessoires n\u00e9cessaires pour une installation simple, s\u00fbre et durable.\" \/>\n<meta property=\"og:url\" content=\"https:\/\/insulation.trocellen.com\/fr\/applications\/isolation-thermique\/accessoires-trocellen-joints-bandes-colle\/\" \/>\n<meta property=\"og:site_name\" content=\"Trocellen Insulation\" \/>\n<meta property=\"article:modified_time\" content=\"2025-06-26T07:29:33+00:00\" \/>\n<meta property=\"og:image\" content=\"https:\/\/insulation.trocellen.com\/wp-content\/uploads\/sites\/6\/2023\/05\/accessories-fejlec-feltoltve.jpg\" \/>\n\t<meta property=\"og:image:width\" content=\"1920\" \/>\n\t<meta property=\"og:image:height\" content=\"300\" \/>\n\t<meta property=\"og:image:type\" content=\"image\/jpeg\" \/>\n<meta name=\"twitter:card\" content=\"summary_large_image\" \/>\n<meta name=\"twitter:label1\" content=\"Dur\u00e9e de lecture estim\u00e9e\" \/>\n\t<meta name=\"twitter:data1\" content=\"2 minutes\" \/>\n<script type=\"application\/ld+json\" class=\"yoast-schema-graph\">{\"@context\":\"https:\/\/schema.org\",\"@graph\":[{\"@type\":\"WebPage\",\"@id\":\"https:\/\/insulation.trocellen.com\/fr\/applications\/isolation-thermique\/accessoires-trocellen-joints-bandes-colle\/\",\"url\":\"https:\/\/insulation.trocellen.com\/fr\/applications\/isolation-thermique\/accessoires-trocellen-joints-bandes-colle\/\",\"name\":\"Accessoires Trocellen\u00a0: joints, bandes, colles\",\"isPartOf\":{\"@id\":\"https:\/\/insulation.trocellen.com\/fr\/#website\"},\"primaryImageOfPage\":{\"@id\":\"https:\/\/insulation.trocellen.com\/fr\/applications\/isolation-thermique\/accessoires-trocellen-joints-bandes-colle\/#primaryimage\"},\"image\":{\"@id\":\"https:\/\/insulation.trocellen.com\/fr\/applications\/isolation-thermique\/accessoires-trocellen-joints-bandes-colle\/#primaryimage\"},\"thumbnailUrl\":\"https:\/\/insulation.trocellen.com\/wp-content\/uploads\/sites\/6\/2023\/05\/accessories-fejlec-feltoltve.jpg\",\"datePublished\":\"2015-09-30T07:45:58+00:00\",\"dateModified\":\"2025-06-26T07:29:33+00:00\",\"description\":\"En plus des mat\u00e9riaux d\u2019isolation les plus r\u00e9sistants, nous proposons \u00e9galement des accessoires n\u00e9cessaires pour une installation simple, s\u00fbre et durable.\",\"breadcrumb\":{\"@id\":\"https:\/\/insulation.trocellen.com\/fr\/applications\/isolation-thermique\/accessoires-trocellen-joints-bandes-colle\/#breadcrumb\"},\"inLanguage\":\"fr-FR\",\"potentialAction\":[{\"@type\":\"ReadAction\",\"target\":[\"https:\/\/insulation.trocellen.com\/fr\/applications\/isolation-thermique\/accessoires-trocellen-joints-bandes-colle\/\"]}]},{\"@type\":\"ImageObject\",\"inLanguage\":\"fr-FR\",\"@id\":\"https:\/\/insulation.trocellen.com\/fr\/applications\/isolation-thermique\/accessoires-trocellen-joints-bandes-colle\/#primaryimage\",\"url\":\"https:\/\/insulation.trocellen.com\/wp-content\/uploads\/sites\/6\/2023\/05\/accessories-fejlec-feltoltve.jpg\",\"contentUrl\":\"https:\/\/insulation.trocellen.com\/wp-content\/uploads\/sites\/6\/2023\/05\/accessories-fejlec-feltoltve.jpg\",\"width\":1920,\"height\":300},{\"@type\":\"BreadcrumbList\",\"@id\":\"https:\/\/insulation.trocellen.com\/fr\/applications\/isolation-thermique\/accessoires-trocellen-joints-bandes-colle\/#breadcrumb\",\"itemListElement\":[{\"@type\":\"ListItem\",\"position\":1,\"name\":\"Home\",\"item\":\"https:\/\/insulation.trocellen.com\/fr\/\"},{\"@type\":\"ListItem\",\"position\":2,\"name\":\"Applications\",\"item\":\"https:\/\/insulation.trocellen.com\/fr\/applications\/\"},{\"@type\":\"ListItem\",\"position\":3,\"name\":\"Isolation thermique\",\"item\":\"https:\/\/insulation.trocellen.com\/fr\/applications\/isolation-thermique\/\"},{\"@type\":\"ListItem\",\"position\":4,\"name\":\"Accessoires Trocellen &#8211; joints, bandes, colle\"}]},{\"@type\":\"WebSite\",\"@id\":\"https:\/\/insulation.trocellen.com\/fr\/#website\",\"url\":\"https:\/\/insulation.trocellen.com\/fr\/\",\"name\":\"Trocellen Insulation\",\"description\":\"\",\"potentialAction\":[{\"@type\":\"SearchAction\",\"target\":{\"@type\":\"EntryPoint\",\"urlTemplate\":\"https:\/\/insulation.trocellen.com\/fr\/?s={search_term_string}\"},\"query-input\":{\"@type\":\"PropertyValueSpecification\",\"valueRequired\":true,\"valueName\":\"search_term_string\"}}],\"inLanguage\":\"fr-FR\"}]}<\/script>\n<!-- \/ Yoast SEO plugin. -->","yoast_head_json":{"title":"Accessoires Trocellen\u00a0: joints, bandes, colles","description":"En plus des mat\u00e9riaux d\u2019isolation les plus r\u00e9sistants, nous proposons \u00e9galement des accessoires n\u00e9cessaires pour une installation simple, s\u00fbre et durable.","robots":{"index":"index","follow":"follow","max-snippet":"max-snippet:-1","max-image-preview":"max-image-preview:large","max-video-preview":"max-video-preview:-1"},"canonical":"https:\/\/insulation.trocellen.com\/fr\/applications\/isolation-thermique\/accessoires-trocellen-joints-bandes-colle\/","og_locale":"fr_FR","og_type":"article","og_title":"Accessoires Trocellen\u00a0: joints, bandes, colles","og_description":"En plus des mat\u00e9riaux d\u2019isolation les plus r\u00e9sistants, nous proposons \u00e9galement des accessoires n\u00e9cessaires pour une installation simple, s\u00fbre et durable.","og_url":"https:\/\/insulation.trocellen.com\/fr\/applications\/isolation-thermique\/accessoires-trocellen-joints-bandes-colle\/","og_site_name":"Trocellen Insulation","article_modified_time":"2025-06-26T07:29:33+00:00","og_image":[{"width":1920,"height":300,"url":"https:\/\/insulation.trocellen.com\/wp-content\/uploads\/sites\/6\/2023\/05\/accessories-fejlec-feltoltve.jpg","type":"image\/jpeg"}],"twitter_card":"summary_large_image","twitter_misc":{"Dur\u00e9e de lecture estim\u00e9e":"2 minutes"},"schema":{"@context":"https:\/\/schema.org","@graph":[{"@type":"WebPage","@id":"https:\/\/insulation.trocellen.com\/fr\/applications\/isolation-thermique\/accessoires-trocellen-joints-bandes-colle\/","url":"https:\/\/insulation.trocellen.com\/fr\/applications\/isolation-thermique\/accessoires-trocellen-joints-bandes-colle\/","name":"Accessoires Trocellen\u00a0: joints, bandes, colles","isPartOf":{"@id":"https:\/\/insulation.trocellen.com\/fr\/#website"},"primaryImageOfPage":{"@id":"https:\/\/insulation.trocellen.com\/fr\/applications\/isolation-thermique\/accessoires-trocellen-joints-bandes-colle\/#primaryimage"},"image":{"@id":"https:\/\/insulation.trocellen.com\/fr\/applications\/isolation-thermique\/accessoires-trocellen-joints-bandes-colle\/#primaryimage"},"thumbnailUrl":"https:\/\/insulation.trocellen.com\/wp-content\/uploads\/sites\/6\/2023\/05\/accessories-fejlec-feltoltve.jpg","datePublished":"2015-09-30T07:45:58+00:00","dateModified":"2025-06-26T07:29:33+00:00","description":"En plus des mat\u00e9riaux d\u2019isolation les plus r\u00e9sistants, nous proposons \u00e9galement des accessoires n\u00e9cessaires pour une installation simple, s\u00fbre et durable.","breadcrumb":{"@id":"https:\/\/insulation.trocellen.com\/fr\/applications\/isolation-thermique\/accessoires-trocellen-joints-bandes-colle\/#breadcrumb"},"inLanguage":"fr-FR","potentialAction":[{"@type":"ReadAction","target":["https:\/\/insulation.trocellen.com\/fr\/applications\/isolation-thermique\/accessoires-trocellen-joints-bandes-colle\/"]}]},{"@type":"ImageObject","inLanguage":"fr-FR","@id":"https:\/\/insulation.trocellen.com\/fr\/applications\/isolation-thermique\/accessoires-trocellen-joints-bandes-colle\/#primaryimage","url":"https:\/\/insulation.trocellen.com\/wp-content\/uploads\/sites\/6\/2023\/05\/accessories-fejlec-feltoltve.jpg","contentUrl":"https:\/\/insulation.trocellen.com\/wp-content\/uploads\/sites\/6\/2023\/05\/accessories-fejlec-feltoltve.jpg","width":1920,"height":300},{"@type":"BreadcrumbList","@id":"https:\/\/insulation.trocellen.com\/fr\/applications\/isolation-thermique\/accessoires-trocellen-joints-bandes-colle\/#breadcrumb","itemListElement":[{"@type":"ListItem","position":1,"name":"Home","item":"https:\/\/insulation.trocellen.com\/fr\/"},{"@type":"ListItem","position":2,"name":"Applications","item":"https:\/\/insulation.trocellen.com\/fr\/applications\/"},{"@type":"ListItem","position":3,"name":"Isolation thermique","item":"https:\/\/insulation.trocellen.com\/fr\/applications\/isolation-thermique\/"},{"@type":"ListItem","position":4,"name":"Accessoires Trocellen &#8211; joints, bandes, colle"}]},{"@type":"WebSite","@id":"https:\/\/insulation.trocellen.com\/fr\/#website","url":"https:\/\/insulation.trocellen.com\/fr\/","name":"Trocellen Insulation","description":"","potentialAction":[{"@type":"SearchAction","target":{"@type":"EntryPoint","urlTemplate":"https:\/\/insulation.trocellen.com\/fr\/?s={search_term_string}"},"query-input":{"@type":"PropertyValueSpecification","valueRequired":true,"valueName":"search_term_string"}}],"inLanguage":"fr-FR"}]}},"_links":{"self":[{"href":"https:\/\/insulation.trocellen.com\/fr\/wp-json\/wp\/v2\/pages\/4319","targetHints":{"allow":["GET"]}}],"collection":[{"href":"https:\/\/insulation.trocellen.com\/fr\/wp-json\/wp\/v2\/pages"}],"about":[{"href":"https:\/\/insulation.trocellen.com\/fr\/wp-json\/wp\/v2\/types\/page"}],"author":[{"embeddable":true,"href":"https:\/\/insulation.trocellen.com\/fr\/wp-json\/wp\/v2\/users\/1"}],"replies":[{"embeddable":true,"href":"https:\/\/insulation.trocellen.com\/fr\/wp-json\/wp\/v2\/comments?post=4319"}],"version-history":[{"count":6,"href":"https:\/\/insulation.trocellen.com\/fr\/wp-json\/wp\/v2\/pages\/4319\/revisions"}],"predecessor-version":[{"id":11153,"href":"https:\/\/insulation.trocellen.com\/fr\/wp-json\/wp\/v2\/pages\/4319\/revisions\/11153"}],"up":[{"embeddable":true,"href":"https:\/\/insulation.trocellen.com\/fr\/wp-json\/wp\/v2\/pages\/4295"}],"wp:featuredmedia":[{"embeddable":true,"href":"https:\/\/insulation.trocellen.com\/fr\/wp-json\/wp\/v2\/media\/8808"}],"wp:attachment":[{"href":"https:\/\/insulation.trocellen.com\/fr\/wp-json\/wp\/v2\/media?parent=4319"}],"curies":[{"name":"wp","href":"https:\/\/api.w.org\/{rel}","templated":true}]}}