{"id":4313,"date":"2015-09-30T07:43:00","date_gmt":"2015-09-30T07:43:00","guid":{"rendered":"https:\/\/insulation-new.trocellen.com\/solutions-pour-equipementiers\/"},"modified":"2025-06-26T07:34:03","modified_gmt":"2025-06-26T07:34:03","slug":"solutions-pour-equipementiers","status":"publish","type":"page","link":"https:\/\/insulation.trocellen.com\/fr\/applications\/oem-solutions\/solutions-pour-equipementiers\/","title":{"rendered":"Solutions pour \u00e9quipementiers"},"content":{"rendered":"<p>Une large vari\u00e9t\u00e9 des produits de Trocellen est mise \u00e0 la disposition des \u00e9quipementiers (OEM).<\/p>\n<p>Les mat\u00e9riaux isolants Trocellen s&rsquo;appliquent facilement pour diverses solutions \u00e0 travers le processus utilis\u00e9 par les technologies locales au sein de nos clients \u00e9quipementiers.<\/p>\n<p>Nos mat\u00e9riaux montrent une tr\u00e8s performance quant \u00e0 la durabilit\u00e9, \u00e0 l&rsquo;isolation thermique constante, ainsi qu&rsquo;\u00e0 la stabilit\u00e9 m\u00e9chanique.<\/p>\n<h2>Principales applications<\/h2>\n<ul>\n<li>condensation thermique et anti-condensation des machines<\/li>\n<li>acoustique: r\u00e9duction de bruit<\/li>\n<li>r\u00e9duction de choc et de vibration<\/li>\n<li>utilisation de ses propri\u00e9t\u00e9s m\u00e9chaniques<\/li>\n<\/ul>\n<h2>Avantages g\u00e9n\u00e9raux de l&rsquo;utilisation des produits Trocellen<\/h2>\n<ul>\n<li>Satisfaction aux attentes sp\u00e9cifiques de nos clients<\/li>\n<li>Solutions sur mesure<\/li>\n<li>Economie de co\u00fbts et r\u00e9duction du temps d&rsquo;installation<\/li>\n<li>Possibilit\u00e9 d&rsquo;utiliser des technologies de maniement simple et<\/li>\n<li>De conversion simple<\/li>\n<li>Facile \u00e0 installer<\/li>\n<li>De longue dur\u00e9e<\/li>\n<li>Rapport co\u00fbt\/avantage optimal<\/li>\n<\/ul>\n<h2>Mat\u00e9riau<\/h2>\n<ul>\n<li>Mat\u00e9riau: mousse PE r\u00e9ticul\u00e9e chimiquement<\/li>\n<li>Structure \u00e0 cellules ferm\u00e9es<\/li>\n<li>Types: souple \u00e0 rigide<\/li>\n<li>Densit\u00e9: 30 \u00e0 180 kg\/m\u00b3<\/li>\n<li>\u00c9paisseur: de 3 \u00e0 60 mm<\/li>\n<li>En rouleaux ou en feuilles<\/li>\n<li>Coloris divers<\/li>\n<li>De nombreux diff\u00e9rents types de mat\u00e9riaux lamin\u00e9s<\/li>\n<li>Avec ou sans adh\u00e9sif<\/li>\n<\/ul>\n<h2>Propri\u00e9t\u00e9s<\/h2>\n<ul>\n<li>S\u00fbr &#8211; non toxique, antiallerg\u00e9nique, r\u00e9sistant aux moisissures et recyclable<\/li>\n<li>Propre &#8211; mat\u00e9riau inodore, pas d&rsquo;odeurs, pas de bu\u00e9e<\/li>\n<li>Performance thermique et acoustique constante et durable<\/li>\n<li>Utilisation possible \u00e0 temp\u00e9rature extr\u00eamement basse<\/li>\n<li>Haute isolation thermique<\/li>\n<li>Imperm\u00e9abilisation<\/li>\n<li>R\u00e9sistance m\u00e9chanique: haute r\u00e9sistance au d\u00e9chirement et au craquage<\/li>\n<li>Poids l\u00e9ger<\/li>\n<li>Sans CFC<\/li>\n<li>Les produits Trocellen test\u00e9s apr\u00e8s 23 ann\u00e9es exploitation poss\u00e9dent les m\u00eames vertus isolantes.<br \/>\nR\u00e9sultats de test disponibles en cas de demande.<\/li>\n<li>Structure stable, avec une performance de longue dur\u00e9e<\/li>\n<li>Facile \u00e0 nettoyer<\/li>\n<\/ul>\n","protected":false},"excerpt":{"rendered":"<p>Une large vari\u00e9t\u00e9 des produits de Trocellen est mise \u00e0 la disposition des \u00e9quipementiers (OEM). Les mat\u00e9riaux isolants Trocellen s&rsquo;appliquent facilement pour diverses solutions \u00e0 travers le processus utilis\u00e9 par les technologies locales au sein de nos clients \u00e9quipementiers. Nos mat\u00e9riaux montrent une tr\u00e8s performance quant \u00e0 la durabilit\u00e9, \u00e0 l&rsquo;isolation thermique constante, ainsi qu&rsquo;\u00e0 [&hellip;]<\/p>\n","protected":false},"author":1,"featured_media":8906,"parent":4289,"menu_order":100,"comment_status":"open","ping_status":"closed","template":"templates\/applications.php","meta":{"_acf_changed":false,"footnotes":""},"class_list":["post-4313","page","type-page","status-publish","has-post-thumbnail","hentry"],"acf":[],"yoast_head":"<!-- This site is optimized with the Yoast SEO plugin v23.5 - https:\/\/yoast.com\/wordpress\/plugins\/seo\/ -->\n<title>De nombreux produits Trocellen propos\u00e9s aux \u00e9quipementiers.<\/title>\n<meta name=\"description\" content=\"Les solutions Trocellen pour les \u00e9quipementiers sont tr\u00e8s performantes en terme de durabilit\u00e9, d\u2019isolation thermique constante et de stabilit\u00e9 m\u00e9canique.\" \/>\n<meta name=\"robots\" content=\"index, follow, max-snippet:-1, max-image-preview:large, max-video-preview:-1\" \/>\n<link rel=\"canonical\" href=\"https:\/\/insulation.trocellen.com\/fr\/applications\/oem-solutions\/solutions-pour-equipementiers\/\" \/>\n<meta property=\"og:locale\" content=\"fr_FR\" \/>\n<meta property=\"og:type\" content=\"article\" \/>\n<meta property=\"og:title\" content=\"De nombreux produits Trocellen propos\u00e9s aux \u00e9quipementiers.\" \/>\n<meta property=\"og:description\" content=\"Les solutions Trocellen pour les \u00e9quipementiers sont tr\u00e8s performantes en terme de durabilit\u00e9, d\u2019isolation thermique constante et de stabilit\u00e9 m\u00e9canique.\" \/>\n<meta property=\"og:url\" content=\"https:\/\/insulation.trocellen.com\/fr\/applications\/oem-solutions\/solutions-pour-equipementiers\/\" \/>\n<meta property=\"og:site_name\" content=\"Trocellen Insulation\" \/>\n<meta property=\"article:modified_time\" content=\"2025-06-26T07:34:03+00:00\" \/>\n<meta property=\"og:image\" content=\"https:\/\/insulation.trocellen.com\/wp-content\/uploads\/sites\/6\/2023\/05\/OEM-fejlec1.jpg\" \/>\n\t<meta property=\"og:image:width\" content=\"1920\" \/>\n\t<meta property=\"og:image:height\" content=\"300\" \/>\n\t<meta property=\"og:image:type\" content=\"image\/jpeg\" \/>\n<meta name=\"twitter:card\" content=\"summary_large_image\" \/>\n<meta name=\"twitter:label1\" content=\"Dur\u00e9e de lecture estim\u00e9e\" \/>\n\t<meta name=\"twitter:data1\" content=\"2 minutes\" \/>\n<script type=\"application\/ld+json\" class=\"yoast-schema-graph\">{\"@context\":\"https:\/\/schema.org\",\"@graph\":[{\"@type\":\"WebPage\",\"@id\":\"https:\/\/insulation.trocellen.com\/fr\/applications\/oem-solutions\/solutions-pour-equipementiers\/\",\"url\":\"https:\/\/insulation.trocellen.com\/fr\/applications\/oem-solutions\/solutions-pour-equipementiers\/\",\"name\":\"De nombreux produits Trocellen propos\u00e9s aux \u00e9quipementiers.\",\"isPartOf\":{\"@id\":\"https:\/\/insulation.trocellen.com\/fr\/#website\"},\"primaryImageOfPage\":{\"@id\":\"https:\/\/insulation.trocellen.com\/fr\/applications\/oem-solutions\/solutions-pour-equipementiers\/#primaryimage\"},\"image\":{\"@id\":\"https:\/\/insulation.trocellen.com\/fr\/applications\/oem-solutions\/solutions-pour-equipementiers\/#primaryimage\"},\"thumbnailUrl\":\"https:\/\/insulation.trocellen.com\/wp-content\/uploads\/sites\/6\/2023\/05\/OEM-fejlec1.jpg\",\"datePublished\":\"2015-09-30T07:43:00+00:00\",\"dateModified\":\"2025-06-26T07:34:03+00:00\",\"description\":\"Les solutions Trocellen pour les \u00e9quipementiers sont tr\u00e8s performantes en terme de durabilit\u00e9, d\u2019isolation thermique constante et de stabilit\u00e9 m\u00e9canique.\",\"breadcrumb\":{\"@id\":\"https:\/\/insulation.trocellen.com\/fr\/applications\/oem-solutions\/solutions-pour-equipementiers\/#breadcrumb\"},\"inLanguage\":\"fr-FR\",\"potentialAction\":[{\"@type\":\"ReadAction\",\"target\":[\"https:\/\/insulation.trocellen.com\/fr\/applications\/oem-solutions\/solutions-pour-equipementiers\/\"]}]},{\"@type\":\"ImageObject\",\"inLanguage\":\"fr-FR\",\"@id\":\"https:\/\/insulation.trocellen.com\/fr\/applications\/oem-solutions\/solutions-pour-equipementiers\/#primaryimage\",\"url\":\"https:\/\/insulation.trocellen.com\/wp-content\/uploads\/sites\/6\/2023\/05\/OEM-fejlec1.jpg\",\"contentUrl\":\"https:\/\/insulation.trocellen.com\/wp-content\/uploads\/sites\/6\/2023\/05\/OEM-fejlec1.jpg\",\"width\":1920,\"height\":300},{\"@type\":\"BreadcrumbList\",\"@id\":\"https:\/\/insulation.trocellen.com\/fr\/applications\/oem-solutions\/solutions-pour-equipementiers\/#breadcrumb\",\"itemListElement\":[{\"@type\":\"ListItem\",\"position\":1,\"name\":\"Home\",\"item\":\"https:\/\/insulation.trocellen.com\/fr\/\"},{\"@type\":\"ListItem\",\"position\":2,\"name\":\"Applications\",\"item\":\"https:\/\/insulation.trocellen.com\/fr\/applications\/\"},{\"@type\":\"ListItem\",\"position\":3,\"name\":\"OEM solutions\",\"item\":\"https:\/\/insulation.trocellen.com\/fr\/applications\/oem-solutions\/\"},{\"@type\":\"ListItem\",\"position\":4,\"name\":\"Solutions pour \u00e9quipementiers\"}]},{\"@type\":\"WebSite\",\"@id\":\"https:\/\/insulation.trocellen.com\/fr\/#website\",\"url\":\"https:\/\/insulation.trocellen.com\/fr\/\",\"name\":\"Trocellen Insulation\",\"description\":\"\",\"potentialAction\":[{\"@type\":\"SearchAction\",\"target\":{\"@type\":\"EntryPoint\",\"urlTemplate\":\"https:\/\/insulation.trocellen.com\/fr\/?s={search_term_string}\"},\"query-input\":{\"@type\":\"PropertyValueSpecification\",\"valueRequired\":true,\"valueName\":\"search_term_string\"}}],\"inLanguage\":\"fr-FR\"}]}<\/script>\n<!-- \/ Yoast SEO plugin. -->","yoast_head_json":{"title":"De nombreux produits Trocellen propos\u00e9s aux \u00e9quipementiers.","description":"Les solutions Trocellen pour les \u00e9quipementiers sont tr\u00e8s performantes en terme de durabilit\u00e9, d\u2019isolation thermique constante et de stabilit\u00e9 m\u00e9canique.","robots":{"index":"index","follow":"follow","max-snippet":"max-snippet:-1","max-image-preview":"max-image-preview:large","max-video-preview":"max-video-preview:-1"},"canonical":"https:\/\/insulation.trocellen.com\/fr\/applications\/oem-solutions\/solutions-pour-equipementiers\/","og_locale":"fr_FR","og_type":"article","og_title":"De nombreux produits Trocellen propos\u00e9s aux \u00e9quipementiers.","og_description":"Les solutions Trocellen pour les \u00e9quipementiers sont tr\u00e8s performantes en terme de durabilit\u00e9, d\u2019isolation thermique constante et de stabilit\u00e9 m\u00e9canique.","og_url":"https:\/\/insulation.trocellen.com\/fr\/applications\/oem-solutions\/solutions-pour-equipementiers\/","og_site_name":"Trocellen Insulation","article_modified_time":"2025-06-26T07:34:03+00:00","og_image":[{"width":1920,"height":300,"url":"https:\/\/insulation.trocellen.com\/wp-content\/uploads\/sites\/6\/2023\/05\/OEM-fejlec1.jpg","type":"image\/jpeg"}],"twitter_card":"summary_large_image","twitter_misc":{"Dur\u00e9e de lecture estim\u00e9e":"2 minutes"},"schema":{"@context":"https:\/\/schema.org","@graph":[{"@type":"WebPage","@id":"https:\/\/insulation.trocellen.com\/fr\/applications\/oem-solutions\/solutions-pour-equipementiers\/","url":"https:\/\/insulation.trocellen.com\/fr\/applications\/oem-solutions\/solutions-pour-equipementiers\/","name":"De nombreux produits Trocellen propos\u00e9s aux \u00e9quipementiers.","isPartOf":{"@id":"https:\/\/insulation.trocellen.com\/fr\/#website"},"primaryImageOfPage":{"@id":"https:\/\/insulation.trocellen.com\/fr\/applications\/oem-solutions\/solutions-pour-equipementiers\/#primaryimage"},"image":{"@id":"https:\/\/insulation.trocellen.com\/fr\/applications\/oem-solutions\/solutions-pour-equipementiers\/#primaryimage"},"thumbnailUrl":"https:\/\/insulation.trocellen.com\/wp-content\/uploads\/sites\/6\/2023\/05\/OEM-fejlec1.jpg","datePublished":"2015-09-30T07:43:00+00:00","dateModified":"2025-06-26T07:34:03+00:00","description":"Les solutions Trocellen pour les \u00e9quipementiers sont tr\u00e8s performantes en terme de durabilit\u00e9, d\u2019isolation thermique constante et de stabilit\u00e9 m\u00e9canique.","breadcrumb":{"@id":"https:\/\/insulation.trocellen.com\/fr\/applications\/oem-solutions\/solutions-pour-equipementiers\/#breadcrumb"},"inLanguage":"fr-FR","potentialAction":[{"@type":"ReadAction","target":["https:\/\/insulation.trocellen.com\/fr\/applications\/oem-solutions\/solutions-pour-equipementiers\/"]}]},{"@type":"ImageObject","inLanguage":"fr-FR","@id":"https:\/\/insulation.trocellen.com\/fr\/applications\/oem-solutions\/solutions-pour-equipementiers\/#primaryimage","url":"https:\/\/insulation.trocellen.com\/wp-content\/uploads\/sites\/6\/2023\/05\/OEM-fejlec1.jpg","contentUrl":"https:\/\/insulation.trocellen.com\/wp-content\/uploads\/sites\/6\/2023\/05\/OEM-fejlec1.jpg","width":1920,"height":300},{"@type":"BreadcrumbList","@id":"https:\/\/insulation.trocellen.com\/fr\/applications\/oem-solutions\/solutions-pour-equipementiers\/#breadcrumb","itemListElement":[{"@type":"ListItem","position":1,"name":"Home","item":"https:\/\/insulation.trocellen.com\/fr\/"},{"@type":"ListItem","position":2,"name":"Applications","item":"https:\/\/insulation.trocellen.com\/fr\/applications\/"},{"@type":"ListItem","position":3,"name":"OEM solutions","item":"https:\/\/insulation.trocellen.com\/fr\/applications\/oem-solutions\/"},{"@type":"ListItem","position":4,"name":"Solutions pour \u00e9quipementiers"}]},{"@type":"WebSite","@id":"https:\/\/insulation.trocellen.com\/fr\/#website","url":"https:\/\/insulation.trocellen.com\/fr\/","name":"Trocellen Insulation","description":"","potentialAction":[{"@type":"SearchAction","target":{"@type":"EntryPoint","urlTemplate":"https:\/\/insulation.trocellen.com\/fr\/?s={search_term_string}"},"query-input":{"@type":"PropertyValueSpecification","valueRequired":true,"valueName":"search_term_string"}}],"inLanguage":"fr-FR"}]}},"_links":{"self":[{"href":"https:\/\/insulation.trocellen.com\/fr\/wp-json\/wp\/v2\/pages\/4313","targetHints":{"allow":["GET"]}}],"collection":[{"href":"https:\/\/insulation.trocellen.com\/fr\/wp-json\/wp\/v2\/pages"}],"about":[{"href":"https:\/\/insulation.trocellen.com\/fr\/wp-json\/wp\/v2\/types\/page"}],"author":[{"embeddable":true,"href":"https:\/\/insulation.trocellen.com\/fr\/wp-json\/wp\/v2\/users\/1"}],"replies":[{"embeddable":true,"href":"https:\/\/insulation.trocellen.com\/fr\/wp-json\/wp\/v2\/comments?post=4313"}],"version-history":[{"count":4,"href":"https:\/\/insulation.trocellen.com\/fr\/wp-json\/wp\/v2\/pages\/4313\/revisions"}],"predecessor-version":[{"id":11155,"href":"https:\/\/insulation.trocellen.com\/fr\/wp-json\/wp\/v2\/pages\/4313\/revisions\/11155"}],"up":[{"embeddable":true,"href":"https:\/\/insulation.trocellen.com\/fr\/wp-json\/wp\/v2\/pages\/4289"}],"wp:featuredmedia":[{"embeddable":true,"href":"https:\/\/insulation.trocellen.com\/fr\/wp-json\/wp\/v2\/media\/8906"}],"wp:attachment":[{"href":"https:\/\/insulation.trocellen.com\/fr\/wp-json\/wp\/v2\/media?parent=4313"}],"curies":[{"name":"wp","href":"https:\/\/api.w.org\/{rel}","templated":true}]}}