{"id":4307,"date":"2015-09-30T07:41:21","date_gmt":"2015-09-30T07:41:21","guid":{"rendered":"https:\/\/insulation-new.trocellen.com\/trocellen-class\/"},"modified":"2026-04-07T08:50:33","modified_gmt":"2026-04-07T08:50:33","slug":"trocellen-class","status":"publish","type":"page","link":"https:\/\/insulation.trocellen.com\/fr\/applications\/isolation-hvac\/trocellen-class\/","title":{"rendered":"TROCELLEN CLASS"},"content":{"rendered":"<p><a href=\"https:\/\/insulation.trocellen.com\/wp-content\/uploads\/sites\/6\/2015\/09\/TROCELLEN_CLASS_LOGO_2015.jpg\" rel=\"attachment wp-att-920\"><img loading=\"lazy\" decoding=\"async\" class=\"alignnone size-medium wp-image-920\" src=\"https:\/\/insulation.trocellen.com\/wp-content\/uploads\/sites\/6\/2015\/09\/TROCELLEN_CLASS_LOGO_2015-300x104.jpg\" alt=\"Hvac\" width=\"300\" height=\"104\" \/><\/a><\/p>\n<p><a href=\"https:\/\/insulation.trocellen.com\/wp-content\/uploads\/sites\/6\/2015\/09\/trocellen_class.jpg\" rel=\"attachment wp-att-1344\"><img loading=\"lazy\" decoding=\"async\" class=\"size-full wp-image-1344 alignright\" src=\"https:\/\/insulation.trocellen.com\/wp-content\/uploads\/sites\/6\/2015\/09\/trocellen_class.jpg\" alt=\"OLYMPUS DIGITAL CAMERA\" width=\"320\" height=\"443\" \/><\/a><\/p>\n<p>Dans le monde Trocellen, Trocellen Class est un portefeuille de produits marqu\u00e9s CE et Euroclass.<\/p>\n<p>Par l\u2019introduction de la gamme de produits \u00ab CLASS \u00bb, Trocellen fournit la r\u00e9ponse en fonction de la \u00ab nouvelle approche europ\u00e9enne \u00bb pour les clients professionnels<\/p>\n<h2>Quels sont les avantages suppl\u00e9mentaires de Trocellen Class ?<\/h2>\n<ul>\n<li>Trocellen Class est probablement l\u2019isolant le plus durable<\/li>\n<li>Trocellen Class dispose d\u2019une toxicit\u00e9 de fum\u00e9es r\u00e9duite<\/li>\n<li>Trocellen Class est un isolant thermique et acoustique<\/li>\n<li>Trocellen Class est r\u00e9sistant aux champignons et aux bact\u00e9ries<\/li>\n<li>Trocellen Class poss\u00e8de d\u2019excellentes propri\u00e9t\u00e9s de soudage<\/li>\n<\/ul>\n<h2>Trocellen Class = Isolation efficace des conduits d\u2019air<\/h2>\n<p>Isolant PE efficace \u00e0 cellules ferm\u00e9es, chimiquement r\u00e9ticul\u00e9 et r\u00e9sistant au feu.<br \/>\nUtilis\u00e9 pour l\u2019isolation sonore et thermique des conduits d\u2019air et des tuyaux de climatisation d\u2019un grand diam\u00e8tre ; il r\u00e9duit la perte de chaleur et sa structure \u00e0 cellules ferm\u00e9es emp\u00eache la condensation.<\/p>\n<h2>Avantages :<\/h2>\n<ul>\n<li>excellente barri\u00e8re contre la condensation<\/li>\n<li>une valeur \u03bc excellente, pouvant atteindre jusqu\u2019\u00e0 15 000 (en fonction du mod\u00e8le)<\/li>\n<li>\u03bb constant et durable (0,035 W\/mK)<\/li>\n<li>r\u00e9sistant au feu ; le classement de l\u2019inflammabilit\u00e9 peut atteindre B-s2,d0 sans goutelette au feu<\/li>\n<li>toxicit\u00e9 et opacit\u00e9 des fum\u00e9es tr\u00e8s faibles en cas d\u2019incendie<\/li>\n<li>efficacit\u00e9 d\u2019isolation sonore<\/li>\n<li>sans chlore \u2013 aucune possibilit\u00e9 de corrosion contact<\/li>\n<li>sans formald\u00e9hyde<\/li>\n<li>s\u00e9curit\u00e9 d\u2019utilisation \u2013 non toxique, non allerg\u00e8ne, r\u00e9sistant aux moisissures et\u00a0r\u00e9utilisable<\/li>\n<li>propri\u00e9t\u00e9 auto-adh\u00e9sive, facilit\u00e9 d\u2019installation<\/li>\n<\/ul>\n<h2>Class BIO<\/h2>\n<p>Trocellen Insulation \u00e9largit sa gamme de produits CLASS \u2013 CLASS Adhesive, CLASS Alu Adhesive et CLASS Alu.s Adhesive \u2013 avec de nouvelles solutions biosourc\u00e9es, d\u00e9velopp\u00e9es pour r\u00e9pondre aux exigences croissantes de durabilit\u00e9 du secteur HVAC, tout en maintenant les m\u00eames standards \u00e9lev\u00e9s de qualit\u00e9, de s\u00e9curit\u00e9 et de performance.<\/p>\n<h2>Gamme :<\/h2>\n<h2>Trocellen Class\/Class Bio auto-adh\u00e9sive<\/h2>\n<p>Mousse PE \u00e0 cellules ferm\u00e9es, chimiquement r\u00e9ticul\u00e9e<\/p>\n<ul>\n<li>Euroclass B-s2,d0 \u2013 BL-s1,d0 pour une gamme d\u2019\u00e9paisseurs de 3\u201312 mm<\/li>\n<li>EN 14313<\/li>\n<\/ul>\n<h2>Trocellen Class ALU\/ALU Bio auto-adh\u00e9sive<\/h2>\n<p class=\"p1\">Classement au feu Euroclasse B-s2,d0 \u00e0 faibles \u00e9missions de fum\u00e9e jusqu\u2019\u00e0 14 mm<\/p>\n<p class=\"p1\">Mousse PE \u00e0 cellules ferm\u00e9es, chimiquement r\u00e9ticul\u00e9e,\u00a0de couleur verte,\u00a0lamin\u00e9 avec une feuille ALU am\u00e9lior\u00e9e<\/p>\n<ul>\n<li>\u03bc = 15.000<\/li>\n<li>Euroclass C-s2,d0 \u2013 BL-s1,d0<\/li>\n<li>gamme d\u2019\u00e9paisseurs: 3-24 mm<\/li>\n<li>EN 14313<\/li>\n<\/ul>\n<h2>Trocellen Class ALU.S\/ALU.S Bio auto-adh\u00e9sive<\/h2>\n<p class=\"p1\">Classement au feu Euroclasse B-s2,d0 avec de faibles \u00e9missions de fum\u00e9e jusqu\u2019\u00e0 16 mm et avec des performances am\u00e9lior\u00e9es.<\/p>\n<p class=\"p1\">Mousse PE \u00e0 cellules ferm\u00e9es, chimiquement r\u00e9ticul\u00e9e de couleur verte, lamin\u00e9 avec une feuille ALU am\u00e9lior\u00e9e<\/p>\n<ul>\n<li>isolation r\u00e9sistante aux intemp\u00e9ries<\/li>\n<li>utilisation m\u00eame \u00e0 l\u2019ext\u00e9rieur<\/li>\n<li>\u03bc = 15.000<\/li>\n<li>Euroclass B-s2,d0 \u2013 BL-s1,d0\u00a0gamme d\u2019\u00e9paisseurs 3-14 mm<\/li>\n<li>Euroclass\u00a0C-s2,d0 \u2013 BL-s1,d0\u00a0gamme\u00a0d\u2019\u00e9paisseurs 15-24 mm<\/li>\n<li>EN 14313<\/li>\n<\/ul>\n<h2>Trocellen Class G-PRO auto-adh\u00e9sive<\/h2>\n<p class=\"p1\">Meilleur classement au feu Euroclass B-s1,d0 avec le niveau d\u2019\u00e9mission de fum\u00e9e le plus bas m\u00eame pour des \u00e9paisseurs plus \u00e9lev\u00e9es (jusqu\u2019\u00e0 40 mm)<\/p>\n<p class=\"p1\">Mousse PE \u00e0 cellules ferm\u00e9es, chimiquement r\u00e9ticul\u00e9e, couleur gris argent, recouvert de la technologie G-PRO<\/p>\n<ul class=\"ul1\">\n<li class=\"li2\">\u03bc &gt; 12.500<\/li>\n<li class=\"li2\">Euroclass B-s1, d0 \u2013 BL-s1, d0\u00a0\u00e9paisseurs\u00a03-40 mm<\/li>\n<li class=\"li2\">EN 14313<\/li>\n<\/ul>\n<table class=\"green-table\" border=\"0\">\n<thead>\n<tr>\n<th class=\"green-table-first-cell\" scope=\"col\">\u00c9paisseur(mm)<\/th>\n<th>Taille du rouleau (m2)<\/th>\n<th>Sheet size (m2)<\/th>\n<th>TC CLASS\/CLASS BIO\u00a0 adh\u00e9sif<\/th>\n<th>TC CLASS ALU\/ALU BIO adh\u00e9sif<\/th>\n<th>TC CLASS ALU.S\/ALU.S BIO adh\u00e9sif<\/th>\n<th>TC CLASS G-PRO*<\/th>\n<\/tr>\n<\/thead>\n<tbody>\n<tr>\n<th style=\"text-align: center\">03<\/th>\n<td style=\"text-align: center\">75<\/td>\n<td style=\"text-align: center\"><\/td>\n<td style=\"text-align: center\">x<\/td>\n<td style=\"text-align: center\">x<\/td>\n<td style=\"text-align: center\">x<\/td>\n<td style=\"text-align: center\"><\/td>\n<\/tr>\n<tr>\n<th style=\"text-align: center\">06<\/th>\n<td style=\"text-align: center\">75<\/td>\n<td style=\"text-align: center\"><\/td>\n<td style=\"text-align: center\">x<\/td>\n<td style=\"text-align: center\">x<\/td>\n<td style=\"text-align: center\">x<\/td>\n<td style=\"text-align: center\"><\/td>\n<\/tr>\n<tr>\n<th style=\"text-align: center\">08<\/th>\n<td style=\"text-align: center\">75<\/td>\n<td style=\"text-align: center\"><\/td>\n<td style=\"text-align: center\">x<\/td>\n<td style=\"text-align: center\">x<\/td>\n<td style=\"text-align: center\">x<\/td>\n<td style=\"text-align: center\"><\/td>\n<\/tr>\n<tr>\n<th style=\"text-align: center\">10<\/th>\n<td style=\"text-align: center\">60<\/td>\n<td style=\"text-align: center\"><\/td>\n<td style=\"text-align: center\">x<\/td>\n<td style=\"text-align: center\">x<\/td>\n<td style=\"text-align: center\">x<\/td>\n<td style=\"text-align: center\"><\/td>\n<\/tr>\n<tr>\n<th style=\"text-align: center\">12<\/th>\n<td style=\"text-align: center\">45<\/td>\n<td style=\"text-align: center\"><\/td>\n<td style=\"text-align: center\">x<\/td>\n<td style=\"text-align: center\">x<\/td>\n<td style=\"text-align: center\">x<\/td>\n<td style=\"text-align: center\"><\/td>\n<\/tr>\n<tr>\n<th style=\"text-align: center\">13<\/th>\n<td style=\"text-align: center\">57,5<\/td>\n<td style=\"text-align: center\">1,72<\/td>\n<td style=\"text-align: center\"><\/td>\n<td style=\"text-align: center\"><\/td>\n<td style=\"text-align: center\"><\/td>\n<td style=\"text-align: center\">x<\/td>\n<\/tr>\n<tr>\n<th style=\"text-align: center\">14<\/th>\n<td style=\"text-align: center\">45<\/td>\n<td style=\"text-align: center\"><\/td>\n<td style=\"text-align: center\"><\/td>\n<td style=\"text-align: center\">x<\/td>\n<td style=\"text-align: center\"><\/td>\n<td style=\"text-align: center\"><\/td>\n<\/tr>\n<tr>\n<th style=\"text-align: center\">15<\/th>\n<td style=\"text-align: center\">45 (57,5 for G-PRO)<\/td>\n<td style=\"text-align: center\">1,72 for G-PRO<\/td>\n<td style=\"text-align: center\"><\/td>\n<td style=\"text-align: center\">x<\/td>\n<td style=\"text-align: center\">x<\/td>\n<td style=\"text-align: center\">x<\/td>\n<\/tr>\n<tr>\n<th style=\"text-align: center\">16<\/th>\n<td style=\"text-align: center\">30<\/td>\n<td style=\"text-align: center\"><\/td>\n<td style=\"text-align: center\"><\/td>\n<td style=\"text-align: center\"><\/td>\n<td style=\"text-align: center\">x<\/td>\n<td style=\"text-align: center\"><\/td>\n<\/tr>\n<tr>\n<th style=\"text-align: center\">19<\/th>\n<td style=\"text-align: center\"><\/td>\n<td style=\"text-align: center\">1,72<\/td>\n<td style=\"text-align: center\"><\/td>\n<td style=\"text-align: center\"><\/td>\n<td style=\"text-align: center\"><\/td>\n<td style=\"text-align: center\">x<\/td>\n<\/tr>\n<tr>\n<th style=\"text-align: center\">20<\/th>\n<td style=\"text-align: center\">30<\/td>\n<td style=\"text-align: center\">3<\/td>\n<td style=\"text-align: center\"><\/td>\n<td style=\"text-align: center\">x<\/td>\n<td style=\"text-align: center\"><\/td>\n<td style=\"text-align: center\"><\/td>\n<\/tr>\n<tr>\n<th style=\"text-align: center\">24<\/th>\n<td style=\"text-align: center\">22,5<\/td>\n<td style=\"text-align: center\"><\/td>\n<td style=\"text-align: center\"><\/td>\n<td style=\"text-align: center\">x<\/td>\n<td style=\"text-align: center\"><\/td>\n<td style=\"text-align: center\"><\/td>\n<\/tr>\n<tr>\n<th style=\"text-align: center\">25<\/th>\n<td style=\"text-align: center\"><\/td>\n<td style=\"text-align: center\">1,72<\/td>\n<td style=\"text-align: center\"><\/td>\n<td style=\"text-align: center\"><\/td>\n<td style=\"text-align: center\"><\/td>\n<td style=\"text-align: center\">x<\/td>\n<\/tr>\n<tr>\n<th style=\"text-align: center\">32<\/th>\n<td style=\"text-align: center\"><\/td>\n<td style=\"text-align: center\">1,72<\/td>\n<td style=\"text-align: center\"><\/td>\n<td style=\"text-align: center\"><\/td>\n<td style=\"text-align: center\"><\/td>\n<td style=\"text-align: center\">x<\/td>\n<\/tr>\n<tr>\n<th style=\"text-align: center\">40<\/th>\n<td style=\"text-align: center\"><\/td>\n<td style=\"text-align: center\">1,72<\/td>\n<td style=\"text-align: center\"><\/td>\n<td style=\"text-align: center\"><\/td>\n<td style=\"text-align: center\"><\/td>\n<td style=\"text-align: center\">x<\/td>\n<\/tr>\n<tr>\n<td style=\"text-align: center\" colspan=\"7\">Largeur du rouleau : 1500 mm \u00b1 10 mm<\/td>\n<\/tr>\n<\/tbody>\n<\/table>\n","protected":false},"excerpt":{"rendered":"<p>Dans le monde Trocellen, Trocellen Class est un portefeuille de produits marqu\u00e9s CE et Euroclass. Par l\u2019introduction de la gamme de produits \u00ab CLASS \u00bb, Trocellen fournit la r\u00e9ponse en fonction de la \u00ab nouvelle approche europ\u00e9enne \u00bb pour les clients professionnels Quels sont les avantages suppl\u00e9mentaires de Trocellen Class ? Trocellen Class est probablement [&hellip;]<\/p>\n","protected":false},"author":1,"featured_media":8795,"parent":4283,"menu_order":0,"comment_status":"open","ping_status":"closed","template":"templates\/applications.php","meta":{"_acf_changed":false,"footnotes":""},"class_list":["post-4307","page","type-page","status-publish","has-post-thumbnail","hentry"],"acf":[],"yoast_head":"<!-- This site is optimized with the Yoast SEO plugin v23.5 - https:\/\/yoast.com\/wordpress\/plugins\/seo\/ -->\n<title>Trocellen Class = isolation efficace des conduits d\u2019air<\/title>\n<meta name=\"description\" content=\"Trocellen Class est un isolant efficace certifi\u00e9, r\u00e9sistant au feu, fabriqu\u00e9 \u00e0 base de mousse poly\u00e9thyl\u00e8ne chimiquement r\u00e9ticul\u00e9 et \u00e0 cellules ferm\u00e9es.\" \/>\n<meta name=\"robots\" content=\"index, follow, max-snippet:-1, max-image-preview:large, max-video-preview:-1\" \/>\n<link rel=\"canonical\" href=\"https:\/\/insulation.trocellen.com\/fr\/applications\/isolation-hvac\/trocellen-class\/\" \/>\n<meta property=\"og:locale\" content=\"fr_FR\" \/>\n<meta property=\"og:type\" content=\"article\" \/>\n<meta property=\"og:title\" content=\"Trocellen Class = isolation efficace des conduits d\u2019air\" \/>\n<meta property=\"og:description\" content=\"Trocellen Class est un isolant efficace certifi\u00e9, r\u00e9sistant au feu, fabriqu\u00e9 \u00e0 base de mousse poly\u00e9thyl\u00e8ne chimiquement r\u00e9ticul\u00e9 et \u00e0 cellules ferm\u00e9es.\" \/>\n<meta property=\"og:url\" content=\"https:\/\/insulation.trocellen.com\/fr\/applications\/isolation-hvac\/trocellen-class\/\" \/>\n<meta property=\"og:site_name\" content=\"Trocellen Insulation\" \/>\n<meta property=\"article:modified_time\" content=\"2026-04-07T08:50:33+00:00\" \/>\n<meta property=\"og:image\" content=\"https:\/\/insulation.trocellen.com\/wp-content\/uploads\/sites\/6\/2023\/05\/TC-Class.jpg\" \/>\n\t<meta property=\"og:image:width\" content=\"1920\" \/>\n\t<meta property=\"og:image:height\" content=\"300\" \/>\n\t<meta property=\"og:image:type\" content=\"image\/jpeg\" \/>\n<meta name=\"twitter:card\" content=\"summary_large_image\" \/>\n<meta name=\"twitter:label1\" content=\"Dur\u00e9e de lecture estim\u00e9e\" \/>\n\t<meta name=\"twitter:data1\" content=\"4 minutes\" \/>\n<script type=\"application\/ld+json\" class=\"yoast-schema-graph\">{\"@context\":\"https:\/\/schema.org\",\"@graph\":[{\"@type\":\"WebPage\",\"@id\":\"https:\/\/insulation.trocellen.com\/fr\/applications\/isolation-hvac\/trocellen-class\/\",\"url\":\"https:\/\/insulation.trocellen.com\/fr\/applications\/isolation-hvac\/trocellen-class\/\",\"name\":\"Trocellen Class = isolation efficace des conduits d\u2019air\",\"isPartOf\":{\"@id\":\"https:\/\/insulation.trocellen.com\/fr\/#website\"},\"primaryImageOfPage\":{\"@id\":\"https:\/\/insulation.trocellen.com\/fr\/applications\/isolation-hvac\/trocellen-class\/#primaryimage\"},\"image\":{\"@id\":\"https:\/\/insulation.trocellen.com\/fr\/applications\/isolation-hvac\/trocellen-class\/#primaryimage\"},\"thumbnailUrl\":\"https:\/\/insulation.trocellen.com\/wp-content\/uploads\/sites\/6\/2023\/05\/TC-Class.jpg\",\"datePublished\":\"2015-09-30T07:41:21+00:00\",\"dateModified\":\"2026-04-07T08:50:33+00:00\",\"description\":\"Trocellen Class est un isolant efficace certifi\u00e9, r\u00e9sistant au feu, fabriqu\u00e9 \u00e0 base de mousse poly\u00e9thyl\u00e8ne chimiquement r\u00e9ticul\u00e9 et \u00e0 cellules ferm\u00e9es.\",\"breadcrumb\":{\"@id\":\"https:\/\/insulation.trocellen.com\/fr\/applications\/isolation-hvac\/trocellen-class\/#breadcrumb\"},\"inLanguage\":\"fr-FR\",\"potentialAction\":[{\"@type\":\"ReadAction\",\"target\":[\"https:\/\/insulation.trocellen.com\/fr\/applications\/isolation-hvac\/trocellen-class\/\"]}]},{\"@type\":\"ImageObject\",\"inLanguage\":\"fr-FR\",\"@id\":\"https:\/\/insulation.trocellen.com\/fr\/applications\/isolation-hvac\/trocellen-class\/#primaryimage\",\"url\":\"https:\/\/insulation.trocellen.com\/wp-content\/uploads\/sites\/6\/2023\/05\/TC-Class.jpg\",\"contentUrl\":\"https:\/\/insulation.trocellen.com\/wp-content\/uploads\/sites\/6\/2023\/05\/TC-Class.jpg\",\"width\":1920,\"height\":300},{\"@type\":\"BreadcrumbList\",\"@id\":\"https:\/\/insulation.trocellen.com\/fr\/applications\/isolation-hvac\/trocellen-class\/#breadcrumb\",\"itemListElement\":[{\"@type\":\"ListItem\",\"position\":1,\"name\":\"Home\",\"item\":\"https:\/\/insulation.trocellen.com\/fr\/\"},{\"@type\":\"ListItem\",\"position\":2,\"name\":\"Applications\",\"item\":\"https:\/\/insulation.trocellen.com\/fr\/applications\/\"},{\"@type\":\"ListItem\",\"position\":3,\"name\":\"Isolation HVAC\",\"item\":\"https:\/\/insulation.trocellen.com\/fr\/applications\/isolation-hvac\/\"},{\"@type\":\"ListItem\",\"position\":4,\"name\":\"TROCELLEN CLASS\"}]},{\"@type\":\"WebSite\",\"@id\":\"https:\/\/insulation.trocellen.com\/fr\/#website\",\"url\":\"https:\/\/insulation.trocellen.com\/fr\/\",\"name\":\"Trocellen Insulation\",\"description\":\"\",\"potentialAction\":[{\"@type\":\"SearchAction\",\"target\":{\"@type\":\"EntryPoint\",\"urlTemplate\":\"https:\/\/insulation.trocellen.com\/fr\/?s={search_term_string}\"},\"query-input\":{\"@type\":\"PropertyValueSpecification\",\"valueRequired\":true,\"valueName\":\"search_term_string\"}}],\"inLanguage\":\"fr-FR\"}]}<\/script>\n<!-- \/ Yoast SEO plugin. -->","yoast_head_json":{"title":"Trocellen Class = isolation efficace des conduits d\u2019air","description":"Trocellen Class est un isolant efficace certifi\u00e9, r\u00e9sistant au feu, fabriqu\u00e9 \u00e0 base de mousse poly\u00e9thyl\u00e8ne chimiquement r\u00e9ticul\u00e9 et \u00e0 cellules ferm\u00e9es.","robots":{"index":"index","follow":"follow","max-snippet":"max-snippet:-1","max-image-preview":"max-image-preview:large","max-video-preview":"max-video-preview:-1"},"canonical":"https:\/\/insulation.trocellen.com\/fr\/applications\/isolation-hvac\/trocellen-class\/","og_locale":"fr_FR","og_type":"article","og_title":"Trocellen Class = isolation efficace des conduits d\u2019air","og_description":"Trocellen Class est un isolant efficace certifi\u00e9, r\u00e9sistant au feu, fabriqu\u00e9 \u00e0 base de mousse poly\u00e9thyl\u00e8ne chimiquement r\u00e9ticul\u00e9 et \u00e0 cellules ferm\u00e9es.","og_url":"https:\/\/insulation.trocellen.com\/fr\/applications\/isolation-hvac\/trocellen-class\/","og_site_name":"Trocellen Insulation","article_modified_time":"2026-04-07T08:50:33+00:00","og_image":[{"width":1920,"height":300,"url":"https:\/\/insulation.trocellen.com\/wp-content\/uploads\/sites\/6\/2023\/05\/TC-Class.jpg","type":"image\/jpeg"}],"twitter_card":"summary_large_image","twitter_misc":{"Dur\u00e9e de lecture estim\u00e9e":"4 minutes"},"schema":{"@context":"https:\/\/schema.org","@graph":[{"@type":"WebPage","@id":"https:\/\/insulation.trocellen.com\/fr\/applications\/isolation-hvac\/trocellen-class\/","url":"https:\/\/insulation.trocellen.com\/fr\/applications\/isolation-hvac\/trocellen-class\/","name":"Trocellen Class = isolation efficace des conduits d\u2019air","isPartOf":{"@id":"https:\/\/insulation.trocellen.com\/fr\/#website"},"primaryImageOfPage":{"@id":"https:\/\/insulation.trocellen.com\/fr\/applications\/isolation-hvac\/trocellen-class\/#primaryimage"},"image":{"@id":"https:\/\/insulation.trocellen.com\/fr\/applications\/isolation-hvac\/trocellen-class\/#primaryimage"},"thumbnailUrl":"https:\/\/insulation.trocellen.com\/wp-content\/uploads\/sites\/6\/2023\/05\/TC-Class.jpg","datePublished":"2015-09-30T07:41:21+00:00","dateModified":"2026-04-07T08:50:33+00:00","description":"Trocellen Class est un isolant efficace certifi\u00e9, r\u00e9sistant au feu, fabriqu\u00e9 \u00e0 base de mousse poly\u00e9thyl\u00e8ne chimiquement r\u00e9ticul\u00e9 et \u00e0 cellules ferm\u00e9es.","breadcrumb":{"@id":"https:\/\/insulation.trocellen.com\/fr\/applications\/isolation-hvac\/trocellen-class\/#breadcrumb"},"inLanguage":"fr-FR","potentialAction":[{"@type":"ReadAction","target":["https:\/\/insulation.trocellen.com\/fr\/applications\/isolation-hvac\/trocellen-class\/"]}]},{"@type":"ImageObject","inLanguage":"fr-FR","@id":"https:\/\/insulation.trocellen.com\/fr\/applications\/isolation-hvac\/trocellen-class\/#primaryimage","url":"https:\/\/insulation.trocellen.com\/wp-content\/uploads\/sites\/6\/2023\/05\/TC-Class.jpg","contentUrl":"https:\/\/insulation.trocellen.com\/wp-content\/uploads\/sites\/6\/2023\/05\/TC-Class.jpg","width":1920,"height":300},{"@type":"BreadcrumbList","@id":"https:\/\/insulation.trocellen.com\/fr\/applications\/isolation-hvac\/trocellen-class\/#breadcrumb","itemListElement":[{"@type":"ListItem","position":1,"name":"Home","item":"https:\/\/insulation.trocellen.com\/fr\/"},{"@type":"ListItem","position":2,"name":"Applications","item":"https:\/\/insulation.trocellen.com\/fr\/applications\/"},{"@type":"ListItem","position":3,"name":"Isolation HVAC","item":"https:\/\/insulation.trocellen.com\/fr\/applications\/isolation-hvac\/"},{"@type":"ListItem","position":4,"name":"TROCELLEN CLASS"}]},{"@type":"WebSite","@id":"https:\/\/insulation.trocellen.com\/fr\/#website","url":"https:\/\/insulation.trocellen.com\/fr\/","name":"Trocellen Insulation","description":"","potentialAction":[{"@type":"SearchAction","target":{"@type":"EntryPoint","urlTemplate":"https:\/\/insulation.trocellen.com\/fr\/?s={search_term_string}"},"query-input":{"@type":"PropertyValueSpecification","valueRequired":true,"valueName":"search_term_string"}}],"inLanguage":"fr-FR"}]}},"_links":{"self":[{"href":"https:\/\/insulation.trocellen.com\/fr\/wp-json\/wp\/v2\/pages\/4307","targetHints":{"allow":["GET"]}}],"collection":[{"href":"https:\/\/insulation.trocellen.com\/fr\/wp-json\/wp\/v2\/pages"}],"about":[{"href":"https:\/\/insulation.trocellen.com\/fr\/wp-json\/wp\/v2\/types\/page"}],"author":[{"embeddable":true,"href":"https:\/\/insulation.trocellen.com\/fr\/wp-json\/wp\/v2\/users\/1"}],"replies":[{"embeddable":true,"href":"https:\/\/insulation.trocellen.com\/fr\/wp-json\/wp\/v2\/comments?post=4307"}],"version-history":[{"count":22,"href":"https:\/\/insulation.trocellen.com\/fr\/wp-json\/wp\/v2\/pages\/4307\/revisions"}],"predecessor-version":[{"id":11324,"href":"https:\/\/insulation.trocellen.com\/fr\/wp-json\/wp\/v2\/pages\/4307\/revisions\/11324"}],"up":[{"embeddable":true,"href":"https:\/\/insulation.trocellen.com\/fr\/wp-json\/wp\/v2\/pages\/4283"}],"wp:featuredmedia":[{"embeddable":true,"href":"https:\/\/insulation.trocellen.com\/fr\/wp-json\/wp\/v2\/media\/8795"}],"wp:attachment":[{"href":"https:\/\/insulation.trocellen.com\/fr\/wp-json\/wp\/v2\/media?parent=4307"}],"curies":[{"name":"wp","href":"https:\/\/api.w.org\/{rel}","templated":true}]}}