{"id":4260,"date":"2013-12-16T10:31:25","date_gmt":"2013-12-16T10:31:25","guid":{"rendered":"https:\/\/insulation-new.trocellen.com\/assurance-qualite\/"},"modified":"2025-01-07T11:30:11","modified_gmt":"2025-01-07T11:30:11","slug":"assurance-qualite","status":"publish","type":"page","link":"https:\/\/insulation.trocellen.com\/fr\/assurance-qualite\/","title":{"rendered":"Assurance qualit\u00e9"},"content":{"rendered":"\n<p>Afin de garantir la fourniture de produits et de services stables et performants, Trocellen accorde une attention particuli\u00e8re \u00e0 l\u2019assurance qualit\u00e9. Nous nous effor\u00e7ons \u00e0 suivre et \u00e0 am\u00e9liorer l\u2019ensemble de nos processus de production, de gestion et de service client\u00e8le. Nous faisons notre mieux pour d\u00e9velopper en permanence tous les domaines qui peuvent influencer la qualit\u00e9 de nos produits et de nos services et avoir un effet positif sur la satisfaction de nos partenaires et de nos clients. Afin de r\u00e9pondre \u00e0 leur attentes, nous effectuons des sondages de satisfaction de la client\u00e8le en encourageant aussi bien nos collaborateurs que nos partenaires \u00e0 maintenir une communication ouverte et honn\u00eate.<\/p>\n\n\n\n<p>Vous pouvez trouver ci-dessous la liste des certificats ISO accord\u00e9s aux sites Trocellen. Pour consulter le document, veuillez cliquer sur le lien.<\/p>\n\n\n<table id=\"quality-table\" class=\"green-table\">\n<tbody>\n<tr>\n<th style=\"text-align: left;\" colspan=\"4\">\n<h2>ISCC PLUS certificate<\/h2>\n<\/th>\n<\/tr>\n<tr>\n<td style=\"text-align: left;\">Trocellen Italia SpA<\/td>\n<td>Italy,<br \/>Caponago plant 1<\/td>\n<td><a href=\"https:\/\/trocellen.com\/wp-content\/uploads\/2024\/05\/ISCC_PLUS_certificate_3070_TROCELLEN-p1.pdf\" target=\"_blank\" rel=\"noopener\">International Sustainability and<br \/>Carbon Certification<\/a><\/td>\n<td>English<\/td>\n<\/tr>\n<tr>\n<td style=\"text-align: left;\">Trocellen Italia SpA<\/td>\n<td>Italy,<br \/>Caponago plant 2<\/td>\n<td><a href=\"https:\/\/trocellen.com\/wp-content\/uploads\/2024\/05\/ISCC_PLUS_certificate_3071_TROCELLEN-p2.pdf\" target=\"_blank\" rel=\"noopener\">International Sustainability and<br \/>Carbon Certification<\/a><\/td>\n<td>English<\/td>\n<\/tr>\n<tr>\n<td style=\"text-align: left;\">Trocellen Italia SpA<\/td>\n<td>Italy,<br \/>Volpago plant<\/td>\n<td><a href=\"https:\/\/go.insulation.trocellen.com\/ISCC_PLUS_certificate_2125_pdf\" target=\"_blank\" rel=\"noopener\">International Sustainability and<br \/>Carbon Certification<\/a><\/td>\n<td>English<\/td>\n<\/tr>\n<tr>\n<td style=\"text-align: left;\">Trocellen GmbH<\/td>\n<td>Germany<\/td>\n<td><a href=\"https:\/\/trocellen.com\/wp-content\/uploads\/2025\/01\/ISCC-Plus-certificate_20241227.pdf\" target=\"_blank\" rel=\"noopener\">ISCC Plus Certificate<\/a><\/td>\n<td>English<\/td>\n<\/tr>\n<tr>\n<th style=\"text-align: left;\" colspan=\"4\">\n<h2>BS OHSAS 18001<\/h2>\n<\/th>\n<\/tr>\n<tr>\n<td style=\"text-align: left;\">Trocellen Italia SpA<\/td>\n<td>Italy<\/td>\n<td>Occupational Health and<br \/>Safety Management Systems<\/td>\n<td>English\u00a0<\/td>\n<\/tr>\n<tr>\n<th style=\"text-align: left;\" colspan=\"4\">\n<h2>ISO 9001<\/h2>\n<\/th>\n<\/tr>\n<tr>\n<td style=\"text-align: left;\">Trocellen GmbH<\/td>\n<td>Germany<\/td>\n<td><a href=\"https:\/\/go.insulation.trocellen.com\/TROCELLEN-GmbH-CERTIFICATE-englisch-2022-12-11-QM15_pdf\" target=\"_blank\" rel=\"noopener\">ISO 9001 \u2013 QM15<\/a><\/td>\n<td>English<\/td>\n<\/tr>\n<tr>\n<td style=\"text-align: left;\">Trocellen GmbH<\/td>\n<td>Germany<\/td>\n<td><a href=\"https:\/\/go.insulation.trocellen.com\/TROCELLEN-GmbH-CERTIFICATE-deutsch-2022-12-11-QM15_pdf\" target=\"_blank\" rel=\"noopener\">ISO 9001 \u2013 QM15<\/a><\/td>\n<td>German<\/td>\n<\/tr>\n<tr>\n<td style=\"text-align: left;\">Trocellen Iberica<\/td>\n<td>Spain<\/td>\n<td><a href=\"https:\/\/trocellen.com\/wp-content\/uploads\/2013\/12\/CERT_0.04.18022-TROCELLEN-IB\u00c9RICA-S.A.-.pdf\" target=\"_blank\" rel=\"noopener\">ISO 9001<\/a><\/td>\n<td>Spanish-English-French<\/td>\n<\/tr>\n<tr>\n<td style=\"text-align: left;\">Trocellen Italia SpA<\/td>\n<td>Italy<\/td>\n<td><a href=\"https:\/\/go.insulation.trocellen.com\/Certificato-SQ-UNI-EN-ISO-9001-2015-128-TROCELLEN-ITALIA-SPA-combined_pdf\" target=\"_blank\" rel=\"noopener\">ISO 9001<\/a><\/td>\n<td>Italian-English<\/td>\n<\/tr>\n<tr>\n<td style=\"text-align: left;\">Trocellen S.E.A.<\/td>\n<td>Malaysia<\/td>\n<td><a href=\"https:\/\/trocellen.com\/wp-content\/uploads\/2013\/12\/ISO-9001-2015-certificate_2020-2023.pdf\" target=\"_blank\" rel=\"noopener\">ISO 9001<\/a><\/td>\n<td>English<\/td>\n<\/tr>\n<tr>\n<td style=\"text-align: left;\">Polifoam Kft.<\/td>\n<td>Hungary<\/td>\n<td><a href=\"https:\/\/go.insulation.trocellen.com\/Polifoam_QMS_2017_main_certificate_EN_scan_pdf\" target=\"_blank\" rel=\"noopener\">ISO 9001 &#8211; QMS<\/a><\/td>\n<td>English<\/td>\n<\/tr>\n<tr>\n<td style=\"text-align: left;\">Polifoam Kft.<\/td>\n<td>Hungary<\/td>\n<td><a href=\"https:\/\/go.insulation.trocellen.com\/Polifoam_QMS_2017_main_certificate_HU_scan_pdf\" target=\"_blank\" rel=\"noopener\">ISO 9001 &#8211; QMS<\/a><\/td>\n<td>Hungarian<\/td>\n<\/tr>\n<tr>\n<th style=\"text-align: left;\" colspan=\"4\">\n<h2>ISO 50001<\/h2>\n<\/th>\n<\/tr>\n<tr>\n<td style=\"text-align: left;\">Trocellen GmbH<\/td>\n<td>Germany<\/td>\n<td><a href=\"https:\/\/go.trocellen.com\/TROCELLEN-GmbH-CERTIFICATE-Englisch-2023-12-30-EMSt21_pdf\" target=\"_blank\" rel=\"noopener\">ISO 50001 &#8211; EMST<\/a><\/td>\n<td>English<\/td>\n<\/tr>\n<tr>\n<td style=\"text-align: left;\">Trocellen GmbH<\/td>\n<td>Germany<\/td>\n<td><a href=\"https:\/\/go.insulation.trocellen.com\/003604-TROCELLEN-GmbH-certificate-Deutsch-2017-12-30-EMSt14_pdf\" target=\"_blank\" rel=\"noopener\">ISO 50001 &#8211; EMST<\/a><\/td>\n<td>German<\/td>\n<\/tr>\n<tr>\n<td style=\"text-align: left;\">Polifoam Kft.<\/td>\n<td>Hungary<\/td>\n<td>ISO 50001<\/td>\n<td>English-Hungarian<\/td>\n<\/tr>\n<tr>\n<td style=\"text-align: left;\">Trocellen Italia spa<\/td>\n<td>Italy<\/td>\n<td><a href=\"https:\/\/insulation.trocellen.com\/wp-content\/uploads\/sites\/6\/2024\/11\/Certificato-UNI-CEI-EN-ISO-50001-2018-3-TROCELLEN-ITALIA-SPA.pdf\n\" target=\"_blank\" rel=\"noopener\">ISO 50001:2018 IIP<\/a><\/td>\n<td>Italian-English<\/td>\n<\/tr>\n<tr>\n<td style=\"text-align: left;\">Trocellen Italia spa<\/td>\n<td>Italy<\/td>\n<td><a href=\"https:\/\/insulation.trocellen.com\/wp-content\/uploads\/sites\/6\/2024\/11\/IQNET.pdf\" target=\"_blank\" rel=\"noopener\">ISO 50001:2018 IQNET<\/a><\/td>\n<td>English<\/td>\n<\/tr>\n<tr>\n<th style=\"text-align: left;\" colspan=\"4\">\n<h2>ISO-TS 16949<\/h2>\n<\/th>\n<\/tr>\n<tr>\n<td style=\"text-align: left;\">Polifoam Kft.<\/td>\n<td>Hungary<\/td>\n<td><a href=\"https:\/\/go.insulation.trocellen.com\/ISO-TS-16949-POLIFOAM_2017_eng_hun_pdf\">ISO-TS 16949<\/a><\/td>\n<td>English-Hungarian<\/td>\n<\/tr>\n<tr>\n<th style=\"text-align: left;\" colspan=\"4\">\n<h2>ISO 14001<\/h2>\n<\/th>\n<\/tr>\n<tr>\n<td style=\"text-align: left;\">Trocellen Italia SpA.<\/td>\n<td>Italy<\/td>\n<td><a href=\"https:\/\/insulation.trocellen.com\/wp-content\/uploads\/sites\/6\/2024\/11\/Certificato-UNI-CEI-EN-ISO-50001-2018-3-TROCELLEN-ITALIA-SPA.pdf\" target=\"_blank\" rel=\"noopener\">ISO 14001:2015 IIP<\/a><\/td>\n<td>Italian<\/td>\n<\/tr>\n<tr>\n<td style=\"text-align: left;\">Trocellen Italia SpA.<\/td>\n<td>Italy<\/td>\n<td><a href=\"https:\/\/insulation.trocellen.com\/wp-content\/uploads\/sites\/6\/2024\/11\/IQNET.pdf\" target=\"_blank\" rel=\"noopener\">ISO 14001:2015 IQNET<\/a><\/td>\n<td>Italian<\/td>\n<\/tr>\n<tr>\n<td style=\"text-align: left;\">Polifoam Kft.<\/td>\n<td>Hungary<\/td>\n<td><a href=\"https:\/\/go.insulation.trocellen.com\/ISO-14001-Polifoam_EMS_2017_main_certificate_DAKKS_eng_pdf\">ISO 14001 &#8211; DAKKS<\/a><\/td>\n<td>English<\/td>\n<\/tr>\n<tr>\n<td style=\"text-align: left;\">Polifoam Kft.<\/td>\n<td>Hungary<\/td>\n<td><a href=\"https:\/\/go.insulation.trocellen.com\/ISO-14001-Polifoam_EMS_2017_main_certificate_DAKKS_hun_pdf\">ISO 14001 &#8211; DAKKS<\/a><\/td>\n<td>Hungarian<\/td>\n<\/tr>\n<tr>\n<th style=\"text-align: left;\" colspan=\"4\">\n<h2>\u00d6KO-TEX<\/h2>\n<\/th>\n<\/tr>\n<tr>\n<td style=\"text-align: left;\">Polifoam Kft.<\/td>\n<td>Hungary<\/td>\n<td><a href=\"https:\/\/go.insulation.trocellen.com\/OEKO-TEX-STEP-Polifoam-1_pdf\">\u00d6KO-TEX-STEP<\/a><br \/><a href=\"https:\/\/go.insulation.trocellen.com\/OEKO-TEX-STEP-Polifoam-2_pdf\">\u00d6KO-TEX-STEP<\/a><\/td>\n<td>English 1<br \/>English 2\u00a0<\/td>\n<\/tr>\n<\/tbody>\n<\/table>","protected":false},"excerpt":{"rendered":"<p>Afin de garantir la fourniture de produits et de services stables et performants, Trocellen accorde une attention particuli\u00e8re \u00e0 l\u2019assurance qualit\u00e9. Nous nous effor\u00e7ons \u00e0 suivre et \u00e0 am\u00e9liorer l\u2019ensemble de nos processus de production, de gestion et de service client\u00e8le. Nous faisons notre mieux pour d\u00e9velopper en permanence tous les domaines qui peuvent influencer [&hellip;]<\/p>\n","protected":false},"author":1,"featured_media":8783,"parent":0,"menu_order":600,"comment_status":"open","ping_status":"closed","template":"","meta":{"_acf_changed":false,"footnotes":""},"class_list":["post-4260","page","type-page","status-publish","has-post-thumbnail","hentry"],"acf":[],"yoast_head":"<!-- This site is optimized with the Yoast SEO plugin v23.5 - https:\/\/yoast.com\/wordpress\/plugins\/seo\/ -->\n<title>Engagement de Trocellen envers la qualit\u00e9 et documents<\/title>\n<meta name=\"description\" content=\"Trocellen accorde une attention particuli\u00e8re \u00e0 l\u2019assurance qualit\u00e9\u00a0: ISCC PLUS, BS OHSAS 18001, ISO 9001, ISO 14001, ISO 50001, ISO-TS 16949, \u00d6KO-TEX\" \/>\n<meta name=\"robots\" content=\"index, follow, max-snippet:-1, max-image-preview:large, max-video-preview:-1\" \/>\n<link rel=\"canonical\" href=\"https:\/\/insulation.trocellen.com\/fr\/assurance-qualite\/\" \/>\n<meta property=\"og:locale\" content=\"fr_FR\" \/>\n<meta property=\"og:type\" content=\"article\" \/>\n<meta property=\"og:title\" content=\"Engagement de Trocellen envers la qualit\u00e9 et documents\" \/>\n<meta property=\"og:description\" content=\"Trocellen accorde une attention particuli\u00e8re \u00e0 l\u2019assurance qualit\u00e9\u00a0: ISCC PLUS, BS OHSAS 18001, ISO 9001, ISO 14001, ISO 50001, ISO-TS 16949, \u00d6KO-TEX\" \/>\n<meta property=\"og:url\" content=\"https:\/\/insulation.trocellen.com\/fr\/assurance-qualite\/\" \/>\n<meta property=\"og:site_name\" content=\"Trocellen Insulation\" \/>\n<meta property=\"article:modified_time\" content=\"2025-01-07T11:30:11+00:00\" \/>\n<meta property=\"og:image\" content=\"https:\/\/insulation.trocellen.com\/wp-content\/uploads\/sites\/6\/2023\/05\/quality-fejlec.jpg\" \/>\n\t<meta property=\"og:image:width\" content=\"1920\" \/>\n\t<meta property=\"og:image:height\" content=\"300\" \/>\n\t<meta property=\"og:image:type\" content=\"image\/jpeg\" \/>\n<meta name=\"twitter:card\" content=\"summary_large_image\" \/>\n<meta name=\"twitter:label1\" content=\"Dur\u00e9e de lecture estim\u00e9e\" \/>\n\t<meta name=\"twitter:data1\" content=\"2 minutes\" \/>\n<script type=\"application\/ld+json\" class=\"yoast-schema-graph\">{\"@context\":\"https:\/\/schema.org\",\"@graph\":[{\"@type\":\"WebPage\",\"@id\":\"https:\/\/insulation.trocellen.com\/fr\/assurance-qualite\/\",\"url\":\"https:\/\/insulation.trocellen.com\/fr\/assurance-qualite\/\",\"name\":\"Engagement de Trocellen envers la qualit\u00e9 et documents\",\"isPartOf\":{\"@id\":\"https:\/\/insulation.trocellen.com\/fr\/#website\"},\"primaryImageOfPage\":{\"@id\":\"https:\/\/insulation.trocellen.com\/fr\/assurance-qualite\/#primaryimage\"},\"image\":{\"@id\":\"https:\/\/insulation.trocellen.com\/fr\/assurance-qualite\/#primaryimage\"},\"thumbnailUrl\":\"https:\/\/insulation.trocellen.com\/wp-content\/uploads\/sites\/6\/2023\/05\/quality-fejlec.jpg\",\"datePublished\":\"2013-12-16T10:31:25+00:00\",\"dateModified\":\"2025-01-07T11:30:11+00:00\",\"description\":\"Trocellen accorde une attention particuli\u00e8re \u00e0 l\u2019assurance qualit\u00e9\u00a0: ISCC PLUS, BS OHSAS 18001, ISO 9001, ISO 14001, ISO 50001, ISO-TS 16949, \u00d6KO-TEX\",\"breadcrumb\":{\"@id\":\"https:\/\/insulation.trocellen.com\/fr\/assurance-qualite\/#breadcrumb\"},\"inLanguage\":\"fr-FR\",\"potentialAction\":[{\"@type\":\"ReadAction\",\"target\":[\"https:\/\/insulation.trocellen.com\/fr\/assurance-qualite\/\"]}]},{\"@type\":\"ImageObject\",\"inLanguage\":\"fr-FR\",\"@id\":\"https:\/\/insulation.trocellen.com\/fr\/assurance-qualite\/#primaryimage\",\"url\":\"https:\/\/insulation.trocellen.com\/wp-content\/uploads\/sites\/6\/2023\/05\/quality-fejlec.jpg\",\"contentUrl\":\"https:\/\/insulation.trocellen.com\/wp-content\/uploads\/sites\/6\/2023\/05\/quality-fejlec.jpg\",\"width\":1920,\"height\":300},{\"@type\":\"BreadcrumbList\",\"@id\":\"https:\/\/insulation.trocellen.com\/fr\/assurance-qualite\/#breadcrumb\",\"itemListElement\":[{\"@type\":\"ListItem\",\"position\":1,\"name\":\"Home\",\"item\":\"https:\/\/insulation.trocellen.com\/fr\/\"},{\"@type\":\"ListItem\",\"position\":2,\"name\":\"Assurance qualit\u00e9\"}]},{\"@type\":\"WebSite\",\"@id\":\"https:\/\/insulation.trocellen.com\/fr\/#website\",\"url\":\"https:\/\/insulation.trocellen.com\/fr\/\",\"name\":\"Trocellen Insulation\",\"description\":\"\",\"potentialAction\":[{\"@type\":\"SearchAction\",\"target\":{\"@type\":\"EntryPoint\",\"urlTemplate\":\"https:\/\/insulation.trocellen.com\/fr\/?s={search_term_string}\"},\"query-input\":{\"@type\":\"PropertyValueSpecification\",\"valueRequired\":true,\"valueName\":\"search_term_string\"}}],\"inLanguage\":\"fr-FR\"}]}<\/script>\n<!-- \/ Yoast SEO plugin. -->","yoast_head_json":{"title":"Engagement de Trocellen envers la qualit\u00e9 et documents","description":"Trocellen accorde une attention particuli\u00e8re \u00e0 l\u2019assurance qualit\u00e9\u00a0: ISCC PLUS, BS OHSAS 18001, ISO 9001, ISO 14001, ISO 50001, ISO-TS 16949, \u00d6KO-TEX","robots":{"index":"index","follow":"follow","max-snippet":"max-snippet:-1","max-image-preview":"max-image-preview:large","max-video-preview":"max-video-preview:-1"},"canonical":"https:\/\/insulation.trocellen.com\/fr\/assurance-qualite\/","og_locale":"fr_FR","og_type":"article","og_title":"Engagement de Trocellen envers la qualit\u00e9 et documents","og_description":"Trocellen accorde une attention particuli\u00e8re \u00e0 l\u2019assurance qualit\u00e9\u00a0: ISCC PLUS, BS OHSAS 18001, ISO 9001, ISO 14001, ISO 50001, ISO-TS 16949, \u00d6KO-TEX","og_url":"https:\/\/insulation.trocellen.com\/fr\/assurance-qualite\/","og_site_name":"Trocellen Insulation","article_modified_time":"2025-01-07T11:30:11+00:00","og_image":[{"width":1920,"height":300,"url":"https:\/\/insulation.trocellen.com\/wp-content\/uploads\/sites\/6\/2023\/05\/quality-fejlec.jpg","type":"image\/jpeg"}],"twitter_card":"summary_large_image","twitter_misc":{"Dur\u00e9e de lecture estim\u00e9e":"2 minutes"},"schema":{"@context":"https:\/\/schema.org","@graph":[{"@type":"WebPage","@id":"https:\/\/insulation.trocellen.com\/fr\/assurance-qualite\/","url":"https:\/\/insulation.trocellen.com\/fr\/assurance-qualite\/","name":"Engagement de Trocellen envers la qualit\u00e9 et documents","isPartOf":{"@id":"https:\/\/insulation.trocellen.com\/fr\/#website"},"primaryImageOfPage":{"@id":"https:\/\/insulation.trocellen.com\/fr\/assurance-qualite\/#primaryimage"},"image":{"@id":"https:\/\/insulation.trocellen.com\/fr\/assurance-qualite\/#primaryimage"},"thumbnailUrl":"https:\/\/insulation.trocellen.com\/wp-content\/uploads\/sites\/6\/2023\/05\/quality-fejlec.jpg","datePublished":"2013-12-16T10:31:25+00:00","dateModified":"2025-01-07T11:30:11+00:00","description":"Trocellen accorde une attention particuli\u00e8re \u00e0 l\u2019assurance qualit\u00e9\u00a0: ISCC PLUS, BS OHSAS 18001, ISO 9001, ISO 14001, ISO 50001, ISO-TS 16949, \u00d6KO-TEX","breadcrumb":{"@id":"https:\/\/insulation.trocellen.com\/fr\/assurance-qualite\/#breadcrumb"},"inLanguage":"fr-FR","potentialAction":[{"@type":"ReadAction","target":["https:\/\/insulation.trocellen.com\/fr\/assurance-qualite\/"]}]},{"@type":"ImageObject","inLanguage":"fr-FR","@id":"https:\/\/insulation.trocellen.com\/fr\/assurance-qualite\/#primaryimage","url":"https:\/\/insulation.trocellen.com\/wp-content\/uploads\/sites\/6\/2023\/05\/quality-fejlec.jpg","contentUrl":"https:\/\/insulation.trocellen.com\/wp-content\/uploads\/sites\/6\/2023\/05\/quality-fejlec.jpg","width":1920,"height":300},{"@type":"BreadcrumbList","@id":"https:\/\/insulation.trocellen.com\/fr\/assurance-qualite\/#breadcrumb","itemListElement":[{"@type":"ListItem","position":1,"name":"Home","item":"https:\/\/insulation.trocellen.com\/fr\/"},{"@type":"ListItem","position":2,"name":"Assurance qualit\u00e9"}]},{"@type":"WebSite","@id":"https:\/\/insulation.trocellen.com\/fr\/#website","url":"https:\/\/insulation.trocellen.com\/fr\/","name":"Trocellen Insulation","description":"","potentialAction":[{"@type":"SearchAction","target":{"@type":"EntryPoint","urlTemplate":"https:\/\/insulation.trocellen.com\/fr\/?s={search_term_string}"},"query-input":{"@type":"PropertyValueSpecification","valueRequired":true,"valueName":"search_term_string"}}],"inLanguage":"fr-FR"}]}},"_links":{"self":[{"href":"https:\/\/insulation.trocellen.com\/fr\/wp-json\/wp\/v2\/pages\/4260","targetHints":{"allow":["GET"]}}],"collection":[{"href":"https:\/\/insulation.trocellen.com\/fr\/wp-json\/wp\/v2\/pages"}],"about":[{"href":"https:\/\/insulation.trocellen.com\/fr\/wp-json\/wp\/v2\/types\/page"}],"author":[{"embeddable":true,"href":"https:\/\/insulation.trocellen.com\/fr\/wp-json\/wp\/v2\/users\/1"}],"replies":[{"embeddable":true,"href":"https:\/\/insulation.trocellen.com\/fr\/wp-json\/wp\/v2\/comments?post=4260"}],"version-history":[{"count":14,"href":"https:\/\/insulation.trocellen.com\/fr\/wp-json\/wp\/v2\/pages\/4260\/revisions"}],"predecessor-version":[{"id":10987,"href":"https:\/\/insulation.trocellen.com\/fr\/wp-json\/wp\/v2\/pages\/4260\/revisions\/10987"}],"wp:featuredmedia":[{"embeddable":true,"href":"https:\/\/insulation.trocellen.com\/fr\/wp-json\/wp\/v2\/media\/8783"}],"wp:attachment":[{"href":"https:\/\/insulation.trocellen.com\/fr\/wp-json\/wp\/v2\/media?parent=4260"}],"curies":[{"name":"wp","href":"https:\/\/api.w.org\/{rel}","templated":true}]}}