{"id":4255,"date":"2013-12-12T18:24:13","date_gmt":"2013-12-12T18:24:13","guid":{"rendered":"https:\/\/insulation-new.trocellen.com\/isolation\/"},"modified":"2013-12-12T18:24:13","modified_gmt":"2013-12-12T18:24:13","slug":"isolation","status":"publish","type":"page","link":"https:\/\/insulation.trocellen.com\/fr\/isolation\/","title":{"rendered":"Isolation"},"content":{"rendered":"<p>Construction et am\u00e9nagement int\u00e9rieur<\/p>\n<p>Un espace individuel r\u00e9confortant <!--more--><\/p>\n<p>Les gens ont tendance \u00e0 passer la plupart de leur vie dans des int\u00e9rieurs. Que ce soit \u00e0 la maison, au travail, ou \u00e0 tout autre lieu d&rsquo;\u00e9tudes, d&rsquo;entra\u00eenement, de rencontres, d&rsquo;amusement ou de d\u00e9tente, chacun de nous a besoin d&rsquo;un espace au confort maximal. Car chacun veut vivre et agir sans jamais \u00eatre d\u00e9rang\u00e9 ou menac\u00e9.<\/p>\n<p>Notre passion est le confort des individus. Une passion que nous vivons dans sa totalit\u00e9.<\/p>\n<p>Nous \u00e9quipons \u00e9tablissements de soins, bureaux, centres de r\u00e9cr\u00e9ation et tout type d&rsquo;espace clos, de nos solutions d&rsquo;isolation. Dans l&rsquo;int\u00e9r\u00eat des individus, nous les prot\u00e9geons contre<\/p>\n<ul>\n<li>la perte de chaleur et le surchauffement<\/li>\n<li>les bruits d\u00e9rangeants<\/li>\n<li>toute nuisance&#8230; ou contre la monotonie.<\/li>\n<\/ul>\n<p>Notre but est de contribuer \u00e0 la conception d&rsquo;un endroit agr\u00e9able, capable de tranquilliser l&rsquo;\u00e2me, relaxer l&rsquo;esprit et combler les sens.<\/p>\n<p>Nous conjuguons un arri\u00e8re-plan technologique ferme avec une vaste exp\u00e9rience d\u00e9riv\u00e9e du pass\u00e9 et l&rsquo;ambition de lancer des solutions flambant neuves et efficaces pour l&rsquo;industrie de construction. Gr\u00e2ce \u00e0 la contribution de nos talentueux ing\u00e9nieurs, nous proposons \u00e0 nos partenaires un support technique continu, assurant les meilleures solutions pour les applications demand\u00e9es.<\/p>\n<p>A travers nos solutions, nous nous engageons \u00e0 la protection des ressources naturelles et \u00e0 l&rsquo;\u00e9conomie d&rsquo;\u00e9nergie. Nous agissons en consid\u00e9rant aussi bien les besoins des individus que ceux de l&rsquo;environnement.<\/p>\n","protected":false},"excerpt":{"rendered":"<p>Construction et am\u00e9nagement int\u00e9rieur Un espace individuel r\u00e9confortant<\/p>\n","protected":false},"author":1,"featured_media":0,"parent":0,"menu_order":4900,"comment_status":"open","ping_status":"closed","template":"","meta":{"_acf_changed":false,"footnotes":""},"class_list":["post-4255","page","type-page","status-publish","hentry"],"acf":[],"yoast_head":"<!-- This site is optimized with the Yoast SEO plugin v23.5 - https:\/\/yoast.com\/wordpress\/plugins\/seo\/ -->\n<title>Isolation - Trocellen Insulation<\/title>\n<meta name=\"robots\" content=\"index, follow, max-snippet:-1, max-image-preview:large, max-video-preview:-1\" \/>\n<link rel=\"canonical\" href=\"https:\/\/insulation.trocellen.com\/fr\/isolation\/\" \/>\n<meta property=\"og:locale\" content=\"fr_FR\" \/>\n<meta property=\"og:type\" content=\"article\" \/>\n<meta property=\"og:title\" content=\"Isolation - Trocellen Insulation\" \/>\n<meta property=\"og:description\" content=\"Construction et am\u00e9nagement int\u00e9rieur Un espace individuel r\u00e9confortant\" \/>\n<meta property=\"og:url\" content=\"https:\/\/insulation.trocellen.com\/fr\/isolation\/\" \/>\n<meta property=\"og:site_name\" content=\"Trocellen Insulation\" \/>\n<meta name=\"twitter:card\" content=\"summary_large_image\" \/>\n<meta name=\"twitter:label1\" content=\"Dur\u00e9e de lecture estim\u00e9e\" \/>\n\t<meta name=\"twitter:data1\" content=\"1 minute\" \/>\n<script type=\"application\/ld+json\" class=\"yoast-schema-graph\">{\"@context\":\"https:\/\/schema.org\",\"@graph\":[{\"@type\":\"WebPage\",\"@id\":\"https:\/\/insulation.trocellen.com\/fr\/isolation\/\",\"url\":\"https:\/\/insulation.trocellen.com\/fr\/isolation\/\",\"name\":\"Isolation - Trocellen Insulation\",\"isPartOf\":{\"@id\":\"https:\/\/insulation.trocellen.com\/fr\/#website\"},\"datePublished\":\"2013-12-12T18:24:13+00:00\",\"dateModified\":\"2013-12-12T18:24:13+00:00\",\"breadcrumb\":{\"@id\":\"https:\/\/insulation.trocellen.com\/fr\/isolation\/#breadcrumb\"},\"inLanguage\":\"fr-FR\",\"potentialAction\":[{\"@type\":\"ReadAction\",\"target\":[\"https:\/\/insulation.trocellen.com\/fr\/isolation\/\"]}]},{\"@type\":\"BreadcrumbList\",\"@id\":\"https:\/\/insulation.trocellen.com\/fr\/isolation\/#breadcrumb\",\"itemListElement\":[{\"@type\":\"ListItem\",\"position\":1,\"name\":\"Home\",\"item\":\"https:\/\/insulation.trocellen.com\/fr\/\"},{\"@type\":\"ListItem\",\"position\":2,\"name\":\"Isolation\"}]},{\"@type\":\"WebSite\",\"@id\":\"https:\/\/insulation.trocellen.com\/fr\/#website\",\"url\":\"https:\/\/insulation.trocellen.com\/fr\/\",\"name\":\"Trocellen Insulation\",\"description\":\"\",\"potentialAction\":[{\"@type\":\"SearchAction\",\"target\":{\"@type\":\"EntryPoint\",\"urlTemplate\":\"https:\/\/insulation.trocellen.com\/fr\/?s={search_term_string}\"},\"query-input\":{\"@type\":\"PropertyValueSpecification\",\"valueRequired\":true,\"valueName\":\"search_term_string\"}}],\"inLanguage\":\"fr-FR\"}]}<\/script>\n<!-- \/ Yoast SEO plugin. -->","yoast_head_json":{"title":"Isolation - Trocellen Insulation","robots":{"index":"index","follow":"follow","max-snippet":"max-snippet:-1","max-image-preview":"max-image-preview:large","max-video-preview":"max-video-preview:-1"},"canonical":"https:\/\/insulation.trocellen.com\/fr\/isolation\/","og_locale":"fr_FR","og_type":"article","og_title":"Isolation - Trocellen Insulation","og_description":"Construction et am\u00e9nagement int\u00e9rieur Un espace individuel r\u00e9confortant","og_url":"https:\/\/insulation.trocellen.com\/fr\/isolation\/","og_site_name":"Trocellen Insulation","twitter_card":"summary_large_image","twitter_misc":{"Dur\u00e9e de lecture estim\u00e9e":"1 minute"},"schema":{"@context":"https:\/\/schema.org","@graph":[{"@type":"WebPage","@id":"https:\/\/insulation.trocellen.com\/fr\/isolation\/","url":"https:\/\/insulation.trocellen.com\/fr\/isolation\/","name":"Isolation - Trocellen Insulation","isPartOf":{"@id":"https:\/\/insulation.trocellen.com\/fr\/#website"},"datePublished":"2013-12-12T18:24:13+00:00","dateModified":"2013-12-12T18:24:13+00:00","breadcrumb":{"@id":"https:\/\/insulation.trocellen.com\/fr\/isolation\/#breadcrumb"},"inLanguage":"fr-FR","potentialAction":[{"@type":"ReadAction","target":["https:\/\/insulation.trocellen.com\/fr\/isolation\/"]}]},{"@type":"BreadcrumbList","@id":"https:\/\/insulation.trocellen.com\/fr\/isolation\/#breadcrumb","itemListElement":[{"@type":"ListItem","position":1,"name":"Home","item":"https:\/\/insulation.trocellen.com\/fr\/"},{"@type":"ListItem","position":2,"name":"Isolation"}]},{"@type":"WebSite","@id":"https:\/\/insulation.trocellen.com\/fr\/#website","url":"https:\/\/insulation.trocellen.com\/fr\/","name":"Trocellen Insulation","description":"","potentialAction":[{"@type":"SearchAction","target":{"@type":"EntryPoint","urlTemplate":"https:\/\/insulation.trocellen.com\/fr\/?s={search_term_string}"},"query-input":{"@type":"PropertyValueSpecification","valueRequired":true,"valueName":"search_term_string"}}],"inLanguage":"fr-FR"}]}},"_links":{"self":[{"href":"https:\/\/insulation.trocellen.com\/fr\/wp-json\/wp\/v2\/pages\/4255","targetHints":{"allow":["GET"]}}],"collection":[{"href":"https:\/\/insulation.trocellen.com\/fr\/wp-json\/wp\/v2\/pages"}],"about":[{"href":"https:\/\/insulation.trocellen.com\/fr\/wp-json\/wp\/v2\/types\/page"}],"author":[{"embeddable":true,"href":"https:\/\/insulation.trocellen.com\/fr\/wp-json\/wp\/v2\/users\/1"}],"replies":[{"embeddable":true,"href":"https:\/\/insulation.trocellen.com\/fr\/wp-json\/wp\/v2\/comments?post=4255"}],"version-history":[{"count":0,"href":"https:\/\/insulation.trocellen.com\/fr\/wp-json\/wp\/v2\/pages\/4255\/revisions"}],"wp:attachment":[{"href":"https:\/\/insulation.trocellen.com\/fr\/wp-json\/wp\/v2\/media?parent=4255"}],"curies":[{"name":"wp","href":"https:\/\/api.w.org\/{rel}","templated":true}]}}