{"id":4249,"date":"2013-12-12T17:28:49","date_gmt":"2013-12-12T17:28:49","guid":{"rendered":"https:\/\/insulation-new.trocellen.com\/miroir-thermique\/"},"modified":"2024-04-08T09:23:57","modified_gmt":"2024-04-08T09:23:57","slug":"miroir-thermique","status":"publish","type":"page","link":"https:\/\/insulation.trocellen.com\/fr\/applications\/design-et-interieur\/miroir-thermique\/","title":{"rendered":"Miroir thermique"},"content":{"rendered":"<p><img loading=\"lazy\" decoding=\"async\" class=\"size-medium wp-image-104 alignright\" src=\"https:\/\/insulation.trocellen.com\/wp-content\/uploads\/sites\/6\/2013\/12\/heatmirror-201x300.png\" alt=\"heatmirror\" width=\"201\" height=\"300\"><\/p>\n<ul>\n<li>r\u00e9duction des pertes de chaleur derri\u00e8re les radiateurs dans les b\u00e2timents<\/li>\n<li>r\u00e9flection de chaleur ultra efficace avec isolation thermique<\/li>\n<li>\u00e9conomique<\/li>\n<li>de longue dur\u00e9e<\/li>\n<li>solution simple, pratiquement invisible<\/li>\n<\/ul>\n<h2>Avantages<\/h2>\n<ul>\n<li>D&rsquo;importantes \u00e9conomies sur les co\u00fbts du chauffage<\/li>\n<li>Solutions sur mesure, sur le champ<\/li>\n<li>Rapport co\u00fbt\/avantage optimal<\/li>\n<li>Applications possibles dans l&rsquo;industrie et dans le m\u00e9nage<\/li>\n<li>S\u00fbr &#8211; non toxique, antiallerg\u00e9nique, r\u00e9sistant aux moisissures<\/li>\n<li>Facile \u00e0 installer: mat\u00e9riau flexible et l\u00e9ger<\/li>\n<li>Utilisation et stockage faciles<\/li>\n<\/ul>\n<p><strong>Important!<\/strong> A ne jamais utiliser derri\u00e8re des \u00e9quipements de chauffage au gaz! Le miroir thermique peut s&rsquo;enflammer.<\/p>\n<h2>Mat\u00e9riau, sp\u00e9cification<\/h2>\n<ul>\n<li>Mat\u00e9riau de base: mousse PE r\u00e9ticul\u00e9e chimiquement, \u00e0 cellules ferm\u00e9es<\/li>\n<li>Enduite: complex\u00e9 avec une feuille r\u00e9fl\u00e9chissante m\u00e9tallis\u00e9e<\/li>\n<li>Densit\u00e9 de la mousse: 30 kg\/m\u00b3<\/li>\n<li>\u00c9paisseur 4 mm<\/li>\n<li>Taille du rouleau: 550 mm x 5 m<\/li>\n<\/ul>\n<h2>Propri\u00e9t\u00e9s<\/h2>\n<ul>\n<li>Livr\u00e9 en rouleaux<\/li>\n<li>Facile \u00e0 installer et \u00e0 convertir<\/li>\n<li>R\u00e9sistance \u00e0 la moisissure, \u00e0 la rouille et aux bact\u00e9ries<\/li>\n<li>Performance thermique constante et durable<\/li>\n<li>Poids l\u00e9ger<\/li>\n<li>Sans CFC, blanchi sans chlore<\/li>\n<li>Ne contient pas de fibres; non toxique, sans formaldehyde, inodore<\/li>\n<\/ul>\n<h2>Instructions d&rsquo;utilisation<\/h2>\n<p>1er \u00e9tape: Mesurez la taille de votre radiateur. D\u00e9coupez le Miroir thermique Trocellen: la taille d\u00e9coup\u00e9e r\u00e9elle ne doit pas exc\u00e9der les 10 mm de chaque c\u00f4t\u00e9 de la taille mesur\u00e9e du radiateur. Marquez les points de fixation.<\/p>\n<p><img loading=\"lazy\" decoding=\"async\" class=\"alignnone size-full wp-image-106 aligncenter\" src=\"https:\/\/insulation.trocellen.com\/wp-content\/uploads\/sites\/6\/2013\/12\/heatmirror1.png\" alt=\"heatmirror1\" width=\"144\" height=\"113\"><\/p>\n<p>2\u00e8me \u00e9tape: R\u00e9pandez la colle sur les deux surfaces: sur le mur nettoy\u00e9 ainsi que sur le c\u00f4t\u00e9 mousse du Miroir thermique. Laissez s\u00e9cher pendant quelques minutes.<\/p>\n<p><img loading=\"lazy\" decoding=\"async\" class=\"alignnone size-full wp-image-101 aligncenter\" src=\"https:\/\/insulation.trocellen.com\/wp-content\/uploads\/sites\/6\/2013\/12\/heatmirror2.png\" alt=\"heatmirror2\" width=\"144\" height=\"113\"><\/p>\n<p>3\u00e8me \u00e9tape : Une fois la colle s\u00e9ch\u00e9e, pressez doucement la surface enti\u00e8re contre le mur.<\/p>\n<p><img loading=\"lazy\" decoding=\"async\" class=\"size-thumbnail wp-image-102 aligncenter\" src=\"https:\/\/insulation.trocellen.com\/wp-content\/uploads\/sites\/6\/2013\/12\/heatmirror3-144x150.png\" alt=\"heatmirror3\" width=\"144\" height=\"150\"><\/p>\n<p>4\u00e8me \u00e9tape: D\u00e9coupez les trous de fixation.<\/p>\n<p><img loading=\"lazy\" decoding=\"async\" class=\"alignnone size-thumbnail wp-image-103 aligncenter\" src=\"https:\/\/insulation.trocellen.com\/wp-content\/uploads\/sites\/6\/2013\/12\/heatmirror4-150x150.png\" alt=\"heatmirror4\" width=\"150\" height=\"150\"><\/p>\n","protected":false},"excerpt":{"rendered":"<p>r\u00e9duction des pertes de chaleur derri\u00e8re les radiateurs dans les b\u00e2timents r\u00e9flection de chaleur ultra efficace avec isolation thermique \u00e9conomique de longue dur\u00e9e solution simple, pratiquement invisible Avantages D&rsquo;importantes \u00e9conomies sur les co\u00fbts du chauffage Solutions sur mesure, sur le champ Rapport co\u00fbt\/avantage optimal Applications possibles dans l&rsquo;industrie et dans le m\u00e9nage S\u00fbr &#8211; non [&hellip;]<\/p>\n","protected":false},"author":1,"featured_media":8893,"parent":4135,"menu_order":300,"comment_status":"open","ping_status":"closed","template":"templates\/applications.php","meta":{"_acf_changed":false,"footnotes":""},"class_list":["post-4249","page","type-page","status-publish","has-post-thumbnail","hentry"],"acf":[],"yoast_head":"<!-- This site is optimized with the Yoast SEO plugin v23.5 - https:\/\/yoast.com\/wordpress\/plugins\/seo\/ -->\n<title>Miroir thermique Trocellen\u00a0: chauffage plus efficace<\/title>\n<meta name=\"description\" content=\"Miroir thermique\u00a0: pour ne pas chauffer les murs, garder l\u2019air chaud \u00e0 l\u2019int\u00e9rieur, am\u00e9liorer le pouvoir chauffant et renvoyer la chaleur vers la chambre.\" \/>\n<meta name=\"robots\" content=\"index, follow, max-snippet:-1, max-image-preview:large, max-video-preview:-1\" \/>\n<link rel=\"canonical\" href=\"https:\/\/insulation.trocellen.com\/fr\/applications\/design-et-interieur\/miroir-thermique\/\" \/>\n<meta property=\"og:locale\" content=\"fr_FR\" \/>\n<meta property=\"og:type\" content=\"article\" \/>\n<meta property=\"og:title\" content=\"Miroir thermique Trocellen\u00a0: chauffage plus efficace\" \/>\n<meta property=\"og:description\" content=\"Miroir thermique\u00a0: pour ne pas chauffer les murs, garder l\u2019air chaud \u00e0 l\u2019int\u00e9rieur, am\u00e9liorer le pouvoir chauffant et renvoyer la chaleur vers la chambre.\" \/>\n<meta property=\"og:url\" content=\"https:\/\/insulation.trocellen.com\/fr\/applications\/design-et-interieur\/miroir-thermique\/\" \/>\n<meta property=\"og:site_name\" content=\"Trocellen Insulation\" \/>\n<meta property=\"article:modified_time\" content=\"2024-04-08T09:23:57+00:00\" \/>\n<meta property=\"og:image\" content=\"https:\/\/insulation.trocellen.com\/wp-content\/uploads\/sites\/6\/2023\/05\/heat-mirror1.jpg\" \/>\n\t<meta property=\"og:image:width\" content=\"1920\" \/>\n\t<meta property=\"og:image:height\" content=\"300\" \/>\n\t<meta property=\"og:image:type\" content=\"image\/jpeg\" \/>\n<meta name=\"twitter:card\" content=\"summary_large_image\" \/>\n<meta name=\"twitter:label1\" content=\"Dur\u00e9e de lecture estim\u00e9e\" \/>\n\t<meta name=\"twitter:data1\" content=\"3 minutes\" \/>\n<script type=\"application\/ld+json\" class=\"yoast-schema-graph\">{\"@context\":\"https:\/\/schema.org\",\"@graph\":[{\"@type\":\"WebPage\",\"@id\":\"https:\/\/insulation.trocellen.com\/fr\/applications\/design-et-interieur\/miroir-thermique\/\",\"url\":\"https:\/\/insulation.trocellen.com\/fr\/applications\/design-et-interieur\/miroir-thermique\/\",\"name\":\"Miroir thermique Trocellen\u00a0: chauffage plus efficace\",\"isPartOf\":{\"@id\":\"https:\/\/insulation.trocellen.com\/fr\/#website\"},\"primaryImageOfPage\":{\"@id\":\"https:\/\/insulation.trocellen.com\/fr\/applications\/design-et-interieur\/miroir-thermique\/#primaryimage\"},\"image\":{\"@id\":\"https:\/\/insulation.trocellen.com\/fr\/applications\/design-et-interieur\/miroir-thermique\/#primaryimage\"},\"thumbnailUrl\":\"https:\/\/insulation.trocellen.com\/wp-content\/uploads\/sites\/6\/2023\/05\/heat-mirror1.jpg\",\"datePublished\":\"2013-12-12T17:28:49+00:00\",\"dateModified\":\"2024-04-08T09:23:57+00:00\",\"description\":\"Miroir thermique\u00a0: pour ne pas chauffer les murs, garder l\u2019air chaud \u00e0 l\u2019int\u00e9rieur, am\u00e9liorer le pouvoir chauffant et renvoyer la chaleur vers la chambre.\",\"breadcrumb\":{\"@id\":\"https:\/\/insulation.trocellen.com\/fr\/applications\/design-et-interieur\/miroir-thermique\/#breadcrumb\"},\"inLanguage\":\"fr-FR\",\"potentialAction\":[{\"@type\":\"ReadAction\",\"target\":[\"https:\/\/insulation.trocellen.com\/fr\/applications\/design-et-interieur\/miroir-thermique\/\"]}]},{\"@type\":\"ImageObject\",\"inLanguage\":\"fr-FR\",\"@id\":\"https:\/\/insulation.trocellen.com\/fr\/applications\/design-et-interieur\/miroir-thermique\/#primaryimage\",\"url\":\"https:\/\/insulation.trocellen.com\/wp-content\/uploads\/sites\/6\/2023\/05\/heat-mirror1.jpg\",\"contentUrl\":\"https:\/\/insulation.trocellen.com\/wp-content\/uploads\/sites\/6\/2023\/05\/heat-mirror1.jpg\",\"width\":1920,\"height\":300},{\"@type\":\"BreadcrumbList\",\"@id\":\"https:\/\/insulation.trocellen.com\/fr\/applications\/design-et-interieur\/miroir-thermique\/#breadcrumb\",\"itemListElement\":[{\"@type\":\"ListItem\",\"position\":1,\"name\":\"Home\",\"item\":\"https:\/\/insulation.trocellen.com\/fr\/\"},{\"@type\":\"ListItem\",\"position\":2,\"name\":\"Applications\",\"item\":\"https:\/\/insulation.trocellen.com\/fr\/applications\/\"},{\"@type\":\"ListItem\",\"position\":3,\"name\":\"Design et int\u00e9rieur\",\"item\":\"https:\/\/insulation.trocellen.com\/fr\/applications\/design-et-interieur\/\"},{\"@type\":\"ListItem\",\"position\":4,\"name\":\"Miroir thermique\"}]},{\"@type\":\"WebSite\",\"@id\":\"https:\/\/insulation.trocellen.com\/fr\/#website\",\"url\":\"https:\/\/insulation.trocellen.com\/fr\/\",\"name\":\"Trocellen Insulation\",\"description\":\"\",\"potentialAction\":[{\"@type\":\"SearchAction\",\"target\":{\"@type\":\"EntryPoint\",\"urlTemplate\":\"https:\/\/insulation.trocellen.com\/fr\/?s={search_term_string}\"},\"query-input\":{\"@type\":\"PropertyValueSpecification\",\"valueRequired\":true,\"valueName\":\"search_term_string\"}}],\"inLanguage\":\"fr-FR\"}]}<\/script>\n<!-- \/ Yoast SEO plugin. -->","yoast_head_json":{"title":"Miroir thermique Trocellen\u00a0: chauffage plus efficace","description":"Miroir thermique\u00a0: pour ne pas chauffer les murs, garder l\u2019air chaud \u00e0 l\u2019int\u00e9rieur, am\u00e9liorer le pouvoir chauffant et renvoyer la chaleur vers la chambre.","robots":{"index":"index","follow":"follow","max-snippet":"max-snippet:-1","max-image-preview":"max-image-preview:large","max-video-preview":"max-video-preview:-1"},"canonical":"https:\/\/insulation.trocellen.com\/fr\/applications\/design-et-interieur\/miroir-thermique\/","og_locale":"fr_FR","og_type":"article","og_title":"Miroir thermique Trocellen\u00a0: chauffage plus efficace","og_description":"Miroir thermique\u00a0: pour ne pas chauffer les murs, garder l\u2019air chaud \u00e0 l\u2019int\u00e9rieur, am\u00e9liorer le pouvoir chauffant et renvoyer la chaleur vers la chambre.","og_url":"https:\/\/insulation.trocellen.com\/fr\/applications\/design-et-interieur\/miroir-thermique\/","og_site_name":"Trocellen Insulation","article_modified_time":"2024-04-08T09:23:57+00:00","og_image":[{"width":1920,"height":300,"url":"https:\/\/insulation.trocellen.com\/wp-content\/uploads\/sites\/6\/2023\/05\/heat-mirror1.jpg","type":"image\/jpeg"}],"twitter_card":"summary_large_image","twitter_misc":{"Dur\u00e9e de lecture estim\u00e9e":"3 minutes"},"schema":{"@context":"https:\/\/schema.org","@graph":[{"@type":"WebPage","@id":"https:\/\/insulation.trocellen.com\/fr\/applications\/design-et-interieur\/miroir-thermique\/","url":"https:\/\/insulation.trocellen.com\/fr\/applications\/design-et-interieur\/miroir-thermique\/","name":"Miroir thermique Trocellen\u00a0: chauffage plus efficace","isPartOf":{"@id":"https:\/\/insulation.trocellen.com\/fr\/#website"},"primaryImageOfPage":{"@id":"https:\/\/insulation.trocellen.com\/fr\/applications\/design-et-interieur\/miroir-thermique\/#primaryimage"},"image":{"@id":"https:\/\/insulation.trocellen.com\/fr\/applications\/design-et-interieur\/miroir-thermique\/#primaryimage"},"thumbnailUrl":"https:\/\/insulation.trocellen.com\/wp-content\/uploads\/sites\/6\/2023\/05\/heat-mirror1.jpg","datePublished":"2013-12-12T17:28:49+00:00","dateModified":"2024-04-08T09:23:57+00:00","description":"Miroir thermique\u00a0: pour ne pas chauffer les murs, garder l\u2019air chaud \u00e0 l\u2019int\u00e9rieur, am\u00e9liorer le pouvoir chauffant et renvoyer la chaleur vers la chambre.","breadcrumb":{"@id":"https:\/\/insulation.trocellen.com\/fr\/applications\/design-et-interieur\/miroir-thermique\/#breadcrumb"},"inLanguage":"fr-FR","potentialAction":[{"@type":"ReadAction","target":["https:\/\/insulation.trocellen.com\/fr\/applications\/design-et-interieur\/miroir-thermique\/"]}]},{"@type":"ImageObject","inLanguage":"fr-FR","@id":"https:\/\/insulation.trocellen.com\/fr\/applications\/design-et-interieur\/miroir-thermique\/#primaryimage","url":"https:\/\/insulation.trocellen.com\/wp-content\/uploads\/sites\/6\/2023\/05\/heat-mirror1.jpg","contentUrl":"https:\/\/insulation.trocellen.com\/wp-content\/uploads\/sites\/6\/2023\/05\/heat-mirror1.jpg","width":1920,"height":300},{"@type":"BreadcrumbList","@id":"https:\/\/insulation.trocellen.com\/fr\/applications\/design-et-interieur\/miroir-thermique\/#breadcrumb","itemListElement":[{"@type":"ListItem","position":1,"name":"Home","item":"https:\/\/insulation.trocellen.com\/fr\/"},{"@type":"ListItem","position":2,"name":"Applications","item":"https:\/\/insulation.trocellen.com\/fr\/applications\/"},{"@type":"ListItem","position":3,"name":"Design et int\u00e9rieur","item":"https:\/\/insulation.trocellen.com\/fr\/applications\/design-et-interieur\/"},{"@type":"ListItem","position":4,"name":"Miroir thermique"}]},{"@type":"WebSite","@id":"https:\/\/insulation.trocellen.com\/fr\/#website","url":"https:\/\/insulation.trocellen.com\/fr\/","name":"Trocellen Insulation","description":"","potentialAction":[{"@type":"SearchAction","target":{"@type":"EntryPoint","urlTemplate":"https:\/\/insulation.trocellen.com\/fr\/?s={search_term_string}"},"query-input":{"@type":"PropertyValueSpecification","valueRequired":true,"valueName":"search_term_string"}}],"inLanguage":"fr-FR"}]}},"_links":{"self":[{"href":"https:\/\/insulation.trocellen.com\/fr\/wp-json\/wp\/v2\/pages\/4249","targetHints":{"allow":["GET"]}}],"collection":[{"href":"https:\/\/insulation.trocellen.com\/fr\/wp-json\/wp\/v2\/pages"}],"about":[{"href":"https:\/\/insulation.trocellen.com\/fr\/wp-json\/wp\/v2\/types\/page"}],"author":[{"embeddable":true,"href":"https:\/\/insulation.trocellen.com\/fr\/wp-json\/wp\/v2\/users\/1"}],"replies":[{"embeddable":true,"href":"https:\/\/insulation.trocellen.com\/fr\/wp-json\/wp\/v2\/comments?post=4249"}],"version-history":[{"count":4,"href":"https:\/\/insulation.trocellen.com\/fr\/wp-json\/wp\/v2\/pages\/4249\/revisions"}],"predecessor-version":[{"id":10719,"href":"https:\/\/insulation.trocellen.com\/fr\/wp-json\/wp\/v2\/pages\/4249\/revisions\/10719"}],"up":[{"embeddable":true,"href":"https:\/\/insulation.trocellen.com\/fr\/wp-json\/wp\/v2\/pages\/4135"}],"wp:featuredmedia":[{"embeddable":true,"href":"https:\/\/insulation.trocellen.com\/fr\/wp-json\/wp\/v2\/media\/8893"}],"wp:attachment":[{"href":"https:\/\/insulation.trocellen.com\/fr\/wp-json\/wp\/v2\/media?parent=4249"}],"curies":[{"name":"wp","href":"https:\/\/api.w.org\/{rel}","templated":true}]}}