{"id":4231,"date":"2013-12-12T17:27:37","date_gmt":"2013-12-12T17:27:37","guid":{"rendered":"https:\/\/insulation-new.trocellen.com\/la-protection-contre-les-blessures\/"},"modified":"2023-07-10T09:42:15","modified_gmt":"2023-07-10T09:42:15","slug":"la-protection-contre-les-blessures","status":"publish","type":"page","link":"https:\/\/insulation.trocellen.com\/fr\/applications\/protection-anti-rayure-pour-murs-et-colonnes\/la-protection-contre-les-blessures\/","title":{"rendered":"La protection contre les blessures"},"content":{"rendered":"<p>L&rsquo;\u00eatre humain est la substance la plus pr\u00e9cieuse. Nous sommes responsables de chaque personne dans notre famille, au bureau ou dans notre entourage.<br \/>\nLe risque des accidents et les l\u00e9sions affectant les humains peut \u00eatre \u00e9vit\u00e9 ou minimis\u00e9 gr\u00e2ce aux produits efficaces de protection individuelle de Trocellen.<\/p>\n<h2><img loading=\"lazy\" decoding=\"async\" class=\"size-medium wp-image-96 alignright\" src=\"https:\/\/insulation.trocellen.com\/wp-content\/uploads\/sites\/6\/2013\/12\/sarok-kivagas-300x225.jpg\" alt=\"sarok kivagas\" width=\"300\" height=\"225\"><br \/>\nTapis d&rsquo;escalier<\/h2>\n<ul>\n<li>Protection d&rsquo;humains contre accidents et l\u00e9sions<\/li>\n<li>Haute protection des bords tranchants, aux coins, dans l&rsquo;escalier<\/li>\n<li>absorption des chocs gr\u00e2ce aux mat\u00e9riaux souples<\/li>\n<li>m\u00e9thode d&rsquo;attachement simple avec adh\u00e9sif<\/li>\n<\/ul>\n<h2>Tapis D&rsquo;Escalier<\/h2>\n<h2>Avantages<\/h2>\n<ul>\n<li>Multifonctionnel: Peut \u00eatre appliqu\u00e9 sur des colonnes et u des surfaces ayant un grand rayon de courbure<\/li>\n<li>R\u00e9duction des chocs, protection excellente<\/li>\n<li>Facile \u00e0 installer: mat\u00e9riau flexible et l\u00e9ger<\/li>\n<li>Solutions sur mesure, sur le champ<\/li>\n<li>De longue dur\u00e9e<\/li>\n<li>Rapport co\u00fbt\/avantage optimal<\/li>\n<li>Applications possibles dans l&rsquo;industrie et dans le m\u00e9nage<\/li>\n<\/ul>\n<h2>Propri\u00e9t\u00e9s<\/h2>\n<ul>\n<li>Forme flexible gr\u00e2ce au mat\u00e9riau pr\u00e9d\u00e9coup\u00e9<\/li>\n<li>R\u00e9sistance aux impacts<\/li>\n<li>Mat\u00e9riau inodore &#8211; pas d&rsquo;odeurs, pas de bu\u00e9e<\/li>\n<li>Non toxique, sans CFC<\/li>\n<li>R\u00e9sistance \u00e0 la moisissure, \u00e0 la rouille et aux bact\u00e9ries<\/li>\n<li>Haute stabilit\u00e9 et r\u00e9sistance m\u00e9chanique<\/li>\n<li>Facile \u00e0 nettoyer<\/li>\n<li>Auto-adh\u00e9sif pour une installation facile<\/li>\n<li>Livr\u00e9 \u00ab pr\u00eat \u00e0 monter \u00bb<\/li>\n<\/ul>\n<h2>Mat\u00e9riau, sp\u00e9cification<\/h2>\n<ul>\n<li>Mat\u00e9riau: mousse PE r\u00e9ticul\u00e9e chimiquement, \u00e0 cellules ferm\u00e9es<\/li>\n<li>Densit\u00e9: 30 kg\/m\u00b3<\/li>\n<li>\u00c9paisseur: 10 mm<\/li>\n<li>Taille 300 x 390 mm<\/li>\n<li>Coloris: jaune de base ou toute autre couleur sur demande (p.ex. rayures jaunes et noires)<\/li>\n<li>Emballage: 2 unit\u00e9s dans un carton<\/li>\n<\/ul>\n","protected":false},"excerpt":{"rendered":"<p>L&rsquo;\u00eatre humain est la substance la plus pr\u00e9cieuse. Nous sommes responsables de chaque personne dans notre famille, au bureau ou dans notre entourage. Le risque des accidents et les l\u00e9sions affectant les humains peut \u00eatre \u00e9vit\u00e9 ou minimis\u00e9 gr\u00e2ce aux produits efficaces de protection individuelle de Trocellen. Tapis d&rsquo;escalier Protection d&rsquo;humains contre accidents et l\u00e9sions [&hellip;]<\/p>\n","protected":false},"author":1,"featured_media":8886,"parent":4129,"menu_order":300,"comment_status":"open","ping_status":"closed","template":"templates\/applications.php","meta":{"_acf_changed":false,"footnotes":""},"class_list":["post-4231","page","type-page","status-publish","has-post-thumbnail","hentry"],"acf":[],"yoast_head":"<!-- This site is optimized with the Yoast SEO plugin v23.5 - https:\/\/yoast.com\/wordpress\/plugins\/seo\/ -->\n<title>Carepad peut \u00eatre utilis\u00e9 comme protection t\u00eate<\/title>\n<meta name=\"description\" content=\"\u00c9viter ou minimiser les accidents et les l\u00e9sions avec des produits de protection personnelle Trocellen efficaces.\" \/>\n<meta name=\"robots\" content=\"index, follow, max-snippet:-1, max-image-preview:large, max-video-preview:-1\" \/>\n<link rel=\"canonical\" href=\"https:\/\/insulation.trocellen.com\/fr\/applications\/protection-anti-rayure-pour-murs-et-colonnes\/la-protection-contre-les-blessures\/\" \/>\n<meta property=\"og:locale\" content=\"fr_FR\" \/>\n<meta property=\"og:type\" content=\"article\" \/>\n<meta property=\"og:title\" content=\"Carepad peut \u00eatre utilis\u00e9 comme protection t\u00eate\" \/>\n<meta property=\"og:description\" content=\"\u00c9viter ou minimiser les accidents et les l\u00e9sions avec des produits de protection personnelle Trocellen efficaces.\" \/>\n<meta property=\"og:url\" content=\"https:\/\/insulation.trocellen.com\/fr\/applications\/protection-anti-rayure-pour-murs-et-colonnes\/la-protection-contre-les-blessures\/\" \/>\n<meta property=\"og:site_name\" content=\"Trocellen Insulation\" \/>\n<meta property=\"article:modified_time\" content=\"2023-07-10T09:42:15+00:00\" \/>\n<meta property=\"og:image\" content=\"https:\/\/insulation.trocellen.com\/wp-content\/uploads\/sites\/6\/2023\/05\/hit-protection.jpg\" \/>\n\t<meta property=\"og:image:width\" content=\"1920\" \/>\n\t<meta property=\"og:image:height\" content=\"300\" \/>\n\t<meta property=\"og:image:type\" content=\"image\/jpeg\" \/>\n<meta name=\"twitter:card\" content=\"summary_large_image\" \/>\n<meta name=\"twitter:label1\" content=\"Dur\u00e9e de lecture estim\u00e9e\" \/>\n\t<meta name=\"twitter:data1\" content=\"2 minutes\" \/>\n<script type=\"application\/ld+json\" class=\"yoast-schema-graph\">{\"@context\":\"https:\/\/schema.org\",\"@graph\":[{\"@type\":\"WebPage\",\"@id\":\"https:\/\/insulation.trocellen.com\/fr\/applications\/protection-anti-rayure-pour-murs-et-colonnes\/la-protection-contre-les-blessures\/\",\"url\":\"https:\/\/insulation.trocellen.com\/fr\/applications\/protection-anti-rayure-pour-murs-et-colonnes\/la-protection-contre-les-blessures\/\",\"name\":\"Carepad peut \u00eatre utilis\u00e9 comme protection t\u00eate\",\"isPartOf\":{\"@id\":\"https:\/\/insulation.trocellen.com\/fr\/#website\"},\"primaryImageOfPage\":{\"@id\":\"https:\/\/insulation.trocellen.com\/fr\/applications\/protection-anti-rayure-pour-murs-et-colonnes\/la-protection-contre-les-blessures\/#primaryimage\"},\"image\":{\"@id\":\"https:\/\/insulation.trocellen.com\/fr\/applications\/protection-anti-rayure-pour-murs-et-colonnes\/la-protection-contre-les-blessures\/#primaryimage\"},\"thumbnailUrl\":\"https:\/\/insulation.trocellen.com\/wp-content\/uploads\/sites\/6\/2023\/05\/hit-protection.jpg\",\"datePublished\":\"2013-12-12T17:27:37+00:00\",\"dateModified\":\"2023-07-10T09:42:15+00:00\",\"description\":\"\u00c9viter ou minimiser les accidents et les l\u00e9sions avec des produits de protection personnelle Trocellen efficaces.\",\"breadcrumb\":{\"@id\":\"https:\/\/insulation.trocellen.com\/fr\/applications\/protection-anti-rayure-pour-murs-et-colonnes\/la-protection-contre-les-blessures\/#breadcrumb\"},\"inLanguage\":\"fr-FR\",\"potentialAction\":[{\"@type\":\"ReadAction\",\"target\":[\"https:\/\/insulation.trocellen.com\/fr\/applications\/protection-anti-rayure-pour-murs-et-colonnes\/la-protection-contre-les-blessures\/\"]}]},{\"@type\":\"ImageObject\",\"inLanguage\":\"fr-FR\",\"@id\":\"https:\/\/insulation.trocellen.com\/fr\/applications\/protection-anti-rayure-pour-murs-et-colonnes\/la-protection-contre-les-blessures\/#primaryimage\",\"url\":\"https:\/\/insulation.trocellen.com\/wp-content\/uploads\/sites\/6\/2023\/05\/hit-protection.jpg\",\"contentUrl\":\"https:\/\/insulation.trocellen.com\/wp-content\/uploads\/sites\/6\/2023\/05\/hit-protection.jpg\",\"width\":1920,\"height\":300},{\"@type\":\"BreadcrumbList\",\"@id\":\"https:\/\/insulation.trocellen.com\/fr\/applications\/protection-anti-rayure-pour-murs-et-colonnes\/la-protection-contre-les-blessures\/#breadcrumb\",\"itemListElement\":[{\"@type\":\"ListItem\",\"position\":1,\"name\":\"Home\",\"item\":\"https:\/\/insulation.trocellen.com\/fr\/\"},{\"@type\":\"ListItem\",\"position\":2,\"name\":\"Applications\",\"item\":\"https:\/\/insulation.trocellen.com\/fr\/applications\/\"},{\"@type\":\"ListItem\",\"position\":3,\"name\":\"Protection anti-rayure pour murs et colonnes\",\"item\":\"https:\/\/insulation.trocellen.com\/fr\/applications\/protection-anti-rayure-pour-murs-et-colonnes\/\"},{\"@type\":\"ListItem\",\"position\":4,\"name\":\"La protection contre les blessures\"}]},{\"@type\":\"WebSite\",\"@id\":\"https:\/\/insulation.trocellen.com\/fr\/#website\",\"url\":\"https:\/\/insulation.trocellen.com\/fr\/\",\"name\":\"Trocellen Insulation\",\"description\":\"\",\"potentialAction\":[{\"@type\":\"SearchAction\",\"target\":{\"@type\":\"EntryPoint\",\"urlTemplate\":\"https:\/\/insulation.trocellen.com\/fr\/?s={search_term_string}\"},\"query-input\":{\"@type\":\"PropertyValueSpecification\",\"valueRequired\":true,\"valueName\":\"search_term_string\"}}],\"inLanguage\":\"fr-FR\"}]}<\/script>\n<!-- \/ Yoast SEO plugin. -->","yoast_head_json":{"title":"Carepad peut \u00eatre utilis\u00e9 comme protection t\u00eate","description":"\u00c9viter ou minimiser les accidents et les l\u00e9sions avec des produits de protection personnelle Trocellen efficaces.","robots":{"index":"index","follow":"follow","max-snippet":"max-snippet:-1","max-image-preview":"max-image-preview:large","max-video-preview":"max-video-preview:-1"},"canonical":"https:\/\/insulation.trocellen.com\/fr\/applications\/protection-anti-rayure-pour-murs-et-colonnes\/la-protection-contre-les-blessures\/","og_locale":"fr_FR","og_type":"article","og_title":"Carepad peut \u00eatre utilis\u00e9 comme protection t\u00eate","og_description":"\u00c9viter ou minimiser les accidents et les l\u00e9sions avec des produits de protection personnelle Trocellen efficaces.","og_url":"https:\/\/insulation.trocellen.com\/fr\/applications\/protection-anti-rayure-pour-murs-et-colonnes\/la-protection-contre-les-blessures\/","og_site_name":"Trocellen Insulation","article_modified_time":"2023-07-10T09:42:15+00:00","og_image":[{"width":1920,"height":300,"url":"https:\/\/insulation.trocellen.com\/wp-content\/uploads\/sites\/6\/2023\/05\/hit-protection.jpg","type":"image\/jpeg"}],"twitter_card":"summary_large_image","twitter_misc":{"Dur\u00e9e de lecture estim\u00e9e":"2 minutes"},"schema":{"@context":"https:\/\/schema.org","@graph":[{"@type":"WebPage","@id":"https:\/\/insulation.trocellen.com\/fr\/applications\/protection-anti-rayure-pour-murs-et-colonnes\/la-protection-contre-les-blessures\/","url":"https:\/\/insulation.trocellen.com\/fr\/applications\/protection-anti-rayure-pour-murs-et-colonnes\/la-protection-contre-les-blessures\/","name":"Carepad peut \u00eatre utilis\u00e9 comme protection t\u00eate","isPartOf":{"@id":"https:\/\/insulation.trocellen.com\/fr\/#website"},"primaryImageOfPage":{"@id":"https:\/\/insulation.trocellen.com\/fr\/applications\/protection-anti-rayure-pour-murs-et-colonnes\/la-protection-contre-les-blessures\/#primaryimage"},"image":{"@id":"https:\/\/insulation.trocellen.com\/fr\/applications\/protection-anti-rayure-pour-murs-et-colonnes\/la-protection-contre-les-blessures\/#primaryimage"},"thumbnailUrl":"https:\/\/insulation.trocellen.com\/wp-content\/uploads\/sites\/6\/2023\/05\/hit-protection.jpg","datePublished":"2013-12-12T17:27:37+00:00","dateModified":"2023-07-10T09:42:15+00:00","description":"\u00c9viter ou minimiser les accidents et les l\u00e9sions avec des produits de protection personnelle Trocellen efficaces.","breadcrumb":{"@id":"https:\/\/insulation.trocellen.com\/fr\/applications\/protection-anti-rayure-pour-murs-et-colonnes\/la-protection-contre-les-blessures\/#breadcrumb"},"inLanguage":"fr-FR","potentialAction":[{"@type":"ReadAction","target":["https:\/\/insulation.trocellen.com\/fr\/applications\/protection-anti-rayure-pour-murs-et-colonnes\/la-protection-contre-les-blessures\/"]}]},{"@type":"ImageObject","inLanguage":"fr-FR","@id":"https:\/\/insulation.trocellen.com\/fr\/applications\/protection-anti-rayure-pour-murs-et-colonnes\/la-protection-contre-les-blessures\/#primaryimage","url":"https:\/\/insulation.trocellen.com\/wp-content\/uploads\/sites\/6\/2023\/05\/hit-protection.jpg","contentUrl":"https:\/\/insulation.trocellen.com\/wp-content\/uploads\/sites\/6\/2023\/05\/hit-protection.jpg","width":1920,"height":300},{"@type":"BreadcrumbList","@id":"https:\/\/insulation.trocellen.com\/fr\/applications\/protection-anti-rayure-pour-murs-et-colonnes\/la-protection-contre-les-blessures\/#breadcrumb","itemListElement":[{"@type":"ListItem","position":1,"name":"Home","item":"https:\/\/insulation.trocellen.com\/fr\/"},{"@type":"ListItem","position":2,"name":"Applications","item":"https:\/\/insulation.trocellen.com\/fr\/applications\/"},{"@type":"ListItem","position":3,"name":"Protection anti-rayure pour murs et colonnes","item":"https:\/\/insulation.trocellen.com\/fr\/applications\/protection-anti-rayure-pour-murs-et-colonnes\/"},{"@type":"ListItem","position":4,"name":"La protection contre les blessures"}]},{"@type":"WebSite","@id":"https:\/\/insulation.trocellen.com\/fr\/#website","url":"https:\/\/insulation.trocellen.com\/fr\/","name":"Trocellen Insulation","description":"","potentialAction":[{"@type":"SearchAction","target":{"@type":"EntryPoint","urlTemplate":"https:\/\/insulation.trocellen.com\/fr\/?s={search_term_string}"},"query-input":{"@type":"PropertyValueSpecification","valueRequired":true,"valueName":"search_term_string"}}],"inLanguage":"fr-FR"}]}},"_links":{"self":[{"href":"https:\/\/insulation.trocellen.com\/fr\/wp-json\/wp\/v2\/pages\/4231","targetHints":{"allow":["GET"]}}],"collection":[{"href":"https:\/\/insulation.trocellen.com\/fr\/wp-json\/wp\/v2\/pages"}],"about":[{"href":"https:\/\/insulation.trocellen.com\/fr\/wp-json\/wp\/v2\/types\/page"}],"author":[{"embeddable":true,"href":"https:\/\/insulation.trocellen.com\/fr\/wp-json\/wp\/v2\/users\/1"}],"replies":[{"embeddable":true,"href":"https:\/\/insulation.trocellen.com\/fr\/wp-json\/wp\/v2\/comments?post=4231"}],"version-history":[{"count":3,"href":"https:\/\/insulation.trocellen.com\/fr\/wp-json\/wp\/v2\/pages\/4231\/revisions"}],"predecessor-version":[{"id":9739,"href":"https:\/\/insulation.trocellen.com\/fr\/wp-json\/wp\/v2\/pages\/4231\/revisions\/9739"}],"up":[{"embeddable":true,"href":"https:\/\/insulation.trocellen.com\/fr\/wp-json\/wp\/v2\/pages\/4129"}],"wp:featuredmedia":[{"embeddable":true,"href":"https:\/\/insulation.trocellen.com\/fr\/wp-json\/wp\/v2\/media\/8886"}],"wp:attachment":[{"href":"https:\/\/insulation.trocellen.com\/fr\/wp-json\/wp\/v2\/media?parent=4231"}],"curies":[{"name":"wp","href":"https:\/\/api.w.org\/{rel}","templated":true}]}}