{"id":4225,"date":"2013-12-12T17:27:17","date_gmt":"2013-12-12T17:27:17","guid":{"rendered":"https:\/\/insulation-new.trocellen.com\/carepad-industrial-pour-murs-colonnes-et-bords\/"},"modified":"2023-07-10T09:41:33","modified_gmt":"2023-07-10T09:41:33","slug":"carepad-industrial-pour-murs-colonnes-et-bords","status":"publish","type":"page","link":"https:\/\/insulation.trocellen.com\/fr\/applications\/protection-anti-rayure-pour-murs-et-colonnes\/carepad-industrial-pour-murs-colonnes-et-bords\/","title":{"rendered":"CarePad, Industrial pour murs, colonnes et bords"},"content":{"rendered":"\n<p>Ce CarePad flexible est une version d\u00e9velopp\u00e9e, pouvant \u00eatre attach\u00e9 facilement aux colonnes et aux surfaces avec un grand rayon de courbure.<\/p>\n\n\n\n<p>Poss\u00e9der des objets de valeur est une affaire commune. Avoir une voiture, une motocyclette, une bicyclette ou tout autre \u00e9quipement entra\u00eene la responsabilit\u00e9 de maintenir ces objets de valeur dans la meilleure condition possible.<\/p>\n\n\n\n<p>Toute \u00e9gratignure sur leur vernis, toute d\u00e9formation, m\u00eame infime, de leur corps peut d\u00e9clencher une \u00e9norme perte de leur valeur sur le march\u00e9. Par la suite, cela signifie des co\u00fbts de r\u00e9paration \u00e9lev\u00e9s, et une perte probable des bons d&rsquo;assurance. Nous devons donc prot\u00e9ger nos objets et les sauvegarder dans la meilleure condition possible.<\/p>\n\n\n\n<p>Lors des petites collisions au garage, le mur du b\u00e2timent peut \u00e9galement \u00eatre endommag\u00e9, ce que nous devrions \u00e9viter et pr\u00e9venir.<\/p>\n\n\n\n<p>Enfin, tout accident et toute l\u00e9sion inflig\u00e9s aux humains doivent \u00eatre pr\u00e9venus par des protections efficaces.<\/p>\n\n\n\n<h2 class=\"wp-block-heading\">CarePad<\/h2>\n\n\n\n<ul class=\"wp-block-list\">\n<li>Protection d&rsquo;humains contre accidents et l\u00e9sions<\/li>\n\n\n\n<li>Haute protection des bords tranchants, aux coins, dans l&rsquo;escalier<\/li>\n\n\n\n<li>absorption des chocs gr\u00e2ce aux mat\u00e9riaux flexibles et souples<\/li>\n\n\n\n<li>m\u00e9thode d&rsquo;attachement simple avec adh\u00e9sif<\/li>\n<\/ul>\n\n\n\n<div class=\"wp-block-columns is-layout-flex wp-container-core-columns-is-layout-9d6595d7 wp-block-columns-is-layout-flex\">\n<div class=\"wp-block-column is-layout-flow wp-block-column-is-layout-flow\">\n<figure class=\"wp-block-image\"><img decoding=\"async\" src=\"https:\/\/insulation.trocellen.com\/wp-content\/uploads\/sites\/6\/2013\/12\/sarok-kivagas-300x225.jpg\" alt=\"sarok kivagas\" class=\"wp-image-96\"\/><\/figure>\n<\/div>\n\n\n\n<div class=\"wp-block-column is-layout-flow wp-block-column-is-layout-flow\">\n<figure class=\"wp-block-image\"><img decoding=\"async\" src=\"https:\/\/insulation.trocellen.com\/wp-content\/uploads\/sites\/6\/2013\/12\/FCS9354-300x199.jpg\" alt=\"_FCS9354\" class=\"wp-image-185\"\/><\/figure>\n<\/div>\n\n\n\n<div class=\"wp-block-column is-layout-flow wp-block-column-is-layout-flow\">\n<figure class=\"wp-block-image\"><img decoding=\"async\" src=\"https:\/\/insulation.trocellen.com\/wp-content\/uploads\/sites\/6\/2013\/12\/P1040772-copy_2-300x225.jpg\" alt=\"P1040772 copy_2\" class=\"wp-image-186\"\/><\/figure>\n<\/div>\n<\/div>\n\n\n\n<h3 class=\"wp-block-heading\">Avantages<\/h3>\n\n\n\n<ul class=\"wp-block-list\">\n<li>Multifonctionnel: Peut \u00eatre appliqu\u00e9 sur des colonnes et u des surfaces ayant un grand rayon de courbure, ou aux coins<\/li>\n\n\n\n<li>R\u00e9duction des chocs, protection excellente<\/li>\n\n\n\n<li>Facile \u00e0 installer: mat\u00e9riau flexible et l\u00e9ger<\/li>\n\n\n\n<li>Solutions sur mesure, sur le champ<\/li>\n\n\n\n<li>Rapport co\u00fbt\/avantage optimal<\/li>\n\n\n\n<li>Applications possibles dans l&rsquo;industrie et dans le m\u00e9nage<\/li>\n<\/ul>\n\n\n\n<h3 class=\"wp-block-heading\">Propri\u00e9t\u00e9s<\/h3>\n\n\n\n<ul class=\"wp-block-list\">\n<li>Forme flexible gr\u00e2ce au mat\u00e9riau pr\u00e9d\u00e9coup\u00e9<\/li>\n\n\n\n<li>R\u00e9sistance aux impacts<\/li>\n\n\n\n<li>Mat\u00e9riau inodore &#8211; pas d&rsquo;odeurs, pas de bu\u00e9e<\/li>\n\n\n\n<li>Non toxique, sans CFC<\/li>\n\n\n\n<li>R\u00e9sistance \u00e0 la moisissure, \u00e0 la rouille et aux bact\u00e9ries<\/li>\n\n\n\n<li>Haute stabilit\u00e9 et r\u00e9sistance m\u00e9chanique<\/li>\n\n\n\n<li>Facile \u00e0 nettoyer<\/li>\n\n\n\n<li>Auto-adh\u00e9sif pour une installation facile<\/li>\n\n\n\n<li>Livr\u00e9 \u00ab pr\u00eat \u00e0 monter \u00bb<\/li>\n<\/ul>\n\n\n\n<h3 class=\"wp-block-heading\">Mat\u00e9riau, sp\u00e9cification<\/h3>\n\n\n\n<ul class=\"wp-block-list\">\n<li>Mat\u00e9riau: mousse PE r\u00e9ticul\u00e9e chimiquement, \u00e0 cellules ferm\u00e9es<\/li>\n\n\n\n<li>\u00c9paisseur: 10 mm<\/li>\n\n\n\n<li>Taille: 300 x 390 mm<\/li>\n\n\n\n<li>Coloris: jaune de base ou toute autre couleur sur demande (p.ex. feuille aux rayures jaunes et noires)<\/li>\n\n\n\n<li>Emballage: 2 unit\u00e9s dans un carton<\/li>\n<\/ul>\n","protected":false},"excerpt":{"rendered":"<p>Ce CarePad flexible est une version d\u00e9velopp\u00e9e, pouvant \u00eatre attach\u00e9 facilement aux colonnes et aux surfaces avec un grand rayon de courbure. Poss\u00e9der des objets de valeur est une affaire commune. Avoir une voiture, une motocyclette, une bicyclette ou tout autre \u00e9quipement entra\u00eene la responsabilit\u00e9 de maintenir ces objets de valeur dans la meilleure condition [&hellip;]<\/p>\n","protected":false},"author":1,"featured_media":8880,"parent":4129,"menu_order":200,"comment_status":"open","ping_status":"closed","template":"templates\/applications.php","meta":{"_acf_changed":false,"footnotes":""},"class_list":["post-4225","page","type-page","status-publish","has-post-thumbnail","hentry"],"acf":[],"yoast_head":"<!-- This site is optimized with the Yoast SEO plugin v23.5 - https:\/\/yoast.com\/wordpress\/plugins\/seo\/ -->\n<title>Carepad industriel \u2013 destin\u00e9 aux murs, colonnes et bords<\/title>\n<meta name=\"description\" content=\"Le CarePad flexible est une version avanc\u00e9e du produit pouvant \u00eatre install\u00e9 facilement sur des colonnes et des surfaces \u00e0 grand rayon.\" \/>\n<meta name=\"robots\" content=\"index, follow, max-snippet:-1, max-image-preview:large, max-video-preview:-1\" \/>\n<link rel=\"canonical\" href=\"https:\/\/insulation.trocellen.com\/fr\/applications\/protection-anti-rayure-pour-murs-et-colonnes\/carepad-industrial-pour-murs-colonnes-et-bords\/\" \/>\n<meta property=\"og:locale\" content=\"fr_FR\" \/>\n<meta property=\"og:type\" content=\"article\" \/>\n<meta property=\"og:title\" content=\"Carepad industriel \u2013 destin\u00e9 aux murs, colonnes et bords\" \/>\n<meta property=\"og:description\" content=\"Le CarePad flexible est une version avanc\u00e9e du produit pouvant \u00eatre install\u00e9 facilement sur des colonnes et des surfaces \u00e0 grand rayon.\" \/>\n<meta property=\"og:url\" content=\"https:\/\/insulation.trocellen.com\/fr\/applications\/protection-anti-rayure-pour-murs-et-colonnes\/carepad-industrial-pour-murs-colonnes-et-bords\/\" \/>\n<meta property=\"og:site_name\" content=\"Trocellen Insulation\" \/>\n<meta property=\"article:modified_time\" content=\"2023-07-10T09:41:33+00:00\" \/>\n<meta property=\"og:image\" content=\"https:\/\/insulation.trocellen.com\/wp-content\/uploads\/sites\/6\/2023\/05\/carepad-fejlec.jpg\" \/>\n\t<meta property=\"og:image:width\" content=\"1920\" \/>\n\t<meta property=\"og:image:height\" content=\"300\" \/>\n\t<meta property=\"og:image:type\" content=\"image\/jpeg\" \/>\n<meta name=\"twitter:card\" content=\"summary_large_image\" \/>\n<meta name=\"twitter:label1\" content=\"Dur\u00e9e de lecture estim\u00e9e\" \/>\n\t<meta name=\"twitter:data1\" content=\"2 minutes\" \/>\n<script type=\"application\/ld+json\" class=\"yoast-schema-graph\">{\"@context\":\"https:\/\/schema.org\",\"@graph\":[{\"@type\":\"WebPage\",\"@id\":\"https:\/\/insulation.trocellen.com\/fr\/applications\/protection-anti-rayure-pour-murs-et-colonnes\/carepad-industrial-pour-murs-colonnes-et-bords\/\",\"url\":\"https:\/\/insulation.trocellen.com\/fr\/applications\/protection-anti-rayure-pour-murs-et-colonnes\/carepad-industrial-pour-murs-colonnes-et-bords\/\",\"name\":\"Carepad industriel \u2013 destin\u00e9 aux murs, colonnes et bords\",\"isPartOf\":{\"@id\":\"https:\/\/insulation.trocellen.com\/fr\/#website\"},\"primaryImageOfPage\":{\"@id\":\"https:\/\/insulation.trocellen.com\/fr\/applications\/protection-anti-rayure-pour-murs-et-colonnes\/carepad-industrial-pour-murs-colonnes-et-bords\/#primaryimage\"},\"image\":{\"@id\":\"https:\/\/insulation.trocellen.com\/fr\/applications\/protection-anti-rayure-pour-murs-et-colonnes\/carepad-industrial-pour-murs-colonnes-et-bords\/#primaryimage\"},\"thumbnailUrl\":\"https:\/\/insulation.trocellen.com\/wp-content\/uploads\/sites\/6\/2023\/05\/carepad-fejlec.jpg\",\"datePublished\":\"2013-12-12T17:27:17+00:00\",\"dateModified\":\"2023-07-10T09:41:33+00:00\",\"description\":\"Le CarePad flexible est une version avanc\u00e9e du produit pouvant \u00eatre install\u00e9 facilement sur des colonnes et des surfaces \u00e0 grand rayon.\",\"breadcrumb\":{\"@id\":\"https:\/\/insulation.trocellen.com\/fr\/applications\/protection-anti-rayure-pour-murs-et-colonnes\/carepad-industrial-pour-murs-colonnes-et-bords\/#breadcrumb\"},\"inLanguage\":\"fr-FR\",\"potentialAction\":[{\"@type\":\"ReadAction\",\"target\":[\"https:\/\/insulation.trocellen.com\/fr\/applications\/protection-anti-rayure-pour-murs-et-colonnes\/carepad-industrial-pour-murs-colonnes-et-bords\/\"]}]},{\"@type\":\"ImageObject\",\"inLanguage\":\"fr-FR\",\"@id\":\"https:\/\/insulation.trocellen.com\/fr\/applications\/protection-anti-rayure-pour-murs-et-colonnes\/carepad-industrial-pour-murs-colonnes-et-bords\/#primaryimage\",\"url\":\"https:\/\/insulation.trocellen.com\/wp-content\/uploads\/sites\/6\/2023\/05\/carepad-fejlec.jpg\",\"contentUrl\":\"https:\/\/insulation.trocellen.com\/wp-content\/uploads\/sites\/6\/2023\/05\/carepad-fejlec.jpg\",\"width\":1920,\"height\":300},{\"@type\":\"BreadcrumbList\",\"@id\":\"https:\/\/insulation.trocellen.com\/fr\/applications\/protection-anti-rayure-pour-murs-et-colonnes\/carepad-industrial-pour-murs-colonnes-et-bords\/#breadcrumb\",\"itemListElement\":[{\"@type\":\"ListItem\",\"position\":1,\"name\":\"Home\",\"item\":\"https:\/\/insulation.trocellen.com\/fr\/\"},{\"@type\":\"ListItem\",\"position\":2,\"name\":\"Applications\",\"item\":\"https:\/\/insulation.trocellen.com\/fr\/applications\/\"},{\"@type\":\"ListItem\",\"position\":3,\"name\":\"Protection anti-rayure pour murs et colonnes\",\"item\":\"https:\/\/insulation.trocellen.com\/fr\/applications\/protection-anti-rayure-pour-murs-et-colonnes\/\"},{\"@type\":\"ListItem\",\"position\":4,\"name\":\"CarePad, Industrial pour murs, colonnes et bords\"}]},{\"@type\":\"WebSite\",\"@id\":\"https:\/\/insulation.trocellen.com\/fr\/#website\",\"url\":\"https:\/\/insulation.trocellen.com\/fr\/\",\"name\":\"Trocellen Insulation\",\"description\":\"\",\"potentialAction\":[{\"@type\":\"SearchAction\",\"target\":{\"@type\":\"EntryPoint\",\"urlTemplate\":\"https:\/\/insulation.trocellen.com\/fr\/?s={search_term_string}\"},\"query-input\":{\"@type\":\"PropertyValueSpecification\",\"valueRequired\":true,\"valueName\":\"search_term_string\"}}],\"inLanguage\":\"fr-FR\"}]}<\/script>\n<!-- \/ Yoast SEO plugin. -->","yoast_head_json":{"title":"Carepad industriel \u2013 destin\u00e9 aux murs, colonnes et bords","description":"Le CarePad flexible est une version avanc\u00e9e du produit pouvant \u00eatre install\u00e9 facilement sur des colonnes et des surfaces \u00e0 grand rayon.","robots":{"index":"index","follow":"follow","max-snippet":"max-snippet:-1","max-image-preview":"max-image-preview:large","max-video-preview":"max-video-preview:-1"},"canonical":"https:\/\/insulation.trocellen.com\/fr\/applications\/protection-anti-rayure-pour-murs-et-colonnes\/carepad-industrial-pour-murs-colonnes-et-bords\/","og_locale":"fr_FR","og_type":"article","og_title":"Carepad industriel \u2013 destin\u00e9 aux murs, colonnes et bords","og_description":"Le CarePad flexible est une version avanc\u00e9e du produit pouvant \u00eatre install\u00e9 facilement sur des colonnes et des surfaces \u00e0 grand rayon.","og_url":"https:\/\/insulation.trocellen.com\/fr\/applications\/protection-anti-rayure-pour-murs-et-colonnes\/carepad-industrial-pour-murs-colonnes-et-bords\/","og_site_name":"Trocellen Insulation","article_modified_time":"2023-07-10T09:41:33+00:00","og_image":[{"width":1920,"height":300,"url":"https:\/\/insulation.trocellen.com\/wp-content\/uploads\/sites\/6\/2023\/05\/carepad-fejlec.jpg","type":"image\/jpeg"}],"twitter_card":"summary_large_image","twitter_misc":{"Dur\u00e9e de lecture estim\u00e9e":"2 minutes"},"schema":{"@context":"https:\/\/schema.org","@graph":[{"@type":"WebPage","@id":"https:\/\/insulation.trocellen.com\/fr\/applications\/protection-anti-rayure-pour-murs-et-colonnes\/carepad-industrial-pour-murs-colonnes-et-bords\/","url":"https:\/\/insulation.trocellen.com\/fr\/applications\/protection-anti-rayure-pour-murs-et-colonnes\/carepad-industrial-pour-murs-colonnes-et-bords\/","name":"Carepad industriel \u2013 destin\u00e9 aux murs, colonnes et bords","isPartOf":{"@id":"https:\/\/insulation.trocellen.com\/fr\/#website"},"primaryImageOfPage":{"@id":"https:\/\/insulation.trocellen.com\/fr\/applications\/protection-anti-rayure-pour-murs-et-colonnes\/carepad-industrial-pour-murs-colonnes-et-bords\/#primaryimage"},"image":{"@id":"https:\/\/insulation.trocellen.com\/fr\/applications\/protection-anti-rayure-pour-murs-et-colonnes\/carepad-industrial-pour-murs-colonnes-et-bords\/#primaryimage"},"thumbnailUrl":"https:\/\/insulation.trocellen.com\/wp-content\/uploads\/sites\/6\/2023\/05\/carepad-fejlec.jpg","datePublished":"2013-12-12T17:27:17+00:00","dateModified":"2023-07-10T09:41:33+00:00","description":"Le CarePad flexible est une version avanc\u00e9e du produit pouvant \u00eatre install\u00e9 facilement sur des colonnes et des surfaces \u00e0 grand rayon.","breadcrumb":{"@id":"https:\/\/insulation.trocellen.com\/fr\/applications\/protection-anti-rayure-pour-murs-et-colonnes\/carepad-industrial-pour-murs-colonnes-et-bords\/#breadcrumb"},"inLanguage":"fr-FR","potentialAction":[{"@type":"ReadAction","target":["https:\/\/insulation.trocellen.com\/fr\/applications\/protection-anti-rayure-pour-murs-et-colonnes\/carepad-industrial-pour-murs-colonnes-et-bords\/"]}]},{"@type":"ImageObject","inLanguage":"fr-FR","@id":"https:\/\/insulation.trocellen.com\/fr\/applications\/protection-anti-rayure-pour-murs-et-colonnes\/carepad-industrial-pour-murs-colonnes-et-bords\/#primaryimage","url":"https:\/\/insulation.trocellen.com\/wp-content\/uploads\/sites\/6\/2023\/05\/carepad-fejlec.jpg","contentUrl":"https:\/\/insulation.trocellen.com\/wp-content\/uploads\/sites\/6\/2023\/05\/carepad-fejlec.jpg","width":1920,"height":300},{"@type":"BreadcrumbList","@id":"https:\/\/insulation.trocellen.com\/fr\/applications\/protection-anti-rayure-pour-murs-et-colonnes\/carepad-industrial-pour-murs-colonnes-et-bords\/#breadcrumb","itemListElement":[{"@type":"ListItem","position":1,"name":"Home","item":"https:\/\/insulation.trocellen.com\/fr\/"},{"@type":"ListItem","position":2,"name":"Applications","item":"https:\/\/insulation.trocellen.com\/fr\/applications\/"},{"@type":"ListItem","position":3,"name":"Protection anti-rayure pour murs et colonnes","item":"https:\/\/insulation.trocellen.com\/fr\/applications\/protection-anti-rayure-pour-murs-et-colonnes\/"},{"@type":"ListItem","position":4,"name":"CarePad, Industrial pour murs, colonnes et bords"}]},{"@type":"WebSite","@id":"https:\/\/insulation.trocellen.com\/fr\/#website","url":"https:\/\/insulation.trocellen.com\/fr\/","name":"Trocellen Insulation","description":"","potentialAction":[{"@type":"SearchAction","target":{"@type":"EntryPoint","urlTemplate":"https:\/\/insulation.trocellen.com\/fr\/?s={search_term_string}"},"query-input":{"@type":"PropertyValueSpecification","valueRequired":true,"valueName":"search_term_string"}}],"inLanguage":"fr-FR"}]}},"_links":{"self":[{"href":"https:\/\/insulation.trocellen.com\/fr\/wp-json\/wp\/v2\/pages\/4225","targetHints":{"allow":["GET"]}}],"collection":[{"href":"https:\/\/insulation.trocellen.com\/fr\/wp-json\/wp\/v2\/pages"}],"about":[{"href":"https:\/\/insulation.trocellen.com\/fr\/wp-json\/wp\/v2\/types\/page"}],"author":[{"embeddable":true,"href":"https:\/\/insulation.trocellen.com\/fr\/wp-json\/wp\/v2\/users\/1"}],"replies":[{"embeddable":true,"href":"https:\/\/insulation.trocellen.com\/fr\/wp-json\/wp\/v2\/comments?post=4225"}],"version-history":[{"count":2,"href":"https:\/\/insulation.trocellen.com\/fr\/wp-json\/wp\/v2\/pages\/4225\/revisions"}],"predecessor-version":[{"id":9738,"href":"https:\/\/insulation.trocellen.com\/fr\/wp-json\/wp\/v2\/pages\/4225\/revisions\/9738"}],"up":[{"embeddable":true,"href":"https:\/\/insulation.trocellen.com\/fr\/wp-json\/wp\/v2\/pages\/4129"}],"wp:featuredmedia":[{"embeddable":true,"href":"https:\/\/insulation.trocellen.com\/fr\/wp-json\/wp\/v2\/media\/8880"}],"wp:attachment":[{"href":"https:\/\/insulation.trocellen.com\/fr\/wp-json\/wp\/v2\/media?parent=4225"}],"curies":[{"name":"wp","href":"https:\/\/api.w.org\/{rel}","templated":true}]}}