{"id":4219,"date":"2013-12-12T17:27:07","date_gmt":"2013-12-12T17:27:07","guid":{"rendered":"https:\/\/insulation-new.trocellen.com\/carepad-home-pour-murs\/"},"modified":"2023-07-10T09:40:49","modified_gmt":"2023-07-10T09:40:49","slug":"carepad-home-pour-murs","status":"publish","type":"page","link":"https:\/\/insulation.trocellen.com\/fr\/applications\/protection-anti-rayure-pour-murs-et-colonnes\/carepad-home-pour-murs\/","title":{"rendered":"Carepad &#8211; home pour murs"},"content":{"rendered":"\n<figure class=\"wp-block-image\"><a href=\"https:\/\/insulation.trocellen.com\/wp-content\/uploads\/sites\/6\/2013\/12\/carepad-photo-1.jpg\" rel=\"attachment wp-att-1306\"><img decoding=\"async\" src=\"https:\/\/insulation.trocellen.com\/wp-content\/uploads\/sites\/6\/2013\/12\/carepad-photo-1-1024x490.jpg\" alt=\"carepad-photo\" class=\"wp-image-1306\"\/><\/a><\/figure>\n\n\n\n<p>Poss\u00e9der des objets de valeur est une affaire commune. Avoir une voiture, une motocyclette, une bicyclette ou tout autre \u00e9quipement entra\u00eene la responsabilit\u00e9 de maintenir ces objets de valeur dans la meilleure condition possible.<\/p>\n\n\n\n<p>Toute \u00e9gratignure sur leur vernis, toute d\u00e9formation, m\u00eame infime, de leur corps peut d\u00e9clencher une \u00e9norme perte de leur valeur sur le march\u00e9. Par la suite, cela signifie des co\u00fbts de r\u00e9paration \u00e9lev\u00e9s, et une perte probable des bons d&rsquo;assurance. Nous devons donc prot\u00e9ger nos objets et les sauvegarder dans la meilleure condition possible.<\/p>\n\n\n\n<p>Lors des petites collisions au garage, le mur du b\u00e2timent peut \u00e9galement \u00eatre endommag\u00e9, ce que nous devrions \u00e0 la fois \u00e9viter et pr\u00e9venir.<\/p>\n\n\n\n<p>Enfin, tout accident et toute l\u00e9sion inflig\u00e9s aux humains doivent \u00eatre pr\u00e9venus par des protections efficaces.<\/p>\n\n\n\n<h2 class=\"wp-block-heading\">Densit\u00e9s<\/h2>\n\n\n\n<ul class=\"wp-block-list\">\n<li>mousse PE r\u00e9ticul\u00e9e chimiquement<\/li>\n\n\n\n<li>\u00e9paisseur 10 \u00e0 15 mm<\/li>\n\n\n\n<li>disponible en tailles diverses<\/li>\n\n\n\n<li>Disponible en densit\u00e9s vari\u00e9es sur demande, m\u00eame en rouleau<\/li>\n\n\n\n<li>Utilisable sur murs, piliers, portes, garages communs, garages de centres commerciaux, etc.<\/li>\n<\/ul>\n\n\n\n<figure class=\"wp-block-table\"><table><tbody><tr><td><a href=\"https:\/\/insulation.trocellen.com\/wp-content\/uploads\/sites\/6\/2013\/12\/carepad2-1.jpg\" rel=\"attachment wp-att-1310\"><img loading=\"lazy\" decoding=\"async\" class=\"alignnone size-medium wp-image-1310\" src=\"https:\/\/insulation.trocellen.com\/wp-content\/uploads\/sites\/6\/2013\/12\/carepad2-1-300x201.jpg\" alt=\"carepad2\" width=\"300\" height=\"201\"><\/a><\/td><td><a href=\"https:\/\/insulation.trocellen.com\/wp-content\/uploads\/sites\/6\/2013\/12\/carepad-motor.jpg\" rel=\"attachment wp-att-1313\"><img loading=\"lazy\" decoding=\"async\" class=\"alignnone size-medium wp-image-1313\" src=\"https:\/\/insulation.trocellen.com\/wp-content\/uploads\/sites\/6\/2013\/12\/carepad-motor-300x200.jpg\" alt=\"carepad motor\" width=\"300\" height=\"200\"><\/a><\/td><\/tr><\/tbody><\/table><\/figure>\n\n\n\n<h2 class=\"wp-block-heading\">Applications<\/h2>\n\n\n\n<ul class=\"wp-block-list\">\n<li>Apr\u00e8s l&rsquo;enl\u00e8vement de la feuille auto-adh\u00e9sive, coller le CarePad sur le mur nettoy\u00e9 du garage.<\/li>\n\n\n\n<li>Temp\u00e9ratures d&rsquo;application: entre \u201340\u00b0C et +70\u00b0C, sur une superficie propre<\/li>\n<\/ul>\n\n\n\n<h2 class=\"wp-block-heading\">Propri\u00e9t\u00e9s<\/h2>\n\n\n\n<ul class=\"wp-block-list\">\n<li>Auto-adh\u00e9sif pour une installation facile<\/li>\n\n\n\n<li>L\u00e9ger \/ facile \u00e0 transporter<\/li>\n\n\n\n<li>Flexible<\/li>\n\n\n\n<li>Adh\u00e9sion extra puissante<\/li>\n\n\n\n<li>Bonne capacit\u00e9 de r\u00e9sistance m\u00e9chanique<\/li>\n\n\n\n<li>Stabilit\u00e9 dimensionnelle<\/li>\n\n\n\n<li>Imperm\u00e9able<\/li>\n\n\n\n<li>Non toxique<\/li>\n\n\n\n<li>Respectueux de l\u2019environnement<\/li>\n\n\n\n<li>Esth\u00e9tique attrayante<\/li>\n\n\n\n<li>Disponible en coloris divers sur demande<\/li>\n\n\n\n<li>Personnalisation possible avec votre logo<\/li>\n<\/ul>\n\n\n\n<figure class=\"wp-block-table\"><table><tbody><tr><td><a href=\"https:\/\/insulation.trocellen.com\/wp-content\/uploads\/sites\/6\/2013\/12\/carepad3-1.jpg\" rel=\"attachment wp-att-1317\"><img loading=\"lazy\" decoding=\"async\" class=\"alignnone size-medium wp-image-1317\" src=\"https:\/\/insulation.trocellen.com\/wp-content\/uploads\/sites\/6\/2013\/12\/carepad3-1-300x199.jpg\" alt=\"carepad3\" width=\"300\" height=\"199\"><\/a><\/td><td><a href=\"https:\/\/insulation.trocellen.com\/wp-content\/uploads\/sites\/6\/2013\/12\/carepad4-1.jpg\" rel=\"attachment wp-att-1318\"><img loading=\"lazy\" decoding=\"async\" class=\"alignnone size-medium wp-image-1318\" src=\"https:\/\/insulation.trocellen.com\/wp-content\/uploads\/sites\/6\/2013\/12\/carepad4-1-300x200.jpg\" alt=\"carepad4\" width=\"300\" height=\"200\"><\/a><\/td><\/tr><\/tbody><\/table><\/figure>\n","protected":false},"excerpt":{"rendered":"<p>Poss\u00e9der des objets de valeur est une affaire commune. Avoir une voiture, une motocyclette, une bicyclette ou tout autre \u00e9quipement entra\u00eene la responsabilit\u00e9 de maintenir ces objets de valeur dans la meilleure condition possible. Toute \u00e9gratignure sur leur vernis, toute d\u00e9formation, m\u00eame infime, de leur corps peut d\u00e9clencher une \u00e9norme perte de leur valeur sur [&hellip;]<\/p>\n","protected":false},"author":1,"featured_media":8880,"parent":4129,"menu_order":100,"comment_status":"open","ping_status":"closed","template":"templates\/applications.php","meta":{"_acf_changed":false,"footnotes":""},"class_list":["post-4219","page","type-page","status-publish","has-post-thumbnail","hentry"],"acf":[],"yoast_head":"<!-- This site is optimized with the Yoast SEO plugin v23.5 - https:\/\/yoast.com\/wordpress\/plugins\/seo\/ -->\n<title>Prot\u00e9ger sa voiture et son garage avec Carepad\u00a0!<\/title>\n<meta name=\"description\" content=\"Utilisable sur murs, piliers, portes, garages communs et des centres commerciaux, etc. \u00c0 coller sur le mur nettoy\u00e9 apr\u00e8s l\u2019enl\u00e8vement du film autocollant.\" \/>\n<meta name=\"robots\" content=\"index, follow, max-snippet:-1, max-image-preview:large, max-video-preview:-1\" \/>\n<link rel=\"canonical\" href=\"https:\/\/insulation.trocellen.com\/fr\/applications\/protection-anti-rayure-pour-murs-et-colonnes\/carepad-home-pour-murs\/\" \/>\n<meta property=\"og:locale\" content=\"fr_FR\" \/>\n<meta property=\"og:type\" content=\"article\" \/>\n<meta property=\"og:title\" content=\"Prot\u00e9ger sa voiture et son garage avec Carepad\u00a0!\" \/>\n<meta property=\"og:description\" content=\"Utilisable sur murs, piliers, portes, garages communs et des centres commerciaux, etc. \u00c0 coller sur le mur nettoy\u00e9 apr\u00e8s l\u2019enl\u00e8vement du film autocollant.\" \/>\n<meta property=\"og:url\" content=\"https:\/\/insulation.trocellen.com\/fr\/applications\/protection-anti-rayure-pour-murs-et-colonnes\/carepad-home-pour-murs\/\" \/>\n<meta property=\"og:site_name\" content=\"Trocellen Insulation\" \/>\n<meta property=\"article:modified_time\" content=\"2023-07-10T09:40:49+00:00\" \/>\n<meta property=\"og:image\" content=\"https:\/\/insulation.trocellen.com\/wp-content\/uploads\/sites\/6\/2023\/05\/carepad-fejlec.jpg\" \/>\n\t<meta property=\"og:image:width\" content=\"1920\" \/>\n\t<meta property=\"og:image:height\" content=\"300\" \/>\n\t<meta property=\"og:image:type\" content=\"image\/jpeg\" \/>\n<meta name=\"twitter:card\" content=\"summary_large_image\" \/>\n<meta name=\"twitter:label1\" content=\"Dur\u00e9e de lecture estim\u00e9e\" \/>\n\t<meta name=\"twitter:data1\" content=\"3 minutes\" \/>\n<script type=\"application\/ld+json\" class=\"yoast-schema-graph\">{\"@context\":\"https:\/\/schema.org\",\"@graph\":[{\"@type\":\"WebPage\",\"@id\":\"https:\/\/insulation.trocellen.com\/fr\/applications\/protection-anti-rayure-pour-murs-et-colonnes\/carepad-home-pour-murs\/\",\"url\":\"https:\/\/insulation.trocellen.com\/fr\/applications\/protection-anti-rayure-pour-murs-et-colonnes\/carepad-home-pour-murs\/\",\"name\":\"Prot\u00e9ger sa voiture et son garage avec Carepad\u00a0!\",\"isPartOf\":{\"@id\":\"https:\/\/insulation.trocellen.com\/fr\/#website\"},\"primaryImageOfPage\":{\"@id\":\"https:\/\/insulation.trocellen.com\/fr\/applications\/protection-anti-rayure-pour-murs-et-colonnes\/carepad-home-pour-murs\/#primaryimage\"},\"image\":{\"@id\":\"https:\/\/insulation.trocellen.com\/fr\/applications\/protection-anti-rayure-pour-murs-et-colonnes\/carepad-home-pour-murs\/#primaryimage\"},\"thumbnailUrl\":\"https:\/\/insulation.trocellen.com\/wp-content\/uploads\/sites\/6\/2023\/05\/carepad-fejlec.jpg\",\"datePublished\":\"2013-12-12T17:27:07+00:00\",\"dateModified\":\"2023-07-10T09:40:49+00:00\",\"description\":\"Utilisable sur murs, piliers, portes, garages communs et des centres commerciaux, etc. \u00c0 coller sur le mur nettoy\u00e9 apr\u00e8s l\u2019enl\u00e8vement du film autocollant.\",\"breadcrumb\":{\"@id\":\"https:\/\/insulation.trocellen.com\/fr\/applications\/protection-anti-rayure-pour-murs-et-colonnes\/carepad-home-pour-murs\/#breadcrumb\"},\"inLanguage\":\"fr-FR\",\"potentialAction\":[{\"@type\":\"ReadAction\",\"target\":[\"https:\/\/insulation.trocellen.com\/fr\/applications\/protection-anti-rayure-pour-murs-et-colonnes\/carepad-home-pour-murs\/\"]}]},{\"@type\":\"ImageObject\",\"inLanguage\":\"fr-FR\",\"@id\":\"https:\/\/insulation.trocellen.com\/fr\/applications\/protection-anti-rayure-pour-murs-et-colonnes\/carepad-home-pour-murs\/#primaryimage\",\"url\":\"https:\/\/insulation.trocellen.com\/wp-content\/uploads\/sites\/6\/2023\/05\/carepad-fejlec.jpg\",\"contentUrl\":\"https:\/\/insulation.trocellen.com\/wp-content\/uploads\/sites\/6\/2023\/05\/carepad-fejlec.jpg\",\"width\":1920,\"height\":300},{\"@type\":\"BreadcrumbList\",\"@id\":\"https:\/\/insulation.trocellen.com\/fr\/applications\/protection-anti-rayure-pour-murs-et-colonnes\/carepad-home-pour-murs\/#breadcrumb\",\"itemListElement\":[{\"@type\":\"ListItem\",\"position\":1,\"name\":\"Home\",\"item\":\"https:\/\/insulation.trocellen.com\/fr\/\"},{\"@type\":\"ListItem\",\"position\":2,\"name\":\"Applications\",\"item\":\"https:\/\/insulation.trocellen.com\/fr\/applications\/\"},{\"@type\":\"ListItem\",\"position\":3,\"name\":\"Protection anti-rayure pour murs et colonnes\",\"item\":\"https:\/\/insulation.trocellen.com\/fr\/applications\/protection-anti-rayure-pour-murs-et-colonnes\/\"},{\"@type\":\"ListItem\",\"position\":4,\"name\":\"Carepad &#8211; home pour murs\"}]},{\"@type\":\"WebSite\",\"@id\":\"https:\/\/insulation.trocellen.com\/fr\/#website\",\"url\":\"https:\/\/insulation.trocellen.com\/fr\/\",\"name\":\"Trocellen Insulation\",\"description\":\"\",\"potentialAction\":[{\"@type\":\"SearchAction\",\"target\":{\"@type\":\"EntryPoint\",\"urlTemplate\":\"https:\/\/insulation.trocellen.com\/fr\/?s={search_term_string}\"},\"query-input\":{\"@type\":\"PropertyValueSpecification\",\"valueRequired\":true,\"valueName\":\"search_term_string\"}}],\"inLanguage\":\"fr-FR\"}]}<\/script>\n<!-- \/ Yoast SEO plugin. -->","yoast_head_json":{"title":"Prot\u00e9ger sa voiture et son garage avec Carepad\u00a0!","description":"Utilisable sur murs, piliers, portes, garages communs et des centres commerciaux, etc. \u00c0 coller sur le mur nettoy\u00e9 apr\u00e8s l\u2019enl\u00e8vement du film autocollant.","robots":{"index":"index","follow":"follow","max-snippet":"max-snippet:-1","max-image-preview":"max-image-preview:large","max-video-preview":"max-video-preview:-1"},"canonical":"https:\/\/insulation.trocellen.com\/fr\/applications\/protection-anti-rayure-pour-murs-et-colonnes\/carepad-home-pour-murs\/","og_locale":"fr_FR","og_type":"article","og_title":"Prot\u00e9ger sa voiture et son garage avec Carepad\u00a0!","og_description":"Utilisable sur murs, piliers, portes, garages communs et des centres commerciaux, etc. \u00c0 coller sur le mur nettoy\u00e9 apr\u00e8s l\u2019enl\u00e8vement du film autocollant.","og_url":"https:\/\/insulation.trocellen.com\/fr\/applications\/protection-anti-rayure-pour-murs-et-colonnes\/carepad-home-pour-murs\/","og_site_name":"Trocellen Insulation","article_modified_time":"2023-07-10T09:40:49+00:00","og_image":[{"width":1920,"height":300,"url":"https:\/\/insulation.trocellen.com\/wp-content\/uploads\/sites\/6\/2023\/05\/carepad-fejlec.jpg","type":"image\/jpeg"}],"twitter_card":"summary_large_image","twitter_misc":{"Dur\u00e9e de lecture estim\u00e9e":"3 minutes"},"schema":{"@context":"https:\/\/schema.org","@graph":[{"@type":"WebPage","@id":"https:\/\/insulation.trocellen.com\/fr\/applications\/protection-anti-rayure-pour-murs-et-colonnes\/carepad-home-pour-murs\/","url":"https:\/\/insulation.trocellen.com\/fr\/applications\/protection-anti-rayure-pour-murs-et-colonnes\/carepad-home-pour-murs\/","name":"Prot\u00e9ger sa voiture et son garage avec Carepad\u00a0!","isPartOf":{"@id":"https:\/\/insulation.trocellen.com\/fr\/#website"},"primaryImageOfPage":{"@id":"https:\/\/insulation.trocellen.com\/fr\/applications\/protection-anti-rayure-pour-murs-et-colonnes\/carepad-home-pour-murs\/#primaryimage"},"image":{"@id":"https:\/\/insulation.trocellen.com\/fr\/applications\/protection-anti-rayure-pour-murs-et-colonnes\/carepad-home-pour-murs\/#primaryimage"},"thumbnailUrl":"https:\/\/insulation.trocellen.com\/wp-content\/uploads\/sites\/6\/2023\/05\/carepad-fejlec.jpg","datePublished":"2013-12-12T17:27:07+00:00","dateModified":"2023-07-10T09:40:49+00:00","description":"Utilisable sur murs, piliers, portes, garages communs et des centres commerciaux, etc. \u00c0 coller sur le mur nettoy\u00e9 apr\u00e8s l\u2019enl\u00e8vement du film autocollant.","breadcrumb":{"@id":"https:\/\/insulation.trocellen.com\/fr\/applications\/protection-anti-rayure-pour-murs-et-colonnes\/carepad-home-pour-murs\/#breadcrumb"},"inLanguage":"fr-FR","potentialAction":[{"@type":"ReadAction","target":["https:\/\/insulation.trocellen.com\/fr\/applications\/protection-anti-rayure-pour-murs-et-colonnes\/carepad-home-pour-murs\/"]}]},{"@type":"ImageObject","inLanguage":"fr-FR","@id":"https:\/\/insulation.trocellen.com\/fr\/applications\/protection-anti-rayure-pour-murs-et-colonnes\/carepad-home-pour-murs\/#primaryimage","url":"https:\/\/insulation.trocellen.com\/wp-content\/uploads\/sites\/6\/2023\/05\/carepad-fejlec.jpg","contentUrl":"https:\/\/insulation.trocellen.com\/wp-content\/uploads\/sites\/6\/2023\/05\/carepad-fejlec.jpg","width":1920,"height":300},{"@type":"BreadcrumbList","@id":"https:\/\/insulation.trocellen.com\/fr\/applications\/protection-anti-rayure-pour-murs-et-colonnes\/carepad-home-pour-murs\/#breadcrumb","itemListElement":[{"@type":"ListItem","position":1,"name":"Home","item":"https:\/\/insulation.trocellen.com\/fr\/"},{"@type":"ListItem","position":2,"name":"Applications","item":"https:\/\/insulation.trocellen.com\/fr\/applications\/"},{"@type":"ListItem","position":3,"name":"Protection anti-rayure pour murs et colonnes","item":"https:\/\/insulation.trocellen.com\/fr\/applications\/protection-anti-rayure-pour-murs-et-colonnes\/"},{"@type":"ListItem","position":4,"name":"Carepad &#8211; home pour murs"}]},{"@type":"WebSite","@id":"https:\/\/insulation.trocellen.com\/fr\/#website","url":"https:\/\/insulation.trocellen.com\/fr\/","name":"Trocellen Insulation","description":"","potentialAction":[{"@type":"SearchAction","target":{"@type":"EntryPoint","urlTemplate":"https:\/\/insulation.trocellen.com\/fr\/?s={search_term_string}"},"query-input":{"@type":"PropertyValueSpecification","valueRequired":true,"valueName":"search_term_string"}}],"inLanguage":"fr-FR"}]}},"_links":{"self":[{"href":"https:\/\/insulation.trocellen.com\/fr\/wp-json\/wp\/v2\/pages\/4219","targetHints":{"allow":["GET"]}}],"collection":[{"href":"https:\/\/insulation.trocellen.com\/fr\/wp-json\/wp\/v2\/pages"}],"about":[{"href":"https:\/\/insulation.trocellen.com\/fr\/wp-json\/wp\/v2\/types\/page"}],"author":[{"embeddable":true,"href":"https:\/\/insulation.trocellen.com\/fr\/wp-json\/wp\/v2\/users\/1"}],"replies":[{"embeddable":true,"href":"https:\/\/insulation.trocellen.com\/fr\/wp-json\/wp\/v2\/comments?post=4219"}],"version-history":[{"count":2,"href":"https:\/\/insulation.trocellen.com\/fr\/wp-json\/wp\/v2\/pages\/4219\/revisions"}],"predecessor-version":[{"id":9737,"href":"https:\/\/insulation.trocellen.com\/fr\/wp-json\/wp\/v2\/pages\/4219\/revisions\/9737"}],"up":[{"embeddable":true,"href":"https:\/\/insulation.trocellen.com\/fr\/wp-json\/wp\/v2\/pages\/4129"}],"wp:featuredmedia":[{"embeddable":true,"href":"https:\/\/insulation.trocellen.com\/fr\/wp-json\/wp\/v2\/media\/8880"}],"wp:attachment":[{"href":"https:\/\/insulation.trocellen.com\/fr\/wp-json\/wp\/v2\/media?parent=4219"}],"curies":[{"name":"wp","href":"https:\/\/api.w.org\/{rel}","templated":true}]}}