{"id":4213,"date":"2013-12-12T17:26:32","date_gmt":"2013-12-12T17:26:32","guid":{"rendered":"https:\/\/insulation-new.trocellen.com\/airsilent\/"},"modified":"2024-04-08T09:10:25","modified_gmt":"2024-04-08T09:10:25","slug":"airsilent","status":"publish","type":"page","link":"https:\/\/insulation.trocellen.com\/fr\/applications\/isolation-sonore-pour-tuyauterie-devacuation\/airsilent\/","title":{"rendered":"Airsilent"},"content":{"rendered":"<p>De nombreuses sources de bruit sont pr\u00e9sentes dans nos maisons et dans notre vie en g\u00e9n\u00e9ral. Trocellen continue \u00e0 d\u00e9velopper des mousses afin d\u2019offrir la meilleure isolation thermique et acoustique pour accro\u00eetre votre confort.<\/p>\n<h2>Le produit<\/h2>\n<p>Mousse de polyur\u00e9thane-polyester \u00e0 cellules ouvertes, flexible, utilis\u00e9e pour l&rsquo;absorption acoustique. Airsilent peut \u00eatre d\u00e9coup\u00e9 en formes de pierre taill\u00e9e ou de pyramide, rendant le produit esth\u00e9tiquement int\u00e9ressant lorsqu&rsquo;il est utilis\u00e9 de mani\u00e8re apparente.<\/p>\n<h3>Caract\u00e9ristiques physico-thermiques<\/h3>\n<p><a href=\"https:\/\/insulation.trocellen.com\/wp-content\/uploads\/sites\/6\/2013\/12\/Airsilent_gamma-completa_small.jpg\" rel=\"attachment wp-att-978\"><img loading=\"lazy\" decoding=\"async\" src=\"https:\/\/insulation.trocellen.com\/wp-content\/uploads\/sites\/6\/2013\/12\/Airsilent_gamma-completa_small.jpg\" alt=\"Airsilent_gamma-completa_small\" class=\"size-full wp-image-978 alignright\" width=\"150\" height=\"100\"><\/a><\/p>\n<ul>\n<li>Densit\u00e9: 25 \u00e0 30 kg\/m3<\/li>\n<li>Coloris: Anthracite<\/li>\n<li>Structure cellulaire uniforme<\/li>\n<li>R\u00e9sistance aux flux d&rsquo;air avec une am\u00e9lioration cons\u00e9quente de l&rsquo;absorption acoustique<\/li>\n<li>Augmentation de l&rsquo;hyst\u00e9r\u00e9sis et \u00e9lasticit\u00e9 r\u00e9duite pour une absorption des chocs am\u00e9lior\u00e9e<\/li>\n<li>R\u00e9sistante aux solvants organiques<\/li>\n<li>R\u00e9sistante \u00e0 l&rsquo;\u00e9tirement et \u00e0 la d\u00e9chirure<\/li>\n<li>Inalt\u00e9rable<\/li>\n<li>R\u00e9sistant aux temp\u00e9ratures entre -20 \u00b0C et + 120 \u00b0C<\/li>\n<\/ul>\n<h3>Gamme de produits<\/h3>\n<h4>Airsilent plat:<\/h4>\n<ul>\n<li>Type K- couleur anthracite<\/li>\n<li>Type KP- avec un film polyol\u00e9fine noir emboss\u00e9 sur une face<\/li>\n<li>Type AL- avec un film polyol\u00e9fine m\u00e9tallis\u00e9 emboss\u00e9 sur une face.<\/li>\n<li>Type K-ALU- avec feuille d&rsquo;aluminium micro-perfor\u00e9e sur une face<\/li>\n<li>Disponible dans des \u00e9paisseurs et des longueurs de rouleau diff\u00e9rentes<\/li>\n<li>Le film noir ou m\u00e9tallique est appliqu\u00e9 comme protection a la poussiere et l&rsquo;humidit\u00e9 et prolonge la dur\u00e9e de vie du produit.<\/li>\n<\/ul>\n<p><img loading=\"lazy\" decoding=\"async\" class=\"size-thumbnail wp-image-144 alignright\" alt=\"airsilent2\" src=\"https:\/\/insulation.trocellen.com\/wp-content\/uploads\/sites\/6\/2013\/12\/airsilent2-150x150.jpg\" width=\"150\" height=\"150\"><\/p>\n<h4>Airsilent alv\u00e9olaire:<\/h4>\n<ul>\n<li>Type K &#8211; couleur anthracite<\/li>\n<li>Disponible dans des \u00e9paisseurs et des longueurs de rouleau diff\u00e9rentes<\/li>\n<li>l&rsquo;\u00e9paisseur de 40 mm disponible en feuilles de 1m sur 2<\/li>\n<\/ul>\n","protected":false},"excerpt":{"rendered":"<p>De nombreuses sources de bruit sont pr\u00e9sentes dans nos maisons et dans notre vie en g\u00e9n\u00e9ral. Trocellen continue \u00e0 d\u00e9velopper des mousses afin d\u2019offrir la meilleure isolation thermique et acoustique pour accro\u00eetre votre confort. Le produit Mousse de polyur\u00e9thane-polyester \u00e0 cellules ouvertes, flexible, utilis\u00e9e pour l&rsquo;absorption acoustique. Airsilent peut \u00eatre d\u00e9coup\u00e9 en formes de pierre [&hellip;]<\/p>\n","protected":false},"author":1,"featured_media":8847,"parent":4123,"menu_order":400,"comment_status":"open","ping_status":"closed","template":"templates\/applications.php","meta":{"_acf_changed":false,"footnotes":""},"class_list":["post-4213","page","type-page","status-publish","has-post-thumbnail","hentry"],"acf":[],"yoast_head":"<!-- This site is optimized with the Yoast SEO plugin v23.5 - https:\/\/yoast.com\/wordpress\/plugins\/seo\/ -->\n<title>Trocellen Airsilent est un isolant sonore professionnel<\/title>\n<meta name=\"description\" content=\"Mousse de polyur\u00e9thane-polyester \u00e0 cellules ouvertes, flexible, utilis\u00e9e pour l\u2019insonorisation. Coup\u00e9 en pyramide, le produit est esth\u00e9tiquement agr\u00e9able.\" \/>\n<meta name=\"robots\" content=\"index, follow, max-snippet:-1, max-image-preview:large, max-video-preview:-1\" \/>\n<link rel=\"canonical\" href=\"https:\/\/insulation.trocellen.com\/fr\/applications\/isolation-sonore-pour-tuyauterie-devacuation\/airsilent\/\" \/>\n<meta property=\"og:locale\" content=\"fr_FR\" \/>\n<meta property=\"og:type\" content=\"article\" \/>\n<meta property=\"og:title\" content=\"Trocellen Airsilent est un isolant sonore professionnel\" \/>\n<meta property=\"og:description\" content=\"Mousse de polyur\u00e9thane-polyester \u00e0 cellules ouvertes, flexible, utilis\u00e9e pour l\u2019insonorisation. Coup\u00e9 en pyramide, le produit est esth\u00e9tiquement agr\u00e9able.\" \/>\n<meta property=\"og:url\" content=\"https:\/\/insulation.trocellen.com\/fr\/applications\/isolation-sonore-pour-tuyauterie-devacuation\/airsilent\/\" \/>\n<meta property=\"og:site_name\" content=\"Trocellen Insulation\" \/>\n<meta property=\"article:modified_time\" content=\"2024-04-08T09:10:25+00:00\" \/>\n<meta property=\"og:image\" content=\"https:\/\/insulation.trocellen.com\/wp-content\/uploads\/sites\/6\/2023\/05\/drain-pipe-fejlec.jpg\" \/>\n\t<meta property=\"og:image:width\" content=\"1920\" \/>\n\t<meta property=\"og:image:height\" content=\"300\" \/>\n\t<meta property=\"og:image:type\" content=\"image\/jpeg\" \/>\n<meta name=\"twitter:card\" content=\"summary_large_image\" \/>\n<meta name=\"twitter:label1\" content=\"Dur\u00e9e de lecture estim\u00e9e\" \/>\n\t<meta name=\"twitter:data1\" content=\"2 minutes\" \/>\n<script type=\"application\/ld+json\" class=\"yoast-schema-graph\">{\"@context\":\"https:\/\/schema.org\",\"@graph\":[{\"@type\":\"WebPage\",\"@id\":\"https:\/\/insulation.trocellen.com\/fr\/applications\/isolation-sonore-pour-tuyauterie-devacuation\/airsilent\/\",\"url\":\"https:\/\/insulation.trocellen.com\/fr\/applications\/isolation-sonore-pour-tuyauterie-devacuation\/airsilent\/\",\"name\":\"Trocellen Airsilent est un isolant sonore professionnel\",\"isPartOf\":{\"@id\":\"https:\/\/insulation.trocellen.com\/fr\/#website\"},\"primaryImageOfPage\":{\"@id\":\"https:\/\/insulation.trocellen.com\/fr\/applications\/isolation-sonore-pour-tuyauterie-devacuation\/airsilent\/#primaryimage\"},\"image\":{\"@id\":\"https:\/\/insulation.trocellen.com\/fr\/applications\/isolation-sonore-pour-tuyauterie-devacuation\/airsilent\/#primaryimage\"},\"thumbnailUrl\":\"https:\/\/insulation.trocellen.com\/wp-content\/uploads\/sites\/6\/2023\/05\/drain-pipe-fejlec.jpg\",\"datePublished\":\"2013-12-12T17:26:32+00:00\",\"dateModified\":\"2024-04-08T09:10:25+00:00\",\"description\":\"Mousse de polyur\u00e9thane-polyester \u00e0 cellules ouvertes, flexible, utilis\u00e9e pour l\u2019insonorisation. Coup\u00e9 en pyramide, le produit est esth\u00e9tiquement agr\u00e9able.\",\"breadcrumb\":{\"@id\":\"https:\/\/insulation.trocellen.com\/fr\/applications\/isolation-sonore-pour-tuyauterie-devacuation\/airsilent\/#breadcrumb\"},\"inLanguage\":\"fr-FR\",\"potentialAction\":[{\"@type\":\"ReadAction\",\"target\":[\"https:\/\/insulation.trocellen.com\/fr\/applications\/isolation-sonore-pour-tuyauterie-devacuation\/airsilent\/\"]}]},{\"@type\":\"ImageObject\",\"inLanguage\":\"fr-FR\",\"@id\":\"https:\/\/insulation.trocellen.com\/fr\/applications\/isolation-sonore-pour-tuyauterie-devacuation\/airsilent\/#primaryimage\",\"url\":\"https:\/\/insulation.trocellen.com\/wp-content\/uploads\/sites\/6\/2023\/05\/drain-pipe-fejlec.jpg\",\"contentUrl\":\"https:\/\/insulation.trocellen.com\/wp-content\/uploads\/sites\/6\/2023\/05\/drain-pipe-fejlec.jpg\",\"width\":1920,\"height\":300},{\"@type\":\"BreadcrumbList\",\"@id\":\"https:\/\/insulation.trocellen.com\/fr\/applications\/isolation-sonore-pour-tuyauterie-devacuation\/airsilent\/#breadcrumb\",\"itemListElement\":[{\"@type\":\"ListItem\",\"position\":1,\"name\":\"Home\",\"item\":\"https:\/\/insulation.trocellen.com\/fr\/\"},{\"@type\":\"ListItem\",\"position\":2,\"name\":\"Applications\",\"item\":\"https:\/\/insulation.trocellen.com\/fr\/applications\/\"},{\"@type\":\"ListItem\",\"position\":3,\"name\":\"Isolation sonore pour tuyauterie d\u2019\u00e9vacuation\",\"item\":\"https:\/\/insulation.trocellen.com\/fr\/applications\/isolation-sonore-pour-tuyauterie-devacuation\/\"},{\"@type\":\"ListItem\",\"position\":4,\"name\":\"Airsilent\"}]},{\"@type\":\"WebSite\",\"@id\":\"https:\/\/insulation.trocellen.com\/fr\/#website\",\"url\":\"https:\/\/insulation.trocellen.com\/fr\/\",\"name\":\"Trocellen Insulation\",\"description\":\"\",\"potentialAction\":[{\"@type\":\"SearchAction\",\"target\":{\"@type\":\"EntryPoint\",\"urlTemplate\":\"https:\/\/insulation.trocellen.com\/fr\/?s={search_term_string}\"},\"query-input\":{\"@type\":\"PropertyValueSpecification\",\"valueRequired\":true,\"valueName\":\"search_term_string\"}}],\"inLanguage\":\"fr-FR\"}]}<\/script>\n<!-- \/ Yoast SEO plugin. -->","yoast_head_json":{"title":"Trocellen Airsilent est un isolant sonore professionnel","description":"Mousse de polyur\u00e9thane-polyester \u00e0 cellules ouvertes, flexible, utilis\u00e9e pour l\u2019insonorisation. Coup\u00e9 en pyramide, le produit est esth\u00e9tiquement agr\u00e9able.","robots":{"index":"index","follow":"follow","max-snippet":"max-snippet:-1","max-image-preview":"max-image-preview:large","max-video-preview":"max-video-preview:-1"},"canonical":"https:\/\/insulation.trocellen.com\/fr\/applications\/isolation-sonore-pour-tuyauterie-devacuation\/airsilent\/","og_locale":"fr_FR","og_type":"article","og_title":"Trocellen Airsilent est un isolant sonore professionnel","og_description":"Mousse de polyur\u00e9thane-polyester \u00e0 cellules ouvertes, flexible, utilis\u00e9e pour l\u2019insonorisation. Coup\u00e9 en pyramide, le produit est esth\u00e9tiquement agr\u00e9able.","og_url":"https:\/\/insulation.trocellen.com\/fr\/applications\/isolation-sonore-pour-tuyauterie-devacuation\/airsilent\/","og_site_name":"Trocellen Insulation","article_modified_time":"2024-04-08T09:10:25+00:00","og_image":[{"width":1920,"height":300,"url":"https:\/\/insulation.trocellen.com\/wp-content\/uploads\/sites\/6\/2023\/05\/drain-pipe-fejlec.jpg","type":"image\/jpeg"}],"twitter_card":"summary_large_image","twitter_misc":{"Dur\u00e9e de lecture estim\u00e9e":"2 minutes"},"schema":{"@context":"https:\/\/schema.org","@graph":[{"@type":"WebPage","@id":"https:\/\/insulation.trocellen.com\/fr\/applications\/isolation-sonore-pour-tuyauterie-devacuation\/airsilent\/","url":"https:\/\/insulation.trocellen.com\/fr\/applications\/isolation-sonore-pour-tuyauterie-devacuation\/airsilent\/","name":"Trocellen Airsilent est un isolant sonore professionnel","isPartOf":{"@id":"https:\/\/insulation.trocellen.com\/fr\/#website"},"primaryImageOfPage":{"@id":"https:\/\/insulation.trocellen.com\/fr\/applications\/isolation-sonore-pour-tuyauterie-devacuation\/airsilent\/#primaryimage"},"image":{"@id":"https:\/\/insulation.trocellen.com\/fr\/applications\/isolation-sonore-pour-tuyauterie-devacuation\/airsilent\/#primaryimage"},"thumbnailUrl":"https:\/\/insulation.trocellen.com\/wp-content\/uploads\/sites\/6\/2023\/05\/drain-pipe-fejlec.jpg","datePublished":"2013-12-12T17:26:32+00:00","dateModified":"2024-04-08T09:10:25+00:00","description":"Mousse de polyur\u00e9thane-polyester \u00e0 cellules ouvertes, flexible, utilis\u00e9e pour l\u2019insonorisation. Coup\u00e9 en pyramide, le produit est esth\u00e9tiquement agr\u00e9able.","breadcrumb":{"@id":"https:\/\/insulation.trocellen.com\/fr\/applications\/isolation-sonore-pour-tuyauterie-devacuation\/airsilent\/#breadcrumb"},"inLanguage":"fr-FR","potentialAction":[{"@type":"ReadAction","target":["https:\/\/insulation.trocellen.com\/fr\/applications\/isolation-sonore-pour-tuyauterie-devacuation\/airsilent\/"]}]},{"@type":"ImageObject","inLanguage":"fr-FR","@id":"https:\/\/insulation.trocellen.com\/fr\/applications\/isolation-sonore-pour-tuyauterie-devacuation\/airsilent\/#primaryimage","url":"https:\/\/insulation.trocellen.com\/wp-content\/uploads\/sites\/6\/2023\/05\/drain-pipe-fejlec.jpg","contentUrl":"https:\/\/insulation.trocellen.com\/wp-content\/uploads\/sites\/6\/2023\/05\/drain-pipe-fejlec.jpg","width":1920,"height":300},{"@type":"BreadcrumbList","@id":"https:\/\/insulation.trocellen.com\/fr\/applications\/isolation-sonore-pour-tuyauterie-devacuation\/airsilent\/#breadcrumb","itemListElement":[{"@type":"ListItem","position":1,"name":"Home","item":"https:\/\/insulation.trocellen.com\/fr\/"},{"@type":"ListItem","position":2,"name":"Applications","item":"https:\/\/insulation.trocellen.com\/fr\/applications\/"},{"@type":"ListItem","position":3,"name":"Isolation sonore pour tuyauterie d\u2019\u00e9vacuation","item":"https:\/\/insulation.trocellen.com\/fr\/applications\/isolation-sonore-pour-tuyauterie-devacuation\/"},{"@type":"ListItem","position":4,"name":"Airsilent"}]},{"@type":"WebSite","@id":"https:\/\/insulation.trocellen.com\/fr\/#website","url":"https:\/\/insulation.trocellen.com\/fr\/","name":"Trocellen Insulation","description":"","potentialAction":[{"@type":"SearchAction","target":{"@type":"EntryPoint","urlTemplate":"https:\/\/insulation.trocellen.com\/fr\/?s={search_term_string}"},"query-input":{"@type":"PropertyValueSpecification","valueRequired":true,"valueName":"search_term_string"}}],"inLanguage":"fr-FR"}]}},"_links":{"self":[{"href":"https:\/\/insulation.trocellen.com\/fr\/wp-json\/wp\/v2\/pages\/4213","targetHints":{"allow":["GET"]}}],"collection":[{"href":"https:\/\/insulation.trocellen.com\/fr\/wp-json\/wp\/v2\/pages"}],"about":[{"href":"https:\/\/insulation.trocellen.com\/fr\/wp-json\/wp\/v2\/types\/page"}],"author":[{"embeddable":true,"href":"https:\/\/insulation.trocellen.com\/fr\/wp-json\/wp\/v2\/users\/1"}],"replies":[{"embeddable":true,"href":"https:\/\/insulation.trocellen.com\/fr\/wp-json\/wp\/v2\/comments?post=4213"}],"version-history":[{"count":3,"href":"https:\/\/insulation.trocellen.com\/fr\/wp-json\/wp\/v2\/pages\/4213\/revisions"}],"predecessor-version":[{"id":10714,"href":"https:\/\/insulation.trocellen.com\/fr\/wp-json\/wp\/v2\/pages\/4213\/revisions\/10714"}],"up":[{"embeddable":true,"href":"https:\/\/insulation.trocellen.com\/fr\/wp-json\/wp\/v2\/pages\/4123"}],"wp:featuredmedia":[{"embeddable":true,"href":"https:\/\/insulation.trocellen.com\/fr\/wp-json\/wp\/v2\/media\/8847"}],"wp:attachment":[{"href":"https:\/\/insulation.trocellen.com\/fr\/wp-json\/wp\/v2\/media?parent=4213"}],"curies":[{"name":"wp","href":"https:\/\/api.w.org\/{rel}","templated":true}]}}