{"id":4195,"date":"2013-12-12T17:21:35","date_gmt":"2013-12-12T17:21:35","guid":{"rendered":"https:\/\/insulation-new.trocellen.com\/isolmass-pour-murs-legers-et-solsisolmass-pour-murs-legers-et-sols\/"},"modified":"2024-04-08T08:57:16","modified_gmt":"2024-04-08T08:57:16","slug":"isolmass-pour-murs-legers-et-sols","status":"publish","type":"page","link":"https:\/\/insulation.trocellen.com\/fr\/applications\/isolation-sonore-pour-murs-et-toitures\/isolmass-pour-murs-legers-et-sols\/","title":{"rendered":"Isolmass pour murs l\u00e9gers et sols"},"content":{"rendered":"<p>Isolmass est une solution alternative d\u2019isolation sonore. Trocellen a mis au point Isolmass afin de satisfaire les clients qui pr\u00e9f\u00e8rent ne pas utiliser de plomb dans le cadre de l\u2019isolation sonore.<\/p>\n<p>Les produits Isolmass sont des mousses multicouches Trocellen, compos\u00e9s d\u2019une couche lourde de polyol\u00e9fine, et lamin\u00e9s avec des mat\u00e9riaux flexibles, r\u00e9silients et absorbant le son.<\/p>\n<h3>Avantages de la couche lourde de PO par rapport au plomb<\/h3>\n<ul>\n<li>Non toxique<\/li>\n<li>S\u2019associe facilement aux mousses Trocellen pour obtenir un produit enti\u00e8rement r\u00e9utilisable<\/li>\n<li>Largeur de rouleaux &gt; 1m<\/li>\n<\/ul>\n<h2>Isolmass pour murs et sols l\u00e9gers<\/h2>\n<p>Nous proposons des solutions composites diff\u00e9rentes \u00e0 utiliser au quotidien dans le secteur de la construction : manchon lourd + tapis flexible Trocellen<\/p>\n","protected":false},"excerpt":{"rendered":"<p>Isolmass est une solution alternative d\u2019isolation sonore. Trocellen a mis au point Isolmass afin de satisfaire les clients qui pr\u00e9f\u00e8rent ne pas utiliser de plomb dans le cadre de l\u2019isolation sonore. Les produits Isolmass sont des mousses multicouches Trocellen, compos\u00e9s d\u2019une couche lourde de polyol\u00e9fine, et lamin\u00e9s avec des mat\u00e9riaux flexibles, r\u00e9silients et absorbant le [&hellip;]<\/p>\n","protected":false},"author":1,"featured_media":0,"parent":4117,"menu_order":500,"comment_status":"open","ping_status":"closed","template":"templates\/applications.php","meta":{"_acf_changed":false,"footnotes":""},"class_list":["post-4195","page","type-page","status-publish","hentry"],"acf":[],"yoast_head":"<!-- This site is optimized with the Yoast SEO plugin v23.5 - https:\/\/yoast.com\/wordpress\/plugins\/seo\/ -->\n<title>Isolmass est id\u00e9al pour l\u2019insonorisation des cloisons<\/title>\n<meta name=\"description\" content=\"La gamme Isolmass comprend des solutions acoustiques professionnelles pour usage dans le secteur du b\u00e2timent\u00a0: manchon lourd + tapis Trocellen r\u00e9silients\" \/>\n<meta name=\"robots\" content=\"index, follow, max-snippet:-1, max-image-preview:large, max-video-preview:-1\" \/>\n<link rel=\"canonical\" href=\"https:\/\/insulation.trocellen.com\/fr\/applications\/isolation-sonore-pour-murs-et-toitures\/isolmass-pour-murs-legers-et-sols\/\" \/>\n<meta property=\"og:locale\" content=\"fr_FR\" \/>\n<meta property=\"og:type\" content=\"article\" \/>\n<meta property=\"og:title\" content=\"Isolmass est id\u00e9al pour l\u2019insonorisation des cloisons\" \/>\n<meta property=\"og:description\" content=\"La gamme Isolmass comprend des solutions acoustiques professionnelles pour usage dans le secteur du b\u00e2timent\u00a0: manchon lourd + tapis Trocellen r\u00e9silients\" \/>\n<meta property=\"og:url\" content=\"https:\/\/insulation.trocellen.com\/fr\/applications\/isolation-sonore-pour-murs-et-toitures\/isolmass-pour-murs-legers-et-sols\/\" \/>\n<meta property=\"og:site_name\" content=\"Trocellen Insulation\" \/>\n<meta property=\"article:modified_time\" content=\"2024-04-08T08:57:16+00:00\" \/>\n<meta name=\"twitter:card\" content=\"summary_large_image\" \/>\n<meta name=\"twitter:label1\" content=\"Dur\u00e9e de lecture estim\u00e9e\" \/>\n\t<meta name=\"twitter:data1\" content=\"1 minute\" \/>\n<script type=\"application\/ld+json\" class=\"yoast-schema-graph\">{\"@context\":\"https:\/\/schema.org\",\"@graph\":[{\"@type\":\"WebPage\",\"@id\":\"https:\/\/insulation.trocellen.com\/fr\/applications\/isolation-sonore-pour-murs-et-toitures\/isolmass-pour-murs-legers-et-sols\/\",\"url\":\"https:\/\/insulation.trocellen.com\/fr\/applications\/isolation-sonore-pour-murs-et-toitures\/isolmass-pour-murs-legers-et-sols\/\",\"name\":\"Isolmass est id\u00e9al pour l\u2019insonorisation des cloisons\",\"isPartOf\":{\"@id\":\"https:\/\/insulation.trocellen.com\/fr\/#website\"},\"datePublished\":\"2013-12-12T17:21:35+00:00\",\"dateModified\":\"2024-04-08T08:57:16+00:00\",\"description\":\"La gamme Isolmass comprend des solutions acoustiques professionnelles pour usage dans le secteur du b\u00e2timent\u00a0: manchon lourd + tapis Trocellen r\u00e9silients\",\"breadcrumb\":{\"@id\":\"https:\/\/insulation.trocellen.com\/fr\/applications\/isolation-sonore-pour-murs-et-toitures\/isolmass-pour-murs-legers-et-sols\/#breadcrumb\"},\"inLanguage\":\"fr-FR\",\"potentialAction\":[{\"@type\":\"ReadAction\",\"target\":[\"https:\/\/insulation.trocellen.com\/fr\/applications\/isolation-sonore-pour-murs-et-toitures\/isolmass-pour-murs-legers-et-sols\/\"]}]},{\"@type\":\"BreadcrumbList\",\"@id\":\"https:\/\/insulation.trocellen.com\/fr\/applications\/isolation-sonore-pour-murs-et-toitures\/isolmass-pour-murs-legers-et-sols\/#breadcrumb\",\"itemListElement\":[{\"@type\":\"ListItem\",\"position\":1,\"name\":\"Home\",\"item\":\"https:\/\/insulation.trocellen.com\/fr\/\"},{\"@type\":\"ListItem\",\"position\":2,\"name\":\"Applications\",\"item\":\"https:\/\/insulation.trocellen.com\/fr\/applications\/\"},{\"@type\":\"ListItem\",\"position\":3,\"name\":\"Isolation sonore pour murs et toitures\",\"item\":\"https:\/\/insulation.trocellen.com\/fr\/applications\/isolation-sonore-pour-murs-et-toitures\/\"},{\"@type\":\"ListItem\",\"position\":4,\"name\":\"Isolmass pour murs l\u00e9gers et sols\"}]},{\"@type\":\"WebSite\",\"@id\":\"https:\/\/insulation.trocellen.com\/fr\/#website\",\"url\":\"https:\/\/insulation.trocellen.com\/fr\/\",\"name\":\"Trocellen Insulation\",\"description\":\"\",\"potentialAction\":[{\"@type\":\"SearchAction\",\"target\":{\"@type\":\"EntryPoint\",\"urlTemplate\":\"https:\/\/insulation.trocellen.com\/fr\/?s={search_term_string}\"},\"query-input\":{\"@type\":\"PropertyValueSpecification\",\"valueRequired\":true,\"valueName\":\"search_term_string\"}}],\"inLanguage\":\"fr-FR\"}]}<\/script>\n<!-- \/ Yoast SEO plugin. -->","yoast_head_json":{"title":"Isolmass est id\u00e9al pour l\u2019insonorisation des cloisons","description":"La gamme Isolmass comprend des solutions acoustiques professionnelles pour usage dans le secteur du b\u00e2timent\u00a0: manchon lourd + tapis Trocellen r\u00e9silients","robots":{"index":"index","follow":"follow","max-snippet":"max-snippet:-1","max-image-preview":"max-image-preview:large","max-video-preview":"max-video-preview:-1"},"canonical":"https:\/\/insulation.trocellen.com\/fr\/applications\/isolation-sonore-pour-murs-et-toitures\/isolmass-pour-murs-legers-et-sols\/","og_locale":"fr_FR","og_type":"article","og_title":"Isolmass est id\u00e9al pour l\u2019insonorisation des cloisons","og_description":"La gamme Isolmass comprend des solutions acoustiques professionnelles pour usage dans le secteur du b\u00e2timent\u00a0: manchon lourd + tapis Trocellen r\u00e9silients","og_url":"https:\/\/insulation.trocellen.com\/fr\/applications\/isolation-sonore-pour-murs-et-toitures\/isolmass-pour-murs-legers-et-sols\/","og_site_name":"Trocellen Insulation","article_modified_time":"2024-04-08T08:57:16+00:00","twitter_card":"summary_large_image","twitter_misc":{"Dur\u00e9e de lecture estim\u00e9e":"1 minute"},"schema":{"@context":"https:\/\/schema.org","@graph":[{"@type":"WebPage","@id":"https:\/\/insulation.trocellen.com\/fr\/applications\/isolation-sonore-pour-murs-et-toitures\/isolmass-pour-murs-legers-et-sols\/","url":"https:\/\/insulation.trocellen.com\/fr\/applications\/isolation-sonore-pour-murs-et-toitures\/isolmass-pour-murs-legers-et-sols\/","name":"Isolmass est id\u00e9al pour l\u2019insonorisation des cloisons","isPartOf":{"@id":"https:\/\/insulation.trocellen.com\/fr\/#website"},"datePublished":"2013-12-12T17:21:35+00:00","dateModified":"2024-04-08T08:57:16+00:00","description":"La gamme Isolmass comprend des solutions acoustiques professionnelles pour usage dans le secteur du b\u00e2timent\u00a0: manchon lourd + tapis Trocellen r\u00e9silients","breadcrumb":{"@id":"https:\/\/insulation.trocellen.com\/fr\/applications\/isolation-sonore-pour-murs-et-toitures\/isolmass-pour-murs-legers-et-sols\/#breadcrumb"},"inLanguage":"fr-FR","potentialAction":[{"@type":"ReadAction","target":["https:\/\/insulation.trocellen.com\/fr\/applications\/isolation-sonore-pour-murs-et-toitures\/isolmass-pour-murs-legers-et-sols\/"]}]},{"@type":"BreadcrumbList","@id":"https:\/\/insulation.trocellen.com\/fr\/applications\/isolation-sonore-pour-murs-et-toitures\/isolmass-pour-murs-legers-et-sols\/#breadcrumb","itemListElement":[{"@type":"ListItem","position":1,"name":"Home","item":"https:\/\/insulation.trocellen.com\/fr\/"},{"@type":"ListItem","position":2,"name":"Applications","item":"https:\/\/insulation.trocellen.com\/fr\/applications\/"},{"@type":"ListItem","position":3,"name":"Isolation sonore pour murs et toitures","item":"https:\/\/insulation.trocellen.com\/fr\/applications\/isolation-sonore-pour-murs-et-toitures\/"},{"@type":"ListItem","position":4,"name":"Isolmass pour murs l\u00e9gers et sols"}]},{"@type":"WebSite","@id":"https:\/\/insulation.trocellen.com\/fr\/#website","url":"https:\/\/insulation.trocellen.com\/fr\/","name":"Trocellen Insulation","description":"","potentialAction":[{"@type":"SearchAction","target":{"@type":"EntryPoint","urlTemplate":"https:\/\/insulation.trocellen.com\/fr\/?s={search_term_string}"},"query-input":{"@type":"PropertyValueSpecification","valueRequired":true,"valueName":"search_term_string"}}],"inLanguage":"fr-FR"}]}},"_links":{"self":[{"href":"https:\/\/insulation.trocellen.com\/fr\/wp-json\/wp\/v2\/pages\/4195","targetHints":{"allow":["GET"]}}],"collection":[{"href":"https:\/\/insulation.trocellen.com\/fr\/wp-json\/wp\/v2\/pages"}],"about":[{"href":"https:\/\/insulation.trocellen.com\/fr\/wp-json\/wp\/v2\/types\/page"}],"author":[{"embeddable":true,"href":"https:\/\/insulation.trocellen.com\/fr\/wp-json\/wp\/v2\/users\/1"}],"replies":[{"embeddable":true,"href":"https:\/\/insulation.trocellen.com\/fr\/wp-json\/wp\/v2\/comments?post=4195"}],"version-history":[{"count":5,"href":"https:\/\/insulation.trocellen.com\/fr\/wp-json\/wp\/v2\/pages\/4195\/revisions"}],"predecessor-version":[{"id":10711,"href":"https:\/\/insulation.trocellen.com\/fr\/wp-json\/wp\/v2\/pages\/4195\/revisions\/10711"}],"up":[{"embeddable":true,"href":"https:\/\/insulation.trocellen.com\/fr\/wp-json\/wp\/v2\/pages\/4117"}],"wp:attachment":[{"href":"https:\/\/insulation.trocellen.com\/fr\/wp-json\/wp\/v2\/media?parent=4195"}],"curies":[{"name":"wp","href":"https:\/\/api.w.org\/{rel}","templated":true}]}}