{"id":4189,"date":"2013-12-12T17:21:23","date_gmt":"2013-12-12T17:21:23","guid":{"rendered":"https:\/\/insulation-new.trocellen.com\/isolmass-11\/"},"modified":"2024-04-17T11:14:45","modified_gmt":"2024-04-17T11:14:45","slug":"isolmass-11","status":"publish","type":"page","link":"https:\/\/insulation.trocellen.com\/fr\/applications\/isolation-sonore-pour-murs-et-toitures\/isolmass-11\/","title":{"rendered":"Isolmass 11"},"content":{"rendered":"<p>Isolmass est une solution alternative d\u2019isolation sonore. Trocellen a mis au point Isolmass afin de satisfaire les clients qui pr\u00e9f\u00e8rent ne pas utiliser de plomb dans le cadre de l\u2019isolation sonore. Les produits Isolmass sont des mousses multicouches Trocellen, compos\u00e9s d\u2019une couche lourde de polyol\u00e9fine, et stratifi\u00e9s avec des mat\u00e9riaux flexibles, r\u00e9silients et absorbant le son.<\/p>\n<\/p>\n\n\n<\/p>\n<figure class=\"wp-block-image\"><a href=\"https:\/\/insulation.trocellen.com\/wp-content\/uploads\/sites\/6\/2013\/12\/Isolmass-11.jpg\" rel=\"attachment wp-att-1339\"><img decoding=\"async\" class=\"wp-image-1339\" src=\"https:\/\/insulation.trocellen.com\/wp-content\/uploads\/sites\/6\/2013\/12\/Isolmass-11-1024x498.jpg\" alt=\"Isolmass-11\" \/><\/a><\/figure>\n<p>\n\n\n<h3>Avantages de la couche lourde de PO par rapport au plomb<\/h3>\n<ul>\n<li>Non toxique<\/li>\n<li>S\u2019associe facilement aux mousses Trocellen pour obtenir un produit enti\u00e8rement r\u00e9utilisable<\/li>\n<li>Largeur de rouleau &gt; 1m<\/li>\n<\/ul>\n<h2>Isolmass 11<\/h2>\n<h4>Composition:<\/h4>\n<ul>\n<li>Couche de mousse PE (antivibrations) de 3 mm d\u2019\u00e9paisseur<\/li>\n<li>Couche lourde de 4 kg\/m\u00b2<\/li>\n<li>Couche de PU \u00e0 cellules ouvertes, \u00e9paisseur initiale de 12 mm (absorption sonore)<\/li>\n<\/ul>\n<h4>Utilisations:<\/h4>\n<ul>\n<li>Isolation sonore a\u00e9rienne des tuyaux d\u2019\u00e9vacuation<\/li>\n<li>Isolation sonore des murs<\/li>\n<\/ul>","protected":false},"excerpt":{"rendered":"<p>Isolmass est une solution alternative d\u2019isolation sonore. Trocellen a mis au point Isolmass afin de satisfaire les clients qui pr\u00e9f\u00e8rent ne pas utiliser de plomb dans le cadre de l\u2019isolation sonore. Les produits Isolmass sont des mousses multicouches Trocellen, compos\u00e9s d\u2019une couche lourde de polyol\u00e9fine, et stratifi\u00e9s avec des mat\u00e9riaux flexibles, r\u00e9silients et absorbant le [&hellip;]<\/p>\n","protected":false},"author":1,"featured_media":8826,"parent":4117,"menu_order":400,"comment_status":"open","ping_status":"closed","template":"templates\/applications.php","meta":{"_acf_changed":false,"footnotes":""},"class_list":["post-4189","page","type-page","status-publish","has-post-thumbnail","hentry"],"acf":[],"yoast_head":"<!-- This site is optimized with the Yoast SEO plugin v23.5 - https:\/\/yoast.com\/wordpress\/plugins\/seo\/ -->\n<title>Isolmass 11 est un isolant sonore pour tuyauteries et murs<\/title>\n<meta name=\"description\" content=\"Isolmass 11 est un isolant sonore, compos\u00e9 d\u2019une couche lourde en mousse PE et de PU \u00e0 cellules ouvertes, id\u00e9al contre les bruits a\u00e9riens des tuyaux\/murs\" \/>\n<meta name=\"robots\" content=\"index, follow, max-snippet:-1, max-image-preview:large, max-video-preview:-1\" \/>\n<link rel=\"canonical\" href=\"https:\/\/insulation.trocellen.com\/fr\/applications\/isolation-sonore-pour-murs-et-toitures\/isolmass-11\/\" \/>\n<meta property=\"og:locale\" content=\"fr_FR\" \/>\n<meta property=\"og:type\" content=\"article\" \/>\n<meta property=\"og:title\" content=\"Isolmass 11 est un isolant sonore pour tuyauteries et murs\" \/>\n<meta property=\"og:description\" content=\"Isolmass 11 est un isolant sonore, compos\u00e9 d\u2019une couche lourde en mousse PE et de PU \u00e0 cellules ouvertes, id\u00e9al contre les bruits a\u00e9riens des tuyaux\/murs\" \/>\n<meta property=\"og:url\" content=\"https:\/\/insulation.trocellen.com\/fr\/applications\/isolation-sonore-pour-murs-et-toitures\/isolmass-11\/\" \/>\n<meta property=\"og:site_name\" content=\"Trocellen Insulation\" \/>\n<meta property=\"article:modified_time\" content=\"2024-04-17T11:14:45+00:00\" \/>\n<meta property=\"og:image\" content=\"https:\/\/insulation.trocellen.com\/wp-content\/uploads\/sites\/6\/2023\/05\/Pipes-2.jpg\" \/>\n\t<meta property=\"og:image:width\" content=\"1920\" \/>\n\t<meta property=\"og:image:height\" content=\"300\" \/>\n\t<meta property=\"og:image:type\" content=\"image\/jpeg\" \/>\n<meta name=\"twitter:card\" content=\"summary_large_image\" \/>\n<meta name=\"twitter:label1\" content=\"Dur\u00e9e de lecture estim\u00e9e\" \/>\n\t<meta name=\"twitter:data1\" content=\"1 minute\" \/>\n<script type=\"application\/ld+json\" class=\"yoast-schema-graph\">{\"@context\":\"https:\/\/schema.org\",\"@graph\":[{\"@type\":\"WebPage\",\"@id\":\"https:\/\/insulation.trocellen.com\/fr\/applications\/isolation-sonore-pour-murs-et-toitures\/isolmass-11\/\",\"url\":\"https:\/\/insulation.trocellen.com\/fr\/applications\/isolation-sonore-pour-murs-et-toitures\/isolmass-11\/\",\"name\":\"Isolmass 11 est un isolant sonore pour tuyauteries et murs\",\"isPartOf\":{\"@id\":\"https:\/\/insulation.trocellen.com\/fr\/#website\"},\"primaryImageOfPage\":{\"@id\":\"https:\/\/insulation.trocellen.com\/fr\/applications\/isolation-sonore-pour-murs-et-toitures\/isolmass-11\/#primaryimage\"},\"image\":{\"@id\":\"https:\/\/insulation.trocellen.com\/fr\/applications\/isolation-sonore-pour-murs-et-toitures\/isolmass-11\/#primaryimage\"},\"thumbnailUrl\":\"https:\/\/insulation.trocellen.com\/wp-content\/uploads\/sites\/6\/2023\/05\/Pipes-2.jpg\",\"datePublished\":\"2013-12-12T17:21:23+00:00\",\"dateModified\":\"2024-04-17T11:14:45+00:00\",\"description\":\"Isolmass 11 est un isolant sonore, compos\u00e9 d\u2019une couche lourde en mousse PE et de PU \u00e0 cellules ouvertes, id\u00e9al contre les bruits a\u00e9riens des tuyaux\/murs\",\"breadcrumb\":{\"@id\":\"https:\/\/insulation.trocellen.com\/fr\/applications\/isolation-sonore-pour-murs-et-toitures\/isolmass-11\/#breadcrumb\"},\"inLanguage\":\"fr-FR\",\"potentialAction\":[{\"@type\":\"ReadAction\",\"target\":[\"https:\/\/insulation.trocellen.com\/fr\/applications\/isolation-sonore-pour-murs-et-toitures\/isolmass-11\/\"]}]},{\"@type\":\"ImageObject\",\"inLanguage\":\"fr-FR\",\"@id\":\"https:\/\/insulation.trocellen.com\/fr\/applications\/isolation-sonore-pour-murs-et-toitures\/isolmass-11\/#primaryimage\",\"url\":\"https:\/\/insulation.trocellen.com\/wp-content\/uploads\/sites\/6\/2023\/05\/Pipes-2.jpg\",\"contentUrl\":\"https:\/\/insulation.trocellen.com\/wp-content\/uploads\/sites\/6\/2023\/05\/Pipes-2.jpg\",\"width\":1920,\"height\":300},{\"@type\":\"BreadcrumbList\",\"@id\":\"https:\/\/insulation.trocellen.com\/fr\/applications\/isolation-sonore-pour-murs-et-toitures\/isolmass-11\/#breadcrumb\",\"itemListElement\":[{\"@type\":\"ListItem\",\"position\":1,\"name\":\"Home\",\"item\":\"https:\/\/insulation.trocellen.com\/fr\/\"},{\"@type\":\"ListItem\",\"position\":2,\"name\":\"Applications\",\"item\":\"https:\/\/insulation.trocellen.com\/fr\/applications\/\"},{\"@type\":\"ListItem\",\"position\":3,\"name\":\"Isolation sonore pour murs et toitures\",\"item\":\"https:\/\/insulation.trocellen.com\/fr\/applications\/isolation-sonore-pour-murs-et-toitures\/\"},{\"@type\":\"ListItem\",\"position\":4,\"name\":\"Isolmass 11\"}]},{\"@type\":\"WebSite\",\"@id\":\"https:\/\/insulation.trocellen.com\/fr\/#website\",\"url\":\"https:\/\/insulation.trocellen.com\/fr\/\",\"name\":\"Trocellen Insulation\",\"description\":\"\",\"potentialAction\":[{\"@type\":\"SearchAction\",\"target\":{\"@type\":\"EntryPoint\",\"urlTemplate\":\"https:\/\/insulation.trocellen.com\/fr\/?s={search_term_string}\"},\"query-input\":{\"@type\":\"PropertyValueSpecification\",\"valueRequired\":true,\"valueName\":\"search_term_string\"}}],\"inLanguage\":\"fr-FR\"}]}<\/script>\n<!-- \/ Yoast SEO plugin. -->","yoast_head_json":{"title":"Isolmass 11 est un isolant sonore pour tuyauteries et murs","description":"Isolmass 11 est un isolant sonore, compos\u00e9 d\u2019une couche lourde en mousse PE et de PU \u00e0 cellules ouvertes, id\u00e9al contre les bruits a\u00e9riens des tuyaux\/murs","robots":{"index":"index","follow":"follow","max-snippet":"max-snippet:-1","max-image-preview":"max-image-preview:large","max-video-preview":"max-video-preview:-1"},"canonical":"https:\/\/insulation.trocellen.com\/fr\/applications\/isolation-sonore-pour-murs-et-toitures\/isolmass-11\/","og_locale":"fr_FR","og_type":"article","og_title":"Isolmass 11 est un isolant sonore pour tuyauteries et murs","og_description":"Isolmass 11 est un isolant sonore, compos\u00e9 d\u2019une couche lourde en mousse PE et de PU \u00e0 cellules ouvertes, id\u00e9al contre les bruits a\u00e9riens des tuyaux\/murs","og_url":"https:\/\/insulation.trocellen.com\/fr\/applications\/isolation-sonore-pour-murs-et-toitures\/isolmass-11\/","og_site_name":"Trocellen Insulation","article_modified_time":"2024-04-17T11:14:45+00:00","og_image":[{"width":1920,"height":300,"url":"https:\/\/insulation.trocellen.com\/wp-content\/uploads\/sites\/6\/2023\/05\/Pipes-2.jpg","type":"image\/jpeg"}],"twitter_card":"summary_large_image","twitter_misc":{"Dur\u00e9e de lecture estim\u00e9e":"1 minute"},"schema":{"@context":"https:\/\/schema.org","@graph":[{"@type":"WebPage","@id":"https:\/\/insulation.trocellen.com\/fr\/applications\/isolation-sonore-pour-murs-et-toitures\/isolmass-11\/","url":"https:\/\/insulation.trocellen.com\/fr\/applications\/isolation-sonore-pour-murs-et-toitures\/isolmass-11\/","name":"Isolmass 11 est un isolant sonore pour tuyauteries et murs","isPartOf":{"@id":"https:\/\/insulation.trocellen.com\/fr\/#website"},"primaryImageOfPage":{"@id":"https:\/\/insulation.trocellen.com\/fr\/applications\/isolation-sonore-pour-murs-et-toitures\/isolmass-11\/#primaryimage"},"image":{"@id":"https:\/\/insulation.trocellen.com\/fr\/applications\/isolation-sonore-pour-murs-et-toitures\/isolmass-11\/#primaryimage"},"thumbnailUrl":"https:\/\/insulation.trocellen.com\/wp-content\/uploads\/sites\/6\/2023\/05\/Pipes-2.jpg","datePublished":"2013-12-12T17:21:23+00:00","dateModified":"2024-04-17T11:14:45+00:00","description":"Isolmass 11 est un isolant sonore, compos\u00e9 d\u2019une couche lourde en mousse PE et de PU \u00e0 cellules ouvertes, id\u00e9al contre les bruits a\u00e9riens des tuyaux\/murs","breadcrumb":{"@id":"https:\/\/insulation.trocellen.com\/fr\/applications\/isolation-sonore-pour-murs-et-toitures\/isolmass-11\/#breadcrumb"},"inLanguage":"fr-FR","potentialAction":[{"@type":"ReadAction","target":["https:\/\/insulation.trocellen.com\/fr\/applications\/isolation-sonore-pour-murs-et-toitures\/isolmass-11\/"]}]},{"@type":"ImageObject","inLanguage":"fr-FR","@id":"https:\/\/insulation.trocellen.com\/fr\/applications\/isolation-sonore-pour-murs-et-toitures\/isolmass-11\/#primaryimage","url":"https:\/\/insulation.trocellen.com\/wp-content\/uploads\/sites\/6\/2023\/05\/Pipes-2.jpg","contentUrl":"https:\/\/insulation.trocellen.com\/wp-content\/uploads\/sites\/6\/2023\/05\/Pipes-2.jpg","width":1920,"height":300},{"@type":"BreadcrumbList","@id":"https:\/\/insulation.trocellen.com\/fr\/applications\/isolation-sonore-pour-murs-et-toitures\/isolmass-11\/#breadcrumb","itemListElement":[{"@type":"ListItem","position":1,"name":"Home","item":"https:\/\/insulation.trocellen.com\/fr\/"},{"@type":"ListItem","position":2,"name":"Applications","item":"https:\/\/insulation.trocellen.com\/fr\/applications\/"},{"@type":"ListItem","position":3,"name":"Isolation sonore pour murs et toitures","item":"https:\/\/insulation.trocellen.com\/fr\/applications\/isolation-sonore-pour-murs-et-toitures\/"},{"@type":"ListItem","position":4,"name":"Isolmass 11"}]},{"@type":"WebSite","@id":"https:\/\/insulation.trocellen.com\/fr\/#website","url":"https:\/\/insulation.trocellen.com\/fr\/","name":"Trocellen Insulation","description":"","potentialAction":[{"@type":"SearchAction","target":{"@type":"EntryPoint","urlTemplate":"https:\/\/insulation.trocellen.com\/fr\/?s={search_term_string}"},"query-input":{"@type":"PropertyValueSpecification","valueRequired":true,"valueName":"search_term_string"}}],"inLanguage":"fr-FR"}]}},"_links":{"self":[{"href":"https:\/\/insulation.trocellen.com\/fr\/wp-json\/wp\/v2\/pages\/4189","targetHints":{"allow":["GET"]}}],"collection":[{"href":"https:\/\/insulation.trocellen.com\/fr\/wp-json\/wp\/v2\/pages"}],"about":[{"href":"https:\/\/insulation.trocellen.com\/fr\/wp-json\/wp\/v2\/types\/page"}],"author":[{"embeddable":true,"href":"https:\/\/insulation.trocellen.com\/fr\/wp-json\/wp\/v2\/users\/1"}],"replies":[{"embeddable":true,"href":"https:\/\/insulation.trocellen.com\/fr\/wp-json\/wp\/v2\/comments?post=4189"}],"version-history":[{"count":9,"href":"https:\/\/insulation.trocellen.com\/fr\/wp-json\/wp\/v2\/pages\/4189\/revisions"}],"predecessor-version":[{"id":10797,"href":"https:\/\/insulation.trocellen.com\/fr\/wp-json\/wp\/v2\/pages\/4189\/revisions\/10797"}],"up":[{"embeddable":true,"href":"https:\/\/insulation.trocellen.com\/fr\/wp-json\/wp\/v2\/pages\/4117"}],"wp:featuredmedia":[{"embeddable":true,"href":"https:\/\/insulation.trocellen.com\/fr\/wp-json\/wp\/v2\/media\/8826"}],"wp:attachment":[{"href":"https:\/\/insulation.trocellen.com\/fr\/wp-json\/wp\/v2\/media?parent=4189"}],"curies":[{"name":"wp","href":"https:\/\/api.w.org\/{rel}","templated":true}]}}