{"id":4183,"date":"2013-12-12T17:21:07","date_gmt":"2013-12-12T17:21:07","guid":{"rendered":"https:\/\/insulation-new.trocellen.com\/aplomb-11\/"},"modified":"2024-04-08T09:01:12","modified_gmt":"2024-04-08T09:01:12","slug":"aplomb-11","status":"publish","type":"page","link":"https:\/\/insulation.trocellen.com\/fr\/applications\/isolation-sonore-pour-murs-et-toitures\/aplomb-11\/","title":{"rendered":"Aplomb 11"},"content":{"rendered":"<p>De nombreuses sources de bruit sont pr\u00e9sentes dans nos maisons et dans notre vie en g\u00e9n\u00e9ral. Trocellen continue \u00e0 d\u00e9velopper des mousses afin d\u2019offrir une isolation thermique et acoustique optimale. La gamme de produits Aplomb consiste en des produits multicouches avec une ou plusieurs couches de plomb complex\u00e9es avec des mat\u00e9riaux flexibles, amortisseurs et absorbant le son.<\/p>\n<p><a href=\"https:\/\/insulation.trocellen.com\/wp-content\/uploads\/sites\/6\/2013\/12\/aplomb11.jpg\" rel=\"attachment wp-att-1336\"><img loading=\"lazy\" decoding=\"async\" class=\"alignnone size-large wp-image-1336\" src=\"https:\/\/insulation.trocellen.com\/wp-content\/uploads\/sites\/6\/2013\/12\/aplomb11-1024x600.jpg\" alt=\"aplomb11\" width=\"1024\" height=\"600\"><\/a><\/p>\n<p><img loading=\"lazy\" decoding=\"async\" class=\"alignnone size-full wp-image-159\" src=\"https:\/\/insulation.trocellen.com\/wp-content\/uploads\/sites\/6\/2013\/12\/aplomb11.png\" alt=\"aplomb11\" width=\"280\" height=\"81\"><\/p>\n<h3>Composition:<\/h3>\n<ul>\n<li>Couche de mousse PE (antivibratoire) complex\u00e9e avec un film emboss\u00e9 noir, 3 mm d&rsquo;\u00e9paisseur.<\/li>\n<li>Couche de plomb 0,35 mm, 4 kg\/m2<\/li>\n<li>Couche de mousse PU \u00e0 cellules ouvertes (absorption acoustique) d&rsquo;une \u00e9paisseur de 12 mm<\/li>\n<\/ul>\n<h3>Utilisations:<\/h3>\n<ul>\n<li>Isolation sonore des tuyauteries d\u2019eaux us\u00e9es en poly\u00e9thyl\u00e8ne ou en PVC.<\/li>\n<li>Isolation sonore des murs<\/li>\n<li>Le produit peut \u00eatre fourni en version auto-adh\u00e9sive, juste pour une dur\u00e9e temporaire d\u2019application afin de rendre la phase d&rsquo;installation plus s\u00fbre et plus facile. Ensuite&nbsp;le produit doit \u00eatre fix\u00e9 avec des fixations m\u00e9caniques<\/li>\n<\/ul>\n","protected":false},"excerpt":{"rendered":"<p>De nombreuses sources de bruit sont pr\u00e9sentes dans nos maisons et dans notre vie en g\u00e9n\u00e9ral. Trocellen continue \u00e0 d\u00e9velopper des mousses afin d\u2019offrir une isolation thermique et acoustique optimale. La gamme de produits Aplomb consiste en des produits multicouches avec une ou plusieurs couches de plomb complex\u00e9es avec des mat\u00e9riaux flexibles, amortisseurs et absorbant [&hellip;]<\/p>\n","protected":false},"author":1,"featured_media":8826,"parent":4117,"menu_order":300,"comment_status":"open","ping_status":"closed","template":"templates\/applications.php","meta":{"_acf_changed":false,"footnotes":""},"class_list":["post-4183","page","type-page","status-publish","has-post-thumbnail","hentry"],"acf":[],"yoast_head":"<!-- This site is optimized with the Yoast SEO plugin v23.5 - https:\/\/yoast.com\/wordpress\/plugins\/seo\/ -->\n<title>Aplomb 11 est \u00e9galement un isolant sonore pour murs et toits<\/title>\n<meta name=\"description\" content=\"Trocellen Aplomb 11 est un produit multicouche stratifi\u00e9 avec une couche de plomb et des mat\u00e9riaux flexibles et absorbant le son.\" \/>\n<meta name=\"robots\" content=\"index, follow, max-snippet:-1, max-image-preview:large, max-video-preview:-1\" \/>\n<link rel=\"canonical\" href=\"https:\/\/insulation.trocellen.com\/fr\/applications\/isolation-sonore-pour-murs-et-toitures\/aplomb-11\/\" \/>\n<meta property=\"og:locale\" content=\"fr_FR\" \/>\n<meta property=\"og:type\" content=\"article\" \/>\n<meta property=\"og:title\" content=\"Aplomb 11 est \u00e9galement un isolant sonore pour murs et toits\" \/>\n<meta property=\"og:description\" content=\"Trocellen Aplomb 11 est un produit multicouche stratifi\u00e9 avec une couche de plomb et des mat\u00e9riaux flexibles et absorbant le son.\" \/>\n<meta property=\"og:url\" content=\"https:\/\/insulation.trocellen.com\/fr\/applications\/isolation-sonore-pour-murs-et-toitures\/aplomb-11\/\" \/>\n<meta property=\"og:site_name\" content=\"Trocellen Insulation\" \/>\n<meta property=\"article:modified_time\" content=\"2024-04-08T09:01:12+00:00\" \/>\n<meta property=\"og:image\" content=\"https:\/\/insulation.trocellen.com\/wp-content\/uploads\/sites\/6\/2023\/05\/Pipes-2.jpg\" \/>\n\t<meta property=\"og:image:width\" content=\"1920\" \/>\n\t<meta property=\"og:image:height\" content=\"300\" \/>\n\t<meta property=\"og:image:type\" content=\"image\/jpeg\" \/>\n<meta name=\"twitter:card\" content=\"summary_large_image\" \/>\n<meta name=\"twitter:label1\" content=\"Dur\u00e9e de lecture estim\u00e9e\" \/>\n\t<meta name=\"twitter:data1\" content=\"2 minutes\" \/>\n<script type=\"application\/ld+json\" class=\"yoast-schema-graph\">{\"@context\":\"https:\/\/schema.org\",\"@graph\":[{\"@type\":\"WebPage\",\"@id\":\"https:\/\/insulation.trocellen.com\/fr\/applications\/isolation-sonore-pour-murs-et-toitures\/aplomb-11\/\",\"url\":\"https:\/\/insulation.trocellen.com\/fr\/applications\/isolation-sonore-pour-murs-et-toitures\/aplomb-11\/\",\"name\":\"Aplomb 11 est \u00e9galement un isolant sonore pour murs et toits\",\"isPartOf\":{\"@id\":\"https:\/\/insulation.trocellen.com\/fr\/#website\"},\"primaryImageOfPage\":{\"@id\":\"https:\/\/insulation.trocellen.com\/fr\/applications\/isolation-sonore-pour-murs-et-toitures\/aplomb-11\/#primaryimage\"},\"image\":{\"@id\":\"https:\/\/insulation.trocellen.com\/fr\/applications\/isolation-sonore-pour-murs-et-toitures\/aplomb-11\/#primaryimage\"},\"thumbnailUrl\":\"https:\/\/insulation.trocellen.com\/wp-content\/uploads\/sites\/6\/2023\/05\/Pipes-2.jpg\",\"datePublished\":\"2013-12-12T17:21:07+00:00\",\"dateModified\":\"2024-04-08T09:01:12+00:00\",\"description\":\"Trocellen Aplomb 11 est un produit multicouche stratifi\u00e9 avec une couche de plomb et des mat\u00e9riaux flexibles et absorbant le son.\",\"breadcrumb\":{\"@id\":\"https:\/\/insulation.trocellen.com\/fr\/applications\/isolation-sonore-pour-murs-et-toitures\/aplomb-11\/#breadcrumb\"},\"inLanguage\":\"fr-FR\",\"potentialAction\":[{\"@type\":\"ReadAction\",\"target\":[\"https:\/\/insulation.trocellen.com\/fr\/applications\/isolation-sonore-pour-murs-et-toitures\/aplomb-11\/\"]}]},{\"@type\":\"ImageObject\",\"inLanguage\":\"fr-FR\",\"@id\":\"https:\/\/insulation.trocellen.com\/fr\/applications\/isolation-sonore-pour-murs-et-toitures\/aplomb-11\/#primaryimage\",\"url\":\"https:\/\/insulation.trocellen.com\/wp-content\/uploads\/sites\/6\/2023\/05\/Pipes-2.jpg\",\"contentUrl\":\"https:\/\/insulation.trocellen.com\/wp-content\/uploads\/sites\/6\/2023\/05\/Pipes-2.jpg\",\"width\":1920,\"height\":300},{\"@type\":\"BreadcrumbList\",\"@id\":\"https:\/\/insulation.trocellen.com\/fr\/applications\/isolation-sonore-pour-murs-et-toitures\/aplomb-11\/#breadcrumb\",\"itemListElement\":[{\"@type\":\"ListItem\",\"position\":1,\"name\":\"Home\",\"item\":\"https:\/\/insulation.trocellen.com\/fr\/\"},{\"@type\":\"ListItem\",\"position\":2,\"name\":\"Applications\",\"item\":\"https:\/\/insulation.trocellen.com\/fr\/applications\/\"},{\"@type\":\"ListItem\",\"position\":3,\"name\":\"Isolation sonore pour murs et toitures\",\"item\":\"https:\/\/insulation.trocellen.com\/fr\/applications\/isolation-sonore-pour-murs-et-toitures\/\"},{\"@type\":\"ListItem\",\"position\":4,\"name\":\"Aplomb 11\"}]},{\"@type\":\"WebSite\",\"@id\":\"https:\/\/insulation.trocellen.com\/fr\/#website\",\"url\":\"https:\/\/insulation.trocellen.com\/fr\/\",\"name\":\"Trocellen Insulation\",\"description\":\"\",\"potentialAction\":[{\"@type\":\"SearchAction\",\"target\":{\"@type\":\"EntryPoint\",\"urlTemplate\":\"https:\/\/insulation.trocellen.com\/fr\/?s={search_term_string}\"},\"query-input\":{\"@type\":\"PropertyValueSpecification\",\"valueRequired\":true,\"valueName\":\"search_term_string\"}}],\"inLanguage\":\"fr-FR\"}]}<\/script>\n<!-- \/ Yoast SEO plugin. -->","yoast_head_json":{"title":"Aplomb 11 est \u00e9galement un isolant sonore pour murs et toits","description":"Trocellen Aplomb 11 est un produit multicouche stratifi\u00e9 avec une couche de plomb et des mat\u00e9riaux flexibles et absorbant le son.","robots":{"index":"index","follow":"follow","max-snippet":"max-snippet:-1","max-image-preview":"max-image-preview:large","max-video-preview":"max-video-preview:-1"},"canonical":"https:\/\/insulation.trocellen.com\/fr\/applications\/isolation-sonore-pour-murs-et-toitures\/aplomb-11\/","og_locale":"fr_FR","og_type":"article","og_title":"Aplomb 11 est \u00e9galement un isolant sonore pour murs et toits","og_description":"Trocellen Aplomb 11 est un produit multicouche stratifi\u00e9 avec une couche de plomb et des mat\u00e9riaux flexibles et absorbant le son.","og_url":"https:\/\/insulation.trocellen.com\/fr\/applications\/isolation-sonore-pour-murs-et-toitures\/aplomb-11\/","og_site_name":"Trocellen Insulation","article_modified_time":"2024-04-08T09:01:12+00:00","og_image":[{"width":1920,"height":300,"url":"https:\/\/insulation.trocellen.com\/wp-content\/uploads\/sites\/6\/2023\/05\/Pipes-2.jpg","type":"image\/jpeg"}],"twitter_card":"summary_large_image","twitter_misc":{"Dur\u00e9e de lecture estim\u00e9e":"2 minutes"},"schema":{"@context":"https:\/\/schema.org","@graph":[{"@type":"WebPage","@id":"https:\/\/insulation.trocellen.com\/fr\/applications\/isolation-sonore-pour-murs-et-toitures\/aplomb-11\/","url":"https:\/\/insulation.trocellen.com\/fr\/applications\/isolation-sonore-pour-murs-et-toitures\/aplomb-11\/","name":"Aplomb 11 est \u00e9galement un isolant sonore pour murs et toits","isPartOf":{"@id":"https:\/\/insulation.trocellen.com\/fr\/#website"},"primaryImageOfPage":{"@id":"https:\/\/insulation.trocellen.com\/fr\/applications\/isolation-sonore-pour-murs-et-toitures\/aplomb-11\/#primaryimage"},"image":{"@id":"https:\/\/insulation.trocellen.com\/fr\/applications\/isolation-sonore-pour-murs-et-toitures\/aplomb-11\/#primaryimage"},"thumbnailUrl":"https:\/\/insulation.trocellen.com\/wp-content\/uploads\/sites\/6\/2023\/05\/Pipes-2.jpg","datePublished":"2013-12-12T17:21:07+00:00","dateModified":"2024-04-08T09:01:12+00:00","description":"Trocellen Aplomb 11 est un produit multicouche stratifi\u00e9 avec une couche de plomb et des mat\u00e9riaux flexibles et absorbant le son.","breadcrumb":{"@id":"https:\/\/insulation.trocellen.com\/fr\/applications\/isolation-sonore-pour-murs-et-toitures\/aplomb-11\/#breadcrumb"},"inLanguage":"fr-FR","potentialAction":[{"@type":"ReadAction","target":["https:\/\/insulation.trocellen.com\/fr\/applications\/isolation-sonore-pour-murs-et-toitures\/aplomb-11\/"]}]},{"@type":"ImageObject","inLanguage":"fr-FR","@id":"https:\/\/insulation.trocellen.com\/fr\/applications\/isolation-sonore-pour-murs-et-toitures\/aplomb-11\/#primaryimage","url":"https:\/\/insulation.trocellen.com\/wp-content\/uploads\/sites\/6\/2023\/05\/Pipes-2.jpg","contentUrl":"https:\/\/insulation.trocellen.com\/wp-content\/uploads\/sites\/6\/2023\/05\/Pipes-2.jpg","width":1920,"height":300},{"@type":"BreadcrumbList","@id":"https:\/\/insulation.trocellen.com\/fr\/applications\/isolation-sonore-pour-murs-et-toitures\/aplomb-11\/#breadcrumb","itemListElement":[{"@type":"ListItem","position":1,"name":"Home","item":"https:\/\/insulation.trocellen.com\/fr\/"},{"@type":"ListItem","position":2,"name":"Applications","item":"https:\/\/insulation.trocellen.com\/fr\/applications\/"},{"@type":"ListItem","position":3,"name":"Isolation sonore pour murs et toitures","item":"https:\/\/insulation.trocellen.com\/fr\/applications\/isolation-sonore-pour-murs-et-toitures\/"},{"@type":"ListItem","position":4,"name":"Aplomb 11"}]},{"@type":"WebSite","@id":"https:\/\/insulation.trocellen.com\/fr\/#website","url":"https:\/\/insulation.trocellen.com\/fr\/","name":"Trocellen Insulation","description":"","potentialAction":[{"@type":"SearchAction","target":{"@type":"EntryPoint","urlTemplate":"https:\/\/insulation.trocellen.com\/fr\/?s={search_term_string}"},"query-input":{"@type":"PropertyValueSpecification","valueRequired":true,"valueName":"search_term_string"}}],"inLanguage":"fr-FR"}]}},"_links":{"self":[{"href":"https:\/\/insulation.trocellen.com\/fr\/wp-json\/wp\/v2\/pages\/4183","targetHints":{"allow":["GET"]}}],"collection":[{"href":"https:\/\/insulation.trocellen.com\/fr\/wp-json\/wp\/v2\/pages"}],"about":[{"href":"https:\/\/insulation.trocellen.com\/fr\/wp-json\/wp\/v2\/types\/page"}],"author":[{"embeddable":true,"href":"https:\/\/insulation.trocellen.com\/fr\/wp-json\/wp\/v2\/users\/1"}],"replies":[{"embeddable":true,"href":"https:\/\/insulation.trocellen.com\/fr\/wp-json\/wp\/v2\/comments?post=4183"}],"version-history":[{"count":5,"href":"https:\/\/insulation.trocellen.com\/fr\/wp-json\/wp\/v2\/pages\/4183\/revisions"}],"predecessor-version":[{"id":10712,"href":"https:\/\/insulation.trocellen.com\/fr\/wp-json\/wp\/v2\/pages\/4183\/revisions\/10712"}],"up":[{"embeddable":true,"href":"https:\/\/insulation.trocellen.com\/fr\/wp-json\/wp\/v2\/pages\/4117"}],"wp:featuredmedia":[{"embeddable":true,"href":"https:\/\/insulation.trocellen.com\/fr\/wp-json\/wp\/v2\/media\/8826"}],"wp:attachment":[{"href":"https:\/\/insulation.trocellen.com\/fr\/wp-json\/wp\/v2\/media?parent=4183"}],"curies":[{"name":"wp","href":"https:\/\/api.w.org\/{rel}","templated":true}]}}