{"id":4177,"date":"2013-12-12T17:20:59","date_gmt":"2013-12-12T17:20:59","guid":{"rendered":"https:\/\/insulation-new.trocellen.com\/isolmass-22-2\/"},"modified":"2024-04-08T08:42:38","modified_gmt":"2024-04-08T08:42:38","slug":"isolmass-22","status":"publish","type":"page","link":"https:\/\/insulation.trocellen.com\/fr\/applications\/isolation-sonore-pour-murs-et-toitures\/isolmass-22\/","title":{"rendered":"Isolmass 22"},"content":{"rendered":"<p>Isolmass est une solution alternative d\u2019isolation sonore. Trocellen a mis au point Isolmass afin de satisfaire les clients qui pr\u00e9f\u00e8rent ne pas utiliser de plomb dans le cadre de l\u2019isolation sonore. Les produits Isolmass sont des mousses multicouches Trocellen, compos\u00e9s d\u2019une couche lourde de polyol\u00e9fine, et stratifi\u00e9s avec des mat\u00e9riaux flexibles, r\u00e9silients et absorbant le son.<\/p>\n<h3>Avantages de la couche lourde de PO par rapport au plomb<\/h3>\n<ul>\n<li>Non toxique<\/li>\n<li>S\u2019associe facilement aux mousses Trocellen pour obtenir un produit enti\u00e8rement r\u00e9utilisable<\/li>\n<li>Largeur de rouleau &gt; 1m<\/li>\n<\/ul>\n<p><a href=\"https:\/\/insulation.trocellen.com\/wp-content\/uploads\/sites\/6\/2013\/12\/Optimized-Trocellen_Isolmass-22.jpg\"><img loading=\"lazy\" decoding=\"async\" class=\"alignnone size-medium wp-image-1876\" src=\"https:\/\/insulation.trocellen.com\/wp-content\/uploads\/sites\/6\/2013\/12\/Optimized-Trocellen_Isolmass-22-300x200.jpg\" alt=\"\" width=\"300\" height=\"200\"><\/a><\/p>\n<h2>Isolmass 22<\/h2>\n<h4>Composition:<\/h4>\n<ul>\n<li>Couche de mousse PE (antivibrations) de 3 mm d\u2019\u00e9paisseur<\/li>\n<li>Couche lourde de 4 kg\/m\u00b2<\/li>\n<li>Couche de mousse PE (antivibrations) de 3 mm d\u2019\u00e9paisseur<\/li>\n<\/ul>\n<h4>Utilisations:<\/h4>\n<ul>\n<li>Isolation sonore des murs<\/li>\n<li>Pour les sous-couches de sol et les murs, afin de r\u00e9duire les ondes sonores \u00e0 basse fr\u00e9quence et de donner de la masse aux cloisons.<\/li>\n<\/ul>\n","protected":false},"excerpt":{"rendered":"<p>Isolmass est une solution alternative d\u2019isolation sonore. Trocellen a mis au point Isolmass afin de satisfaire les clients qui pr\u00e9f\u00e8rent ne pas utiliser de plomb dans le cadre de l\u2019isolation sonore. Les produits Isolmass sont des mousses multicouches Trocellen, compos\u00e9s d\u2019une couche lourde de polyol\u00e9fine, et stratifi\u00e9s avec des mat\u00e9riaux flexibles, r\u00e9silients et absorbant le [&hellip;]<\/p>\n","protected":false},"author":1,"featured_media":8826,"parent":4117,"menu_order":200,"comment_status":"open","ping_status":"closed","template":"templates\/applications.php","meta":{"_acf_changed":false,"footnotes":""},"class_list":["post-4177","page","type-page","status-publish","has-post-thumbnail","hentry"],"acf":[],"yoast_head":"<!-- This site is optimized with the Yoast SEO plugin v23.5 - https:\/\/yoast.com\/wordpress\/plugins\/seo\/ -->\n<title>Isolmass\u00a022 est un isolant sonore pour murs et sols<\/title>\n<meta name=\"description\" content=\"Isolmass 22 est un isolant sonore sans plomb pour murs et sols. Il r\u00e9duit les ondes sonores \u00e0 basse fr\u00e9quence et il donne de la masse aux cloisons.\" \/>\n<meta name=\"robots\" content=\"index, follow, max-snippet:-1, max-image-preview:large, max-video-preview:-1\" \/>\n<link rel=\"canonical\" href=\"https:\/\/insulation.trocellen.com\/fr\/applications\/isolation-sonore-pour-murs-et-toitures\/isolmass-22\/\" \/>\n<meta property=\"og:locale\" content=\"fr_FR\" \/>\n<meta property=\"og:type\" content=\"article\" \/>\n<meta property=\"og:title\" content=\"Isolmass\u00a022 est un isolant sonore pour murs et sols\" \/>\n<meta property=\"og:description\" content=\"Isolmass 22 est un isolant sonore sans plomb pour murs et sols. Il r\u00e9duit les ondes sonores \u00e0 basse fr\u00e9quence et il donne de la masse aux cloisons.\" \/>\n<meta property=\"og:url\" content=\"https:\/\/insulation.trocellen.com\/fr\/applications\/isolation-sonore-pour-murs-et-toitures\/isolmass-22\/\" \/>\n<meta property=\"og:site_name\" content=\"Trocellen Insulation\" \/>\n<meta property=\"article:modified_time\" content=\"2024-04-08T08:42:38+00:00\" \/>\n<meta property=\"og:image\" content=\"https:\/\/insulation.trocellen.com\/wp-content\/uploads\/sites\/6\/2023\/05\/Pipes-2.jpg\" \/>\n\t<meta property=\"og:image:width\" content=\"1920\" \/>\n\t<meta property=\"og:image:height\" content=\"300\" \/>\n\t<meta property=\"og:image:type\" content=\"image\/jpeg\" \/>\n<meta name=\"twitter:card\" content=\"summary_large_image\" \/>\n<meta name=\"twitter:label1\" content=\"Dur\u00e9e de lecture estim\u00e9e\" \/>\n\t<meta name=\"twitter:data1\" content=\"1 minute\" \/>\n<script type=\"application\/ld+json\" class=\"yoast-schema-graph\">{\"@context\":\"https:\/\/schema.org\",\"@graph\":[{\"@type\":\"WebPage\",\"@id\":\"https:\/\/insulation.trocellen.com\/fr\/applications\/isolation-sonore-pour-murs-et-toitures\/isolmass-22\/\",\"url\":\"https:\/\/insulation.trocellen.com\/fr\/applications\/isolation-sonore-pour-murs-et-toitures\/isolmass-22\/\",\"name\":\"Isolmass\u00a022 est un isolant sonore pour murs et sols\",\"isPartOf\":{\"@id\":\"https:\/\/insulation.trocellen.com\/fr\/#website\"},\"primaryImageOfPage\":{\"@id\":\"https:\/\/insulation.trocellen.com\/fr\/applications\/isolation-sonore-pour-murs-et-toitures\/isolmass-22\/#primaryimage\"},\"image\":{\"@id\":\"https:\/\/insulation.trocellen.com\/fr\/applications\/isolation-sonore-pour-murs-et-toitures\/isolmass-22\/#primaryimage\"},\"thumbnailUrl\":\"https:\/\/insulation.trocellen.com\/wp-content\/uploads\/sites\/6\/2023\/05\/Pipes-2.jpg\",\"datePublished\":\"2013-12-12T17:20:59+00:00\",\"dateModified\":\"2024-04-08T08:42:38+00:00\",\"description\":\"Isolmass 22 est un isolant sonore sans plomb pour murs et sols. Il r\u00e9duit les ondes sonores \u00e0 basse fr\u00e9quence et il donne de la masse aux cloisons.\",\"breadcrumb\":{\"@id\":\"https:\/\/insulation.trocellen.com\/fr\/applications\/isolation-sonore-pour-murs-et-toitures\/isolmass-22\/#breadcrumb\"},\"inLanguage\":\"fr-FR\",\"potentialAction\":[{\"@type\":\"ReadAction\",\"target\":[\"https:\/\/insulation.trocellen.com\/fr\/applications\/isolation-sonore-pour-murs-et-toitures\/isolmass-22\/\"]}]},{\"@type\":\"ImageObject\",\"inLanguage\":\"fr-FR\",\"@id\":\"https:\/\/insulation.trocellen.com\/fr\/applications\/isolation-sonore-pour-murs-et-toitures\/isolmass-22\/#primaryimage\",\"url\":\"https:\/\/insulation.trocellen.com\/wp-content\/uploads\/sites\/6\/2023\/05\/Pipes-2.jpg\",\"contentUrl\":\"https:\/\/insulation.trocellen.com\/wp-content\/uploads\/sites\/6\/2023\/05\/Pipes-2.jpg\",\"width\":1920,\"height\":300},{\"@type\":\"BreadcrumbList\",\"@id\":\"https:\/\/insulation.trocellen.com\/fr\/applications\/isolation-sonore-pour-murs-et-toitures\/isolmass-22\/#breadcrumb\",\"itemListElement\":[{\"@type\":\"ListItem\",\"position\":1,\"name\":\"Home\",\"item\":\"https:\/\/insulation.trocellen.com\/fr\/\"},{\"@type\":\"ListItem\",\"position\":2,\"name\":\"Applications\",\"item\":\"https:\/\/insulation.trocellen.com\/fr\/applications\/\"},{\"@type\":\"ListItem\",\"position\":3,\"name\":\"Isolation sonore pour murs et toitures\",\"item\":\"https:\/\/insulation.trocellen.com\/fr\/applications\/isolation-sonore-pour-murs-et-toitures\/\"},{\"@type\":\"ListItem\",\"position\":4,\"name\":\"Isolmass 22\"}]},{\"@type\":\"WebSite\",\"@id\":\"https:\/\/insulation.trocellen.com\/fr\/#website\",\"url\":\"https:\/\/insulation.trocellen.com\/fr\/\",\"name\":\"Trocellen Insulation\",\"description\":\"\",\"potentialAction\":[{\"@type\":\"SearchAction\",\"target\":{\"@type\":\"EntryPoint\",\"urlTemplate\":\"https:\/\/insulation.trocellen.com\/fr\/?s={search_term_string}\"},\"query-input\":{\"@type\":\"PropertyValueSpecification\",\"valueRequired\":true,\"valueName\":\"search_term_string\"}}],\"inLanguage\":\"fr-FR\"}]}<\/script>\n<!-- \/ Yoast SEO plugin. -->","yoast_head_json":{"title":"Isolmass\u00a022 est un isolant sonore pour murs et sols","description":"Isolmass 22 est un isolant sonore sans plomb pour murs et sols. Il r\u00e9duit les ondes sonores \u00e0 basse fr\u00e9quence et il donne de la masse aux cloisons.","robots":{"index":"index","follow":"follow","max-snippet":"max-snippet:-1","max-image-preview":"max-image-preview:large","max-video-preview":"max-video-preview:-1"},"canonical":"https:\/\/insulation.trocellen.com\/fr\/applications\/isolation-sonore-pour-murs-et-toitures\/isolmass-22\/","og_locale":"fr_FR","og_type":"article","og_title":"Isolmass\u00a022 est un isolant sonore pour murs et sols","og_description":"Isolmass 22 est un isolant sonore sans plomb pour murs et sols. Il r\u00e9duit les ondes sonores \u00e0 basse fr\u00e9quence et il donne de la masse aux cloisons.","og_url":"https:\/\/insulation.trocellen.com\/fr\/applications\/isolation-sonore-pour-murs-et-toitures\/isolmass-22\/","og_site_name":"Trocellen Insulation","article_modified_time":"2024-04-08T08:42:38+00:00","og_image":[{"width":1920,"height":300,"url":"https:\/\/insulation.trocellen.com\/wp-content\/uploads\/sites\/6\/2023\/05\/Pipes-2.jpg","type":"image\/jpeg"}],"twitter_card":"summary_large_image","twitter_misc":{"Dur\u00e9e de lecture estim\u00e9e":"1 minute"},"schema":{"@context":"https:\/\/schema.org","@graph":[{"@type":"WebPage","@id":"https:\/\/insulation.trocellen.com\/fr\/applications\/isolation-sonore-pour-murs-et-toitures\/isolmass-22\/","url":"https:\/\/insulation.trocellen.com\/fr\/applications\/isolation-sonore-pour-murs-et-toitures\/isolmass-22\/","name":"Isolmass\u00a022 est un isolant sonore pour murs et sols","isPartOf":{"@id":"https:\/\/insulation.trocellen.com\/fr\/#website"},"primaryImageOfPage":{"@id":"https:\/\/insulation.trocellen.com\/fr\/applications\/isolation-sonore-pour-murs-et-toitures\/isolmass-22\/#primaryimage"},"image":{"@id":"https:\/\/insulation.trocellen.com\/fr\/applications\/isolation-sonore-pour-murs-et-toitures\/isolmass-22\/#primaryimage"},"thumbnailUrl":"https:\/\/insulation.trocellen.com\/wp-content\/uploads\/sites\/6\/2023\/05\/Pipes-2.jpg","datePublished":"2013-12-12T17:20:59+00:00","dateModified":"2024-04-08T08:42:38+00:00","description":"Isolmass 22 est un isolant sonore sans plomb pour murs et sols. Il r\u00e9duit les ondes sonores \u00e0 basse fr\u00e9quence et il donne de la masse aux cloisons.","breadcrumb":{"@id":"https:\/\/insulation.trocellen.com\/fr\/applications\/isolation-sonore-pour-murs-et-toitures\/isolmass-22\/#breadcrumb"},"inLanguage":"fr-FR","potentialAction":[{"@type":"ReadAction","target":["https:\/\/insulation.trocellen.com\/fr\/applications\/isolation-sonore-pour-murs-et-toitures\/isolmass-22\/"]}]},{"@type":"ImageObject","inLanguage":"fr-FR","@id":"https:\/\/insulation.trocellen.com\/fr\/applications\/isolation-sonore-pour-murs-et-toitures\/isolmass-22\/#primaryimage","url":"https:\/\/insulation.trocellen.com\/wp-content\/uploads\/sites\/6\/2023\/05\/Pipes-2.jpg","contentUrl":"https:\/\/insulation.trocellen.com\/wp-content\/uploads\/sites\/6\/2023\/05\/Pipes-2.jpg","width":1920,"height":300},{"@type":"BreadcrumbList","@id":"https:\/\/insulation.trocellen.com\/fr\/applications\/isolation-sonore-pour-murs-et-toitures\/isolmass-22\/#breadcrumb","itemListElement":[{"@type":"ListItem","position":1,"name":"Home","item":"https:\/\/insulation.trocellen.com\/fr\/"},{"@type":"ListItem","position":2,"name":"Applications","item":"https:\/\/insulation.trocellen.com\/fr\/applications\/"},{"@type":"ListItem","position":3,"name":"Isolation sonore pour murs et toitures","item":"https:\/\/insulation.trocellen.com\/fr\/applications\/isolation-sonore-pour-murs-et-toitures\/"},{"@type":"ListItem","position":4,"name":"Isolmass 22"}]},{"@type":"WebSite","@id":"https:\/\/insulation.trocellen.com\/fr\/#website","url":"https:\/\/insulation.trocellen.com\/fr\/","name":"Trocellen Insulation","description":"","potentialAction":[{"@type":"SearchAction","target":{"@type":"EntryPoint","urlTemplate":"https:\/\/insulation.trocellen.com\/fr\/?s={search_term_string}"},"query-input":{"@type":"PropertyValueSpecification","valueRequired":true,"valueName":"search_term_string"}}],"inLanguage":"fr-FR"}]}},"_links":{"self":[{"href":"https:\/\/insulation.trocellen.com\/fr\/wp-json\/wp\/v2\/pages\/4177","targetHints":{"allow":["GET"]}}],"collection":[{"href":"https:\/\/insulation.trocellen.com\/fr\/wp-json\/wp\/v2\/pages"}],"about":[{"href":"https:\/\/insulation.trocellen.com\/fr\/wp-json\/wp\/v2\/types\/page"}],"author":[{"embeddable":true,"href":"https:\/\/insulation.trocellen.com\/fr\/wp-json\/wp\/v2\/users\/1"}],"replies":[{"embeddable":true,"href":"https:\/\/insulation.trocellen.com\/fr\/wp-json\/wp\/v2\/comments?post=4177"}],"version-history":[{"count":5,"href":"https:\/\/insulation.trocellen.com\/fr\/wp-json\/wp\/v2\/pages\/4177\/revisions"}],"predecessor-version":[{"id":10707,"href":"https:\/\/insulation.trocellen.com\/fr\/wp-json\/wp\/v2\/pages\/4177\/revisions\/10707"}],"up":[{"embeddable":true,"href":"https:\/\/insulation.trocellen.com\/fr\/wp-json\/wp\/v2\/pages\/4117"}],"wp:featuredmedia":[{"embeddable":true,"href":"https:\/\/insulation.trocellen.com\/fr\/wp-json\/wp\/v2\/media\/8826"}],"wp:attachment":[{"href":"https:\/\/insulation.trocellen.com\/fr\/wp-json\/wp\/v2\/media?parent=4177"}],"curies":[{"name":"wp","href":"https:\/\/api.w.org\/{rel}","templated":true}]}}