{"id":4171,"date":"2013-12-12T17:20:42","date_gmt":"2013-12-12T17:20:42","guid":{"rendered":"https:\/\/insulation-new.trocellen.com\/aplomb-22-2\/"},"modified":"2024-04-08T08:41:14","modified_gmt":"2024-04-08T08:41:14","slug":"aplomb-22","status":"publish","type":"page","link":"https:\/\/insulation.trocellen.com\/fr\/applications\/isolation-sonore-pour-murs-et-toitures\/aplomb-22\/","title":{"rendered":"Aplomb 22"},"content":{"rendered":"\n<p>De nombreuses sources de bruit sont pr\u00e9sentes dans nos maisons et dans notre vie en g\u00e9n\u00e9ral. Trocellen continue \u00e0 d\u00e9velopper des mousses afin d\u2019offrir une isolation thermique et acoustique optimale. La gamme de produits Aplomb consiste en des produits multicouches avec une ou plusieurs couches de plomb complex\u00e9es avec des mat\u00e9riaux flexibles, amortisseurs et absorbant le son.<\/p>\n\n\n\n<figure class=\"wp-block-image\"><a href=\"https:\/\/insulation.trocellen.com\/wp-content\/uploads\/sites\/6\/2013\/12\/aplomb-22.jpg\" rel=\"attachment wp-att-1334\"><img decoding=\"async\" src=\"https:\/\/insulation.trocellen.com\/wp-content\/uploads\/sites\/6\/2013\/12\/aplomb-22.jpg\" alt=\"aplomb-22\" class=\"wp-image-1334\" \/><\/a><\/figure>\n\n\n\n<h2 class=\"wp-block-heading\">Aplomb 22 \u2013 pour l&rsquo;isolation des murs et des sols<\/h2>\n\n\n\n<p>Composition:<\/p>\n\n\n\n<ul class=\"wp-block-list\">\n<li>Feuille de plomb 0,35 mm, 4 kg\/m2, lamin\u00e9e sur les deux faces avec:<\/li>\n\n\n\n<li>des couches de mousse PE (antivibratoire) lamin\u00e9e avec un film emboss\u00e9 noir, 3 mmd &lsquo;\u00e9paisseur.<\/li>\n<\/ul>\n\n\n\n<h3 class=\"wp-block-heading\">Utilisations:<\/h3>\n\n\n\n<ul class=\"wp-block-list\">\n<li>Isolation contre les bruits d\u2019impact et a\u00e9riens<\/li>\n\n\n\n<li>Aplomb 22 est \u00e0 utiliser pour emp\u00eacher que les bruits circulent dans un environnement sp\u00e9cifique (en particulier les bruits \u00e0 basse fr\u00e9quence)<\/li>\n\n\n\n<li>Le produit peut \u00eatre fourni en version auto-adh\u00e9sive, juste pour une dur\u00e9e temporaire d\u2019application afin de rendre la phase d&rsquo;installation plus s\u00fbre et plus facile. Ensuite le produit doit \u00eatre fix\u00e9 avec des fixations m\u00e9caniques<\/li>\n<\/ul>\n","protected":false},"excerpt":{"rendered":"<p>De nombreuses sources de bruit sont pr\u00e9sentes dans nos maisons et dans notre vie en g\u00e9n\u00e9ral. Trocellen continue \u00e0 d\u00e9velopper des mousses afin d\u2019offrir une isolation thermique et acoustique optimale. La gamme de produits Aplomb consiste en des produits multicouches avec une ou plusieurs couches de plomb complex\u00e9es avec des mat\u00e9riaux flexibles, amortisseurs et absorbant [&hellip;]<\/p>\n","protected":false},"author":1,"featured_media":8826,"parent":4117,"menu_order":100,"comment_status":"open","ping_status":"closed","template":"templates\/applications.php","meta":{"_acf_changed":false,"footnotes":""},"class_list":["post-4171","page","type-page","status-publish","has-post-thumbnail","hentry"],"acf":[],"yoast_head":"<!-- This site is optimized with the Yoast SEO plugin v23.5 - https:\/\/yoast.com\/wordpress\/plugins\/seo\/ -->\n<title>Aplomb 22 est contre les bruits d\u2019impact et a\u00e9riens.<\/title>\n<meta name=\"description\" content=\"Aplomb 22 comprend une couche de plomb stratifi\u00e9e sur les 2 faces avec de la mousse PE antivibration et un film emboss\u00e9. Disponible en version autocollante\" \/>\n<meta name=\"robots\" content=\"index, follow, max-snippet:-1, max-image-preview:large, max-video-preview:-1\" \/>\n<link rel=\"canonical\" href=\"https:\/\/insulation.trocellen.com\/fr\/applications\/isolation-sonore-pour-murs-et-toitures\/aplomb-22\/\" \/>\n<meta property=\"og:locale\" content=\"fr_FR\" \/>\n<meta property=\"og:type\" content=\"article\" \/>\n<meta property=\"og:title\" content=\"Aplomb 22 est contre les bruits d\u2019impact et a\u00e9riens.\" \/>\n<meta property=\"og:description\" content=\"Aplomb 22 comprend une couche de plomb stratifi\u00e9e sur les 2 faces avec de la mousse PE antivibration et un film emboss\u00e9. Disponible en version autocollante\" \/>\n<meta property=\"og:url\" content=\"https:\/\/insulation.trocellen.com\/fr\/applications\/isolation-sonore-pour-murs-et-toitures\/aplomb-22\/\" \/>\n<meta property=\"og:site_name\" content=\"Trocellen Insulation\" \/>\n<meta property=\"article:modified_time\" content=\"2024-04-08T08:41:14+00:00\" \/>\n<meta property=\"og:image\" content=\"https:\/\/insulation.trocellen.com\/wp-content\/uploads\/sites\/6\/2023\/05\/Pipes-2.jpg\" \/>\n\t<meta property=\"og:image:width\" content=\"1920\" \/>\n\t<meta property=\"og:image:height\" content=\"300\" \/>\n\t<meta property=\"og:image:type\" content=\"image\/jpeg\" \/>\n<meta name=\"twitter:card\" content=\"summary_large_image\" \/>\n<meta name=\"twitter:label1\" content=\"Dur\u00e9e de lecture estim\u00e9e\" \/>\n\t<meta name=\"twitter:data1\" content=\"1 minute\" \/>\n<script type=\"application\/ld+json\" class=\"yoast-schema-graph\">{\"@context\":\"https:\/\/schema.org\",\"@graph\":[{\"@type\":\"WebPage\",\"@id\":\"https:\/\/insulation.trocellen.com\/fr\/applications\/isolation-sonore-pour-murs-et-toitures\/aplomb-22\/\",\"url\":\"https:\/\/insulation.trocellen.com\/fr\/applications\/isolation-sonore-pour-murs-et-toitures\/aplomb-22\/\",\"name\":\"Aplomb 22 est contre les bruits d\u2019impact et a\u00e9riens.\",\"isPartOf\":{\"@id\":\"https:\/\/insulation.trocellen.com\/fr\/#website\"},\"primaryImageOfPage\":{\"@id\":\"https:\/\/insulation.trocellen.com\/fr\/applications\/isolation-sonore-pour-murs-et-toitures\/aplomb-22\/#primaryimage\"},\"image\":{\"@id\":\"https:\/\/insulation.trocellen.com\/fr\/applications\/isolation-sonore-pour-murs-et-toitures\/aplomb-22\/#primaryimage\"},\"thumbnailUrl\":\"https:\/\/insulation.trocellen.com\/wp-content\/uploads\/sites\/6\/2023\/05\/Pipes-2.jpg\",\"datePublished\":\"2013-12-12T17:20:42+00:00\",\"dateModified\":\"2024-04-08T08:41:14+00:00\",\"description\":\"Aplomb 22 comprend une couche de plomb stratifi\u00e9e sur les 2 faces avec de la mousse PE antivibration et un film emboss\u00e9. Disponible en version autocollante\",\"breadcrumb\":{\"@id\":\"https:\/\/insulation.trocellen.com\/fr\/applications\/isolation-sonore-pour-murs-et-toitures\/aplomb-22\/#breadcrumb\"},\"inLanguage\":\"fr-FR\",\"potentialAction\":[{\"@type\":\"ReadAction\",\"target\":[\"https:\/\/insulation.trocellen.com\/fr\/applications\/isolation-sonore-pour-murs-et-toitures\/aplomb-22\/\"]}]},{\"@type\":\"ImageObject\",\"inLanguage\":\"fr-FR\",\"@id\":\"https:\/\/insulation.trocellen.com\/fr\/applications\/isolation-sonore-pour-murs-et-toitures\/aplomb-22\/#primaryimage\",\"url\":\"https:\/\/insulation.trocellen.com\/wp-content\/uploads\/sites\/6\/2023\/05\/Pipes-2.jpg\",\"contentUrl\":\"https:\/\/insulation.trocellen.com\/wp-content\/uploads\/sites\/6\/2023\/05\/Pipes-2.jpg\",\"width\":1920,\"height\":300},{\"@type\":\"BreadcrumbList\",\"@id\":\"https:\/\/insulation.trocellen.com\/fr\/applications\/isolation-sonore-pour-murs-et-toitures\/aplomb-22\/#breadcrumb\",\"itemListElement\":[{\"@type\":\"ListItem\",\"position\":1,\"name\":\"Home\",\"item\":\"https:\/\/insulation.trocellen.com\/fr\/\"},{\"@type\":\"ListItem\",\"position\":2,\"name\":\"Applications\",\"item\":\"https:\/\/insulation.trocellen.com\/fr\/applications\/\"},{\"@type\":\"ListItem\",\"position\":3,\"name\":\"Isolation sonore pour murs et toitures\",\"item\":\"https:\/\/insulation.trocellen.com\/fr\/applications\/isolation-sonore-pour-murs-et-toitures\/\"},{\"@type\":\"ListItem\",\"position\":4,\"name\":\"Aplomb 22\"}]},{\"@type\":\"WebSite\",\"@id\":\"https:\/\/insulation.trocellen.com\/fr\/#website\",\"url\":\"https:\/\/insulation.trocellen.com\/fr\/\",\"name\":\"Trocellen Insulation\",\"description\":\"\",\"potentialAction\":[{\"@type\":\"SearchAction\",\"target\":{\"@type\":\"EntryPoint\",\"urlTemplate\":\"https:\/\/insulation.trocellen.com\/fr\/?s={search_term_string}\"},\"query-input\":{\"@type\":\"PropertyValueSpecification\",\"valueRequired\":true,\"valueName\":\"search_term_string\"}}],\"inLanguage\":\"fr-FR\"}]}<\/script>\n<!-- \/ Yoast SEO plugin. -->","yoast_head_json":{"title":"Aplomb 22 est contre les bruits d\u2019impact et a\u00e9riens.","description":"Aplomb 22 comprend une couche de plomb stratifi\u00e9e sur les 2 faces avec de la mousse PE antivibration et un film emboss\u00e9. Disponible en version autocollante","robots":{"index":"index","follow":"follow","max-snippet":"max-snippet:-1","max-image-preview":"max-image-preview:large","max-video-preview":"max-video-preview:-1"},"canonical":"https:\/\/insulation.trocellen.com\/fr\/applications\/isolation-sonore-pour-murs-et-toitures\/aplomb-22\/","og_locale":"fr_FR","og_type":"article","og_title":"Aplomb 22 est contre les bruits d\u2019impact et a\u00e9riens.","og_description":"Aplomb 22 comprend une couche de plomb stratifi\u00e9e sur les 2 faces avec de la mousse PE antivibration et un film emboss\u00e9. Disponible en version autocollante","og_url":"https:\/\/insulation.trocellen.com\/fr\/applications\/isolation-sonore-pour-murs-et-toitures\/aplomb-22\/","og_site_name":"Trocellen Insulation","article_modified_time":"2024-04-08T08:41:14+00:00","og_image":[{"width":1920,"height":300,"url":"https:\/\/insulation.trocellen.com\/wp-content\/uploads\/sites\/6\/2023\/05\/Pipes-2.jpg","type":"image\/jpeg"}],"twitter_card":"summary_large_image","twitter_misc":{"Dur\u00e9e de lecture estim\u00e9e":"1 minute"},"schema":{"@context":"https:\/\/schema.org","@graph":[{"@type":"WebPage","@id":"https:\/\/insulation.trocellen.com\/fr\/applications\/isolation-sonore-pour-murs-et-toitures\/aplomb-22\/","url":"https:\/\/insulation.trocellen.com\/fr\/applications\/isolation-sonore-pour-murs-et-toitures\/aplomb-22\/","name":"Aplomb 22 est contre les bruits d\u2019impact et a\u00e9riens.","isPartOf":{"@id":"https:\/\/insulation.trocellen.com\/fr\/#website"},"primaryImageOfPage":{"@id":"https:\/\/insulation.trocellen.com\/fr\/applications\/isolation-sonore-pour-murs-et-toitures\/aplomb-22\/#primaryimage"},"image":{"@id":"https:\/\/insulation.trocellen.com\/fr\/applications\/isolation-sonore-pour-murs-et-toitures\/aplomb-22\/#primaryimage"},"thumbnailUrl":"https:\/\/insulation.trocellen.com\/wp-content\/uploads\/sites\/6\/2023\/05\/Pipes-2.jpg","datePublished":"2013-12-12T17:20:42+00:00","dateModified":"2024-04-08T08:41:14+00:00","description":"Aplomb 22 comprend une couche de plomb stratifi\u00e9e sur les 2 faces avec de la mousse PE antivibration et un film emboss\u00e9. Disponible en version autocollante","breadcrumb":{"@id":"https:\/\/insulation.trocellen.com\/fr\/applications\/isolation-sonore-pour-murs-et-toitures\/aplomb-22\/#breadcrumb"},"inLanguage":"fr-FR","potentialAction":[{"@type":"ReadAction","target":["https:\/\/insulation.trocellen.com\/fr\/applications\/isolation-sonore-pour-murs-et-toitures\/aplomb-22\/"]}]},{"@type":"ImageObject","inLanguage":"fr-FR","@id":"https:\/\/insulation.trocellen.com\/fr\/applications\/isolation-sonore-pour-murs-et-toitures\/aplomb-22\/#primaryimage","url":"https:\/\/insulation.trocellen.com\/wp-content\/uploads\/sites\/6\/2023\/05\/Pipes-2.jpg","contentUrl":"https:\/\/insulation.trocellen.com\/wp-content\/uploads\/sites\/6\/2023\/05\/Pipes-2.jpg","width":1920,"height":300},{"@type":"BreadcrumbList","@id":"https:\/\/insulation.trocellen.com\/fr\/applications\/isolation-sonore-pour-murs-et-toitures\/aplomb-22\/#breadcrumb","itemListElement":[{"@type":"ListItem","position":1,"name":"Home","item":"https:\/\/insulation.trocellen.com\/fr\/"},{"@type":"ListItem","position":2,"name":"Applications","item":"https:\/\/insulation.trocellen.com\/fr\/applications\/"},{"@type":"ListItem","position":3,"name":"Isolation sonore pour murs et toitures","item":"https:\/\/insulation.trocellen.com\/fr\/applications\/isolation-sonore-pour-murs-et-toitures\/"},{"@type":"ListItem","position":4,"name":"Aplomb 22"}]},{"@type":"WebSite","@id":"https:\/\/insulation.trocellen.com\/fr\/#website","url":"https:\/\/insulation.trocellen.com\/fr\/","name":"Trocellen Insulation","description":"","potentialAction":[{"@type":"SearchAction","target":{"@type":"EntryPoint","urlTemplate":"https:\/\/insulation.trocellen.com\/fr\/?s={search_term_string}"},"query-input":{"@type":"PropertyValueSpecification","valueRequired":true,"valueName":"search_term_string"}}],"inLanguage":"fr-FR"}]}},"_links":{"self":[{"href":"https:\/\/insulation.trocellen.com\/fr\/wp-json\/wp\/v2\/pages\/4171","targetHints":{"allow":["GET"]}}],"collection":[{"href":"https:\/\/insulation.trocellen.com\/fr\/wp-json\/wp\/v2\/pages"}],"about":[{"href":"https:\/\/insulation.trocellen.com\/fr\/wp-json\/wp\/v2\/types\/page"}],"author":[{"embeddable":true,"href":"https:\/\/insulation.trocellen.com\/fr\/wp-json\/wp\/v2\/users\/1"}],"replies":[{"embeddable":true,"href":"https:\/\/insulation.trocellen.com\/fr\/wp-json\/wp\/v2\/comments?post=4171"}],"version-history":[{"count":8,"href":"https:\/\/insulation.trocellen.com\/fr\/wp-json\/wp\/v2\/pages\/4171\/revisions"}],"predecessor-version":[{"id":10706,"href":"https:\/\/insulation.trocellen.com\/fr\/wp-json\/wp\/v2\/pages\/4171\/revisions\/10706"}],"up":[{"embeddable":true,"href":"https:\/\/insulation.trocellen.com\/fr\/wp-json\/wp\/v2\/pages\/4117"}],"wp:featuredmedia":[{"embeddable":true,"href":"https:\/\/insulation.trocellen.com\/fr\/wp-json\/wp\/v2\/media\/8826"}],"wp:attachment":[{"href":"https:\/\/insulation.trocellen.com\/fr\/wp-json\/wp\/v2\/media?parent=4171"}],"curies":[{"name":"wp","href":"https:\/\/api.w.org\/{rel}","templated":true}]}}