{"id":4159,"date":"2013-12-12T17:20:05","date_gmt":"2013-12-12T17:20:05","guid":{"rendered":"https:\/\/insulation-new.trocellen.com\/isolmass-22\/"},"modified":"2023-07-10T09:27:13","modified_gmt":"2023-07-10T09:27:13","slug":"isolmass-22","status":"publish","type":"page","link":"https:\/\/insulation.trocellen.com\/fr\/applications\/sous-couche-de-parquet-et-de-sol\/isolmass-22\/","title":{"rendered":"Isolmass 22"},"content":{"rendered":"<p>Isolmass est une solution d&rsquo;isolation phonique alternative. Trocellen a mis au point Isolmass afin de satisfaire les clients qui pr\u00e9f\u00e8rent ne pas utiliser de plomb pour l&rsquo;isolation phonique.<\/p>\n<p>Les produits Isolmass sont des mousses Trocellen \u00e0 couches multiples, en combinaison avec une couche lourde en polyol\u00e9fine, lamin\u00e9e avec des mat\u00e9riaux flexibles, r\u00e9silients et insonorisants.<\/p>\n<h3>Les avantages de la couche lourde en PO compar\u00e9 au plomb<\/h3>\n<ul>\n<li>Plus \u00e9cologique<\/li>\n<li>Combinaison facile avec les mousses Trocellen, r\u00e9sultant un produit compl\u00e8tement r\u00e9utilisable.<\/li>\n<li>Largeur du rouleau &gt; 1m<\/li>\n<\/ul>\n<div id=\"attachment_1876\" style=\"width: 310px\" class=\"wp-caption alignnone\"><a href=\"https:\/\/insulation.trocellen.com\/wp-content\/uploads\/sites\/6\/2013\/12\/Optimized-Trocellen_Isolmass-22.jpg\"><img loading=\"lazy\" decoding=\"async\" aria-describedby=\"caption-attachment-1876\" class=\"size-medium wp-image-1876\" src=\"https:\/\/insulation.trocellen.com\/wp-content\/uploads\/sites\/6\/2013\/12\/Optimized-Trocellen_Isolmass-22-300x200.jpg\" alt=\"\" width=\"300\" height=\"200\" \/><\/a><p id=\"caption-attachment-1876\" class=\"wp-caption-text\">Isolmass 22<\/p><\/div>\n<h2>Isolmass 22<\/h2>\n<h4>Composite:<\/h4>\n<ul>\n<li>Couche de mousse PE (antivibratoire) d&rsquo;une \u00e9paisseur de 3 mm<\/li>\n<li>Le poids de la couche lourde est de 4 kg\/m\u00b2<\/li>\n<li>Couche de mousse PE (antivibratoire) d&rsquo;une \u00e9paisseur de 3 mm<\/li>\n<\/ul>\n<h4>Utilisations:<\/h4>\n<ul>\n<li>Isolation sonore des murs<\/li>\n<li>Pour la couche de pose des couvre-sols, ou les murs des ouvrages, pour r\u00e9duire les ondes sonores \u00e0 basse fr\u00e9quence et assurer la masse n\u00e9cessaire des cloisons.<\/li>\n<\/ul>\n","protected":false},"excerpt":{"rendered":"<p>Isolmass est une solution d&rsquo;isolation phonique alternative. Trocellen a mis au point Isolmass afin de satisfaire les clients qui pr\u00e9f\u00e8rent ne pas utiliser de plomb pour l&rsquo;isolation phonique. Les produits Isolmass sont des mousses Trocellen \u00e0 couches multiples, en combinaison avec une couche lourde en polyol\u00e9fine, lamin\u00e9e avec des mat\u00e9riaux flexibles, r\u00e9silients et insonorisants. Les [&hellip;]<\/p>\n","protected":false},"author":1,"featured_media":0,"parent":4111,"menu_order":300,"comment_status":"open","ping_status":"closed","template":"templates\/applications.php","meta":{"_acf_changed":false,"footnotes":""},"class_list":["post-4159","page","type-page","status-publish","hentry"],"acf":[],"yoast_head":"<!-- This site is optimized with the Yoast SEO plugin v23.5 - https:\/\/yoast.com\/wordpress\/plugins\/seo\/ -->\n<title>Mousse Isolmass multicouche (couche lourde+absorbant sonore)<\/title>\n<meta name=\"description\" content=\"Trocellen Isolmass est une solution d\u2019isolation acoustique alternative pour des clients qui pr\u00e9f\u00e8rent \u00e9viter le plomb dans leur isolation sonore.\" \/>\n<meta name=\"robots\" content=\"index, follow, max-snippet:-1, max-image-preview:large, max-video-preview:-1\" \/>\n<link rel=\"canonical\" href=\"https:\/\/insulation.trocellen.com\/fr\/applications\/sous-couche-de-parquet-et-de-sol\/isolmass-22\/\" \/>\n<meta property=\"og:locale\" content=\"fr_FR\" \/>\n<meta property=\"og:type\" content=\"article\" \/>\n<meta property=\"og:title\" content=\"Mousse Isolmass multicouche (couche lourde+absorbant sonore)\" \/>\n<meta property=\"og:description\" content=\"Trocellen Isolmass est une solution d\u2019isolation acoustique alternative pour des clients qui pr\u00e9f\u00e8rent \u00e9viter le plomb dans leur isolation sonore.\" \/>\n<meta property=\"og:url\" content=\"https:\/\/insulation.trocellen.com\/fr\/applications\/sous-couche-de-parquet-et-de-sol\/isolmass-22\/\" \/>\n<meta property=\"og:site_name\" content=\"Trocellen Insulation\" \/>\n<meta property=\"article:modified_time\" content=\"2023-07-10T09:27:13+00:00\" \/>\n<meta property=\"og:image\" content=\"https:\/\/insulation.trocellen.com\/wp-content\/uploads\/sites\/6\/2013\/12\/Optimized-Trocellen_Isolmass-22-300x200.jpg\" \/>\n<meta name=\"twitter:card\" content=\"summary_large_image\" \/>\n<meta name=\"twitter:label1\" content=\"Dur\u00e9e de lecture estim\u00e9e\" \/>\n\t<meta name=\"twitter:data1\" content=\"1 minute\" \/>\n<script type=\"application\/ld+json\" class=\"yoast-schema-graph\">{\"@context\":\"https:\/\/schema.org\",\"@graph\":[{\"@type\":\"WebPage\",\"@id\":\"https:\/\/insulation.trocellen.com\/fr\/applications\/sous-couche-de-parquet-et-de-sol\/isolmass-22\/\",\"url\":\"https:\/\/insulation.trocellen.com\/fr\/applications\/sous-couche-de-parquet-et-de-sol\/isolmass-22\/\",\"name\":\"Mousse Isolmass multicouche (couche lourde+absorbant sonore)\",\"isPartOf\":{\"@id\":\"https:\/\/insulation.trocellen.com\/fr\/#website\"},\"primaryImageOfPage\":{\"@id\":\"https:\/\/insulation.trocellen.com\/fr\/applications\/sous-couche-de-parquet-et-de-sol\/isolmass-22\/#primaryimage\"},\"image\":{\"@id\":\"https:\/\/insulation.trocellen.com\/fr\/applications\/sous-couche-de-parquet-et-de-sol\/isolmass-22\/#primaryimage\"},\"thumbnailUrl\":\"https:\/\/insulation.trocellen.com\/wp-content\/uploads\/sites\/6\/2013\/12\/Optimized-Trocellen_Isolmass-22-300x200.jpg\",\"datePublished\":\"2013-12-12T17:20:05+00:00\",\"dateModified\":\"2023-07-10T09:27:13+00:00\",\"description\":\"Trocellen Isolmass est une solution d\u2019isolation acoustique alternative pour des clients qui pr\u00e9f\u00e8rent \u00e9viter le plomb dans leur isolation sonore.\",\"breadcrumb\":{\"@id\":\"https:\/\/insulation.trocellen.com\/fr\/applications\/sous-couche-de-parquet-et-de-sol\/isolmass-22\/#breadcrumb\"},\"inLanguage\":\"fr-FR\",\"potentialAction\":[{\"@type\":\"ReadAction\",\"target\":[\"https:\/\/insulation.trocellen.com\/fr\/applications\/sous-couche-de-parquet-et-de-sol\/isolmass-22\/\"]}]},{\"@type\":\"ImageObject\",\"inLanguage\":\"fr-FR\",\"@id\":\"https:\/\/insulation.trocellen.com\/fr\/applications\/sous-couche-de-parquet-et-de-sol\/isolmass-22\/#primaryimage\",\"url\":\"https:\/\/insulation.trocellen.com\/wp-content\/uploads\/sites\/6\/2013\/12\/Optimized-Trocellen_Isolmass-22-300x200.jpg\",\"contentUrl\":\"https:\/\/insulation.trocellen.com\/wp-content\/uploads\/sites\/6\/2013\/12\/Optimized-Trocellen_Isolmass-22-300x200.jpg\"},{\"@type\":\"BreadcrumbList\",\"@id\":\"https:\/\/insulation.trocellen.com\/fr\/applications\/sous-couche-de-parquet-et-de-sol\/isolmass-22\/#breadcrumb\",\"itemListElement\":[{\"@type\":\"ListItem\",\"position\":1,\"name\":\"Home\",\"item\":\"https:\/\/insulation.trocellen.com\/fr\/\"},{\"@type\":\"ListItem\",\"position\":2,\"name\":\"Applications\",\"item\":\"https:\/\/insulation.trocellen.com\/fr\/applications\/\"},{\"@type\":\"ListItem\",\"position\":3,\"name\":\"Sous-couche de parquet et de sol\",\"item\":\"https:\/\/insulation.trocellen.com\/fr\/applications\/sous-couche-de-parquet-et-de-sol\/\"},{\"@type\":\"ListItem\",\"position\":4,\"name\":\"Isolmass 22\"}]},{\"@type\":\"WebSite\",\"@id\":\"https:\/\/insulation.trocellen.com\/fr\/#website\",\"url\":\"https:\/\/insulation.trocellen.com\/fr\/\",\"name\":\"Trocellen Insulation\",\"description\":\"\",\"potentialAction\":[{\"@type\":\"SearchAction\",\"target\":{\"@type\":\"EntryPoint\",\"urlTemplate\":\"https:\/\/insulation.trocellen.com\/fr\/?s={search_term_string}\"},\"query-input\":{\"@type\":\"PropertyValueSpecification\",\"valueRequired\":true,\"valueName\":\"search_term_string\"}}],\"inLanguage\":\"fr-FR\"}]}<\/script>\n<!-- \/ Yoast SEO plugin. -->","yoast_head_json":{"title":"Mousse Isolmass multicouche (couche lourde+absorbant sonore)","description":"Trocellen Isolmass est une solution d\u2019isolation acoustique alternative pour des clients qui pr\u00e9f\u00e8rent \u00e9viter le plomb dans leur isolation sonore.","robots":{"index":"index","follow":"follow","max-snippet":"max-snippet:-1","max-image-preview":"max-image-preview:large","max-video-preview":"max-video-preview:-1"},"canonical":"https:\/\/insulation.trocellen.com\/fr\/applications\/sous-couche-de-parquet-et-de-sol\/isolmass-22\/","og_locale":"fr_FR","og_type":"article","og_title":"Mousse Isolmass multicouche (couche lourde+absorbant sonore)","og_description":"Trocellen Isolmass est une solution d\u2019isolation acoustique alternative pour des clients qui pr\u00e9f\u00e8rent \u00e9viter le plomb dans leur isolation sonore.","og_url":"https:\/\/insulation.trocellen.com\/fr\/applications\/sous-couche-de-parquet-et-de-sol\/isolmass-22\/","og_site_name":"Trocellen Insulation","article_modified_time":"2023-07-10T09:27:13+00:00","og_image":[{"url":"https:\/\/insulation.trocellen.com\/wp-content\/uploads\/sites\/6\/2013\/12\/Optimized-Trocellen_Isolmass-22-300x200.jpg"}],"twitter_card":"summary_large_image","twitter_misc":{"Dur\u00e9e de lecture estim\u00e9e":"1 minute"},"schema":{"@context":"https:\/\/schema.org","@graph":[{"@type":"WebPage","@id":"https:\/\/insulation.trocellen.com\/fr\/applications\/sous-couche-de-parquet-et-de-sol\/isolmass-22\/","url":"https:\/\/insulation.trocellen.com\/fr\/applications\/sous-couche-de-parquet-et-de-sol\/isolmass-22\/","name":"Mousse Isolmass multicouche (couche lourde+absorbant sonore)","isPartOf":{"@id":"https:\/\/insulation.trocellen.com\/fr\/#website"},"primaryImageOfPage":{"@id":"https:\/\/insulation.trocellen.com\/fr\/applications\/sous-couche-de-parquet-et-de-sol\/isolmass-22\/#primaryimage"},"image":{"@id":"https:\/\/insulation.trocellen.com\/fr\/applications\/sous-couche-de-parquet-et-de-sol\/isolmass-22\/#primaryimage"},"thumbnailUrl":"https:\/\/insulation.trocellen.com\/wp-content\/uploads\/sites\/6\/2013\/12\/Optimized-Trocellen_Isolmass-22-300x200.jpg","datePublished":"2013-12-12T17:20:05+00:00","dateModified":"2023-07-10T09:27:13+00:00","description":"Trocellen Isolmass est une solution d\u2019isolation acoustique alternative pour des clients qui pr\u00e9f\u00e8rent \u00e9viter le plomb dans leur isolation sonore.","breadcrumb":{"@id":"https:\/\/insulation.trocellen.com\/fr\/applications\/sous-couche-de-parquet-et-de-sol\/isolmass-22\/#breadcrumb"},"inLanguage":"fr-FR","potentialAction":[{"@type":"ReadAction","target":["https:\/\/insulation.trocellen.com\/fr\/applications\/sous-couche-de-parquet-et-de-sol\/isolmass-22\/"]}]},{"@type":"ImageObject","inLanguage":"fr-FR","@id":"https:\/\/insulation.trocellen.com\/fr\/applications\/sous-couche-de-parquet-et-de-sol\/isolmass-22\/#primaryimage","url":"https:\/\/insulation.trocellen.com\/wp-content\/uploads\/sites\/6\/2013\/12\/Optimized-Trocellen_Isolmass-22-300x200.jpg","contentUrl":"https:\/\/insulation.trocellen.com\/wp-content\/uploads\/sites\/6\/2013\/12\/Optimized-Trocellen_Isolmass-22-300x200.jpg"},{"@type":"BreadcrumbList","@id":"https:\/\/insulation.trocellen.com\/fr\/applications\/sous-couche-de-parquet-et-de-sol\/isolmass-22\/#breadcrumb","itemListElement":[{"@type":"ListItem","position":1,"name":"Home","item":"https:\/\/insulation.trocellen.com\/fr\/"},{"@type":"ListItem","position":2,"name":"Applications","item":"https:\/\/insulation.trocellen.com\/fr\/applications\/"},{"@type":"ListItem","position":3,"name":"Sous-couche de parquet et de sol","item":"https:\/\/insulation.trocellen.com\/fr\/applications\/sous-couche-de-parquet-et-de-sol\/"},{"@type":"ListItem","position":4,"name":"Isolmass 22"}]},{"@type":"WebSite","@id":"https:\/\/insulation.trocellen.com\/fr\/#website","url":"https:\/\/insulation.trocellen.com\/fr\/","name":"Trocellen Insulation","description":"","potentialAction":[{"@type":"SearchAction","target":{"@type":"EntryPoint","urlTemplate":"https:\/\/insulation.trocellen.com\/fr\/?s={search_term_string}"},"query-input":{"@type":"PropertyValueSpecification","valueRequired":true,"valueName":"search_term_string"}}],"inLanguage":"fr-FR"}]}},"_links":{"self":[{"href":"https:\/\/insulation.trocellen.com\/fr\/wp-json\/wp\/v2\/pages\/4159","targetHints":{"allow":["GET"]}}],"collection":[{"href":"https:\/\/insulation.trocellen.com\/fr\/wp-json\/wp\/v2\/pages"}],"about":[{"href":"https:\/\/insulation.trocellen.com\/fr\/wp-json\/wp\/v2\/types\/page"}],"author":[{"embeddable":true,"href":"https:\/\/insulation.trocellen.com\/fr\/wp-json\/wp\/v2\/users\/1"}],"replies":[{"embeddable":true,"href":"https:\/\/insulation.trocellen.com\/fr\/wp-json\/wp\/v2\/comments?post=4159"}],"version-history":[{"count":3,"href":"https:\/\/insulation.trocellen.com\/fr\/wp-json\/wp\/v2\/pages\/4159\/revisions"}],"predecessor-version":[{"id":9726,"href":"https:\/\/insulation.trocellen.com\/fr\/wp-json\/wp\/v2\/pages\/4159\/revisions\/9726"}],"up":[{"embeddable":true,"href":"https:\/\/insulation.trocellen.com\/fr\/wp-json\/wp\/v2\/pages\/4111"}],"wp:attachment":[{"href":"https:\/\/insulation.trocellen.com\/fr\/wp-json\/wp\/v2\/media?parent=4159"}],"curies":[{"name":"wp","href":"https:\/\/api.w.org\/{rel}","templated":true}]}}