{"id":4153,"date":"2013-12-12T17:19:53","date_gmt":"2013-12-12T17:19:53","guid":{"rendered":"https:\/\/insulation-new.trocellen.com\/aplomb-22\/"},"modified":"2023-07-10T09:26:35","modified_gmt":"2023-07-10T09:26:35","slug":"aplomb-22","status":"publish","type":"page","link":"https:\/\/insulation.trocellen.com\/fr\/applications\/sous-couche-de-parquet-et-de-sol\/aplomb-22\/","title":{"rendered":"Aplomb 22"},"content":{"rendered":"<p>Beaucoup de sources de bruit diff\u00e9rentes sont pr\u00e9sentes dans nos maisons et en g\u00e9n\u00e9ral, dans notre vie. Trocellen continue \u00e0 d\u00e9velopper ses solutions de mousse pour offrir les meilleures isolations thermales et acoustiques.<\/p>\n<p>La gamme de produits Trocellen Aplomb est compos\u00e9e de produits \u00e0 plusieurs couches avec une ou plusieurs couches de plomb lamin\u00e9 avec des mat\u00e9riaux flexibles, amortisseurs et insonoristants.<\/p>\n<p><a href=\"https:\/\/insulation.trocellen.com\/wp-content\/uploads\/sites\/6\/2013\/12\/aplomb-22.jpg\" rel=\"attachment wp-att-1334\"><img loading=\"lazy\" decoding=\"async\" class=\"alignnone size-full wp-image-1334\" src=\"https:\/\/insulation.trocellen.com\/wp-content\/uploads\/sites\/6\/2013\/12\/aplomb-22.jpg\" alt=\"aplomb-22\" width=\"800\" height=\"525\"><\/a><\/p>\n<h2>Aplomb 22 \u2013 pour l&rsquo;isolation des murs et de toiture<\/h2>\n<h3>Composite:<\/h3>\n<ul>\n<li>Couche de plomb de 0,35 mm, 4kg\/m\u00b2, lamin\u00e9e sur les deux c\u00f4t\u00e9s avec&nbsp;:<\/li>\n<li>Couche de mousse PE antivibratoire d&rsquo;une \u00e9paisseur de 3 mm, enrob\u00e9e d&rsquo;un film textur\u00e9 noir.<\/li>\n<\/ul>\n<h3>Utilisations:<\/h3>\n<ul>\n<li>Isolation aux impacts et au bruit a\u00e9rien dans les divisions horizontales.<\/li>\n<li>Aplomb 22 doit \u00eatre utilis\u00e9 pour emp\u00eacher l&rsquo;entr\u00e9e ou la sortie du bruit dans un environnement particulier (sp\u00e9cialement les bruits \u00e0 basse fr\u00e9quence)<\/li>\n<li>Le produit peut \u00eatre fourni en version auto-adh\u00e9sive, juste pour une dur\u00e9e temporaire d\u2019application afin de rendre la phase d&rsquo;installation plus s\u00fbre et plus facile. Ensuite&nbsp;le produit doit \u00eatre fix\u00e9 avec des fixations m\u00e9caniques.<\/li>\n<\/ul>\n","protected":false},"excerpt":{"rendered":"<p>Beaucoup de sources de bruit diff\u00e9rentes sont pr\u00e9sentes dans nos maisons et en g\u00e9n\u00e9ral, dans notre vie. Trocellen continue \u00e0 d\u00e9velopper ses solutions de mousse pour offrir les meilleures isolations thermales et acoustiques. La gamme de produits Trocellen Aplomb est compos\u00e9e de produits \u00e0 plusieurs couches avec une ou plusieurs couches de plomb lamin\u00e9 avec [&hellip;]<\/p>\n","protected":false},"author":1,"featured_media":0,"parent":4111,"menu_order":200,"comment_status":"open","ping_status":"closed","template":"templates\/applications.php","meta":{"_acf_changed":false,"footnotes":""},"class_list":["post-4153","page","type-page","status-publish","hentry"],"acf":[],"yoast_head":"<!-- This site is optimized with the Yoast SEO plugin v23.5 - https:\/\/yoast.com\/wordpress\/plugins\/seo\/ -->\n<title>Aplomb 22 est excellent pour l\u2019isolation des bruits muraux<\/title>\n<meta name=\"description\" content=\"Trocellen Aplomb est compos\u00e9 de produits \u00e0 plusieurs couches avec une couche de plomb lamin\u00e9e avec des mat\u00e9riaux flexibles, amortisseurs et insonorisants.\" \/>\n<meta name=\"robots\" content=\"index, follow, max-snippet:-1, max-image-preview:large, max-video-preview:-1\" \/>\n<link rel=\"canonical\" href=\"https:\/\/insulation.trocellen.com\/fr\/applications\/sous-couche-de-parquet-et-de-sol\/aplomb-22\/\" \/>\n<meta property=\"og:locale\" content=\"fr_FR\" \/>\n<meta property=\"og:type\" content=\"article\" \/>\n<meta property=\"og:title\" content=\"Aplomb 22 est excellent pour l\u2019isolation des bruits muraux\" \/>\n<meta property=\"og:description\" content=\"Trocellen Aplomb est compos\u00e9 de produits \u00e0 plusieurs couches avec une couche de plomb lamin\u00e9e avec des mat\u00e9riaux flexibles, amortisseurs et insonorisants.\" \/>\n<meta property=\"og:url\" content=\"https:\/\/insulation.trocellen.com\/fr\/applications\/sous-couche-de-parquet-et-de-sol\/aplomb-22\/\" \/>\n<meta property=\"og:site_name\" content=\"Trocellen Insulation\" \/>\n<meta property=\"article:modified_time\" content=\"2023-07-10T09:26:35+00:00\" \/>\n<meta property=\"og:image\" content=\"https:\/\/insulation.trocellen.com\/wp-content\/uploads\/sites\/6\/2013\/12\/aplomb-22.jpg\" \/>\n<meta name=\"twitter:card\" content=\"summary_large_image\" \/>\n<meta name=\"twitter:label1\" content=\"Dur\u00e9e de lecture estim\u00e9e\" \/>\n\t<meta name=\"twitter:data1\" content=\"1 minute\" \/>\n<script type=\"application\/ld+json\" class=\"yoast-schema-graph\">{\"@context\":\"https:\/\/schema.org\",\"@graph\":[{\"@type\":\"WebPage\",\"@id\":\"https:\/\/insulation.trocellen.com\/fr\/applications\/sous-couche-de-parquet-et-de-sol\/aplomb-22\/\",\"url\":\"https:\/\/insulation.trocellen.com\/fr\/applications\/sous-couche-de-parquet-et-de-sol\/aplomb-22\/\",\"name\":\"Aplomb 22 est excellent pour l\u2019isolation des bruits muraux\",\"isPartOf\":{\"@id\":\"https:\/\/insulation.trocellen.com\/fr\/#website\"},\"primaryImageOfPage\":{\"@id\":\"https:\/\/insulation.trocellen.com\/fr\/applications\/sous-couche-de-parquet-et-de-sol\/aplomb-22\/#primaryimage\"},\"image\":{\"@id\":\"https:\/\/insulation.trocellen.com\/fr\/applications\/sous-couche-de-parquet-et-de-sol\/aplomb-22\/#primaryimage\"},\"thumbnailUrl\":\"https:\/\/insulation.trocellen.com\/wp-content\/uploads\/sites\/6\/2013\/12\/aplomb-22.jpg\",\"datePublished\":\"2013-12-12T17:19:53+00:00\",\"dateModified\":\"2023-07-10T09:26:35+00:00\",\"description\":\"Trocellen Aplomb est compos\u00e9 de produits \u00e0 plusieurs couches avec une couche de plomb lamin\u00e9e avec des mat\u00e9riaux flexibles, amortisseurs et insonorisants.\",\"breadcrumb\":{\"@id\":\"https:\/\/insulation.trocellen.com\/fr\/applications\/sous-couche-de-parquet-et-de-sol\/aplomb-22\/#breadcrumb\"},\"inLanguage\":\"fr-FR\",\"potentialAction\":[{\"@type\":\"ReadAction\",\"target\":[\"https:\/\/insulation.trocellen.com\/fr\/applications\/sous-couche-de-parquet-et-de-sol\/aplomb-22\/\"]}]},{\"@type\":\"ImageObject\",\"inLanguage\":\"fr-FR\",\"@id\":\"https:\/\/insulation.trocellen.com\/fr\/applications\/sous-couche-de-parquet-et-de-sol\/aplomb-22\/#primaryimage\",\"url\":\"https:\/\/insulation.trocellen.com\/wp-content\/uploads\/sites\/6\/2013\/12\/aplomb-22.jpg\",\"contentUrl\":\"https:\/\/insulation.trocellen.com\/wp-content\/uploads\/sites\/6\/2013\/12\/aplomb-22.jpg\"},{\"@type\":\"BreadcrumbList\",\"@id\":\"https:\/\/insulation.trocellen.com\/fr\/applications\/sous-couche-de-parquet-et-de-sol\/aplomb-22\/#breadcrumb\",\"itemListElement\":[{\"@type\":\"ListItem\",\"position\":1,\"name\":\"Home\",\"item\":\"https:\/\/insulation.trocellen.com\/fr\/\"},{\"@type\":\"ListItem\",\"position\":2,\"name\":\"Applications\",\"item\":\"https:\/\/insulation.trocellen.com\/fr\/applications\/\"},{\"@type\":\"ListItem\",\"position\":3,\"name\":\"Sous-couche de parquet et de sol\",\"item\":\"https:\/\/insulation.trocellen.com\/fr\/applications\/sous-couche-de-parquet-et-de-sol\/\"},{\"@type\":\"ListItem\",\"position\":4,\"name\":\"Aplomb 22\"}]},{\"@type\":\"WebSite\",\"@id\":\"https:\/\/insulation.trocellen.com\/fr\/#website\",\"url\":\"https:\/\/insulation.trocellen.com\/fr\/\",\"name\":\"Trocellen Insulation\",\"description\":\"\",\"potentialAction\":[{\"@type\":\"SearchAction\",\"target\":{\"@type\":\"EntryPoint\",\"urlTemplate\":\"https:\/\/insulation.trocellen.com\/fr\/?s={search_term_string}\"},\"query-input\":{\"@type\":\"PropertyValueSpecification\",\"valueRequired\":true,\"valueName\":\"search_term_string\"}}],\"inLanguage\":\"fr-FR\"}]}<\/script>\n<!-- \/ Yoast SEO plugin. -->","yoast_head_json":{"title":"Aplomb 22 est excellent pour l\u2019isolation des bruits muraux","description":"Trocellen Aplomb est compos\u00e9 de produits \u00e0 plusieurs couches avec une couche de plomb lamin\u00e9e avec des mat\u00e9riaux flexibles, amortisseurs et insonorisants.","robots":{"index":"index","follow":"follow","max-snippet":"max-snippet:-1","max-image-preview":"max-image-preview:large","max-video-preview":"max-video-preview:-1"},"canonical":"https:\/\/insulation.trocellen.com\/fr\/applications\/sous-couche-de-parquet-et-de-sol\/aplomb-22\/","og_locale":"fr_FR","og_type":"article","og_title":"Aplomb 22 est excellent pour l\u2019isolation des bruits muraux","og_description":"Trocellen Aplomb est compos\u00e9 de produits \u00e0 plusieurs couches avec une couche de plomb lamin\u00e9e avec des mat\u00e9riaux flexibles, amortisseurs et insonorisants.","og_url":"https:\/\/insulation.trocellen.com\/fr\/applications\/sous-couche-de-parquet-et-de-sol\/aplomb-22\/","og_site_name":"Trocellen Insulation","article_modified_time":"2023-07-10T09:26:35+00:00","og_image":[{"url":"https:\/\/insulation.trocellen.com\/wp-content\/uploads\/sites\/6\/2013\/12\/aplomb-22.jpg"}],"twitter_card":"summary_large_image","twitter_misc":{"Dur\u00e9e de lecture estim\u00e9e":"1 minute"},"schema":{"@context":"https:\/\/schema.org","@graph":[{"@type":"WebPage","@id":"https:\/\/insulation.trocellen.com\/fr\/applications\/sous-couche-de-parquet-et-de-sol\/aplomb-22\/","url":"https:\/\/insulation.trocellen.com\/fr\/applications\/sous-couche-de-parquet-et-de-sol\/aplomb-22\/","name":"Aplomb 22 est excellent pour l\u2019isolation des bruits muraux","isPartOf":{"@id":"https:\/\/insulation.trocellen.com\/fr\/#website"},"primaryImageOfPage":{"@id":"https:\/\/insulation.trocellen.com\/fr\/applications\/sous-couche-de-parquet-et-de-sol\/aplomb-22\/#primaryimage"},"image":{"@id":"https:\/\/insulation.trocellen.com\/fr\/applications\/sous-couche-de-parquet-et-de-sol\/aplomb-22\/#primaryimage"},"thumbnailUrl":"https:\/\/insulation.trocellen.com\/wp-content\/uploads\/sites\/6\/2013\/12\/aplomb-22.jpg","datePublished":"2013-12-12T17:19:53+00:00","dateModified":"2023-07-10T09:26:35+00:00","description":"Trocellen Aplomb est compos\u00e9 de produits \u00e0 plusieurs couches avec une couche de plomb lamin\u00e9e avec des mat\u00e9riaux flexibles, amortisseurs et insonorisants.","breadcrumb":{"@id":"https:\/\/insulation.trocellen.com\/fr\/applications\/sous-couche-de-parquet-et-de-sol\/aplomb-22\/#breadcrumb"},"inLanguage":"fr-FR","potentialAction":[{"@type":"ReadAction","target":["https:\/\/insulation.trocellen.com\/fr\/applications\/sous-couche-de-parquet-et-de-sol\/aplomb-22\/"]}]},{"@type":"ImageObject","inLanguage":"fr-FR","@id":"https:\/\/insulation.trocellen.com\/fr\/applications\/sous-couche-de-parquet-et-de-sol\/aplomb-22\/#primaryimage","url":"https:\/\/insulation.trocellen.com\/wp-content\/uploads\/sites\/6\/2013\/12\/aplomb-22.jpg","contentUrl":"https:\/\/insulation.trocellen.com\/wp-content\/uploads\/sites\/6\/2013\/12\/aplomb-22.jpg"},{"@type":"BreadcrumbList","@id":"https:\/\/insulation.trocellen.com\/fr\/applications\/sous-couche-de-parquet-et-de-sol\/aplomb-22\/#breadcrumb","itemListElement":[{"@type":"ListItem","position":1,"name":"Home","item":"https:\/\/insulation.trocellen.com\/fr\/"},{"@type":"ListItem","position":2,"name":"Applications","item":"https:\/\/insulation.trocellen.com\/fr\/applications\/"},{"@type":"ListItem","position":3,"name":"Sous-couche de parquet et de sol","item":"https:\/\/insulation.trocellen.com\/fr\/applications\/sous-couche-de-parquet-et-de-sol\/"},{"@type":"ListItem","position":4,"name":"Aplomb 22"}]},{"@type":"WebSite","@id":"https:\/\/insulation.trocellen.com\/fr\/#website","url":"https:\/\/insulation.trocellen.com\/fr\/","name":"Trocellen Insulation","description":"","potentialAction":[{"@type":"SearchAction","target":{"@type":"EntryPoint","urlTemplate":"https:\/\/insulation.trocellen.com\/fr\/?s={search_term_string}"},"query-input":{"@type":"PropertyValueSpecification","valueRequired":true,"valueName":"search_term_string"}}],"inLanguage":"fr-FR"}]}},"_links":{"self":[{"href":"https:\/\/insulation.trocellen.com\/fr\/wp-json\/wp\/v2\/pages\/4153","targetHints":{"allow":["GET"]}}],"collection":[{"href":"https:\/\/insulation.trocellen.com\/fr\/wp-json\/wp\/v2\/pages"}],"about":[{"href":"https:\/\/insulation.trocellen.com\/fr\/wp-json\/wp\/v2\/types\/page"}],"author":[{"embeddable":true,"href":"https:\/\/insulation.trocellen.com\/fr\/wp-json\/wp\/v2\/users\/1"}],"replies":[{"embeddable":true,"href":"https:\/\/insulation.trocellen.com\/fr\/wp-json\/wp\/v2\/comments?post=4153"}],"version-history":[{"count":1,"href":"https:\/\/insulation.trocellen.com\/fr\/wp-json\/wp\/v2\/pages\/4153\/revisions"}],"predecessor-version":[{"id":9725,"href":"https:\/\/insulation.trocellen.com\/fr\/wp-json\/wp\/v2\/pages\/4153\/revisions\/9725"}],"up":[{"embeddable":true,"href":"https:\/\/insulation.trocellen.com\/fr\/wp-json\/wp\/v2\/pages\/4111"}],"wp:attachment":[{"href":"https:\/\/insulation.trocellen.com\/fr\/wp-json\/wp\/v2\/media?parent=4153"}],"curies":[{"name":"wp","href":"https:\/\/api.w.org\/{rel}","templated":true}]}}