{"id":4147,"date":"2013-12-12T17:19:36","date_gmt":"2013-12-12T17:19:36","guid":{"rendered":"https:\/\/insulation-new.trocellen.com\/sous-couche-de-parquet-trocellen\/"},"modified":"2023-07-10T09:28:27","modified_gmt":"2023-07-10T09:28:27","slug":"sous-couche-de-parquet-trocellen","status":"publish","type":"page","link":"https:\/\/insulation.trocellen.com\/fr\/applications\/sous-couche-de-parquet-et-de-sol\/sous-couche-de-parquet-trocellen\/","title":{"rendered":"Sous-couche de parquet Trocellen"},"content":{"rendered":"<p>Trocellen propose une large gamme de solutions d\u2019isolation acoustiques pour des champs d\u2019application diff\u00e9rents, en offrant toujours un environnement plus confortable. Nos solutions de sous-couches de parquet doivent \u00eatre install\u00e9es \u00e0 l&rsquo;aide de la technique de \u00ab plancher flottant \u00bb et sont id\u00e9ales pour l&rsquo;isolation acoustique du bruit tambour.<\/p>\n<h2>Gamme de produits<\/h2>\n<p><img loading=\"lazy\" decoding=\"async\" class=\"size-full wp-image-179 alignright\" src=\"https:\/\/insulation.trocellen.com\/wp-content\/uploads\/sites\/6\/2013\/12\/parquet1.jpg\" alt=\"parquet1\" width=\"163\" height=\"104\"><\/p>\n<h3>Trocellen VN:<\/h3>\n<ul>\n<li>Mousse de poly\u00e9thyl\u00e8ne r\u00e9ticul\u00e9e physiquement<\/li>\n<li>Densit\u00e9: 30 kg\/m\u00b3<\/li>\n<\/ul>\n<h3>Trocellen AL:<\/h3>\n<ul>\n<li>Mousse de poly\u00e9thyl\u00e8ne r\u00e9ticul\u00e9e chimiquement et stratifi\u00e9e avec du film m\u00e9tallique gaufr\u00e9 r\u00e9sistant aux rayures (30 microns) dot\u00e9 d&rsquo;une lisi\u00e8re.<\/li>\n<li>Densit\u00e9: 30 kg\/m\u00b3<\/li>\n<\/ul>\n<h2>Propri\u00e9t\u00e9s<\/h2>\n<table class=\"green-table\">\n<thead>\n<tr>\n<th class=\"green-table-first-cell\"><\/th>\n<th>Norme<\/th>\n<th>Unit\u00e9<\/th>\n<th>Trocellen<br \/>\nVN<\/th>\n<th>&nbsp;Trocellen<br \/>\nAL<\/th>\n<\/tr>\n<\/thead>\n<tbody>\n<tr>\n<th>\u00c9paisseur<\/th>\n<td>EN ISO 1923<\/td>\n<td>&nbsp;mm<\/td>\n<td>&nbsp;2-3<\/td>\n<td>&nbsp;2,5<\/td>\n<\/tr>\n<tr>\n<th>Stabilit\u00e9 dimensionnelle (&lt;5 %)<\/th>\n<td>ISO 2796<\/td>\n<td>\u00b0C<\/td>\n<td>90<\/td>\n<td>100<\/td>\n<\/tr>\n<tr>\n<th>Conductivit\u00e9 thermique \u00e0 10\u00b0C<\/th>\n<td>EN 12667<\/td>\n<td>W\/mK<br \/>\nkcal\/mh\u00b0C<\/td>\n<td>0,0367<br \/>\n0,0317<\/td>\n<td>0,0367<br \/>\n0,0317<\/td>\n<\/tr>\n<tr>\n<th>Insolation contre les bruits d\u2019impact \u0394Lw<\/th>\n<td>EN ISO 140\/6-8<br \/>\nEN ISO 717\/2<\/td>\n<td>dB<\/td>\n<td>&nbsp;5 mm: 23,5<\/td>\n<td>NF S<br \/>\n31.053: 20<\/td>\n<\/tr>\n<\/tbody>\n<\/table>\n<h2>Benefits<\/h2>\n<ul>\n<li>Prot\u00e8ge votre sant\u00e9 \u2013 non toxique, non allerg\u00e8ne, r\u00e9sistant aux moisissures et r\u00e9utilisable<\/li>\n<li>\u00c9conomise les ressources \u2013 l\u00e9ger \u2013 facile \u00e0 transporter et facile \u00e0 manipuler<\/li>\n<li>Permet de gagner du temps \u2013 flexible \u2013 facile \u00e0 installer<\/li>\n<li>Confortable \u2013 r\u00e9duction parfaite du bruit de caisse et d\u2019impact<\/li>\n<li>Convient aux syst\u00e8mes de chauffage par le sol<\/li>\n<li>Prot\u00e8ge vos sols \u2013 possibilit\u00e9 de perm\u00e9abilit\u00e9 \u00e0 la vapeur d&rsquo;eau<\/li>\n<li>\u00c9conomise de l\u2019argent \u2013 dure tr\u00e8s longtemps<\/li>\n<\/ul>\n","protected":false},"excerpt":{"rendered":"<p>Trocellen propose une large gamme de solutions d\u2019isolation acoustiques pour des champs d\u2019application diff\u00e9rents, en offrant toujours un environnement plus confortable. Nos solutions de sous-couches de parquet doivent \u00eatre install\u00e9es \u00e0 l&rsquo;aide de la technique de \u00ab plancher flottant \u00bb et sont id\u00e9ales pour l&rsquo;isolation acoustique du bruit tambour. Gamme de produits Trocellen VN: Mousse [&hellip;]<\/p>\n","protected":false},"author":1,"featured_media":8860,"parent":4111,"menu_order":100,"comment_status":"open","ping_status":"closed","template":"templates\/applications.php","meta":{"_acf_changed":false,"footnotes":""},"class_list":["post-4147","page","type-page","status-publish","has-post-thumbnail","hentry"],"acf":[],"yoast_head":"<!-- This site is optimized with the Yoast SEO plugin v23.5 - https:\/\/yoast.com\/wordpress\/plugins\/seo\/ -->\n<title>Sous-couche de parquet Trocellen<\/title>\n<meta name=\"description\" content=\"Les sous-couches de parquet Trocellen, id\u00e9ales pour l\u2019isolation du bruit tambour doivent \u00eatre install\u00e9es \u00e0 l\u2019aide de la technique \u00ab\u00a0plancher flottant\u00a0\u00bb.\" \/>\n<meta name=\"robots\" content=\"index, follow, max-snippet:-1, max-image-preview:large, max-video-preview:-1\" \/>\n<link rel=\"canonical\" href=\"https:\/\/insulation.trocellen.com\/fr\/applications\/sous-couche-de-parquet-et-de-sol\/sous-couche-de-parquet-trocellen\/\" \/>\n<meta property=\"og:locale\" content=\"fr_FR\" \/>\n<meta property=\"og:type\" content=\"article\" \/>\n<meta property=\"og:title\" content=\"Sous-couche de parquet Trocellen\" \/>\n<meta property=\"og:description\" content=\"Les sous-couches de parquet Trocellen, id\u00e9ales pour l\u2019isolation du bruit tambour doivent \u00eatre install\u00e9es \u00e0 l\u2019aide de la technique \u00ab\u00a0plancher flottant\u00a0\u00bb.\" \/>\n<meta property=\"og:url\" content=\"https:\/\/insulation.trocellen.com\/fr\/applications\/sous-couche-de-parquet-et-de-sol\/sous-couche-de-parquet-trocellen\/\" \/>\n<meta property=\"og:site_name\" content=\"Trocellen Insulation\" \/>\n<meta property=\"article:modified_time\" content=\"2023-07-10T09:28:27+00:00\" \/>\n<meta property=\"og:image\" content=\"https:\/\/insulation.trocellen.com\/wp-content\/uploads\/sites\/6\/2023\/05\/parquet-underlay-fejlec.jpg\" \/>\n\t<meta property=\"og:image:width\" content=\"1920\" \/>\n\t<meta property=\"og:image:height\" content=\"300\" \/>\n\t<meta property=\"og:image:type\" content=\"image\/jpeg\" \/>\n<meta name=\"twitter:card\" content=\"summary_large_image\" \/>\n<meta name=\"twitter:label1\" content=\"Dur\u00e9e de lecture estim\u00e9e\" \/>\n\t<meta name=\"twitter:data1\" content=\"2 minutes\" \/>\n<script type=\"application\/ld+json\" class=\"yoast-schema-graph\">{\"@context\":\"https:\/\/schema.org\",\"@graph\":[{\"@type\":\"WebPage\",\"@id\":\"https:\/\/insulation.trocellen.com\/fr\/applications\/sous-couche-de-parquet-et-de-sol\/sous-couche-de-parquet-trocellen\/\",\"url\":\"https:\/\/insulation.trocellen.com\/fr\/applications\/sous-couche-de-parquet-et-de-sol\/sous-couche-de-parquet-trocellen\/\",\"name\":\"Sous-couche de parquet Trocellen\",\"isPartOf\":{\"@id\":\"https:\/\/insulation.trocellen.com\/fr\/#website\"},\"primaryImageOfPage\":{\"@id\":\"https:\/\/insulation.trocellen.com\/fr\/applications\/sous-couche-de-parquet-et-de-sol\/sous-couche-de-parquet-trocellen\/#primaryimage\"},\"image\":{\"@id\":\"https:\/\/insulation.trocellen.com\/fr\/applications\/sous-couche-de-parquet-et-de-sol\/sous-couche-de-parquet-trocellen\/#primaryimage\"},\"thumbnailUrl\":\"https:\/\/insulation.trocellen.com\/wp-content\/uploads\/sites\/6\/2023\/05\/parquet-underlay-fejlec.jpg\",\"datePublished\":\"2013-12-12T17:19:36+00:00\",\"dateModified\":\"2023-07-10T09:28:27+00:00\",\"description\":\"Les sous-couches de parquet Trocellen, id\u00e9ales pour l\u2019isolation du bruit tambour doivent \u00eatre install\u00e9es \u00e0 l\u2019aide de la technique \u00ab\u00a0plancher flottant\u00a0\u00bb.\",\"breadcrumb\":{\"@id\":\"https:\/\/insulation.trocellen.com\/fr\/applications\/sous-couche-de-parquet-et-de-sol\/sous-couche-de-parquet-trocellen\/#breadcrumb\"},\"inLanguage\":\"fr-FR\",\"potentialAction\":[{\"@type\":\"ReadAction\",\"target\":[\"https:\/\/insulation.trocellen.com\/fr\/applications\/sous-couche-de-parquet-et-de-sol\/sous-couche-de-parquet-trocellen\/\"]}]},{\"@type\":\"ImageObject\",\"inLanguage\":\"fr-FR\",\"@id\":\"https:\/\/insulation.trocellen.com\/fr\/applications\/sous-couche-de-parquet-et-de-sol\/sous-couche-de-parquet-trocellen\/#primaryimage\",\"url\":\"https:\/\/insulation.trocellen.com\/wp-content\/uploads\/sites\/6\/2023\/05\/parquet-underlay-fejlec.jpg\",\"contentUrl\":\"https:\/\/insulation.trocellen.com\/wp-content\/uploads\/sites\/6\/2023\/05\/parquet-underlay-fejlec.jpg\",\"width\":1920,\"height\":300},{\"@type\":\"BreadcrumbList\",\"@id\":\"https:\/\/insulation.trocellen.com\/fr\/applications\/sous-couche-de-parquet-et-de-sol\/sous-couche-de-parquet-trocellen\/#breadcrumb\",\"itemListElement\":[{\"@type\":\"ListItem\",\"position\":1,\"name\":\"Home\",\"item\":\"https:\/\/insulation.trocellen.com\/fr\/\"},{\"@type\":\"ListItem\",\"position\":2,\"name\":\"Applications\",\"item\":\"https:\/\/insulation.trocellen.com\/fr\/applications\/\"},{\"@type\":\"ListItem\",\"position\":3,\"name\":\"Sous-couche de parquet et de sol\",\"item\":\"https:\/\/insulation.trocellen.com\/fr\/applications\/sous-couche-de-parquet-et-de-sol\/\"},{\"@type\":\"ListItem\",\"position\":4,\"name\":\"Sous-couche de parquet Trocellen\"}]},{\"@type\":\"WebSite\",\"@id\":\"https:\/\/insulation.trocellen.com\/fr\/#website\",\"url\":\"https:\/\/insulation.trocellen.com\/fr\/\",\"name\":\"Trocellen Insulation\",\"description\":\"\",\"potentialAction\":[{\"@type\":\"SearchAction\",\"target\":{\"@type\":\"EntryPoint\",\"urlTemplate\":\"https:\/\/insulation.trocellen.com\/fr\/?s={search_term_string}\"},\"query-input\":{\"@type\":\"PropertyValueSpecification\",\"valueRequired\":true,\"valueName\":\"search_term_string\"}}],\"inLanguage\":\"fr-FR\"}]}<\/script>\n<!-- \/ Yoast SEO plugin. -->","yoast_head_json":{"title":"Sous-couche de parquet Trocellen","description":"Les sous-couches de parquet Trocellen, id\u00e9ales pour l\u2019isolation du bruit tambour doivent \u00eatre install\u00e9es \u00e0 l\u2019aide de la technique \u00ab\u00a0plancher flottant\u00a0\u00bb.","robots":{"index":"index","follow":"follow","max-snippet":"max-snippet:-1","max-image-preview":"max-image-preview:large","max-video-preview":"max-video-preview:-1"},"canonical":"https:\/\/insulation.trocellen.com\/fr\/applications\/sous-couche-de-parquet-et-de-sol\/sous-couche-de-parquet-trocellen\/","og_locale":"fr_FR","og_type":"article","og_title":"Sous-couche de parquet Trocellen","og_description":"Les sous-couches de parquet Trocellen, id\u00e9ales pour l\u2019isolation du bruit tambour doivent \u00eatre install\u00e9es \u00e0 l\u2019aide de la technique \u00ab\u00a0plancher flottant\u00a0\u00bb.","og_url":"https:\/\/insulation.trocellen.com\/fr\/applications\/sous-couche-de-parquet-et-de-sol\/sous-couche-de-parquet-trocellen\/","og_site_name":"Trocellen Insulation","article_modified_time":"2023-07-10T09:28:27+00:00","og_image":[{"width":1920,"height":300,"url":"https:\/\/insulation.trocellen.com\/wp-content\/uploads\/sites\/6\/2023\/05\/parquet-underlay-fejlec.jpg","type":"image\/jpeg"}],"twitter_card":"summary_large_image","twitter_misc":{"Dur\u00e9e de lecture estim\u00e9e":"2 minutes"},"schema":{"@context":"https:\/\/schema.org","@graph":[{"@type":"WebPage","@id":"https:\/\/insulation.trocellen.com\/fr\/applications\/sous-couche-de-parquet-et-de-sol\/sous-couche-de-parquet-trocellen\/","url":"https:\/\/insulation.trocellen.com\/fr\/applications\/sous-couche-de-parquet-et-de-sol\/sous-couche-de-parquet-trocellen\/","name":"Sous-couche de parquet Trocellen","isPartOf":{"@id":"https:\/\/insulation.trocellen.com\/fr\/#website"},"primaryImageOfPage":{"@id":"https:\/\/insulation.trocellen.com\/fr\/applications\/sous-couche-de-parquet-et-de-sol\/sous-couche-de-parquet-trocellen\/#primaryimage"},"image":{"@id":"https:\/\/insulation.trocellen.com\/fr\/applications\/sous-couche-de-parquet-et-de-sol\/sous-couche-de-parquet-trocellen\/#primaryimage"},"thumbnailUrl":"https:\/\/insulation.trocellen.com\/wp-content\/uploads\/sites\/6\/2023\/05\/parquet-underlay-fejlec.jpg","datePublished":"2013-12-12T17:19:36+00:00","dateModified":"2023-07-10T09:28:27+00:00","description":"Les sous-couches de parquet Trocellen, id\u00e9ales pour l\u2019isolation du bruit tambour doivent \u00eatre install\u00e9es \u00e0 l\u2019aide de la technique \u00ab\u00a0plancher flottant\u00a0\u00bb.","breadcrumb":{"@id":"https:\/\/insulation.trocellen.com\/fr\/applications\/sous-couche-de-parquet-et-de-sol\/sous-couche-de-parquet-trocellen\/#breadcrumb"},"inLanguage":"fr-FR","potentialAction":[{"@type":"ReadAction","target":["https:\/\/insulation.trocellen.com\/fr\/applications\/sous-couche-de-parquet-et-de-sol\/sous-couche-de-parquet-trocellen\/"]}]},{"@type":"ImageObject","inLanguage":"fr-FR","@id":"https:\/\/insulation.trocellen.com\/fr\/applications\/sous-couche-de-parquet-et-de-sol\/sous-couche-de-parquet-trocellen\/#primaryimage","url":"https:\/\/insulation.trocellen.com\/wp-content\/uploads\/sites\/6\/2023\/05\/parquet-underlay-fejlec.jpg","contentUrl":"https:\/\/insulation.trocellen.com\/wp-content\/uploads\/sites\/6\/2023\/05\/parquet-underlay-fejlec.jpg","width":1920,"height":300},{"@type":"BreadcrumbList","@id":"https:\/\/insulation.trocellen.com\/fr\/applications\/sous-couche-de-parquet-et-de-sol\/sous-couche-de-parquet-trocellen\/#breadcrumb","itemListElement":[{"@type":"ListItem","position":1,"name":"Home","item":"https:\/\/insulation.trocellen.com\/fr\/"},{"@type":"ListItem","position":2,"name":"Applications","item":"https:\/\/insulation.trocellen.com\/fr\/applications\/"},{"@type":"ListItem","position":3,"name":"Sous-couche de parquet et de sol","item":"https:\/\/insulation.trocellen.com\/fr\/applications\/sous-couche-de-parquet-et-de-sol\/"},{"@type":"ListItem","position":4,"name":"Sous-couche de parquet Trocellen"}]},{"@type":"WebSite","@id":"https:\/\/insulation.trocellen.com\/fr\/#website","url":"https:\/\/insulation.trocellen.com\/fr\/","name":"Trocellen Insulation","description":"","potentialAction":[{"@type":"SearchAction","target":{"@type":"EntryPoint","urlTemplate":"https:\/\/insulation.trocellen.com\/fr\/?s={search_term_string}"},"query-input":{"@type":"PropertyValueSpecification","valueRequired":true,"valueName":"search_term_string"}}],"inLanguage":"fr-FR"}]}},"_links":{"self":[{"href":"https:\/\/insulation.trocellen.com\/fr\/wp-json\/wp\/v2\/pages\/4147","targetHints":{"allow":["GET"]}}],"collection":[{"href":"https:\/\/insulation.trocellen.com\/fr\/wp-json\/wp\/v2\/pages"}],"about":[{"href":"https:\/\/insulation.trocellen.com\/fr\/wp-json\/wp\/v2\/types\/page"}],"author":[{"embeddable":true,"href":"https:\/\/insulation.trocellen.com\/fr\/wp-json\/wp\/v2\/users\/1"}],"replies":[{"embeddable":true,"href":"https:\/\/insulation.trocellen.com\/fr\/wp-json\/wp\/v2\/comments?post=4147"}],"version-history":[{"count":2,"href":"https:\/\/insulation.trocellen.com\/fr\/wp-json\/wp\/v2\/pages\/4147\/revisions"}],"predecessor-version":[{"id":9727,"href":"https:\/\/insulation.trocellen.com\/fr\/wp-json\/wp\/v2\/pages\/4147\/revisions\/9727"}],"up":[{"embeddable":true,"href":"https:\/\/insulation.trocellen.com\/fr\/wp-json\/wp\/v2\/pages\/4111"}],"wp:featuredmedia":[{"embeddable":true,"href":"https:\/\/insulation.trocellen.com\/fr\/wp-json\/wp\/v2\/media\/8860"}],"wp:attachment":[{"href":"https:\/\/insulation.trocellen.com\/fr\/wp-json\/wp\/v2\/media?parent=4147"}],"curies":[{"name":"wp","href":"https:\/\/api.w.org\/{rel}","templated":true}]}}