{"id":4141,"date":"2013-12-12T17:18:57","date_gmt":"2013-12-12T17:18:57","guid":{"rendered":"https:\/\/insulation-new.trocellen.com\/trosil-trosil-tech\/"},"modified":"2023-10-20T12:56:26","modified_gmt":"2023-10-20T12:56:26","slug":"trosil-trosil-tech","status":"publish","type":"page","link":"https:\/\/insulation.trocellen.com\/fr\/applications\/sous-couche-de-chape\/trosil-trosil-tech\/","title":{"rendered":"Trosil\u00ae, Trosil Tech\u00ae"},"content":{"rendered":"\n<div class=\"wp-block-columns is-layout-flex wp-container-core-columns-is-layout-9d6595d7 wp-block-columns-is-layout-flex\">\n<div class=\"wp-block-column is-layout-flow wp-block-column-is-layout-flow\"><div class=\"wp-block-image\">\n<figure class=\"aligncenter\"><a href=\"https:\/\/insulation.trocellen.com\/wp-content\/uploads\/sites\/6\/2013\/12\/Trocellen_Trosil_5_web.jpg\" rel=\"attachment wp-att-1008\"><img decoding=\"async\" src=\"https:\/\/insulation.trocellen.com\/wp-content\/uploads\/sites\/6\/2013\/12\/Trocellen_Trosil_5_web-300x200.jpg\" alt=\"Trocellen_Trosil_5_web\" class=\"wp-image-1008\"\/><\/a><figcaption class=\"wp-element-caption\">Trosil<\/figcaption><\/figure>\n<\/div><\/div>\n\n\n\n<div class=\"wp-block-column is-layout-flow wp-block-column-is-layout-flow\"><div class=\"wp-block-image\">\n<figure class=\"aligncenter\"><a href=\"https:\/\/insulation.trocellen.com\/wp-content\/uploads\/sites\/6\/2013\/12\/Trocellen_Trosil-Tech_web.jpg\" rel=\"attachment wp-att-1009\"><img decoding=\"async\" src=\"https:\/\/insulation.trocellen.com\/wp-content\/uploads\/sites\/6\/2013\/12\/Trocellen_Trosil-Tech_web-300x200.jpg\" alt=\"Trocellen_Trosil-Tech_web\" class=\"wp-image-1009\"\/><\/a><figcaption class=\"wp-element-caption\">Trosil Tech<\/figcaption><\/figure>\n<\/div><\/div>\n\n\n\n<div class=\"wp-block-column is-layout-flow wp-block-column-is-layout-flow\"><div class=\"wp-block-image\">\n<figure class=\"aligncenter\"><a href=\"https:\/\/insulation.trocellen.com\/wp-content\/uploads\/sites\/6\/2013\/12\/Trocellen_Trosil-Tech_5_web.jpg\" rel=\"attachment wp-att-1010\"><img decoding=\"async\" src=\"https:\/\/insulation.trocellen.com\/wp-content\/uploads\/sites\/6\/2013\/12\/Trocellen_Trosil-Tech_5_web-300x200.jpg\" alt=\"Trocellen_Trosil-Tech_5_web\" class=\"wp-image-1010\"\/><\/a><figcaption class=\"wp-element-caption\">Trosil, Trosil Tech<\/figcaption><\/figure>\n<\/div><\/div>\n<\/div>\n\n\n\n<p>Trocellen propose une large gamme de solutions d\u2019isolation acoustiques pour des champs d\u2019application diff\u00e9rents, assurant toujours un environnement plus confortable.<\/p>\n\n\n\n<h2 class=\"wp-block-heading\">Gamme de produits<\/h2>\n\n\n<div class=\"wp-block-image\">\n<figure class=\"alignright\"><a href=\"https:\/\/insulation.trocellen.com\/wp-content\/uploads\/sites\/6\/2013\/12\/image001.png\"><img decoding=\"async\" src=\"https:\/\/insulation.trocellen.com\/wp-content\/uploads\/sites\/6\/2013\/12\/image001-300x232.png\" alt=\"\" class=\"wp-image-1560\"\/><\/a><\/figure>\n<\/div>\n\n\n<h3 class=\"wp-block-heading\">Trosil:<\/h3>\n\n\n\n<ul class=\"wp-block-list\">\n<li>Mousse PE r\u00e9ticul\u00e9e chimiquement<\/li>\n\n\n\n<li>Densit\u00e9: 30 kg\/m\u00b3<\/li>\n<\/ul>\n\n\n\n<h3 class=\"wp-block-heading\">Trosil Tech:<\/h3>\n\n\n\n<ul class=\"wp-block-list\">\n<li>Mousse de poly\u00e9thyl\u00e8ne r\u00e9ticul\u00e9e chimiquement, complex\u00e9e avec du polyester non tiss\u00e9<\/li>\n\n\n\n<li>Densit\u00e9: 30* kg\/m\u00b3<\/li>\n<\/ul>\n\n\n\n<h2 class=\"wp-block-heading\">Propri\u00e9t\u00e9s<\/h2>\n\n\n\n<figure class=\"wp-block-table\"><table><thead><tr><th>&nbsp;<\/th><th scope=\"col\">Norme<\/th><th scope=\"col\">Unit\u00e9<\/th><th scope=\"col\">Trosil<\/th><th scope=\"col\">Trosil Tech<\/th><\/tr><\/thead><tbody><tr><th scope=\"row\">\u00c9paisseur<\/th><td>EN ISO 1923<\/td><td>mm<\/td><td>4-5-10<\/td><td>10<\/td><\/tr><tr><th scope=\"row\">Stabilit\u00e9 dimensionnelle (ISO 2796<sup>\u00b0<\/sup>C7585<\/th><td>ISO 2796<\/td><td><sup>\u00b0<\/sup>C<\/td><td>75<\/td><td>85<\/td><\/tr><tr><th scope=\"row\">Conductivit\u00e9 thermique \u00e0 10\u00b0C (\u03bb)<\/th><td>EN 12667<\/td><td>W\/mK kcal\/mh<sup>\u00b0<\/sup>C<\/td><td>0,0359 0,0317<\/td><td>0,0359<sup>*<\/sup> 0,0317<sup>*<\/sup><\/td><\/tr><tr><th scope=\"row\">Isolation contre les bruits d\u2019impact \u0394Lw<\/th><td>EN ISO 140\/6-8 EN ISO 717\/2<\/td><td>dB<\/td><td>4 mm: 28<br>5 mm: 28<br>10 mm: 36<\/td><td>10 mm: 33<\/td><\/tr><tr><th scope=\"row\">Raideur dynamique s&rsquo;t<\/th><td>EN 29052-1<\/td><td>MN\/m<sup>3<\/sup><\/td><td>4 mm: 73<br>5 mm: 52<br>10 mm: 19<\/td><td>10 mm: 9<\/td><\/tr><\/tbody><\/table><\/figure>\n\n\n\n<p class=\"has-text-align-center\">* Valeurs pour la mousse PE<\/p>\n\n\n\n<h2 class=\"wp-block-heading\">Avantages<\/h2>\n\n\n\n<ul class=\"wp-block-list\">\n<li>Prot\u00e8ge la sant\u00e9 &#8211; non toxique, antiallerg\u00e9nique, r\u00e9sistant aux moisissures et recyclable<\/li>\n\n\n\n<li>\u00c9conomise les ressources \u2013 l\u00e9ger \u2013 facile \u00e0 transporter et facile \u00e0 manipuler<\/li>\n\n\n\n<li>Permet de gagner du temps \u2013 flexible \u2013 facile \u00e0 installer<\/li>\n\n\n\n<li>\u00c9conomise de l\u2019argent \u2013 dure tr\u00e8s longtemps<\/li>\n<\/ul>\n","protected":false},"excerpt":{"rendered":"<p>Trocellen propose une large gamme de solutions d\u2019isolation acoustiques pour des champs d\u2019application diff\u00e9rents, assurant toujours un environnement plus confortable. Gamme de produits Trosil: Trosil Tech: Propri\u00e9t\u00e9s &nbsp; Norme Unit\u00e9 Trosil Trosil Tech \u00c9paisseur EN ISO 1923 mm 4-5-10 10 Stabilit\u00e9 dimensionnelle (ISO 2796\u00b0C7585 ISO 2796 \u00b0C 75 85 Conductivit\u00e9 thermique \u00e0 10\u00b0C (\u03bb) EN [&hellip;]<\/p>\n","protected":false},"author":1,"featured_media":8854,"parent":4105,"menu_order":100,"comment_status":"open","ping_status":"closed","template":"templates\/applications.php","meta":{"_acf_changed":false,"footnotes":""},"class_list":["post-4141","page","type-page","status-publish","has-post-thumbnail","hentry"],"acf":[],"yoast_head":"<!-- This site is optimized with the Yoast SEO plugin v23.5 - https:\/\/yoast.com\/wordpress\/plugins\/seo\/ -->\n<title>Trosil et Trosil-Tech \u2013 id\u00e9als pour les planchers flottants<\/title>\n<meta name=\"description\" content=\"Les sous-couches pour chape Trocellen fabriqu\u00e9es \u00e0 base de mousse PE chimiquement r\u00e9ticul\u00e9e, sont id\u00e9ales pour l\u2019isolation acoustique du bruit tambour\" \/>\n<meta name=\"robots\" content=\"index, follow, max-snippet:-1, max-image-preview:large, max-video-preview:-1\" \/>\n<link rel=\"canonical\" href=\"https:\/\/insulation.trocellen.com\/fr\/applications\/sous-couche-de-chape\/trosil-trosil-tech\/\" \/>\n<meta property=\"og:locale\" content=\"fr_FR\" \/>\n<meta property=\"og:type\" content=\"article\" \/>\n<meta property=\"og:title\" content=\"Trosil et Trosil-Tech \u2013 id\u00e9als pour les planchers flottants\" \/>\n<meta property=\"og:description\" content=\"Les sous-couches pour chape Trocellen fabriqu\u00e9es \u00e0 base de mousse PE chimiquement r\u00e9ticul\u00e9e, sont id\u00e9ales pour l\u2019isolation acoustique du bruit tambour\" \/>\n<meta property=\"og:url\" content=\"https:\/\/insulation.trocellen.com\/fr\/applications\/sous-couche-de-chape\/trosil-trosil-tech\/\" \/>\n<meta property=\"og:site_name\" content=\"Trocellen Insulation\" \/>\n<meta property=\"article:modified_time\" content=\"2023-10-20T12:56:26+00:00\" \/>\n<meta property=\"og:image\" content=\"https:\/\/insulation.trocellen.com\/wp-content\/uploads\/sites\/6\/2023\/05\/Trosil-install.jpg\" \/>\n\t<meta property=\"og:image:width\" content=\"1920\" \/>\n\t<meta property=\"og:image:height\" content=\"300\" \/>\n\t<meta property=\"og:image:type\" content=\"image\/jpeg\" \/>\n<meta name=\"twitter:card\" content=\"summary_large_image\" \/>\n<meta name=\"twitter:label1\" content=\"Dur\u00e9e de lecture estim\u00e9e\" \/>\n\t<meta name=\"twitter:data1\" content=\"2 minutes\" \/>\n<script type=\"application\/ld+json\" class=\"yoast-schema-graph\">{\"@context\":\"https:\/\/schema.org\",\"@graph\":[{\"@type\":\"WebPage\",\"@id\":\"https:\/\/insulation.trocellen.com\/fr\/applications\/sous-couche-de-chape\/trosil-trosil-tech\/\",\"url\":\"https:\/\/insulation.trocellen.com\/fr\/applications\/sous-couche-de-chape\/trosil-trosil-tech\/\",\"name\":\"Trosil et Trosil-Tech \u2013 id\u00e9als pour les planchers flottants\",\"isPartOf\":{\"@id\":\"https:\/\/insulation.trocellen.com\/fr\/#website\"},\"primaryImageOfPage\":{\"@id\":\"https:\/\/insulation.trocellen.com\/fr\/applications\/sous-couche-de-chape\/trosil-trosil-tech\/#primaryimage\"},\"image\":{\"@id\":\"https:\/\/insulation.trocellen.com\/fr\/applications\/sous-couche-de-chape\/trosil-trosil-tech\/#primaryimage\"},\"thumbnailUrl\":\"https:\/\/insulation.trocellen.com\/wp-content\/uploads\/sites\/6\/2023\/05\/Trosil-install.jpg\",\"datePublished\":\"2013-12-12T17:18:57+00:00\",\"dateModified\":\"2023-10-20T12:56:26+00:00\",\"description\":\"Les sous-couches pour chape Trocellen fabriqu\u00e9es \u00e0 base de mousse PE chimiquement r\u00e9ticul\u00e9e, sont id\u00e9ales pour l\u2019isolation acoustique du bruit tambour\",\"breadcrumb\":{\"@id\":\"https:\/\/insulation.trocellen.com\/fr\/applications\/sous-couche-de-chape\/trosil-trosil-tech\/#breadcrumb\"},\"inLanguage\":\"fr-FR\",\"potentialAction\":[{\"@type\":\"ReadAction\",\"target\":[\"https:\/\/insulation.trocellen.com\/fr\/applications\/sous-couche-de-chape\/trosil-trosil-tech\/\"]}]},{\"@type\":\"ImageObject\",\"inLanguage\":\"fr-FR\",\"@id\":\"https:\/\/insulation.trocellen.com\/fr\/applications\/sous-couche-de-chape\/trosil-trosil-tech\/#primaryimage\",\"url\":\"https:\/\/insulation.trocellen.com\/wp-content\/uploads\/sites\/6\/2023\/05\/Trosil-install.jpg\",\"contentUrl\":\"https:\/\/insulation.trocellen.com\/wp-content\/uploads\/sites\/6\/2023\/05\/Trosil-install.jpg\",\"width\":1920,\"height\":300},{\"@type\":\"BreadcrumbList\",\"@id\":\"https:\/\/insulation.trocellen.com\/fr\/applications\/sous-couche-de-chape\/trosil-trosil-tech\/#breadcrumb\",\"itemListElement\":[{\"@type\":\"ListItem\",\"position\":1,\"name\":\"Home\",\"item\":\"https:\/\/insulation.trocellen.com\/fr\/\"},{\"@type\":\"ListItem\",\"position\":2,\"name\":\"Applications\",\"item\":\"https:\/\/insulation.trocellen.com\/fr\/applications\/\"},{\"@type\":\"ListItem\",\"position\":3,\"name\":\"Sous-couche de chape\",\"item\":\"https:\/\/insulation.trocellen.com\/fr\/applications\/sous-couche-de-chape\/\"},{\"@type\":\"ListItem\",\"position\":4,\"name\":\"Trosil\u00ae, Trosil Tech\u00ae\"}]},{\"@type\":\"WebSite\",\"@id\":\"https:\/\/insulation.trocellen.com\/fr\/#website\",\"url\":\"https:\/\/insulation.trocellen.com\/fr\/\",\"name\":\"Trocellen Insulation\",\"description\":\"\",\"potentialAction\":[{\"@type\":\"SearchAction\",\"target\":{\"@type\":\"EntryPoint\",\"urlTemplate\":\"https:\/\/insulation.trocellen.com\/fr\/?s={search_term_string}\"},\"query-input\":{\"@type\":\"PropertyValueSpecification\",\"valueRequired\":true,\"valueName\":\"search_term_string\"}}],\"inLanguage\":\"fr-FR\"}]}<\/script>\n<!-- \/ Yoast SEO plugin. -->","yoast_head_json":{"title":"Trosil et Trosil-Tech \u2013 id\u00e9als pour les planchers flottants","description":"Les sous-couches pour chape Trocellen fabriqu\u00e9es \u00e0 base de mousse PE chimiquement r\u00e9ticul\u00e9e, sont id\u00e9ales pour l\u2019isolation acoustique du bruit tambour","robots":{"index":"index","follow":"follow","max-snippet":"max-snippet:-1","max-image-preview":"max-image-preview:large","max-video-preview":"max-video-preview:-1"},"canonical":"https:\/\/insulation.trocellen.com\/fr\/applications\/sous-couche-de-chape\/trosil-trosil-tech\/","og_locale":"fr_FR","og_type":"article","og_title":"Trosil et Trosil-Tech \u2013 id\u00e9als pour les planchers flottants","og_description":"Les sous-couches pour chape Trocellen fabriqu\u00e9es \u00e0 base de mousse PE chimiquement r\u00e9ticul\u00e9e, sont id\u00e9ales pour l\u2019isolation acoustique du bruit tambour","og_url":"https:\/\/insulation.trocellen.com\/fr\/applications\/sous-couche-de-chape\/trosil-trosil-tech\/","og_site_name":"Trocellen Insulation","article_modified_time":"2023-10-20T12:56:26+00:00","og_image":[{"width":1920,"height":300,"url":"https:\/\/insulation.trocellen.com\/wp-content\/uploads\/sites\/6\/2023\/05\/Trosil-install.jpg","type":"image\/jpeg"}],"twitter_card":"summary_large_image","twitter_misc":{"Dur\u00e9e de lecture estim\u00e9e":"2 minutes"},"schema":{"@context":"https:\/\/schema.org","@graph":[{"@type":"WebPage","@id":"https:\/\/insulation.trocellen.com\/fr\/applications\/sous-couche-de-chape\/trosil-trosil-tech\/","url":"https:\/\/insulation.trocellen.com\/fr\/applications\/sous-couche-de-chape\/trosil-trosil-tech\/","name":"Trosil et Trosil-Tech \u2013 id\u00e9als pour les planchers flottants","isPartOf":{"@id":"https:\/\/insulation.trocellen.com\/fr\/#website"},"primaryImageOfPage":{"@id":"https:\/\/insulation.trocellen.com\/fr\/applications\/sous-couche-de-chape\/trosil-trosil-tech\/#primaryimage"},"image":{"@id":"https:\/\/insulation.trocellen.com\/fr\/applications\/sous-couche-de-chape\/trosil-trosil-tech\/#primaryimage"},"thumbnailUrl":"https:\/\/insulation.trocellen.com\/wp-content\/uploads\/sites\/6\/2023\/05\/Trosil-install.jpg","datePublished":"2013-12-12T17:18:57+00:00","dateModified":"2023-10-20T12:56:26+00:00","description":"Les sous-couches pour chape Trocellen fabriqu\u00e9es \u00e0 base de mousse PE chimiquement r\u00e9ticul\u00e9e, sont id\u00e9ales pour l\u2019isolation acoustique du bruit tambour","breadcrumb":{"@id":"https:\/\/insulation.trocellen.com\/fr\/applications\/sous-couche-de-chape\/trosil-trosil-tech\/#breadcrumb"},"inLanguage":"fr-FR","potentialAction":[{"@type":"ReadAction","target":["https:\/\/insulation.trocellen.com\/fr\/applications\/sous-couche-de-chape\/trosil-trosil-tech\/"]}]},{"@type":"ImageObject","inLanguage":"fr-FR","@id":"https:\/\/insulation.trocellen.com\/fr\/applications\/sous-couche-de-chape\/trosil-trosil-tech\/#primaryimage","url":"https:\/\/insulation.trocellen.com\/wp-content\/uploads\/sites\/6\/2023\/05\/Trosil-install.jpg","contentUrl":"https:\/\/insulation.trocellen.com\/wp-content\/uploads\/sites\/6\/2023\/05\/Trosil-install.jpg","width":1920,"height":300},{"@type":"BreadcrumbList","@id":"https:\/\/insulation.trocellen.com\/fr\/applications\/sous-couche-de-chape\/trosil-trosil-tech\/#breadcrumb","itemListElement":[{"@type":"ListItem","position":1,"name":"Home","item":"https:\/\/insulation.trocellen.com\/fr\/"},{"@type":"ListItem","position":2,"name":"Applications","item":"https:\/\/insulation.trocellen.com\/fr\/applications\/"},{"@type":"ListItem","position":3,"name":"Sous-couche de chape","item":"https:\/\/insulation.trocellen.com\/fr\/applications\/sous-couche-de-chape\/"},{"@type":"ListItem","position":4,"name":"Trosil\u00ae, Trosil Tech\u00ae"}]},{"@type":"WebSite","@id":"https:\/\/insulation.trocellen.com\/fr\/#website","url":"https:\/\/insulation.trocellen.com\/fr\/","name":"Trocellen Insulation","description":"","potentialAction":[{"@type":"SearchAction","target":{"@type":"EntryPoint","urlTemplate":"https:\/\/insulation.trocellen.com\/fr\/?s={search_term_string}"},"query-input":{"@type":"PropertyValueSpecification","valueRequired":true,"valueName":"search_term_string"}}],"inLanguage":"fr-FR"}]}},"_links":{"self":[{"href":"https:\/\/insulation.trocellen.com\/fr\/wp-json\/wp\/v2\/pages\/4141","targetHints":{"allow":["GET"]}}],"collection":[{"href":"https:\/\/insulation.trocellen.com\/fr\/wp-json\/wp\/v2\/pages"}],"about":[{"href":"https:\/\/insulation.trocellen.com\/fr\/wp-json\/wp\/v2\/types\/page"}],"author":[{"embeddable":true,"href":"https:\/\/insulation.trocellen.com\/fr\/wp-json\/wp\/v2\/users\/1"}],"replies":[{"embeddable":true,"href":"https:\/\/insulation.trocellen.com\/fr\/wp-json\/wp\/v2\/comments?post=4141"}],"version-history":[{"count":6,"href":"https:\/\/insulation.trocellen.com\/fr\/wp-json\/wp\/v2\/pages\/4141\/revisions"}],"predecessor-version":[{"id":10157,"href":"https:\/\/insulation.trocellen.com\/fr\/wp-json\/wp\/v2\/pages\/4141\/revisions\/10157"}],"up":[{"embeddable":true,"href":"https:\/\/insulation.trocellen.com\/fr\/wp-json\/wp\/v2\/pages\/4105"}],"wp:featuredmedia":[{"embeddable":true,"href":"https:\/\/insulation.trocellen.com\/fr\/wp-json\/wp\/v2\/media\/8854"}],"wp:attachment":[{"href":"https:\/\/insulation.trocellen.com\/fr\/wp-json\/wp\/v2\/media?parent=4141"}],"curies":[{"name":"wp","href":"https:\/\/api.w.org\/{rel}","templated":true}]}}