{"id":4099,"date":"2013-12-12T17:09:36","date_gmt":"2013-12-12T17:09:36","guid":{"rendered":"https:\/\/insulation-new.trocellen.com\/references\/"},"modified":"2013-12-12T17:09:36","modified_gmt":"2013-12-12T17:09:36","slug":"references","status":"publish","type":"page","link":"https:\/\/insulation.trocellen.com\/fr\/references\/","title":{"rendered":"R\u00e9f\u00e9rences"},"content":{"rendered":"<p><strong>Trocellen pourvoit les industries de la construction et du g\u00e9nie civil de produits d&rsquo;isolation haut de gamme. Nous participons \u00e0 de nombreux projets \u00e0 grande envergure, tout en fournissant \u00e0 nos partenaires des solutions \u00e0 long terme.<\/strong><\/p>\n<h2>l&rsquo;h\u00f4pital de P\u00e9cs<\/h2>\n<p>Un des projets r\u00e9cemment r\u00e9alis\u00e9s par Trocellen a \u00e9t\u00e9 la fourniture de produits isolants \u00e0 la construction de l&rsquo;h\u00f4pital de P\u00e9cs (Hongrie). L&rsquo;isolation du bruit des conduites d&rsquo;eaux us\u00e9es est effectu\u00e9e avec Aplomb 11, notre produit d&rsquo;isolation acoustique de premi\u00e8re qualit\u00e9.<\/p>\n<table border=\"0\" align=\"center\">\n<tbody>\n<tr>\n<td><img loading=\"lazy\" decoding=\"async\" class=\"alignnone size-thumbnail wp-image-111\" src=\"https:\/\/insulation.trocellen.com\/wp-content\/uploads\/sites\/6\/2013\/12\/Pecs-1-150x150.jpg\" alt=\"Pecs 1\" width=\"150\" height=\"150\" \/><\/td>\n<td><img loading=\"lazy\" decoding=\"async\" class=\"alignnone size-thumbnail wp-image-112\" src=\"https:\/\/insulation.trocellen.com\/wp-content\/uploads\/sites\/6\/2013\/12\/Pecs-2-150x150.jpg\" alt=\"Pecs 2\" width=\"150\" height=\"150\" \/><\/td>\n<\/tr>\n<\/tbody>\n<\/table>\n<hr \/>\n<h2>Burj Khalifa<\/h2>\n<p>Burj Khalifa est un gratte-ciel \u00e0 Dubai, dans les Emirats Arabes Unis: avec sa hauteur de 829,8 m et ses 163 \u00e9tages, il est l&rsquo;une des plus hautes constructions humaines dans le monde.<br \/>\n Trocellen a contribu\u00e9 \u00e0 cette entreprise gigantesque en fournissant des solutions HVAC avanc\u00e9es et durables.<\/p>\n<p><img loading=\"lazy\" decoding=\"async\" class=\"size-full wp-image-113 aligncenter\" src=\"https:\/\/insulation.trocellen.com\/wp-content\/uploads\/sites\/6\/2013\/12\/burj-khalifa.jpg\" alt=\"burj khalifa\" width=\"168\" height=\"296\" \/><\/p>\n<hr \/>\n<h2>\u201cLuxus \u00c1ruh\u00e1z\u201d<\/h2>\n<p>R\u00e9cemment r\u00e9habilit\u00e9e, le centre commercial luxueux de Budapest, \u00ab Luxus \u00c1ruh\u00e1z \u00bb comporte en sa structure la solution de sous-chape de Trocellen: Trosil Tech.<\/p>\n<p><strong>Autres r\u00e9f\u00e9rences<\/strong><\/p>\n<table style=\"width: 100%\" border=\"0\">\n<tbody>\n<tr>\n<td colspan=\"2\">\n<h3>HVAC<\/h3>\n<\/td>\n<\/tr>\n<tr>\n<td>H\u00f4pital Avellino \u2013 Italie<\/td>\n<td>Trocellen Duct 12 mm ALU adhesive<\/td>\n<\/tr>\n<tr>\n<td>H\u00f4pital San Raffaele \u2013 Italie<\/td>\n<td>Trocellen Duct 20 mm CL1 ALU<\/td>\n<\/tr>\n<tr>\n<td>CENTRE DE RECHERCHE PHARMACEUTIQUE CHIESI &#8211; Italie<\/td>\n<td>Trocellen Duct 20-54 mm AL CL1<\/td>\n<\/tr>\n<tr>\n<td>Hankook-Duna\u00fajv\u00e1ros \u2013 Hongrie<\/td>\n<td>Troc.Duct SLVF3010\/AL<\/td>\n<\/tr>\n<tr>\n<td>SOTEII \u2013 Hungary<\/td>\n<td>NF 3015, NF3020<\/td>\n<\/tr>\n<tr>\n<td>Plodine mega-market \u2013 Croatie<\/td>\n<td>Trocellen duct 10-20 mm<\/td>\n<\/tr>\n<tr>\n<td>Bain thermal &#8211; Podh\u00e1jsk\u00e1 \u2013 Slovaquie<\/td>\n<td>SN3015\/AL<\/td>\n<\/tr>\n<tr>\n<td>Centre commercial \u2013 Bratislava &#8211; Slovaquie<\/td>\n<td>SN3015\/AL<\/td>\n<\/tr>\n<tr>\n<td>H\u00f4pital Deva &#8211; Roumanie<\/td>\n<td>N3010,N3005<\/td>\n<\/tr>\n<tr>\n<td colspan=\"2\">\n<h3>Murs anti-bruit, protection acoustique<\/h3>\n<\/td>\n<\/tr>\n<tr>\n<td>Studio cin\u00e9matographique Orig\u00f3 \u2013 Hongrie<\/td>\n<td>Aplomb 22, Aplomb 11<\/td>\n<\/tr>\n<tr>\n<td>Th\u00e9\u00e2tre national &#8211; Roumanie<\/td>\n<td>Aplomb 22<\/td>\n<\/tr>\n<tr>\n<td>GE Electric \u2013 Hongrie<\/td>\n<td>Aplomb 11<\/td>\n<\/tr>\n<tr>\n<td colspan=\"2\">\n<h3>R\u00e9f\u00e9rences de sols anti-bruit<\/h3>\n<\/td>\n<\/tr>\n<tr>\n<td>B\u00e2timent r\u00e9sidentiel DAIMLER Mercedes \u2013 Hongrie<\/td>\n<td>N 3010, N3005<\/td>\n<\/tr>\n<tr>\n<td>Polus Constanta &#8211; Roumanie<\/td>\n<td>N 3010, N3005<\/td>\n<\/tr>\n<tr>\n<td>Polus Brasov<\/td>\n<td>N 3010, N3005\u00a0<\/td>\n<\/tr>\n<tr>\n<td>Centre commercial Esplanada, Bucharest<\/td>\n<td>N 3010, N3005\u00a0<\/td>\n<\/tr>\n<tr>\n<td>Nouveau complexe de transports et de commerces, Poznan, Pologne<\/td>\n<td>N 3010, N3005\u00a0<\/td>\n<\/tr>\n<tr>\n<td>Centre commercial Bonarka &#8211; Pologne<\/td>\n<td>N 3010, N3005\u00a0<\/td>\n<\/tr>\n<tr>\n<td colspan=\"2\">\n<h3>R\u00e9f\u00e9rences d&rsquo;isolation thermique<\/h3>\n<\/td>\n<\/tr>\n<tr>\n<td>CENTRE DE RECHERCHE PHARMACEUTIQUE CHIESI &#8211; Italie<\/td>\n<td>Isocompact, Duct<\/td>\n<\/tr>\n<tr>\n<td>Tart\u00e1lypark \u2013 Orosh\u00e1za \u2013 Hongrie<\/td>\n<td>N3020, LVF3020<\/td>\n<\/tr>\n<tr>\n<td>B\u00e2timent r\u00e9sidentiel Villa Nova \u2013 Slovaquie<\/td>\n<td>N3005\/AL<\/td>\n<\/tr>\n<\/tbody>\n<\/table>\n<h3><strong>T\u00e9l\u00e9chargez<\/strong><\/h3>\n<p>pour en savoir plus sur nos r\u00e9f\u00e9rences d&rsquo;isolation:<\/p>\n<ul>\n<li><a href=\"https:\/\/insulation.trocellen.com\/wp-content\/uploads\/sites\/6\/2013\/12\/ENG-Trocellen-vintage.pdf\">Vintage<\/a><\/li>\n<\/ul>\n<p>&nbsp;<\/p>\n","protected":false},"excerpt":{"rendered":"<p>Trocellen pourvoit les industries de la construction et du g\u00e9nie civil de produits d&rsquo;isolation haut de gamme. Nous participons \u00e0 de nombreux projets \u00e0 grande envergure, tout en fournissant \u00e0 nos partenaires des solutions \u00e0 long terme. l&rsquo;h\u00f4pital de P\u00e9cs Un des projets r\u00e9cemment r\u00e9alis\u00e9s par Trocellen a \u00e9t\u00e9 la fourniture de produits isolants \u00e0 [&hellip;]<\/p>\n","protected":false},"author":1,"featured_media":0,"parent":0,"menu_order":200,"comment_status":"open","ping_status":"closed","template":"","meta":{"_acf_changed":false,"footnotes":""},"class_list":["post-4099","page","type-page","status-publish","hentry"],"acf":[],"yoast_head":"<!-- This site is optimized with the Yoast SEO plugin v23.5 - https:\/\/yoast.com\/wordpress\/plugins\/seo\/ -->\n<title>R\u00e9f\u00e9rences - Trocellen Insulation<\/title>\n<meta name=\"robots\" content=\"index, follow, max-snippet:-1, max-image-preview:large, max-video-preview:-1\" \/>\n<link rel=\"canonical\" href=\"https:\/\/insulation.trocellen.com\/fr\/references\/\" \/>\n<meta property=\"og:locale\" content=\"fr_FR\" \/>\n<meta property=\"og:type\" content=\"article\" \/>\n<meta property=\"og:title\" content=\"R\u00e9f\u00e9rences - Trocellen Insulation\" \/>\n<meta property=\"og:description\" content=\"Trocellen pourvoit les industries de la construction et du g\u00e9nie civil de produits d&rsquo;isolation haut de gamme. Nous participons \u00e0 de nombreux projets \u00e0 grande envergure, tout en fournissant \u00e0 nos partenaires des solutions \u00e0 long terme. l&rsquo;h\u00f4pital de P\u00e9cs Un des projets r\u00e9cemment r\u00e9alis\u00e9s par Trocellen a \u00e9t\u00e9 la fourniture de produits isolants \u00e0 [&hellip;]\" \/>\n<meta property=\"og:url\" content=\"https:\/\/insulation.trocellen.com\/fr\/references\/\" \/>\n<meta property=\"og:site_name\" content=\"Trocellen Insulation\" \/>\n<meta property=\"og:image\" content=\"https:\/\/insulation.trocellen.com\/wp-content\/uploads\/sites\/6\/2013\/12\/Pecs-1-150x150.jpg\" \/>\n<meta name=\"twitter:card\" content=\"summary_large_image\" \/>\n<meta name=\"twitter:label1\" content=\"Dur\u00e9e de lecture estim\u00e9e\" \/>\n\t<meta name=\"twitter:data1\" content=\"2 minutes\" \/>\n<script type=\"application\/ld+json\" class=\"yoast-schema-graph\">{\"@context\":\"https:\/\/schema.org\",\"@graph\":[{\"@type\":\"WebPage\",\"@id\":\"https:\/\/insulation.trocellen.com\/fr\/references\/\",\"url\":\"https:\/\/insulation.trocellen.com\/fr\/references\/\",\"name\":\"R\u00e9f\u00e9rences - Trocellen Insulation\",\"isPartOf\":{\"@id\":\"https:\/\/insulation.trocellen.com\/fr\/#website\"},\"primaryImageOfPage\":{\"@id\":\"https:\/\/insulation.trocellen.com\/fr\/references\/#primaryimage\"},\"image\":{\"@id\":\"https:\/\/insulation.trocellen.com\/fr\/references\/#primaryimage\"},\"thumbnailUrl\":\"https:\/\/insulation.trocellen.com\/wp-content\/uploads\/sites\/6\/2013\/12\/Pecs-1-150x150.jpg\",\"datePublished\":\"2013-12-12T17:09:36+00:00\",\"dateModified\":\"2013-12-12T17:09:36+00:00\",\"breadcrumb\":{\"@id\":\"https:\/\/insulation.trocellen.com\/fr\/references\/#breadcrumb\"},\"inLanguage\":\"fr-FR\",\"potentialAction\":[{\"@type\":\"ReadAction\",\"target\":[\"https:\/\/insulation.trocellen.com\/fr\/references\/\"]}]},{\"@type\":\"ImageObject\",\"inLanguage\":\"fr-FR\",\"@id\":\"https:\/\/insulation.trocellen.com\/fr\/references\/#primaryimage\",\"url\":\"https:\/\/insulation.trocellen.com\/wp-content\/uploads\/sites\/6\/2013\/12\/Pecs-1-150x150.jpg\",\"contentUrl\":\"https:\/\/insulation.trocellen.com\/wp-content\/uploads\/sites\/6\/2013\/12\/Pecs-1-150x150.jpg\"},{\"@type\":\"BreadcrumbList\",\"@id\":\"https:\/\/insulation.trocellen.com\/fr\/references\/#breadcrumb\",\"itemListElement\":[{\"@type\":\"ListItem\",\"position\":1,\"name\":\"Home\",\"item\":\"https:\/\/insulation.trocellen.com\/fr\/\"},{\"@type\":\"ListItem\",\"position\":2,\"name\":\"R\u00e9f\u00e9rences\"}]},{\"@type\":\"WebSite\",\"@id\":\"https:\/\/insulation.trocellen.com\/fr\/#website\",\"url\":\"https:\/\/insulation.trocellen.com\/fr\/\",\"name\":\"Trocellen Insulation\",\"description\":\"\",\"potentialAction\":[{\"@type\":\"SearchAction\",\"target\":{\"@type\":\"EntryPoint\",\"urlTemplate\":\"https:\/\/insulation.trocellen.com\/fr\/?s={search_term_string}\"},\"query-input\":{\"@type\":\"PropertyValueSpecification\",\"valueRequired\":true,\"valueName\":\"search_term_string\"}}],\"inLanguage\":\"fr-FR\"}]}<\/script>\n<!-- \/ Yoast SEO plugin. -->","yoast_head_json":{"title":"R\u00e9f\u00e9rences - Trocellen Insulation","robots":{"index":"index","follow":"follow","max-snippet":"max-snippet:-1","max-image-preview":"max-image-preview:large","max-video-preview":"max-video-preview:-1"},"canonical":"https:\/\/insulation.trocellen.com\/fr\/references\/","og_locale":"fr_FR","og_type":"article","og_title":"R\u00e9f\u00e9rences - Trocellen Insulation","og_description":"Trocellen pourvoit les industries de la construction et du g\u00e9nie civil de produits d&rsquo;isolation haut de gamme. Nous participons \u00e0 de nombreux projets \u00e0 grande envergure, tout en fournissant \u00e0 nos partenaires des solutions \u00e0 long terme. l&rsquo;h\u00f4pital de P\u00e9cs Un des projets r\u00e9cemment r\u00e9alis\u00e9s par Trocellen a \u00e9t\u00e9 la fourniture de produits isolants \u00e0 [&hellip;]","og_url":"https:\/\/insulation.trocellen.com\/fr\/references\/","og_site_name":"Trocellen Insulation","og_image":[{"url":"https:\/\/insulation.trocellen.com\/wp-content\/uploads\/sites\/6\/2013\/12\/Pecs-1-150x150.jpg"}],"twitter_card":"summary_large_image","twitter_misc":{"Dur\u00e9e de lecture estim\u00e9e":"2 minutes"},"schema":{"@context":"https:\/\/schema.org","@graph":[{"@type":"WebPage","@id":"https:\/\/insulation.trocellen.com\/fr\/references\/","url":"https:\/\/insulation.trocellen.com\/fr\/references\/","name":"R\u00e9f\u00e9rences - Trocellen Insulation","isPartOf":{"@id":"https:\/\/insulation.trocellen.com\/fr\/#website"},"primaryImageOfPage":{"@id":"https:\/\/insulation.trocellen.com\/fr\/references\/#primaryimage"},"image":{"@id":"https:\/\/insulation.trocellen.com\/fr\/references\/#primaryimage"},"thumbnailUrl":"https:\/\/insulation.trocellen.com\/wp-content\/uploads\/sites\/6\/2013\/12\/Pecs-1-150x150.jpg","datePublished":"2013-12-12T17:09:36+00:00","dateModified":"2013-12-12T17:09:36+00:00","breadcrumb":{"@id":"https:\/\/insulation.trocellen.com\/fr\/references\/#breadcrumb"},"inLanguage":"fr-FR","potentialAction":[{"@type":"ReadAction","target":["https:\/\/insulation.trocellen.com\/fr\/references\/"]}]},{"@type":"ImageObject","inLanguage":"fr-FR","@id":"https:\/\/insulation.trocellen.com\/fr\/references\/#primaryimage","url":"https:\/\/insulation.trocellen.com\/wp-content\/uploads\/sites\/6\/2013\/12\/Pecs-1-150x150.jpg","contentUrl":"https:\/\/insulation.trocellen.com\/wp-content\/uploads\/sites\/6\/2013\/12\/Pecs-1-150x150.jpg"},{"@type":"BreadcrumbList","@id":"https:\/\/insulation.trocellen.com\/fr\/references\/#breadcrumb","itemListElement":[{"@type":"ListItem","position":1,"name":"Home","item":"https:\/\/insulation.trocellen.com\/fr\/"},{"@type":"ListItem","position":2,"name":"R\u00e9f\u00e9rences"}]},{"@type":"WebSite","@id":"https:\/\/insulation.trocellen.com\/fr\/#website","url":"https:\/\/insulation.trocellen.com\/fr\/","name":"Trocellen Insulation","description":"","potentialAction":[{"@type":"SearchAction","target":{"@type":"EntryPoint","urlTemplate":"https:\/\/insulation.trocellen.com\/fr\/?s={search_term_string}"},"query-input":{"@type":"PropertyValueSpecification","valueRequired":true,"valueName":"search_term_string"}}],"inLanguage":"fr-FR"}]}},"_links":{"self":[{"href":"https:\/\/insulation.trocellen.com\/fr\/wp-json\/wp\/v2\/pages\/4099","targetHints":{"allow":["GET"]}}],"collection":[{"href":"https:\/\/insulation.trocellen.com\/fr\/wp-json\/wp\/v2\/pages"}],"about":[{"href":"https:\/\/insulation.trocellen.com\/fr\/wp-json\/wp\/v2\/types\/page"}],"author":[{"embeddable":true,"href":"https:\/\/insulation.trocellen.com\/fr\/wp-json\/wp\/v2\/users\/1"}],"replies":[{"embeddable":true,"href":"https:\/\/insulation.trocellen.com\/fr\/wp-json\/wp\/v2\/comments?post=4099"}],"version-history":[{"count":0,"href":"https:\/\/insulation.trocellen.com\/fr\/wp-json\/wp\/v2\/pages\/4099\/revisions"}],"wp:attachment":[{"href":"https:\/\/insulation.trocellen.com\/fr\/wp-json\/wp\/v2\/media?parent=4099"}],"curies":[{"name":"wp","href":"https:\/\/api.w.org\/{rel}","templated":true}]}}