{"id":4087,"date":"2013-12-12T17:09:09","date_gmt":"2013-12-12T17:09:09","guid":{"rendered":"https:\/\/insulation-new.trocellen.com\/technologie\/"},"modified":"2023-07-10T09:53:35","modified_gmt":"2023-07-10T09:53:35","slug":"technologie","status":"publish","type":"page","link":"https:\/\/insulation.trocellen.com\/fr\/technologie\/","title":{"rendered":"Technologie"},"content":{"rendered":"<p>Trocellen est le leader des fabricants europ\u00e9ens de mousses PO r\u00e9ticul\u00e9s chimiquement et physiquement. Proposant une large vari\u00e9t\u00e9 de produits de mousse pour la construction et pour le g\u00e9nie civil, notre entreprise est devenue un des plus importants partenaires fournissant \u00e0 l&rsquo;industrie des solutions d&rsquo;isolation fiables.<\/p>\n<p>Trocellen d\u00e9veloppe et fabrique des produits pour le secteur construction\/g\u00e9nie civil depuis 40 ans. Les propri\u00e9t\u00e9s communes \u00e0 toutes nos mousses de polyol\u00e9fines r\u00e9ticul\u00e9es sont leur l\u00e9g\u00e9ret\u00e9, leur r\u00e9action au feu, leur \u00e9lasticit\u00e9, leur absorption d&rsquo;eau faible, leurs propri\u00e9t\u00e9s d&rsquo;isolation thermique, leur r\u00e9sistance chimique, leur installation facile et leur moulabilit\u00e9 thermique.<\/p>\n<p>Gr\u00e2ce \u00e0 une base technologique solide et \u00e0 un \u00e9quilibre sain entre l&rsquo;exp\u00e9rience intense du pass\u00e9 et l&rsquo;ambition de rompre avec les solutions traditionnelles, Trocellen est votre partenaire id\u00e9al dans le domaine du d\u00e9veloppement.<\/p>\n<h2>Mousses Trocellen<\/h2>\n<p><strong>Mousses PE standards<\/strong>: une large vari\u00e9t\u00e9 de densit\u00e9s et d&rsquo;\u00e9paisseurs &#8211; des solutions parfaites d&rsquo;isolation et d&rsquo;\u00e9tanch\u00e9ification<br \/>\n<strong>Mousses PE rigides<\/strong> &#8211; la solution appropri\u00e9e pour remplacer les densit\u00e9s plus grandes: excellent pour le thermoformage<br \/>\n<strong>Mousses PE souples:<\/strong> utilisations multiples, excellentes propri\u00e9t\u00e9s de confort<br \/>\n<strong>Mousses poly\u00e9thyl\u00e8ne ultra souples<\/strong> &#8211; flexibilit\u00e9 extr\u00eame pour les utilisations sp\u00e9ciales; \u00e9lasticit\u00e9 avanc\u00e9e<br \/>\n<strong>Mousses PP<\/strong>: densit\u00e9s, \u00e9paisseurs, mat\u00e9riaux variables, s&rsquo;adaptant parfaitement \u00e0 la demande des clients et aux proc\u00e9d\u00e9s<br \/>\n<strong>Mousses aux additifs sp\u00e9ciaux<\/strong> &#8211; mousses ignifuges et autoextinguibles parfaitement conformes aux normes de s\u00e9curit\u00e9 \u00e9lev\u00e9es.<\/p>\n<h2>Convertir les mousses en solutions<\/h2>\n<p>En plus de la fourniture des mousses, Trocellen a investi dans le d\u00e9veloppement d&rsquo;une large vari\u00e9t\u00e9 de capacit\u00e9s de conversion ajoutant \u00e0 la valeur de nos produits de mousses.<\/p>\n<ul>\n<li>Complexage (air chaud, flammes ou rayonnement infrarouge) permettant la combinaison avec d&rsquo;autres mousses, films ou textiles selon les besoins de l&rsquo;industrie.<\/li>\n<li>Complexage des couches lourdes avec la mousse<\/li>\n<li>Rev\u00eatement adh\u00e9sif, y compris la thermofusion et le transfert \/ PSA<\/li>\n<li>Moulage par compression<\/li>\n<li>Perforation et gaufrage<\/li>\n<\/ul>\n","protected":false},"excerpt":{"rendered":"<p>Trocellen est le leader des fabricants europ\u00e9ens de mousses PO r\u00e9ticul\u00e9s chimiquement et physiquement. Proposant une large vari\u00e9t\u00e9 de produits de mousse pour la construction et pour le g\u00e9nie civil, notre entreprise est devenue un des plus importants partenaires fournissant \u00e0 l&rsquo;industrie des solutions d&rsquo;isolation fiables. Trocellen d\u00e9veloppe et fabrique des produits pour le secteur [&hellip;]<\/p>\n","protected":false},"author":1,"featured_media":9390,"parent":0,"menu_order":400,"comment_status":"open","ping_status":"closed","template":"","meta":{"_acf_changed":false,"footnotes":""},"class_list":["post-4087","page","type-page","status-publish","has-post-thumbnail","hentry"],"acf":[],"yoast_head":"<!-- This site is optimized with the Yoast SEO plugin v23.5 - https:\/\/yoast.com\/wordpress\/plugins\/seo\/ -->\n<title>Technologie de fabrication de mousses chez Trocellen<\/title>\n<meta name=\"description\" content=\"Trocellen est le leader des fabricants europ\u00e9ens des mousses PO r\u00e9ticul\u00e9es, proposant de nombreux produits en mousse pour la construction et le g\u00e9nie civil\" \/>\n<meta name=\"robots\" content=\"index, follow, max-snippet:-1, max-image-preview:large, max-video-preview:-1\" \/>\n<link rel=\"canonical\" href=\"https:\/\/insulation.trocellen.com\/fr\/technologie\/\" \/>\n<meta property=\"og:locale\" content=\"fr_FR\" \/>\n<meta property=\"og:type\" content=\"article\" \/>\n<meta property=\"og:title\" content=\"Technologie de fabrication de mousses chez Trocellen\" \/>\n<meta property=\"og:description\" content=\"Trocellen est le leader des fabricants europ\u00e9ens des mousses PO r\u00e9ticul\u00e9es, proposant de nombreux produits en mousse pour la construction et le g\u00e9nie civil\" \/>\n<meta property=\"og:url\" content=\"https:\/\/insulation.trocellen.com\/fr\/technologie\/\" \/>\n<meta property=\"og:site_name\" content=\"Trocellen Insulation\" \/>\n<meta property=\"article:modified_time\" content=\"2023-07-10T09:53:35+00:00\" \/>\n<meta property=\"og:image\" content=\"https:\/\/insulation.trocellen.com\/wp-content\/uploads\/sites\/6\/2023\/06\/fejlec-Technology.jpg\" \/>\n\t<meta property=\"og:image:width\" content=\"1920\" \/>\n\t<meta property=\"og:image:height\" content=\"300\" \/>\n\t<meta property=\"og:image:type\" content=\"image\/jpeg\" \/>\n<meta name=\"twitter:card\" content=\"summary_large_image\" \/>\n<meta name=\"twitter:label1\" content=\"Dur\u00e9e de lecture estim\u00e9e\" \/>\n\t<meta name=\"twitter:data1\" content=\"2 minutes\" \/>\n<script type=\"application\/ld+json\" class=\"yoast-schema-graph\">{\"@context\":\"https:\/\/schema.org\",\"@graph\":[{\"@type\":\"WebPage\",\"@id\":\"https:\/\/insulation.trocellen.com\/fr\/technologie\/\",\"url\":\"https:\/\/insulation.trocellen.com\/fr\/technologie\/\",\"name\":\"Technologie de fabrication de mousses chez Trocellen\",\"isPartOf\":{\"@id\":\"https:\/\/insulation.trocellen.com\/fr\/#website\"},\"primaryImageOfPage\":{\"@id\":\"https:\/\/insulation.trocellen.com\/fr\/technologie\/#primaryimage\"},\"image\":{\"@id\":\"https:\/\/insulation.trocellen.com\/fr\/technologie\/#primaryimage\"},\"thumbnailUrl\":\"https:\/\/insulation.trocellen.com\/wp-content\/uploads\/sites\/6\/2023\/06\/fejlec-Technology.jpg\",\"datePublished\":\"2013-12-12T17:09:09+00:00\",\"dateModified\":\"2023-07-10T09:53:35+00:00\",\"description\":\"Trocellen est le leader des fabricants europ\u00e9ens des mousses PO r\u00e9ticul\u00e9es, proposant de nombreux produits en mousse pour la construction et le g\u00e9nie civil\",\"breadcrumb\":{\"@id\":\"https:\/\/insulation.trocellen.com\/fr\/technologie\/#breadcrumb\"},\"inLanguage\":\"fr-FR\",\"potentialAction\":[{\"@type\":\"ReadAction\",\"target\":[\"https:\/\/insulation.trocellen.com\/fr\/technologie\/\"]}]},{\"@type\":\"ImageObject\",\"inLanguage\":\"fr-FR\",\"@id\":\"https:\/\/insulation.trocellen.com\/fr\/technologie\/#primaryimage\",\"url\":\"https:\/\/insulation.trocellen.com\/wp-content\/uploads\/sites\/6\/2023\/06\/fejlec-Technology.jpg\",\"contentUrl\":\"https:\/\/insulation.trocellen.com\/wp-content\/uploads\/sites\/6\/2023\/06\/fejlec-Technology.jpg\",\"width\":1920,\"height\":300},{\"@type\":\"BreadcrumbList\",\"@id\":\"https:\/\/insulation.trocellen.com\/fr\/technologie\/#breadcrumb\",\"itemListElement\":[{\"@type\":\"ListItem\",\"position\":1,\"name\":\"Home\",\"item\":\"https:\/\/insulation.trocellen.com\/fr\/\"},{\"@type\":\"ListItem\",\"position\":2,\"name\":\"Technologie\"}]},{\"@type\":\"WebSite\",\"@id\":\"https:\/\/insulation.trocellen.com\/fr\/#website\",\"url\":\"https:\/\/insulation.trocellen.com\/fr\/\",\"name\":\"Trocellen Insulation\",\"description\":\"\",\"potentialAction\":[{\"@type\":\"SearchAction\",\"target\":{\"@type\":\"EntryPoint\",\"urlTemplate\":\"https:\/\/insulation.trocellen.com\/fr\/?s={search_term_string}\"},\"query-input\":{\"@type\":\"PropertyValueSpecification\",\"valueRequired\":true,\"valueName\":\"search_term_string\"}}],\"inLanguage\":\"fr-FR\"}]}<\/script>\n<!-- \/ Yoast SEO plugin. -->","yoast_head_json":{"title":"Technologie de fabrication de mousses chez Trocellen","description":"Trocellen est le leader des fabricants europ\u00e9ens des mousses PO r\u00e9ticul\u00e9es, proposant de nombreux produits en mousse pour la construction et le g\u00e9nie civil","robots":{"index":"index","follow":"follow","max-snippet":"max-snippet:-1","max-image-preview":"max-image-preview:large","max-video-preview":"max-video-preview:-1"},"canonical":"https:\/\/insulation.trocellen.com\/fr\/technologie\/","og_locale":"fr_FR","og_type":"article","og_title":"Technologie de fabrication de mousses chez Trocellen","og_description":"Trocellen est le leader des fabricants europ\u00e9ens des mousses PO r\u00e9ticul\u00e9es, proposant de nombreux produits en mousse pour la construction et le g\u00e9nie civil","og_url":"https:\/\/insulation.trocellen.com\/fr\/technologie\/","og_site_name":"Trocellen Insulation","article_modified_time":"2023-07-10T09:53:35+00:00","og_image":[{"width":1920,"height":300,"url":"https:\/\/insulation.trocellen.com\/wp-content\/uploads\/sites\/6\/2023\/06\/fejlec-Technology.jpg","type":"image\/jpeg"}],"twitter_card":"summary_large_image","twitter_misc":{"Dur\u00e9e de lecture estim\u00e9e":"2 minutes"},"schema":{"@context":"https:\/\/schema.org","@graph":[{"@type":"WebPage","@id":"https:\/\/insulation.trocellen.com\/fr\/technologie\/","url":"https:\/\/insulation.trocellen.com\/fr\/technologie\/","name":"Technologie de fabrication de mousses chez Trocellen","isPartOf":{"@id":"https:\/\/insulation.trocellen.com\/fr\/#website"},"primaryImageOfPage":{"@id":"https:\/\/insulation.trocellen.com\/fr\/technologie\/#primaryimage"},"image":{"@id":"https:\/\/insulation.trocellen.com\/fr\/technologie\/#primaryimage"},"thumbnailUrl":"https:\/\/insulation.trocellen.com\/wp-content\/uploads\/sites\/6\/2023\/06\/fejlec-Technology.jpg","datePublished":"2013-12-12T17:09:09+00:00","dateModified":"2023-07-10T09:53:35+00:00","description":"Trocellen est le leader des fabricants europ\u00e9ens des mousses PO r\u00e9ticul\u00e9es, proposant de nombreux produits en mousse pour la construction et le g\u00e9nie civil","breadcrumb":{"@id":"https:\/\/insulation.trocellen.com\/fr\/technologie\/#breadcrumb"},"inLanguage":"fr-FR","potentialAction":[{"@type":"ReadAction","target":["https:\/\/insulation.trocellen.com\/fr\/technologie\/"]}]},{"@type":"ImageObject","inLanguage":"fr-FR","@id":"https:\/\/insulation.trocellen.com\/fr\/technologie\/#primaryimage","url":"https:\/\/insulation.trocellen.com\/wp-content\/uploads\/sites\/6\/2023\/06\/fejlec-Technology.jpg","contentUrl":"https:\/\/insulation.trocellen.com\/wp-content\/uploads\/sites\/6\/2023\/06\/fejlec-Technology.jpg","width":1920,"height":300},{"@type":"BreadcrumbList","@id":"https:\/\/insulation.trocellen.com\/fr\/technologie\/#breadcrumb","itemListElement":[{"@type":"ListItem","position":1,"name":"Home","item":"https:\/\/insulation.trocellen.com\/fr\/"},{"@type":"ListItem","position":2,"name":"Technologie"}]},{"@type":"WebSite","@id":"https:\/\/insulation.trocellen.com\/fr\/#website","url":"https:\/\/insulation.trocellen.com\/fr\/","name":"Trocellen Insulation","description":"","potentialAction":[{"@type":"SearchAction","target":{"@type":"EntryPoint","urlTemplate":"https:\/\/insulation.trocellen.com\/fr\/?s={search_term_string}"},"query-input":{"@type":"PropertyValueSpecification","valueRequired":true,"valueName":"search_term_string"}}],"inLanguage":"fr-FR"}]}},"_links":{"self":[{"href":"https:\/\/insulation.trocellen.com\/fr\/wp-json\/wp\/v2\/pages\/4087","targetHints":{"allow":["GET"]}}],"collection":[{"href":"https:\/\/insulation.trocellen.com\/fr\/wp-json\/wp\/v2\/pages"}],"about":[{"href":"https:\/\/insulation.trocellen.com\/fr\/wp-json\/wp\/v2\/types\/page"}],"author":[{"embeddable":true,"href":"https:\/\/insulation.trocellen.com\/fr\/wp-json\/wp\/v2\/users\/1"}],"replies":[{"embeddable":true,"href":"https:\/\/insulation.trocellen.com\/fr\/wp-json\/wp\/v2\/comments?post=4087"}],"version-history":[{"count":1,"href":"https:\/\/insulation.trocellen.com\/fr\/wp-json\/wp\/v2\/pages\/4087\/revisions"}],"predecessor-version":[{"id":9749,"href":"https:\/\/insulation.trocellen.com\/fr\/wp-json\/wp\/v2\/pages\/4087\/revisions\/9749"}],"wp:featuredmedia":[{"embeddable":true,"href":"https:\/\/insulation.trocellen.com\/fr\/wp-json\/wp\/v2\/media\/9390"}],"wp:attachment":[{"href":"https:\/\/insulation.trocellen.com\/fr\/wp-json\/wp\/v2\/media?parent=4087"}],"curies":[{"name":"wp","href":"https:\/\/api.w.org\/{rel}","templated":true}]}}