{"id":9973,"date":"2023-10-11T13:08:12","date_gmt":"2023-10-11T13:08:12","guid":{"rendered":"https:\/\/insulation.trocellen.com\/sostenibilidad\/trocellens-lca-epd-certification\/"},"modified":"2024-05-10T06:57:45","modified_gmt":"2024-05-10T06:57:45","slug":"trocellens-lca-epd-certification","status":"publish","type":"page","link":"https:\/\/insulation.trocellen.com\/es\/sostenibilidad\/trocellens-lca-epd-certification\/","title":{"rendered":"Certificaci\u00f3n ACV\/DAP de Trocellen"},"content":{"rendered":"\n<p><em>La <strong>DAP <\/strong>(<strong>D<\/strong>eclaraci\u00f3n <strong>A<\/strong>mbiental de <strong>P<\/strong>roducto) es una declaraci\u00f3n voluntaria que, basada en el <strong>An\u00e1lisis de Ciclo de Vida (ACV)<\/strong> y certificada por un tercero, describe el impacto ambiental de un producto o proceso. El estudio de ACV es la base de muchas <strong>declaraciones medioambientales <\/strong>y de sostenibilidad utilizadas en el sector de la construcci\u00f3n. (Para una presentaci\u00f3n completa del sistema, contin\u00fae leyendo).<\/em><\/p>\n\n\n\n<div class=\"wp-block-columns is-layout-flex wp-container-core-columns-is-layout-9d6595d7 wp-block-columns-is-layout-flex\">\n<div class=\"wp-block-column is-layout-flow wp-block-column-is-layout-flow\" style=\"flex-basis:66.66%\">\n<p style=\"font-size:19px\"><strong>Trocellen es el primer fabricante de espuma de PE<sup>(*)<\/sup><\/strong> <strong>cuyos productos cuentan con la certificaci\u00f3n DAP<\/strong>, la cual pone de manifiesto la gran importancia que la empresa concede al aspecto medioambiental. El certificado no solo deja clara la huella ecol\u00f3gica de la empresa para el mercado, sino que tambi\u00e9n permite que los productos de Trocellen se utilicen <strong>en protocolos de construcci\u00f3n ecol\u00f3gica en toda Europa.<\/strong><\/p>\n\n\n\n<p style=\"font-size:12px\"><sup>(*)<\/sup> produciendo espuma de polietileno expandido y reticulado de c\u00e9lulas cerradas<\/p>\n<\/div>\n\n\n\n<div class=\"wp-block-column is-layout-flow wp-block-column-is-layout-flow\" style=\"flex-basis:33.33%\"><div class=\"wp-block-image\">\n<figure class=\"aligncenter size-full\"><img loading=\"lazy\" decoding=\"async\" width=\"245\" height=\"59\" src=\"https:\/\/insulation.trocellen.com\/wp-content\/uploads\/sites\/6\/2023\/10\/EPD-logo.png\" alt=\"\" class=\"wp-image-9895\"\/><\/figure>\n<\/div><\/div>\n<\/div>\n\n\n\n<p><strong>Trocellen<\/strong> ha establecido la reducci\u00f3n de su huella medioambiental como uno de sus objetivos estrat\u00e9gicos para los pr\u00f3ximos a\u00f1os. El primer paso en esta direcci\u00f3n fue conseguir la <strong>certificaci\u00f3n DAP<\/strong> para las siguientes categor\u00edas de productos:<\/p>\n\n\n\n<div class=\"wp-block-columns are-vertically-aligned-center is-layout-flex wp-container-core-columns-is-layout-9d6595d7 wp-block-columns-is-layout-flex\">\n<div class=\"wp-block-column is-vertically-aligned-center is-layout-flow wp-block-column-is-layout-flow\">\n<p class=\"nomargin\"><strong>Trocellen N<\/strong> (espuma de PE f\u00f3sil)<\/p>\n<\/div>\n\n\n\n<div class=\"wp-block-column is-vertically-aligned-center is-layout-flow wp-block-column-is-layout-flow\">\n<div class=\"wp-block-buttons large is-layout-flex wp-block-buttons-is-layout-flex\">\n<div class=\"wp-block-button large\"><a class=\"wp-block-button__link wp-element-button\" href=\"https:\/\/www.environdec.com\/library\/epd4713\" target=\"_blank\" rel=\"noreferrer noopener\"><strong>Descargue el informe<\/strong><\/a><\/div>\n<\/div>\n<\/div>\n<\/div>\n\n\n\n<div class=\"wp-block-columns are-vertically-aligned-center is-layout-flex wp-container-core-columns-is-layout-9d6595d7 wp-block-columns-is-layout-flex\">\n<div class=\"wp-block-column is-vertically-aligned-center is-layout-flow wp-block-column-is-layout-flow\">\n<p class=\"nomargin\"><strong>Trocellen Tr-EECell<\/strong> (espuma Bio)<\/p>\n<\/div>\n\n\n\n<div class=\"wp-block-column is-vertically-aligned-center is-layout-flow wp-block-column-is-layout-flow\">\n<div class=\"wp-block-buttons large is-layout-flex wp-block-buttons-is-layout-flex\">\n<div class=\"wp-block-button large\"><a class=\"wp-block-button__link wp-element-button\" href=\"https:\/\/www.environdec.com\/library\/epd4715\" target=\"_blank\" rel=\"noreferrer noopener\"><strong>Descargue el informe<\/strong><\/a><\/div>\n<\/div>\n<\/div>\n<\/div>\n\n\n\n<div class=\"wp-block-columns are-vertically-aligned-center is-layout-flex wp-container-core-columns-is-layout-9d6595d7 wp-block-columns-is-layout-flex\">\n<div class=\"wp-block-column is-vertically-aligned-center is-layout-flow wp-block-column-is-layout-flow\">\n<p class=\"nomargin\"><strong>Trocellen Trosil<\/strong> (espuma usada para el aislamiento ac\u00fastico a impactos bajo recrecido y bajo tarima<\/p>\n<\/div>\n\n\n\n<div class=\"wp-block-column is-vertically-aligned-center is-layout-flow wp-block-column-is-layout-flow\">\n<div class=\"wp-block-buttons large is-layout-flex wp-block-buttons-is-layout-flex\">\n<div class=\"wp-block-button large\"><a class=\"wp-block-button__link wp-element-button\" href=\"https:\/\/www.environdec.com\/library\/epd4714\" target=\"_blank\" rel=\"noreferrer noopener\"><strong>Descargue el informe<\/strong><\/a><\/div>\n<\/div>\n<\/div>\n<\/div>\n\n\n\n<div class=\"wp-block-columns are-vertically-aligned-center is-layout-flex wp-container-core-columns-is-layout-9d6595d7 wp-block-columns-is-layout-flex\">\n<div class=\"wp-block-column is-vertically-aligned-center is-layout-flow wp-block-column-is-layout-flow\">\n<p class=\"nomargin\"><strong>Trocellen Class<\/strong> (espuma para el aislamiento t\u00e9rmico de los sistemas HVAC)<\/p>\n<\/div>\n\n\n\n<div class=\"wp-block-column is-vertically-aligned-center is-layout-flow wp-block-column-is-layout-flow\">\n<div class=\"wp-block-buttons large is-layout-flex wp-container-core-buttons-is-layout-c07eda73 wp-block-buttons-is-layout-flex\">\n<div class=\"wp-block-button large\"><a class=\"wp-block-button__link wp-element-button\" href=\"https:\/\/www.environdec.com\/library\/epd4708\" target=\"_blank\" rel=\"noreferrer noopener\"><strong>Descargue el informe<\/strong><\/a><\/div>\n<\/div>\n<\/div>\n<\/div>\n\n\n\n<p>Los certificados DAP incluso se publican en el portal internacional <em>Environdec <\/em>(<a href=\"https:\/\/www.environdec.com\/library\" target=\"_blank\" rel=\"noreferrer noopener\">https:\/\/www.environdec.com\/library<\/a>)<\/p>\n\n\n\n<p><em><em>Los datos identificados en la DAP se expresan <strong>por m<sup>2<\/sup><\/strong> de producto.<\/em><\/em><\/p>\n\n\n\n<h2 class=\"wp-block-heading\"><strong>\u00bfQu\u00e9 es exactamente LCT, ACV y PCR?<\/strong><\/h2>\n\n\n\n<p>La industria de la construcci\u00f3n es responsable de m\u00e1s del 30% de las emisiones mundiales de CO<sub>2<\/sub>. Por lo tanto, es comprensible que los aspectos de la sostenibilidad deban aplicarse cada vez m\u00e1s en este \u00e1mbito tambi\u00e9n. Un m\u00e9todo para ello es el llamado <strong>Pensamiento del Ciclo de Vida <\/strong>(<strong>LCT<\/strong>, por sus siglas en ingl\u00e9s), es decir, el enfoque con el que se eval\u00faa la sostenibilidad ambiental, econ\u00f3mica y social de un producto (y\/o servicio), y dentro del cual tom\u00f3 forma el concepto del <strong>An\u00e1lisis de Ciclo de Vida<\/strong> <strong>(ACV)<\/strong>.<\/p>\n\n\n\n<div class=\"wp-block-columns is-layout-flex wp-container-core-columns-is-layout-9d6595d7 wp-block-columns-is-layout-flex\">\n<div class=\"wp-block-column is-layout-flow wp-block-column-is-layout-flow\" style=\"flex-basis:66.66%\">\n<p>El An\u00e1lisis de Ciclo de Vida (ACV) es un m\u00e9todo anal\u00edtico y sistem\u00e1tico que, mediante el uso de indicadores espec\u00edficos, eval\u00faa la huella ambiental de un proceso (y\/o servicio) a lo largo de su ciclo de vida. Estos indicadores permiten evaluar el efecto medioambiental a 360\u00b0.<\/p>\n\n\n\n<p>Dichos indicadores se clasifican en 3 grupos principales:<\/p>\n\n\n\n<ul class=\"wp-block-list\">\n<li><strong>Atmosf\u00e9ricos<\/strong>, incluidas la contribuci\u00f3n a la creaci\u00f3n del agujero de ozono o las emisiones de CO<sub>2<\/sub>.<\/li>\n\n\n\n<li><strong>Terrestres<\/strong>, que determinan el impacto en el uso de materias primas f\u00f3siles y no f\u00f3siles.<\/li>\n\n\n\n<li><strong>Acu\u00e1ticos<\/strong>, relacionados con el consumo o la contaminaci\u00f3n de los medios acu\u00e1ticos.<\/li>\n<\/ul>\n<\/div>\n\n\n\n<div class=\"wp-block-column is-layout-flow wp-block-column-is-layout-flow\" style=\"flex-basis:33.33%\">\n<figure class=\"wp-block-image size-full without-mask\"><img loading=\"lazy\" decoding=\"async\" width=\"250\" height=\"228\" src=\"https:\/\/insulation.trocellen.com\/wp-content\/uploads\/sites\/6\/2023\/10\/life-cycle-assessment.jpg\" alt=\"\" class=\"wp-image-9917\"\/><\/figure>\n<\/div>\n<\/div>\n\n\n\n<p>Las fases evaluadas en el estudio del ACV se detallan a continuaci\u00f3n:<\/p>\n\n\n\n<figure class=\"wp-block-image size-full without-mask\"><img loading=\"lazy\" decoding=\"async\" width=\"770\" height=\"186\" src=\"https:\/\/insulation.trocellen.com\/wp-content\/uploads\/sites\/6\/2023\/10\/lca-study.jpg\" alt=\"\" class=\"wp-image-9909\" srcset=\"https:\/\/insulation.trocellen.com\/wp-content\/uploads\/sites\/6\/2023\/10\/lca-study.jpg 770w, https:\/\/insulation.trocellen.com\/wp-content\/uploads\/sites\/6\/2023\/10\/lca-study-300x72.jpg 300w, https:\/\/insulation.trocellen.com\/wp-content\/uploads\/sites\/6\/2023\/10\/lca-study-768x186.jpg 768w, https:\/\/insulation.trocellen.com\/wp-content\/uploads\/sites\/6\/2023\/10\/lca-study-570x138.jpg 570w, https:\/\/insulation.trocellen.com\/wp-content\/uploads\/sites\/6\/2023\/10\/lca-study-270x65.jpg 270w\" sizes=\"auto, (max-width: 770px) 100vw, 770px\" \/><\/figure>\n\n\n\n<p>Algunas (o todas) de estas fases se eval\u00faan de acuerdo con las <strong>Reglas de Categor\u00eda<\/strong> <strong>de Producto (PCR<\/strong>, por sus siglas en ingl\u00e9s) a las que pertenece el objeto del ACV. En el caso de los productos Trocellen, se estudiaron las fases <em>A1-A2-A3-C2-C4<\/em>.<\/p>\n","protected":false},"excerpt":{"rendered":"<p>La DAP (Declaraci\u00f3n Ambiental de Producto) es una declaraci\u00f3n voluntaria que, basada en el An\u00e1lisis de Ciclo de Vida (ACV) y certificada por un tercero, describe el impacto ambiental de un producto o proceso. El estudio de ACV es la base de muchas declaraciones medioambientales y de sostenibilidad utilizadas en el sector de la construcci\u00f3n. [&hellip;]<\/p>\n","protected":false},"author":1,"featured_media":0,"parent":5720,"menu_order":150,"comment_status":"closed","ping_status":"closed","template":"","meta":{"_acf_changed":false,"footnotes":""},"class_list":["post-9973","page","type-page","status-publish","hentry"],"acf":[],"yoast_head":"<!-- This site is optimized with the Yoast SEO plugin v23.5 - https:\/\/yoast.com\/wordpress\/plugins\/seo\/ -->\n<title>Certificaci\u00f3n ACV\/DAP de Trocellen - Trocellen Insulation<\/title>\n<meta name=\"robots\" content=\"index, follow, max-snippet:-1, max-image-preview:large, max-video-preview:-1\" \/>\n<link rel=\"canonical\" href=\"https:\/\/insulation.trocellen.com\/es\/sostenibilidad\/trocellens-lca-epd-certification\/\" \/>\n<meta property=\"og:locale\" content=\"es_ES\" \/>\n<meta property=\"og:type\" content=\"article\" \/>\n<meta property=\"og:title\" content=\"Certificaci\u00f3n ACV\/DAP de Trocellen - Trocellen Insulation\" \/>\n<meta property=\"og:description\" content=\"La DAP (Declaraci\u00f3n Ambiental de Producto) es una declaraci\u00f3n voluntaria que, basada en el An\u00e1lisis de Ciclo de Vida (ACV) y certificada por un tercero, describe el impacto ambiental de un producto o proceso. El estudio de ACV es la base de muchas declaraciones medioambientales y de sostenibilidad utilizadas en el sector de la construcci\u00f3n. [&hellip;]\" \/>\n<meta property=\"og:url\" content=\"https:\/\/insulation.trocellen.com\/es\/sostenibilidad\/trocellens-lca-epd-certification\/\" \/>\n<meta property=\"og:site_name\" content=\"Trocellen Insulation\" \/>\n<meta property=\"article:modified_time\" content=\"2024-05-10T06:57:45+00:00\" \/>\n<meta property=\"og:image\" content=\"https:\/\/insulation.trocellen.com\/wp-content\/uploads\/sites\/6\/2023\/10\/EPD-logo.png\" \/>\n<meta name=\"twitter:card\" content=\"summary_large_image\" \/>\n<meta name=\"twitter:label1\" content=\"Tiempo de lectura\" \/>\n\t<meta name=\"twitter:data1\" content=\"3 minutos\" \/>\n<script type=\"application\/ld+json\" class=\"yoast-schema-graph\">{\"@context\":\"https:\/\/schema.org\",\"@graph\":[{\"@type\":\"WebPage\",\"@id\":\"https:\/\/insulation.trocellen.com\/es\/sostenibilidad\/trocellens-lca-epd-certification\/\",\"url\":\"https:\/\/insulation.trocellen.com\/es\/sostenibilidad\/trocellens-lca-epd-certification\/\",\"name\":\"Certificaci\u00f3n ACV\/DAP de Trocellen - Trocellen Insulation\",\"isPartOf\":{\"@id\":\"https:\/\/insulation.trocellen.com\/es\/#website\"},\"primaryImageOfPage\":{\"@id\":\"https:\/\/insulation.trocellen.com\/es\/sostenibilidad\/trocellens-lca-epd-certification\/#primaryimage\"},\"image\":{\"@id\":\"https:\/\/insulation.trocellen.com\/es\/sostenibilidad\/trocellens-lca-epd-certification\/#primaryimage\"},\"thumbnailUrl\":\"https:\/\/insulation.trocellen.com\/wp-content\/uploads\/sites\/6\/2023\/10\/EPD-logo.png\",\"datePublished\":\"2023-10-11T13:08:12+00:00\",\"dateModified\":\"2024-05-10T06:57:45+00:00\",\"breadcrumb\":{\"@id\":\"https:\/\/insulation.trocellen.com\/es\/sostenibilidad\/trocellens-lca-epd-certification\/#breadcrumb\"},\"inLanguage\":\"es\",\"potentialAction\":[{\"@type\":\"ReadAction\",\"target\":[\"https:\/\/insulation.trocellen.com\/es\/sostenibilidad\/trocellens-lca-epd-certification\/\"]}]},{\"@type\":\"ImageObject\",\"inLanguage\":\"es\",\"@id\":\"https:\/\/insulation.trocellen.com\/es\/sostenibilidad\/trocellens-lca-epd-certification\/#primaryimage\",\"url\":\"https:\/\/insulation.trocellen.com\/wp-content\/uploads\/sites\/6\/2023\/10\/EPD-logo.png\",\"contentUrl\":\"https:\/\/insulation.trocellen.com\/wp-content\/uploads\/sites\/6\/2023\/10\/EPD-logo.png\"},{\"@type\":\"BreadcrumbList\",\"@id\":\"https:\/\/insulation.trocellen.com\/es\/sostenibilidad\/trocellens-lca-epd-certification\/#breadcrumb\",\"itemListElement\":[{\"@type\":\"ListItem\",\"position\":1,\"name\":\"Home\",\"item\":\"https:\/\/insulation.trocellen.com\/es\/\"},{\"@type\":\"ListItem\",\"position\":2,\"name\":\"Sostenibilidad\",\"item\":\"https:\/\/insulation.trocellen.com\/es\/sostenibilidad\/\"},{\"@type\":\"ListItem\",\"position\":3,\"name\":\"Certificaci\u00f3n ACV\/DAP de Trocellen\"}]},{\"@type\":\"WebSite\",\"@id\":\"https:\/\/insulation.trocellen.com\/es\/#website\",\"url\":\"https:\/\/insulation.trocellen.com\/es\/\",\"name\":\"Trocellen Insulation\",\"description\":\"\",\"potentialAction\":[{\"@type\":\"SearchAction\",\"target\":{\"@type\":\"EntryPoint\",\"urlTemplate\":\"https:\/\/insulation.trocellen.com\/es\/?s={search_term_string}\"},\"query-input\":{\"@type\":\"PropertyValueSpecification\",\"valueRequired\":true,\"valueName\":\"search_term_string\"}}],\"inLanguage\":\"es\"}]}<\/script>\n<!-- \/ Yoast SEO plugin. -->","yoast_head_json":{"title":"Certificaci\u00f3n ACV\/DAP de Trocellen - Trocellen Insulation","robots":{"index":"index","follow":"follow","max-snippet":"max-snippet:-1","max-image-preview":"max-image-preview:large","max-video-preview":"max-video-preview:-1"},"canonical":"https:\/\/insulation.trocellen.com\/es\/sostenibilidad\/trocellens-lca-epd-certification\/","og_locale":"es_ES","og_type":"article","og_title":"Certificaci\u00f3n ACV\/DAP de Trocellen - Trocellen Insulation","og_description":"La DAP (Declaraci\u00f3n Ambiental de Producto) es una declaraci\u00f3n voluntaria que, basada en el An\u00e1lisis de Ciclo de Vida (ACV) y certificada por un tercero, describe el impacto ambiental de un producto o proceso. El estudio de ACV es la base de muchas declaraciones medioambientales y de sostenibilidad utilizadas en el sector de la construcci\u00f3n. [&hellip;]","og_url":"https:\/\/insulation.trocellen.com\/es\/sostenibilidad\/trocellens-lca-epd-certification\/","og_site_name":"Trocellen Insulation","article_modified_time":"2024-05-10T06:57:45+00:00","og_image":[{"url":"https:\/\/insulation.trocellen.com\/wp-content\/uploads\/sites\/6\/2023\/10\/EPD-logo.png"}],"twitter_card":"summary_large_image","twitter_misc":{"Tiempo de lectura":"3 minutos"},"schema":{"@context":"https:\/\/schema.org","@graph":[{"@type":"WebPage","@id":"https:\/\/insulation.trocellen.com\/es\/sostenibilidad\/trocellens-lca-epd-certification\/","url":"https:\/\/insulation.trocellen.com\/es\/sostenibilidad\/trocellens-lca-epd-certification\/","name":"Certificaci\u00f3n ACV\/DAP de Trocellen - Trocellen Insulation","isPartOf":{"@id":"https:\/\/insulation.trocellen.com\/es\/#website"},"primaryImageOfPage":{"@id":"https:\/\/insulation.trocellen.com\/es\/sostenibilidad\/trocellens-lca-epd-certification\/#primaryimage"},"image":{"@id":"https:\/\/insulation.trocellen.com\/es\/sostenibilidad\/trocellens-lca-epd-certification\/#primaryimage"},"thumbnailUrl":"https:\/\/insulation.trocellen.com\/wp-content\/uploads\/sites\/6\/2023\/10\/EPD-logo.png","datePublished":"2023-10-11T13:08:12+00:00","dateModified":"2024-05-10T06:57:45+00:00","breadcrumb":{"@id":"https:\/\/insulation.trocellen.com\/es\/sostenibilidad\/trocellens-lca-epd-certification\/#breadcrumb"},"inLanguage":"es","potentialAction":[{"@type":"ReadAction","target":["https:\/\/insulation.trocellen.com\/es\/sostenibilidad\/trocellens-lca-epd-certification\/"]}]},{"@type":"ImageObject","inLanguage":"es","@id":"https:\/\/insulation.trocellen.com\/es\/sostenibilidad\/trocellens-lca-epd-certification\/#primaryimage","url":"https:\/\/insulation.trocellen.com\/wp-content\/uploads\/sites\/6\/2023\/10\/EPD-logo.png","contentUrl":"https:\/\/insulation.trocellen.com\/wp-content\/uploads\/sites\/6\/2023\/10\/EPD-logo.png"},{"@type":"BreadcrumbList","@id":"https:\/\/insulation.trocellen.com\/es\/sostenibilidad\/trocellens-lca-epd-certification\/#breadcrumb","itemListElement":[{"@type":"ListItem","position":1,"name":"Home","item":"https:\/\/insulation.trocellen.com\/es\/"},{"@type":"ListItem","position":2,"name":"Sostenibilidad","item":"https:\/\/insulation.trocellen.com\/es\/sostenibilidad\/"},{"@type":"ListItem","position":3,"name":"Certificaci\u00f3n ACV\/DAP de Trocellen"}]},{"@type":"WebSite","@id":"https:\/\/insulation.trocellen.com\/es\/#website","url":"https:\/\/insulation.trocellen.com\/es\/","name":"Trocellen Insulation","description":"","potentialAction":[{"@type":"SearchAction","target":{"@type":"EntryPoint","urlTemplate":"https:\/\/insulation.trocellen.com\/es\/?s={search_term_string}"},"query-input":{"@type":"PropertyValueSpecification","valueRequired":true,"valueName":"search_term_string"}}],"inLanguage":"es"}]}},"_links":{"self":[{"href":"https:\/\/insulation.trocellen.com\/es\/wp-json\/wp\/v2\/pages\/9973","targetHints":{"allow":["GET"]}}],"collection":[{"href":"https:\/\/insulation.trocellen.com\/es\/wp-json\/wp\/v2\/pages"}],"about":[{"href":"https:\/\/insulation.trocellen.com\/es\/wp-json\/wp\/v2\/types\/page"}],"author":[{"embeddable":true,"href":"https:\/\/insulation.trocellen.com\/es\/wp-json\/wp\/v2\/users\/1"}],"replies":[{"embeddable":true,"href":"https:\/\/insulation.trocellen.com\/es\/wp-json\/wp\/v2\/comments?post=9973"}],"version-history":[{"count":3,"href":"https:\/\/insulation.trocellen.com\/es\/wp-json\/wp\/v2\/pages\/9973\/revisions"}],"predecessor-version":[{"id":10833,"href":"https:\/\/insulation.trocellen.com\/es\/wp-json\/wp\/v2\/pages\/9973\/revisions\/10833"}],"up":[{"embeddable":true,"href":"https:\/\/insulation.trocellen.com\/es\/wp-json\/wp\/v2\/pages\/5720"}],"wp:attachment":[{"href":"https:\/\/insulation.trocellen.com\/es\/wp-json\/wp\/v2\/media?parent=9973"}],"curies":[{"name":"wp","href":"https:\/\/api.w.org\/{rel}","templated":true}]}}