{"id":5720,"date":"2023-01-30T14:57:00","date_gmt":"2023-01-30T14:57:00","guid":{"rendered":"https:\/\/insulation-new.trocellen.com\/sustainability\/"},"modified":"2023-11-20T12:56:10","modified_gmt":"2023-11-20T12:56:10","slug":"sostenibilidad","status":"publish","type":"page","link":"https:\/\/insulation.trocellen.com\/es\/sostenibilidad\/","title":{"rendered":"Sostenibilidad"},"content":{"rendered":"\n<h2 class=\"wp-block-heading\">\u00bfQu\u00e9 significa la sostenibilidad para la Unidad de Negocio de Aislamiento Trocellen?<\/h2>\n\n\n\n<p>Trocellen se mantiene alineado con las tendencias <strong>industriales<\/strong> y gubernamentales mediante la optimizaci\u00f3n del comportamiento medioambiental y la huella de carbono, teniendo en cuenta el ciclo de vida completo y los retos espec\u00edficos de los productos pl\u00e1sticos. No s\u00f3lo trabajamos para la mejora continua del contenido de material reciclado y la reciclabilidad, sino que adem\u00e1s apostamos por ir m\u00e1s all\u00e1 y definir principios de ecodise\u00f1o adicionales, con el fin de desarrollar nuestros productos con la m\u00e1xima calidad medioambiental.<\/p>\n\n\n\n<p>Nuestra responsabilidad reside en adquirir un profundo conocimiento sobre la sostenibilidad de los productos: siendo plenamente conscientes de las repercusiones medioambientales, contamos con los medios necesarios para hallar las mejores opciones para reducir nuestra huella sin traspasar las cargas medioambientales entre las diferentes fases del ciclo de vida y tampoco entre los distintos compartimentos medioambientales.<\/p>\n\n\n\n<p>El ciclo de vida de un producto se optimiza \u00abdesde la cuna hasta la puerta\u00bb, empezando por el propio dise\u00f1o, pasando por la selecci\u00f3n de materias primas, hasta la fabricaci\u00f3n, el embalaje, <strong>y <\/strong>muchas vecesincluso el transporte.<\/p>\n\n\n\n<p>La Unidad de Negocio de Aislamiento Trocellen pone de manifiesto de m\u00faltiples maneras su compromiso con la sostenibilidad. Los sistemas, productos y materias primas est\u00e1n avalados por laconformidad con diferentes sistemas externos de ecoeficiencia, con el <strong>objetivo <\/strong>del ahorro energ\u00e9tico prolongado <strong>en<\/strong> el sector de la edificaci\u00f3n y la construcci\u00f3n.<\/p>\n\n\n\n<h2 class=\"wp-block-heading\">Los productos Trocellen:<\/h2>\n\n\n\n<ul class=\"wp-block-list\">\n<li>son de <strong>celda <\/strong>cerrada, por lo que ayudan a prevenir la condensaci\u00f3n<\/li>\n\n\n\n<li>contribuyen a reducir las emisiones de CO2 gracias a su vida \u00fatil prolongada y a que el aislamiento permite ahorrar energ\u00eda durante la fase de uso<\/li>\n\n\n\n<li>cuidan la salud de las personas al estar libres de fibras, ser inertes a hongos y bacterias, tener baja toxicidad de humos y no emitir COV<\/li>\n<\/ul>\n\n\n\n<h2 class=\"wp-block-heading\">Soluciones especiales para la sostenibilidad:<\/h2>\n\n\n\n<p><\/p>\n\n\n\n<div class=\"wp-block-columns is-layout-flex wp-container-core-columns-is-layout-9d6595d7 wp-block-columns-is-layout-flex\">\n<div class=\"wp-block-column is-layout-flow wp-block-column-is-layout-flow\">\n<p class=\"has-text-align-center\"><img loading=\"lazy\" decoding=\"async\" width=\"78\" height=\"86\" class=\"wp-image-9110\" style=\"width: 78px;\" src=\"https:\/\/insulation.trocellen.com\/wp-content\/uploads\/sites\/6\/2023\/06\/treecell.jpg\" alt=\"\"><\/p>\n<\/div>\n\n\n\n<div class=\"wp-block-column is-layout-flow wp-block-column-is-layout-flow\">\n<p><a href=\"https:\/\/trocellen.com\/es\/materiales-y-tecnologias\/las-soluciones-sostenibles-de-trocellen\/tr-eecell-espuma-reticulada-de-pe-de-base-biologica\/\" target=\"_blank\" rel=\"noreferrer noopener\">Espuma XL-PE TR-EECell de base biol\u00f3gica<\/a><\/p>\n<\/div>\n\n\n\n<div class=\"wp-block-column is-layout-flow wp-block-column-is-layout-flow\">\n<p>Espuma de base biol\u00f3gica y de polietileno reticulado, con certificaci\u00f3n DIN CERTCO<\/p>\n<\/div>\n<\/div>\n\n\n\n<div class=\"wp-block-columns is-layout-flex wp-container-core-columns-is-layout-9d6595d7 wp-block-columns-is-layout-flex\">\n<div class=\"wp-block-column is-layout-flow wp-block-column-is-layout-flow\">\n<p class=\"has-text-align-center\"><img loading=\"lazy\" decoding=\"async\" width=\"136\" height=\"80\" class=\"wp-image-9116\" style=\"width: 136px;\" src=\"https:\/\/insulation.trocellen.com\/wp-content\/uploads\/sites\/6\/2023\/06\/trochips.jpg\" alt=\"\"><\/p>\n<\/div>\n\n\n\n<div class=\"wp-block-column is-layout-flow wp-block-column-is-layout-flow\">\n<p><a href=\"https:\/\/trocellen.com\/es\/materiales-y-tecnologias\/las-soluciones-sostenibles-de-trocellen\/tro-chips\/\" target=\"_blank\" rel=\"noreferrer noopener\">ESPUMA REUTILIZADA: TRO-CHIPS<\/a><\/p>\n<\/div>\n\n\n\n<div class=\"wp-block-column is-layout-flow wp-block-column-is-layout-flow\">\n<p>Combinaciones de espuma PE cortada multifuncional de Trocellen son una mezcla de piezas de espuma limpias y de alta calidad preparadas para diversas aplicaciones.<\/p>\n<\/div>\n<\/div>\n\n\n\n<div class=\"wp-block-columns is-layout-flex wp-container-core-columns-is-layout-9d6595d7 wp-block-columns-is-layout-flex\">\n<div class=\"wp-block-column is-layout-flow wp-block-column-is-layout-flow\">\n<p class=\"has-text-align-center\"><img loading=\"lazy\" decoding=\"async\" width=\"143\" height=\"84\" class=\"wp-image-9104\" style=\"width: 143px;\" src=\"https:\/\/insulation.trocellen.com\/wp-content\/uploads\/sites\/6\/2023\/06\/recycled.jpg\" alt=\"\"><\/p>\n<\/div>\n\n\n\n<div class=\"wp-block-column is-layout-flow wp-block-column-is-layout-flow\">\n<p>Polietileno reciclado<\/p>\n<\/div>\n\n\n\n<div class=\"wp-block-column is-layout-flow wp-block-column-is-layout-flow\">\n<p>Contenido de PE reciclado de fuentes autorizadas<\/p>\n<\/div>\n<\/div>\n\n\n\n<div class=\"wp-block-columns is-layout-flex wp-container-core-columns-is-layout-9d6595d7 wp-block-columns-is-layout-flex\">\n<div class=\"wp-block-column is-layout-flow wp-block-column-is-layout-flow\">\n<p class=\"has-text-align-center\"><img loading=\"lazy\" decoding=\"async\" width=\"141\" height=\"82\" class=\"wp-image-9098\" style=\"width: 141px;\" src=\"https:\/\/insulation.trocellen.com\/wp-content\/uploads\/sites\/6\/2023\/06\/mass-balance.jpg\" alt=\"\"><\/p>\n<\/div>\n\n\n\n<div class=\"wp-block-column is-layout-flow wp-block-column-is-layout-flow\">\n<p>% de base biol\u00f3gica mediante un sistema de balance de masa<\/p>\n<\/div>\n\n\n\n<div class=\"wp-block-column is-layout-flow wp-block-column-is-layout-flow\">\n<p>Contenido de PE de base biol\u00f3gica certificado por declaraciones ISCC de balance de masa.<\/p>\n<\/div>\n<\/div>\n\n\n\n<h2 class=\"wp-block-heading\">Conformidad de Trocellen con los sistemas ecol\u00f3gicos<\/h2>\n\n\n\n<div style=\"height:50px\" aria-hidden=\"true\" class=\"wp-block-spacer\"><\/div>\n\n\n\n<div class=\"wp-block-columns is-layout-flex wp-container-core-columns-is-layout-9d6595d7 wp-block-columns-is-layout-flex\">\n<div class=\"wp-block-column is-layout-flow wp-block-column-is-layout-flow\">\n<p class=\"has-text-align-center\"><img loading=\"lazy\" decoding=\"async\" width=\"84\" height=\"84\" class=\"wp-image-9180\" style=\"width: 84px;\" src=\"https:\/\/insulation.trocellen.com\/wp-content\/uploads\/sites\/6\/2023\/06\/leed-and-well.jpg\" alt=\"\"><\/p>\n<\/div>\n\n\n\n<div class=\"wp-block-column is-layout-flow wp-block-column-is-layout-flow\">\n<p><a href=\"\/es\/sostenibilidad\/leed-well\/\">Certificaciones LEED &amp; WELL<\/a><\/p>\n<\/div>\n\n\n\n<div class=\"wp-block-column is-layout-flow wp-block-column-is-layout-flow\">\n<p>Los productos de Aislamiento Trocellen contribuyen a la certificaci\u00f3n LEED y WELL con cr\u00e9ditos\/puntos.<\/p>\n<\/div>\n<\/div>\n\n\n\n<div class=\"wp-block-columns is-layout-flex wp-container-core-columns-is-layout-9d6595d7 wp-block-columns-is-layout-flex\">\n<div class=\"wp-block-column is-layout-flow wp-block-column-is-layout-flow\">\n<p class=\"has-text-align-center\"><img loading=\"lazy\" decoding=\"async\" width=\"150\" height=\"37\" class=\"wp-image-9168\" style=\"width: 150px;\" src=\"https:\/\/insulation.trocellen.com\/wp-content\/uploads\/sites\/6\/2023\/06\/epd.jpg\" alt=\"\"><\/p>\n<\/div>\n\n\n\n<div class=\"wp-block-column is-layout-flow wp-block-column-is-layout-flow\">\n<p><strong>ECA <\/strong>(Evaluaci\u00f3n del Ciclo de Vida) \/ <strong>DAP <\/strong>(Declaraciones <strong>Ambientales<\/strong> de Productos)<\/p>\n<\/div>\n\n\n\n<div class=\"wp-block-column is-layout-flow wp-block-column-is-layout-flow\">\n<p>Los productos Trocellen de aislamiento t\u00e9rmico y ac\u00fastico cuentan con la certificaci\u00f3n EPD, basada en el estudio LCA conforme a la norma ISO:14025<\/p>\n<\/div>\n<\/div>\n\n\n\n<div class=\"wp-block-columns is-layout-flex wp-container-core-columns-is-layout-9d6595d7 wp-block-columns-is-layout-flex\">\n<div class=\"wp-block-column is-layout-flow wp-block-column-is-layout-flow\">\n<p class=\"has-text-align-center\"><img loading=\"lazy\" decoding=\"async\" width=\"131\" height=\"77\" class=\"wp-image-9156\" style=\"width: 131px;\" src=\"https:\/\/insulation.trocellen.com\/wp-content\/uploads\/sites\/6\/2023\/06\/cam.jpg\" alt=\"\"><\/p>\n<\/div>\n\n\n\n<div class=\"wp-block-column is-layout-flow wp-block-column-is-layout-flow\">\n<p><a href=\"\/es\/sostenibilidad\/cam\/\">CAM (Criterios Medioambientales M\u00ednimos)<\/a><\/p>\n<\/div>\n\n\n\n<div class=\"wp-block-column is-layout-flow wp-block-column-is-layout-flow\">\n<p>Los productos Trocellen de aislamiento t\u00e9rmico y ac\u00fastico respetan y cumplen la normativa italiana medioambiental \u00abCAM\u00bb referente a la construcci\u00f3n de edificios p\u00fablicos y privados.<\/p>\n<\/div>\n<\/div>\n\n\n\n<div class=\"wp-block-columns is-layout-flex wp-container-core-columns-is-layout-9d6595d7 wp-block-columns-is-layout-flex\">\n<div class=\"wp-block-column is-layout-flow wp-block-column-is-layout-flow\">\n<p class=\"has-text-align-center\"><img loading=\"lazy\" decoding=\"async\" width=\"99\" height=\"111\" class=\"wp-image-9162\" style=\"width: 99px;\" src=\"https:\/\/insulation.trocellen.com\/wp-content\/uploads\/sites\/6\/2023\/06\/din.jpg\" alt=\"\"><\/p>\n<\/div>\n\n\n\n<div class=\"wp-block-column is-layout-flow wp-block-column-is-layout-flow\">\n<p>DIN CERTCO<\/p>\n<\/div>\n\n\n\n<div class=\"wp-block-column is-layout-flow wp-block-column-is-layout-flow\">\n<p>PE con contenido de carbono no f\u00f3sil de los productos TR-EEcell.<\/p>\n<\/div>\n<\/div>\n\n\n\n<div class=\"wp-block-columns is-layout-flex wp-container-core-columns-is-layout-9d6595d7 wp-block-columns-is-layout-flex\">\n<div class=\"wp-block-column is-layout-flow wp-block-column-is-layout-flow\">\n<p class=\"has-text-align-center\"><img loading=\"lazy\" decoding=\"async\" width=\"107\" height=\"107\" class=\"wp-image-9174\" style=\"width: 107px;\" src=\"https:\/\/insulation.trocellen.com\/wp-content\/uploads\/sites\/6\/2023\/06\/iscc.jpg\" alt=\"\"><\/p>\n<\/div>\n\n\n\n<div class=\"wp-block-column is-layout-flow wp-block-column-is-layout-flow\">\n<p>ISCC (Certificaci\u00f3n Internacional de Sostenibilidad y Carbono)<\/p>\n<\/div>\n\n\n\n<div class=\"wp-block-column is-layout-flow wp-block-column-is-layout-flow\">\n<p>Certificaci\u00f3n del balance de masa del contenido PE de base biol\u00f3gica &#8211; Plantas de Trocellen Italia SPA Caponago.<\/p>\n<\/div>\n<\/div>\n\n\n\n<div class=\"wp-block-buttons is-content-justification-center is-layout-flex wp-container-core-buttons-is-layout-16018d1d wp-block-buttons-is-layout-flex\">\n<div class=\"wp-block-button large\"><a class=\"wp-block-button__link wp-element-button\" href=\"\/es\/formulario-de-contacto\/\">Cont\u00e1ctenos para obtener m\u00e1s informaci\u00f3n<\/a><\/div>\n<\/div>\n\n\n\n<h2 class=\"wp-block-heading\">Trocellen &#8211; Un gran Grupo con una estrategia s\u00f3lida<\/h2>\n\n\n\n<p>La responsabilidad social corporativa, la descarbonizaci\u00f3n y el desarrollo de productos respetuosos con el medio ambiente son elementos clave de la estrategia del Grupo Trocellen. Trocellen es una gran empresa especializada en la producci\u00f3n de espumas polim\u00e9ricas destinadas a diversos sectores, tales como el aislamiento, la automoci\u00f3n, el embalaje, el deporte, el calzado, <strong>las bases el\u00e1sticas <\/strong>para c\u00e9sped artificial, etc. Por tanto, el desarrollo y el ecodise\u00f1o de la Unidad de Negocio de Aislamiento se llevan a cabo en el marco de un intercambio continuo con otros expertos y unidades de negocio del Grupo. Este entorno corporativo internacional, competente y creativo garantiza una base s\u00f3lida y comprometida, puesto que todo el Grupo est\u00e1 altamente comprometido con el aporte de soluciones sostenibles. Trocellen se ha marcado, entre otros, los siguientes objetivos:<\/p>\n\n\n\n<ul class=\"wp-block-list\">\n<li>Electricidad 100% renovable para 2025<\/li>\n\n\n\n<li>100% de los nuevos productos resultantes de un desarrollo basado en el ecodise\u00f1o para 2030<\/li>\n\n\n\n<li>Cero residuos de producci\u00f3n para 2030<\/li>\n\n\n\n<li>Neutralidad de carbono en 2050<\/li>\n<\/ul>\n\n\n\n<p><a href=\"https:\/\/trocellen.com\/es\/sostenibilidad\/mensaje-del-ceo\/\" target=\"_blank\" rel=\"noreferrer noopener\">M\u00e1s informaci\u00f3n sobre la Estrategia Global de Sostenibilidad de Trocellen<\/a><\/p>\n","protected":false},"excerpt":{"rendered":"<p>\u00bfQu\u00e9 significa la sostenibilidad para la Unidad de Negocio de Aislamiento Trocellen? Trocellen se mantiene alineado con las tendencias industriales y gubernamentales mediante la optimizaci\u00f3n del comportamiento medioambiental y la huella de carbono, teniendo en cuenta el ciclo de vida completo y los retos espec\u00edficos de los productos pl\u00e1sticos. No s\u00f3lo trabajamos para la mejora [&hellip;]<\/p>\n","protected":false},"author":1,"featured_media":0,"parent":0,"menu_order":500,"comment_status":"closed","ping_status":"closed","template":"","meta":{"_acf_changed":false,"footnotes":""},"class_list":["post-5720","page","type-page","status-publish","hentry"],"acf":[],"yoast_head":"<!-- This site is optimized with the Yoast SEO plugin v23.5 - https:\/\/yoast.com\/wordpress\/plugins\/seo\/ -->\n<title>La dedicaci\u00f3n de Aislamiento Trocellen a la sostenibilidad.<\/title>\n<meta name=\"description\" content=\"Nuestros productos se ajustan a los sistemas de evaluaci\u00f3n verde, con el alcance del ahorro energ\u00e9tico duradero para edificios y construcci\u00f3n.\" \/>\n<meta name=\"robots\" content=\"index, follow, max-snippet:-1, max-image-preview:large, max-video-preview:-1\" \/>\n<link rel=\"canonical\" href=\"https:\/\/insulation.trocellen.com\/es\/sostenibilidad\/\" \/>\n<meta property=\"og:locale\" content=\"es_ES\" \/>\n<meta property=\"og:type\" content=\"article\" \/>\n<meta property=\"og:title\" content=\"La dedicaci\u00f3n de Aislamiento Trocellen a la sostenibilidad.\" \/>\n<meta property=\"og:description\" content=\"Nuestros productos se ajustan a los sistemas de evaluaci\u00f3n verde, con el alcance del ahorro energ\u00e9tico duradero para edificios y construcci\u00f3n.\" \/>\n<meta property=\"og:url\" content=\"https:\/\/insulation.trocellen.com\/es\/sostenibilidad\/\" \/>\n<meta property=\"og:site_name\" content=\"Trocellen Insulation\" \/>\n<meta property=\"article:modified_time\" content=\"2023-11-20T12:56:10+00:00\" \/>\n<meta property=\"og:image\" content=\"https:\/\/insulation.trocellen.com\/wp-content\/uploads\/sites\/6\/2023\/06\/treecell.jpg\" \/>\n<meta name=\"twitter:card\" content=\"summary_large_image\" \/>\n<meta name=\"twitter:label1\" content=\"Tiempo de lectura\" \/>\n\t<meta name=\"twitter:data1\" content=\"5 minutos\" \/>\n<script type=\"application\/ld+json\" class=\"yoast-schema-graph\">{\"@context\":\"https:\/\/schema.org\",\"@graph\":[{\"@type\":\"WebPage\",\"@id\":\"https:\/\/insulation.trocellen.com\/es\/sostenibilidad\/\",\"url\":\"https:\/\/insulation.trocellen.com\/es\/sostenibilidad\/\",\"name\":\"La dedicaci\u00f3n de Aislamiento Trocellen a la sostenibilidad.\",\"isPartOf\":{\"@id\":\"https:\/\/insulation.trocellen.com\/es\/#website\"},\"primaryImageOfPage\":{\"@id\":\"https:\/\/insulation.trocellen.com\/es\/sostenibilidad\/#primaryimage\"},\"image\":{\"@id\":\"https:\/\/insulation.trocellen.com\/es\/sostenibilidad\/#primaryimage\"},\"thumbnailUrl\":\"https:\/\/insulation.trocellen.com\/wp-content\/uploads\/sites\/6\/2023\/06\/treecell.jpg\",\"datePublished\":\"2023-01-30T14:57:00+00:00\",\"dateModified\":\"2023-11-20T12:56:10+00:00\",\"description\":\"Nuestros productos se ajustan a los sistemas de evaluaci\u00f3n verde, con el alcance del ahorro energ\u00e9tico duradero para edificios y construcci\u00f3n.\",\"breadcrumb\":{\"@id\":\"https:\/\/insulation.trocellen.com\/es\/sostenibilidad\/#breadcrumb\"},\"inLanguage\":\"es\",\"potentialAction\":[{\"@type\":\"ReadAction\",\"target\":[\"https:\/\/insulation.trocellen.com\/es\/sostenibilidad\/\"]}]},{\"@type\":\"ImageObject\",\"inLanguage\":\"es\",\"@id\":\"https:\/\/insulation.trocellen.com\/es\/sostenibilidad\/#primaryimage\",\"url\":\"https:\/\/insulation.trocellen.com\/wp-content\/uploads\/sites\/6\/2023\/06\/treecell.jpg\",\"contentUrl\":\"https:\/\/insulation.trocellen.com\/wp-content\/uploads\/sites\/6\/2023\/06\/treecell.jpg\"},{\"@type\":\"BreadcrumbList\",\"@id\":\"https:\/\/insulation.trocellen.com\/es\/sostenibilidad\/#breadcrumb\",\"itemListElement\":[{\"@type\":\"ListItem\",\"position\":1,\"name\":\"Home\",\"item\":\"https:\/\/insulation.trocellen.com\/es\/\"},{\"@type\":\"ListItem\",\"position\":2,\"name\":\"Sostenibilidad\"}]},{\"@type\":\"WebSite\",\"@id\":\"https:\/\/insulation.trocellen.com\/es\/#website\",\"url\":\"https:\/\/insulation.trocellen.com\/es\/\",\"name\":\"Trocellen Insulation\",\"description\":\"\",\"potentialAction\":[{\"@type\":\"SearchAction\",\"target\":{\"@type\":\"EntryPoint\",\"urlTemplate\":\"https:\/\/insulation.trocellen.com\/es\/?s={search_term_string}\"},\"query-input\":{\"@type\":\"PropertyValueSpecification\",\"valueRequired\":true,\"valueName\":\"search_term_string\"}}],\"inLanguage\":\"es\"}]}<\/script>\n<!-- \/ Yoast SEO plugin. -->","yoast_head_json":{"title":"La dedicaci\u00f3n de Aislamiento Trocellen a la sostenibilidad.","description":"Nuestros productos se ajustan a los sistemas de evaluaci\u00f3n verde, con el alcance del ahorro energ\u00e9tico duradero para edificios y construcci\u00f3n.","robots":{"index":"index","follow":"follow","max-snippet":"max-snippet:-1","max-image-preview":"max-image-preview:large","max-video-preview":"max-video-preview:-1"},"canonical":"https:\/\/insulation.trocellen.com\/es\/sostenibilidad\/","og_locale":"es_ES","og_type":"article","og_title":"La dedicaci\u00f3n de Aislamiento Trocellen a la sostenibilidad.","og_description":"Nuestros productos se ajustan a los sistemas de evaluaci\u00f3n verde, con el alcance del ahorro energ\u00e9tico duradero para edificios y construcci\u00f3n.","og_url":"https:\/\/insulation.trocellen.com\/es\/sostenibilidad\/","og_site_name":"Trocellen Insulation","article_modified_time":"2023-11-20T12:56:10+00:00","og_image":[{"url":"https:\/\/insulation.trocellen.com\/wp-content\/uploads\/sites\/6\/2023\/06\/treecell.jpg"}],"twitter_card":"summary_large_image","twitter_misc":{"Tiempo de lectura":"5 minutos"},"schema":{"@context":"https:\/\/schema.org","@graph":[{"@type":"WebPage","@id":"https:\/\/insulation.trocellen.com\/es\/sostenibilidad\/","url":"https:\/\/insulation.trocellen.com\/es\/sostenibilidad\/","name":"La dedicaci\u00f3n de Aislamiento Trocellen a la sostenibilidad.","isPartOf":{"@id":"https:\/\/insulation.trocellen.com\/es\/#website"},"primaryImageOfPage":{"@id":"https:\/\/insulation.trocellen.com\/es\/sostenibilidad\/#primaryimage"},"image":{"@id":"https:\/\/insulation.trocellen.com\/es\/sostenibilidad\/#primaryimage"},"thumbnailUrl":"https:\/\/insulation.trocellen.com\/wp-content\/uploads\/sites\/6\/2023\/06\/treecell.jpg","datePublished":"2023-01-30T14:57:00+00:00","dateModified":"2023-11-20T12:56:10+00:00","description":"Nuestros productos se ajustan a los sistemas de evaluaci\u00f3n verde, con el alcance del ahorro energ\u00e9tico duradero para edificios y construcci\u00f3n.","breadcrumb":{"@id":"https:\/\/insulation.trocellen.com\/es\/sostenibilidad\/#breadcrumb"},"inLanguage":"es","potentialAction":[{"@type":"ReadAction","target":["https:\/\/insulation.trocellen.com\/es\/sostenibilidad\/"]}]},{"@type":"ImageObject","inLanguage":"es","@id":"https:\/\/insulation.trocellen.com\/es\/sostenibilidad\/#primaryimage","url":"https:\/\/insulation.trocellen.com\/wp-content\/uploads\/sites\/6\/2023\/06\/treecell.jpg","contentUrl":"https:\/\/insulation.trocellen.com\/wp-content\/uploads\/sites\/6\/2023\/06\/treecell.jpg"},{"@type":"BreadcrumbList","@id":"https:\/\/insulation.trocellen.com\/es\/sostenibilidad\/#breadcrumb","itemListElement":[{"@type":"ListItem","position":1,"name":"Home","item":"https:\/\/insulation.trocellen.com\/es\/"},{"@type":"ListItem","position":2,"name":"Sostenibilidad"}]},{"@type":"WebSite","@id":"https:\/\/insulation.trocellen.com\/es\/#website","url":"https:\/\/insulation.trocellen.com\/es\/","name":"Trocellen Insulation","description":"","potentialAction":[{"@type":"SearchAction","target":{"@type":"EntryPoint","urlTemplate":"https:\/\/insulation.trocellen.com\/es\/?s={search_term_string}"},"query-input":{"@type":"PropertyValueSpecification","valueRequired":true,"valueName":"search_term_string"}}],"inLanguage":"es"}]}},"_links":{"self":[{"href":"https:\/\/insulation.trocellen.com\/es\/wp-json\/wp\/v2\/pages\/5720","targetHints":{"allow":["GET"]}}],"collection":[{"href":"https:\/\/insulation.trocellen.com\/es\/wp-json\/wp\/v2\/pages"}],"about":[{"href":"https:\/\/insulation.trocellen.com\/es\/wp-json\/wp\/v2\/types\/page"}],"author":[{"embeddable":true,"href":"https:\/\/insulation.trocellen.com\/es\/wp-json\/wp\/v2\/users\/1"}],"replies":[{"embeddable":true,"href":"https:\/\/insulation.trocellen.com\/es\/wp-json\/wp\/v2\/comments?post=5720"}],"version-history":[{"count":30,"href":"https:\/\/insulation.trocellen.com\/es\/wp-json\/wp\/v2\/pages\/5720\/revisions"}],"predecessor-version":[{"id":10187,"href":"https:\/\/insulation.trocellen.com\/es\/wp-json\/wp\/v2\/pages\/5720\/revisions\/10187"}],"wp:attachment":[{"href":"https:\/\/insulation.trocellen.com\/es\/wp-json\/wp\/v2\/media?parent=5720"}],"curies":[{"name":"wp","href":"https:\/\/api.w.org\/{rel}","templated":true}]}}