{"id":5196,"date":"2021-04-23T11:30:49","date_gmt":"2021-04-23T11:30:49","guid":{"rendered":"https:\/\/insulation-new.trocellen.com\/cam\/"},"modified":"2025-03-13T14:15:47","modified_gmt":"2025-03-13T14:15:47","slug":"cam","status":"publish","type":"page","link":"https:\/\/insulation.trocellen.com\/es\/sostenibilidad\/cam\/","title":{"rendered":"CAM"},"content":{"rendered":"\n<h1 class=\"wp-block-heading has-text-align-center has-text-color\" style=\"color:#4ea346\">CAM<\/h1>\n\n\n\n<h3 class=\"wp-block-heading has-text-align-center has-text-color\" style=\"color:#216c83\"><strong>Criterios Ambientales M\u00ednimos en Italia<\/strong><\/h3>\n\n\n\n<ul class=\"wp-block-list\">\n<li>Los <strong>CAM <\/strong>(Criterios Ambientales M\u00ednimos) para edificios consisten en un conjunto de criterios orientados a mejorar la sostenibilidad ambiental de conformidad con el Decreto Ministerial del Gobierno italiano de 11 de octubre de 2017.<\/li>\n\n\n\n<li>Los <strong>CAM <\/strong>forman parte del Plan Europeo de Contrataci\u00f3n P\u00fablica Verde (CPV), cuyo objetivo es reducir el consumo de las administraciones p\u00fablicas. Por tanto, se aplican principalmente a la contrataci\u00f3n p\u00fablica.<\/li>\n\n\n\n<li>Asimismo, los <strong>CAM<\/strong> tambi\u00e9n se aplican en el sector de la construcci\u00f3n privada en virtud del Decreto Ley 34\/2020 (conocido como \u00abDecreto Rilancio\u00bb), que prev\u00e9 el cr\u00e9dito fiscal llamado \u00abSuperbonus 110%\u00bb.<\/li>\n<\/ul>\n\n\n\n<p>Los productos de Trocellen conformes con los CAM pueden utilizarse e instalarse tanto en proyectos de construcci\u00f3n p\u00fablicos como privados, acogi\u00e9ndose al Superbonus 110%.<\/p>\n\n\n\n<div class=\"wp-block-buttons is-content-justification-center is-layout-flex wp-container-core-buttons-is-layout-16018d1d wp-block-buttons-is-layout-flex\">\n<div class=\"wp-block-button large scroll-item\"><a class=\"wp-block-button__link wp-element-button\" href=\"#news\">M\u00e1s informaci\u00f3n<\/a><\/div>\n<\/div>\n\n\n\n<div style=\"height:60px\" aria-hidden=\"true\" class=\"wp-block-spacer\"><\/div>\n\n\n\n<h2 class=\"wp-block-heading\">CRITERIOS MEDIOAMBIENTALES M\u00cdNIMOS PARA LA CONSTRUCCI\u00d3N: CAM<\/h2>\n\n\n\n<h3 class=\"wp-block-heading\"><strong>CAM&nbsp;\u2013 ORGANISMOS P\u00daBLICOS<\/strong><\/h3>\n\n\n\n<p>Los Criterios Ambientales M\u00ednimos para los Edificios (Decreto Ministerial del Gobierno Italiano de 11 de octubre de 2017) son parte integrante del Plan Europeo de Contrataci\u00f3n P\u00fablica Verde (CPV) dirigido a la mejora continua de la sostenibilidad ambiental y la reducci\u00f3n del consumo en las administraciones p\u00fablicas. La autoridad p\u00fablica adjudicadora debe incluir los CAM como criterios adicionales en las condiciones de licitaci\u00f3n con el fin de reducir los impactos ambientales de los edificios.<\/p>\n\n\n\n<p>Por tanto, el cumplimiento de estos criterios se comprueba en cada proyecto de obra p\u00fablica.<\/p>\n\n\n\n<h3 class=\"wp-block-heading\">CAM \u2013 SUPERBONUS 110%<\/h3>\n\n\n\n<p>Los criterios medioambientales m\u00ednimos tambi\u00e9n se han extendido al sector de la construcci\u00f3n privada en virtud del \u00abDecreto Rilancio 2020\u00bb. El Decreto Ley 34\/2020, (\u00abDecreto Rilancio\u00bb), posteriormente convertido en legislaci\u00f3n formal mediante la Ley 77\/2020, en su art\u00edculo 119 introdujo un requisito espec\u00edfico relativo al cumplimiento de los CAM en cuanto a materiales aislantes.<\/p>\n\n\n\n<p>Los criterios medioambientales m\u00ednimos se aplican a los materiales aislantes empleados para aislar t\u00e9rmicamente superficies opacas (parte de las denominadas \u00abmedidas primarias\u00bb). Los materiales de aislamiento no est\u00e1n obligados a cumplir los CAM en el caso de otras medidas cubiertas por el Superbonus 110%, tales como las medidas primarias para aumentar la eficiencia de las instalaciones y las medidas secundarias de mejora de la eficiencia energ\u00e9tica.<\/p>\n\n\n\n<h3 class=\"wp-block-heading\">CONFORMIDAD CAM DE LOS PRODUCTOS TROCELLEN<\/h3>\n\n\n\n<p>La conformidad con los CAM tiene diferentes criterios en funci\u00f3n de la clase de producto. Aislamientos Trocellen ofrece soluciones y productos tanto para el aislamiento t\u00e9rmico como para el ac\u00fastico. Existen criterios espec\u00edficos para este tipo de material (consulte el apartado 2.4.2.9), que se a\u00f1aden a los criterios generales, comunes para todos los materiales utilizados (por ejemplo, relativos a las \u00absustancias peligrosas\u00bb). El estudio realizado por Trocellen, que puede descargarse a continuaci\u00f3n, demuestra la conformidad de la gama de productos indicada.<\/p>\n\n\n\n<p>Debe tenerse en cuenta que esto se refiere al \u00abcumplimiento\u00bb de los criterios medioambientales m\u00ednimos, y no a un certificado o certificaci\u00f3n de los CAM. No existe un certificado expreso que acredite la conformidad de los productos con los CAM.<\/p>\n\n\n\n<p>En efecto, cada clase de producto debe cumplir unos criterios espec\u00edficos y es preciso llevar a cabo una evaluaci\u00f3n rigurosa de los mismos.<\/p>\n\n\n\n<p><strong>El documento CAM de Trocellen adopt\u00f3 este enfoque integrado, lo que implica que los productos CAM de Trocellen pueden utilizarse e instalarse en los proyectos de construcci\u00f3n p\u00fablicos y privados a los que se apliquen los criterios mencionados.<\/strong><strong><\/strong><\/p>\n\n\n\n<div class=\"wp-block-columns is-layout-flex wp-container-core-columns-is-layout-9d6595d7 wp-block-columns-is-layout-flex\">\n<div class=\"wp-block-column is-layout-flow wp-block-column-is-layout-flow\" style=\"flex-basis:66.66%\">\n<div class=\"wp-block-buttons is-content-justification-center is-layout-flex wp-container-core-buttons-is-layout-16018d1d wp-block-buttons-is-layout-flex\">\n<div class=\"wp-block-button full\"><a class=\"wp-block-button__link wp-element-button\" href=\"https:\/\/insulation.trocellen.com\/wp-content\/uploads\/sites\/6\/2025\/03\/Dichiarazione-CAM_TC-I_2023.pdf\" target=\"_blank\" rel=\"noreferrer noopener\">Descargar el documento Trocellen<\/a><\/div>\n<\/div>\n<\/div>\n\n\n\n<div class=\"wp-block-column is-layout-flow wp-block-column-is-layout-flow\" style=\"flex-basis:33.33%\">\n<div class=\"wp-block-buttons is-content-justification-center is-layout-flex wp-container-core-buttons-is-layout-16018d1d wp-block-buttons-is-layout-flex\">\n<div class=\"wp-block-button full scroll-item\"><a class=\"wp-block-button__link wp-element-button\" href=\"#contact-form-container\">Contacto<\/a><\/div>\n<\/div>\n<\/div>\n<\/div>\n","protected":false},"excerpt":{"rendered":"<p>CAM Criterios Ambientales M\u00ednimos en Italia Los productos de Trocellen conformes con los CAM pueden utilizarse e instalarse tanto en proyectos de construcci\u00f3n p\u00fablicos como privados, acogi\u00e9ndose al Superbonus 110%. CRITERIOS MEDIOAMBIENTALES M\u00cdNIMOS PARA LA CONSTRUCCI\u00d3N: CAM CAM&nbsp;\u2013 ORGANISMOS P\u00daBLICOS Los Criterios Ambientales M\u00ednimos para los Edificios (Decreto Ministerial del Gobierno Italiano de 11 de [&hellip;]<\/p>\n","protected":false},"author":1,"featured_media":8781,"parent":5720,"menu_order":200,"comment_status":"closed","ping_status":"closed","template":"templates\/cam.php","meta":{"_acf_changed":false,"footnotes":""},"class_list":["post-5196","page","type-page","status-publish","has-post-thumbnail","hentry"],"acf":[],"yoast_head":"<!-- This site is optimized with the Yoast SEO plugin v23.5 - https:\/\/yoast.com\/wordpress\/plugins\/seo\/ -->\n<title>El CAM para edificios es un conjunto de criterios en Italia<\/title>\n<meta name=\"description\" content=\"Los productos conforme a CAM de Trocellen pueden utilizarse en proyectos de construcci\u00f3n p\u00fablicos y privados que soliciten el Superbonus 110% en Italia.\" \/>\n<meta name=\"robots\" content=\"index, follow, max-snippet:-1, max-image-preview:large, max-video-preview:-1\" \/>\n<link rel=\"canonical\" href=\"https:\/\/insulation.trocellen.com\/es\/sostenibilidad\/cam\/\" \/>\n<meta property=\"og:locale\" content=\"es_ES\" \/>\n<meta property=\"og:type\" content=\"article\" \/>\n<meta property=\"og:title\" content=\"El CAM para edificios es un conjunto de criterios en Italia\" \/>\n<meta property=\"og:description\" content=\"Los productos conforme a CAM de Trocellen pueden utilizarse en proyectos de construcci\u00f3n p\u00fablicos y privados que soliciten el Superbonus 110% en Italia.\" \/>\n<meta property=\"og:url\" content=\"https:\/\/insulation.trocellen.com\/es\/sostenibilidad\/cam\/\" \/>\n<meta property=\"og:site_name\" content=\"Trocellen Insulation\" \/>\n<meta property=\"article:modified_time\" content=\"2025-03-13T14:15:47+00:00\" \/>\n<meta property=\"og:image\" content=\"https:\/\/insulation.trocellen.com\/wp-content\/uploads\/sites\/6\/2023\/05\/CAM-fejlec.jpg\" \/>\n\t<meta property=\"og:image:width\" content=\"1920\" \/>\n\t<meta property=\"og:image:height\" content=\"300\" \/>\n\t<meta property=\"og:image:type\" content=\"image\/jpeg\" \/>\n<meta name=\"twitter:card\" content=\"summary_large_image\" \/>\n<meta name=\"twitter:label1\" content=\"Tiempo de lectura\" \/>\n\t<meta name=\"twitter:data1\" content=\"3 minutos\" \/>\n<script type=\"application\/ld+json\" class=\"yoast-schema-graph\">{\"@context\":\"https:\/\/schema.org\",\"@graph\":[{\"@type\":\"WebPage\",\"@id\":\"https:\/\/insulation.trocellen.com\/es\/sostenibilidad\/cam\/\",\"url\":\"https:\/\/insulation.trocellen.com\/es\/sostenibilidad\/cam\/\",\"name\":\"El CAM para edificios es un conjunto de criterios en Italia\",\"isPartOf\":{\"@id\":\"https:\/\/insulation.trocellen.com\/es\/#website\"},\"primaryImageOfPage\":{\"@id\":\"https:\/\/insulation.trocellen.com\/es\/sostenibilidad\/cam\/#primaryimage\"},\"image\":{\"@id\":\"https:\/\/insulation.trocellen.com\/es\/sostenibilidad\/cam\/#primaryimage\"},\"thumbnailUrl\":\"https:\/\/insulation.trocellen.com\/wp-content\/uploads\/sites\/6\/2023\/05\/CAM-fejlec.jpg\",\"datePublished\":\"2021-04-23T11:30:49+00:00\",\"dateModified\":\"2025-03-13T14:15:47+00:00\",\"description\":\"Los productos conforme a CAM de Trocellen pueden utilizarse en proyectos de construcci\u00f3n p\u00fablicos y privados que soliciten el Superbonus 110% en Italia.\",\"breadcrumb\":{\"@id\":\"https:\/\/insulation.trocellen.com\/es\/sostenibilidad\/cam\/#breadcrumb\"},\"inLanguage\":\"es\",\"potentialAction\":[{\"@type\":\"ReadAction\",\"target\":[\"https:\/\/insulation.trocellen.com\/es\/sostenibilidad\/cam\/\"]}]},{\"@type\":\"ImageObject\",\"inLanguage\":\"es\",\"@id\":\"https:\/\/insulation.trocellen.com\/es\/sostenibilidad\/cam\/#primaryimage\",\"url\":\"https:\/\/insulation.trocellen.com\/wp-content\/uploads\/sites\/6\/2023\/05\/CAM-fejlec.jpg\",\"contentUrl\":\"https:\/\/insulation.trocellen.com\/wp-content\/uploads\/sites\/6\/2023\/05\/CAM-fejlec.jpg\",\"width\":1920,\"height\":300},{\"@type\":\"BreadcrumbList\",\"@id\":\"https:\/\/insulation.trocellen.com\/es\/sostenibilidad\/cam\/#breadcrumb\",\"itemListElement\":[{\"@type\":\"ListItem\",\"position\":1,\"name\":\"Home\",\"item\":\"https:\/\/insulation.trocellen.com\/es\/\"},{\"@type\":\"ListItem\",\"position\":2,\"name\":\"Sostenibilidad\",\"item\":\"https:\/\/insulation.trocellen.com\/es\/sostenibilidad\/\"},{\"@type\":\"ListItem\",\"position\":3,\"name\":\"CAM\"}]},{\"@type\":\"WebSite\",\"@id\":\"https:\/\/insulation.trocellen.com\/es\/#website\",\"url\":\"https:\/\/insulation.trocellen.com\/es\/\",\"name\":\"Trocellen Insulation\",\"description\":\"\",\"potentialAction\":[{\"@type\":\"SearchAction\",\"target\":{\"@type\":\"EntryPoint\",\"urlTemplate\":\"https:\/\/insulation.trocellen.com\/es\/?s={search_term_string}\"},\"query-input\":{\"@type\":\"PropertyValueSpecification\",\"valueRequired\":true,\"valueName\":\"search_term_string\"}}],\"inLanguage\":\"es\"}]}<\/script>\n<!-- \/ Yoast SEO plugin. -->","yoast_head_json":{"title":"El CAM para edificios es un conjunto de criterios en Italia","description":"Los productos conforme a CAM de Trocellen pueden utilizarse en proyectos de construcci\u00f3n p\u00fablicos y privados que soliciten el Superbonus 110% en Italia.","robots":{"index":"index","follow":"follow","max-snippet":"max-snippet:-1","max-image-preview":"max-image-preview:large","max-video-preview":"max-video-preview:-1"},"canonical":"https:\/\/insulation.trocellen.com\/es\/sostenibilidad\/cam\/","og_locale":"es_ES","og_type":"article","og_title":"El CAM para edificios es un conjunto de criterios en Italia","og_description":"Los productos conforme a CAM de Trocellen pueden utilizarse en proyectos de construcci\u00f3n p\u00fablicos y privados que soliciten el Superbonus 110% en Italia.","og_url":"https:\/\/insulation.trocellen.com\/es\/sostenibilidad\/cam\/","og_site_name":"Trocellen Insulation","article_modified_time":"2025-03-13T14:15:47+00:00","og_image":[{"width":1920,"height":300,"url":"https:\/\/insulation.trocellen.com\/wp-content\/uploads\/sites\/6\/2023\/05\/CAM-fejlec.jpg","type":"image\/jpeg"}],"twitter_card":"summary_large_image","twitter_misc":{"Tiempo de lectura":"3 minutos"},"schema":{"@context":"https:\/\/schema.org","@graph":[{"@type":"WebPage","@id":"https:\/\/insulation.trocellen.com\/es\/sostenibilidad\/cam\/","url":"https:\/\/insulation.trocellen.com\/es\/sostenibilidad\/cam\/","name":"El CAM para edificios es un conjunto de criterios en Italia","isPartOf":{"@id":"https:\/\/insulation.trocellen.com\/es\/#website"},"primaryImageOfPage":{"@id":"https:\/\/insulation.trocellen.com\/es\/sostenibilidad\/cam\/#primaryimage"},"image":{"@id":"https:\/\/insulation.trocellen.com\/es\/sostenibilidad\/cam\/#primaryimage"},"thumbnailUrl":"https:\/\/insulation.trocellen.com\/wp-content\/uploads\/sites\/6\/2023\/05\/CAM-fejlec.jpg","datePublished":"2021-04-23T11:30:49+00:00","dateModified":"2025-03-13T14:15:47+00:00","description":"Los productos conforme a CAM de Trocellen pueden utilizarse en proyectos de construcci\u00f3n p\u00fablicos y privados que soliciten el Superbonus 110% en Italia.","breadcrumb":{"@id":"https:\/\/insulation.trocellen.com\/es\/sostenibilidad\/cam\/#breadcrumb"},"inLanguage":"es","potentialAction":[{"@type":"ReadAction","target":["https:\/\/insulation.trocellen.com\/es\/sostenibilidad\/cam\/"]}]},{"@type":"ImageObject","inLanguage":"es","@id":"https:\/\/insulation.trocellen.com\/es\/sostenibilidad\/cam\/#primaryimage","url":"https:\/\/insulation.trocellen.com\/wp-content\/uploads\/sites\/6\/2023\/05\/CAM-fejlec.jpg","contentUrl":"https:\/\/insulation.trocellen.com\/wp-content\/uploads\/sites\/6\/2023\/05\/CAM-fejlec.jpg","width":1920,"height":300},{"@type":"BreadcrumbList","@id":"https:\/\/insulation.trocellen.com\/es\/sostenibilidad\/cam\/#breadcrumb","itemListElement":[{"@type":"ListItem","position":1,"name":"Home","item":"https:\/\/insulation.trocellen.com\/es\/"},{"@type":"ListItem","position":2,"name":"Sostenibilidad","item":"https:\/\/insulation.trocellen.com\/es\/sostenibilidad\/"},{"@type":"ListItem","position":3,"name":"CAM"}]},{"@type":"WebSite","@id":"https:\/\/insulation.trocellen.com\/es\/#website","url":"https:\/\/insulation.trocellen.com\/es\/","name":"Trocellen Insulation","description":"","potentialAction":[{"@type":"SearchAction","target":{"@type":"EntryPoint","urlTemplate":"https:\/\/insulation.trocellen.com\/es\/?s={search_term_string}"},"query-input":{"@type":"PropertyValueSpecification","valueRequired":true,"valueName":"search_term_string"}}],"inLanguage":"es"}]}},"_links":{"self":[{"href":"https:\/\/insulation.trocellen.com\/es\/wp-json\/wp\/v2\/pages\/5196","targetHints":{"allow":["GET"]}}],"collection":[{"href":"https:\/\/insulation.trocellen.com\/es\/wp-json\/wp\/v2\/pages"}],"about":[{"href":"https:\/\/insulation.trocellen.com\/es\/wp-json\/wp\/v2\/types\/page"}],"author":[{"embeddable":true,"href":"https:\/\/insulation.trocellen.com\/es\/wp-json\/wp\/v2\/users\/1"}],"replies":[{"embeddable":true,"href":"https:\/\/insulation.trocellen.com\/es\/wp-json\/wp\/v2\/comments?post=5196"}],"version-history":[{"count":6,"href":"https:\/\/insulation.trocellen.com\/es\/wp-json\/wp\/v2\/pages\/5196\/revisions"}],"predecessor-version":[{"id":11125,"href":"https:\/\/insulation.trocellen.com\/es\/wp-json\/wp\/v2\/pages\/5196\/revisions\/11125"}],"up":[{"embeddable":true,"href":"https:\/\/insulation.trocellen.com\/es\/wp-json\/wp\/v2\/pages\/5720"}],"wp:featuredmedia":[{"embeddable":true,"href":"https:\/\/insulation.trocellen.com\/es\/wp-json\/wp\/v2\/media\/8781"}],"wp:attachment":[{"href":"https:\/\/insulation.trocellen.com\/es\/wp-json\/wp\/v2\/media?parent=5196"}],"curies":[{"name":"wp","href":"https:\/\/api.w.org\/{rel}","templated":true}]}}