{"id":4944,"date":"2023-01-27T10:07:50","date_gmt":"2023-01-27T10:07:50","guid":{"rendered":"https:\/\/insulation-new.trocellen.com\/applications\/trocellen-class-train\/"},"modified":"2024-04-09T12:10:00","modified_gmt":"2024-04-09T12:10:00","slug":"ferrocarril","status":"publish","type":"page","link":"https:\/\/insulation.trocellen.com\/es\/applications\/ferrocarril\/","title":{"rendered":"Ferrocarril"},"content":{"rendered":"\n<p>TROCELLEN CLASS TRAIN es la l\u00ednea de productos certificados para la industria ferroviaria. Se fabrica con espuma de polietileno de c\u00e9lulas cerradas qu\u00edmicamente reticulado y tiene un lado laminado con una hoja de aluminio. El producto est\u00e1 disponible en rollos adhesivos con grosores de entre 3 y 40&nbsp;mm.<\/p>\n\n\n\n<p>TROCELLEN CLASS TRAIN cuenta con el certificado R1 HL3, de conformidad con la norma EN 45545-2 \u201cProtecci\u00f3n contra el fuego de veh\u00edculos ferroviarios. Parte 2: Requisitos para el comportamiento frente al fuego de los materiales y componentes\u201d. Las normas EN 45545 indican los requisitos de los materiales y componentes que se instalan en los veh\u00edculos ferroviarios con el objetivo de garantizar la protecci\u00f3n de los pasajeros y el personal en caso de incendio a bordo. Las normas antes mencionadas introducen el concepto de nivel de riesgo de un veh\u00edculo (HL1, HL2 y HL3, en orden de peligro creciente) como combinaci\u00f3n de dos elementos: la categor\u00eda operativa (CO) y la categor\u00eda de dise\u00f1o, que est\u00e1 relacionada con el tipo de material rodante<\/p>\n\n\n\n<h3 class=\"wp-block-heading\">NIVEL DE RIESGO<\/h3>\n\n\n<table class=\"green-table\" cellspacing=\"0\" cellpadding=\"0\" border=\"0\">\n<tbody>\n<tr>\n<th style=\"text-align: center\">&nbsp;<\/th>\n<th style=\"text-align: center\" colspan=\"4\"><strong> CATEGOR\u00cdAS DE DISE\u00d1O<\/strong><\/th>\n<\/tr>\n<tr>\n<th style=\"text-align: center\">CATEGOR\u00cdAS OPERATIVAS (CO)<\/th>\n<th style=\"text-align: center\" valign=\"top\"><strong>N<\/strong><br \/>Veh\u00edculos est\u00e1ndar<\/th>\n<th style=\"text-align: center\" valign=\"top\"><strong>A<\/strong><br \/>A veh\u00edculos que forman parte de un tren autom\u00e1tico sin personal con formaci\u00f3n en emergencias a bordo<\/th>\n<th style=\"text-align: center\" valign=\"top\"><strong>D<\/strong><br \/>Veh\u00edculo de dos pisos<\/th>\n<th style=\"text-align: center\" valign=\"top\"><strong>S<\/strong><br \/>Veh\u00edculos dormitorio y con literas<\/th>\n<\/tr>\n<tr>\n<td><strong>CO 1<\/strong> <br \/>Veh\u00edculos para circular en infraestructuras en las que los veh\u00edculos ferroviarios pueden detenerse con un retraso m\u00ednimo, y en las que siempre hay un \u00e1rea segura de acceso inmediato<\/td>\n<td style=\"text-align: center\">HL1<\/td>\n<td style=\"text-align: center\">HL1<\/td>\n<td style=\"text-align: center\">HL1<\/td>\n<td style=\"text-align: center\">HL2<\/td>\n<\/tr>\n<tr>\n<td><strong>CO 2<\/strong> <br \/>Veh\u00edculos para circular en secciones subterr\u00e1neas, t\u00faneles y\/o estructuras elevadas, con disponibilidad de evacuaci\u00f3n lateral y en los que hay estaciones que ofrecen un lugar seguro para los pasajeros en un breve intervalo de marcha<\/td>\n<td style=\"text-align: center\">HL2<\/td>\n<td style=\"text-align: center\">HL2<\/td>\n<td style=\"text-align: center\">HL2<\/td>\n<td style=\"text-align: center\">HL2<\/td>\n<\/tr>\n<tr>\n<td><strong>CO 3<\/strong> <br \/>Veh\u00edculos para circular en secciones subterr\u00e1neas, t\u00faneles y\/o estructuras elevadas, con disponibilidad de evacuaci\u00f3n lateral y en los que hay estaciones que ofrecen un lugar seguro para los pasajeros en un intervalo de marcha prolongado<\/td>\n<td style=\"text-align: center\">HL2<\/td>\n<td style=\"text-align: center\">HL2<\/td>\n<td style=\"text-align: center\">HL2<\/td>\n<td style=\"text-align: center\">HL3<\/td>\n<\/tr>\n<tr>\n<td><strong>CO 4<\/strong> <br \/>Veh\u00edculos para circular en secciones subterr\u00e1neas, t\u00faneles y\/o estructuras elevadas, sin disponibilidad de evacuaci\u00f3n lateral y en los que hay estaciones que ofrecen un lugar seguro para los pasajeros en un breve intervalo de marcha<\/td>\n<td style=\"text-align: center\">HL3<\/td>\n<td style=\"text-align: center\">HL3<\/td>\n<td style=\"text-align: center\">HL3<\/td>\n<td style=\"text-align: center\">HL3<\/td>\n<\/tr>\n<\/tbody>\n<\/table>\n\n\n<p>En funci\u00f3n del tipo de producto que vaya a instalarse y su posici\u00f3n en el ferrocarril, la norma EN 45545-2 indica 26 requisitos que deben cumplirse: R1 es el requisito espec\u00edfico para los materiales de aislamiento.<\/p>\n\n\n\n<p>Para cada requisito se determinan las pruebas que deben realizarse, los par\u00e1metros que deben evaluarse y los valores que deben cumplirse, en funci\u00f3n de los niveles de riesgo correspondientes (de HL1 a HL3).<\/p>\n\n\n\n<h3 class=\"wp-block-heading\">CONJUNTO DE REQUISITOS DE LOS MATERIALES PARA R1<\/h3>\n\n\n<table class=\"green-table\" cellspacing=\"0\" cellpadding=\"0\" border=\"0\">\n<tbody>\n<tr>\n<th style=\"text-align: center\"><strong>R1: <\/strong><\/th>\n<th style=\"text-align: center\">Referencia del m\u00e9todo de prueba<\/th>\n<th style=\"text-align: center\">Par\u00e1metro y unidad<\/th>\n<th style=\"text-align: center\">M\u00e1ximo o<br \/>m\u00ednimo<\/th>\n<th style=\"text-align: center\"><strong>HL1<\/strong><\/th>\n<th style=\"text-align: center\"><strong>HL2<\/strong><\/th>\n<th style=\"text-align: center\"><strong>HL3<\/strong><\/th>\n<\/tr>\n<tr>\n<td rowspan=\"5\"><strong>IN11<\/strong> \u2013 Superficies verticales interiores (paredes, divisiones, puertas, ventanas, materiales de aislamiento, superficies interiores de cocinas\u2026)<br \/><strong>IN1B<\/strong> \u2013 Superficies horizontales interiores orientadas hacia abajo (revestimientos de techos, materiales de aislamiento\u2026)<br \/><strong>IN1D<\/strong> -Superficies interiores dentro de cavidades (horizontales o verticales) <br \/><strong>IN1E<\/strong> \u2013 Superficies externas de alojamientos de equipos t\u00e9cnicos (dentro de la estructura de la caja)<br \/><strong>IN4<\/strong> \u2013&nbsp;Zonas de almacenamiento de equipaje<br \/><strong>IN5<\/strong> \u2013 Pupitre del conductor (revestimientos y superficies del pupitre del conductor)<br \/><strong>IN6A<\/strong> \u2013 Superficies interiores de los pasillos (lado interior de la membrana del pasillo, recubrimiento interior del pasillo)<br \/><strong>IN7 <\/strong>\u2013 Marcos de ventanas (selladores y juntas incluidos)<br \/><strong>IN8 <\/strong>-Cortinas y persianas en las zonas de pasajeros y de personal, compartimentos del personal<br \/><strong>IN9B<\/strong> \u2013&nbsp;Mesas, superficie de las mesas plegables orientada hacia abajo <br \/><strong>IN11<\/strong> \u2013 Papeleras y ceniceros <br \/><strong>IN12A<\/strong> \u2013&nbsp;Conductos de aire \u2013 Superficies interiores <br \/><strong>IN12B<\/strong> \u2013&nbsp;Conductos de aire \u2013 Superficies exteriores <br \/><strong>IN14 <\/strong>\u2013 Dispositivos de informaci\u00f3n para los pasajeros (pantallas de informaci\u00f3n en las zonas de pasajeros)<br \/><strong>F5 <\/strong>\u2013 Superficie inferior de literas y camas<\/td>\n<td style=\"text-align: center\">T02 <br \/>ISO 5658-2<\/td>\n<td style=\"text-align: center\">CFE <br \/>kW\/m\u00b2<\/td>\n<td style=\"text-align: center\">M\u00ednimo<\/td>\n<td style=\"text-align: center\">20*<\/td>\n<td style=\"text-align: center\">20*<\/td>\n<td style=\"text-align: center\">20*<\/td>\n<\/tr>\n<tr>\n<td style=\"text-align: center\">T03.01 <br \/>ISO 5660-1: 50 kW\/m\u00b2<\/td>\n<td style=\"text-align: center\">MARHE <br \/>kW\/m\u00b2<\/td>\n<td style=\"text-align: center\">M\u00e1ximo<\/td>\n<td style=\"text-align: center\">\u2013 *<\/td>\n<td style=\"text-align: center\">90<\/td>\n<td style=\"text-align: center\">60<\/td>\n<\/tr>\n<tr>\n<td style=\"text-align: center\">T10.01 <br \/>EN ISO 5659-2: <br \/>50 kW\/m\u00b2<\/td>\n<td style=\"text-align: center\">Ds(4) <br \/>adimensional<\/td>\n<td style=\"text-align: center\">M\u00e1ximo<\/td>\n<td style=\"text-align: center\">600<\/td>\n<td style=\"text-align: center\">300<\/td>\n<td style=\"text-align: center\">150<\/td>\n<\/tr>\n<tr>\n<td style=\"text-align: center\">T10.02 <br \/>EN ISO 5659-2: <br \/>50 kW\/m\u00b2<\/td>\n<td style=\"text-align: center\">VOF4 min<\/td>\n<td style=\"text-align: center\">M\u00e1ximo<\/td>\n<td style=\"text-align: center\">1.200<\/td>\n<td style=\"text-align: center\">600<\/td>\n<td style=\"text-align: center\">300<\/td>\n<\/tr>\n<tr>\n<td style=\"text-align: center\">T11.01 <br \/>EN ISO 5659-2: <br \/>50 kW\/m\u00b2<\/td>\n<td style=\"text-align: center\">CITG <br \/>adimensional<\/td>\n<td style=\"text-align: center\">M\u00e1ximo<\/td>\n<td style=\"text-align: center\">1,2<\/td>\n<td style=\"text-align: center\">0,9<\/td>\n<td style=\"text-align: center\">0,75<\/td>\n<\/tr>\n<\/tbody>\n<\/table>\n\n\n<h3 class=\"wp-block-heading\">CARACTER\u00cdSTICAS<\/h3>\n\n\n\n<p>TROCELLEN CLASS TRAIN constituye la soluci\u00f3n ideal para el aislamiento t\u00e9rmico de los veh\u00edculos ferroviarios.<\/p>\n\n\n\n<p>Caracter\u00edsticas y ventajas:<\/p>\n\n\n\n<ul class=\"wp-block-list\">\n<li>hecho de espuma aislante de polietileno de c\u00e9lulas cerradas de larga duraci\u00f3n;<\/li>\n\n\n\n<li>excelente reacci\u00f3n al fuego;<\/li>\n\n\n\n<li>clasificado R1 HL3 conforme a EN 45545-2, el nivel m\u00e1ximo<\/li>\n\n\n\n<li>adecuado para su instalaci\u00f3n en cualquier categor\u00eda de material rodante, incluso en veh\u00edculos dormitorio y de literas;<\/li>\n\n\n\n<li>buena conductividad t\u00e9rmica (\u03bb a 0&nbsp;\u00b0C: 0,038&nbsp;W\/mK);<\/li>\n\n\n\n<li>valor de aislamiento constante*;<\/li>\n\n\n\n<li>c\u00e9lulas cerradas para inhibir la absorci\u00f3n de agua;<\/li>\n\n\n\n<li>limpio, no t\u00f3xico, resistente a mohos y bacterias, inodoro;<\/li>\n\n\n\n<li>suficiente flexibilidad para adaptarse a los \u00e1ngulos peque\u00f1os y resistencia para soportar manipulaciones bruscas;<\/li>\n\n\n\n<li>econ\u00f3micamente conveniente.<\/li>\n<\/ul>\n\n\n\n<p>*Los productos <code>TROCELLEN<\/code> que se sometieron a las pruebas despu\u00e9s de 23 a\u00f1os de funcionamiento arrojaron el mismo valor de aislamiento. Informes de las pruebas disponibles previa solicitud.<\/p>\n\n\n<table class=\"green-table\" cellspacing=\"0\" cellpadding=\"0\" border=\"0\">\n<tbody>\n<tr>\n<th style=\"text-align: center\" colspan=\"4\">DATOS T\u00c9CNICOS<\/th>\n<\/tr>\n<tr>\n<th style=\"text-align: center\">Caracter\u00edsticas t\u00e9cnicas<\/th>\n<th style=\"text-align: center\"><strong>Norma<\/strong><\/th>\n<th style=\"text-align: center\"><strong>Unidad<\/strong><\/th>\n<th style=\"text-align: center\"><strong>Adhesivo de aluminio trocellen class train<\/strong><\/th>\n<\/tr>\n<tr>\n<td>Reacci\u00f3n al fuego<\/td>\n<td style=\"text-align: center\">EN 45545-2<\/td>\n<td style=\"text-align: center\">\u2013<\/td>\n<td style=\"text-align: center\">R1 HL3<\/td>\n<\/tr>\n<tr>\n<td>Coeficiente de conductividad t\u00e9rmica a 0&nbsp;\u00b0C (valor-l)<\/td>\n<td style=\"text-align: center\">EN 12667<\/td>\n<td style=\"text-align: center\">W\/mK <br \/>kcal\/mh\u00b0C<\/td>\n<td style=\"text-align: center\">0,038<br \/>0,032<\/td>\n<\/tr>\n<tr>\n<td>Coeficiente de conductividad t\u00e9rmica a 23&nbsp;\u00b0C (valor-l)<\/td>\n<td style=\"text-align: center\">EN 12667<\/td>\n<td style=\"text-align: center\">W\/mK <br \/>kcal\/mh\u00b0C<\/td>\n<td style=\"text-align: center\">0,040 <br \/>0,034<\/td>\n<\/tr>\n<tr>\n<td>Coeficiente de conductividad t\u00e9rmica a 40&nbsp;\u00b0C (valor-l)<\/td>\n<td style=\"text-align: center\">EN 12667<\/td>\n<td style=\"text-align: center\">W\/mK <br \/>kcal\/mh\u00b0C<\/td>\n<td style=\"text-align: center\">0,042 <br \/>0,036<\/td>\n<\/tr>\n<tr>\n<td>Factor de difusi\u00f3n del vapor de agua (valor \u03bc)<\/td>\n<td style=\"text-align: center\">EN 10456<\/td>\n<td style=\"text-align: center\">\u2013<\/td>\n<td style=\"text-align: center\">\u2265 15000<\/td>\n<\/tr>\n<tr>\n<td>Densidad (PE)<\/td>\n<td style=\"text-align: center\">EN ISO 845<\/td>\n<td style=\"text-align: center\">kg\/m\u00b3<\/td>\n<td style=\"text-align: center\">30<\/td>\n<\/tr>\n<tr>\n<td>Grosor<\/td>\n<td style=\"text-align: center\">EN ISO 1923<\/td>\n<td style=\"text-align: center\">mm<\/td>\n<td style=\"text-align: center\">de 3 a 40 (v\u00e9anse las especificaciones de base)<\/td>\n<\/tr>\n<tr>\n<td>Color<\/td>\n<td style=\"text-align: center\">Espec. BASE<\/td>\n<td style=\"text-align: center\">\u2013<\/td>\n<td style=\"text-align: center\">azul claro + papel de aluminio &nbsp;<\/td>\n<\/tr>\n<tr>\n<td>Tensi\u00f3n de compresi\u00f3n al 25&nbsp;%<\/td>\n<td style=\"text-align: center\">EN ISO 3386\/1<\/td>\n<td style=\"text-align: center\">kPa<\/td>\n<td style=\"text-align: center\">35<\/td>\n<\/tr>\n<tr>\n<td>Tensi\u00f3n de compresi\u00f3n al 50&nbsp;%<\/td>\n<td style=\"text-align: center\">EN ISO 3386\/1<\/td>\n<td style=\"text-align: center\">kPa<\/td>\n<td style=\"text-align: center\">95<\/td>\n<\/tr>\n<tr>\n<td>Absorci\u00f3n de agua despu\u00e9s de 28 d\u00edas<\/td>\n<td style=\"text-align: center\">ISO 2896<\/td>\n<td style=\"text-align: center\">Vol.%<\/td>\n<td style=\"text-align: center\">&lt;3<\/td>\n<\/tr>\n<tr>\n<td>Estabilidad dimensional (&lt;5&nbsp;%)<\/td>\n<td style=\"text-align: center\">ISO 2796<\/td>\n<td style=\"text-align: center\">\u00b0C<\/td>\n<td style=\"text-align: center\">100<\/td>\n<\/tr>\n<tr>\n<td>Intervalo m\u00e1ximo de temperatura operativa<\/td>\n<td style=\"text-align: center\">&nbsp;<\/td>\n<td style=\"text-align: center\">\u00b0C<\/td>\n<td style=\"text-align: center\">-80\u00f7 +100<\/td>\n<\/tr>\n<tr>\n<td>Intervalo m\u00e1ximo de temperatura operativa con tensi\u00f3n mec\u00e1nica<\/td>\n<td style=\"text-align: center\">&nbsp;<\/td>\n<td style=\"text-align: center\">\u00b0C<\/td>\n<td style=\"text-align: center\">-40\u00f7 +100<\/td>\n<\/tr>\n<\/tbody>\n<\/table>\n\n\n<h2 class=\"wp-block-heading\">ESPECIFICACI\u00d3N DEL ART\u00cdCULO<\/h2>\n\n\n\n<h3 class=\"wp-block-heading has-text-color\" style=\"color:#4ea346;font-size:26px\"><strong>ADHESIVO DE ALUMINIO TROCELLEN CLASS TRAIN<\/strong><\/h3>\n\n\n\n<p>Polietileno de c\u00e9lulas cerradas qu\u00edmicamente reticulado, densidad 30&nbsp;kg\/m<sup>3<\/sup>, azul claro, adhesivo por un lado y laminado por el otro con una hoja de aluminio liso.<\/p>\n\n\n\n<p>Puede usarse para el aislamiento t\u00e9rmico de veh\u00edculos ferroviarios, con una excelente clasificaci\u00f3n de la resistencia al fuego.<\/p>\n\n\n\n<ul class=\"wp-block-list\">\n<li>Reacci\u00f3n al fuego: clasificado R1 HL3 conforme a EN 45545-2<\/li>\n\n\n\n<li>Coeficiente de conductividad t\u00e9rmica a 0&nbsp;\u00b0C (valor \u03bb) = 0,038&nbsp;W\/mK<\/li>\n\n\n\n<li>Factor de difusi\u00f3n del vapor de agua (valor \u03bc) \u2265 15&nbsp;000<\/li>\n<\/ul>\n","protected":false},"excerpt":{"rendered":"<p>TROCELLEN CLASS TRAIN es la l\u00ednea de productos certificados para la industria ferroviaria. Se fabrica con espuma de polietileno de c\u00e9lulas cerradas qu\u00edmicamente reticulado y tiene un lado laminado con una hoja de aluminio. El producto est\u00e1 disponible en rollos adhesivos con grosores de entre 3 y 40&nbsp;mm. TROCELLEN CLASS TRAIN cuenta con el certificado [&hellip;]<\/p>\n","protected":false},"author":1,"featured_media":8878,"parent":4888,"menu_order":670,"comment_status":"closed","ping_status":"closed","template":"templates\/marine-train-application.php","meta":{"_acf_changed":false,"footnotes":""},"class_list":["post-4944","page","type-page","status-publish","has-post-thumbnail","hentry"],"acf":[],"yoast_head":"<!-- This site is optimized with the Yoast SEO plugin v23.5 - https:\/\/yoast.com\/wordpress\/plugins\/seo\/ -->\n<title>TROCELLEN CLASS TRAIN es certificado para ferrocarriles.<\/title>\n<meta name=\"description\" content=\"TROCELLEN CLASS TRAIN es un aislamiento t\u00e9rmico de veh\u00edculos ferroviarios, con una excelente resistencia al fuego. Con certificaci\u00f3n R1 HL3.\" \/>\n<meta name=\"robots\" content=\"index, follow, max-snippet:-1, max-image-preview:large, max-video-preview:-1\" \/>\n<link rel=\"canonical\" href=\"https:\/\/insulation.trocellen.com\/es\/applications\/ferrocarril\/\" \/>\n<meta property=\"og:locale\" content=\"es_ES\" \/>\n<meta property=\"og:type\" content=\"article\" \/>\n<meta property=\"og:title\" content=\"TROCELLEN CLASS TRAIN es certificado para ferrocarriles.\" \/>\n<meta property=\"og:description\" content=\"TROCELLEN CLASS TRAIN es un aislamiento t\u00e9rmico de veh\u00edculos ferroviarios, con una excelente resistencia al fuego. Con certificaci\u00f3n R1 HL3.\" \/>\n<meta property=\"og:url\" content=\"https:\/\/insulation.trocellen.com\/es\/applications\/ferrocarril\/\" \/>\n<meta property=\"og:site_name\" content=\"Trocellen Insulation\" \/>\n<meta property=\"article:modified_time\" content=\"2024-04-09T12:10:00+00:00\" \/>\n<meta property=\"og:image\" content=\"https:\/\/insulation.trocellen.com\/wp-content\/uploads\/sites\/6\/2023\/05\/train-fejlec.jpg\" \/>\n\t<meta property=\"og:image:width\" content=\"1920\" \/>\n\t<meta property=\"og:image:height\" content=\"300\" \/>\n\t<meta property=\"og:image:type\" content=\"image\/jpeg\" \/>\n<meta name=\"twitter:card\" content=\"summary_large_image\" \/>\n<meta name=\"twitter:label1\" content=\"Tiempo de lectura\" \/>\n\t<meta name=\"twitter:data1\" content=\"5 minutos\" \/>\n<script type=\"application\/ld+json\" class=\"yoast-schema-graph\">{\"@context\":\"https:\/\/schema.org\",\"@graph\":[{\"@type\":\"WebPage\",\"@id\":\"https:\/\/insulation.trocellen.com\/es\/applications\/ferrocarril\/\",\"url\":\"https:\/\/insulation.trocellen.com\/es\/applications\/ferrocarril\/\",\"name\":\"TROCELLEN CLASS TRAIN es certificado para ferrocarriles.\",\"isPartOf\":{\"@id\":\"https:\/\/insulation.trocellen.com\/es\/#website\"},\"primaryImageOfPage\":{\"@id\":\"https:\/\/insulation.trocellen.com\/es\/applications\/ferrocarril\/#primaryimage\"},\"image\":{\"@id\":\"https:\/\/insulation.trocellen.com\/es\/applications\/ferrocarril\/#primaryimage\"},\"thumbnailUrl\":\"https:\/\/insulation.trocellen.com\/wp-content\/uploads\/sites\/6\/2023\/05\/train-fejlec.jpg\",\"datePublished\":\"2023-01-27T10:07:50+00:00\",\"dateModified\":\"2024-04-09T12:10:00+00:00\",\"description\":\"TROCELLEN CLASS TRAIN es un aislamiento t\u00e9rmico de veh\u00edculos ferroviarios, con una excelente resistencia al fuego. Con certificaci\u00f3n R1 HL3.\",\"breadcrumb\":{\"@id\":\"https:\/\/insulation.trocellen.com\/es\/applications\/ferrocarril\/#breadcrumb\"},\"inLanguage\":\"es\",\"potentialAction\":[{\"@type\":\"ReadAction\",\"target\":[\"https:\/\/insulation.trocellen.com\/es\/applications\/ferrocarril\/\"]}]},{\"@type\":\"ImageObject\",\"inLanguage\":\"es\",\"@id\":\"https:\/\/insulation.trocellen.com\/es\/applications\/ferrocarril\/#primaryimage\",\"url\":\"https:\/\/insulation.trocellen.com\/wp-content\/uploads\/sites\/6\/2023\/05\/train-fejlec.jpg\",\"contentUrl\":\"https:\/\/insulation.trocellen.com\/wp-content\/uploads\/sites\/6\/2023\/05\/train-fejlec.jpg\",\"width\":1920,\"height\":300},{\"@type\":\"BreadcrumbList\",\"@id\":\"https:\/\/insulation.trocellen.com\/es\/applications\/ferrocarril\/#breadcrumb\",\"itemListElement\":[{\"@type\":\"ListItem\",\"position\":1,\"name\":\"Home\",\"item\":\"https:\/\/insulation.trocellen.com\/es\/\"},{\"@type\":\"ListItem\",\"position\":2,\"name\":\"Aplicaciones\",\"item\":\"https:\/\/insulation.trocellen.com\/es\/applications\/\"},{\"@type\":\"ListItem\",\"position\":3,\"name\":\"Ferrocarril\"}]},{\"@type\":\"WebSite\",\"@id\":\"https:\/\/insulation.trocellen.com\/es\/#website\",\"url\":\"https:\/\/insulation.trocellen.com\/es\/\",\"name\":\"Trocellen Insulation\",\"description\":\"\",\"potentialAction\":[{\"@type\":\"SearchAction\",\"target\":{\"@type\":\"EntryPoint\",\"urlTemplate\":\"https:\/\/insulation.trocellen.com\/es\/?s={search_term_string}\"},\"query-input\":{\"@type\":\"PropertyValueSpecification\",\"valueRequired\":true,\"valueName\":\"search_term_string\"}}],\"inLanguage\":\"es\"}]}<\/script>\n<!-- \/ Yoast SEO plugin. -->","yoast_head_json":{"title":"TROCELLEN CLASS TRAIN es certificado para ferrocarriles.","description":"TROCELLEN CLASS TRAIN es un aislamiento t\u00e9rmico de veh\u00edculos ferroviarios, con una excelente resistencia al fuego. Con certificaci\u00f3n R1 HL3.","robots":{"index":"index","follow":"follow","max-snippet":"max-snippet:-1","max-image-preview":"max-image-preview:large","max-video-preview":"max-video-preview:-1"},"canonical":"https:\/\/insulation.trocellen.com\/es\/applications\/ferrocarril\/","og_locale":"es_ES","og_type":"article","og_title":"TROCELLEN CLASS TRAIN es certificado para ferrocarriles.","og_description":"TROCELLEN CLASS TRAIN es un aislamiento t\u00e9rmico de veh\u00edculos ferroviarios, con una excelente resistencia al fuego. Con certificaci\u00f3n R1 HL3.","og_url":"https:\/\/insulation.trocellen.com\/es\/applications\/ferrocarril\/","og_site_name":"Trocellen Insulation","article_modified_time":"2024-04-09T12:10:00+00:00","og_image":[{"width":1920,"height":300,"url":"https:\/\/insulation.trocellen.com\/wp-content\/uploads\/sites\/6\/2023\/05\/train-fejlec.jpg","type":"image\/jpeg"}],"twitter_card":"summary_large_image","twitter_misc":{"Tiempo de lectura":"5 minutos"},"schema":{"@context":"https:\/\/schema.org","@graph":[{"@type":"WebPage","@id":"https:\/\/insulation.trocellen.com\/es\/applications\/ferrocarril\/","url":"https:\/\/insulation.trocellen.com\/es\/applications\/ferrocarril\/","name":"TROCELLEN CLASS TRAIN es certificado para ferrocarriles.","isPartOf":{"@id":"https:\/\/insulation.trocellen.com\/es\/#website"},"primaryImageOfPage":{"@id":"https:\/\/insulation.trocellen.com\/es\/applications\/ferrocarril\/#primaryimage"},"image":{"@id":"https:\/\/insulation.trocellen.com\/es\/applications\/ferrocarril\/#primaryimage"},"thumbnailUrl":"https:\/\/insulation.trocellen.com\/wp-content\/uploads\/sites\/6\/2023\/05\/train-fejlec.jpg","datePublished":"2023-01-27T10:07:50+00:00","dateModified":"2024-04-09T12:10:00+00:00","description":"TROCELLEN CLASS TRAIN es un aislamiento t\u00e9rmico de veh\u00edculos ferroviarios, con una excelente resistencia al fuego. Con certificaci\u00f3n R1 HL3.","breadcrumb":{"@id":"https:\/\/insulation.trocellen.com\/es\/applications\/ferrocarril\/#breadcrumb"},"inLanguage":"es","potentialAction":[{"@type":"ReadAction","target":["https:\/\/insulation.trocellen.com\/es\/applications\/ferrocarril\/"]}]},{"@type":"ImageObject","inLanguage":"es","@id":"https:\/\/insulation.trocellen.com\/es\/applications\/ferrocarril\/#primaryimage","url":"https:\/\/insulation.trocellen.com\/wp-content\/uploads\/sites\/6\/2023\/05\/train-fejlec.jpg","contentUrl":"https:\/\/insulation.trocellen.com\/wp-content\/uploads\/sites\/6\/2023\/05\/train-fejlec.jpg","width":1920,"height":300},{"@type":"BreadcrumbList","@id":"https:\/\/insulation.trocellen.com\/es\/applications\/ferrocarril\/#breadcrumb","itemListElement":[{"@type":"ListItem","position":1,"name":"Home","item":"https:\/\/insulation.trocellen.com\/es\/"},{"@type":"ListItem","position":2,"name":"Aplicaciones","item":"https:\/\/insulation.trocellen.com\/es\/applications\/"},{"@type":"ListItem","position":3,"name":"Ferrocarril"}]},{"@type":"WebSite","@id":"https:\/\/insulation.trocellen.com\/es\/#website","url":"https:\/\/insulation.trocellen.com\/es\/","name":"Trocellen Insulation","description":"","potentialAction":[{"@type":"SearchAction","target":{"@type":"EntryPoint","urlTemplate":"https:\/\/insulation.trocellen.com\/es\/?s={search_term_string}"},"query-input":{"@type":"PropertyValueSpecification","valueRequired":true,"valueName":"search_term_string"}}],"inLanguage":"es"}]}},"_links":{"self":[{"href":"https:\/\/insulation.trocellen.com\/es\/wp-json\/wp\/v2\/pages\/4944","targetHints":{"allow":["GET"]}}],"collection":[{"href":"https:\/\/insulation.trocellen.com\/es\/wp-json\/wp\/v2\/pages"}],"about":[{"href":"https:\/\/insulation.trocellen.com\/es\/wp-json\/wp\/v2\/types\/page"}],"author":[{"embeddable":true,"href":"https:\/\/insulation.trocellen.com\/es\/wp-json\/wp\/v2\/users\/1"}],"replies":[{"embeddable":true,"href":"https:\/\/insulation.trocellen.com\/es\/wp-json\/wp\/v2\/comments?post=4944"}],"version-history":[{"count":6,"href":"https:\/\/insulation.trocellen.com\/es\/wp-json\/wp\/v2\/pages\/4944\/revisions"}],"predecessor-version":[{"id":10788,"href":"https:\/\/insulation.trocellen.com\/es\/wp-json\/wp\/v2\/pages\/4944\/revisions\/10788"}],"up":[{"embeddable":true,"href":"https:\/\/insulation.trocellen.com\/es\/wp-json\/wp\/v2\/pages\/4888"}],"wp:featuredmedia":[{"embeddable":true,"href":"https:\/\/insulation.trocellen.com\/es\/wp-json\/wp\/v2\/media\/8878"}],"wp:attachment":[{"href":"https:\/\/insulation.trocellen.com\/es\/wp-json\/wp\/v2\/media?parent=4944"}],"curies":[{"name":"wp","href":"https:\/\/api.w.org\/{rel}","templated":true}]}}