{"id":4918,"date":"2023-01-27T10:01:24","date_gmt":"2023-01-27T10:01:24","guid":{"rendered":"https:\/\/insulation-new.trocellen.com\/applications\/marine\/"},"modified":"2024-04-08T12:16:07","modified_gmt":"2024-04-08T12:16:07","slug":"marine","status":"publish","type":"page","link":"https:\/\/insulation.trocellen.com\/es\/applications\/marine\/","title":{"rendered":"Marine"},"content":{"rendered":"\n<h3 class=\"wp-block-heading has-text-align-center has-text-color\" style=\"color:#216c83\">Navycell\u00ae<\/h3>\n\n\n\n<p>Navycell\u00ae es un producto aislante azul claro compuesto de espuma de polietileno qu\u00edmicamente reticulado y de c\u00e9lulas cerradas, laminado con una hoja de aluminio lisa de 20&nbsp;\u03bcm por un lado y una capa autoadhesiva por el otro.<\/p>\n\n\n\n<p>Dise\u00f1ado y desarrollado expresamente para uso en aplicaciones que requieren medidas de seguridad especiales, navycell\u00ae cumple todos los requisitos expuestos en la \u00faltima Directiva europea sobre equipos marinos -es decir, la Directiva del Consejo 2014\/90\/UE-, y el reglamento europeo 2018\/773. En consecuencia, el material cuenta con el certificado 0987\/MED-B\/836 y la marca de la rueda de tim\u00f3n en la etiqueta.<\/p>\n\n\n\n<p>La marca MED garantiza la calidad y seguridad del producto en dos sentidos:<\/p>\n\n\n\n<ul class=\"wp-block-list\">\n<li>el producto est\u00e1 certificado conforme a la normativa sobre reacci\u00f3n ante el fuego (M\u00f3dulo B \u2013 Certificados de examen de tipo EC).<\/li>\n\n\n\n<li>la calidad de la producci\u00f3n del fabricante est\u00e1 auditada y aprobada por un laboratorio externo acreditado por la OMI (M\u00f3dulo D \u2013 Aseguramiento de la calidad de la producci\u00f3n).<\/li>\n<\/ul>\n\n\n<table class=\"green-table\" cellspacing=\"0\" cellpadding=\"0\" border=\"0\">\n<tbody>\n<tr>\n<th style=\"text-align: center\" colspan=\"4\">DATOS T\u00c9CNICOS<\/th>\n<\/tr>\n<tr>\n<th style=\"text-align: center\">CARACTER\u00cdSTICAS T\u00c9CNICAS<\/th>\n<th style=\"text-align: center\"><strong>NORMA<\/strong><\/th>\n<th style=\"text-align: center\">UNIDAD<\/th>\n<th style=\"text-align: center\"><strong>NAVYCELL\u00ae<\/strong><\/th>\n<\/tr>\n<tr>\n<td>Marca MED<\/td>\n<td style=\"text-align: center\">Dir. 2014\/90\/EU<\/td>\n<td style=\"text-align: center\">\u2013<\/td>\n<td style=\"text-align: center\">MED\/3.18d<\/td>\n<\/tr>\n<tr>\n<td>Conductividad t\u00e9rmica a 0&nbsp;\u00b0C (valor l)<\/td>\n<td style=\"text-align: center\">EN 12667<\/td>\n<td style=\"text-align: center\">W\/mK<br \/>Kcal\/mh\u00b0C<\/td>\n<td style=\"text-align: center\">0,037<br \/>0,032<\/td>\n<\/tr>\n<tr>\n<td>Conductividad t\u00e9rmica a 23&nbsp;\u00b0C (valor l)<\/td>\n<td style=\"text-align: center\">EN 12667<\/td>\n<td style=\"text-align: center\">W\/mK<br \/>Kcal\/mh\u00b0C<\/td>\n<td style=\"text-align: center\">0,040<br \/>0,034<\/td>\n<\/tr>\n<tr>\n<td>Conductividad t\u00e9rmica a 40&nbsp;\u00b0C (valor l)<\/td>\n<td style=\"text-align: center\">EN 12667<\/td>\n<td style=\"text-align: center\">W\/mK<br \/>Kcal\/mh\u00b0C<\/td>\n<td style=\"text-align: center\">0,042<br \/>0,036<\/td>\n<\/tr>\n<tr>\n<td>Coeficiente de difusi\u00f3n del vapor de agua<\/td>\n<td style=\"text-align: center\">EN 10546<\/td>\n<td style=\"text-align: center\">\u2013<\/td>\n<td style=\"text-align: center\">\u226515000<\/td>\n<\/tr>\n<tr>\n<td>Densidad<\/td>\n<td style=\"text-align: center\">EN ISO 845<\/td>\n<td style=\"text-align: center\">Kg\/m3<\/td>\n<td style=\"text-align: center\">30<\/td>\n<\/tr>\n<tr>\n<td>Grosor<\/td>\n<td style=\"text-align: center\">EN ISO 1923<\/td>\n<td style=\"text-align: center\">mm<\/td>\n<td style=\"text-align: center\">De 3 a 32 (v\u00e9anse las especificaciones de base)<\/td>\n<\/tr>\n<tr>\n<td>Color<\/td>\n<td style=\"text-align: center\">Espec. BASE<\/td>\n<td style=\"text-align: center\">\u2013<\/td>\n<td style=\"text-align: center\">Azul claro + hoja de aluminio<\/td>\n<\/tr>\n<tr>\n<td>Tensi\u00f3n de compresi\u00f3n al 25&nbsp;%<\/td>\n<td style=\"text-align: center\">EN ISO 3386\/1<\/td>\n<td style=\"text-align: center\">kPa<\/td>\n<td style=\"text-align: center\">35<\/td>\n<\/tr>\n<tr>\n<td>Tensi\u00f3n de compresi\u00f3n al 50&nbsp;%<\/td>\n<td style=\"text-align: center\">EN ISO 3386\/1<\/td>\n<td style=\"text-align: center\">kPa<\/td>\n<td style=\"text-align: center\">95<\/td>\n<\/tr>\n<tr>\n<td>Absorci\u00f3n de agua despu\u00e9s de 28 d\u00edas<\/td>\n<td style=\"text-align: center\">ISO 2896<\/td>\n<td style=\"text-align: center\">Vol%<\/td>\n<td style=\"text-align: center\">&lt;3<\/td>\n<\/tr>\n<tr>\n<td>Estabilidad t\u00e9rmica (&lt;5&nbsp;%)<\/td>\n<td style=\"text-align: center\">ISO 2796<\/td>\n<td style=\"text-align: center\">\u00b0C<\/td>\n<td style=\"text-align: center\">95<\/td>\n<\/tr>\n<tr>\n<td>Intervalo m\u00e1ximo de temperatura operativa<\/td>\n<td style=\"text-align: center\">&nbsp;<\/td>\n<td style=\"text-align: center\">\u00b0C<\/td>\n<td style=\"text-align: center\">-80 \u00f7 +95<\/td>\n<\/tr>\n<tr>\n<td>Intervalo m\u00e1ximo de temperatura operativa con tensi\u00f3n mec\u00e1nica<\/td>\n<td style=\"text-align: center\">&nbsp;<\/td>\n<td style=\"text-align: center\">\u00b0C<\/td>\n<td style=\"text-align: center\">-40 \u00f7 +95<\/td>\n<\/tr>\n<\/tbody>\n<\/table>\n\n\n<h3 class=\"wp-block-heading\">USO A BORDO<\/h3>\n\n\n\n<ul class=\"wp-block-list\">\n<li>Aislamiento de conductos de aire<\/li>\n\n\n\n<li>Tuber\u00edas de utilidades fr\u00edas<\/li>\n\n\n\n<li>Sistemas de refrigeraci\u00f3n integrados<\/li>\n\n\n\n<li>Compartimentos de refrigeraci\u00f3n<\/li>\n<\/ul>\n","protected":false},"excerpt":{"rendered":"<p>Navycell\u00ae Navycell\u00ae es un producto aislante azul claro compuesto de espuma de polietileno qu\u00edmicamente reticulado y de c\u00e9lulas cerradas, laminado con una hoja de aluminio lisa de 20&nbsp;\u03bcm por un lado y una capa autoadhesiva por el otro. Dise\u00f1ado y desarrollado expresamente para uso en aplicaciones que requieren medidas de seguridad especiales, navycell\u00ae cumple todos [&hellip;]<\/p>\n","protected":false},"author":1,"featured_media":8872,"parent":4888,"menu_order":650,"comment_status":"closed","ping_status":"closed","template":"templates\/marine-train-application.php","meta":{"_acf_changed":false,"footnotes":""},"class_list":["post-4918","page","type-page","status-publish","has-post-thumbnail","hentry"],"acf":[],"yoast_head":"<!-- This site is optimized with the Yoast SEO plugin v23.5 - https:\/\/yoast.com\/wordpress\/plugins\/seo\/ -->\n<title>Navycell\u00ae es un aislante azul claro para el sector naval.<\/title>\n<meta name=\"description\" content=\"Navycell est\u00e1 dise\u00f1ado para medidas de seguridad especiales en el sector naval. La soluci\u00f3n de 3 capas cumple todos los requisitos de la Directiva europea.\" \/>\n<meta name=\"robots\" content=\"index, follow, max-snippet:-1, max-image-preview:large, max-video-preview:-1\" \/>\n<link rel=\"canonical\" href=\"https:\/\/insulation.trocellen.com\/es\/applications\/marine\/\" \/>\n<meta property=\"og:locale\" content=\"es_ES\" \/>\n<meta property=\"og:type\" content=\"article\" \/>\n<meta property=\"og:title\" content=\"Navycell\u00ae es un aislante azul claro para el sector naval.\" \/>\n<meta property=\"og:description\" content=\"Navycell est\u00e1 dise\u00f1ado para medidas de seguridad especiales en el sector naval. La soluci\u00f3n de 3 capas cumple todos los requisitos de la Directiva europea.\" \/>\n<meta property=\"og:url\" content=\"https:\/\/insulation.trocellen.com\/es\/applications\/marine\/\" \/>\n<meta property=\"og:site_name\" content=\"Trocellen Insulation\" \/>\n<meta property=\"article:modified_time\" content=\"2024-04-08T12:16:07+00:00\" \/>\n<meta property=\"og:image\" content=\"https:\/\/insulation.trocellen.com\/wp-content\/uploads\/sites\/6\/2023\/05\/Marine-fejlec.jpg\" \/>\n\t<meta property=\"og:image:width\" content=\"1920\" \/>\n\t<meta property=\"og:image:height\" content=\"300\" \/>\n\t<meta property=\"og:image:type\" content=\"image\/jpeg\" \/>\n<meta name=\"twitter:card\" content=\"summary_large_image\" \/>\n<meta name=\"twitter:label1\" content=\"Tiempo de lectura\" \/>\n\t<meta name=\"twitter:data1\" content=\"2 minutos\" \/>\n<script type=\"application\/ld+json\" class=\"yoast-schema-graph\">{\"@context\":\"https:\/\/schema.org\",\"@graph\":[{\"@type\":\"WebPage\",\"@id\":\"https:\/\/insulation.trocellen.com\/es\/applications\/marine\/\",\"url\":\"https:\/\/insulation.trocellen.com\/es\/applications\/marine\/\",\"name\":\"Navycell\u00ae es un aislante azul claro para el sector naval.\",\"isPartOf\":{\"@id\":\"https:\/\/insulation.trocellen.com\/es\/#website\"},\"primaryImageOfPage\":{\"@id\":\"https:\/\/insulation.trocellen.com\/es\/applications\/marine\/#primaryimage\"},\"image\":{\"@id\":\"https:\/\/insulation.trocellen.com\/es\/applications\/marine\/#primaryimage\"},\"thumbnailUrl\":\"https:\/\/insulation.trocellen.com\/wp-content\/uploads\/sites\/6\/2023\/05\/Marine-fejlec.jpg\",\"datePublished\":\"2023-01-27T10:01:24+00:00\",\"dateModified\":\"2024-04-08T12:16:07+00:00\",\"description\":\"Navycell est\u00e1 dise\u00f1ado para medidas de seguridad especiales en el sector naval. La soluci\u00f3n de 3 capas cumple todos los requisitos de la Directiva europea.\",\"breadcrumb\":{\"@id\":\"https:\/\/insulation.trocellen.com\/es\/applications\/marine\/#breadcrumb\"},\"inLanguage\":\"es\",\"potentialAction\":[{\"@type\":\"ReadAction\",\"target\":[\"https:\/\/insulation.trocellen.com\/es\/applications\/marine\/\"]}]},{\"@type\":\"ImageObject\",\"inLanguage\":\"es\",\"@id\":\"https:\/\/insulation.trocellen.com\/es\/applications\/marine\/#primaryimage\",\"url\":\"https:\/\/insulation.trocellen.com\/wp-content\/uploads\/sites\/6\/2023\/05\/Marine-fejlec.jpg\",\"contentUrl\":\"https:\/\/insulation.trocellen.com\/wp-content\/uploads\/sites\/6\/2023\/05\/Marine-fejlec.jpg\",\"width\":1920,\"height\":300},{\"@type\":\"BreadcrumbList\",\"@id\":\"https:\/\/insulation.trocellen.com\/es\/applications\/marine\/#breadcrumb\",\"itemListElement\":[{\"@type\":\"ListItem\",\"position\":1,\"name\":\"Home\",\"item\":\"https:\/\/insulation.trocellen.com\/es\/\"},{\"@type\":\"ListItem\",\"position\":2,\"name\":\"Aplicaciones\",\"item\":\"https:\/\/insulation.trocellen.com\/es\/applications\/\"},{\"@type\":\"ListItem\",\"position\":3,\"name\":\"Marine\"}]},{\"@type\":\"WebSite\",\"@id\":\"https:\/\/insulation.trocellen.com\/es\/#website\",\"url\":\"https:\/\/insulation.trocellen.com\/es\/\",\"name\":\"Trocellen Insulation\",\"description\":\"\",\"potentialAction\":[{\"@type\":\"SearchAction\",\"target\":{\"@type\":\"EntryPoint\",\"urlTemplate\":\"https:\/\/insulation.trocellen.com\/es\/?s={search_term_string}\"},\"query-input\":{\"@type\":\"PropertyValueSpecification\",\"valueRequired\":true,\"valueName\":\"search_term_string\"}}],\"inLanguage\":\"es\"}]}<\/script>\n<!-- \/ Yoast SEO plugin. -->","yoast_head_json":{"title":"Navycell\u00ae es un aislante azul claro para el sector naval.","description":"Navycell est\u00e1 dise\u00f1ado para medidas de seguridad especiales en el sector naval. La soluci\u00f3n de 3 capas cumple todos los requisitos de la Directiva europea.","robots":{"index":"index","follow":"follow","max-snippet":"max-snippet:-1","max-image-preview":"max-image-preview:large","max-video-preview":"max-video-preview:-1"},"canonical":"https:\/\/insulation.trocellen.com\/es\/applications\/marine\/","og_locale":"es_ES","og_type":"article","og_title":"Navycell\u00ae es un aislante azul claro para el sector naval.","og_description":"Navycell est\u00e1 dise\u00f1ado para medidas de seguridad especiales en el sector naval. La soluci\u00f3n de 3 capas cumple todos los requisitos de la Directiva europea.","og_url":"https:\/\/insulation.trocellen.com\/es\/applications\/marine\/","og_site_name":"Trocellen Insulation","article_modified_time":"2024-04-08T12:16:07+00:00","og_image":[{"width":1920,"height":300,"url":"https:\/\/insulation.trocellen.com\/wp-content\/uploads\/sites\/6\/2023\/05\/Marine-fejlec.jpg","type":"image\/jpeg"}],"twitter_card":"summary_large_image","twitter_misc":{"Tiempo de lectura":"2 minutos"},"schema":{"@context":"https:\/\/schema.org","@graph":[{"@type":"WebPage","@id":"https:\/\/insulation.trocellen.com\/es\/applications\/marine\/","url":"https:\/\/insulation.trocellen.com\/es\/applications\/marine\/","name":"Navycell\u00ae es un aislante azul claro para el sector naval.","isPartOf":{"@id":"https:\/\/insulation.trocellen.com\/es\/#website"},"primaryImageOfPage":{"@id":"https:\/\/insulation.trocellen.com\/es\/applications\/marine\/#primaryimage"},"image":{"@id":"https:\/\/insulation.trocellen.com\/es\/applications\/marine\/#primaryimage"},"thumbnailUrl":"https:\/\/insulation.trocellen.com\/wp-content\/uploads\/sites\/6\/2023\/05\/Marine-fejlec.jpg","datePublished":"2023-01-27T10:01:24+00:00","dateModified":"2024-04-08T12:16:07+00:00","description":"Navycell est\u00e1 dise\u00f1ado para medidas de seguridad especiales en el sector naval. La soluci\u00f3n de 3 capas cumple todos los requisitos de la Directiva europea.","breadcrumb":{"@id":"https:\/\/insulation.trocellen.com\/es\/applications\/marine\/#breadcrumb"},"inLanguage":"es","potentialAction":[{"@type":"ReadAction","target":["https:\/\/insulation.trocellen.com\/es\/applications\/marine\/"]}]},{"@type":"ImageObject","inLanguage":"es","@id":"https:\/\/insulation.trocellen.com\/es\/applications\/marine\/#primaryimage","url":"https:\/\/insulation.trocellen.com\/wp-content\/uploads\/sites\/6\/2023\/05\/Marine-fejlec.jpg","contentUrl":"https:\/\/insulation.trocellen.com\/wp-content\/uploads\/sites\/6\/2023\/05\/Marine-fejlec.jpg","width":1920,"height":300},{"@type":"BreadcrumbList","@id":"https:\/\/insulation.trocellen.com\/es\/applications\/marine\/#breadcrumb","itemListElement":[{"@type":"ListItem","position":1,"name":"Home","item":"https:\/\/insulation.trocellen.com\/es\/"},{"@type":"ListItem","position":2,"name":"Aplicaciones","item":"https:\/\/insulation.trocellen.com\/es\/applications\/"},{"@type":"ListItem","position":3,"name":"Marine"}]},{"@type":"WebSite","@id":"https:\/\/insulation.trocellen.com\/es\/#website","url":"https:\/\/insulation.trocellen.com\/es\/","name":"Trocellen Insulation","description":"","potentialAction":[{"@type":"SearchAction","target":{"@type":"EntryPoint","urlTemplate":"https:\/\/insulation.trocellen.com\/es\/?s={search_term_string}"},"query-input":{"@type":"PropertyValueSpecification","valueRequired":true,"valueName":"search_term_string"}}],"inLanguage":"es"}]}},"_links":{"self":[{"href":"https:\/\/insulation.trocellen.com\/es\/wp-json\/wp\/v2\/pages\/4918","targetHints":{"allow":["GET"]}}],"collection":[{"href":"https:\/\/insulation.trocellen.com\/es\/wp-json\/wp\/v2\/pages"}],"about":[{"href":"https:\/\/insulation.trocellen.com\/es\/wp-json\/wp\/v2\/types\/page"}],"author":[{"embeddable":true,"href":"https:\/\/insulation.trocellen.com\/es\/wp-json\/wp\/v2\/users\/1"}],"replies":[{"embeddable":true,"href":"https:\/\/insulation.trocellen.com\/es\/wp-json\/wp\/v2\/comments?post=4918"}],"version-history":[{"count":5,"href":"https:\/\/insulation.trocellen.com\/es\/wp-json\/wp\/v2\/pages\/4918\/revisions"}],"predecessor-version":[{"id":10749,"href":"https:\/\/insulation.trocellen.com\/es\/wp-json\/wp\/v2\/pages\/4918\/revisions\/10749"}],"up":[{"embeddable":true,"href":"https:\/\/insulation.trocellen.com\/es\/wp-json\/wp\/v2\/pages\/4888"}],"wp:featuredmedia":[{"embeddable":true,"href":"https:\/\/insulation.trocellen.com\/es\/wp-json\/wp\/v2\/media\/8872"}],"wp:attachment":[{"href":"https:\/\/insulation.trocellen.com\/es\/wp-json\/wp\/v2\/media?parent=4918"}],"curies":[{"name":"wp","href":"https:\/\/api.w.org\/{rel}","templated":true}]}}