{"id":4531,"date":"2022-02-03T08:05:43","date_gmt":"2022-02-03T08:05:43","guid":{"rendered":"https:\/\/insulation-new.trocellen.com\/almohadilla-para-calefaccion-urbana-trocellen\/"},"modified":"2023-07-10T10:04:45","modified_gmt":"2023-07-10T10:04:45","slug":"almohadilla-para-calefaccion-urbana-trocellen","status":"publish","type":"page","link":"https:\/\/insulation.trocellen.com\/es\/applications\/calefaccion-urbana\/almohadilla-para-calefaccion-urbana-trocellen\/","title":{"rendered":"Almohadilla para calefacci\u00f3n urbana trocellen"},"content":{"rendered":"\n<figure class=\"wp-block-image\"><img decoding=\"async\" src=\"https:\/\/insulation.trocellen.com\/wp-content\/uploads\/sites\/6\/2022\/02\/DHP-pipes.jpg\" alt=\"\" class=\"wp-image-3174\"\/><\/figure>\n\n\n\n<p>La almohadilla para calefacci\u00f3n urbana es la forma correcta de compensar el desplazamiento de las tuber\u00edas por las dilataciones t\u00e9rmicas, especialmente en las curvas, cruces en T, etc.<\/p>\n\n\n\n<h2 class=\"wp-block-heading\">Aplicaci\u00f3n: <\/h2>\n\n\n\n<p>Aplicar la almohadilla para calefacci\u00f3n urbana en las partes exteriores e interiores en las curvas de la tuber\u00eda. Para finalizar la aplicaci\u00f3n, proteger la almohadilla para calefacci\u00f3n urbana con bandas de laminaci\u00f3n de 5 mm.<\/p>\n\n\n<div class=\"wp-block-image\">\n<figure class=\"alignright\"><a href=\"https:\/\/insulation.trocellen.com\/wp-content\/uploads\/sites\/6\/2022\/02\/characteristics-large.jpg\"><img decoding=\"async\" src=\"https:\/\/insulation.trocellen.com\/wp-content\/uploads\/sites\/6\/2022\/02\/characteristics.jpg\" alt=\"\" class=\"wp-image-3158\"\/><\/a><\/figure>\n<\/div>\n\n\n<h2 class=\"wp-block-heading\">Caracter\u00edsticas y ventajas:<\/h2>\n\n\n\n<ul class=\"wp-block-list\">\n<li>fabricado de espuma de PE qu\u00edmicamente reticulada<\/li>\n\n\n\n<li>gran rango de tolerancia al calor -40+95\u00b0C<\/li>\n\n\n\n<li>respetuoso con el medio ambiente, ya que no contiene hal\u00f3genos, ni sustancias nocivas solubles en agua como freones, ni cloruros o metales pesados (Pb, Cd, Cr)<\/li>\n\n\n\n<li>Asociaci\u00f3n AGFW, almohadilla de rigidez media seg\u00fan la norma AGFW, 10%-0,01 Nmm2 y 50% 0,062 Nmm2<\/li>\n\n\n\n<li>Certificaci\u00f3n seg\u00fan la nueva EN 13941-1:2019, clasificaci\u00f3n Tipo 2 versi\u00f3n media.<\/li>\n\n\n\n<li>Marcado en el reverso del producto seg\u00fan EN 13941.<\/li>\n<\/ul>\n\n\n\n<figure class=\"wp-block-image without-mask\"><a href=\"https:\/\/insulation.trocellen.com\/wp-content\/uploads\/sites\/6\/2022\/02\/prop.jpg\"><img decoding=\"async\" src=\"https:\/\/insulation.trocellen.com\/wp-content\/uploads\/sites\/6\/2022\/02\/prop.jpg\" alt=\"\" class=\"wp-image-3171\"\/><\/a><\/figure>\n\n\n\n<figure class=\"wp-block-table\"><table><tbody><tr><td><img loading=\"lazy\" decoding=\"async\" class=\"size-full wp-image-3182 alignleft\" src=\"https:\/\/insulation.trocellen.com\/wp-content\/uploads\/sites\/6\/2022\/02\/DSC06666_ok.jpg\" alt=\"\" width=\"285\" height=\"231\"><\/td><td><img loading=\"lazy\" decoding=\"async\" class=\"size-full wp-image-3181 alignleft\" src=\"https:\/\/insulation.trocellen.com\/wp-content\/uploads\/sites\/6\/2022\/02\/DSC06662_ok.jpg\" alt=\"\" width=\"282\" height=\"265\"><\/td><\/tr><\/tbody><\/table><\/figure>\n","protected":false},"excerpt":{"rendered":"<p>La almohadilla para calefacci\u00f3n urbana es la forma correcta de compensar el desplazamiento de las tuber\u00edas por las dilataciones t\u00e9rmicas, especialmente en las curvas, cruces en T, etc. Aplicaci\u00f3n: Aplicar la almohadilla para calefacci\u00f3n urbana en las partes exteriores e interiores en las curvas de la tuber\u00eda. Para finalizar la aplicaci\u00f3n, proteger la almohadilla para [&hellip;]<\/p>\n","protected":false},"author":1,"featured_media":8924,"parent":4537,"menu_order":100,"comment_status":"closed","ping_status":"closed","template":"templates\/applications.php","meta":{"_acf_changed":false,"footnotes":""},"class_list":["post-4531","page","type-page","status-publish","has-post-thumbnail","hentry"],"acf":[],"yoast_head":"<!-- This site is optimized with the Yoast SEO plugin v23.5 - https:\/\/yoast.com\/wordpress\/plugins\/seo\/ -->\n<title>Soluci\u00f3n Trocellen para la instalaci\u00f3n de calefacci\u00f3n urbana<\/title>\n<meta name=\"description\" content=\"La almohadilla de calefacci\u00f3n urbana compensa el desplazamiento de las tuber\u00edas por dilataci\u00f3n t\u00e9rmica, especialmente en codos, cruces en T, etc.\" \/>\n<meta name=\"robots\" content=\"index, follow, max-snippet:-1, max-image-preview:large, max-video-preview:-1\" \/>\n<link rel=\"canonical\" href=\"https:\/\/insulation.trocellen.com\/es\/applications\/calefaccion-urbana\/almohadilla-para-calefaccion-urbana-trocellen\/\" \/>\n<meta property=\"og:locale\" content=\"es_ES\" \/>\n<meta property=\"og:type\" content=\"article\" \/>\n<meta property=\"og:title\" content=\"Soluci\u00f3n Trocellen para la instalaci\u00f3n de calefacci\u00f3n urbana\" \/>\n<meta property=\"og:description\" content=\"La almohadilla de calefacci\u00f3n urbana compensa el desplazamiento de las tuber\u00edas por dilataci\u00f3n t\u00e9rmica, especialmente en codos, cruces en T, etc.\" \/>\n<meta property=\"og:url\" content=\"https:\/\/insulation.trocellen.com\/es\/applications\/calefaccion-urbana\/almohadilla-para-calefaccion-urbana-trocellen\/\" \/>\n<meta property=\"og:site_name\" content=\"Trocellen Insulation\" \/>\n<meta property=\"article:modified_time\" content=\"2023-07-10T10:04:45+00:00\" \/>\n<meta property=\"og:image\" content=\"https:\/\/insulation.trocellen.com\/wp-content\/uploads\/sites\/6\/2023\/05\/DHP-fejlec.jpg\" \/>\n\t<meta property=\"og:image:width\" content=\"1920\" \/>\n\t<meta property=\"og:image:height\" content=\"300\" \/>\n\t<meta property=\"og:image:type\" content=\"image\/jpeg\" \/>\n<meta name=\"twitter:card\" content=\"summary_large_image\" \/>\n<meta name=\"twitter:label1\" content=\"Tiempo de lectura\" \/>\n\t<meta name=\"twitter:data1\" content=\"2 minutos\" \/>\n<script type=\"application\/ld+json\" class=\"yoast-schema-graph\">{\"@context\":\"https:\/\/schema.org\",\"@graph\":[{\"@type\":\"WebPage\",\"@id\":\"https:\/\/insulation.trocellen.com\/es\/applications\/calefaccion-urbana\/almohadilla-para-calefaccion-urbana-trocellen\/\",\"url\":\"https:\/\/insulation.trocellen.com\/es\/applications\/calefaccion-urbana\/almohadilla-para-calefaccion-urbana-trocellen\/\",\"name\":\"Soluci\u00f3n Trocellen para la instalaci\u00f3n de calefacci\u00f3n urbana\",\"isPartOf\":{\"@id\":\"https:\/\/insulation.trocellen.com\/es\/#website\"},\"primaryImageOfPage\":{\"@id\":\"https:\/\/insulation.trocellen.com\/es\/applications\/calefaccion-urbana\/almohadilla-para-calefaccion-urbana-trocellen\/#primaryimage\"},\"image\":{\"@id\":\"https:\/\/insulation.trocellen.com\/es\/applications\/calefaccion-urbana\/almohadilla-para-calefaccion-urbana-trocellen\/#primaryimage\"},\"thumbnailUrl\":\"https:\/\/insulation.trocellen.com\/wp-content\/uploads\/sites\/6\/2023\/05\/DHP-fejlec.jpg\",\"datePublished\":\"2022-02-03T08:05:43+00:00\",\"dateModified\":\"2023-07-10T10:04:45+00:00\",\"description\":\"La almohadilla de calefacci\u00f3n urbana compensa el desplazamiento de las tuber\u00edas por dilataci\u00f3n t\u00e9rmica, especialmente en codos, cruces en T, etc.\",\"breadcrumb\":{\"@id\":\"https:\/\/insulation.trocellen.com\/es\/applications\/calefaccion-urbana\/almohadilla-para-calefaccion-urbana-trocellen\/#breadcrumb\"},\"inLanguage\":\"es\",\"potentialAction\":[{\"@type\":\"ReadAction\",\"target\":[\"https:\/\/insulation.trocellen.com\/es\/applications\/calefaccion-urbana\/almohadilla-para-calefaccion-urbana-trocellen\/\"]}]},{\"@type\":\"ImageObject\",\"inLanguage\":\"es\",\"@id\":\"https:\/\/insulation.trocellen.com\/es\/applications\/calefaccion-urbana\/almohadilla-para-calefaccion-urbana-trocellen\/#primaryimage\",\"url\":\"https:\/\/insulation.trocellen.com\/wp-content\/uploads\/sites\/6\/2023\/05\/DHP-fejlec.jpg\",\"contentUrl\":\"https:\/\/insulation.trocellen.com\/wp-content\/uploads\/sites\/6\/2023\/05\/DHP-fejlec.jpg\",\"width\":1920,\"height\":300},{\"@type\":\"BreadcrumbList\",\"@id\":\"https:\/\/insulation.trocellen.com\/es\/applications\/calefaccion-urbana\/almohadilla-para-calefaccion-urbana-trocellen\/#breadcrumb\",\"itemListElement\":[{\"@type\":\"ListItem\",\"position\":1,\"name\":\"Home\",\"item\":\"https:\/\/insulation.trocellen.com\/es\/\"},{\"@type\":\"ListItem\",\"position\":2,\"name\":\"Aplicaciones\",\"item\":\"https:\/\/insulation.trocellen.com\/es\/applications\/\"},{\"@type\":\"ListItem\",\"position\":3,\"name\":\"Calefacci\u00f3n urbana\",\"item\":\"https:\/\/insulation.trocellen.com\/es\/applications\/calefaccion-urbana\/\"},{\"@type\":\"ListItem\",\"position\":4,\"name\":\"Almohadilla para calefacci\u00f3n urbana trocellen\"}]},{\"@type\":\"WebSite\",\"@id\":\"https:\/\/insulation.trocellen.com\/es\/#website\",\"url\":\"https:\/\/insulation.trocellen.com\/es\/\",\"name\":\"Trocellen Insulation\",\"description\":\"\",\"potentialAction\":[{\"@type\":\"SearchAction\",\"target\":{\"@type\":\"EntryPoint\",\"urlTemplate\":\"https:\/\/insulation.trocellen.com\/es\/?s={search_term_string}\"},\"query-input\":{\"@type\":\"PropertyValueSpecification\",\"valueRequired\":true,\"valueName\":\"search_term_string\"}}],\"inLanguage\":\"es\"}]}<\/script>\n<!-- \/ Yoast SEO plugin. -->","yoast_head_json":{"title":"Soluci\u00f3n Trocellen para la instalaci\u00f3n de calefacci\u00f3n urbana","description":"La almohadilla de calefacci\u00f3n urbana compensa el desplazamiento de las tuber\u00edas por dilataci\u00f3n t\u00e9rmica, especialmente en codos, cruces en T, etc.","robots":{"index":"index","follow":"follow","max-snippet":"max-snippet:-1","max-image-preview":"max-image-preview:large","max-video-preview":"max-video-preview:-1"},"canonical":"https:\/\/insulation.trocellen.com\/es\/applications\/calefaccion-urbana\/almohadilla-para-calefaccion-urbana-trocellen\/","og_locale":"es_ES","og_type":"article","og_title":"Soluci\u00f3n Trocellen para la instalaci\u00f3n de calefacci\u00f3n urbana","og_description":"La almohadilla de calefacci\u00f3n urbana compensa el desplazamiento de las tuber\u00edas por dilataci\u00f3n t\u00e9rmica, especialmente en codos, cruces en T, etc.","og_url":"https:\/\/insulation.trocellen.com\/es\/applications\/calefaccion-urbana\/almohadilla-para-calefaccion-urbana-trocellen\/","og_site_name":"Trocellen Insulation","article_modified_time":"2023-07-10T10:04:45+00:00","og_image":[{"width":1920,"height":300,"url":"https:\/\/insulation.trocellen.com\/wp-content\/uploads\/sites\/6\/2023\/05\/DHP-fejlec.jpg","type":"image\/jpeg"}],"twitter_card":"summary_large_image","twitter_misc":{"Tiempo de lectura":"2 minutos"},"schema":{"@context":"https:\/\/schema.org","@graph":[{"@type":"WebPage","@id":"https:\/\/insulation.trocellen.com\/es\/applications\/calefaccion-urbana\/almohadilla-para-calefaccion-urbana-trocellen\/","url":"https:\/\/insulation.trocellen.com\/es\/applications\/calefaccion-urbana\/almohadilla-para-calefaccion-urbana-trocellen\/","name":"Soluci\u00f3n Trocellen para la instalaci\u00f3n de calefacci\u00f3n urbana","isPartOf":{"@id":"https:\/\/insulation.trocellen.com\/es\/#website"},"primaryImageOfPage":{"@id":"https:\/\/insulation.trocellen.com\/es\/applications\/calefaccion-urbana\/almohadilla-para-calefaccion-urbana-trocellen\/#primaryimage"},"image":{"@id":"https:\/\/insulation.trocellen.com\/es\/applications\/calefaccion-urbana\/almohadilla-para-calefaccion-urbana-trocellen\/#primaryimage"},"thumbnailUrl":"https:\/\/insulation.trocellen.com\/wp-content\/uploads\/sites\/6\/2023\/05\/DHP-fejlec.jpg","datePublished":"2022-02-03T08:05:43+00:00","dateModified":"2023-07-10T10:04:45+00:00","description":"La almohadilla de calefacci\u00f3n urbana compensa el desplazamiento de las tuber\u00edas por dilataci\u00f3n t\u00e9rmica, especialmente en codos, cruces en T, etc.","breadcrumb":{"@id":"https:\/\/insulation.trocellen.com\/es\/applications\/calefaccion-urbana\/almohadilla-para-calefaccion-urbana-trocellen\/#breadcrumb"},"inLanguage":"es","potentialAction":[{"@type":"ReadAction","target":["https:\/\/insulation.trocellen.com\/es\/applications\/calefaccion-urbana\/almohadilla-para-calefaccion-urbana-trocellen\/"]}]},{"@type":"ImageObject","inLanguage":"es","@id":"https:\/\/insulation.trocellen.com\/es\/applications\/calefaccion-urbana\/almohadilla-para-calefaccion-urbana-trocellen\/#primaryimage","url":"https:\/\/insulation.trocellen.com\/wp-content\/uploads\/sites\/6\/2023\/05\/DHP-fejlec.jpg","contentUrl":"https:\/\/insulation.trocellen.com\/wp-content\/uploads\/sites\/6\/2023\/05\/DHP-fejlec.jpg","width":1920,"height":300},{"@type":"BreadcrumbList","@id":"https:\/\/insulation.trocellen.com\/es\/applications\/calefaccion-urbana\/almohadilla-para-calefaccion-urbana-trocellen\/#breadcrumb","itemListElement":[{"@type":"ListItem","position":1,"name":"Home","item":"https:\/\/insulation.trocellen.com\/es\/"},{"@type":"ListItem","position":2,"name":"Aplicaciones","item":"https:\/\/insulation.trocellen.com\/es\/applications\/"},{"@type":"ListItem","position":3,"name":"Calefacci\u00f3n urbana","item":"https:\/\/insulation.trocellen.com\/es\/applications\/calefaccion-urbana\/"},{"@type":"ListItem","position":4,"name":"Almohadilla para calefacci\u00f3n urbana trocellen"}]},{"@type":"WebSite","@id":"https:\/\/insulation.trocellen.com\/es\/#website","url":"https:\/\/insulation.trocellen.com\/es\/","name":"Trocellen Insulation","description":"","potentialAction":[{"@type":"SearchAction","target":{"@type":"EntryPoint","urlTemplate":"https:\/\/insulation.trocellen.com\/es\/?s={search_term_string}"},"query-input":{"@type":"PropertyValueSpecification","valueRequired":true,"valueName":"search_term_string"}}],"inLanguage":"es"}]}},"_links":{"self":[{"href":"https:\/\/insulation.trocellen.com\/es\/wp-json\/wp\/v2\/pages\/4531","targetHints":{"allow":["GET"]}}],"collection":[{"href":"https:\/\/insulation.trocellen.com\/es\/wp-json\/wp\/v2\/pages"}],"about":[{"href":"https:\/\/insulation.trocellen.com\/es\/wp-json\/wp\/v2\/types\/page"}],"author":[{"embeddable":true,"href":"https:\/\/insulation.trocellen.com\/es\/wp-json\/wp\/v2\/users\/1"}],"replies":[{"embeddable":true,"href":"https:\/\/insulation.trocellen.com\/es\/wp-json\/wp\/v2\/comments?post=4531"}],"version-history":[{"count":4,"href":"https:\/\/insulation.trocellen.com\/es\/wp-json\/wp\/v2\/pages\/4531\/revisions"}],"predecessor-version":[{"id":9758,"href":"https:\/\/insulation.trocellen.com\/es\/wp-json\/wp\/v2\/pages\/4531\/revisions\/9758"}],"up":[{"embeddable":true,"href":"https:\/\/insulation.trocellen.com\/es\/wp-json\/wp\/v2\/pages\/4537"}],"wp:featuredmedia":[{"embeddable":true,"href":"https:\/\/insulation.trocellen.com\/es\/wp-json\/wp\/v2\/media\/8924"}],"wp:attachment":[{"href":"https:\/\/insulation.trocellen.com\/es\/wp-json\/wp\/v2\/media?parent=4531"}],"curies":[{"name":"wp","href":"https:\/\/api.w.org\/{rel}","templated":true}]}}