{"id":4525,"date":"2021-10-29T08:41:06","date_gmt":"2021-10-29T08:41:06","guid":{"rendered":"https:\/\/insulation-new.trocellen.com\/software-de-calculo-trocellen-2\/"},"modified":"2023-07-10T11:24:09","modified_gmt":"2023-07-10T11:24:09","slug":"software-de-calculo-trocellen","status":"publish","type":"page","link":"https:\/\/insulation.trocellen.com\/es\/herramientas\/software-de-calculo-trocellen\/","title":{"rendered":"Software de c\u00e1lculo Trocellen"},"content":{"rendered":"\n<h2 class=\"wp-block-heading\"><span lang=\"ES\">El software de c\u00e1lculo Trocellen est\u00e0 disponible solo en Ingl\u00e9s, H\u00fangaro, Italiano, Al\u00e9man y Russo.<\/span><span lang=\"ES\">&nbsp;<\/span><\/h2>\n\n\n\n<p>This is probably the easiest and most reliable way for you to calculate the insulation requirements of your projects. With this professional, yet easy to use tool you can calculate:<\/p>\n\n\n\n<ul class=\"wp-block-list\">\n<li>Thermal dissipation<\/li>\n\n\n\n<li>Temperature decrease<\/li>\n\n\n\n<li>Possible condensation and how to avoid it<\/li>\n\n\n\n<li>Necessary thickness of thermal insulation<\/li>\n<\/ul>\n\n\n\n<div class=\"wp-block-buttons is-content-justification-center is-layout-flex wp-container-core-buttons-is-layout-16018d1d wp-block-buttons-is-layout-flex\">\n<div class=\"wp-block-button large\"><a class=\"wp-block-button__link wp-element-button\" href=\"https:\/\/go.insulation.trocellen.com\/trocellen-calculation-software\/\">\u00a1Haga clic aqu\u00ed para comenzar el c\u00e1lculo!<\/a><\/div>\n<\/div>\n","protected":false},"excerpt":{"rendered":"<p>El software de c\u00e1lculo Trocellen est\u00e0 disponible solo en Ingl\u00e9s, H\u00fangaro, Italiano, Al\u00e9man y Russo.&nbsp; This is probably the easiest and most reliable way for you to calculate the insulation requirements of your projects. With this professional, yet easy to use tool you can calculate:<\/p>\n","protected":false},"author":1,"featured_media":9401,"parent":4429,"menu_order":100,"comment_status":"closed","ping_status":"closed","template":"","meta":{"_acf_changed":false,"footnotes":""},"class_list":["post-4525","page","type-page","status-publish","has-post-thumbnail","hentry"],"acf":[],"yoast_head":"<!-- This site is optimized with the Yoast SEO plugin v23.5 - https:\/\/yoast.com\/wordpress\/plugins\/seo\/ -->\n<title>\u00a1Utilice gratis el software de c\u00e1lculo t\u00e9rmico Trocellen!<\/title>\n<meta name=\"description\" content=\"\u00c9sta es probablemente la forma m\u00e1s f\u00e1cil y fiable para calcular las necesidades de aislamiento de sus proyectos.\" \/>\n<meta name=\"robots\" content=\"index, follow, max-snippet:-1, max-image-preview:large, max-video-preview:-1\" \/>\n<link rel=\"canonical\" href=\"https:\/\/insulation.trocellen.com\/es\/herramientas\/software-de-calculo-trocellen\/\" \/>\n<meta property=\"og:locale\" content=\"es_ES\" \/>\n<meta property=\"og:type\" content=\"article\" \/>\n<meta property=\"og:title\" content=\"\u00a1Utilice gratis el software de c\u00e1lculo t\u00e9rmico Trocellen!\" \/>\n<meta property=\"og:description\" content=\"\u00c9sta es probablemente la forma m\u00e1s f\u00e1cil y fiable para calcular las necesidades de aislamiento de sus proyectos.\" \/>\n<meta property=\"og:url\" content=\"https:\/\/insulation.trocellen.com\/es\/herramientas\/software-de-calculo-trocellen\/\" \/>\n<meta property=\"og:site_name\" content=\"Trocellen Insulation\" \/>\n<meta property=\"article:modified_time\" content=\"2023-07-10T11:24:09+00:00\" \/>\n<meta property=\"og:image\" content=\"https:\/\/insulation.trocellen.com\/wp-content\/uploads\/sites\/6\/2023\/06\/fejlec-calc-softwr.jpg\" \/>\n\t<meta property=\"og:image:width\" content=\"1920\" \/>\n\t<meta property=\"og:image:height\" content=\"300\" \/>\n\t<meta property=\"og:image:type\" content=\"image\/jpeg\" \/>\n<meta name=\"twitter:card\" content=\"summary_large_image\" \/>\n<meta name=\"twitter:label1\" content=\"Tiempo de lectura\" \/>\n\t<meta name=\"twitter:data1\" content=\"1 minuto\" \/>\n<script type=\"application\/ld+json\" class=\"yoast-schema-graph\">{\"@context\":\"https:\/\/schema.org\",\"@graph\":[{\"@type\":\"WebPage\",\"@id\":\"https:\/\/insulation.trocellen.com\/es\/herramientas\/software-de-calculo-trocellen\/\",\"url\":\"https:\/\/insulation.trocellen.com\/es\/herramientas\/software-de-calculo-trocellen\/\",\"name\":\"\u00a1Utilice gratis el software de c\u00e1lculo t\u00e9rmico Trocellen!\",\"isPartOf\":{\"@id\":\"https:\/\/insulation.trocellen.com\/es\/#website\"},\"primaryImageOfPage\":{\"@id\":\"https:\/\/insulation.trocellen.com\/es\/herramientas\/software-de-calculo-trocellen\/#primaryimage\"},\"image\":{\"@id\":\"https:\/\/insulation.trocellen.com\/es\/herramientas\/software-de-calculo-trocellen\/#primaryimage\"},\"thumbnailUrl\":\"https:\/\/insulation.trocellen.com\/wp-content\/uploads\/sites\/6\/2023\/06\/fejlec-calc-softwr.jpg\",\"datePublished\":\"2021-10-29T08:41:06+00:00\",\"dateModified\":\"2023-07-10T11:24:09+00:00\",\"description\":\"\u00c9sta es probablemente la forma m\u00e1s f\u00e1cil y fiable para calcular las necesidades de aislamiento de sus proyectos.\",\"breadcrumb\":{\"@id\":\"https:\/\/insulation.trocellen.com\/es\/herramientas\/software-de-calculo-trocellen\/#breadcrumb\"},\"inLanguage\":\"es\",\"potentialAction\":[{\"@type\":\"ReadAction\",\"target\":[\"https:\/\/insulation.trocellen.com\/es\/herramientas\/software-de-calculo-trocellen\/\"]}]},{\"@type\":\"ImageObject\",\"inLanguage\":\"es\",\"@id\":\"https:\/\/insulation.trocellen.com\/es\/herramientas\/software-de-calculo-trocellen\/#primaryimage\",\"url\":\"https:\/\/insulation.trocellen.com\/wp-content\/uploads\/sites\/6\/2023\/06\/fejlec-calc-softwr.jpg\",\"contentUrl\":\"https:\/\/insulation.trocellen.com\/wp-content\/uploads\/sites\/6\/2023\/06\/fejlec-calc-softwr.jpg\",\"width\":1920,\"height\":300},{\"@type\":\"BreadcrumbList\",\"@id\":\"https:\/\/insulation.trocellen.com\/es\/herramientas\/software-de-calculo-trocellen\/#breadcrumb\",\"itemListElement\":[{\"@type\":\"ListItem\",\"position\":1,\"name\":\"Home\",\"item\":\"https:\/\/insulation.trocellen.com\/es\/\"},{\"@type\":\"ListItem\",\"position\":2,\"name\":\"Herramientas\",\"item\":\"https:\/\/insulation.trocellen.com\/es\/herramientas\/\"},{\"@type\":\"ListItem\",\"position\":3,\"name\":\"Software de c\u00e1lculo Trocellen\"}]},{\"@type\":\"WebSite\",\"@id\":\"https:\/\/insulation.trocellen.com\/es\/#website\",\"url\":\"https:\/\/insulation.trocellen.com\/es\/\",\"name\":\"Trocellen Insulation\",\"description\":\"\",\"potentialAction\":[{\"@type\":\"SearchAction\",\"target\":{\"@type\":\"EntryPoint\",\"urlTemplate\":\"https:\/\/insulation.trocellen.com\/es\/?s={search_term_string}\"},\"query-input\":{\"@type\":\"PropertyValueSpecification\",\"valueRequired\":true,\"valueName\":\"search_term_string\"}}],\"inLanguage\":\"es\"}]}<\/script>\n<!-- \/ Yoast SEO plugin. -->","yoast_head_json":{"title":"\u00a1Utilice gratis el software de c\u00e1lculo t\u00e9rmico Trocellen!","description":"\u00c9sta es probablemente la forma m\u00e1s f\u00e1cil y fiable para calcular las necesidades de aislamiento de sus proyectos.","robots":{"index":"index","follow":"follow","max-snippet":"max-snippet:-1","max-image-preview":"max-image-preview:large","max-video-preview":"max-video-preview:-1"},"canonical":"https:\/\/insulation.trocellen.com\/es\/herramientas\/software-de-calculo-trocellen\/","og_locale":"es_ES","og_type":"article","og_title":"\u00a1Utilice gratis el software de c\u00e1lculo t\u00e9rmico Trocellen!","og_description":"\u00c9sta es probablemente la forma m\u00e1s f\u00e1cil y fiable para calcular las necesidades de aislamiento de sus proyectos.","og_url":"https:\/\/insulation.trocellen.com\/es\/herramientas\/software-de-calculo-trocellen\/","og_site_name":"Trocellen Insulation","article_modified_time":"2023-07-10T11:24:09+00:00","og_image":[{"width":1920,"height":300,"url":"https:\/\/insulation.trocellen.com\/wp-content\/uploads\/sites\/6\/2023\/06\/fejlec-calc-softwr.jpg","type":"image\/jpeg"}],"twitter_card":"summary_large_image","twitter_misc":{"Tiempo de lectura":"1 minuto"},"schema":{"@context":"https:\/\/schema.org","@graph":[{"@type":"WebPage","@id":"https:\/\/insulation.trocellen.com\/es\/herramientas\/software-de-calculo-trocellen\/","url":"https:\/\/insulation.trocellen.com\/es\/herramientas\/software-de-calculo-trocellen\/","name":"\u00a1Utilice gratis el software de c\u00e1lculo t\u00e9rmico Trocellen!","isPartOf":{"@id":"https:\/\/insulation.trocellen.com\/es\/#website"},"primaryImageOfPage":{"@id":"https:\/\/insulation.trocellen.com\/es\/herramientas\/software-de-calculo-trocellen\/#primaryimage"},"image":{"@id":"https:\/\/insulation.trocellen.com\/es\/herramientas\/software-de-calculo-trocellen\/#primaryimage"},"thumbnailUrl":"https:\/\/insulation.trocellen.com\/wp-content\/uploads\/sites\/6\/2023\/06\/fejlec-calc-softwr.jpg","datePublished":"2021-10-29T08:41:06+00:00","dateModified":"2023-07-10T11:24:09+00:00","description":"\u00c9sta es probablemente la forma m\u00e1s f\u00e1cil y fiable para calcular las necesidades de aislamiento de sus proyectos.","breadcrumb":{"@id":"https:\/\/insulation.trocellen.com\/es\/herramientas\/software-de-calculo-trocellen\/#breadcrumb"},"inLanguage":"es","potentialAction":[{"@type":"ReadAction","target":["https:\/\/insulation.trocellen.com\/es\/herramientas\/software-de-calculo-trocellen\/"]}]},{"@type":"ImageObject","inLanguage":"es","@id":"https:\/\/insulation.trocellen.com\/es\/herramientas\/software-de-calculo-trocellen\/#primaryimage","url":"https:\/\/insulation.trocellen.com\/wp-content\/uploads\/sites\/6\/2023\/06\/fejlec-calc-softwr.jpg","contentUrl":"https:\/\/insulation.trocellen.com\/wp-content\/uploads\/sites\/6\/2023\/06\/fejlec-calc-softwr.jpg","width":1920,"height":300},{"@type":"BreadcrumbList","@id":"https:\/\/insulation.trocellen.com\/es\/herramientas\/software-de-calculo-trocellen\/#breadcrumb","itemListElement":[{"@type":"ListItem","position":1,"name":"Home","item":"https:\/\/insulation.trocellen.com\/es\/"},{"@type":"ListItem","position":2,"name":"Herramientas","item":"https:\/\/insulation.trocellen.com\/es\/herramientas\/"},{"@type":"ListItem","position":3,"name":"Software de c\u00e1lculo Trocellen"}]},{"@type":"WebSite","@id":"https:\/\/insulation.trocellen.com\/es\/#website","url":"https:\/\/insulation.trocellen.com\/es\/","name":"Trocellen Insulation","description":"","potentialAction":[{"@type":"SearchAction","target":{"@type":"EntryPoint","urlTemplate":"https:\/\/insulation.trocellen.com\/es\/?s={search_term_string}"},"query-input":{"@type":"PropertyValueSpecification","valueRequired":true,"valueName":"search_term_string"}}],"inLanguage":"es"}]}},"_links":{"self":[{"href":"https:\/\/insulation.trocellen.com\/es\/wp-json\/wp\/v2\/pages\/4525","targetHints":{"allow":["GET"]}}],"collection":[{"href":"https:\/\/insulation.trocellen.com\/es\/wp-json\/wp\/v2\/pages"}],"about":[{"href":"https:\/\/insulation.trocellen.com\/es\/wp-json\/wp\/v2\/types\/page"}],"author":[{"embeddable":true,"href":"https:\/\/insulation.trocellen.com\/es\/wp-json\/wp\/v2\/users\/1"}],"replies":[{"embeddable":true,"href":"https:\/\/insulation.trocellen.com\/es\/wp-json\/wp\/v2\/comments?post=4525"}],"version-history":[{"count":3,"href":"https:\/\/insulation.trocellen.com\/es\/wp-json\/wp\/v2\/pages\/4525\/revisions"}],"predecessor-version":[{"id":9793,"href":"https:\/\/insulation.trocellen.com\/es\/wp-json\/wp\/v2\/pages\/4525\/revisions\/9793"}],"up":[{"embeddable":true,"href":"https:\/\/insulation.trocellen.com\/es\/wp-json\/wp\/v2\/pages\/4429"}],"wp:featuredmedia":[{"embeddable":true,"href":"https:\/\/insulation.trocellen.com\/es\/wp-json\/wp\/v2\/media\/9401"}],"wp:attachment":[{"href":"https:\/\/insulation.trocellen.com\/es\/wp-json\/wp\/v2\/media?parent=4525"}],"curies":[{"name":"wp","href":"https:\/\/api.w.org\/{rel}","templated":true}]}}