{"id":4505,"date":"2021-03-08T12:16:36","date_gmt":"2021-03-08T12:16:36","guid":{"rendered":"https:\/\/insulation-new.trocellen.com\/onepagers-de-bricolaje\/"},"modified":"2023-07-10T11:22:51","modified_gmt":"2023-07-10T11:22:51","slug":"onepagers-de-bricolaje","status":"publish","type":"page","link":"https:\/\/insulation.trocellen.com\/es\/herramientas\/onepagers-de-bricolaje\/","title":{"rendered":"Onepagers de bricolaje"},"content":{"rendered":"\n<p><strong>TROCELLEN TAPES<\/strong><\/p>\n\n\n\n<ul class=\"wp-block-list\">\n<li><a href=\"https:\/\/go.insulation.trocellen.com\/TROCELLEN-ALU-DUPLEX-45-mm_pdf\" target=\"_blank\" rel=\"noreferrer noopener\">TROCELLEN ALU DUPLEX 45 mm<\/a><\/li>\n<\/ul>\n\n\n\n<p><strong>TROCELLEN GASKET<\/strong><\/p>\n\n\n\n<ul class=\"wp-block-list\">\n<li><a href=\"https:\/\/go.insulation.trocellen.com\/TROCELLEN-GASKET-N-5mm_pdf\" target=\"_blank\" rel=\"noreferrer noopener\">TROCELLEN GASKET N 5mm<\/a><\/li>\n\n\n\n<li><a href=\"https:\/\/go.insulation.trocellen.com\/TROCELLEN-GASKET-N-5mm-HR_pdf\" target=\"_blank\" rel=\"noreferrer noopener\">TROCELLEN GASKET N 5mm HR<\/a><\/li>\n\n\n\n<li><a href=\"https:\/\/go.insulation.trocellen.com\/TROCELLEN-GASKET-N-3mm_pdf\" target=\"_blank\" rel=\"noreferrer noopener\">TROCELLEN GASKET N 3mm<\/a><\/li>\n\n\n\n<li><a href=\"https:\/\/go.insulation.trocellen.com\/TROCELLEN-GASKET-N-3mm-HR_pdf\" target=\"_blank\" rel=\"noreferrer noopener\">TROCELLEN GASKET N 3mm HR<\/a><\/li>\n\n\n\n<li><a href=\"https:\/\/go.insulation.trocellen.com\/TROCELLEN-GASKET-AL-CL1-3mm-HR_pdf\" target=\"_blank\" rel=\"noreferrer noopener\">TROCELLEN GASKET AL-CL1 3mm HR<\/a><\/li>\n<\/ul>\n\n\n\n<p><strong>TROCELLEN ROLLS<\/strong><\/p>\n\n\n\n<ul class=\"wp-block-list\">\n<li><a href=\"https:\/\/go.insulation.trocellen.com\/TROCELLEN-ROLLER-SHUTTER-6mm_pdf\" target=\"_blank\" rel=\"noreferrer noopener\">TROCELLEN ROLLER SHUTTER 6mm<\/a><\/li>\n\n\n\n<li><a href=\"https:\/\/insulation.trocellen.com\/wp-content\/uploads\/sites\/6\/2022\/02\/TROCELLEN-ROLLER-SHUTTER-3mm.pdf\" target=\"_blank\" rel=\"noreferrer noopener\">TROCELLEN ROLLER SHUTTER 3mm<\/a><\/li>\n\n\n\n<li><a href=\"https:\/\/go.insulation.trocellen.com\/TROCELLEN-HEAT-MIRROR_pdf\" target=\"_blank\" rel=\"noreferrer noopener\">TROCELLEN HEAT MIRROR<\/a><\/li>\n\n\n\n<li><a href=\"https:\/\/go.insulation.trocellen.com\/TROCELLEN-ROLLER-SHUTTER-8mm_IT_EN_DE_FR_pdf\" target=\"_blank\" rel=\"noreferrer noopener\">TROCELLEN ROLLER SHUTTER 8mm<\/a><\/li>\n<\/ul>\n","protected":false},"excerpt":{"rendered":"<p>TROCELLEN TAPES TROCELLEN GASKET TROCELLEN ROLLS<\/p>\n","protected":false},"author":1,"featured_media":8775,"parent":4429,"menu_order":700,"comment_status":"closed","ping_status":"closed","template":"","meta":{"_acf_changed":false,"footnotes":""},"class_list":["post-4505","page","type-page","status-publish","has-post-thumbnail","hentry"],"acf":[],"yoast_head":"<!-- This site is optimized with the Yoast SEO plugin v23.5 - https:\/\/yoast.com\/wordpress\/plugins\/seo\/ -->\n<title>\u00a1Descargue los folletos de una p\u00e1gina de los productos DIY!<\/title>\n<meta name=\"description\" content=\"\u00bfC\u00f3mo se utilizan y para qu\u00e9 sirven? Compru\u00e9belo en los folletos de una p\u00e1gina de los productos aislantes de Trocellen\" \/>\n<meta name=\"robots\" content=\"index, follow, max-snippet:-1, max-image-preview:large, max-video-preview:-1\" \/>\n<link rel=\"canonical\" href=\"https:\/\/insulation.trocellen.com\/es\/herramientas\/onepagers-de-bricolaje\/\" \/>\n<meta property=\"og:locale\" content=\"es_ES\" \/>\n<meta property=\"og:type\" content=\"article\" \/>\n<meta property=\"og:title\" content=\"\u00a1Descargue los folletos de una p\u00e1gina de los productos DIY!\" \/>\n<meta property=\"og:description\" content=\"\u00bfC\u00f3mo se utilizan y para qu\u00e9 sirven? Compru\u00e9belo en los folletos de una p\u00e1gina de los productos aislantes de Trocellen\" \/>\n<meta property=\"og:url\" content=\"https:\/\/insulation.trocellen.com\/es\/herramientas\/onepagers-de-bricolaje\/\" \/>\n<meta property=\"og:site_name\" content=\"Trocellen Insulation\" \/>\n<meta property=\"article:modified_time\" content=\"2023-07-10T11:22:51+00:00\" \/>\n<meta property=\"og:image\" content=\"https:\/\/insulation.trocellen.com\/wp-content\/uploads\/sites\/6\/2023\/05\/Declarations-fejlec.jpg\" \/>\n\t<meta property=\"og:image:width\" content=\"1920\" \/>\n\t<meta property=\"og:image:height\" content=\"300\" \/>\n\t<meta property=\"og:image:type\" content=\"image\/jpeg\" \/>\n<meta name=\"twitter:card\" content=\"summary_large_image\" \/>\n<meta name=\"twitter:label1\" content=\"Tiempo de lectura\" \/>\n\t<meta name=\"twitter:data1\" content=\"1 minuto\" \/>\n<script type=\"application\/ld+json\" class=\"yoast-schema-graph\">{\"@context\":\"https:\/\/schema.org\",\"@graph\":[{\"@type\":\"WebPage\",\"@id\":\"https:\/\/insulation.trocellen.com\/es\/herramientas\/onepagers-de-bricolaje\/\",\"url\":\"https:\/\/insulation.trocellen.com\/es\/herramientas\/onepagers-de-bricolaje\/\",\"name\":\"\u00a1Descargue los folletos de una p\u00e1gina de los productos DIY!\",\"isPartOf\":{\"@id\":\"https:\/\/insulation.trocellen.com\/es\/#website\"},\"primaryImageOfPage\":{\"@id\":\"https:\/\/insulation.trocellen.com\/es\/herramientas\/onepagers-de-bricolaje\/#primaryimage\"},\"image\":{\"@id\":\"https:\/\/insulation.trocellen.com\/es\/herramientas\/onepagers-de-bricolaje\/#primaryimage\"},\"thumbnailUrl\":\"https:\/\/insulation.trocellen.com\/wp-content\/uploads\/sites\/6\/2023\/05\/Declarations-fejlec.jpg\",\"datePublished\":\"2021-03-08T12:16:36+00:00\",\"dateModified\":\"2023-07-10T11:22:51+00:00\",\"description\":\"\u00bfC\u00f3mo se utilizan y para qu\u00e9 sirven? Compru\u00e9belo en los folletos de una p\u00e1gina de los productos aislantes de Trocellen\",\"breadcrumb\":{\"@id\":\"https:\/\/insulation.trocellen.com\/es\/herramientas\/onepagers-de-bricolaje\/#breadcrumb\"},\"inLanguage\":\"es\",\"potentialAction\":[{\"@type\":\"ReadAction\",\"target\":[\"https:\/\/insulation.trocellen.com\/es\/herramientas\/onepagers-de-bricolaje\/\"]}]},{\"@type\":\"ImageObject\",\"inLanguage\":\"es\",\"@id\":\"https:\/\/insulation.trocellen.com\/es\/herramientas\/onepagers-de-bricolaje\/#primaryimage\",\"url\":\"https:\/\/insulation.trocellen.com\/wp-content\/uploads\/sites\/6\/2023\/05\/Declarations-fejlec.jpg\",\"contentUrl\":\"https:\/\/insulation.trocellen.com\/wp-content\/uploads\/sites\/6\/2023\/05\/Declarations-fejlec.jpg\",\"width\":1920,\"height\":300},{\"@type\":\"BreadcrumbList\",\"@id\":\"https:\/\/insulation.trocellen.com\/es\/herramientas\/onepagers-de-bricolaje\/#breadcrumb\",\"itemListElement\":[{\"@type\":\"ListItem\",\"position\":1,\"name\":\"Home\",\"item\":\"https:\/\/insulation.trocellen.com\/es\/\"},{\"@type\":\"ListItem\",\"position\":2,\"name\":\"Herramientas\",\"item\":\"https:\/\/insulation.trocellen.com\/es\/herramientas\/\"},{\"@type\":\"ListItem\",\"position\":3,\"name\":\"Onepagers de bricolaje\"}]},{\"@type\":\"WebSite\",\"@id\":\"https:\/\/insulation.trocellen.com\/es\/#website\",\"url\":\"https:\/\/insulation.trocellen.com\/es\/\",\"name\":\"Trocellen Insulation\",\"description\":\"\",\"potentialAction\":[{\"@type\":\"SearchAction\",\"target\":{\"@type\":\"EntryPoint\",\"urlTemplate\":\"https:\/\/insulation.trocellen.com\/es\/?s={search_term_string}\"},\"query-input\":{\"@type\":\"PropertyValueSpecification\",\"valueRequired\":true,\"valueName\":\"search_term_string\"}}],\"inLanguage\":\"es\"}]}<\/script>\n<!-- \/ Yoast SEO plugin. -->","yoast_head_json":{"title":"\u00a1Descargue los folletos de una p\u00e1gina de los productos DIY!","description":"\u00bfC\u00f3mo se utilizan y para qu\u00e9 sirven? Compru\u00e9belo en los folletos de una p\u00e1gina de los productos aislantes de Trocellen","robots":{"index":"index","follow":"follow","max-snippet":"max-snippet:-1","max-image-preview":"max-image-preview:large","max-video-preview":"max-video-preview:-1"},"canonical":"https:\/\/insulation.trocellen.com\/es\/herramientas\/onepagers-de-bricolaje\/","og_locale":"es_ES","og_type":"article","og_title":"\u00a1Descargue los folletos de una p\u00e1gina de los productos DIY!","og_description":"\u00bfC\u00f3mo se utilizan y para qu\u00e9 sirven? Compru\u00e9belo en los folletos de una p\u00e1gina de los productos aislantes de Trocellen","og_url":"https:\/\/insulation.trocellen.com\/es\/herramientas\/onepagers-de-bricolaje\/","og_site_name":"Trocellen Insulation","article_modified_time":"2023-07-10T11:22:51+00:00","og_image":[{"width":1920,"height":300,"url":"https:\/\/insulation.trocellen.com\/wp-content\/uploads\/sites\/6\/2023\/05\/Declarations-fejlec.jpg","type":"image\/jpeg"}],"twitter_card":"summary_large_image","twitter_misc":{"Tiempo de lectura":"1 minuto"},"schema":{"@context":"https:\/\/schema.org","@graph":[{"@type":"WebPage","@id":"https:\/\/insulation.trocellen.com\/es\/herramientas\/onepagers-de-bricolaje\/","url":"https:\/\/insulation.trocellen.com\/es\/herramientas\/onepagers-de-bricolaje\/","name":"\u00a1Descargue los folletos de una p\u00e1gina de los productos DIY!","isPartOf":{"@id":"https:\/\/insulation.trocellen.com\/es\/#website"},"primaryImageOfPage":{"@id":"https:\/\/insulation.trocellen.com\/es\/herramientas\/onepagers-de-bricolaje\/#primaryimage"},"image":{"@id":"https:\/\/insulation.trocellen.com\/es\/herramientas\/onepagers-de-bricolaje\/#primaryimage"},"thumbnailUrl":"https:\/\/insulation.trocellen.com\/wp-content\/uploads\/sites\/6\/2023\/05\/Declarations-fejlec.jpg","datePublished":"2021-03-08T12:16:36+00:00","dateModified":"2023-07-10T11:22:51+00:00","description":"\u00bfC\u00f3mo se utilizan y para qu\u00e9 sirven? Compru\u00e9belo en los folletos de una p\u00e1gina de los productos aislantes de Trocellen","breadcrumb":{"@id":"https:\/\/insulation.trocellen.com\/es\/herramientas\/onepagers-de-bricolaje\/#breadcrumb"},"inLanguage":"es","potentialAction":[{"@type":"ReadAction","target":["https:\/\/insulation.trocellen.com\/es\/herramientas\/onepagers-de-bricolaje\/"]}]},{"@type":"ImageObject","inLanguage":"es","@id":"https:\/\/insulation.trocellen.com\/es\/herramientas\/onepagers-de-bricolaje\/#primaryimage","url":"https:\/\/insulation.trocellen.com\/wp-content\/uploads\/sites\/6\/2023\/05\/Declarations-fejlec.jpg","contentUrl":"https:\/\/insulation.trocellen.com\/wp-content\/uploads\/sites\/6\/2023\/05\/Declarations-fejlec.jpg","width":1920,"height":300},{"@type":"BreadcrumbList","@id":"https:\/\/insulation.trocellen.com\/es\/herramientas\/onepagers-de-bricolaje\/#breadcrumb","itemListElement":[{"@type":"ListItem","position":1,"name":"Home","item":"https:\/\/insulation.trocellen.com\/es\/"},{"@type":"ListItem","position":2,"name":"Herramientas","item":"https:\/\/insulation.trocellen.com\/es\/herramientas\/"},{"@type":"ListItem","position":3,"name":"Onepagers de bricolaje"}]},{"@type":"WebSite","@id":"https:\/\/insulation.trocellen.com\/es\/#website","url":"https:\/\/insulation.trocellen.com\/es\/","name":"Trocellen Insulation","description":"","potentialAction":[{"@type":"SearchAction","target":{"@type":"EntryPoint","urlTemplate":"https:\/\/insulation.trocellen.com\/es\/?s={search_term_string}"},"query-input":{"@type":"PropertyValueSpecification","valueRequired":true,"valueName":"search_term_string"}}],"inLanguage":"es"}]}},"_links":{"self":[{"href":"https:\/\/insulation.trocellen.com\/es\/wp-json\/wp\/v2\/pages\/4505","targetHints":{"allow":["GET"]}}],"collection":[{"href":"https:\/\/insulation.trocellen.com\/es\/wp-json\/wp\/v2\/pages"}],"about":[{"href":"https:\/\/insulation.trocellen.com\/es\/wp-json\/wp\/v2\/types\/page"}],"author":[{"embeddable":true,"href":"https:\/\/insulation.trocellen.com\/es\/wp-json\/wp\/v2\/users\/1"}],"replies":[{"embeddable":true,"href":"https:\/\/insulation.trocellen.com\/es\/wp-json\/wp\/v2\/comments?post=4505"}],"version-history":[{"count":2,"href":"https:\/\/insulation.trocellen.com\/es\/wp-json\/wp\/v2\/pages\/4505\/revisions"}],"predecessor-version":[{"id":9791,"href":"https:\/\/insulation.trocellen.com\/es\/wp-json\/wp\/v2\/pages\/4505\/revisions\/9791"}],"up":[{"embeddable":true,"href":"https:\/\/insulation.trocellen.com\/es\/wp-json\/wp\/v2\/pages\/4429"}],"wp:featuredmedia":[{"embeddable":true,"href":"https:\/\/insulation.trocellen.com\/es\/wp-json\/wp\/v2\/media\/8775"}],"wp:attachment":[{"href":"https:\/\/insulation.trocellen.com\/es\/wp-json\/wp\/v2\/media?parent=4505"}],"curies":[{"name":"wp","href":"https:\/\/api.w.org\/{rel}","templated":true}]}}