{"id":4471,"date":"2020-07-09T13:22:39","date_gmt":"2020-07-09T13:22:39","guid":{"rendered":"https:\/\/insulation-new.trocellen.com\/isolmass-3-tech-fr\/"},"modified":"2023-07-10T11:01:56","modified_gmt":"2023-07-10T11:01:56","slug":"isolmass-3-tech-fr","status":"publish","type":"page","link":"https:\/\/insulation.trocellen.com\/es\/applications\/aislamiento-acustico-de-bajantes\/isolmass-3-tech-fr\/","title":{"rendered":"ISOLMASS 3 TECH FR"},"content":{"rendered":"<h3>PRODUCTO DE CAPA GRUESA: LA ALTERNATIVA AL PLOMO<\/h3>\n<p>Bajo la marca APLOMB, TROCELLEN comercializa ya durante muchos a\u00f1os un producto multicapa, con una o m\u00e1s hojas de plomo, laminadas con materiales aislantes flexibles. Los instaladores y dise\u00f1adores no siempre aceptan el uso de plomo sin reservas. Por esta raz\u00f3n, hemos desarrollado una alternativa con una capa gruesa de poliolefina.<\/p>\n<h3>VENTAJAS<\/h3>\n<table class=\"with-border\">\n<tbody>\n<tr>\n<td>ACABADO<\/td>\n<td>Productos multicapa a base de poliolefina<\/td>\n<\/tr>\n<tr>\n<td>C\u00d3MODO<\/td>\n<td>Reducci\u00f3n del ruido<\/td>\n<\/tr>\n<tr>\n<td>SEGURO<\/td>\n<td>Sin plomo<\/td>\n<\/tr>\n<tr>\n<td>RENTABLE<\/td>\n<td>Gran rendimiento con peque\u00f1o grosor<\/td>\n<\/tr>\n<tr>\n<td>APLICACIONES<\/td>\n<td>Adecuado para paredes, tuber\u00edas y equipos t\u00e9cnicos<\/td>\n<\/tr>\n<\/tbody>\n<\/table>\n<h3>L\u00cdNEA DE PRODUCTOS ISOLMASS<\/h3>\n<p>Una gama de productos multicapa, con funda gruesa, laminados con materiales flexibles, resilientes y absorbentes del sonido.<\/p>\n<h2>Isolmass 3 Tech FR<\/h2>\n<p><strong>Composici\u00f3n:<\/strong><\/p>\n<ul>\n<li>(opcional) ALUNET.: l\u00e1mina de aluminio reforzada<\/li>\n<li>capa gruesa, de 3 kg\/m.; grosor de 1,5 mm<\/li>\n<li>capa de fibra de poli\u00e9ster (PET); grosor: 12 mm,&nbsp;con un contenido de reciclado post-consumo del 85% de acuerdo a ISO 14021<\/li>\n<li>Tama\u00f1o: l\u00e1minas de 1,00 x 2,00 m<\/li>\n<\/ul>\n<p><strong>Aplicaciones:<\/strong><\/p>\n<p>Aislamiento ac\u00fastico para tuber\u00edas de desag\u00fce. Este producto debe instalarse de tal modo que la fibra de poli\u00e9ster quede en contacto con la tuber\u00eda. Envu\u00e9lvalo alrededor de la tuber\u00eda; aplique cintas adhesivas en las juntas y, por \u00faltimo, suj\u00e9telo mec\u00e1nicamente en su sitio con correas o abrazaderas de pl\u00e1stico o metal.<\/p>\n<p><strong>Propiedades ac\u00fasticas:<\/strong><\/p>\n<p>Aislamiento del sonido propagado por el aire y las estructuras s\u00f3lidas en instalaciones de aguas residuales \u2013 Reducci\u00f3n del nivel de presi\u00f3n sonora propagada por el aire normalizada Lan (EN&nbsp;14366), seg\u00fan diferentes caudales de agua:<\/p>\n<table class=\"green-table\">\n<tbody>\n<tr>\n<td rowspan=\"2\" width=\"321\">ISOLMASS 3 TECH FR \u2013 INSTALACI\u00d3N EN TUBER\u00cdAS<\/td>\n<td colspan=\"4\" width=\"321\">CAUDAL DE AGUA<\/td>\n<\/tr>\n<tr>\n<td width=\"76\">0,5 l\/s<\/td>\n<td width=\"85\">1 l\/s<\/td>\n<td width=\"76\">2 l\/s<\/td>\n<td width=\"85\">4 l\/s<\/td>\n<\/tr>\n<tr>\n<td width=\"321\">\u2206Lan \u2013 P\u00e9rdida de inserci\u00f3n del sonido propagado por el aire [dB(A)]<\/td>\n<td width=\"76\">12,8<\/td>\n<td width=\"85\">11,3<\/td>\n<td width=\"76\">10,6<\/td>\n<td width=\"85\">10,2<\/td>\n<\/tr>\n<\/tbody>\n<\/table>\n<p><strong>Reacci\u00f3n al fuego:<\/strong><\/p>\n<ul>\n<li>EN 13501-1 Euroclase: B-s2,d0 \/ BL-s1,d0<\/li>\n<li>ISO 3575 100mm\/min: Aprobado<\/li>\n<li>DIN 4102 Clase B2: Aprobado<\/li>\n<\/ul>\n","protected":false},"excerpt":{"rendered":"<p>PRODUCTO DE CAPA GRUESA: LA ALTERNATIVA AL PLOMO Bajo la marca APLOMB, TROCELLEN comercializa ya durante muchos a\u00f1os un producto multicapa, con una o m\u00e1s hojas de plomo, laminadas con materiales aislantes flexibles. Los instaladores y dise\u00f1adores no siempre aceptan el uso de plomo sin reservas. Por esta raz\u00f3n, hemos desarrollado una alternativa con una [&hellip;]<\/p>\n","protected":false},"author":1,"featured_media":8844,"parent":4125,"menu_order":100,"comment_status":"closed","ping_status":"closed","template":"templates\/applications.php","meta":{"_acf_changed":false,"footnotes":""},"class_list":["post-4471","page","type-page","status-publish","has-post-thumbnail","hentry"],"acf":[],"yoast_head":"<!-- This site is optimized with the Yoast SEO plugin v23.5 - https:\/\/yoast.com\/wordpress\/plugins\/seo\/ -->\n<title>Isolmass 3Tech FR es insonorizante ign\u00edfugo para desag\u00fces<\/title>\n<meta name=\"description\" content=\"Isolmass 3Tech FR es el aislamiento ac\u00fastico a ruido a\u00e9reo y estructural de las instalaciones de aguas residuales. Euroclase: B-s2,d0 \/ BL-s1,d0\" \/>\n<meta name=\"robots\" content=\"index, follow, max-snippet:-1, max-image-preview:large, max-video-preview:-1\" \/>\n<link rel=\"canonical\" href=\"https:\/\/insulation.trocellen.com\/es\/applications\/aislamiento-acustico-de-bajantes\/isolmass-3-tech-fr\/\" \/>\n<meta property=\"og:locale\" content=\"es_ES\" \/>\n<meta property=\"og:type\" content=\"article\" \/>\n<meta property=\"og:title\" content=\"Isolmass 3Tech FR es insonorizante ign\u00edfugo para desag\u00fces\" \/>\n<meta property=\"og:description\" content=\"Isolmass 3Tech FR es el aislamiento ac\u00fastico a ruido a\u00e9reo y estructural de las instalaciones de aguas residuales. Euroclase: B-s2,d0 \/ BL-s1,d0\" \/>\n<meta property=\"og:url\" content=\"https:\/\/insulation.trocellen.com\/es\/applications\/aislamiento-acustico-de-bajantes\/isolmass-3-tech-fr\/\" \/>\n<meta property=\"og:site_name\" content=\"Trocellen Insulation\" \/>\n<meta property=\"article:modified_time\" content=\"2023-07-10T11:01:56+00:00\" \/>\n<meta property=\"og:image\" content=\"https:\/\/insulation.trocellen.com\/wp-content\/uploads\/sites\/6\/2023\/05\/Pipes-1.jpg\" \/>\n\t<meta property=\"og:image:width\" content=\"1920\" \/>\n\t<meta property=\"og:image:height\" content=\"300\" \/>\n\t<meta property=\"og:image:type\" content=\"image\/jpeg\" \/>\n<meta name=\"twitter:card\" content=\"summary_large_image\" \/>\n<meta name=\"twitter:label1\" content=\"Tiempo de lectura\" \/>\n\t<meta name=\"twitter:data1\" content=\"2 minutos\" \/>\n<script type=\"application\/ld+json\" class=\"yoast-schema-graph\">{\"@context\":\"https:\/\/schema.org\",\"@graph\":[{\"@type\":\"WebPage\",\"@id\":\"https:\/\/insulation.trocellen.com\/es\/applications\/aislamiento-acustico-de-bajantes\/isolmass-3-tech-fr\/\",\"url\":\"https:\/\/insulation.trocellen.com\/es\/applications\/aislamiento-acustico-de-bajantes\/isolmass-3-tech-fr\/\",\"name\":\"Isolmass 3Tech FR es insonorizante ign\u00edfugo para desag\u00fces\",\"isPartOf\":{\"@id\":\"https:\/\/insulation.trocellen.com\/es\/#website\"},\"primaryImageOfPage\":{\"@id\":\"https:\/\/insulation.trocellen.com\/es\/applications\/aislamiento-acustico-de-bajantes\/isolmass-3-tech-fr\/#primaryimage\"},\"image\":{\"@id\":\"https:\/\/insulation.trocellen.com\/es\/applications\/aislamiento-acustico-de-bajantes\/isolmass-3-tech-fr\/#primaryimage\"},\"thumbnailUrl\":\"https:\/\/insulation.trocellen.com\/wp-content\/uploads\/sites\/6\/2023\/05\/Pipes-1.jpg\",\"datePublished\":\"2020-07-09T13:22:39+00:00\",\"dateModified\":\"2023-07-10T11:01:56+00:00\",\"description\":\"Isolmass 3Tech FR es el aislamiento ac\u00fastico a ruido a\u00e9reo y estructural de las instalaciones de aguas residuales. Euroclase: B-s2,d0 \/ BL-s1,d0\",\"breadcrumb\":{\"@id\":\"https:\/\/insulation.trocellen.com\/es\/applications\/aislamiento-acustico-de-bajantes\/isolmass-3-tech-fr\/#breadcrumb\"},\"inLanguage\":\"es\",\"potentialAction\":[{\"@type\":\"ReadAction\",\"target\":[\"https:\/\/insulation.trocellen.com\/es\/applications\/aislamiento-acustico-de-bajantes\/isolmass-3-tech-fr\/\"]}]},{\"@type\":\"ImageObject\",\"inLanguage\":\"es\",\"@id\":\"https:\/\/insulation.trocellen.com\/es\/applications\/aislamiento-acustico-de-bajantes\/isolmass-3-tech-fr\/#primaryimage\",\"url\":\"https:\/\/insulation.trocellen.com\/wp-content\/uploads\/sites\/6\/2023\/05\/Pipes-1.jpg\",\"contentUrl\":\"https:\/\/insulation.trocellen.com\/wp-content\/uploads\/sites\/6\/2023\/05\/Pipes-1.jpg\",\"width\":1920,\"height\":300},{\"@type\":\"BreadcrumbList\",\"@id\":\"https:\/\/insulation.trocellen.com\/es\/applications\/aislamiento-acustico-de-bajantes\/isolmass-3-tech-fr\/#breadcrumb\",\"itemListElement\":[{\"@type\":\"ListItem\",\"position\":1,\"name\":\"Home\",\"item\":\"https:\/\/insulation.trocellen.com\/es\/\"},{\"@type\":\"ListItem\",\"position\":2,\"name\":\"Aplicaciones\",\"item\":\"https:\/\/insulation.trocellen.com\/es\/applications\/\"},{\"@type\":\"ListItem\",\"position\":3,\"name\":\"Aislamiento ac\u00fastico de bajantes\",\"item\":\"https:\/\/insulation.trocellen.com\/es\/applications\/aislamiento-acustico-de-bajantes\/\"},{\"@type\":\"ListItem\",\"position\":4,\"name\":\"ISOLMASS 3 TECH FR\"}]},{\"@type\":\"WebSite\",\"@id\":\"https:\/\/insulation.trocellen.com\/es\/#website\",\"url\":\"https:\/\/insulation.trocellen.com\/es\/\",\"name\":\"Trocellen Insulation\",\"description\":\"\",\"potentialAction\":[{\"@type\":\"SearchAction\",\"target\":{\"@type\":\"EntryPoint\",\"urlTemplate\":\"https:\/\/insulation.trocellen.com\/es\/?s={search_term_string}\"},\"query-input\":{\"@type\":\"PropertyValueSpecification\",\"valueRequired\":true,\"valueName\":\"search_term_string\"}}],\"inLanguage\":\"es\"}]}<\/script>\n<!-- \/ Yoast SEO plugin. -->","yoast_head_json":{"title":"Isolmass 3Tech FR es insonorizante ign\u00edfugo para desag\u00fces","description":"Isolmass 3Tech FR es el aislamiento ac\u00fastico a ruido a\u00e9reo y estructural de las instalaciones de aguas residuales. Euroclase: B-s2,d0 \/ BL-s1,d0","robots":{"index":"index","follow":"follow","max-snippet":"max-snippet:-1","max-image-preview":"max-image-preview:large","max-video-preview":"max-video-preview:-1"},"canonical":"https:\/\/insulation.trocellen.com\/es\/applications\/aislamiento-acustico-de-bajantes\/isolmass-3-tech-fr\/","og_locale":"es_ES","og_type":"article","og_title":"Isolmass 3Tech FR es insonorizante ign\u00edfugo para desag\u00fces","og_description":"Isolmass 3Tech FR es el aislamiento ac\u00fastico a ruido a\u00e9reo y estructural de las instalaciones de aguas residuales. Euroclase: B-s2,d0 \/ BL-s1,d0","og_url":"https:\/\/insulation.trocellen.com\/es\/applications\/aislamiento-acustico-de-bajantes\/isolmass-3-tech-fr\/","og_site_name":"Trocellen Insulation","article_modified_time":"2023-07-10T11:01:56+00:00","og_image":[{"width":1920,"height":300,"url":"https:\/\/insulation.trocellen.com\/wp-content\/uploads\/sites\/6\/2023\/05\/Pipes-1.jpg","type":"image\/jpeg"}],"twitter_card":"summary_large_image","twitter_misc":{"Tiempo de lectura":"2 minutos"},"schema":{"@context":"https:\/\/schema.org","@graph":[{"@type":"WebPage","@id":"https:\/\/insulation.trocellen.com\/es\/applications\/aislamiento-acustico-de-bajantes\/isolmass-3-tech-fr\/","url":"https:\/\/insulation.trocellen.com\/es\/applications\/aislamiento-acustico-de-bajantes\/isolmass-3-tech-fr\/","name":"Isolmass 3Tech FR es insonorizante ign\u00edfugo para desag\u00fces","isPartOf":{"@id":"https:\/\/insulation.trocellen.com\/es\/#website"},"primaryImageOfPage":{"@id":"https:\/\/insulation.trocellen.com\/es\/applications\/aislamiento-acustico-de-bajantes\/isolmass-3-tech-fr\/#primaryimage"},"image":{"@id":"https:\/\/insulation.trocellen.com\/es\/applications\/aislamiento-acustico-de-bajantes\/isolmass-3-tech-fr\/#primaryimage"},"thumbnailUrl":"https:\/\/insulation.trocellen.com\/wp-content\/uploads\/sites\/6\/2023\/05\/Pipes-1.jpg","datePublished":"2020-07-09T13:22:39+00:00","dateModified":"2023-07-10T11:01:56+00:00","description":"Isolmass 3Tech FR es el aislamiento ac\u00fastico a ruido a\u00e9reo y estructural de las instalaciones de aguas residuales. Euroclase: B-s2,d0 \/ BL-s1,d0","breadcrumb":{"@id":"https:\/\/insulation.trocellen.com\/es\/applications\/aislamiento-acustico-de-bajantes\/isolmass-3-tech-fr\/#breadcrumb"},"inLanguage":"es","potentialAction":[{"@type":"ReadAction","target":["https:\/\/insulation.trocellen.com\/es\/applications\/aislamiento-acustico-de-bajantes\/isolmass-3-tech-fr\/"]}]},{"@type":"ImageObject","inLanguage":"es","@id":"https:\/\/insulation.trocellen.com\/es\/applications\/aislamiento-acustico-de-bajantes\/isolmass-3-tech-fr\/#primaryimage","url":"https:\/\/insulation.trocellen.com\/wp-content\/uploads\/sites\/6\/2023\/05\/Pipes-1.jpg","contentUrl":"https:\/\/insulation.trocellen.com\/wp-content\/uploads\/sites\/6\/2023\/05\/Pipes-1.jpg","width":1920,"height":300},{"@type":"BreadcrumbList","@id":"https:\/\/insulation.trocellen.com\/es\/applications\/aislamiento-acustico-de-bajantes\/isolmass-3-tech-fr\/#breadcrumb","itemListElement":[{"@type":"ListItem","position":1,"name":"Home","item":"https:\/\/insulation.trocellen.com\/es\/"},{"@type":"ListItem","position":2,"name":"Aplicaciones","item":"https:\/\/insulation.trocellen.com\/es\/applications\/"},{"@type":"ListItem","position":3,"name":"Aislamiento ac\u00fastico de bajantes","item":"https:\/\/insulation.trocellen.com\/es\/applications\/aislamiento-acustico-de-bajantes\/"},{"@type":"ListItem","position":4,"name":"ISOLMASS 3 TECH FR"}]},{"@type":"WebSite","@id":"https:\/\/insulation.trocellen.com\/es\/#website","url":"https:\/\/insulation.trocellen.com\/es\/","name":"Trocellen Insulation","description":"","potentialAction":[{"@type":"SearchAction","target":{"@type":"EntryPoint","urlTemplate":"https:\/\/insulation.trocellen.com\/es\/?s={search_term_string}"},"query-input":{"@type":"PropertyValueSpecification","valueRequired":true,"valueName":"search_term_string"}}],"inLanguage":"es"}]}},"_links":{"self":[{"href":"https:\/\/insulation.trocellen.com\/es\/wp-json\/wp\/v2\/pages\/4471","targetHints":{"allow":["GET"]}}],"collection":[{"href":"https:\/\/insulation.trocellen.com\/es\/wp-json\/wp\/v2\/pages"}],"about":[{"href":"https:\/\/insulation.trocellen.com\/es\/wp-json\/wp\/v2\/types\/page"}],"author":[{"embeddable":true,"href":"https:\/\/insulation.trocellen.com\/es\/wp-json\/wp\/v2\/users\/1"}],"replies":[{"embeddable":true,"href":"https:\/\/insulation.trocellen.com\/es\/wp-json\/wp\/v2\/comments?post=4471"}],"version-history":[{"count":3,"href":"https:\/\/insulation.trocellen.com\/es\/wp-json\/wp\/v2\/pages\/4471\/revisions"}],"predecessor-version":[{"id":9768,"href":"https:\/\/insulation.trocellen.com\/es\/wp-json\/wp\/v2\/pages\/4471\/revisions\/9768"}],"up":[{"embeddable":true,"href":"https:\/\/insulation.trocellen.com\/es\/wp-json\/wp\/v2\/pages\/4125"}],"wp:featuredmedia":[{"embeddable":true,"href":"https:\/\/insulation.trocellen.com\/es\/wp-json\/wp\/v2\/media\/8844"}],"wp:attachment":[{"href":"https:\/\/insulation.trocellen.com\/es\/wp-json\/wp\/v2\/media?parent=4471"}],"curies":[{"name":"wp","href":"https:\/\/api.w.org\/{rel}","templated":true}]}}