{"id":4453,"date":"2018-08-01T12:41:10","date_gmt":"2018-08-01T12:41:10","guid":{"rendered":"https:\/\/insulation-new.trocellen.com\/bim-objetos\/"},"modified":"2023-07-10T11:21:37","modified_gmt":"2023-07-10T11:21:37","slug":"bim-objetos","status":"publish","type":"page","link":"https:\/\/insulation.trocellen.com\/es\/herramientas\/bim-objetos\/","title":{"rendered":"BIM Objetos"},"content":{"rendered":"<p>BIM (acr\u00f3nimo de la modelizaci\u00f3n de los datos de construcci\u00f3n en ingl\u00e9s, \u201c<em>Building Information Modeling<\/em>\u201d) representa un m\u00e9todo para la optimizaci\u00f3n de la planificaci\u00f3n, creaci\u00f3n, desarrollo y gesti\u00f3n de la construcci\u00f3n durante el ciclo de vida entero del proyecto. El proceso BIM puede hacer que tus proyectos sean m\u00e1s simples y r\u00e1pidos, y Trocellen est\u00e1 listo para apoyarle.<\/p>\n<p>De hecho, Trocellen ha desarrollado objetos BIM de sus productos, con el fin de facilitar la aplicaci\u00f3n en softwares espec\u00edficos (por ejemplo en Revit y ArchiCAD) dentro de la realizaci\u00f3n del proyecto. Usted puede utilizar nuestros materiales de aislamiento dentro de los proyectos, gracias a los objetos digitalizados de BIM que proporciona planos CAD y caracter\u00edsticas t\u00e9cnicas al mismo tiempo.<\/p>\n<p>\u00a1Inicie la descarga de los objetos BIM Trocellen y disfrute de sus proyectos!<\/p>\n","protected":false},"excerpt":{"rendered":"<p>BIM (acr\u00f3nimo de la modelizaci\u00f3n de los datos de construcci\u00f3n en ingl\u00e9s, \u201cBuilding Information Modeling\u201d) representa un m\u00e9todo para la optimizaci\u00f3n de la planificaci\u00f3n, creaci\u00f3n, desarrollo y gesti\u00f3n de la construcci\u00f3n durante el ciclo de vida entero del proyecto. El proceso BIM puede hacer que tus proyectos sean m\u00e1s simples y r\u00e1pidos, y Trocellen est\u00e1 [&hellip;]<\/p>\n","protected":false},"author":1,"featured_media":0,"parent":4429,"menu_order":400,"comment_status":"closed","ping_status":"closed","template":"templates\/bim.php","meta":{"_acf_changed":false,"footnotes":""},"class_list":["post-4453","page","type-page","status-publish","hentry"],"acf":[],"yoast_head":"<!-- This site is optimized with the Yoast SEO plugin v23.5 - https:\/\/yoast.com\/wordpress\/plugins\/seo\/ -->\n<title>Descargue los objetos BIM y util\u00edcelos en su proyecto<\/title>\n<meta name=\"description\" content=\"Trocellen ha desarrollado objetos BIM de sus productos, para facilitar la aplicaci\u00f3n en Revit y ArchiCAD. \u00a1Desc\u00e1rguelo ahora!\" \/>\n<meta name=\"robots\" content=\"index, follow, max-snippet:-1, max-image-preview:large, max-video-preview:-1\" \/>\n<link rel=\"canonical\" href=\"https:\/\/insulation.trocellen.com\/es\/herramientas\/bim-objetos\/\" \/>\n<meta property=\"og:locale\" content=\"es_ES\" \/>\n<meta property=\"og:type\" content=\"article\" \/>\n<meta property=\"og:title\" content=\"Descargue los objetos BIM y util\u00edcelos en su proyecto\" \/>\n<meta property=\"og:description\" content=\"Trocellen ha desarrollado objetos BIM de sus productos, para facilitar la aplicaci\u00f3n en Revit y ArchiCAD. \u00a1Desc\u00e1rguelo ahora!\" \/>\n<meta property=\"og:url\" content=\"https:\/\/insulation.trocellen.com\/es\/herramientas\/bim-objetos\/\" \/>\n<meta property=\"og:site_name\" content=\"Trocellen Insulation\" \/>\n<meta property=\"article:modified_time\" content=\"2023-07-10T11:21:37+00:00\" \/>\n<meta name=\"twitter:card\" content=\"summary_large_image\" \/>\n<meta name=\"twitter:label1\" content=\"Tiempo de lectura\" \/>\n\t<meta name=\"twitter:data1\" content=\"1 minuto\" \/>\n<script type=\"application\/ld+json\" class=\"yoast-schema-graph\">{\"@context\":\"https:\/\/schema.org\",\"@graph\":[{\"@type\":\"WebPage\",\"@id\":\"https:\/\/insulation.trocellen.com\/es\/herramientas\/bim-objetos\/\",\"url\":\"https:\/\/insulation.trocellen.com\/es\/herramientas\/bim-objetos\/\",\"name\":\"Descargue los objetos BIM y util\u00edcelos en su proyecto\",\"isPartOf\":{\"@id\":\"https:\/\/insulation.trocellen.com\/es\/#website\"},\"datePublished\":\"2018-08-01T12:41:10+00:00\",\"dateModified\":\"2023-07-10T11:21:37+00:00\",\"description\":\"Trocellen ha desarrollado objetos BIM de sus productos, para facilitar la aplicaci\u00f3n en Revit y ArchiCAD. \u00a1Desc\u00e1rguelo ahora!\",\"breadcrumb\":{\"@id\":\"https:\/\/insulation.trocellen.com\/es\/herramientas\/bim-objetos\/#breadcrumb\"},\"inLanguage\":\"es\",\"potentialAction\":[{\"@type\":\"ReadAction\",\"target\":[\"https:\/\/insulation.trocellen.com\/es\/herramientas\/bim-objetos\/\"]}]},{\"@type\":\"BreadcrumbList\",\"@id\":\"https:\/\/insulation.trocellen.com\/es\/herramientas\/bim-objetos\/#breadcrumb\",\"itemListElement\":[{\"@type\":\"ListItem\",\"position\":1,\"name\":\"Home\",\"item\":\"https:\/\/insulation.trocellen.com\/es\/\"},{\"@type\":\"ListItem\",\"position\":2,\"name\":\"Herramientas\",\"item\":\"https:\/\/insulation.trocellen.com\/es\/herramientas\/\"},{\"@type\":\"ListItem\",\"position\":3,\"name\":\"BIM Objetos\"}]},{\"@type\":\"WebSite\",\"@id\":\"https:\/\/insulation.trocellen.com\/es\/#website\",\"url\":\"https:\/\/insulation.trocellen.com\/es\/\",\"name\":\"Trocellen Insulation\",\"description\":\"\",\"potentialAction\":[{\"@type\":\"SearchAction\",\"target\":{\"@type\":\"EntryPoint\",\"urlTemplate\":\"https:\/\/insulation.trocellen.com\/es\/?s={search_term_string}\"},\"query-input\":{\"@type\":\"PropertyValueSpecification\",\"valueRequired\":true,\"valueName\":\"search_term_string\"}}],\"inLanguage\":\"es\"}]}<\/script>\n<!-- \/ Yoast SEO plugin. -->","yoast_head_json":{"title":"Descargue los objetos BIM y util\u00edcelos en su proyecto","description":"Trocellen ha desarrollado objetos BIM de sus productos, para facilitar la aplicaci\u00f3n en Revit y ArchiCAD. \u00a1Desc\u00e1rguelo ahora!","robots":{"index":"index","follow":"follow","max-snippet":"max-snippet:-1","max-image-preview":"max-image-preview:large","max-video-preview":"max-video-preview:-1"},"canonical":"https:\/\/insulation.trocellen.com\/es\/herramientas\/bim-objetos\/","og_locale":"es_ES","og_type":"article","og_title":"Descargue los objetos BIM y util\u00edcelos en su proyecto","og_description":"Trocellen ha desarrollado objetos BIM de sus productos, para facilitar la aplicaci\u00f3n en Revit y ArchiCAD. \u00a1Desc\u00e1rguelo ahora!","og_url":"https:\/\/insulation.trocellen.com\/es\/herramientas\/bim-objetos\/","og_site_name":"Trocellen Insulation","article_modified_time":"2023-07-10T11:21:37+00:00","twitter_card":"summary_large_image","twitter_misc":{"Tiempo de lectura":"1 minuto"},"schema":{"@context":"https:\/\/schema.org","@graph":[{"@type":"WebPage","@id":"https:\/\/insulation.trocellen.com\/es\/herramientas\/bim-objetos\/","url":"https:\/\/insulation.trocellen.com\/es\/herramientas\/bim-objetos\/","name":"Descargue los objetos BIM y util\u00edcelos en su proyecto","isPartOf":{"@id":"https:\/\/insulation.trocellen.com\/es\/#website"},"datePublished":"2018-08-01T12:41:10+00:00","dateModified":"2023-07-10T11:21:37+00:00","description":"Trocellen ha desarrollado objetos BIM de sus productos, para facilitar la aplicaci\u00f3n en Revit y ArchiCAD. \u00a1Desc\u00e1rguelo ahora!","breadcrumb":{"@id":"https:\/\/insulation.trocellen.com\/es\/herramientas\/bim-objetos\/#breadcrumb"},"inLanguage":"es","potentialAction":[{"@type":"ReadAction","target":["https:\/\/insulation.trocellen.com\/es\/herramientas\/bim-objetos\/"]}]},{"@type":"BreadcrumbList","@id":"https:\/\/insulation.trocellen.com\/es\/herramientas\/bim-objetos\/#breadcrumb","itemListElement":[{"@type":"ListItem","position":1,"name":"Home","item":"https:\/\/insulation.trocellen.com\/es\/"},{"@type":"ListItem","position":2,"name":"Herramientas","item":"https:\/\/insulation.trocellen.com\/es\/herramientas\/"},{"@type":"ListItem","position":3,"name":"BIM Objetos"}]},{"@type":"WebSite","@id":"https:\/\/insulation.trocellen.com\/es\/#website","url":"https:\/\/insulation.trocellen.com\/es\/","name":"Trocellen Insulation","description":"","potentialAction":[{"@type":"SearchAction","target":{"@type":"EntryPoint","urlTemplate":"https:\/\/insulation.trocellen.com\/es\/?s={search_term_string}"},"query-input":{"@type":"PropertyValueSpecification","valueRequired":true,"valueName":"search_term_string"}}],"inLanguage":"es"}]}},"_links":{"self":[{"href":"https:\/\/insulation.trocellen.com\/es\/wp-json\/wp\/v2\/pages\/4453","targetHints":{"allow":["GET"]}}],"collection":[{"href":"https:\/\/insulation.trocellen.com\/es\/wp-json\/wp\/v2\/pages"}],"about":[{"href":"https:\/\/insulation.trocellen.com\/es\/wp-json\/wp\/v2\/types\/page"}],"author":[{"embeddable":true,"href":"https:\/\/insulation.trocellen.com\/es\/wp-json\/wp\/v2\/users\/1"}],"replies":[{"embeddable":true,"href":"https:\/\/insulation.trocellen.com\/es\/wp-json\/wp\/v2\/comments?post=4453"}],"version-history":[{"count":1,"href":"https:\/\/insulation.trocellen.com\/es\/wp-json\/wp\/v2\/pages\/4453\/revisions"}],"predecessor-version":[{"id":9789,"href":"https:\/\/insulation.trocellen.com\/es\/wp-json\/wp\/v2\/pages\/4453\/revisions\/9789"}],"up":[{"embeddable":true,"href":"https:\/\/insulation.trocellen.com\/es\/wp-json\/wp\/v2\/pages\/4429"}],"wp:attachment":[{"href":"https:\/\/insulation.trocellen.com\/es\/wp-json\/wp\/v2\/media?parent=4453"}],"curies":[{"name":"wp","href":"https:\/\/api.w.org\/{rel}","templated":true}]}}