{"id":4447,"date":"2018-05-03T10:56:01","date_gmt":"2018-05-03T10:56:01","guid":{"rendered":"https:\/\/insulation-new.trocellen.com\/declaraciones\/"},"modified":"2026-02-09T14:02:39","modified_gmt":"2026-02-09T14:02:39","slug":"declaraciones","status":"publish","type":"page","link":"https:\/\/insulation.trocellen.com\/es\/herramientas\/declaraciones\/","title":{"rendered":"Declaraciones"},"content":{"rendered":"\n<p>En conformidad con lo establecido en el Reglamento (UE) n\u00ba 305\/2011 sobre la comercializaci\u00f3n de productos de construcci\u00f3n, los productos cubiertos por una norma europea armonizada o para los que se ha emitido una evaluaci\u00f3n t\u00e9cnica europea (European Technical Assessment, ETA) o una evaluaci\u00f3n t\u00e9cnica nacional (National Technical Assessment, NTA) deber\u00e1n ir acompa\u00f1ados de una Declaraci\u00f3n de Prestaciones (Declaration of Performance, DoP). Esta declaraci\u00f3n, que deber\u00e1 ser formulada por el fabricante, proporcionar\u00e1 informaci\u00f3n sobre las caracter\u00edsticas esenciales del producto y sobre los procedimientos y m\u00e9todos utilizados para evaluar las prestaciones declaradas de acuerdo con las especificaciones t\u00e9cnicas pertinentes.<\/p>\n\n\n\n<p>Con el fin de proporcionar una mayor transparencia y facilidad de consulta, hemos publicado aqu\u00ed la Declaraci\u00f3n de Prestaciones del producto Trocellen.<\/p>\n\n\n\n<ul class=\"wp-block-list\">\n<li><a href=\"https:\/\/go.insulation.trocellen.com\/MOD-DOP-50710-1-Rev-1.1-TROCELLEN-CLASS-ALU-adhesive-14\u00f725-mm-EN_DE-1_pdf\">MOD-DOP 50710-1 Rev 1.1 &#8211; TROCELLEN CLASS ALU adhesive 14\u00f725 mm EN_DE<\/a><\/li>\n\n\n\n<li><a href=\"https:\/\/go.insulation.trocellen.com\/MOD-DOP-50710-3-Rev-1.1-TROCELLEN-CLASS-ALU.S-adhesive-3\u00f716-mm-EN_DE_pdf\">MOD-DOP 50710-3 Rev 1.1 &#8211; TROCELLEN CLASS ALU.S adhesive 3\u00f716 mm EN_DE<\/a><\/li>\n\n\n\n<li><a href=\"https:\/\/go.insulation.trocellen.com\/MOD-DOP-50710-4-Rev-1.1-TROCELLEN-CLASS-adhesive-3\u00f712-mm-EN_DE_pdf\">MOD-DOP 50710-4 Rev 1.1 &#8211; TROCELLEN CLASS adhesive 3\u00f712 mm EN_DE<\/a><\/li>\n\n\n\n<li><a href=\"https:\/\/go.insulation.trocellen.com\/MOD-DOP-50710-6-Rev-1.1-TROCELLEN-CLASS-ALU-adhesive-3\u00f714-mm-EN_DE_pdf\">MOD-DOP 50710-6 Rev 1.1 &#8211; TROCELLEN CLASS ALU adhesive 3\u00f714 mm EN_DE<\/a><\/li>\n\n\n\n<li><a href=\"https:\/\/go.insulation.trocellen.com\/MOD-DOP-50710-7-Rev-1.1-TROCELLEN-CLASS-AL-SLEEVE-6\u00f720-mm-EN_DE_pdf\">MOD-DOP 50710-7 Rev 1.1 &#8211; TROCELLEN CLASS AL SLEEVE 6\u00f720 mm EN_DE<\/a><\/li>\n\n\n\n<li><a href=\"https:\/\/go.insulation.trocellen.com\/MOD-DOP-50710-8-Rev-1.1-TROCELLEN-CLASS-AL-6\u00f720-mm-EN_DE_pdf\">MOD-DOP 50710-8 Rev 1.1 &#8211; TROCELLEN CLASS AL 6\u00f720 mm EN_DE<\/a><\/li>\n\n\n\n<li><a href=\"https:\/\/go.insulation.trocellen.com\/MOD-DOP-50710-9-Rev-1.1-TROCELLEN-CLASS-AL-AL-ISOCOMPACT-20\u00f760-mm-EN_DE_pdf\">MOD-DOP 50710-9 Rev 1.1 &#8211; TROCELLEN CLASS AL &amp; AL ISOCOMPACT 20\u00f760 mm EN_DE<\/a><\/li>\n\n\n\n<li><a href=\"https:\/\/go.insulation.trocellen.com\/l\/922423\/2025-01-30\/2ypvt7\">MOD-DOP-50710-10-TROCELLEN-CLASS-G-PRO-adhesive-3_40-mm-2_ES<\/a><\/li>\n\n\n\n<li><a href=\"https:\/\/go.insulation.trocellen.com\/l\/922423\/2026-02-09\/2zrhyx\">noDOP-EN<\/a><\/li>\n\n\n\n<li><a href=\"https:\/\/go.insulation.trocellen.com\/l\/922423\/2026-02-09\/2zrhz1\">noDOP-IT<\/a><\/li>\n\n\n\n<li><a href=\"https:\/\/insulation.trocellen.com\/wp-content\/uploads\/sites\/6\/2022\/11\/MOD-DOP-Rev-1.1-Polifoam-Insul-01-EN_HU-20221011.pdf\">MOD-DOP Rev 1.1 \u2013 POLIFOAM INSUL 01 EN HU<\/a><\/li>\n<\/ul>\n","protected":false},"excerpt":{"rendered":"<p>En conformidad con lo establecido en el Reglamento (UE) n\u00ba 305\/2011 sobre la comercializaci\u00f3n de productos de construcci\u00f3n, los productos cubiertos por una norma europea armonizada o para los que se ha emitido una evaluaci\u00f3n t\u00e9cnica europea (European Technical Assessment, ETA) o una evaluaci\u00f3n t\u00e9cnica nacional (National Technical Assessment, NTA) deber\u00e1n ir acompa\u00f1ados de una [&hellip;]<\/p>\n","protected":false},"author":1,"featured_media":8775,"parent":4429,"menu_order":500,"comment_status":"closed","ping_status":"closed","template":"","meta":{"_acf_changed":false,"footnotes":""},"class_list":["post-4447","page","type-page","status-publish","has-post-thumbnail","hentry"],"acf":[],"yoast_head":"<!-- This site is optimized with the Yoast SEO plugin v23.5 - https:\/\/yoast.com\/wordpress\/plugins\/seo\/ -->\n<title>Descargar la Declaraci\u00f3n de Rendimientos de Trocellen<\/title>\n<meta name=\"description\" content=\"La DdR es elaborada por el fabricante y contiene informaci\u00f3n sobre las caracter\u00edsticas del producto y sobre el procedimiento y los m\u00e9todos utilizados\" \/>\n<meta name=\"robots\" content=\"index, follow, max-snippet:-1, max-image-preview:large, max-video-preview:-1\" \/>\n<link rel=\"canonical\" href=\"https:\/\/insulation.trocellen.com\/es\/herramientas\/declaraciones\/\" \/>\n<meta property=\"og:locale\" content=\"es_ES\" \/>\n<meta property=\"og:type\" content=\"article\" \/>\n<meta property=\"og:title\" content=\"Descargar la Declaraci\u00f3n de Rendimientos de Trocellen\" \/>\n<meta property=\"og:description\" content=\"La DdR es elaborada por el fabricante y contiene informaci\u00f3n sobre las caracter\u00edsticas del producto y sobre el procedimiento y los m\u00e9todos utilizados\" \/>\n<meta property=\"og:url\" content=\"https:\/\/insulation.trocellen.com\/es\/herramientas\/declaraciones\/\" \/>\n<meta property=\"og:site_name\" content=\"Trocellen Insulation\" \/>\n<meta property=\"article:modified_time\" content=\"2026-02-09T14:02:39+00:00\" \/>\n<meta property=\"og:image\" content=\"https:\/\/insulation.trocellen.com\/wp-content\/uploads\/sites\/6\/2023\/05\/Declarations-fejlec.jpg\" \/>\n\t<meta property=\"og:image:width\" content=\"1920\" \/>\n\t<meta property=\"og:image:height\" content=\"300\" \/>\n\t<meta property=\"og:image:type\" content=\"image\/jpeg\" \/>\n<meta name=\"twitter:card\" content=\"summary_large_image\" \/>\n<meta name=\"twitter:label1\" content=\"Tiempo de lectura\" \/>\n\t<meta name=\"twitter:data1\" content=\"2 minutos\" \/>\n<script type=\"application\/ld+json\" class=\"yoast-schema-graph\">{\"@context\":\"https:\/\/schema.org\",\"@graph\":[{\"@type\":\"WebPage\",\"@id\":\"https:\/\/insulation.trocellen.com\/es\/herramientas\/declaraciones\/\",\"url\":\"https:\/\/insulation.trocellen.com\/es\/herramientas\/declaraciones\/\",\"name\":\"Descargar la Declaraci\u00f3n de Rendimientos de Trocellen\",\"isPartOf\":{\"@id\":\"https:\/\/insulation.trocellen.com\/es\/#website\"},\"primaryImageOfPage\":{\"@id\":\"https:\/\/insulation.trocellen.com\/es\/herramientas\/declaraciones\/#primaryimage\"},\"image\":{\"@id\":\"https:\/\/insulation.trocellen.com\/es\/herramientas\/declaraciones\/#primaryimage\"},\"thumbnailUrl\":\"https:\/\/insulation.trocellen.com\/wp-content\/uploads\/sites\/6\/2023\/05\/Declarations-fejlec.jpg\",\"datePublished\":\"2018-05-03T10:56:01+00:00\",\"dateModified\":\"2026-02-09T14:02:39+00:00\",\"description\":\"La DdR es elaborada por el fabricante y contiene informaci\u00f3n sobre las caracter\u00edsticas del producto y sobre el procedimiento y los m\u00e9todos utilizados\",\"breadcrumb\":{\"@id\":\"https:\/\/insulation.trocellen.com\/es\/herramientas\/declaraciones\/#breadcrumb\"},\"inLanguage\":\"es\",\"potentialAction\":[{\"@type\":\"ReadAction\",\"target\":[\"https:\/\/insulation.trocellen.com\/es\/herramientas\/declaraciones\/\"]}]},{\"@type\":\"ImageObject\",\"inLanguage\":\"es\",\"@id\":\"https:\/\/insulation.trocellen.com\/es\/herramientas\/declaraciones\/#primaryimage\",\"url\":\"https:\/\/insulation.trocellen.com\/wp-content\/uploads\/sites\/6\/2023\/05\/Declarations-fejlec.jpg\",\"contentUrl\":\"https:\/\/insulation.trocellen.com\/wp-content\/uploads\/sites\/6\/2023\/05\/Declarations-fejlec.jpg\",\"width\":1920,\"height\":300},{\"@type\":\"BreadcrumbList\",\"@id\":\"https:\/\/insulation.trocellen.com\/es\/herramientas\/declaraciones\/#breadcrumb\",\"itemListElement\":[{\"@type\":\"ListItem\",\"position\":1,\"name\":\"Home\",\"item\":\"https:\/\/insulation.trocellen.com\/es\/\"},{\"@type\":\"ListItem\",\"position\":2,\"name\":\"Herramientas\",\"item\":\"https:\/\/insulation.trocellen.com\/es\/herramientas\/\"},{\"@type\":\"ListItem\",\"position\":3,\"name\":\"Declaraciones\"}]},{\"@type\":\"WebSite\",\"@id\":\"https:\/\/insulation.trocellen.com\/es\/#website\",\"url\":\"https:\/\/insulation.trocellen.com\/es\/\",\"name\":\"Trocellen Insulation\",\"description\":\"\",\"potentialAction\":[{\"@type\":\"SearchAction\",\"target\":{\"@type\":\"EntryPoint\",\"urlTemplate\":\"https:\/\/insulation.trocellen.com\/es\/?s={search_term_string}\"},\"query-input\":{\"@type\":\"PropertyValueSpecification\",\"valueRequired\":true,\"valueName\":\"search_term_string\"}}],\"inLanguage\":\"es\"}]}<\/script>\n<!-- \/ Yoast SEO plugin. -->","yoast_head_json":{"title":"Descargar la Declaraci\u00f3n de Rendimientos de Trocellen","description":"La DdR es elaborada por el fabricante y contiene informaci\u00f3n sobre las caracter\u00edsticas del producto y sobre el procedimiento y los m\u00e9todos utilizados","robots":{"index":"index","follow":"follow","max-snippet":"max-snippet:-1","max-image-preview":"max-image-preview:large","max-video-preview":"max-video-preview:-1"},"canonical":"https:\/\/insulation.trocellen.com\/es\/herramientas\/declaraciones\/","og_locale":"es_ES","og_type":"article","og_title":"Descargar la Declaraci\u00f3n de Rendimientos de Trocellen","og_description":"La DdR es elaborada por el fabricante y contiene informaci\u00f3n sobre las caracter\u00edsticas del producto y sobre el procedimiento y los m\u00e9todos utilizados","og_url":"https:\/\/insulation.trocellen.com\/es\/herramientas\/declaraciones\/","og_site_name":"Trocellen Insulation","article_modified_time":"2026-02-09T14:02:39+00:00","og_image":[{"width":1920,"height":300,"url":"https:\/\/insulation.trocellen.com\/wp-content\/uploads\/sites\/6\/2023\/05\/Declarations-fejlec.jpg","type":"image\/jpeg"}],"twitter_card":"summary_large_image","twitter_misc":{"Tiempo de lectura":"2 minutos"},"schema":{"@context":"https:\/\/schema.org","@graph":[{"@type":"WebPage","@id":"https:\/\/insulation.trocellen.com\/es\/herramientas\/declaraciones\/","url":"https:\/\/insulation.trocellen.com\/es\/herramientas\/declaraciones\/","name":"Descargar la Declaraci\u00f3n de Rendimientos de Trocellen","isPartOf":{"@id":"https:\/\/insulation.trocellen.com\/es\/#website"},"primaryImageOfPage":{"@id":"https:\/\/insulation.trocellen.com\/es\/herramientas\/declaraciones\/#primaryimage"},"image":{"@id":"https:\/\/insulation.trocellen.com\/es\/herramientas\/declaraciones\/#primaryimage"},"thumbnailUrl":"https:\/\/insulation.trocellen.com\/wp-content\/uploads\/sites\/6\/2023\/05\/Declarations-fejlec.jpg","datePublished":"2018-05-03T10:56:01+00:00","dateModified":"2026-02-09T14:02:39+00:00","description":"La DdR es elaborada por el fabricante y contiene informaci\u00f3n sobre las caracter\u00edsticas del producto y sobre el procedimiento y los m\u00e9todos utilizados","breadcrumb":{"@id":"https:\/\/insulation.trocellen.com\/es\/herramientas\/declaraciones\/#breadcrumb"},"inLanguage":"es","potentialAction":[{"@type":"ReadAction","target":["https:\/\/insulation.trocellen.com\/es\/herramientas\/declaraciones\/"]}]},{"@type":"ImageObject","inLanguage":"es","@id":"https:\/\/insulation.trocellen.com\/es\/herramientas\/declaraciones\/#primaryimage","url":"https:\/\/insulation.trocellen.com\/wp-content\/uploads\/sites\/6\/2023\/05\/Declarations-fejlec.jpg","contentUrl":"https:\/\/insulation.trocellen.com\/wp-content\/uploads\/sites\/6\/2023\/05\/Declarations-fejlec.jpg","width":1920,"height":300},{"@type":"BreadcrumbList","@id":"https:\/\/insulation.trocellen.com\/es\/herramientas\/declaraciones\/#breadcrumb","itemListElement":[{"@type":"ListItem","position":1,"name":"Home","item":"https:\/\/insulation.trocellen.com\/es\/"},{"@type":"ListItem","position":2,"name":"Herramientas","item":"https:\/\/insulation.trocellen.com\/es\/herramientas\/"},{"@type":"ListItem","position":3,"name":"Declaraciones"}]},{"@type":"WebSite","@id":"https:\/\/insulation.trocellen.com\/es\/#website","url":"https:\/\/insulation.trocellen.com\/es\/","name":"Trocellen Insulation","description":"","potentialAction":[{"@type":"SearchAction","target":{"@type":"EntryPoint","urlTemplate":"https:\/\/insulation.trocellen.com\/es\/?s={search_term_string}"},"query-input":{"@type":"PropertyValueSpecification","valueRequired":true,"valueName":"search_term_string"}}],"inLanguage":"es"}]}},"_links":{"self":[{"href":"https:\/\/insulation.trocellen.com\/es\/wp-json\/wp\/v2\/pages\/4447","targetHints":{"allow":["GET"]}}],"collection":[{"href":"https:\/\/insulation.trocellen.com\/es\/wp-json\/wp\/v2\/pages"}],"about":[{"href":"https:\/\/insulation.trocellen.com\/es\/wp-json\/wp\/v2\/types\/page"}],"author":[{"embeddable":true,"href":"https:\/\/insulation.trocellen.com\/es\/wp-json\/wp\/v2\/users\/1"}],"replies":[{"embeddable":true,"href":"https:\/\/insulation.trocellen.com\/es\/wp-json\/wp\/v2\/comments?post=4447"}],"version-history":[{"count":5,"href":"https:\/\/insulation.trocellen.com\/es\/wp-json\/wp\/v2\/pages\/4447\/revisions"}],"predecessor-version":[{"id":11282,"href":"https:\/\/insulation.trocellen.com\/es\/wp-json\/wp\/v2\/pages\/4447\/revisions\/11282"}],"up":[{"embeddable":true,"href":"https:\/\/insulation.trocellen.com\/es\/wp-json\/wp\/v2\/pages\/4429"}],"wp:featuredmedia":[{"embeddable":true,"href":"https:\/\/insulation.trocellen.com\/es\/wp-json\/wp\/v2\/media\/8775"}],"wp:attachment":[{"href":"https:\/\/insulation.trocellen.com\/es\/wp-json\/wp\/v2\/media?parent=4447"}],"curies":[{"name":"wp","href":"https:\/\/api.w.org\/{rel}","templated":true}]}}