{"id":4405,"date":"2018-05-03T09:06:38","date_gmt":"2018-05-03T09:06:38","guid":{"rendered":"https:\/\/insulation-new.trocellen.com\/proyectos\/"},"modified":"2023-07-10T11:18:39","modified_gmt":"2023-07-10T11:18:39","slug":"proyectos","status":"publish","type":"page","link":"https:\/\/insulation.trocellen.com\/es\/referencias\/proyectos\/","title":{"rendered":"Proyectos"},"content":{"rendered":"<p><strong>Trocellen es proveedor de las industrias de la construcci\u00f3n y la ingenier\u00eda con avanzados productos de aislamiento. Estamos involucrados en varios proyectos a gran escala y tambi\u00e9n en proporcionar soluciones de larga duraci\u00f3n a nuestros socios.<\/strong><\/p>\n<h2>Burj Khalifa, Dubai<\/h2>\n<p>Burj Khalifa es un rascacielos en Dubai, Emiratos \u00c1rabes Unidos, con sus 829.8 metros de altura y 163 plantas, es una de las estructuras m\u00e1s altas del mundo que el hombre ha construido.<\/p>\n<p>Trocellen proporcion\u00f3 las avanzadas soluciones HVAC de larga duraci\u00f3n.<\/p>\n<p><img loading=\"lazy\" decoding=\"async\" class=\"aligncenter\" src=\"https:\/\/insulation.trocellen.com\/wp-content\/uploads\/sites\/6\/2013\/12\/burj-khalifa.jpg\" alt=\"burj khalifa\" width=\"168\" height=\"296\"><\/p>\n<p>&nbsp;<\/p>\n<h2>Proyecto Chiesi,<\/h2>\n<h2>Italia Centro de investigaci\u00f3n de Parma,<\/h2>\n<h2>Italia \u00c1rea Residencial, UAE<\/h2>\n<h2>Hospital de P\u00e9cs, Hungria<\/h2>\n<p>En uno de los recientes proyectos que Trocellen est\u00e1 proporcionando productos de aislamiento, es en la construcci\u00f3n del Hospital de P\u00e9cs (Hungr\u00eda). EL aislamiento al ruido para tuber\u00edas de aguas residuales se soluciona con Aplomb 11, nuestro producto de calidad premium para aislamiento al sonido.<\/p>\n<p><img loading=\"lazy\" decoding=\"async\" class=\"size-thumbnail wp-image-111 aligncenter\" src=\"https:\/\/insulation.trocellen.com\/wp-content\/uploads\/sites\/6\/2013\/12\/Pecs-1-150x150.jpg\" alt=\"Pecs 1\" width=\"150\" height=\"150\"><img loading=\"lazy\" decoding=\"async\" class=\"size-thumbnail wp-image-112 aligncenter\" src=\"https:\/\/insulation.trocellen.com\/wp-content\/uploads\/sites\/6\/2013\/12\/Pecs-2-150x150.jpg\" alt=\"Pecs 2\" width=\"150\" height=\"150\"><\/p>\n<h2>Proyecto Universidad UTEC de Lima, Per\u00fa<\/h2>\n<p>Primer gran proyecto de Trocellen en Iberoam\u00e9rica. Se ha utilizado el material Trocellen HIS5MM, producto de aislamiento ac\u00fastico de alta eficacia para reducir el ruido de impactos.<\/p>\n<h2>\u00abLuxus Plaza\u00bb, Hungr\u00eda<\/h2>\n<p>La versi\u00f3n m\u00e1s actual y lujosa del centro comercial de Budapest llamado \u201cLuxus Plaza\u201d, tiene la soluci\u00f3n bajo mortero Trocellen. Trosil Tech.<\/p>\n<h2>La nueva f\u00e1brica de autom\u00f3viles de Mercedes-Benz, Kecskem\u00e9t, Hungr\u00eda<\/h2>\n<p>Otras Referencias<\/p>\n<p>&nbsp;<\/p>\n<p>&nbsp;<\/p>\n<p>&nbsp;<\/p>\n","protected":false},"excerpt":{"rendered":"<p>Trocellen es proveedor de las industrias de la construcci\u00f3n y la ingenier\u00eda con avanzados productos de aislamiento. Estamos involucrados en varios proyectos a gran escala y tambi\u00e9n en proporcionar soluciones de larga duraci\u00f3n a nuestros socios. Burj Khalifa, Dubai Burj Khalifa es un rascacielos en Dubai, Emiratos \u00c1rabes Unidos, con sus 829.8 metros de altura [&hellip;]<\/p>\n","protected":false},"author":1,"featured_media":8761,"parent":4101,"menu_order":100,"comment_status":"closed","ping_status":"closed","template":"","meta":{"_acf_changed":false,"footnotes":""},"class_list":["post-4405","page","type-page","status-publish","has-post-thumbnail","hentry"],"acf":[],"yoast_head":"<!-- This site is optimized with the Yoast SEO plugin v23.5 - https:\/\/yoast.com\/wordpress\/plugins\/seo\/ -->\n<title>Proyectos mayores donde se utiliz\u00f3 Aislamiento Trocellen<\/title>\n<meta name=\"description\" content=\"Clientes satisfechos: Burj Khalifa (Dubai), Proyecto Chiesi (IT), Centro de Investigaci\u00f3n de Parma (IT), Zona residencial (EAU), Hospital de P\u00e9cs (HU)\" \/>\n<meta name=\"robots\" content=\"index, follow, max-snippet:-1, max-image-preview:large, max-video-preview:-1\" \/>\n<link rel=\"canonical\" href=\"https:\/\/insulation.trocellen.com\/es\/referencias\/proyectos\/\" \/>\n<meta property=\"og:locale\" content=\"es_ES\" \/>\n<meta property=\"og:type\" content=\"article\" \/>\n<meta property=\"og:title\" content=\"Proyectos mayores donde se utiliz\u00f3 Aislamiento Trocellen\" \/>\n<meta property=\"og:description\" content=\"Clientes satisfechos: Burj Khalifa (Dubai), Proyecto Chiesi (IT), Centro de Investigaci\u00f3n de Parma (IT), Zona residencial (EAU), Hospital de P\u00e9cs (HU)\" \/>\n<meta property=\"og:url\" content=\"https:\/\/insulation.trocellen.com\/es\/referencias\/proyectos\/\" \/>\n<meta property=\"og:site_name\" content=\"Trocellen Insulation\" \/>\n<meta property=\"article:modified_time\" content=\"2023-07-10T11:18:39+00:00\" \/>\n<meta property=\"og:image\" content=\"https:\/\/insulation.trocellen.com\/wp-content\/uploads\/sites\/6\/2023\/05\/Projects-fejlec.jpg\" \/>\n\t<meta property=\"og:image:width\" content=\"1920\" \/>\n\t<meta property=\"og:image:height\" content=\"300\" \/>\n\t<meta property=\"og:image:type\" content=\"image\/jpeg\" \/>\n<meta name=\"twitter:card\" content=\"summary_large_image\" \/>\n<meta name=\"twitter:label1\" content=\"Tiempo de lectura\" \/>\n\t<meta name=\"twitter:data1\" content=\"2 minutos\" \/>\n<script type=\"application\/ld+json\" class=\"yoast-schema-graph\">{\"@context\":\"https:\/\/schema.org\",\"@graph\":[{\"@type\":\"WebPage\",\"@id\":\"https:\/\/insulation.trocellen.com\/es\/referencias\/proyectos\/\",\"url\":\"https:\/\/insulation.trocellen.com\/es\/referencias\/proyectos\/\",\"name\":\"Proyectos mayores donde se utiliz\u00f3 Aislamiento Trocellen\",\"isPartOf\":{\"@id\":\"https:\/\/insulation.trocellen.com\/es\/#website\"},\"primaryImageOfPage\":{\"@id\":\"https:\/\/insulation.trocellen.com\/es\/referencias\/proyectos\/#primaryimage\"},\"image\":{\"@id\":\"https:\/\/insulation.trocellen.com\/es\/referencias\/proyectos\/#primaryimage\"},\"thumbnailUrl\":\"https:\/\/insulation.trocellen.com\/wp-content\/uploads\/sites\/6\/2023\/05\/Projects-fejlec.jpg\",\"datePublished\":\"2018-05-03T09:06:38+00:00\",\"dateModified\":\"2023-07-10T11:18:39+00:00\",\"description\":\"Clientes satisfechos: Burj Khalifa (Dubai), Proyecto Chiesi (IT), Centro de Investigaci\u00f3n de Parma (IT), Zona residencial (EAU), Hospital de P\u00e9cs (HU)\",\"breadcrumb\":{\"@id\":\"https:\/\/insulation.trocellen.com\/es\/referencias\/proyectos\/#breadcrumb\"},\"inLanguage\":\"es\",\"potentialAction\":[{\"@type\":\"ReadAction\",\"target\":[\"https:\/\/insulation.trocellen.com\/es\/referencias\/proyectos\/\"]}]},{\"@type\":\"ImageObject\",\"inLanguage\":\"es\",\"@id\":\"https:\/\/insulation.trocellen.com\/es\/referencias\/proyectos\/#primaryimage\",\"url\":\"https:\/\/insulation.trocellen.com\/wp-content\/uploads\/sites\/6\/2023\/05\/Projects-fejlec.jpg\",\"contentUrl\":\"https:\/\/insulation.trocellen.com\/wp-content\/uploads\/sites\/6\/2023\/05\/Projects-fejlec.jpg\",\"width\":1920,\"height\":300},{\"@type\":\"BreadcrumbList\",\"@id\":\"https:\/\/insulation.trocellen.com\/es\/referencias\/proyectos\/#breadcrumb\",\"itemListElement\":[{\"@type\":\"ListItem\",\"position\":1,\"name\":\"Home\",\"item\":\"https:\/\/insulation.trocellen.com\/es\/\"},{\"@type\":\"ListItem\",\"position\":2,\"name\":\"Referencias\",\"item\":\"https:\/\/insulation.trocellen.com\/es\/referencias\/\"},{\"@type\":\"ListItem\",\"position\":3,\"name\":\"Proyectos\"}]},{\"@type\":\"WebSite\",\"@id\":\"https:\/\/insulation.trocellen.com\/es\/#website\",\"url\":\"https:\/\/insulation.trocellen.com\/es\/\",\"name\":\"Trocellen Insulation\",\"description\":\"\",\"potentialAction\":[{\"@type\":\"SearchAction\",\"target\":{\"@type\":\"EntryPoint\",\"urlTemplate\":\"https:\/\/insulation.trocellen.com\/es\/?s={search_term_string}\"},\"query-input\":{\"@type\":\"PropertyValueSpecification\",\"valueRequired\":true,\"valueName\":\"search_term_string\"}}],\"inLanguage\":\"es\"}]}<\/script>\n<!-- \/ Yoast SEO plugin. -->","yoast_head_json":{"title":"Proyectos mayores donde se utiliz\u00f3 Aislamiento Trocellen","description":"Clientes satisfechos: Burj Khalifa (Dubai), Proyecto Chiesi (IT), Centro de Investigaci\u00f3n de Parma (IT), Zona residencial (EAU), Hospital de P\u00e9cs (HU)","robots":{"index":"index","follow":"follow","max-snippet":"max-snippet:-1","max-image-preview":"max-image-preview:large","max-video-preview":"max-video-preview:-1"},"canonical":"https:\/\/insulation.trocellen.com\/es\/referencias\/proyectos\/","og_locale":"es_ES","og_type":"article","og_title":"Proyectos mayores donde se utiliz\u00f3 Aislamiento Trocellen","og_description":"Clientes satisfechos: Burj Khalifa (Dubai), Proyecto Chiesi (IT), Centro de Investigaci\u00f3n de Parma (IT), Zona residencial (EAU), Hospital de P\u00e9cs (HU)","og_url":"https:\/\/insulation.trocellen.com\/es\/referencias\/proyectos\/","og_site_name":"Trocellen Insulation","article_modified_time":"2023-07-10T11:18:39+00:00","og_image":[{"width":1920,"height":300,"url":"https:\/\/insulation.trocellen.com\/wp-content\/uploads\/sites\/6\/2023\/05\/Projects-fejlec.jpg","type":"image\/jpeg"}],"twitter_card":"summary_large_image","twitter_misc":{"Tiempo de lectura":"2 minutos"},"schema":{"@context":"https:\/\/schema.org","@graph":[{"@type":"WebPage","@id":"https:\/\/insulation.trocellen.com\/es\/referencias\/proyectos\/","url":"https:\/\/insulation.trocellen.com\/es\/referencias\/proyectos\/","name":"Proyectos mayores donde se utiliz\u00f3 Aislamiento Trocellen","isPartOf":{"@id":"https:\/\/insulation.trocellen.com\/es\/#website"},"primaryImageOfPage":{"@id":"https:\/\/insulation.trocellen.com\/es\/referencias\/proyectos\/#primaryimage"},"image":{"@id":"https:\/\/insulation.trocellen.com\/es\/referencias\/proyectos\/#primaryimage"},"thumbnailUrl":"https:\/\/insulation.trocellen.com\/wp-content\/uploads\/sites\/6\/2023\/05\/Projects-fejlec.jpg","datePublished":"2018-05-03T09:06:38+00:00","dateModified":"2023-07-10T11:18:39+00:00","description":"Clientes satisfechos: Burj Khalifa (Dubai), Proyecto Chiesi (IT), Centro de Investigaci\u00f3n de Parma (IT), Zona residencial (EAU), Hospital de P\u00e9cs (HU)","breadcrumb":{"@id":"https:\/\/insulation.trocellen.com\/es\/referencias\/proyectos\/#breadcrumb"},"inLanguage":"es","potentialAction":[{"@type":"ReadAction","target":["https:\/\/insulation.trocellen.com\/es\/referencias\/proyectos\/"]}]},{"@type":"ImageObject","inLanguage":"es","@id":"https:\/\/insulation.trocellen.com\/es\/referencias\/proyectos\/#primaryimage","url":"https:\/\/insulation.trocellen.com\/wp-content\/uploads\/sites\/6\/2023\/05\/Projects-fejlec.jpg","contentUrl":"https:\/\/insulation.trocellen.com\/wp-content\/uploads\/sites\/6\/2023\/05\/Projects-fejlec.jpg","width":1920,"height":300},{"@type":"BreadcrumbList","@id":"https:\/\/insulation.trocellen.com\/es\/referencias\/proyectos\/#breadcrumb","itemListElement":[{"@type":"ListItem","position":1,"name":"Home","item":"https:\/\/insulation.trocellen.com\/es\/"},{"@type":"ListItem","position":2,"name":"Referencias","item":"https:\/\/insulation.trocellen.com\/es\/referencias\/"},{"@type":"ListItem","position":3,"name":"Proyectos"}]},{"@type":"WebSite","@id":"https:\/\/insulation.trocellen.com\/es\/#website","url":"https:\/\/insulation.trocellen.com\/es\/","name":"Trocellen Insulation","description":"","potentialAction":[{"@type":"SearchAction","target":{"@type":"EntryPoint","urlTemplate":"https:\/\/insulation.trocellen.com\/es\/?s={search_term_string}"},"query-input":{"@type":"PropertyValueSpecification","valueRequired":true,"valueName":"search_term_string"}}],"inLanguage":"es"}]}},"_links":{"self":[{"href":"https:\/\/insulation.trocellen.com\/es\/wp-json\/wp\/v2\/pages\/4405","targetHints":{"allow":["GET"]}}],"collection":[{"href":"https:\/\/insulation.trocellen.com\/es\/wp-json\/wp\/v2\/pages"}],"about":[{"href":"https:\/\/insulation.trocellen.com\/es\/wp-json\/wp\/v2\/types\/page"}],"author":[{"embeddable":true,"href":"https:\/\/insulation.trocellen.com\/es\/wp-json\/wp\/v2\/users\/1"}],"replies":[{"embeddable":true,"href":"https:\/\/insulation.trocellen.com\/es\/wp-json\/wp\/v2\/comments?post=4405"}],"version-history":[{"count":1,"href":"https:\/\/insulation.trocellen.com\/es\/wp-json\/wp\/v2\/pages\/4405\/revisions"}],"predecessor-version":[{"id":9787,"href":"https:\/\/insulation.trocellen.com\/es\/wp-json\/wp\/v2\/pages\/4405\/revisions\/9787"}],"up":[{"embeddable":true,"href":"https:\/\/insulation.trocellen.com\/es\/wp-json\/wp\/v2\/pages\/4101"}],"wp:featuredmedia":[{"embeddable":true,"href":"https:\/\/insulation.trocellen.com\/es\/wp-json\/wp\/v2\/media\/8761"}],"wp:attachment":[{"href":"https:\/\/insulation.trocellen.com\/es\/wp-json\/wp\/v2\/media?parent=4405"}],"curies":[{"name":"wp","href":"https:\/\/api.w.org\/{rel}","templated":true}]}}