{"id":4399,"date":"2017-11-22T09:21:39","date_gmt":"2017-11-22T09:21:39","guid":{"rendered":"https:\/\/insulation-new.trocellen.com\/trocellen-tunel-clasificado-fuego\/"},"modified":"2023-07-10T11:12:23","modified_gmt":"2023-07-10T11:12:23","slug":"trocellen-tunel-clasificado-fuego","status":"publish","type":"page","link":"https:\/\/insulation.trocellen.com\/es\/applications\/impermeabilizacion-de-tuneles\/trocellen-tunel-clasificado-fuego\/","title":{"rendered":"TROCELLEN TUNEL CLASIFICADO FUEGO"},"content":{"rendered":"<h2><strong>TROCELLEN TUNEL CLASIFICADO FUEGO<\/strong><\/h2>\n<p>En la impermeabilizaci\u00f3n de t\u00faneles en cara vista se necesitan materiales que aporten una elevada clasificaci\u00f3n de reacci\u00f3n al fuego y elevadas caracter\u00edsticas mec\u00e1nicas, as\u00ed como las funciones propias de conducci\u00f3n-guiado-canalizaci\u00f3n de las filtraciones del t\u00fanel desde la b\u00f3veda al hastial. TROCELLEN TUNEL CLASIFICADO FUEGO es una l\u00e1mina pl\u00e1stica compuesta y ligera que ofrece dichas funcionalidades.<\/p>\n<p><a href=\"https:\/\/insulation.trocellen.com\/wp-content\/uploads\/sites\/6\/2015\/09\/trocellen_duct_1.jpg\"><img loading=\"lazy\" decoding=\"async\" class=\"size-full wp-image-1555 alignnone\" src=\"https:\/\/insulation.trocellen.com\/wp-content\/uploads\/sites\/6\/2015\/09\/trocellen_duct_1.jpg\" alt=\"\" width=\"266\" height=\"193\"><\/a><a href=\"https:\/\/insulation.trocellen.com\/wp-content\/uploads\/sites\/6\/2015\/09\/trocellen_duct_2.jpg\"><img loading=\"lazy\" decoding=\"async\" class=\"alignnone size-full wp-image-1556\" src=\"https:\/\/insulation.trocellen.com\/wp-content\/uploads\/sites\/6\/2015\/09\/trocellen_duct_2.jpg\" alt=\"\" width=\"269\" height=\"194\"><\/a><\/p>\n<h2>TROCELLEN TUNEL CLASIFICADO FUEGO:<\/h2>\n<h3>L\u00e1mina de impermeabilizaci\u00f3n compuesta por:<\/h3>\n<ul>\n<li>Tejido t\u00e9cnico de refuerzo que proporciona a la l\u00e1mina una elevada resistencia a rotura y un buen comportamiento al desgarro al clavo.<\/li>\n<li>Espuma de&nbsp; polietileno qu\u00edmicamente reticulado con baja absorci\u00f3n de agua y un bajo coeficiente de conductividad t\u00e9rmica que aportan a la l\u00e1mina propiedades de aislamiento t\u00e9rmico, evitando filtraciones<\/li>\n<li>Film de polietileno, que facilita las labores de instalaci\u00f3n favoreciendo el pegado\/soldadura por calor de los solapes entre l\u00e1minas.<\/li>\n<\/ul>\n<h3>Propiedades y valores (*)<\/h3>\n<table class=\"green-table\" border=\"0\">\n<thead>\n<tr>\n<th class=\"green-table-first-cell\" scope=\"col\">&nbsp;<\/th>\n<th><strong>Norma<\/strong><\/th>\n<th><strong>Unidad<\/strong><\/th>\n<th><strong>TROCELLEN CLASIFICADO FUEGO<\/strong><\/th>\n<\/tr>\n<\/thead>\n<tbody>\n<tr>\n<th style=\"text-align: center\"><strong>Espesor<\/strong><\/th>\n<td style=\"text-align: center\">EN ISO 1923<\/td>\n<td style=\"text-align: center\">mm<\/td>\n<td style=\"text-align: center\">5,5<\/td>\n<\/tr>\n<tr>\n<th style=\"text-align: center\"><strong>Gramaje<\/strong><\/th>\n<td style=\"text-align: center\">EN ISO 845<\/td>\n<td style=\"text-align: center\">gr\/m<sup>2<\/sup><\/td>\n<td style=\"text-align: center\">440<\/td>\n<\/tr>\n<tr>\n<th style=\"text-align: center\"><strong>Desgarro al clavo (longitudinal\/transversal)<\/strong><\/th>\n<td style=\"text-align: center\">EN 12310-1<\/td>\n<td style=\"text-align: center\">N<\/td>\n<td style=\"text-align: center\"><span lang=\"EN-US\">314\/246<\/span><\/td>\n<\/tr>\n<tr>\n<th style=\"text-align: center\"><strong>Clasificaci\u00f3n de reacci\u00f3n al fuego<\/strong><\/th>\n<td style=\"text-align: center\">EN 13501-1<\/td>\n<td style=\"text-align: center\">\u2013<\/td>\n<td style=\"text-align: center\">B, s1 \u2013 d0<\/td>\n<\/tr>\n<\/tbody>\n<\/table>\n<p>(*) Las propiedades y valores dados no pueden ser considerados como especificaci\u00f3n de producto. Los valores reflejados son datos puntuales obtenidos de ensayar una muestra determinada escogida al azar y en laboratorio externo e independiente, no garantizan el comportamiento del resto de material fabricado o instalado con posterioridad.<\/p>\n<h3>Beneficios<\/h3>\n<ul>\n<li>Sistema ligero<\/li>\n<li>Elevada resistencia al desgarro al clavo<\/li>\n<li>Material impermeable<\/li>\n<li>Libre de CFC y Cloro<\/li>\n<li>Excelente comportamiento al fuego<\/li>\n<\/ul>\n","protected":false},"excerpt":{"rendered":"<p>TROCELLEN TUNEL CLASIFICADO FUEGO En la impermeabilizaci\u00f3n de t\u00faneles en cara vista se necesitan materiales que aporten una elevada clasificaci\u00f3n de reacci\u00f3n al fuego y elevadas caracter\u00edsticas mec\u00e1nicas, as\u00ed como las funciones propias de conducci\u00f3n-guiado-canalizaci\u00f3n de las filtraciones del t\u00fanel desde la b\u00f3veda al hastial. TROCELLEN TUNEL CLASIFICADO FUEGO es una l\u00e1mina pl\u00e1stica compuesta y [&hellip;]<\/p>\n","protected":false},"author":1,"featured_media":8917,"parent":4393,"menu_order":100,"comment_status":"closed","ping_status":"closed","template":"templates\/applications.php","meta":{"_acf_changed":false,"footnotes":""},"class_list":["post-4399","page","type-page","status-publish","has-post-thumbnail","hentry"],"acf":[],"yoast_head":"<!-- This site is optimized with the Yoast SEO plugin v23.5 - https:\/\/yoast.com\/wordpress\/plugins\/seo\/ -->\n<title>Trocellen Tunnel es una l\u00e1mina impermeable y ligera<\/title>\n<meta name=\"description\" content=\"Un material compuesto que proporciona una alta resistencia al fuego y canaliza las filtraciones de agua del t\u00fanel desde la b\u00f3veda hasta al hastial.\" \/>\n<meta name=\"robots\" content=\"index, follow, max-snippet:-1, max-image-preview:large, max-video-preview:-1\" \/>\n<link rel=\"canonical\" href=\"https:\/\/insulation.trocellen.com\/es\/applications\/impermeabilizacion-de-tuneles\/trocellen-tunel-clasificado-fuego\/\" \/>\n<meta property=\"og:locale\" content=\"es_ES\" \/>\n<meta property=\"og:type\" content=\"article\" \/>\n<meta property=\"og:title\" content=\"Trocellen Tunnel es una l\u00e1mina impermeable y ligera\" \/>\n<meta property=\"og:description\" content=\"Un material compuesto que proporciona una alta resistencia al fuego y canaliza las filtraciones de agua del t\u00fanel desde la b\u00f3veda hasta al hastial.\" \/>\n<meta property=\"og:url\" content=\"https:\/\/insulation.trocellen.com\/es\/applications\/impermeabilizacion-de-tuneles\/trocellen-tunel-clasificado-fuego\/\" \/>\n<meta property=\"og:site_name\" content=\"Trocellen Insulation\" \/>\n<meta property=\"article:modified_time\" content=\"2023-07-10T11:12:23+00:00\" \/>\n<meta property=\"og:image\" content=\"https:\/\/insulation.trocellen.com\/wp-content\/uploads\/sites\/6\/2023\/05\/tunnel-fejlec.jpg\" \/>\n\t<meta property=\"og:image:width\" content=\"1920\" \/>\n\t<meta property=\"og:image:height\" content=\"300\" \/>\n\t<meta property=\"og:image:type\" content=\"image\/jpeg\" \/>\n<meta name=\"twitter:card\" content=\"summary_large_image\" \/>\n<meta name=\"twitter:label1\" content=\"Tiempo de lectura\" \/>\n\t<meta name=\"twitter:data1\" content=\"2 minutos\" \/>\n<script type=\"application\/ld+json\" class=\"yoast-schema-graph\">{\"@context\":\"https:\/\/schema.org\",\"@graph\":[{\"@type\":\"WebPage\",\"@id\":\"https:\/\/insulation.trocellen.com\/es\/applications\/impermeabilizacion-de-tuneles\/trocellen-tunel-clasificado-fuego\/\",\"url\":\"https:\/\/insulation.trocellen.com\/es\/applications\/impermeabilizacion-de-tuneles\/trocellen-tunel-clasificado-fuego\/\",\"name\":\"Trocellen Tunnel es una l\u00e1mina impermeable y ligera\",\"isPartOf\":{\"@id\":\"https:\/\/insulation.trocellen.com\/es\/#website\"},\"primaryImageOfPage\":{\"@id\":\"https:\/\/insulation.trocellen.com\/es\/applications\/impermeabilizacion-de-tuneles\/trocellen-tunel-clasificado-fuego\/#primaryimage\"},\"image\":{\"@id\":\"https:\/\/insulation.trocellen.com\/es\/applications\/impermeabilizacion-de-tuneles\/trocellen-tunel-clasificado-fuego\/#primaryimage\"},\"thumbnailUrl\":\"https:\/\/insulation.trocellen.com\/wp-content\/uploads\/sites\/6\/2023\/05\/tunnel-fejlec.jpg\",\"datePublished\":\"2017-11-22T09:21:39+00:00\",\"dateModified\":\"2023-07-10T11:12:23+00:00\",\"description\":\"Un material compuesto que proporciona una alta resistencia al fuego y canaliza las filtraciones de agua del t\u00fanel desde la b\u00f3veda hasta al hastial.\",\"breadcrumb\":{\"@id\":\"https:\/\/insulation.trocellen.com\/es\/applications\/impermeabilizacion-de-tuneles\/trocellen-tunel-clasificado-fuego\/#breadcrumb\"},\"inLanguage\":\"es\",\"potentialAction\":[{\"@type\":\"ReadAction\",\"target\":[\"https:\/\/insulation.trocellen.com\/es\/applications\/impermeabilizacion-de-tuneles\/trocellen-tunel-clasificado-fuego\/\"]}]},{\"@type\":\"ImageObject\",\"inLanguage\":\"es\",\"@id\":\"https:\/\/insulation.trocellen.com\/es\/applications\/impermeabilizacion-de-tuneles\/trocellen-tunel-clasificado-fuego\/#primaryimage\",\"url\":\"https:\/\/insulation.trocellen.com\/wp-content\/uploads\/sites\/6\/2023\/05\/tunnel-fejlec.jpg\",\"contentUrl\":\"https:\/\/insulation.trocellen.com\/wp-content\/uploads\/sites\/6\/2023\/05\/tunnel-fejlec.jpg\",\"width\":1920,\"height\":300},{\"@type\":\"BreadcrumbList\",\"@id\":\"https:\/\/insulation.trocellen.com\/es\/applications\/impermeabilizacion-de-tuneles\/trocellen-tunel-clasificado-fuego\/#breadcrumb\",\"itemListElement\":[{\"@type\":\"ListItem\",\"position\":1,\"name\":\"Home\",\"item\":\"https:\/\/insulation.trocellen.com\/es\/\"},{\"@type\":\"ListItem\",\"position\":2,\"name\":\"Aplicaciones\",\"item\":\"https:\/\/insulation.trocellen.com\/es\/applications\/\"},{\"@type\":\"ListItem\",\"position\":3,\"name\":\"Impermeabilizacion de tuneles\",\"item\":\"https:\/\/insulation.trocellen.com\/es\/applications\/impermeabilizacion-de-tuneles\/\"},{\"@type\":\"ListItem\",\"position\":4,\"name\":\"TROCELLEN TUNEL CLASIFICADO FUEGO\"}]},{\"@type\":\"WebSite\",\"@id\":\"https:\/\/insulation.trocellen.com\/es\/#website\",\"url\":\"https:\/\/insulation.trocellen.com\/es\/\",\"name\":\"Trocellen Insulation\",\"description\":\"\",\"potentialAction\":[{\"@type\":\"SearchAction\",\"target\":{\"@type\":\"EntryPoint\",\"urlTemplate\":\"https:\/\/insulation.trocellen.com\/es\/?s={search_term_string}\"},\"query-input\":{\"@type\":\"PropertyValueSpecification\",\"valueRequired\":true,\"valueName\":\"search_term_string\"}}],\"inLanguage\":\"es\"}]}<\/script>\n<!-- \/ Yoast SEO plugin. -->","yoast_head_json":{"title":"Trocellen Tunnel es una l\u00e1mina impermeable y ligera","description":"Un material compuesto que proporciona una alta resistencia al fuego y canaliza las filtraciones de agua del t\u00fanel desde la b\u00f3veda hasta al hastial.","robots":{"index":"index","follow":"follow","max-snippet":"max-snippet:-1","max-image-preview":"max-image-preview:large","max-video-preview":"max-video-preview:-1"},"canonical":"https:\/\/insulation.trocellen.com\/es\/applications\/impermeabilizacion-de-tuneles\/trocellen-tunel-clasificado-fuego\/","og_locale":"es_ES","og_type":"article","og_title":"Trocellen Tunnel es una l\u00e1mina impermeable y ligera","og_description":"Un material compuesto que proporciona una alta resistencia al fuego y canaliza las filtraciones de agua del t\u00fanel desde la b\u00f3veda hasta al hastial.","og_url":"https:\/\/insulation.trocellen.com\/es\/applications\/impermeabilizacion-de-tuneles\/trocellen-tunel-clasificado-fuego\/","og_site_name":"Trocellen Insulation","article_modified_time":"2023-07-10T11:12:23+00:00","og_image":[{"width":1920,"height":300,"url":"https:\/\/insulation.trocellen.com\/wp-content\/uploads\/sites\/6\/2023\/05\/tunnel-fejlec.jpg","type":"image\/jpeg"}],"twitter_card":"summary_large_image","twitter_misc":{"Tiempo de lectura":"2 minutos"},"schema":{"@context":"https:\/\/schema.org","@graph":[{"@type":"WebPage","@id":"https:\/\/insulation.trocellen.com\/es\/applications\/impermeabilizacion-de-tuneles\/trocellen-tunel-clasificado-fuego\/","url":"https:\/\/insulation.trocellen.com\/es\/applications\/impermeabilizacion-de-tuneles\/trocellen-tunel-clasificado-fuego\/","name":"Trocellen Tunnel es una l\u00e1mina impermeable y ligera","isPartOf":{"@id":"https:\/\/insulation.trocellen.com\/es\/#website"},"primaryImageOfPage":{"@id":"https:\/\/insulation.trocellen.com\/es\/applications\/impermeabilizacion-de-tuneles\/trocellen-tunel-clasificado-fuego\/#primaryimage"},"image":{"@id":"https:\/\/insulation.trocellen.com\/es\/applications\/impermeabilizacion-de-tuneles\/trocellen-tunel-clasificado-fuego\/#primaryimage"},"thumbnailUrl":"https:\/\/insulation.trocellen.com\/wp-content\/uploads\/sites\/6\/2023\/05\/tunnel-fejlec.jpg","datePublished":"2017-11-22T09:21:39+00:00","dateModified":"2023-07-10T11:12:23+00:00","description":"Un material compuesto que proporciona una alta resistencia al fuego y canaliza las filtraciones de agua del t\u00fanel desde la b\u00f3veda hasta al hastial.","breadcrumb":{"@id":"https:\/\/insulation.trocellen.com\/es\/applications\/impermeabilizacion-de-tuneles\/trocellen-tunel-clasificado-fuego\/#breadcrumb"},"inLanguage":"es","potentialAction":[{"@type":"ReadAction","target":["https:\/\/insulation.trocellen.com\/es\/applications\/impermeabilizacion-de-tuneles\/trocellen-tunel-clasificado-fuego\/"]}]},{"@type":"ImageObject","inLanguage":"es","@id":"https:\/\/insulation.trocellen.com\/es\/applications\/impermeabilizacion-de-tuneles\/trocellen-tunel-clasificado-fuego\/#primaryimage","url":"https:\/\/insulation.trocellen.com\/wp-content\/uploads\/sites\/6\/2023\/05\/tunnel-fejlec.jpg","contentUrl":"https:\/\/insulation.trocellen.com\/wp-content\/uploads\/sites\/6\/2023\/05\/tunnel-fejlec.jpg","width":1920,"height":300},{"@type":"BreadcrumbList","@id":"https:\/\/insulation.trocellen.com\/es\/applications\/impermeabilizacion-de-tuneles\/trocellen-tunel-clasificado-fuego\/#breadcrumb","itemListElement":[{"@type":"ListItem","position":1,"name":"Home","item":"https:\/\/insulation.trocellen.com\/es\/"},{"@type":"ListItem","position":2,"name":"Aplicaciones","item":"https:\/\/insulation.trocellen.com\/es\/applications\/"},{"@type":"ListItem","position":3,"name":"Impermeabilizacion de tuneles","item":"https:\/\/insulation.trocellen.com\/es\/applications\/impermeabilizacion-de-tuneles\/"},{"@type":"ListItem","position":4,"name":"TROCELLEN TUNEL CLASIFICADO FUEGO"}]},{"@type":"WebSite","@id":"https:\/\/insulation.trocellen.com\/es\/#website","url":"https:\/\/insulation.trocellen.com\/es\/","name":"Trocellen Insulation","description":"","potentialAction":[{"@type":"SearchAction","target":{"@type":"EntryPoint","urlTemplate":"https:\/\/insulation.trocellen.com\/es\/?s={search_term_string}"},"query-input":{"@type":"PropertyValueSpecification","valueRequired":true,"valueName":"search_term_string"}}],"inLanguage":"es"}]}},"_links":{"self":[{"href":"https:\/\/insulation.trocellen.com\/es\/wp-json\/wp\/v2\/pages\/4399","targetHints":{"allow":["GET"]}}],"collection":[{"href":"https:\/\/insulation.trocellen.com\/es\/wp-json\/wp\/v2\/pages"}],"about":[{"href":"https:\/\/insulation.trocellen.com\/es\/wp-json\/wp\/v2\/types\/page"}],"author":[{"embeddable":true,"href":"https:\/\/insulation.trocellen.com\/es\/wp-json\/wp\/v2\/users\/1"}],"replies":[{"embeddable":true,"href":"https:\/\/insulation.trocellen.com\/es\/wp-json\/wp\/v2\/comments?post=4399"}],"version-history":[{"count":1,"href":"https:\/\/insulation.trocellen.com\/es\/wp-json\/wp\/v2\/pages\/4399\/revisions"}],"predecessor-version":[{"id":9782,"href":"https:\/\/insulation.trocellen.com\/es\/wp-json\/wp\/v2\/pages\/4399\/revisions\/9782"}],"up":[{"embeddable":true,"href":"https:\/\/insulation.trocellen.com\/es\/wp-json\/wp\/v2\/pages\/4393"}],"wp:featuredmedia":[{"embeddable":true,"href":"https:\/\/insulation.trocellen.com\/es\/wp-json\/wp\/v2\/media\/8917"}],"wp:attachment":[{"href":"https:\/\/insulation.trocellen.com\/es\/wp-json\/wp\/v2\/media?parent=4399"}],"curies":[{"name":"wp","href":"https:\/\/api.w.org\/{rel}","templated":true}]}}